{"id":171213,"date":"2026-03-02T16:22:15","date_gmt":"2026-03-02T09:22:15","guid":{"rendered":"http:\/\/loftrunway.com\/product\/women-asics-jog-100t-low-tops-wear-resistant-non-slip-black"},"modified":"2026-03-02T16:22:15","modified_gmt":"2026-03-02T09:22:15","slug":"women-asics-jog-100t-low-tops-wear-resistant-non-slip-black","status":"publish","type":"product","link":"https:\/\/loftrunway.com\/de\/products\/women-asics-jog-100t-low-tops-wear-resistant-non-slip-black\/","title":{"rendered":"(Women) ASICS Jog 100T Low Tops Wear-resistant Non-Slip Black"},"content":{"rendered":"<p>Erleben Sie unvergleichlichen Komfort und Halt mit den ASICS Jog 100T Low Tops. Diese Sneaker f\u00fcr Damen verf\u00fcgen \u00fcber ein atmungsaktives Mesh-Obermaterial, das Ihre F\u00fc\u00dfe angenehm k\u00fchl h\u00e4lt. Die abriebfeste und rutschfeste Sohle bietet hervorragende Traktion und macht die Schuhe perfekt f\u00fcr t\u00e4gliche L\u00e4ufe oder die Freizeit. Die elegante schwarze Farbe verleiht Ihrer Sportgarderobe einen Hauch von Stil. Schl\u00fcpfen Sie in die Jog 100T Low Tops und bringen Sie Ihr Fitnesstraining auf ein neues Level.<\/p>\n<p>Farbe: Schwarz<\/p>\n<p>Artikelnummer: 1022A335-001<\/p>\n<p>Obermaterial: PU\/Textil<\/p>\n<p>Farbe: Schwarz<\/p>\n<p>Saison: Ganzj\u00e4hrig<\/p>\n<p>Farbe: Schwarz<\/p>\n","protected":false},"excerpt":{"rendered":"<p>ASICS Jog 100T \u201d\u201d Black<\/p>\n","protected":false},"featured_media":171214,"comment_status":"open","ping_status":"closed","template":"","meta":[],"product_brand":[],"product_cat":[11020],"product_tag":[10791,11032,10847,10926,10754,10765,10768,10785,10786,10758],"class_list":{"0":"post-171213","1":"product","2":"type-product","3":"status-publish","4":"has-post-thumbnail","6":"product_cat-asics-women","7":"product_tag-asics","8":"product_tag-asics-running-shoes","9":"product_tag-best-finds-under-100","10":"product_tag-gift-for-her","11":"product_tag-lifestyle-casual-shoes","12":"product_tag-lifestyle-shoes-running-inspired","13":"product_tag-retro-running-shoes","14":"product_tag-trending-deals","15":"product_tag-trending-deals-under-150","16":"product_tag-under-retail","17":"wcpa_has_options","19":"first","20":"instock","21":"taxable","22":"shipping-taxable","23":"purchasable","24":"product-type-simple"},"wcpa_form_fields":{"rules":{"pric_overide_base_price":false,"pric_overide_base_price_if_gt_zero":false,"pric_overide_base_price_fully":false,"pric_cal_option_once":false,"pric_use_as_fee":false,"bind_quantity":false,"quantity_bind_formula":false},"fields":[{"type":"color-group","required":true,"elementId":"wcpa-color-group-69a5ac3f3e644","label":"Gr\u00f6\u00dfe","inline":true,"priceOptions":"different_for_all","pricingType":"fixed","className":"hassizechart product-shoes-size-eu product-shoes-size","name":"color-group-69a5ac3f3e64e","disp_type":"square","selection_type":"tick-border","disp_size":"50","show_label_inside":true,"adjust_width":true,"cart_display_type":"text","other_text":"Other","cl_rule":"show","col":6,"values":[{"label":"34.5","value":"EU 34.5","price":"","pimage":"","pimage_id":"","pthumb":"","color":""},{"label":"35","value":"EU 35","price":"","pimage":"","pimage_id":"","pthumb":"","color":""},{"label":"35.5","value":"EU 35.5","price":"","pimage":"","pimage_id":"","pthumb":"","color":""},{"label":"36","value":"EU 36","price":"","pimage":"","pimage_id":"","pthumb":"","color":"","selected":true},{"label":"37","value":"EU 37","price":"","pimage":"","pimage_id":"","pthumb":"","color":""},{"label":"37.5","value":"EU 37.5","price":"","pimage":"","pimage_id":"","pthumb":"","color":""},{"label":"38","value":"EU 38","price":"","pimage":"","pimage_id":"","pthumb":"","color":""},{"label":"38.5","value":"EU 38.5","price":"","pimage":"","pimage_id":"","pthumb":"","color":""},{"label":"39","value":"EU 39","price":"","pimage":"","pimage_id":"","pthumb":"","color":""},{"label":"39.5","value":"EU 39.5","price":"","pimage":"","pimage_id":"","pthumb":"","color":""},{"label":"40","value":"EU 40","price":"","pimage":"","pimage_id":"","pthumb":"","color":""},{"label":"40.5","value":"EU 40.5","price":"","pimage":"","pimage_id":"","pthumb":"","color":""},{"label":" 41.5","value":"EU 41.5","price":"","pimage":"","pimage_id":"","pthumb":"","color":""},{"label":"42","value":"EU 42","price":"","pimage":"","pimage_id":"","pthumb":"","color":""},{"label":"42.5","value":"EU 42.5","price":"","pimage":"","pimage_id":"","pthumb":"","color":""},{"label":"43.5","value":"EU 43.5","price":"","pimage":"","pimage_id":"","pthumb":"","color":""},{"label":"44","value":"EU 44","price":"","pimage":"","pimage_id":"","pthumb":"","color":""},{"label":"44.5","value":"EU 44.5","price":"","pimage":"","pimage_id":"","pthumb":"","color":""},{"label":"45","value":"EU 45","price":"","pimage":"","pimage_id":"","pthumb":"","color":""}],"relations":[{"operator":false,"rules":[]}],"form_id":184312,"form_rules":{"pric_cal_option_once":false,"exclude_from_discount":false,"pric_use_as_fee":false,"fee_label":"Fee","render_after_acb":false,"disp_hide_options_price":false}}]},"yoast_head":"<!-- This site is optimized with the Yoast SEO plugin v26.5 - https:\/\/yoast.com\/wordpress\/plugins\/seo\/ -->\n<title>(Women) ASICS Jog 100T Low Tops Wear-resistant Non-Slip Black  - Loftrunway<\/title>\n<meta name=\"robots\" content=\"index, follow, max-snippet:-1, max-image-preview:large, max-video-preview:-1\" \/>\n<link rel=\"canonical\" href=\"https:\/\/loftrunway.com\/de\/products\/women-asics-jog-100t-low-tops-wear-resistant-non-slip-black\/\" \/>\n<meta property=\"og:locale\" content=\"de_DE\" \/>\n<meta property=\"og:type\" content=\"article\" \/>\n<meta property=\"og:title\" content=\"(Women) ASICS Jog 100T Low Tops Wear-resistant Non-Slip Black  - Loftrunway\" \/>\n<meta property=\"og:description\" content=\"ASICS Jog 100T \u201d\u201d Black\" \/>\n<meta property=\"og:url\" content=\"https:\/\/loftrunway.com\/de\/products\/women-asics-jog-100t-low-tops-wear-resistant-non-slip-black\/\" \/>\n<meta property=\"og:site_name\" content=\"loftRUN Sneaker Store\" \/>\n<meta name=\"twitter:card\" content=\"summary_large_image\" \/>\n<meta name=\"twitter:image\" content=\"https:\/\/images.novelship.com\/product\/_women__asics_jog_100_t__breathable_cushioned_low__0_2552.jpeg\" \/>\n<script type=\"application\/ld+json\" class=\"yoast-schema-graph\">{\"@context\":\"https:\/\/schema.org\",\"@graph\":[{\"@type\":\"WebPage\",\"@id\":\"https:\/\/loftrunway.com\/de\/products\/women-asics-jog-100t-low-tops-wear-resistant-non-slip-black\/\",\"url\":\"https:\/\/loftrunway.com\/de\/products\/women-asics-jog-100t-low-tops-wear-resistant-non-slip-black\/\",\"name\":\"(Women) ASICS Jog 100T Low Tops Wear-resistant Non-Slip Black - Loftrunway\",\"isPartOf\":{\"@id\":\"https:\/\/loftrunway.com\/de\/#website\"},\"primaryImageOfPage\":{\"@id\":\"https:\/\/loftrunway.com\/de\/products\/women-asics-jog-100t-low-tops-wear-resistant-non-slip-black\/#primaryimage\"},\"image\":{\"@id\":\"https:\/\/loftrunway.com\/de\/products\/women-asics-jog-100t-low-tops-wear-resistant-non-slip-black\/#primaryimage\"},\"thumbnailUrl\":\"https:\/\/images.novelship.com\/product\/_women__asics_jog_100_t__breathable_cushioned_low__0_2552.jpeg\",\"datePublished\":\"2026-03-02T09:22:15+00:00\",\"breadcrumb\":{\"@id\":\"https:\/\/loftrunway.com\/de\/products\/women-asics-jog-100t-low-tops-wear-resistant-non-slip-black\/#breadcrumb\"},\"inLanguage\":\"de\",\"potentialAction\":[{\"@type\":\"ReadAction\",\"target\":[\"https:\/\/loftrunway.com\/de\/products\/women-asics-jog-100t-low-tops-wear-resistant-non-slip-black\/\"]}]},{\"@type\":\"ImageObject\",\"inLanguage\":\"de\",\"@id\":\"https:\/\/loftrunway.com\/de\/products\/women-asics-jog-100t-low-tops-wear-resistant-non-slip-black\/#primaryimage\",\"url\":\"https:\/\/images.novelship.com\/product\/_women__asics_jog_100_t__breathable_cushioned_low__0_2552.jpeg\",\"contentUrl\":\"https:\/\/images.novelship.com\/product\/_women__asics_jog_100_t__breathable_cushioned_low__0_2552.jpeg\"},{\"@type\":\"BreadcrumbList\",\"@id\":\"https:\/\/loftrunway.com\/de\/products\/women-asics-jog-100t-low-tops-wear-resistant-non-slip-black\/#breadcrumb\",\"itemListElement\":[{\"@type\":\"ListItem\",\"position\":1,\"name\":\"Home\",\"item\":\"https:\/\/loftrunway.com\/de\/\"},{\"@type\":\"ListItem\",\"position\":2,\"name\":\"Shop\",\"item\":\"https:\/\/loftrunway.com\/de\/shop\/\"},{\"@type\":\"ListItem\",\"position\":3,\"name\":\"(Women) ASICS Jog 100T Low Tops Wear-resistant Non-Slip Black\"}]},{\"@type\":\"WebSite\",\"@id\":\"https:\/\/loftrunway.com\/de\/#website\",\"url\":\"https:\/\/loftrunway.com\/de\/\",\"name\":\"Styloral Jewelry Shop\",\"description\":\"Der Ort, an dem man alle Arten von Sneakern findet\",\"publisher\":{\"@id\":\"https:\/\/loftrunway.com\/de\/#organization\"},\"potentialAction\":[{\"@type\":\"SearchAction\",\"target\":{\"@type\":\"EntryPoint\",\"urlTemplate\":\"https:\/\/loftrunway.com\/de\/?s={search_term_string}\"},\"query-input\":{\"@type\":\"PropertyValueSpecification\",\"valueRequired\":true,\"valueName\":\"search_term_string\"}}],\"inLanguage\":\"de\"},{\"@type\":\"Organization\",\"@id\":\"https:\/\/loftrunway.com\/de\/#organization\",\"name\":\"STYLORAL PTE. LTD\",\"url\":\"https:\/\/loftrunway.com\/de\/\",\"logo\":{\"@type\":\"ImageObject\",\"inLanguage\":\"de\",\"@id\":\"https:\/\/loftrunway.com\/de\/#\/schema\/logo\/image\/\",\"url\":\"https:\/\/www.loftrunway.com\/wp-content\/uploads\/2025\/12\/logo.png\",\"contentUrl\":\"https:\/\/www.loftrunway.com\/wp-content\/uploads\/2025\/12\/logo.png\",\"width\":200,\"height\":65,\"caption\":\"STYLORAL PTE. LTD\"},\"image\":{\"@id\":\"https:\/\/loftrunway.com\/de\/#\/schema\/logo\/image\/\"}}]}<\/script>\n<!-- \/ Yoast SEO plugin. -->","yoast_head_json":{"title":"(Women) ASICS Jog 100T Low Tops Wear-resistant Non-Slip Black  - Loftrunway","robots":{"index":"index","follow":"follow","max-snippet":"max-snippet:-1","max-image-preview":"max-image-preview:large","max-video-preview":"max-video-preview:-1"},"canonical":"https:\/\/loftrunway.com\/de\/products\/women-asics-jog-100t-low-tops-wear-resistant-non-slip-black\/","og_locale":"de_DE","og_type":"article","og_title":"(Women) ASICS Jog 100T Low Tops Wear-resistant Non-Slip Black  - Loftrunway","og_description":"ASICS Jog 100T \u201d\u201d Black","og_url":"https:\/\/loftrunway.com\/de\/products\/women-asics-jog-100t-low-tops-wear-resistant-non-slip-black\/","og_site_name":"loftRUN Sneaker Store","twitter_card":"summary_large_image","twitter_image":"https:\/\/images.novelship.com\/product\/_women__asics_jog_100_t__breathable_cushioned_low__0_2552.jpeg","schema":{"@context":"https:\/\/schema.org","@graph":[{"@type":"WebPage","@id":"https:\/\/loftrunway.com\/de\/products\/women-asics-jog-100t-low-tops-wear-resistant-non-slip-black\/","url":"https:\/\/loftrunway.com\/de\/products\/women-asics-jog-100t-low-tops-wear-resistant-non-slip-black\/","name":"(Women) ASICS Jog 100T Low Tops Wear-resistant Non-Slip Black - Loftrunway","isPartOf":{"@id":"https:\/\/loftrunway.com\/de\/#website"},"primaryImageOfPage":{"@id":"https:\/\/loftrunway.com\/de\/products\/women-asics-jog-100t-low-tops-wear-resistant-non-slip-black\/#primaryimage"},"image":{"@id":"https:\/\/loftrunway.com\/de\/products\/women-asics-jog-100t-low-tops-wear-resistant-non-slip-black\/#primaryimage"},"thumbnailUrl":"https:\/\/images.novelship.com\/product\/_women__asics_jog_100_t__breathable_cushioned_low__0_2552.jpeg","datePublished":"2026-03-02T09:22:15+00:00","breadcrumb":{"@id":"https:\/\/loftrunway.com\/de\/products\/women-asics-jog-100t-low-tops-wear-resistant-non-slip-black\/#breadcrumb"},"inLanguage":"de","potentialAction":[{"@type":"ReadAction","target":["https:\/\/loftrunway.com\/de\/products\/women-asics-jog-100t-low-tops-wear-resistant-non-slip-black\/"]}]},{"@type":"ImageObject","inLanguage":"de","@id":"https:\/\/loftrunway.com\/de\/products\/women-asics-jog-100t-low-tops-wear-resistant-non-slip-black\/#primaryimage","url":"https:\/\/images.novelship.com\/product\/_women__asics_jog_100_t__breathable_cushioned_low__0_2552.jpeg","contentUrl":"https:\/\/images.novelship.com\/product\/_women__asics_jog_100_t__breathable_cushioned_low__0_2552.jpeg"},{"@type":"BreadcrumbList","@id":"https:\/\/loftrunway.com\/de\/products\/women-asics-jog-100t-low-tops-wear-resistant-non-slip-black\/#breadcrumb","itemListElement":[{"@type":"ListItem","position":1,"name":"Home","item":"https:\/\/loftrunway.com\/de\/"},{"@type":"ListItem","position":2,"name":"Shop","item":"https:\/\/loftrunway.com\/de\/shop\/"},{"@type":"ListItem","position":3,"name":"(Women) ASICS Jog 100T Low Tops Wear-resistant Non-Slip Black"}]},{"@type":"WebSite","@id":"https:\/\/loftrunway.com\/de\/#website","url":"https:\/\/loftrunway.com\/de\/","name":"Styloral Jewelry Shop","description":"Der Ort, an dem man alle Arten von Sneakern findet","publisher":{"@id":"https:\/\/loftrunway.com\/de\/#organization"},"potentialAction":[{"@type":"SearchAction","target":{"@type":"EntryPoint","urlTemplate":"https:\/\/loftrunway.com\/de\/?s={search_term_string}"},"query-input":{"@type":"PropertyValueSpecification","valueRequired":true,"valueName":"search_term_string"}}],"inLanguage":"de"},{"@type":"Organization","@id":"https:\/\/loftrunway.com\/de\/#organization","name":"STYLORAL PTE. LTD","url":"https:\/\/loftrunway.com\/de\/","logo":{"@type":"ImageObject","inLanguage":"de","@id":"https:\/\/loftrunway.com\/de\/#\/schema\/logo\/image\/","url":"https:\/\/www.loftrunway.com\/wp-content\/uploads\/2025\/12\/logo.png","contentUrl":"https:\/\/www.loftrunway.com\/wp-content\/uploads\/2025\/12\/logo.png","width":200,"height":65,"caption":"STYLORAL PTE. LTD"},"image":{"@id":"https:\/\/loftrunway.com\/de\/#\/schema\/logo\/image\/"}}]}},"_links":{"self":[{"href":"https:\/\/loftrunway.com\/de\/wp-json\/wp\/v2\/product\/171213","targetHints":{"allow":["GET"]}}],"collection":[{"href":"https:\/\/loftrunway.com\/de\/wp-json\/wp\/v2\/product"}],"about":[{"href":"https:\/\/loftrunway.com\/de\/wp-json\/wp\/v2\/types\/product"}],"replies":[{"embeddable":true,"href":"https:\/\/loftrunway.com\/de\/wp-json\/wp\/v2\/comments?post=171213"}],"wp:featuredmedia":[{"embeddable":true,"href":"https:\/\/loftrunway.com\/de\/wp-json\/wp\/v2\/media\/171214"}],"wp:attachment":[{"href":"https:\/\/loftrunway.com\/de\/wp-json\/wp\/v2\/media?parent=171213"}],"wp:term":[{"taxonomy":"product_brand","embeddable":true,"href":"https:\/\/loftrunway.com\/de\/wp-json\/wp\/v2\/product_brand?post=171213"},{"taxonomy":"product_cat","embeddable":true,"href":"https:\/\/loftrunway.com\/de\/wp-json\/wp\/v2\/product_cat?post=171213"},{"taxonomy":"product_tag","embeddable":true,"href":"https:\/\/loftrunway.com\/de\/wp-json\/wp\/v2\/product_tag?post=171213"}],"curies":[{"name":"wp","href":"https:\/\/api.w.org\/{rel}","templated":true}]}}