{"id":17165,"date":"2026-02-20T15:09:21","date_gmt":"2026-02-20T08:09:21","guid":{"rendered":"http:\/\/loftrunway.com\/product\/nike-vomero-18-gore-tex-reflective-seaweed-cannon-hq7001-300"},"modified":"2026-04-03T19:28:23","modified_gmt":"2026-04-03T12:28:23","slug":"nike-vomero-18-gore-tex-reflective-seaweed-cannon-hq7001-300","status":"publish","type":"product","link":"https:\/\/loftrunway.com\/de\/products\/nike-vomero-18-gore-tex-reflective-seaweed-cannon-hq7001-300\/","title":{"rendered":"Nike Vomero 18 GORE-TEX Reflective &#8218;Seaweed Cannon&#8216;"},"content":{"rendered":"<p>Erlebe unvergleichlichen Komfort und Style mit dem Nike Vomero 18 GORE-TEX in Seaweed\/Cannon\/Bolt\/Barely Bolt. Dieser Schuh wurde f\u00fcr optimale Performance bei jedem Wetter entwickelt und verf\u00fcgt \u00fcber eine strapazierf\u00e4hige GORE-TEX-Membran, die deine F\u00fc\u00dfe an Regentagen trocken h\u00e4lt und gleichzeitig atmungsaktiv ist. Die komfortable D\u00e4mpfung und das elegante Design sorgen f\u00fcr ein geschmeidiges Laufgef\u00fchl oder einen entspannten Tag in der Freizeit. Der Vomero 18 ist perfekt f\u00fcr Sportler und Freizeitsportler gleicherma\u00dfen und vereint modernste Technologie mit modischem Design \u2013 ein echter Hingucker f\u00fcr deine Schuhsammlung.<\/p>\n<ul>\n<li><strong>Farbgebung:<\/strong> Seaweed\/Cannon\/Bolt\/Barely Bolt<\/li>\n<li><strong>Style-Code:<\/strong> HQ7001-300<\/li>\n<li><strong>Obermaterial:<\/strong> Mesh<\/li>\n<li><strong>Mittelsohle:<\/strong> Zoom X<\/li>\n<li><strong>Farbe:<\/strong> Gr\u00fcn<\/li>\n<\/ul>\n","protected":false},"excerpt":{"rendered":"<p>Nike Vomero 18 GORE-TEX \u2014 Seaweed\/Cannon\/Bolt\/Barely Bolt<\/p>\n","protected":false},"featured_media":17166,"comment_status":"open","ping_status":"closed","template":"","meta":[],"product_brand":[],"product_cat":[6654],"product_tag":[],"class_list":{"0":"post-17165","1":"product","2":"type-product","3":"status-publish","4":"has-post-thumbnail","6":"product_cat-nike-2026","7":"wcpa_has_options","9":"first","10":"instock","11":"taxable","12":"shipping-taxable","13":"purchasable","14":"product-type-simple"},"wcpa_form_fields":{"rules":{"pric_overide_base_price":false,"pric_overide_base_price_if_gt_zero":false,"pric_overide_base_price_fully":false,"pric_cal_option_once":false,"pric_use_as_fee":false,"bind_quantity":false,"quantity_bind_formula":false},"fields":[{"type":"color-group","required":true,"elementId":"wcpa-color-group-66c4a75505e74","label":"Gr\u00f6\u00dfe - EU Gr\u00f6\u00dfe","inline":true,"priceOptions":"different_for_all","pricingType":"fixed","className":"hassizechart product-shoes-size-eu product-shoes-size","name":"color-group-66c4a75505e89","disp_type":"square","selection_type":"tick-border","disp_size":"44","show_label_inside":true,"adjust_width":true,"cart_display_type":"text","other_text":"Other","cl_rule":"show","col":6,"values":[{"label":"35.5","value":"EU 35.5","price":"","pimage":"","pimage_id":"","pthumb":"","color":""},{"label":"36","value":"EU 36","price":"","pimage":"","pimage_id":"","pthumb":"","color":"","selected":true},{"label":"36.5","value":"EU 36.5","price":"","pimage":"","pimage_id":"","pthumb":"","color":""},{"label":"37.5","value":"EU 37.5","price":"","pimage":"","pimage_id":"","pthumb":"","color":""},{"label":"38","value":"EU 38","price":"","pimage":"","pimage_id":"","pthumb":"","color":""},{"label":"38.5","value":"EU 38.5","price":"","pimage":"","pimage_id":"","pthumb":"","color":""},{"label":"39","value":"EU 39","price":"","pimage":"","pimage_id":"","pthumb":"","color":""},{"label":"40","value":"EU 40","price":"","pimage":"","pimage_id":"","pthumb":"","color":""},{"label":"40.5","value":"EU 40.5","price":"","pimage":"","pimage_id":"","pthumb":"","color":""},{"label":"41","value":"EU 41","price":"","pimage":"","pimage_id":"","pthumb":"","color":""},{"label":"42","value":"EU 42","price":"","pimage":"","pimage_id":"","pthumb":"","color":""},{"label":"42.5","value":"EU 42.5","price":"","pimage":"","pimage_id":"","pthumb":"","color":""},{"label":"43","value":"EU 43","price":"","pimage":"","pimage_id":"","pthumb":"","color":""},{"label":"44","value":"EU 44","price":"","pimage":"","pimage_id":"","pthumb":"","color":""},{"label":"44.5","value":"EU 44.5","price":"","pimage":"","pimage_id":"","pthumb":"","color":""},{"label":"45","value":"EU 45","price":"","pimage":"","pimage_id":"","pthumb":"","color":""},{"label":"45.5","value":"EU 45.5","price":"","pimage":"","pimage_id":"","pthumb":"","color":""},{"label":"46","value":"EU 46","price":"","pimage":"","pimage_id":"","pthumb":"","color":""},{"label":"47","value":"EU 47","price":"","pimage":"","pimage_id":"","pthumb":"","color":""},{"label":"47.5","value":"EU 47.5","price":"","pimage":"","pimage_id":"","pthumb":"","color":""},{"label":"48","value":"EU 48","price":"","pimage":"","pimage_id":"","pthumb":"","color":""}],"relations":[{"operator":false,"rules":[]}],"form_id":18106,"form_rules":{"pric_cal_option_once":false,"exclude_from_discount":false,"pric_use_as_fee":false,"fee_label":"Fee","render_after_acb":false,"disp_hide_options_price":false}}]},"yoast_head":"<!-- This site is optimized with the Yoast SEO plugin v26.5 - https:\/\/yoast.com\/wordpress\/plugins\/seo\/ -->\n<title>Nike Vomero 18 GORE-TEX Reflective &#039;Seaweed Cannon&#039; - Loftrunway<\/title>\n<meta name=\"robots\" content=\"index, follow, max-snippet:-1, max-image-preview:large, max-video-preview:-1\" \/>\n<link rel=\"canonical\" href=\"https:\/\/loftrunway.com\/de\/products\/nike-vomero-18-gore-tex-reflective-seaweed-cannon-hq7001-300\/\" \/>\n<meta property=\"og:locale\" content=\"de_DE\" \/>\n<meta property=\"og:type\" content=\"article\" \/>\n<meta property=\"og:title\" content=\"Nike Vomero 18 GORE-TEX Reflective &#039;Seaweed Cannon&#039; - Loftrunway\" \/>\n<meta property=\"og:description\" content=\"Nike Vomero 18 GORE-TEX \u2014 Seaweed\/Cannon\/Bolt\/Barely Bolt\" \/>\n<meta property=\"og:url\" content=\"https:\/\/loftrunway.com\/de\/products\/nike-vomero-18-gore-tex-reflective-seaweed-cannon-hq7001-300\/\" \/>\n<meta property=\"og:site_name\" content=\"loftRUN Sneaker Store\" \/>\n<meta property=\"article:modified_time\" content=\"2026-04-03T12:28:23+00:00\" \/>\n<meta name=\"twitter:card\" content=\"summary_large_image\" \/>\n<meta name=\"twitter:image\" content=\"https:\/\/images.novelship.com\/product\/nike_vomero_18_gore-tex_seaweed_cannon_bolt_barely_0_86080.png\" \/>\n<meta name=\"twitter:label1\" content=\"Gesch\u00e4tzte Lesezeit\" \/>\n\t<meta name=\"twitter:data1\" content=\"1\u00a0Minute\" \/>\n<script type=\"application\/ld+json\" class=\"yoast-schema-graph\">{\"@context\":\"https:\/\/schema.org\",\"@graph\":[{\"@type\":\"WebPage\",\"@id\":\"https:\/\/loftrunway.com\/de\/products\/nike-vomero-18-gore-tex-reflective-seaweed-cannon-hq7001-300\/\",\"url\":\"https:\/\/loftrunway.com\/de\/products\/nike-vomero-18-gore-tex-reflective-seaweed-cannon-hq7001-300\/\",\"name\":\"Nike Vomero 18 GORE-TEX Reflective 'Seaweed Cannon' - Loftrunway\",\"isPartOf\":{\"@id\":\"https:\/\/loftrunway.com\/de\/#website\"},\"primaryImageOfPage\":{\"@id\":\"https:\/\/loftrunway.com\/de\/products\/nike-vomero-18-gore-tex-reflective-seaweed-cannon-hq7001-300\/#primaryimage\"},\"image\":{\"@id\":\"https:\/\/loftrunway.com\/de\/products\/nike-vomero-18-gore-tex-reflective-seaweed-cannon-hq7001-300\/#primaryimage\"},\"thumbnailUrl\":\"https:\/\/images.novelship.com\/product\/nike_vomero_18_gore-tex_seaweed_cannon_bolt_barely_0_86080.png\",\"datePublished\":\"2026-02-20T08:09:21+00:00\",\"dateModified\":\"2026-04-03T12:28:23+00:00\",\"breadcrumb\":{\"@id\":\"https:\/\/loftrunway.com\/de\/products\/nike-vomero-18-gore-tex-reflective-seaweed-cannon-hq7001-300\/#breadcrumb\"},\"inLanguage\":\"de\",\"potentialAction\":[{\"@type\":\"ReadAction\",\"target\":[\"https:\/\/loftrunway.com\/de\/products\/nike-vomero-18-gore-tex-reflective-seaweed-cannon-hq7001-300\/\"]}]},{\"@type\":\"ImageObject\",\"inLanguage\":\"de\",\"@id\":\"https:\/\/loftrunway.com\/de\/products\/nike-vomero-18-gore-tex-reflective-seaweed-cannon-hq7001-300\/#primaryimage\",\"url\":\"https:\/\/images.novelship.com\/product\/nike_vomero_18_gore-tex_seaweed_cannon_bolt_barely_0_86080.png\",\"contentUrl\":\"https:\/\/images.novelship.com\/product\/nike_vomero_18_gore-tex_seaweed_cannon_bolt_barely_0_86080.png\"},{\"@type\":\"BreadcrumbList\",\"@id\":\"https:\/\/loftrunway.com\/de\/products\/nike-vomero-18-gore-tex-reflective-seaweed-cannon-hq7001-300\/#breadcrumb\",\"itemListElement\":[{\"@type\":\"ListItem\",\"position\":1,\"name\":\"Home\",\"item\":\"https:\/\/loftrunway.com\/de\/\"},{\"@type\":\"ListItem\",\"position\":2,\"name\":\"Shop\",\"item\":\"https:\/\/loftrunway.com\/de\/shop\/\"},{\"@type\":\"ListItem\",\"position\":3,\"name\":\"Nike Vomero 18 GORE-TEX Reflective &#8218;Seaweed Cannon&#8216;\"}]},{\"@type\":\"WebSite\",\"@id\":\"https:\/\/loftrunway.com\/de\/#website\",\"url\":\"https:\/\/loftrunway.com\/de\/\",\"name\":\"Styloral Jewelry Shop\",\"description\":\"Der Ort, an dem man alle Arten von Sneakern findet\",\"publisher\":{\"@id\":\"https:\/\/loftrunway.com\/de\/#organization\"},\"potentialAction\":[{\"@type\":\"SearchAction\",\"target\":{\"@type\":\"EntryPoint\",\"urlTemplate\":\"https:\/\/loftrunway.com\/de\/?s={search_term_string}\"},\"query-input\":{\"@type\":\"PropertyValueSpecification\",\"valueRequired\":true,\"valueName\":\"search_term_string\"}}],\"inLanguage\":\"de\"},{\"@type\":\"Organization\",\"@id\":\"https:\/\/loftrunway.com\/de\/#organization\",\"name\":\"STYLORAL PTE. LTD\",\"url\":\"https:\/\/loftrunway.com\/de\/\",\"logo\":{\"@type\":\"ImageObject\",\"inLanguage\":\"de\",\"@id\":\"https:\/\/loftrunway.com\/de\/#\/schema\/logo\/image\/\",\"url\":\"https:\/\/www.loftrunway.com\/wp-content\/uploads\/2025\/12\/logo.png\",\"contentUrl\":\"https:\/\/www.loftrunway.com\/wp-content\/uploads\/2025\/12\/logo.png\",\"width\":200,\"height\":65,\"caption\":\"STYLORAL PTE. LTD\"},\"image\":{\"@id\":\"https:\/\/loftrunway.com\/de\/#\/schema\/logo\/image\/\"}}]}<\/script>\n<!-- \/ Yoast SEO plugin. -->","yoast_head_json":{"title":"Nike Vomero 18 GORE-TEX Reflective 'Seaweed Cannon' - Loftrunway","robots":{"index":"index","follow":"follow","max-snippet":"max-snippet:-1","max-image-preview":"max-image-preview:large","max-video-preview":"max-video-preview:-1"},"canonical":"https:\/\/loftrunway.com\/de\/products\/nike-vomero-18-gore-tex-reflective-seaweed-cannon-hq7001-300\/","og_locale":"de_DE","og_type":"article","og_title":"Nike Vomero 18 GORE-TEX Reflective 'Seaweed Cannon' - Loftrunway","og_description":"Nike Vomero 18 GORE-TEX \u2014 Seaweed\/Cannon\/Bolt\/Barely Bolt","og_url":"https:\/\/loftrunway.com\/de\/products\/nike-vomero-18-gore-tex-reflective-seaweed-cannon-hq7001-300\/","og_site_name":"loftRUN Sneaker Store","article_modified_time":"2026-04-03T12:28:23+00:00","twitter_card":"summary_large_image","twitter_image":"https:\/\/images.novelship.com\/product\/nike_vomero_18_gore-tex_seaweed_cannon_bolt_barely_0_86080.png","twitter_misc":{"Gesch\u00e4tzte Lesezeit":"1\u00a0Minute"},"schema":{"@context":"https:\/\/schema.org","@graph":[{"@type":"WebPage","@id":"https:\/\/loftrunway.com\/de\/products\/nike-vomero-18-gore-tex-reflective-seaweed-cannon-hq7001-300\/","url":"https:\/\/loftrunway.com\/de\/products\/nike-vomero-18-gore-tex-reflective-seaweed-cannon-hq7001-300\/","name":"Nike Vomero 18 GORE-TEX Reflective 'Seaweed Cannon' - Loftrunway","isPartOf":{"@id":"https:\/\/loftrunway.com\/de\/#website"},"primaryImageOfPage":{"@id":"https:\/\/loftrunway.com\/de\/products\/nike-vomero-18-gore-tex-reflective-seaweed-cannon-hq7001-300\/#primaryimage"},"image":{"@id":"https:\/\/loftrunway.com\/de\/products\/nike-vomero-18-gore-tex-reflective-seaweed-cannon-hq7001-300\/#primaryimage"},"thumbnailUrl":"https:\/\/images.novelship.com\/product\/nike_vomero_18_gore-tex_seaweed_cannon_bolt_barely_0_86080.png","datePublished":"2026-02-20T08:09:21+00:00","dateModified":"2026-04-03T12:28:23+00:00","breadcrumb":{"@id":"https:\/\/loftrunway.com\/de\/products\/nike-vomero-18-gore-tex-reflective-seaweed-cannon-hq7001-300\/#breadcrumb"},"inLanguage":"de","potentialAction":[{"@type":"ReadAction","target":["https:\/\/loftrunway.com\/de\/products\/nike-vomero-18-gore-tex-reflective-seaweed-cannon-hq7001-300\/"]}]},{"@type":"ImageObject","inLanguage":"de","@id":"https:\/\/loftrunway.com\/de\/products\/nike-vomero-18-gore-tex-reflective-seaweed-cannon-hq7001-300\/#primaryimage","url":"https:\/\/images.novelship.com\/product\/nike_vomero_18_gore-tex_seaweed_cannon_bolt_barely_0_86080.png","contentUrl":"https:\/\/images.novelship.com\/product\/nike_vomero_18_gore-tex_seaweed_cannon_bolt_barely_0_86080.png"},{"@type":"BreadcrumbList","@id":"https:\/\/loftrunway.com\/de\/products\/nike-vomero-18-gore-tex-reflective-seaweed-cannon-hq7001-300\/#breadcrumb","itemListElement":[{"@type":"ListItem","position":1,"name":"Home","item":"https:\/\/loftrunway.com\/de\/"},{"@type":"ListItem","position":2,"name":"Shop","item":"https:\/\/loftrunway.com\/de\/shop\/"},{"@type":"ListItem","position":3,"name":"Nike Vomero 18 GORE-TEX Reflective &#8218;Seaweed Cannon&#8216;"}]},{"@type":"WebSite","@id":"https:\/\/loftrunway.com\/de\/#website","url":"https:\/\/loftrunway.com\/de\/","name":"Styloral Jewelry Shop","description":"Der Ort, an dem man alle Arten von Sneakern findet","publisher":{"@id":"https:\/\/loftrunway.com\/de\/#organization"},"potentialAction":[{"@type":"SearchAction","target":{"@type":"EntryPoint","urlTemplate":"https:\/\/loftrunway.com\/de\/?s={search_term_string}"},"query-input":{"@type":"PropertyValueSpecification","valueRequired":true,"valueName":"search_term_string"}}],"inLanguage":"de"},{"@type":"Organization","@id":"https:\/\/loftrunway.com\/de\/#organization","name":"STYLORAL PTE. LTD","url":"https:\/\/loftrunway.com\/de\/","logo":{"@type":"ImageObject","inLanguage":"de","@id":"https:\/\/loftrunway.com\/de\/#\/schema\/logo\/image\/","url":"https:\/\/www.loftrunway.com\/wp-content\/uploads\/2025\/12\/logo.png","contentUrl":"https:\/\/www.loftrunway.com\/wp-content\/uploads\/2025\/12\/logo.png","width":200,"height":65,"caption":"STYLORAL PTE. LTD"},"image":{"@id":"https:\/\/loftrunway.com\/de\/#\/schema\/logo\/image\/"}}]}},"_links":{"self":[{"href":"https:\/\/loftrunway.com\/de\/wp-json\/wp\/v2\/product\/17165","targetHints":{"allow":["GET"]}}],"collection":[{"href":"https:\/\/loftrunway.com\/de\/wp-json\/wp\/v2\/product"}],"about":[{"href":"https:\/\/loftrunway.com\/de\/wp-json\/wp\/v2\/types\/product"}],"replies":[{"embeddable":true,"href":"https:\/\/loftrunway.com\/de\/wp-json\/wp\/v2\/comments?post=17165"}],"wp:featuredmedia":[{"embeddable":true,"href":"https:\/\/loftrunway.com\/de\/wp-json\/wp\/v2\/media\/17166"}],"wp:attachment":[{"href":"https:\/\/loftrunway.com\/de\/wp-json\/wp\/v2\/media?parent=17165"}],"wp:term":[{"taxonomy":"product_brand","embeddable":true,"href":"https:\/\/loftrunway.com\/de\/wp-json\/wp\/v2\/product_brand?post=17165"},{"taxonomy":"product_cat","embeddable":true,"href":"https:\/\/loftrunway.com\/de\/wp-json\/wp\/v2\/product_cat?post=17165"},{"taxonomy":"product_tag","embeddable":true,"href":"https:\/\/loftrunway.com\/de\/wp-json\/wp\/v2\/product_tag?post=17165"}],"curies":[{"name":"wp","href":"https:\/\/api.w.org\/{rel}","templated":true}]}}