{"id":171925,"date":"2026-03-02T16:23:17","date_gmt":"2026-03-02T09:23:17","guid":{"rendered":"http:\/\/loftrunway.com\/product\/nike-air-force-1-07"},"modified":"2026-04-03T19:46:28","modified_gmt":"2026-04-03T12:46:28","slug":"nike-air-force-1-07-js-fj4146-116","status":"publish","type":"product","link":"https:\/\/loftrunway.com\/de\/products\/nike-air-force-1-07-js-fj4146-116\/","title":{"rendered":"Nike Air Force 1 &#8217;07 &#8218;White Light Army&#8216;"},"content":{"rendered":"<p>Der Nike Air Force 1 &#8217;07 FJ4146-116 vereint zeitloses Design mit modernem Komfort und ist ein eleganter, vielseitiger Sneaker, der sich perfekt f\u00fcr Freizeit und Sport eignet. Gefertigt aus hochwertigem Leder f\u00fcr lange Haltbarkeit und ausgestattet mit der legend\u00e4ren Air-Sole-D\u00e4mpfung, bietet dieser aktualisierte Klassiker optimalen Aufprallschutz und stylischen Look. Das strahlend wei\u00dfe Obermaterial wird durch dezente Ton-in-Ton-Details akzentuiert und sorgt f\u00fcr einen cleanen und m\u00fchelos vielseitigen Look, der zu jedem Outfit passt. Perforationen im Zehenbereich verbessern die Atmungsaktivit\u00e4t, w\u00e4hrend der gepolsterte Schaftrand zus\u00e4tzlichen Komfort f\u00fcr langes Tragen bietet. Ob beim Stadtbummel oder bei leichten sportlichen Aktivit\u00e4ten \u201d\u201c der Nike Air Force 1 &#8217;07 bietet unvergleichliche Vielseitigkeit und vereint traditionelles Design mit moderner Performance f\u00fcr ein globales Publikum, das Wert auf Funktionalit\u00e4t und Style legt.<\/p>\n<ul>\n<li><strong>Farbgebung:<\/strong> Wei\u00df\/Hellblau<\/li>\n<li><strong>Style-Code:<\/strong> FJ4146-116<\/li>\n<li><strong>Obermaterial:<\/strong> Leder<\/li>\n<li><strong>Mittelsohle:<\/strong> Air<\/li>\n<li><strong>Farbe:<\/strong> Wei\u00df<\/li>\n<li><strong>Designer:<\/strong> Bruce Kilgore<\/li>\n<\/ul>\n","protected":false},"excerpt":{"rendered":"<p>Nike Air Force 1 &#8217;07 \u201d\u201d White\/Light Army<\/p>\n","protected":false},"featured_media":171926,"comment_status":"open","ping_status":"closed","template":"","meta":[],"product_brand":[],"product_cat":[10803],"product_tag":[10799,10800,10754,10777,10801,10802,10758],"class_list":{"0":"post-171925","1":"product","2":"type-product","3":"status-publish","4":"has-post-thumbnail","6":"product_cat-nike","7":"product_tag-ankle-support-basketball-shoes","8":"product_tag-basketball-shoes","9":"product_tag-lifestyle-casual-shoes","10":"product_tag-lifestyle-shoes-basketball-inspired","11":"product_tag-nike","12":"product_tag-performance-sport-shoes","13":"product_tag-under-retail","14":"wcpa_has_options","16":"first","17":"instock","18":"sale","19":"taxable","20":"shipping-taxable","21":"purchasable","22":"product-type-simple"},"wcpa_form_fields":{"rules":{"pric_overide_base_price":false,"pric_overide_base_price_if_gt_zero":false,"pric_overide_base_price_fully":false,"pric_cal_option_once":false,"pric_use_as_fee":false,"bind_quantity":false,"quantity_bind_formula":false},"fields":[{"type":"color-group","required":true,"elementId":"wcpa-color-group-66c4a75505e74","label":"Gr\u00f6\u00dfe - EU Gr\u00f6\u00dfe","inline":true,"priceOptions":"different_for_all","pricingType":"fixed","className":"hassizechart product-shoes-size-eu product-shoes-size","name":"color-group-66c4a75505e89","disp_type":"square","selection_type":"tick-border","disp_size":"44","show_label_inside":true,"adjust_width":true,"cart_display_type":"text","other_text":"Other","cl_rule":"show","col":6,"values":[{"label":"35.5","value":"EU 35.5","price":"","pimage":"","pimage_id":"","pthumb":"","color":""},{"label":"36","value":"EU 36","price":"","pimage":"","pimage_id":"","pthumb":"","color":"","selected":true},{"label":"36.5","value":"EU 36.5","price":"","pimage":"","pimage_id":"","pthumb":"","color":""},{"label":"37.5","value":"EU 37.5","price":"","pimage":"","pimage_id":"","pthumb":"","color":""},{"label":"38","value":"EU 38","price":"","pimage":"","pimage_id":"","pthumb":"","color":""},{"label":"38.5","value":"EU 38.5","price":"","pimage":"","pimage_id":"","pthumb":"","color":""},{"label":"39","value":"EU 39","price":"","pimage":"","pimage_id":"","pthumb":"","color":""},{"label":"40","value":"EU 40","price":"","pimage":"","pimage_id":"","pthumb":"","color":""},{"label":"40.5","value":"EU 40.5","price":"","pimage":"","pimage_id":"","pthumb":"","color":""},{"label":"41","value":"EU 41","price":"","pimage":"","pimage_id":"","pthumb":"","color":""},{"label":"42","value":"EU 42","price":"","pimage":"","pimage_id":"","pthumb":"","color":""},{"label":"42.5","value":"EU 42.5","price":"","pimage":"","pimage_id":"","pthumb":"","color":""},{"label":"43","value":"EU 43","price":"","pimage":"","pimage_id":"","pthumb":"","color":""},{"label":"44","value":"EU 44","price":"","pimage":"","pimage_id":"","pthumb":"","color":""},{"label":"44.5","value":"EU 44.5","price":"","pimage":"","pimage_id":"","pthumb":"","color":""},{"label":"45","value":"EU 45","price":"","pimage":"","pimage_id":"","pthumb":"","color":""},{"label":"45.5","value":"EU 45.5","price":"","pimage":"","pimage_id":"","pthumb":"","color":""},{"label":"46","value":"EU 46","price":"","pimage":"","pimage_id":"","pthumb":"","color":""},{"label":"47","value":"EU 47","price":"","pimage":"","pimage_id":"","pthumb":"","color":""},{"label":"47.5","value":"EU 47.5","price":"","pimage":"","pimage_id":"","pthumb":"","color":""},{"label":"48","value":"EU 48","price":"","pimage":"","pimage_id":"","pthumb":"","color":""}],"relations":[{"operator":false,"rules":[]}],"form_id":18106,"form_rules":{"pric_cal_option_once":false,"exclude_from_discount":false,"pric_use_as_fee":false,"fee_label":"Fee","render_after_acb":false,"disp_hide_options_price":false}}]},"yoast_head":"<!-- This site is optimized with the Yoast SEO plugin v26.5 - https:\/\/yoast.com\/wordpress\/plugins\/seo\/ -->\n<title>Nike Air Force 1 &#039;07 &#039;White Light Army&#039; - Loftrunway<\/title>\n<meta name=\"robots\" content=\"index, follow, max-snippet:-1, max-image-preview:large, max-video-preview:-1\" \/>\n<link rel=\"canonical\" href=\"https:\/\/loftrunway.com\/de\/products\/nike-air-force-1-07-js-fj4146-116\/\" \/>\n<meta property=\"og:locale\" content=\"de_DE\" \/>\n<meta property=\"og:type\" content=\"article\" \/>\n<meta property=\"og:title\" content=\"Nike Air Force 1 &#039;07 &#039;White Light Army&#039; - Loftrunway\" \/>\n<meta property=\"og:description\" content=\"Nike Air Force 1 &#039;07 \u201d\u201d White\/Light Army\" \/>\n<meta property=\"og:url\" content=\"https:\/\/loftrunway.com\/de\/products\/nike-air-force-1-07-js-fj4146-116\/\" \/>\n<meta property=\"og:site_name\" content=\"loftRUN Sneaker Store\" \/>\n<meta property=\"article:modified_time\" content=\"2026-04-03T12:46:28+00:00\" \/>\n<meta name=\"twitter:card\" content=\"summary_large_image\" \/>\n<meta name=\"twitter:image\" content=\"https:\/\/images.novelship.com\/product\/nike_air_force_1__07_fj4146-116_0_29765.png\" \/>\n<meta name=\"twitter:label1\" content=\"Gesch\u00e4tzte Lesezeit\" \/>\n\t<meta name=\"twitter:data1\" content=\"1\u00a0Minute\" \/>\n<script type=\"application\/ld+json\" class=\"yoast-schema-graph\">{\"@context\":\"https:\/\/schema.org\",\"@graph\":[{\"@type\":\"WebPage\",\"@id\":\"https:\/\/loftrunway.com\/de\/products\/nike-air-force-1-07-js-fj4146-116\/\",\"url\":\"https:\/\/loftrunway.com\/de\/products\/nike-air-force-1-07-js-fj4146-116\/\",\"name\":\"Nike Air Force 1 '07 'White Light Army' - Loftrunway\",\"isPartOf\":{\"@id\":\"https:\/\/loftrunway.com\/de\/#website\"},\"primaryImageOfPage\":{\"@id\":\"https:\/\/loftrunway.com\/de\/products\/nike-air-force-1-07-js-fj4146-116\/#primaryimage\"},\"image\":{\"@id\":\"https:\/\/loftrunway.com\/de\/products\/nike-air-force-1-07-js-fj4146-116\/#primaryimage\"},\"thumbnailUrl\":\"https:\/\/images.novelship.com\/product\/nike_air_force_1__07_fj4146-116_0_29765.png\",\"datePublished\":\"2026-03-02T09:23:17+00:00\",\"dateModified\":\"2026-04-03T12:46:28+00:00\",\"breadcrumb\":{\"@id\":\"https:\/\/loftrunway.com\/de\/products\/nike-air-force-1-07-js-fj4146-116\/#breadcrumb\"},\"inLanguage\":\"de\",\"potentialAction\":[{\"@type\":\"ReadAction\",\"target\":[\"https:\/\/loftrunway.com\/de\/products\/nike-air-force-1-07-js-fj4146-116\/\"]}]},{\"@type\":\"ImageObject\",\"inLanguage\":\"de\",\"@id\":\"https:\/\/loftrunway.com\/de\/products\/nike-air-force-1-07-js-fj4146-116\/#primaryimage\",\"url\":\"https:\/\/images.novelship.com\/product\/nike_air_force_1__07_fj4146-116_0_29765.png\",\"contentUrl\":\"https:\/\/images.novelship.com\/product\/nike_air_force_1__07_fj4146-116_0_29765.png\"},{\"@type\":\"BreadcrumbList\",\"@id\":\"https:\/\/loftrunway.com\/de\/products\/nike-air-force-1-07-js-fj4146-116\/#breadcrumb\",\"itemListElement\":[{\"@type\":\"ListItem\",\"position\":1,\"name\":\"Home\",\"item\":\"https:\/\/loftrunway.com\/de\/\"},{\"@type\":\"ListItem\",\"position\":2,\"name\":\"Shop\",\"item\":\"https:\/\/loftrunway.com\/de\/shop\/\"},{\"@type\":\"ListItem\",\"position\":3,\"name\":\"Nike Air Force 1 &#8217;07 &#8218;White Light Army&#8216;\"}]},{\"@type\":\"WebSite\",\"@id\":\"https:\/\/loftrunway.com\/de\/#website\",\"url\":\"https:\/\/loftrunway.com\/de\/\",\"name\":\"Styloral Jewelry Shop\",\"description\":\"Der Ort, an dem man alle Arten von Sneakern findet\",\"publisher\":{\"@id\":\"https:\/\/loftrunway.com\/de\/#organization\"},\"potentialAction\":[{\"@type\":\"SearchAction\",\"target\":{\"@type\":\"EntryPoint\",\"urlTemplate\":\"https:\/\/loftrunway.com\/de\/?s={search_term_string}\"},\"query-input\":{\"@type\":\"PropertyValueSpecification\",\"valueRequired\":true,\"valueName\":\"search_term_string\"}}],\"inLanguage\":\"de\"},{\"@type\":\"Organization\",\"@id\":\"https:\/\/loftrunway.com\/de\/#organization\",\"name\":\"STYLORAL PTE. LTD\",\"url\":\"https:\/\/loftrunway.com\/de\/\",\"logo\":{\"@type\":\"ImageObject\",\"inLanguage\":\"de\",\"@id\":\"https:\/\/loftrunway.com\/de\/#\/schema\/logo\/image\/\",\"url\":\"https:\/\/www.loftrunway.com\/wp-content\/uploads\/2025\/12\/logo.png\",\"contentUrl\":\"https:\/\/www.loftrunway.com\/wp-content\/uploads\/2025\/12\/logo.png\",\"width\":200,\"height\":65,\"caption\":\"STYLORAL PTE. LTD\"},\"image\":{\"@id\":\"https:\/\/loftrunway.com\/de\/#\/schema\/logo\/image\/\"}}]}<\/script>\n<!-- \/ Yoast SEO plugin. -->","yoast_head_json":{"title":"Nike Air Force 1 '07 'White Light Army' - Loftrunway","robots":{"index":"index","follow":"follow","max-snippet":"max-snippet:-1","max-image-preview":"max-image-preview:large","max-video-preview":"max-video-preview:-1"},"canonical":"https:\/\/loftrunway.com\/de\/products\/nike-air-force-1-07-js-fj4146-116\/","og_locale":"de_DE","og_type":"article","og_title":"Nike Air Force 1 '07 'White Light Army' - Loftrunway","og_description":"Nike Air Force 1 '07 \u201d\u201d White\/Light Army","og_url":"https:\/\/loftrunway.com\/de\/products\/nike-air-force-1-07-js-fj4146-116\/","og_site_name":"loftRUN Sneaker Store","article_modified_time":"2026-04-03T12:46:28+00:00","twitter_card":"summary_large_image","twitter_image":"https:\/\/images.novelship.com\/product\/nike_air_force_1__07_fj4146-116_0_29765.png","twitter_misc":{"Gesch\u00e4tzte Lesezeit":"1\u00a0Minute"},"schema":{"@context":"https:\/\/schema.org","@graph":[{"@type":"WebPage","@id":"https:\/\/loftrunway.com\/de\/products\/nike-air-force-1-07-js-fj4146-116\/","url":"https:\/\/loftrunway.com\/de\/products\/nike-air-force-1-07-js-fj4146-116\/","name":"Nike Air Force 1 '07 'White Light Army' - Loftrunway","isPartOf":{"@id":"https:\/\/loftrunway.com\/de\/#website"},"primaryImageOfPage":{"@id":"https:\/\/loftrunway.com\/de\/products\/nike-air-force-1-07-js-fj4146-116\/#primaryimage"},"image":{"@id":"https:\/\/loftrunway.com\/de\/products\/nike-air-force-1-07-js-fj4146-116\/#primaryimage"},"thumbnailUrl":"https:\/\/images.novelship.com\/product\/nike_air_force_1__07_fj4146-116_0_29765.png","datePublished":"2026-03-02T09:23:17+00:00","dateModified":"2026-04-03T12:46:28+00:00","breadcrumb":{"@id":"https:\/\/loftrunway.com\/de\/products\/nike-air-force-1-07-js-fj4146-116\/#breadcrumb"},"inLanguage":"de","potentialAction":[{"@type":"ReadAction","target":["https:\/\/loftrunway.com\/de\/products\/nike-air-force-1-07-js-fj4146-116\/"]}]},{"@type":"ImageObject","inLanguage":"de","@id":"https:\/\/loftrunway.com\/de\/products\/nike-air-force-1-07-js-fj4146-116\/#primaryimage","url":"https:\/\/images.novelship.com\/product\/nike_air_force_1__07_fj4146-116_0_29765.png","contentUrl":"https:\/\/images.novelship.com\/product\/nike_air_force_1__07_fj4146-116_0_29765.png"},{"@type":"BreadcrumbList","@id":"https:\/\/loftrunway.com\/de\/products\/nike-air-force-1-07-js-fj4146-116\/#breadcrumb","itemListElement":[{"@type":"ListItem","position":1,"name":"Home","item":"https:\/\/loftrunway.com\/de\/"},{"@type":"ListItem","position":2,"name":"Shop","item":"https:\/\/loftrunway.com\/de\/shop\/"},{"@type":"ListItem","position":3,"name":"Nike Air Force 1 &#8217;07 &#8218;White Light Army&#8216;"}]},{"@type":"WebSite","@id":"https:\/\/loftrunway.com\/de\/#website","url":"https:\/\/loftrunway.com\/de\/","name":"Styloral Jewelry Shop","description":"Der Ort, an dem man alle Arten von Sneakern findet","publisher":{"@id":"https:\/\/loftrunway.com\/de\/#organization"},"potentialAction":[{"@type":"SearchAction","target":{"@type":"EntryPoint","urlTemplate":"https:\/\/loftrunway.com\/de\/?s={search_term_string}"},"query-input":{"@type":"PropertyValueSpecification","valueRequired":true,"valueName":"search_term_string"}}],"inLanguage":"de"},{"@type":"Organization","@id":"https:\/\/loftrunway.com\/de\/#organization","name":"STYLORAL PTE. LTD","url":"https:\/\/loftrunway.com\/de\/","logo":{"@type":"ImageObject","inLanguage":"de","@id":"https:\/\/loftrunway.com\/de\/#\/schema\/logo\/image\/","url":"https:\/\/www.loftrunway.com\/wp-content\/uploads\/2025\/12\/logo.png","contentUrl":"https:\/\/www.loftrunway.com\/wp-content\/uploads\/2025\/12\/logo.png","width":200,"height":65,"caption":"STYLORAL PTE. LTD"},"image":{"@id":"https:\/\/loftrunway.com\/de\/#\/schema\/logo\/image\/"}}]}},"_links":{"self":[{"href":"https:\/\/loftrunway.com\/de\/wp-json\/wp\/v2\/product\/171925","targetHints":{"allow":["GET"]}}],"collection":[{"href":"https:\/\/loftrunway.com\/de\/wp-json\/wp\/v2\/product"}],"about":[{"href":"https:\/\/loftrunway.com\/de\/wp-json\/wp\/v2\/types\/product"}],"replies":[{"embeddable":true,"href":"https:\/\/loftrunway.com\/de\/wp-json\/wp\/v2\/comments?post=171925"}],"wp:featuredmedia":[{"embeddable":true,"href":"https:\/\/loftrunway.com\/de\/wp-json\/wp\/v2\/media\/171926"}],"wp:attachment":[{"href":"https:\/\/loftrunway.com\/de\/wp-json\/wp\/v2\/media?parent=171925"}],"wp:term":[{"taxonomy":"product_brand","embeddable":true,"href":"https:\/\/loftrunway.com\/de\/wp-json\/wp\/v2\/product_brand?post=171925"},{"taxonomy":"product_cat","embeddable":true,"href":"https:\/\/loftrunway.com\/de\/wp-json\/wp\/v2\/product_cat?post=171925"},{"taxonomy":"product_tag","embeddable":true,"href":"https:\/\/loftrunway.com\/de\/wp-json\/wp\/v2\/product_tag?post=171925"}],"curies":[{"name":"wp","href":"https:\/\/api.w.org\/{rel}","templated":true}]}}