{"id":173818,"date":"2026-03-02T16:26:11","date_gmt":"2026-03-02T09:26:11","guid":{"rendered":"http:\/\/loftrunway.com\/product\/nike-adidas-yeezy-350-v2-jelly-bean-pink-foamsilt-redsundialhyper-pink"},"modified":"2026-04-02T15:14:49","modified_gmt":"2026-04-02T08:14:49","slug":"nike-adidas-yeezy-350-v2-jelly-bean-pink-foamsilt-redsundialhyper-pink","status":"publish","type":"product","link":"https:\/\/loftrunway.com\/de\/products\/nike-adidas-yeezy-350-v2-jelly-bean-pink-foamsilt-redsundialhyper-pink\/","title":{"rendered":"Nike Adidas Yeezy 350 V2 &#8218;Jelly Bean&#8216; Pink Foam\/Silt Red\/Sundial\/Hyper Pink"},"content":{"rendered":"<p>Tauche ein in eine Welt voller lebendigem Style mit dem Nike Adidas Yeezy 350 V2 \u201eJelly Bean\u201c. Dieser weltweit beliebte Schuh besticht durch eine wundersch\u00f6ne Farbkombination aus Pink Foam, Silt Red, Sundial und Hyper Pink und verspricht unvergleichlichen Komfort und einen atemberaubenden Look. Er wurde f\u00fcr Trendsetter entwickelt, die Wert auf Innovation und Luxus legen. Seine leichte Konstruktion und die reaktionsfreudige D\u00e4mpfung garantieren ein \u00fcberragendes Laufgef\u00fchl. Setze auf die k\u00fchne, moderne \u00c4sthetik und verleihe deinem Sneaker-Style mit dem \u201eJelly Bean\u201c ein Upgrade f\u00fcr unvergleichliches Fashion-Selbstbewusstsein.<\/p>\n<ul>\n<li><strong>Farbgebung:<\/strong> Pink Foam\/Silt Red\/Sundial\/Hyper Pink<\/li>\n<li><strong>Style-Code:<\/strong> HF2794-601<\/li>\n<li><strong>Obermaterial:<\/strong> Mesh<\/li>\n<li><strong>Farbe:<\/strong> Pink<\/li>\n<\/ul>\n","protected":false},"excerpt":{"rendered":"<p>Nike Yeezy 350 V2 \u201d\u201d Pink Foam\/Silt Red\/Sundial\/Hyper Pink<\/p>\n","protected":false},"featured_media":173819,"comment_status":"open","ping_status":"closed","template":"","meta":[],"product_brand":[],"product_cat":[10803,41273],"product_tag":[10750,10754,10765,10801,10758],"class_list":{"0":"post-173818","1":"product","2":"type-product","3":"status-publish","4":"has-post-thumbnail","6":"product_cat-nike","7":"product_cat-remove","8":"product_tag-athleisure-shoes","9":"product_tag-lifestyle-casual-shoes","10":"product_tag-lifestyle-shoes-running-inspired","11":"product_tag-nike","12":"product_tag-under-retail","13":"wcpa_has_options","15":"first","16":"instock","17":"taxable","18":"shipping-taxable","19":"purchasable","20":"product-type-simple"},"wcpa_form_fields":{"rules":{"pric_overide_base_price":false,"pric_overide_base_price_if_gt_zero":false,"pric_overide_base_price_fully":false,"pric_cal_option_once":false,"pric_use_as_fee":false,"bind_quantity":false,"quantity_bind_formula":false},"fields":[{"type":"color-group","required":true,"elementId":"wcpa-color-group-66c4a75505e74","label":"Gr\u00f6\u00dfe - EU Gr\u00f6\u00dfe","inline":true,"priceOptions":"different_for_all","pricingType":"fixed","className":"hassizechart product-shoes-size-eu product-shoes-size","name":"color-group-66c4a75505e89","disp_type":"square","selection_type":"tick-border","disp_size":"44","show_label_inside":true,"adjust_width":true,"cart_display_type":"text","other_text":"Other","cl_rule":"show","col":6,"values":[{"label":"35.5","value":"EU 35.5","price":"","pimage":"","pimage_id":"","pthumb":"","color":""},{"label":"36","value":"EU 36","price":"","pimage":"","pimage_id":"","pthumb":"","color":"","selected":true},{"label":"36.5","value":"EU 36.5","price":"","pimage":"","pimage_id":"","pthumb":"","color":""},{"label":"37.5","value":"EU 37.5","price":"","pimage":"","pimage_id":"","pthumb":"","color":""},{"label":"38","value":"EU 38","price":"","pimage":"","pimage_id":"","pthumb":"","color":""},{"label":"38.5","value":"EU 38.5","price":"","pimage":"","pimage_id":"","pthumb":"","color":""},{"label":"39","value":"EU 39","price":"","pimage":"","pimage_id":"","pthumb":"","color":""},{"label":"40","value":"EU 40","price":"","pimage":"","pimage_id":"","pthumb":"","color":""},{"label":"40.5","value":"EU 40.5","price":"","pimage":"","pimage_id":"","pthumb":"","color":""},{"label":"41","value":"EU 41","price":"","pimage":"","pimage_id":"","pthumb":"","color":""},{"label":"42","value":"EU 42","price":"","pimage":"","pimage_id":"","pthumb":"","color":""},{"label":"42.5","value":"EU 42.5","price":"","pimage":"","pimage_id":"","pthumb":"","color":""},{"label":"43","value":"EU 43","price":"","pimage":"","pimage_id":"","pthumb":"","color":""},{"label":"44","value":"EU 44","price":"","pimage":"","pimage_id":"","pthumb":"","color":""},{"label":"44.5","value":"EU 44.5","price":"","pimage":"","pimage_id":"","pthumb":"","color":""},{"label":"45","value":"EU 45","price":"","pimage":"","pimage_id":"","pthumb":"","color":""},{"label":"45.5","value":"EU 45.5","price":"","pimage":"","pimage_id":"","pthumb":"","color":""},{"label":"46","value":"EU 46","price":"","pimage":"","pimage_id":"","pthumb":"","color":""},{"label":"47","value":"EU 47","price":"","pimage":"","pimage_id":"","pthumb":"","color":""},{"label":"47.5","value":"EU 47.5","price":"","pimage":"","pimage_id":"","pthumb":"","color":""},{"label":"48","value":"EU 48","price":"","pimage":"","pimage_id":"","pthumb":"","color":""}],"relations":[{"operator":false,"rules":[]}],"form_id":18106,"form_rules":{"pric_cal_option_once":false,"exclude_from_discount":false,"pric_use_as_fee":false,"fee_label":"Fee","render_after_acb":false,"disp_hide_options_price":false}}]},"yoast_head":"<!-- This site is optimized with the Yoast SEO plugin v26.5 - https:\/\/yoast.com\/wordpress\/plugins\/seo\/ -->\n<title>Nike Adidas Yeezy 350 V2 &#039;Jelly Bean&#039; Pink Foam\/Silt Red\/Sundial\/Hyper Pink  - Loftrunway<\/title>\n<meta name=\"robots\" content=\"index, follow, max-snippet:-1, max-image-preview:large, max-video-preview:-1\" \/>\n<link rel=\"canonical\" href=\"https:\/\/loftrunway.com\/de\/products\/nike-adidas-yeezy-350-v2-jelly-bean-pink-foamsilt-redsundialhyper-pink\/\" \/>\n<meta property=\"og:locale\" content=\"de_DE\" \/>\n<meta property=\"og:type\" content=\"article\" \/>\n<meta property=\"og:title\" content=\"Nike Adidas Yeezy 350 V2 &#039;Jelly Bean&#039; Pink Foam\/Silt Red\/Sundial\/Hyper Pink  - Loftrunway\" \/>\n<meta property=\"og:description\" content=\"Nike Yeezy 350 V2 \u201d\u201d Pink Foam\/Silt Red\/Sundial\/Hyper Pink\" \/>\n<meta property=\"og:url\" content=\"https:\/\/loftrunway.com\/de\/products\/nike-adidas-yeezy-350-v2-jelly-bean-pink-foamsilt-redsundialhyper-pink\/\" \/>\n<meta property=\"og:site_name\" content=\"loftRUN Sneaker Store\" \/>\n<meta property=\"article:modified_time\" content=\"2026-04-02T08:14:49+00:00\" \/>\n<meta name=\"twitter:card\" content=\"summary_large_image\" \/>\n<meta name=\"twitter:image\" content=\"https:\/\/images.novelship.com\/product\/nike_adidas_yeezy_350_v2__jelly_bean__pink_foam_si_0_40595.png\" \/>\n<meta name=\"twitter:label1\" content=\"Gesch\u00e4tzte Lesezeit\" \/>\n\t<meta name=\"twitter:data1\" content=\"1\u00a0Minute\" \/>\n<script type=\"application\/ld+json\" class=\"yoast-schema-graph\">{\"@context\":\"https:\/\/schema.org\",\"@graph\":[{\"@type\":\"WebPage\",\"@id\":\"https:\/\/loftrunway.com\/de\/products\/nike-adidas-yeezy-350-v2-jelly-bean-pink-foamsilt-redsundialhyper-pink\/\",\"url\":\"https:\/\/loftrunway.com\/de\/products\/nike-adidas-yeezy-350-v2-jelly-bean-pink-foamsilt-redsundialhyper-pink\/\",\"name\":\"Nike Adidas Yeezy 350 V2 'Jelly Bean' Pink Foam\/Silt Red\/Sundial\/Hyper Pink - Loftrunway\",\"isPartOf\":{\"@id\":\"https:\/\/loftrunway.com\/de\/#website\"},\"primaryImageOfPage\":{\"@id\":\"https:\/\/loftrunway.com\/de\/products\/nike-adidas-yeezy-350-v2-jelly-bean-pink-foamsilt-redsundialhyper-pink\/#primaryimage\"},\"image\":{\"@id\":\"https:\/\/loftrunway.com\/de\/products\/nike-adidas-yeezy-350-v2-jelly-bean-pink-foamsilt-redsundialhyper-pink\/#primaryimage\"},\"thumbnailUrl\":\"https:\/\/images.novelship.com\/product\/nike_adidas_yeezy_350_v2__jelly_bean__pink_foam_si_0_40595.png\",\"datePublished\":\"2026-03-02T09:26:11+00:00\",\"dateModified\":\"2026-04-02T08:14:49+00:00\",\"breadcrumb\":{\"@id\":\"https:\/\/loftrunway.com\/de\/products\/nike-adidas-yeezy-350-v2-jelly-bean-pink-foamsilt-redsundialhyper-pink\/#breadcrumb\"},\"inLanguage\":\"de\",\"potentialAction\":[{\"@type\":\"ReadAction\",\"target\":[\"https:\/\/loftrunway.com\/de\/products\/nike-adidas-yeezy-350-v2-jelly-bean-pink-foamsilt-redsundialhyper-pink\/\"]}]},{\"@type\":\"ImageObject\",\"inLanguage\":\"de\",\"@id\":\"https:\/\/loftrunway.com\/de\/products\/nike-adidas-yeezy-350-v2-jelly-bean-pink-foamsilt-redsundialhyper-pink\/#primaryimage\",\"url\":\"https:\/\/images.novelship.com\/product\/nike_adidas_yeezy_350_v2__jelly_bean__pink_foam_si_0_40595.png\",\"contentUrl\":\"https:\/\/images.novelship.com\/product\/nike_adidas_yeezy_350_v2__jelly_bean__pink_foam_si_0_40595.png\"},{\"@type\":\"BreadcrumbList\",\"@id\":\"https:\/\/loftrunway.com\/de\/products\/nike-adidas-yeezy-350-v2-jelly-bean-pink-foamsilt-redsundialhyper-pink\/#breadcrumb\",\"itemListElement\":[{\"@type\":\"ListItem\",\"position\":1,\"name\":\"Home\",\"item\":\"https:\/\/loftrunway.com\/de\/\"},{\"@type\":\"ListItem\",\"position\":2,\"name\":\"Shop\",\"item\":\"https:\/\/loftrunway.com\/de\/shop\/\"},{\"@type\":\"ListItem\",\"position\":3,\"name\":\"Nike Adidas Yeezy 350 V2 &#8218;Jelly Bean&#8216; Pink Foam\/Silt Red\/Sundial\/Hyper Pink\"}]},{\"@type\":\"WebSite\",\"@id\":\"https:\/\/loftrunway.com\/de\/#website\",\"url\":\"https:\/\/loftrunway.com\/de\/\",\"name\":\"Styloral Jewelry Shop\",\"description\":\"Der Ort, an dem man alle Arten von Sneakern findet\",\"publisher\":{\"@id\":\"https:\/\/loftrunway.com\/de\/#organization\"},\"potentialAction\":[{\"@type\":\"SearchAction\",\"target\":{\"@type\":\"EntryPoint\",\"urlTemplate\":\"https:\/\/loftrunway.com\/de\/?s={search_term_string}\"},\"query-input\":{\"@type\":\"PropertyValueSpecification\",\"valueRequired\":true,\"valueName\":\"search_term_string\"}}],\"inLanguage\":\"de\"},{\"@type\":\"Organization\",\"@id\":\"https:\/\/loftrunway.com\/de\/#organization\",\"name\":\"STYLORAL PTE. LTD\",\"url\":\"https:\/\/loftrunway.com\/de\/\",\"logo\":{\"@type\":\"ImageObject\",\"inLanguage\":\"de\",\"@id\":\"https:\/\/loftrunway.com\/de\/#\/schema\/logo\/image\/\",\"url\":\"https:\/\/www.loftrunway.com\/wp-content\/uploads\/2025\/12\/logo.png\",\"contentUrl\":\"https:\/\/www.loftrunway.com\/wp-content\/uploads\/2025\/12\/logo.png\",\"width\":200,\"height\":65,\"caption\":\"STYLORAL PTE. LTD\"},\"image\":{\"@id\":\"https:\/\/loftrunway.com\/de\/#\/schema\/logo\/image\/\"}}]}<\/script>\n<!-- \/ Yoast SEO plugin. -->","yoast_head_json":{"title":"Nike Adidas Yeezy 350 V2 'Jelly Bean' Pink Foam\/Silt Red\/Sundial\/Hyper Pink  - Loftrunway","robots":{"index":"index","follow":"follow","max-snippet":"max-snippet:-1","max-image-preview":"max-image-preview:large","max-video-preview":"max-video-preview:-1"},"canonical":"https:\/\/loftrunway.com\/de\/products\/nike-adidas-yeezy-350-v2-jelly-bean-pink-foamsilt-redsundialhyper-pink\/","og_locale":"de_DE","og_type":"article","og_title":"Nike Adidas Yeezy 350 V2 'Jelly Bean' Pink Foam\/Silt Red\/Sundial\/Hyper Pink  - Loftrunway","og_description":"Nike Yeezy 350 V2 \u201d\u201d Pink Foam\/Silt Red\/Sundial\/Hyper Pink","og_url":"https:\/\/loftrunway.com\/de\/products\/nike-adidas-yeezy-350-v2-jelly-bean-pink-foamsilt-redsundialhyper-pink\/","og_site_name":"loftRUN Sneaker Store","article_modified_time":"2026-04-02T08:14:49+00:00","twitter_card":"summary_large_image","twitter_image":"https:\/\/images.novelship.com\/product\/nike_adidas_yeezy_350_v2__jelly_bean__pink_foam_si_0_40595.png","twitter_misc":{"Gesch\u00e4tzte Lesezeit":"1\u00a0Minute"},"schema":{"@context":"https:\/\/schema.org","@graph":[{"@type":"WebPage","@id":"https:\/\/loftrunway.com\/de\/products\/nike-adidas-yeezy-350-v2-jelly-bean-pink-foamsilt-redsundialhyper-pink\/","url":"https:\/\/loftrunway.com\/de\/products\/nike-adidas-yeezy-350-v2-jelly-bean-pink-foamsilt-redsundialhyper-pink\/","name":"Nike Adidas Yeezy 350 V2 'Jelly Bean' Pink Foam\/Silt Red\/Sundial\/Hyper Pink - Loftrunway","isPartOf":{"@id":"https:\/\/loftrunway.com\/de\/#website"},"primaryImageOfPage":{"@id":"https:\/\/loftrunway.com\/de\/products\/nike-adidas-yeezy-350-v2-jelly-bean-pink-foamsilt-redsundialhyper-pink\/#primaryimage"},"image":{"@id":"https:\/\/loftrunway.com\/de\/products\/nike-adidas-yeezy-350-v2-jelly-bean-pink-foamsilt-redsundialhyper-pink\/#primaryimage"},"thumbnailUrl":"https:\/\/images.novelship.com\/product\/nike_adidas_yeezy_350_v2__jelly_bean__pink_foam_si_0_40595.png","datePublished":"2026-03-02T09:26:11+00:00","dateModified":"2026-04-02T08:14:49+00:00","breadcrumb":{"@id":"https:\/\/loftrunway.com\/de\/products\/nike-adidas-yeezy-350-v2-jelly-bean-pink-foamsilt-redsundialhyper-pink\/#breadcrumb"},"inLanguage":"de","potentialAction":[{"@type":"ReadAction","target":["https:\/\/loftrunway.com\/de\/products\/nike-adidas-yeezy-350-v2-jelly-bean-pink-foamsilt-redsundialhyper-pink\/"]}]},{"@type":"ImageObject","inLanguage":"de","@id":"https:\/\/loftrunway.com\/de\/products\/nike-adidas-yeezy-350-v2-jelly-bean-pink-foamsilt-redsundialhyper-pink\/#primaryimage","url":"https:\/\/images.novelship.com\/product\/nike_adidas_yeezy_350_v2__jelly_bean__pink_foam_si_0_40595.png","contentUrl":"https:\/\/images.novelship.com\/product\/nike_adidas_yeezy_350_v2__jelly_bean__pink_foam_si_0_40595.png"},{"@type":"BreadcrumbList","@id":"https:\/\/loftrunway.com\/de\/products\/nike-adidas-yeezy-350-v2-jelly-bean-pink-foamsilt-redsundialhyper-pink\/#breadcrumb","itemListElement":[{"@type":"ListItem","position":1,"name":"Home","item":"https:\/\/loftrunway.com\/de\/"},{"@type":"ListItem","position":2,"name":"Shop","item":"https:\/\/loftrunway.com\/de\/shop\/"},{"@type":"ListItem","position":3,"name":"Nike Adidas Yeezy 350 V2 &#8218;Jelly Bean&#8216; Pink Foam\/Silt Red\/Sundial\/Hyper Pink"}]},{"@type":"WebSite","@id":"https:\/\/loftrunway.com\/de\/#website","url":"https:\/\/loftrunway.com\/de\/","name":"Styloral Jewelry Shop","description":"Der Ort, an dem man alle Arten von Sneakern findet","publisher":{"@id":"https:\/\/loftrunway.com\/de\/#organization"},"potentialAction":[{"@type":"SearchAction","target":{"@type":"EntryPoint","urlTemplate":"https:\/\/loftrunway.com\/de\/?s={search_term_string}"},"query-input":{"@type":"PropertyValueSpecification","valueRequired":true,"valueName":"search_term_string"}}],"inLanguage":"de"},{"@type":"Organization","@id":"https:\/\/loftrunway.com\/de\/#organization","name":"STYLORAL PTE. LTD","url":"https:\/\/loftrunway.com\/de\/","logo":{"@type":"ImageObject","inLanguage":"de","@id":"https:\/\/loftrunway.com\/de\/#\/schema\/logo\/image\/","url":"https:\/\/www.loftrunway.com\/wp-content\/uploads\/2025\/12\/logo.png","contentUrl":"https:\/\/www.loftrunway.com\/wp-content\/uploads\/2025\/12\/logo.png","width":200,"height":65,"caption":"STYLORAL PTE. LTD"},"image":{"@id":"https:\/\/loftrunway.com\/de\/#\/schema\/logo\/image\/"}}]}},"_links":{"self":[{"href":"https:\/\/loftrunway.com\/de\/wp-json\/wp\/v2\/product\/173818","targetHints":{"allow":["GET"]}}],"collection":[{"href":"https:\/\/loftrunway.com\/de\/wp-json\/wp\/v2\/product"}],"about":[{"href":"https:\/\/loftrunway.com\/de\/wp-json\/wp\/v2\/types\/product"}],"replies":[{"embeddable":true,"href":"https:\/\/loftrunway.com\/de\/wp-json\/wp\/v2\/comments?post=173818"}],"wp:featuredmedia":[{"embeddable":true,"href":"https:\/\/loftrunway.com\/de\/wp-json\/wp\/v2\/media\/173819"}],"wp:attachment":[{"href":"https:\/\/loftrunway.com\/de\/wp-json\/wp\/v2\/media?parent=173818"}],"wp:term":[{"taxonomy":"product_brand","embeddable":true,"href":"https:\/\/loftrunway.com\/de\/wp-json\/wp\/v2\/product_brand?post=173818"},{"taxonomy":"product_cat","embeddable":true,"href":"https:\/\/loftrunway.com\/de\/wp-json\/wp\/v2\/product_cat?post=173818"},{"taxonomy":"product_tag","embeddable":true,"href":"https:\/\/loftrunway.com\/de\/wp-json\/wp\/v2\/product_tag?post=173818"}],"curies":[{"name":"wp","href":"https:\/\/api.w.org\/{rel}","templated":true}]}}