{"id":173882,"date":"2026-03-02T16:26:16","date_gmt":"2026-03-02T09:26:16","guid":{"rendered":"http:\/\/loftrunway.com\/product\/women-nike-zoomx-invincible-3-extra-wide-summit-white-black"},"modified":"2026-04-03T19:46:47","modified_gmt":"2026-04-03T12:46:47","slug":"women-nike-zoomx-invincible-3-extra-wide-summit-white-black","status":"publish","type":"product","link":"https:\/\/loftrunway.com\/de\/products\/women-nike-zoomx-invincible-3-extra-wide-summit-white-black\/","title":{"rendered":"(Women) Nike ZoomX Invincible 3 Extra Wide &#8218;Summit White Black&#8216;"},"content":{"rendered":"<p>Mach dich bereit f\u00fcr lange L\u00e4ufe mit dem Nike ZoomX Invincible 3 Extra Wide \u201eSummit White Black\u201c. Dieser Laufschuh wurde speziell f\u00fcr Frauen mit breiteren F\u00fc\u00dfen entwickelt und bietet unvergleichlichen Komfort und optimale D\u00e4mpfung. Der ZoomX-Schaumstoff gibt dir bei jedem Schritt Energie zur\u00fcck und treibt dich m\u00fchelos voran. Das Flyknit-Obermaterial sorgt f\u00fcr sicheren Halt und Atmungsaktivit\u00e4t, w\u00e4hrend die extra Weite ein komfortables Laufgef\u00fchl garantiert. Dieser elegante und stylische Laufschuh ist perfekt f\u00fcr lange L\u00e4ufe, Regenerationstage und alles dazwischen. Erlebe ein v\u00f6llig neues Laufgef\u00fchl mit dem Nike ZoomX Invincible 3 Extra Wide \u201eSummit White Black\u201c.<\/p>\n<ul>\n<li><strong>Farbgebung:<\/strong> Summit White\/Sail\/Coconut Milk\/Black<\/li>\n<li><strong>Style-Code:<\/strong> FN7997-101<\/li>\n<li><strong>Obermaterial:<\/strong> Flyknit<\/li>\n<li><strong>Mittelsohle:<\/strong> Zoom X<\/li>\n<li><strong>Farbe:<\/strong> Wei\u00df<\/li>\n<li><strong>Erscheinungsjahr:<\/strong> 2023<\/li>\n<\/ul>\n","protected":false},"excerpt":{"rendered":"<p>Nike ZoomX Invincible 3 Extra Wide \u201d\u201d Summit White\/Sail\/Coconut Milk\/Black<\/p>\n","protected":false},"featured_media":173883,"comment_status":"open","ping_status":"closed","template":"","meta":[],"product_brand":[],"product_cat":[10809],"product_tag":[10926,10838,10801,10839,10802,10840],"class_list":{"0":"post-173882","1":"product","2":"type-product","3":"status-publish","4":"has-post-thumbnail","6":"product_cat-nike-women","7":"product_tag-gift-for-her","8":"product_tag-max-cushion-cushioned-running-shoes","9":"product_tag-nike","10":"product_tag-performance-running-shoes","11":"product_tag-performance-sport-shoes","12":"product_tag-running-shoes","13":"wcpa_has_options","15":"first","16":"instock","17":"taxable","18":"shipping-taxable","19":"purchasable","20":"product-type-simple"},"wcpa_form_fields":{"rules":{"pric_overide_base_price":false,"pric_overide_base_price_if_gt_zero":false,"pric_overide_base_price_fully":false,"pric_cal_option_once":false,"pric_use_as_fee":false,"bind_quantity":false,"quantity_bind_formula":false},"fields":[{"type":"color-group","required":true,"elementId":"wcpa-color-group-66c4a75505e74","label":"Gr\u00f6\u00dfe - EU Gr\u00f6\u00dfe","inline":true,"priceOptions":"different_for_all","pricingType":"fixed","className":"hassizechart product-shoes-size-eu product-shoes-size","name":"color-group-66c4a75505e89","disp_type":"square","selection_type":"tick-border","disp_size":"44","show_label_inside":true,"adjust_width":true,"cart_display_type":"text","other_text":"Other","cl_rule":"show","col":6,"values":[{"label":"35.5","value":"EU 35.5","price":"","pimage":"","pimage_id":"","pthumb":"","color":""},{"label":"36","value":"EU 36","price":"","pimage":"","pimage_id":"","pthumb":"","color":"","selected":true},{"label":"36.5","value":"EU 36.5","price":"","pimage":"","pimage_id":"","pthumb":"","color":""},{"label":"37.5","value":"EU 37.5","price":"","pimage":"","pimage_id":"","pthumb":"","color":""},{"label":"38","value":"EU 38","price":"","pimage":"","pimage_id":"","pthumb":"","color":""},{"label":"38.5","value":"EU 38.5","price":"","pimage":"","pimage_id":"","pthumb":"","color":""},{"label":"39","value":"EU 39","price":"","pimage":"","pimage_id":"","pthumb":"","color":""},{"label":"40","value":"EU 40","price":"","pimage":"","pimage_id":"","pthumb":"","color":""},{"label":"40.5","value":"EU 40.5","price":"","pimage":"","pimage_id":"","pthumb":"","color":""},{"label":"41","value":"EU 41","price":"","pimage":"","pimage_id":"","pthumb":"","color":""},{"label":"42","value":"EU 42","price":"","pimage":"","pimage_id":"","pthumb":"","color":""},{"label":"42.5","value":"EU 42.5","price":"","pimage":"","pimage_id":"","pthumb":"","color":""},{"label":"43","value":"EU 43","price":"","pimage":"","pimage_id":"","pthumb":"","color":""},{"label":"44","value":"EU 44","price":"","pimage":"","pimage_id":"","pthumb":"","color":""},{"label":"44.5","value":"EU 44.5","price":"","pimage":"","pimage_id":"","pthumb":"","color":""},{"label":"45","value":"EU 45","price":"","pimage":"","pimage_id":"","pthumb":"","color":""},{"label":"45.5","value":"EU 45.5","price":"","pimage":"","pimage_id":"","pthumb":"","color":""},{"label":"46","value":"EU 46","price":"","pimage":"","pimage_id":"","pthumb":"","color":""},{"label":"47","value":"EU 47","price":"","pimage":"","pimage_id":"","pthumb":"","color":""},{"label":"47.5","value":"EU 47.5","price":"","pimage":"","pimage_id":"","pthumb":"","color":""},{"label":"48","value":"EU 48","price":"","pimage":"","pimage_id":"","pthumb":"","color":""}],"relations":[{"operator":false,"rules":[]}],"form_id":18106,"form_rules":{"pric_cal_option_once":false,"exclude_from_discount":false,"pric_use_as_fee":false,"fee_label":"Fee","render_after_acb":false,"disp_hide_options_price":false}}]},"yoast_head":"<!-- This site is optimized with the Yoast SEO plugin v26.5 - https:\/\/yoast.com\/wordpress\/plugins\/seo\/ -->\n<title>(Women) Nike ZoomX Invincible 3 Extra Wide &#039;Summit White Black&#039;  - Loftrunway<\/title>\n<meta name=\"robots\" content=\"index, follow, max-snippet:-1, max-image-preview:large, max-video-preview:-1\" \/>\n<link rel=\"canonical\" href=\"https:\/\/loftrunway.com\/de\/products\/women-nike-zoomx-invincible-3-extra-wide-summit-white-black\/\" \/>\n<meta property=\"og:locale\" content=\"de_DE\" \/>\n<meta property=\"og:type\" content=\"article\" \/>\n<meta property=\"og:title\" content=\"(Women) Nike ZoomX Invincible 3 Extra Wide &#039;Summit White Black&#039;  - Loftrunway\" \/>\n<meta property=\"og:description\" content=\"Nike ZoomX Invincible 3 Extra Wide \u201d\u201d Summit White\/Sail\/Coconut Milk\/Black\" \/>\n<meta property=\"og:url\" content=\"https:\/\/loftrunway.com\/de\/products\/women-nike-zoomx-invincible-3-extra-wide-summit-white-black\/\" \/>\n<meta property=\"og:site_name\" content=\"loftRUN Sneaker Store\" \/>\n<meta property=\"article:modified_time\" content=\"2026-04-03T12:46:47+00:00\" \/>\n<meta name=\"twitter:card\" content=\"summary_large_image\" \/>\n<meta name=\"twitter:image\" content=\"https:\/\/images.novelship.com\/product\/_women__nike_zoomx_invincible_3_extra_wide__summit_0_34743.jpeg\" \/>\n<meta name=\"twitter:label1\" content=\"Gesch\u00e4tzte Lesezeit\" \/>\n\t<meta name=\"twitter:data1\" content=\"1\u00a0Minute\" \/>\n<script type=\"application\/ld+json\" class=\"yoast-schema-graph\">{\"@context\":\"https:\/\/schema.org\",\"@graph\":[{\"@type\":\"WebPage\",\"@id\":\"https:\/\/loftrunway.com\/de\/products\/women-nike-zoomx-invincible-3-extra-wide-summit-white-black\/\",\"url\":\"https:\/\/loftrunway.com\/de\/products\/women-nike-zoomx-invincible-3-extra-wide-summit-white-black\/\",\"name\":\"(Women) Nike ZoomX Invincible 3 Extra Wide 'Summit White Black' - Loftrunway\",\"isPartOf\":{\"@id\":\"https:\/\/loftrunway.com\/de\/#website\"},\"primaryImageOfPage\":{\"@id\":\"https:\/\/loftrunway.com\/de\/products\/women-nike-zoomx-invincible-3-extra-wide-summit-white-black\/#primaryimage\"},\"image\":{\"@id\":\"https:\/\/loftrunway.com\/de\/products\/women-nike-zoomx-invincible-3-extra-wide-summit-white-black\/#primaryimage\"},\"thumbnailUrl\":\"https:\/\/images.novelship.com\/product\/_women__nike_zoomx_invincible_3_extra_wide__summit_0_34743.jpeg\",\"datePublished\":\"2026-03-02T09:26:16+00:00\",\"dateModified\":\"2026-04-03T12:46:47+00:00\",\"breadcrumb\":{\"@id\":\"https:\/\/loftrunway.com\/de\/products\/women-nike-zoomx-invincible-3-extra-wide-summit-white-black\/#breadcrumb\"},\"inLanguage\":\"de\",\"potentialAction\":[{\"@type\":\"ReadAction\",\"target\":[\"https:\/\/loftrunway.com\/de\/products\/women-nike-zoomx-invincible-3-extra-wide-summit-white-black\/\"]}]},{\"@type\":\"ImageObject\",\"inLanguage\":\"de\",\"@id\":\"https:\/\/loftrunway.com\/de\/products\/women-nike-zoomx-invincible-3-extra-wide-summit-white-black\/#primaryimage\",\"url\":\"https:\/\/images.novelship.com\/product\/_women__nike_zoomx_invincible_3_extra_wide__summit_0_34743.jpeg\",\"contentUrl\":\"https:\/\/images.novelship.com\/product\/_women__nike_zoomx_invincible_3_extra_wide__summit_0_34743.jpeg\"},{\"@type\":\"BreadcrumbList\",\"@id\":\"https:\/\/loftrunway.com\/de\/products\/women-nike-zoomx-invincible-3-extra-wide-summit-white-black\/#breadcrumb\",\"itemListElement\":[{\"@type\":\"ListItem\",\"position\":1,\"name\":\"Home\",\"item\":\"https:\/\/loftrunway.com\/de\/\"},{\"@type\":\"ListItem\",\"position\":2,\"name\":\"Shop\",\"item\":\"https:\/\/loftrunway.com\/de\/shop\/\"},{\"@type\":\"ListItem\",\"position\":3,\"name\":\"(Women) Nike ZoomX Invincible 3 Extra Wide &#8218;Summit White Black&#8216;\"}]},{\"@type\":\"WebSite\",\"@id\":\"https:\/\/loftrunway.com\/de\/#website\",\"url\":\"https:\/\/loftrunway.com\/de\/\",\"name\":\"Styloral Jewelry Shop\",\"description\":\"Der Ort, an dem man alle Arten von Sneakern findet\",\"publisher\":{\"@id\":\"https:\/\/loftrunway.com\/de\/#organization\"},\"potentialAction\":[{\"@type\":\"SearchAction\",\"target\":{\"@type\":\"EntryPoint\",\"urlTemplate\":\"https:\/\/loftrunway.com\/de\/?s={search_term_string}\"},\"query-input\":{\"@type\":\"PropertyValueSpecification\",\"valueRequired\":true,\"valueName\":\"search_term_string\"}}],\"inLanguage\":\"de\"},{\"@type\":\"Organization\",\"@id\":\"https:\/\/loftrunway.com\/de\/#organization\",\"name\":\"STYLORAL PTE. LTD\",\"url\":\"https:\/\/loftrunway.com\/de\/\",\"logo\":{\"@type\":\"ImageObject\",\"inLanguage\":\"de\",\"@id\":\"https:\/\/loftrunway.com\/de\/#\/schema\/logo\/image\/\",\"url\":\"https:\/\/www.loftrunway.com\/wp-content\/uploads\/2025\/12\/logo.png\",\"contentUrl\":\"https:\/\/www.loftrunway.com\/wp-content\/uploads\/2025\/12\/logo.png\",\"width\":200,\"height\":65,\"caption\":\"STYLORAL PTE. LTD\"},\"image\":{\"@id\":\"https:\/\/loftrunway.com\/de\/#\/schema\/logo\/image\/\"}}]}<\/script>\n<!-- \/ Yoast SEO plugin. -->","yoast_head_json":{"title":"(Women) Nike ZoomX Invincible 3 Extra Wide 'Summit White Black'  - Loftrunway","robots":{"index":"index","follow":"follow","max-snippet":"max-snippet:-1","max-image-preview":"max-image-preview:large","max-video-preview":"max-video-preview:-1"},"canonical":"https:\/\/loftrunway.com\/de\/products\/women-nike-zoomx-invincible-3-extra-wide-summit-white-black\/","og_locale":"de_DE","og_type":"article","og_title":"(Women) Nike ZoomX Invincible 3 Extra Wide 'Summit White Black'  - Loftrunway","og_description":"Nike ZoomX Invincible 3 Extra Wide \u201d\u201d Summit White\/Sail\/Coconut Milk\/Black","og_url":"https:\/\/loftrunway.com\/de\/products\/women-nike-zoomx-invincible-3-extra-wide-summit-white-black\/","og_site_name":"loftRUN Sneaker Store","article_modified_time":"2026-04-03T12:46:47+00:00","twitter_card":"summary_large_image","twitter_image":"https:\/\/images.novelship.com\/product\/_women__nike_zoomx_invincible_3_extra_wide__summit_0_34743.jpeg","twitter_misc":{"Gesch\u00e4tzte Lesezeit":"1\u00a0Minute"},"schema":{"@context":"https:\/\/schema.org","@graph":[{"@type":"WebPage","@id":"https:\/\/loftrunway.com\/de\/products\/women-nike-zoomx-invincible-3-extra-wide-summit-white-black\/","url":"https:\/\/loftrunway.com\/de\/products\/women-nike-zoomx-invincible-3-extra-wide-summit-white-black\/","name":"(Women) Nike ZoomX Invincible 3 Extra Wide 'Summit White Black' - Loftrunway","isPartOf":{"@id":"https:\/\/loftrunway.com\/de\/#website"},"primaryImageOfPage":{"@id":"https:\/\/loftrunway.com\/de\/products\/women-nike-zoomx-invincible-3-extra-wide-summit-white-black\/#primaryimage"},"image":{"@id":"https:\/\/loftrunway.com\/de\/products\/women-nike-zoomx-invincible-3-extra-wide-summit-white-black\/#primaryimage"},"thumbnailUrl":"https:\/\/images.novelship.com\/product\/_women__nike_zoomx_invincible_3_extra_wide__summit_0_34743.jpeg","datePublished":"2026-03-02T09:26:16+00:00","dateModified":"2026-04-03T12:46:47+00:00","breadcrumb":{"@id":"https:\/\/loftrunway.com\/de\/products\/women-nike-zoomx-invincible-3-extra-wide-summit-white-black\/#breadcrumb"},"inLanguage":"de","potentialAction":[{"@type":"ReadAction","target":["https:\/\/loftrunway.com\/de\/products\/women-nike-zoomx-invincible-3-extra-wide-summit-white-black\/"]}]},{"@type":"ImageObject","inLanguage":"de","@id":"https:\/\/loftrunway.com\/de\/products\/women-nike-zoomx-invincible-3-extra-wide-summit-white-black\/#primaryimage","url":"https:\/\/images.novelship.com\/product\/_women__nike_zoomx_invincible_3_extra_wide__summit_0_34743.jpeg","contentUrl":"https:\/\/images.novelship.com\/product\/_women__nike_zoomx_invincible_3_extra_wide__summit_0_34743.jpeg"},{"@type":"BreadcrumbList","@id":"https:\/\/loftrunway.com\/de\/products\/women-nike-zoomx-invincible-3-extra-wide-summit-white-black\/#breadcrumb","itemListElement":[{"@type":"ListItem","position":1,"name":"Home","item":"https:\/\/loftrunway.com\/de\/"},{"@type":"ListItem","position":2,"name":"Shop","item":"https:\/\/loftrunway.com\/de\/shop\/"},{"@type":"ListItem","position":3,"name":"(Women) Nike ZoomX Invincible 3 Extra Wide &#8218;Summit White Black&#8216;"}]},{"@type":"WebSite","@id":"https:\/\/loftrunway.com\/de\/#website","url":"https:\/\/loftrunway.com\/de\/","name":"Styloral Jewelry Shop","description":"Der Ort, an dem man alle Arten von Sneakern findet","publisher":{"@id":"https:\/\/loftrunway.com\/de\/#organization"},"potentialAction":[{"@type":"SearchAction","target":{"@type":"EntryPoint","urlTemplate":"https:\/\/loftrunway.com\/de\/?s={search_term_string}"},"query-input":{"@type":"PropertyValueSpecification","valueRequired":true,"valueName":"search_term_string"}}],"inLanguage":"de"},{"@type":"Organization","@id":"https:\/\/loftrunway.com\/de\/#organization","name":"STYLORAL PTE. LTD","url":"https:\/\/loftrunway.com\/de\/","logo":{"@type":"ImageObject","inLanguage":"de","@id":"https:\/\/loftrunway.com\/de\/#\/schema\/logo\/image\/","url":"https:\/\/www.loftrunway.com\/wp-content\/uploads\/2025\/12\/logo.png","contentUrl":"https:\/\/www.loftrunway.com\/wp-content\/uploads\/2025\/12\/logo.png","width":200,"height":65,"caption":"STYLORAL PTE. LTD"},"image":{"@id":"https:\/\/loftrunway.com\/de\/#\/schema\/logo\/image\/"}}]}},"_links":{"self":[{"href":"https:\/\/loftrunway.com\/de\/wp-json\/wp\/v2\/product\/173882","targetHints":{"allow":["GET"]}}],"collection":[{"href":"https:\/\/loftrunway.com\/de\/wp-json\/wp\/v2\/product"}],"about":[{"href":"https:\/\/loftrunway.com\/de\/wp-json\/wp\/v2\/types\/product"}],"replies":[{"embeddable":true,"href":"https:\/\/loftrunway.com\/de\/wp-json\/wp\/v2\/comments?post=173882"}],"wp:featuredmedia":[{"embeddable":true,"href":"https:\/\/loftrunway.com\/de\/wp-json\/wp\/v2\/media\/173883"}],"wp:attachment":[{"href":"https:\/\/loftrunway.com\/de\/wp-json\/wp\/v2\/media?parent=173882"}],"wp:term":[{"taxonomy":"product_brand","embeddable":true,"href":"https:\/\/loftrunway.com\/de\/wp-json\/wp\/v2\/product_brand?post=173882"},{"taxonomy":"product_cat","embeddable":true,"href":"https:\/\/loftrunway.com\/de\/wp-json\/wp\/v2\/product_cat?post=173882"},{"taxonomy":"product_tag","embeddable":true,"href":"https:\/\/loftrunway.com\/de\/wp-json\/wp\/v2\/product_tag?post=173882"}],"curies":[{"name":"wp","href":"https:\/\/api.w.org\/{rel}","templated":true}]}}