{"id":173939,"date":"2026-03-02T16:26:20","date_gmt":"2026-03-02T09:26:20","guid":{"rendered":"http:\/\/loftrunway.com\/product\/nike-zoomx-zegama-white-vivid-sulfur"},"modified":"2026-04-02T15:14:52","modified_gmt":"2026-04-02T08:14:52","slug":"nike-zoomx-zegama-white-vivid-sulfur","status":"publish","type":"product","link":"https:\/\/loftrunway.com\/de\/products\/nike-zoomx-zegama-white-vivid-sulfur\/","title":{"rendered":"Nike ZoomX Zegama &#8218;White Vivid Sulfur&#8216;"},"content":{"rendered":"<p>Wir pr\u00e4sentieren den Nike ZoomX Zegama \u201d\u201c entwickelt f\u00fcr au\u00dfergew\u00f6hnliche Offroad-Performance. Seine fortschrittliche ZoomX-Schaumstoff-Mittelsohle bietet unvergleichliche D\u00e4mpfung und Energier\u00fcckgabe und treibt dich auf anspruchsvollen Trails voran. Die strapazierf\u00e4hige Vibram\u00c2\u00ae Megagrip-Au\u00dfensohle sorgt f\u00fcr optimale Traktion auf unterschiedlichen Untergr\u00fcnden, w\u00e4hrend das leichte Obermaterial Atmungsaktivit\u00e4t und Halt bietet. Erlebe unvergleichliche Geschwindigkeit und Agilit\u00e4t mit dem Nike ZoomX Zegama \u201eWhite Vivid Sulfur\u201c \u201d\u201c der Schuh, der jedes Trail-Abenteuer dominiert.<\/p>\n<p>Farbgebung: Wei\u00df\/Vivid Sulfur\/Anthrazit\/Schwarz<\/p>\n<p>Artikelnummer: DH0623-100<\/p>\n<p>Obermaterial: Mesh<\/p>\n<p>Mittelsohle: Zoom X<\/p>\n<p>Farbe: Wei\u00df<\/p>\n<p>Farbe<\/p>\n","protected":false},"excerpt":{"rendered":"<p>Nike ZoomX Zegama \u201d\u201d White\/Vivid Sulfur\/Anthracite\/Black<\/p>\n","protected":false},"featured_media":173940,"comment_status":"open","ping_status":"closed","template":"","meta":[],"product_brand":[],"product_cat":[10803,41273],"product_tag":[10753,10801,10882,11230,11231,10802,11006,10758],"class_list":{"0":"post-173939","1":"product","2":"type-product","3":"status-publish","4":"has-post-thumbnail","6":"product_cat-nike","7":"product_cat-remove","8":"product_tag-gift-for-him","9":"product_tag-nike","10":"product_tag-nike-running-shoes","11":"product_tag-nike-trail-running-shoes","12":"product_tag-oxstreet-shoes","13":"product_tag-performance-sport-shoes","14":"product_tag-trail-running-shoes","15":"product_tag-under-retail","16":"wcpa_has_options","18":"first","19":"instock","20":"sale","21":"taxable","22":"shipping-taxable","23":"purchasable","24":"product-type-simple"},"wcpa_form_fields":{"rules":{"pric_overide_base_price":false,"pric_overide_base_price_if_gt_zero":false,"pric_overide_base_price_fully":false,"pric_cal_option_once":false,"pric_use_as_fee":false,"bind_quantity":false,"quantity_bind_formula":false},"fields":[{"type":"color-group","required":true,"elementId":"wcpa-color-group-66c4a75505e74","label":"Gr\u00f6\u00dfe - EU Gr\u00f6\u00dfe","inline":true,"priceOptions":"different_for_all","pricingType":"fixed","className":"hassizechart product-shoes-size-eu product-shoes-size","name":"color-group-66c4a75505e89","disp_type":"square","selection_type":"tick-border","disp_size":"44","show_label_inside":true,"adjust_width":true,"cart_display_type":"text","other_text":"Other","cl_rule":"show","col":6,"values":[{"label":"35.5","value":"EU 35.5","price":"","pimage":"","pimage_id":"","pthumb":"","color":""},{"label":"36","value":"EU 36","price":"","pimage":"","pimage_id":"","pthumb":"","color":"","selected":true},{"label":"36.5","value":"EU 36.5","price":"","pimage":"","pimage_id":"","pthumb":"","color":""},{"label":"37.5","value":"EU 37.5","price":"","pimage":"","pimage_id":"","pthumb":"","color":""},{"label":"38","value":"EU 38","price":"","pimage":"","pimage_id":"","pthumb":"","color":""},{"label":"38.5","value":"EU 38.5","price":"","pimage":"","pimage_id":"","pthumb":"","color":""},{"label":"39","value":"EU 39","price":"","pimage":"","pimage_id":"","pthumb":"","color":""},{"label":"40","value":"EU 40","price":"","pimage":"","pimage_id":"","pthumb":"","color":""},{"label":"40.5","value":"EU 40.5","price":"","pimage":"","pimage_id":"","pthumb":"","color":""},{"label":"41","value":"EU 41","price":"","pimage":"","pimage_id":"","pthumb":"","color":""},{"label":"42","value":"EU 42","price":"","pimage":"","pimage_id":"","pthumb":"","color":""},{"label":"42.5","value":"EU 42.5","price":"","pimage":"","pimage_id":"","pthumb":"","color":""},{"label":"43","value":"EU 43","price":"","pimage":"","pimage_id":"","pthumb":"","color":""},{"label":"44","value":"EU 44","price":"","pimage":"","pimage_id":"","pthumb":"","color":""},{"label":"44.5","value":"EU 44.5","price":"","pimage":"","pimage_id":"","pthumb":"","color":""},{"label":"45","value":"EU 45","price":"","pimage":"","pimage_id":"","pthumb":"","color":""},{"label":"45.5","value":"EU 45.5","price":"","pimage":"","pimage_id":"","pthumb":"","color":""},{"label":"46","value":"EU 46","price":"","pimage":"","pimage_id":"","pthumb":"","color":""},{"label":"47","value":"EU 47","price":"","pimage":"","pimage_id":"","pthumb":"","color":""},{"label":"47.5","value":"EU 47.5","price":"","pimage":"","pimage_id":"","pthumb":"","color":""},{"label":"48","value":"EU 48","price":"","pimage":"","pimage_id":"","pthumb":"","color":""}],"relations":[{"operator":false,"rules":[]}],"form_id":18106,"form_rules":{"pric_cal_option_once":false,"exclude_from_discount":false,"pric_use_as_fee":false,"fee_label":"Fee","render_after_acb":false,"disp_hide_options_price":false}}]},"yoast_head":"<!-- This site is optimized with the Yoast SEO plugin v26.5 - https:\/\/yoast.com\/wordpress\/plugins\/seo\/ -->\n<title>Nike ZoomX Zegama &#039;White Vivid Sulfur&#039;  - Loftrunway<\/title>\n<meta name=\"robots\" content=\"index, follow, max-snippet:-1, max-image-preview:large, max-video-preview:-1\" \/>\n<link rel=\"canonical\" href=\"https:\/\/loftrunway.com\/de\/products\/nike-zoomx-zegama-white-vivid-sulfur\/\" \/>\n<meta property=\"og:locale\" content=\"de_DE\" \/>\n<meta property=\"og:type\" content=\"article\" \/>\n<meta property=\"og:title\" content=\"Nike ZoomX Zegama &#039;White Vivid Sulfur&#039;  - Loftrunway\" \/>\n<meta property=\"og:description\" content=\"Nike ZoomX Zegama \u201d\u201d White\/Vivid Sulfur\/Anthracite\/Black\" \/>\n<meta property=\"og:url\" content=\"https:\/\/loftrunway.com\/de\/products\/nike-zoomx-zegama-white-vivid-sulfur\/\" \/>\n<meta property=\"og:site_name\" content=\"loftRUN Sneaker Store\" \/>\n<meta property=\"article:modified_time\" content=\"2026-04-02T08:14:52+00:00\" \/>\n<meta name=\"twitter:card\" content=\"summary_large_image\" \/>\n<meta name=\"twitter:image\" content=\"https:\/\/images.novelship.com\/product\/nike_zoomx_zegama__white_vivid_sulfur__dh0623-100_0_31358.jpeg\" \/>\n<script type=\"application\/ld+json\" class=\"yoast-schema-graph\">{\"@context\":\"https:\/\/schema.org\",\"@graph\":[{\"@type\":\"WebPage\",\"@id\":\"https:\/\/loftrunway.com\/de\/products\/nike-zoomx-zegama-white-vivid-sulfur\/\",\"url\":\"https:\/\/loftrunway.com\/de\/products\/nike-zoomx-zegama-white-vivid-sulfur\/\",\"name\":\"Nike ZoomX Zegama 'White Vivid Sulfur' - Loftrunway\",\"isPartOf\":{\"@id\":\"https:\/\/loftrunway.com\/de\/#website\"},\"primaryImageOfPage\":{\"@id\":\"https:\/\/loftrunway.com\/de\/products\/nike-zoomx-zegama-white-vivid-sulfur\/#primaryimage\"},\"image\":{\"@id\":\"https:\/\/loftrunway.com\/de\/products\/nike-zoomx-zegama-white-vivid-sulfur\/#primaryimage\"},\"thumbnailUrl\":\"https:\/\/images.novelship.com\/product\/nike_zoomx_zegama__white_vivid_sulfur__dh0623-100_0_31358.jpeg\",\"datePublished\":\"2026-03-02T09:26:20+00:00\",\"dateModified\":\"2026-04-02T08:14:52+00:00\",\"breadcrumb\":{\"@id\":\"https:\/\/loftrunway.com\/de\/products\/nike-zoomx-zegama-white-vivid-sulfur\/#breadcrumb\"},\"inLanguage\":\"de\",\"potentialAction\":[{\"@type\":\"ReadAction\",\"target\":[\"https:\/\/loftrunway.com\/de\/products\/nike-zoomx-zegama-white-vivid-sulfur\/\"]}]},{\"@type\":\"ImageObject\",\"inLanguage\":\"de\",\"@id\":\"https:\/\/loftrunway.com\/de\/products\/nike-zoomx-zegama-white-vivid-sulfur\/#primaryimage\",\"url\":\"https:\/\/images.novelship.com\/product\/nike_zoomx_zegama__white_vivid_sulfur__dh0623-100_0_31358.jpeg\",\"contentUrl\":\"https:\/\/images.novelship.com\/product\/nike_zoomx_zegama__white_vivid_sulfur__dh0623-100_0_31358.jpeg\"},{\"@type\":\"BreadcrumbList\",\"@id\":\"https:\/\/loftrunway.com\/de\/products\/nike-zoomx-zegama-white-vivid-sulfur\/#breadcrumb\",\"itemListElement\":[{\"@type\":\"ListItem\",\"position\":1,\"name\":\"Home\",\"item\":\"https:\/\/loftrunway.com\/de\/\"},{\"@type\":\"ListItem\",\"position\":2,\"name\":\"Shop\",\"item\":\"https:\/\/loftrunway.com\/de\/shop\/\"},{\"@type\":\"ListItem\",\"position\":3,\"name\":\"Nike ZoomX Zegama &#8218;White Vivid Sulfur&#8216;\"}]},{\"@type\":\"WebSite\",\"@id\":\"https:\/\/loftrunway.com\/de\/#website\",\"url\":\"https:\/\/loftrunway.com\/de\/\",\"name\":\"Styloral Jewelry Shop\",\"description\":\"Der Ort, an dem man alle Arten von Sneakern findet\",\"publisher\":{\"@id\":\"https:\/\/loftrunway.com\/de\/#organization\"},\"potentialAction\":[{\"@type\":\"SearchAction\",\"target\":{\"@type\":\"EntryPoint\",\"urlTemplate\":\"https:\/\/loftrunway.com\/de\/?s={search_term_string}\"},\"query-input\":{\"@type\":\"PropertyValueSpecification\",\"valueRequired\":true,\"valueName\":\"search_term_string\"}}],\"inLanguage\":\"de\"},{\"@type\":\"Organization\",\"@id\":\"https:\/\/loftrunway.com\/de\/#organization\",\"name\":\"STYLORAL PTE. LTD\",\"url\":\"https:\/\/loftrunway.com\/de\/\",\"logo\":{\"@type\":\"ImageObject\",\"inLanguage\":\"de\",\"@id\":\"https:\/\/loftrunway.com\/de\/#\/schema\/logo\/image\/\",\"url\":\"https:\/\/www.loftrunway.com\/wp-content\/uploads\/2025\/12\/logo.png\",\"contentUrl\":\"https:\/\/www.loftrunway.com\/wp-content\/uploads\/2025\/12\/logo.png\",\"width\":200,\"height\":65,\"caption\":\"STYLORAL PTE. LTD\"},\"image\":{\"@id\":\"https:\/\/loftrunway.com\/de\/#\/schema\/logo\/image\/\"}}]}<\/script>\n<!-- \/ Yoast SEO plugin. -->","yoast_head_json":{"title":"Nike ZoomX Zegama 'White Vivid Sulfur'  - Loftrunway","robots":{"index":"index","follow":"follow","max-snippet":"max-snippet:-1","max-image-preview":"max-image-preview:large","max-video-preview":"max-video-preview:-1"},"canonical":"https:\/\/loftrunway.com\/de\/products\/nike-zoomx-zegama-white-vivid-sulfur\/","og_locale":"de_DE","og_type":"article","og_title":"Nike ZoomX Zegama 'White Vivid Sulfur'  - Loftrunway","og_description":"Nike ZoomX Zegama \u201d\u201d White\/Vivid Sulfur\/Anthracite\/Black","og_url":"https:\/\/loftrunway.com\/de\/products\/nike-zoomx-zegama-white-vivid-sulfur\/","og_site_name":"loftRUN Sneaker Store","article_modified_time":"2026-04-02T08:14:52+00:00","twitter_card":"summary_large_image","twitter_image":"https:\/\/images.novelship.com\/product\/nike_zoomx_zegama__white_vivid_sulfur__dh0623-100_0_31358.jpeg","schema":{"@context":"https:\/\/schema.org","@graph":[{"@type":"WebPage","@id":"https:\/\/loftrunway.com\/de\/products\/nike-zoomx-zegama-white-vivid-sulfur\/","url":"https:\/\/loftrunway.com\/de\/products\/nike-zoomx-zegama-white-vivid-sulfur\/","name":"Nike ZoomX Zegama 'White Vivid Sulfur' - Loftrunway","isPartOf":{"@id":"https:\/\/loftrunway.com\/de\/#website"},"primaryImageOfPage":{"@id":"https:\/\/loftrunway.com\/de\/products\/nike-zoomx-zegama-white-vivid-sulfur\/#primaryimage"},"image":{"@id":"https:\/\/loftrunway.com\/de\/products\/nike-zoomx-zegama-white-vivid-sulfur\/#primaryimage"},"thumbnailUrl":"https:\/\/images.novelship.com\/product\/nike_zoomx_zegama__white_vivid_sulfur__dh0623-100_0_31358.jpeg","datePublished":"2026-03-02T09:26:20+00:00","dateModified":"2026-04-02T08:14:52+00:00","breadcrumb":{"@id":"https:\/\/loftrunway.com\/de\/products\/nike-zoomx-zegama-white-vivid-sulfur\/#breadcrumb"},"inLanguage":"de","potentialAction":[{"@type":"ReadAction","target":["https:\/\/loftrunway.com\/de\/products\/nike-zoomx-zegama-white-vivid-sulfur\/"]}]},{"@type":"ImageObject","inLanguage":"de","@id":"https:\/\/loftrunway.com\/de\/products\/nike-zoomx-zegama-white-vivid-sulfur\/#primaryimage","url":"https:\/\/images.novelship.com\/product\/nike_zoomx_zegama__white_vivid_sulfur__dh0623-100_0_31358.jpeg","contentUrl":"https:\/\/images.novelship.com\/product\/nike_zoomx_zegama__white_vivid_sulfur__dh0623-100_0_31358.jpeg"},{"@type":"BreadcrumbList","@id":"https:\/\/loftrunway.com\/de\/products\/nike-zoomx-zegama-white-vivid-sulfur\/#breadcrumb","itemListElement":[{"@type":"ListItem","position":1,"name":"Home","item":"https:\/\/loftrunway.com\/de\/"},{"@type":"ListItem","position":2,"name":"Shop","item":"https:\/\/loftrunway.com\/de\/shop\/"},{"@type":"ListItem","position":3,"name":"Nike ZoomX Zegama &#8218;White Vivid Sulfur&#8216;"}]},{"@type":"WebSite","@id":"https:\/\/loftrunway.com\/de\/#website","url":"https:\/\/loftrunway.com\/de\/","name":"Styloral Jewelry Shop","description":"Der Ort, an dem man alle Arten von Sneakern findet","publisher":{"@id":"https:\/\/loftrunway.com\/de\/#organization"},"potentialAction":[{"@type":"SearchAction","target":{"@type":"EntryPoint","urlTemplate":"https:\/\/loftrunway.com\/de\/?s={search_term_string}"},"query-input":{"@type":"PropertyValueSpecification","valueRequired":true,"valueName":"search_term_string"}}],"inLanguage":"de"},{"@type":"Organization","@id":"https:\/\/loftrunway.com\/de\/#organization","name":"STYLORAL PTE. LTD","url":"https:\/\/loftrunway.com\/de\/","logo":{"@type":"ImageObject","inLanguage":"de","@id":"https:\/\/loftrunway.com\/de\/#\/schema\/logo\/image\/","url":"https:\/\/www.loftrunway.com\/wp-content\/uploads\/2025\/12\/logo.png","contentUrl":"https:\/\/www.loftrunway.com\/wp-content\/uploads\/2025\/12\/logo.png","width":200,"height":65,"caption":"STYLORAL PTE. LTD"},"image":{"@id":"https:\/\/loftrunway.com\/de\/#\/schema\/logo\/image\/"}}]}},"_links":{"self":[{"href":"https:\/\/loftrunway.com\/de\/wp-json\/wp\/v2\/product\/173939","targetHints":{"allow":["GET"]}}],"collection":[{"href":"https:\/\/loftrunway.com\/de\/wp-json\/wp\/v2\/product"}],"about":[{"href":"https:\/\/loftrunway.com\/de\/wp-json\/wp\/v2\/types\/product"}],"replies":[{"embeddable":true,"href":"https:\/\/loftrunway.com\/de\/wp-json\/wp\/v2\/comments?post=173939"}],"wp:featuredmedia":[{"embeddable":true,"href":"https:\/\/loftrunway.com\/de\/wp-json\/wp\/v2\/media\/173940"}],"wp:attachment":[{"href":"https:\/\/loftrunway.com\/de\/wp-json\/wp\/v2\/media?parent=173939"}],"wp:term":[{"taxonomy":"product_brand","embeddable":true,"href":"https:\/\/loftrunway.com\/de\/wp-json\/wp\/v2\/product_brand?post=173939"},{"taxonomy":"product_cat","embeddable":true,"href":"https:\/\/loftrunway.com\/de\/wp-json\/wp\/v2\/product_cat?post=173939"},{"taxonomy":"product_tag","embeddable":true,"href":"https:\/\/loftrunway.com\/de\/wp-json\/wp\/v2\/product_tag?post=173939"}],"curies":[{"name":"wp","href":"https:\/\/api.w.org\/{rel}","templated":true}]}}