{"id":177983,"date":"2026-03-02T16:32:29","date_gmt":"2026-03-02T09:32:29","guid":{"rendered":"http:\/\/loftrunway.com\/product\/air-jordan-13-retro-altitude-2017"},"modified":"2026-04-03T19:47:16","modified_gmt":"2026-04-03T12:47:16","slug":"air-jordan-13-retro-altitude-2017","status":"publish","type":"product","link":"https:\/\/loftrunway.com\/de\/products\/air-jordan-13-retro-altitude-2017\/","title":{"rendered":"Air Jordan 13 Retro &#8218;Altitude&#8216; 2017"},"content":{"rendered":"<p>Mit dem Air Jordan 13 Retro &#8218;Altitude&#8216; 2017 (414571-042) verleihst du deinem Sneaker-Style das gewisse Etwas. Das elegante schwarze Leder-Obermaterial wird durch markante gr\u00fcne Akzente perfekt erg\u00e4nzt und vereint Style und Komfort. Die Au\u00dfensohle mit Fischgr\u00e4tenmuster sorgt f\u00fcr optimalen Grip, w\u00e4hrend die gepolsterte Mittelsohle ganzt\u00e4gigen Tragekomfort bietet. Der &#8218;Altitude&#8216; 13 ist perfekt f\u00fcr Sammler und alle, die ihn gerne tragen \u201d\u201c zeitlose Eleganz und erstklassige Verarbeitung zeichnen ihn aus. Mit einem Sneaker, der sich bew\u00e4hrt und f\u00fcr einen souver\u00e4nen Auftritt sorgt, bist du bestens ger\u00fcstet.<\/p>\n<p>Farbgebung: Schwarz\/Altitude Green<\/p>\n<p>Artikelnummer: 414571-042<br \/>\nObermaterial: Leder<br \/>\nZwischensohle: Air<\/p>\n<p>Farbe: Schwarz<br \/>\nDesigner: Tinker Hatfield<br \/>\nSaison: Winter<br \/>\nErscheinungsjahr: 2017<\/p>\n","protected":false},"excerpt":{"rendered":"<p>Jordan Jordan 13 Retro \u201d\u201d Black\/Altitude Green<\/p>\n","protected":false},"featured_media":177984,"comment_status":"open","ping_status":"closed","template":"","meta":[],"product_brand":[],"product_cat":[10780],"product_tag":[10800,10753,10776,11349,11350,18710,10802],"class_list":{"0":"post-177983","1":"product","2":"type-product","3":"status-publish","4":"has-post-thumbnail","6":"product_cat-air-jordan","7":"product_tag-basketball-shoes","8":"product_tag-gift-for-him","9":"product_tag-jordan","10":"product_tag-jordan-basketball-shoes","11":"product_tag-jordan-skateboarding-shoes","12":"product_tag-lighweight-basketball-shoes","13":"product_tag-performance-sport-shoes","14":"wcpa_has_options","16":"first","17":"instock","18":"taxable","19":"shipping-taxable","20":"purchasable","21":"product-type-simple"},"wcpa_form_fields":{"rules":{"pric_overide_base_price":false,"pric_overide_base_price_if_gt_zero":false,"pric_overide_base_price_fully":false,"pric_cal_option_once":false,"pric_use_as_fee":false,"bind_quantity":false,"quantity_bind_formula":false},"fields":[{"type":"color-group","required":true,"elementId":"wcpa-color-group-66c4a75505e74","label":"Gr\u00f6\u00dfe - EU Gr\u00f6\u00dfe","inline":true,"priceOptions":"different_for_all","pricingType":"fixed","className":"hassizechart product-shoes-size-eu product-shoes-size","name":"color-group-66c4a75505e89","disp_type":"square","selection_type":"tick-border","disp_size":"44","show_label_inside":true,"adjust_width":true,"cart_display_type":"text","other_text":"Other","cl_rule":"show","col":6,"values":[{"label":"35.5","value":"EU 35.5","price":"","pimage":"","pimage_id":"","pthumb":"","color":""},{"label":"36","value":"EU 36","price":"","pimage":"","pimage_id":"","pthumb":"","color":"","selected":true},{"label":"36.5","value":"EU 36.5","price":"","pimage":"","pimage_id":"","pthumb":"","color":""},{"label":"37.5","value":"EU 37.5","price":"","pimage":"","pimage_id":"","pthumb":"","color":""},{"label":"38","value":"EU 38","price":"","pimage":"","pimage_id":"","pthumb":"","color":""},{"label":"38.5","value":"EU 38.5","price":"","pimage":"","pimage_id":"","pthumb":"","color":""},{"label":"39","value":"EU 39","price":"","pimage":"","pimage_id":"","pthumb":"","color":""},{"label":"40","value":"EU 40","price":"","pimage":"","pimage_id":"","pthumb":"","color":""},{"label":"40.5","value":"EU 40.5","price":"","pimage":"","pimage_id":"","pthumb":"","color":""},{"label":"41","value":"EU 41","price":"","pimage":"","pimage_id":"","pthumb":"","color":""},{"label":"42","value":"EU 42","price":"","pimage":"","pimage_id":"","pthumb":"","color":""},{"label":"42.5","value":"EU 42.5","price":"","pimage":"","pimage_id":"","pthumb":"","color":""},{"label":"43","value":"EU 43","price":"","pimage":"","pimage_id":"","pthumb":"","color":""},{"label":"44","value":"EU 44","price":"","pimage":"","pimage_id":"","pthumb":"","color":""},{"label":"44.5","value":"EU 44.5","price":"","pimage":"","pimage_id":"","pthumb":"","color":""},{"label":"45","value":"EU 45","price":"","pimage":"","pimage_id":"","pthumb":"","color":""},{"label":"45.5","value":"EU 45.5","price":"","pimage":"","pimage_id":"","pthumb":"","color":""},{"label":"46","value":"EU 46","price":"","pimage":"","pimage_id":"","pthumb":"","color":""},{"label":"47","value":"EU 47","price":"","pimage":"","pimage_id":"","pthumb":"","color":""},{"label":"47.5","value":"EU 47.5","price":"","pimage":"","pimage_id":"","pthumb":"","color":""},{"label":"48","value":"EU 48","price":"","pimage":"","pimage_id":"","pthumb":"","color":""}],"relations":[{"operator":false,"rules":[]}],"form_id":18106,"form_rules":{"pric_cal_option_once":false,"exclude_from_discount":false,"pric_use_as_fee":false,"fee_label":"Fee","render_after_acb":false,"disp_hide_options_price":false}}]},"yoast_head":"<!-- This site is optimized with the Yoast SEO plugin v26.5 - https:\/\/yoast.com\/wordpress\/plugins\/seo\/ -->\n<title>Air Jordan 13 Retro &#039;Altitude&#039; 2017  - Loftrunway<\/title>\n<meta name=\"robots\" content=\"index, follow, max-snippet:-1, max-image-preview:large, max-video-preview:-1\" \/>\n<link rel=\"canonical\" href=\"https:\/\/loftrunway.com\/de\/products\/air-jordan-13-retro-altitude-2017\/\" \/>\n<meta property=\"og:locale\" content=\"de_DE\" \/>\n<meta property=\"og:type\" content=\"article\" \/>\n<meta property=\"og:title\" content=\"Air Jordan 13 Retro &#039;Altitude&#039; 2017  - Loftrunway\" \/>\n<meta property=\"og:description\" content=\"Jordan Jordan 13 Retro \u201d\u201d Black\/Altitude Green\" \/>\n<meta property=\"og:url\" content=\"https:\/\/loftrunway.com\/de\/products\/air-jordan-13-retro-altitude-2017\/\" \/>\n<meta property=\"og:site_name\" content=\"loftRUN Sneaker Store\" \/>\n<meta property=\"article:modified_time\" content=\"2026-04-03T12:47:16+00:00\" \/>\n<meta name=\"twitter:card\" content=\"summary_large_image\" \/>\n<meta name=\"twitter:image\" content=\"https:\/\/images.novelship.com\/product\/air_jordan_13_retro__altitude__2017_414571_042_0_93730.jpeg\" \/>\n<meta name=\"twitter:label1\" content=\"Gesch\u00e4tzte Lesezeit\" \/>\n\t<meta name=\"twitter:data1\" content=\"1\u00a0Minute\" \/>\n<script type=\"application\/ld+json\" class=\"yoast-schema-graph\">{\"@context\":\"https:\/\/schema.org\",\"@graph\":[{\"@type\":\"WebPage\",\"@id\":\"https:\/\/loftrunway.com\/de\/products\/air-jordan-13-retro-altitude-2017\/\",\"url\":\"https:\/\/loftrunway.com\/de\/products\/air-jordan-13-retro-altitude-2017\/\",\"name\":\"Air Jordan 13 Retro 'Altitude' 2017 - Loftrunway\",\"isPartOf\":{\"@id\":\"https:\/\/loftrunway.com\/de\/#website\"},\"primaryImageOfPage\":{\"@id\":\"https:\/\/loftrunway.com\/de\/products\/air-jordan-13-retro-altitude-2017\/#primaryimage\"},\"image\":{\"@id\":\"https:\/\/loftrunway.com\/de\/products\/air-jordan-13-retro-altitude-2017\/#primaryimage\"},\"thumbnailUrl\":\"https:\/\/images.novelship.com\/product\/air_jordan_13_retro__altitude__2017_414571_042_0_93730.jpeg\",\"datePublished\":\"2026-03-02T09:32:29+00:00\",\"dateModified\":\"2026-04-03T12:47:16+00:00\",\"breadcrumb\":{\"@id\":\"https:\/\/loftrunway.com\/de\/products\/air-jordan-13-retro-altitude-2017\/#breadcrumb\"},\"inLanguage\":\"de\",\"potentialAction\":[{\"@type\":\"ReadAction\",\"target\":[\"https:\/\/loftrunway.com\/de\/products\/air-jordan-13-retro-altitude-2017\/\"]}]},{\"@type\":\"ImageObject\",\"inLanguage\":\"de\",\"@id\":\"https:\/\/loftrunway.com\/de\/products\/air-jordan-13-retro-altitude-2017\/#primaryimage\",\"url\":\"https:\/\/images.novelship.com\/product\/air_jordan_13_retro__altitude__2017_414571_042_0_93730.jpeg\",\"contentUrl\":\"https:\/\/images.novelship.com\/product\/air_jordan_13_retro__altitude__2017_414571_042_0_93730.jpeg\"},{\"@type\":\"BreadcrumbList\",\"@id\":\"https:\/\/loftrunway.com\/de\/products\/air-jordan-13-retro-altitude-2017\/#breadcrumb\",\"itemListElement\":[{\"@type\":\"ListItem\",\"position\":1,\"name\":\"Home\",\"item\":\"https:\/\/loftrunway.com\/de\/\"},{\"@type\":\"ListItem\",\"position\":2,\"name\":\"Shop\",\"item\":\"https:\/\/loftrunway.com\/de\/shop\/\"},{\"@type\":\"ListItem\",\"position\":3,\"name\":\"Air Jordan 13 Retro &#8218;Altitude&#8216; 2017\"}]},{\"@type\":\"WebSite\",\"@id\":\"https:\/\/loftrunway.com\/de\/#website\",\"url\":\"https:\/\/loftrunway.com\/de\/\",\"name\":\"Styloral Jewelry Shop\",\"description\":\"Der Ort, an dem man alle Arten von Sneakern findet\",\"publisher\":{\"@id\":\"https:\/\/loftrunway.com\/de\/#organization\"},\"potentialAction\":[{\"@type\":\"SearchAction\",\"target\":{\"@type\":\"EntryPoint\",\"urlTemplate\":\"https:\/\/loftrunway.com\/de\/?s={search_term_string}\"},\"query-input\":{\"@type\":\"PropertyValueSpecification\",\"valueRequired\":true,\"valueName\":\"search_term_string\"}}],\"inLanguage\":\"de\"},{\"@type\":\"Organization\",\"@id\":\"https:\/\/loftrunway.com\/de\/#organization\",\"name\":\"STYLORAL PTE. LTD\",\"url\":\"https:\/\/loftrunway.com\/de\/\",\"logo\":{\"@type\":\"ImageObject\",\"inLanguage\":\"de\",\"@id\":\"https:\/\/loftrunway.com\/de\/#\/schema\/logo\/image\/\",\"url\":\"https:\/\/www.loftrunway.com\/wp-content\/uploads\/2025\/12\/logo.png\",\"contentUrl\":\"https:\/\/www.loftrunway.com\/wp-content\/uploads\/2025\/12\/logo.png\",\"width\":200,\"height\":65,\"caption\":\"STYLORAL PTE. LTD\"},\"image\":{\"@id\":\"https:\/\/loftrunway.com\/de\/#\/schema\/logo\/image\/\"}}]}<\/script>\n<!-- \/ Yoast SEO plugin. -->","yoast_head_json":{"title":"Air Jordan 13 Retro 'Altitude' 2017  - Loftrunway","robots":{"index":"index","follow":"follow","max-snippet":"max-snippet:-1","max-image-preview":"max-image-preview:large","max-video-preview":"max-video-preview:-1"},"canonical":"https:\/\/loftrunway.com\/de\/products\/air-jordan-13-retro-altitude-2017\/","og_locale":"de_DE","og_type":"article","og_title":"Air Jordan 13 Retro 'Altitude' 2017  - Loftrunway","og_description":"Jordan Jordan 13 Retro \u201d\u201d Black\/Altitude Green","og_url":"https:\/\/loftrunway.com\/de\/products\/air-jordan-13-retro-altitude-2017\/","og_site_name":"loftRUN Sneaker Store","article_modified_time":"2026-04-03T12:47:16+00:00","twitter_card":"summary_large_image","twitter_image":"https:\/\/images.novelship.com\/product\/air_jordan_13_retro__altitude__2017_414571_042_0_93730.jpeg","twitter_misc":{"Gesch\u00e4tzte Lesezeit":"1\u00a0Minute"},"schema":{"@context":"https:\/\/schema.org","@graph":[{"@type":"WebPage","@id":"https:\/\/loftrunway.com\/de\/products\/air-jordan-13-retro-altitude-2017\/","url":"https:\/\/loftrunway.com\/de\/products\/air-jordan-13-retro-altitude-2017\/","name":"Air Jordan 13 Retro 'Altitude' 2017 - Loftrunway","isPartOf":{"@id":"https:\/\/loftrunway.com\/de\/#website"},"primaryImageOfPage":{"@id":"https:\/\/loftrunway.com\/de\/products\/air-jordan-13-retro-altitude-2017\/#primaryimage"},"image":{"@id":"https:\/\/loftrunway.com\/de\/products\/air-jordan-13-retro-altitude-2017\/#primaryimage"},"thumbnailUrl":"https:\/\/images.novelship.com\/product\/air_jordan_13_retro__altitude__2017_414571_042_0_93730.jpeg","datePublished":"2026-03-02T09:32:29+00:00","dateModified":"2026-04-03T12:47:16+00:00","breadcrumb":{"@id":"https:\/\/loftrunway.com\/de\/products\/air-jordan-13-retro-altitude-2017\/#breadcrumb"},"inLanguage":"de","potentialAction":[{"@type":"ReadAction","target":["https:\/\/loftrunway.com\/de\/products\/air-jordan-13-retro-altitude-2017\/"]}]},{"@type":"ImageObject","inLanguage":"de","@id":"https:\/\/loftrunway.com\/de\/products\/air-jordan-13-retro-altitude-2017\/#primaryimage","url":"https:\/\/images.novelship.com\/product\/air_jordan_13_retro__altitude__2017_414571_042_0_93730.jpeg","contentUrl":"https:\/\/images.novelship.com\/product\/air_jordan_13_retro__altitude__2017_414571_042_0_93730.jpeg"},{"@type":"BreadcrumbList","@id":"https:\/\/loftrunway.com\/de\/products\/air-jordan-13-retro-altitude-2017\/#breadcrumb","itemListElement":[{"@type":"ListItem","position":1,"name":"Home","item":"https:\/\/loftrunway.com\/de\/"},{"@type":"ListItem","position":2,"name":"Shop","item":"https:\/\/loftrunway.com\/de\/shop\/"},{"@type":"ListItem","position":3,"name":"Air Jordan 13 Retro &#8218;Altitude&#8216; 2017"}]},{"@type":"WebSite","@id":"https:\/\/loftrunway.com\/de\/#website","url":"https:\/\/loftrunway.com\/de\/","name":"Styloral Jewelry Shop","description":"Der Ort, an dem man alle Arten von Sneakern findet","publisher":{"@id":"https:\/\/loftrunway.com\/de\/#organization"},"potentialAction":[{"@type":"SearchAction","target":{"@type":"EntryPoint","urlTemplate":"https:\/\/loftrunway.com\/de\/?s={search_term_string}"},"query-input":{"@type":"PropertyValueSpecification","valueRequired":true,"valueName":"search_term_string"}}],"inLanguage":"de"},{"@type":"Organization","@id":"https:\/\/loftrunway.com\/de\/#organization","name":"STYLORAL PTE. LTD","url":"https:\/\/loftrunway.com\/de\/","logo":{"@type":"ImageObject","inLanguage":"de","@id":"https:\/\/loftrunway.com\/de\/#\/schema\/logo\/image\/","url":"https:\/\/www.loftrunway.com\/wp-content\/uploads\/2025\/12\/logo.png","contentUrl":"https:\/\/www.loftrunway.com\/wp-content\/uploads\/2025\/12\/logo.png","width":200,"height":65,"caption":"STYLORAL PTE. LTD"},"image":{"@id":"https:\/\/loftrunway.com\/de\/#\/schema\/logo\/image\/"}}]}},"_links":{"self":[{"href":"https:\/\/loftrunway.com\/de\/wp-json\/wp\/v2\/product\/177983","targetHints":{"allow":["GET"]}}],"collection":[{"href":"https:\/\/loftrunway.com\/de\/wp-json\/wp\/v2\/product"}],"about":[{"href":"https:\/\/loftrunway.com\/de\/wp-json\/wp\/v2\/types\/product"}],"replies":[{"embeddable":true,"href":"https:\/\/loftrunway.com\/de\/wp-json\/wp\/v2\/comments?post=177983"}],"wp:featuredmedia":[{"embeddable":true,"href":"https:\/\/loftrunway.com\/de\/wp-json\/wp\/v2\/media\/177984"}],"wp:attachment":[{"href":"https:\/\/loftrunway.com\/de\/wp-json\/wp\/v2\/media?parent=177983"}],"wp:term":[{"taxonomy":"product_brand","embeddable":true,"href":"https:\/\/loftrunway.com\/de\/wp-json\/wp\/v2\/product_brand?post=177983"},{"taxonomy":"product_cat","embeddable":true,"href":"https:\/\/loftrunway.com\/de\/wp-json\/wp\/v2\/product_cat?post=177983"},{"taxonomy":"product_tag","embeddable":true,"href":"https:\/\/loftrunway.com\/de\/wp-json\/wp\/v2\/product_tag?post=177983"}],"curies":[{"name":"wp","href":"https:\/\/api.w.org\/{rel}","templated":true}]}}