{"id":178222,"date":"2026-03-02T16:32:50","date_gmt":"2026-03-02T09:32:50","guid":{"rendered":"http:\/\/loftrunway.com\/product\/hikari-shibata-x-adidas-gazelle-indoor-white-night-grey-gum"},"modified":"2026-04-03T19:47:20","modified_gmt":"2026-04-03T12:47:20","slug":"hikari-shibata-x-adidas-gazelle-indoor-white-night-grey-gum","status":"publish","type":"product","link":"https:\/\/loftrunway.com\/de\/products\/hikari-shibata-x-adidas-gazelle-indoor-white-night-grey-gum\/","title":{"rendered":"Hikari Shibata x adidas Gazelle Indoor &#8218;White Night Grey Gum&#8216;"},"content":{"rendered":"<p>Wir pr\u00e4sentieren den Hikari Shibata x adidas Gazelle Indoor &#8218;White Night Grey Gum&#8216; IH9985 \u201d\u201c eine Fusion aus modernem Streetstyle und klassischer Sportswear-Eleganz.<\/p>\n<p>Diese Sneaker aus weichem Veloursleder bestechen durch edle graue Eins\u00e4tze, kontrastierende Gummisohlen und eine strahlend wei\u00dfe Basis. Die ikonische Silhouette wird durch die detailreichen 3-Streifen und das raffinierte Logo zus\u00e4tzlich aufgewertet. Diese limitierte Kollaboration vereint zeitlose \u00c4sthetik mit modernem Flair und kreiert so einen Sneaker, der ein echtes Statement setzt und Ihre Garderobe perfekt aufwertet.<\/p>\n<ul>\n<li><strong>Farbgebung:<\/strong> Core White\/Night Gray\/Cream White<\/li>\n<li><strong>Style-Code:<\/strong> IH9985<\/li>\n<li><strong>Obermaterial:<\/strong> Nylon<\/li>\n<li><strong>Farbe:<\/strong> Wei\u00df<\/li>\n<li><strong>Erscheinungsjahr:<\/strong> 2024<\/li>\n<\/ul>\n","protected":false},"excerpt":{"rendered":"<p>adidas Gazelle Indoor \u201d\u201d Core White\/Night Gray\/Cream White<\/p>\n","protected":false},"featured_media":178223,"comment_status":"open","ping_status":"closed","template":"","meta":[],"product_brand":[],"product_cat":[10760],"product_tag":[10759,10750,10752,10753,10754,11460,10756,10758],"class_list":{"0":"post-178222","1":"product","2":"type-product","3":"status-publish","4":"has-post-thumbnail","6":"product_cat-adidas","7":"product_tag-adidas","8":"product_tag-athleisure-shoes","9":"product_tag-gallery-look","10":"product_tag-gift-for-him","11":"product_tag-lifestyle-casual-shoes","12":"product_tag-lifestyle-shoes-casual","13":"product_tag-retro-casual-shoes","14":"product_tag-under-retail","15":"wcpa_has_options","17":"first","18":"instock","19":"taxable","20":"shipping-taxable","21":"purchasable","22":"product-type-simple"},"wcpa_form_fields":{"rules":{"pric_overide_base_price":false,"pric_overide_base_price_if_gt_zero":false,"pric_overide_base_price_fully":false,"pric_cal_option_once":false,"pric_use_as_fee":false,"bind_quantity":false,"quantity_bind_formula":false},"fields":[{"type":"color-group","required":true,"elementId":"wcpa-color-group-66c4a7f817afe","label":"Gr\u00f6\u00dfe","inline":true,"priceOptions":"different_for_all","pricingType":"fixed","className":"hassizechart product-shoes-size-eu product-shoes-size","name":"color-group-66c4a7f817b18","disp_type":"square","selection_type":"tick-border","disp_size":"50","show_label_inside":true,"adjust_width":true,"cart_display_type":"text","other_text":"Other","cl_rule":"show","col":6,"values":[{"label":"35","value":"EU 35","price":"","pimage":"","pimage_id":"","pthumb":"","color":""},{"label":"35.5","value":"EU 35.5","price":"","pimage":"","pimage_id":"","pthumb":"","color":""},{"label":"36","value":"EU 36","price":"","pimage":"","pimage_id":"","pthumb":"","color":"","selected":true},{"label":"36 2\/3","value":"EU 36 2\/3","price":"","pimage":"","pimage_id":"","pthumb":"","color":""},{"label":"37 1\/3","value":"EU 37 1\/3","price":"","pimage":"","pimage_id":"","pthumb":"","color":""},{"label":"38","value":"EU 38","price":"","pimage":"","pimage_id":"","pthumb":"","color":""},{"label":"38 2\/3","value":"EU 38 2\/3","price":"","pimage":"","pimage_id":"","pthumb":"","color":""},{"label":"39 1\/3","value":"EU 39 1\/3","price":"","pimage":"","pimage_id":"","pthumb":"","color":""},{"label":"40","value":"EU 40","price":"","pimage":"","pimage_id":"","pthumb":"","color":""},{"label":"40 2\/3","value":"EU 40 2\/3","price":"","pimage":"","pimage_id":"","pthumb":"","color":""},{"label":"41 1\/3","value":"EU 41 1\/3","price":"","pimage":"","pimage_id":"","pthumb":"","color":""},{"label":"42","value":"EU 42","price":"","pimage":"","pimage_id":"","pthumb":"","color":""},{"label":"42 2\/3","value":"EU 42 2\/3","price":"","pimage":"","pimage_id":"","pthumb":"","color":""},{"label":"43 1\/3","value":"EU 43 1\/3","price":"","pimage":"","pimage_id":"","pthumb":"","color":""},{"label":"44","value":"EU 44","price":"","pimage":"","pimage_id":"","pthumb":"","color":""},{"label":"44 2\/3","value":"EU 44 2\/3","price":"","pimage":"","pimage_id":"","pthumb":"","color":""},{"label":"45 1\/3","value":"EU 45 1\/3","price":"","pimage":"","pimage_id":"","pthumb":"","color":""},{"label":"46","value":"EU 46","price":"","pimage":"","pimage_id":"","pthumb":"","color":""},{"label":"46 2\/3","value":"EU 46 2\/3","price":"","pimage":"","pimage_id":"","pthumb":"","color":""},{"label":"47 1\/3","value":"EU 47 1\/3","price":"","pimage":"","pimage_id":"","pthumb":"","color":""}],"relations":[{"operator":false,"rules":[]}],"form_id":24802,"form_rules":{"pric_cal_option_once":false,"exclude_from_discount":false,"pric_use_as_fee":false,"fee_label":"Fee","render_after_acb":false,"disp_hide_options_price":false}}]},"yoast_head":"<!-- This site is optimized with the Yoast SEO plugin v26.5 - https:\/\/yoast.com\/wordpress\/plugins\/seo\/ -->\n<title>Hikari Shibata x adidas Gazelle Indoor &#039;White Night Grey Gum&#039;  - Loftrunway<\/title>\n<meta name=\"robots\" content=\"index, follow, max-snippet:-1, max-image-preview:large, max-video-preview:-1\" \/>\n<link rel=\"canonical\" href=\"https:\/\/loftrunway.com\/de\/products\/hikari-shibata-x-adidas-gazelle-indoor-white-night-grey-gum\/\" \/>\n<meta property=\"og:locale\" content=\"de_DE\" \/>\n<meta property=\"og:type\" content=\"article\" \/>\n<meta property=\"og:title\" content=\"Hikari Shibata x adidas Gazelle Indoor &#039;White Night Grey Gum&#039;  - Loftrunway\" \/>\n<meta property=\"og:description\" content=\"adidas Gazelle Indoor \u201d\u201d Core White\/Night Gray\/Cream White\" \/>\n<meta property=\"og:url\" content=\"https:\/\/loftrunway.com\/de\/products\/hikari-shibata-x-adidas-gazelle-indoor-white-night-grey-gum\/\" \/>\n<meta property=\"og:site_name\" content=\"loftRUN Sneaker Store\" \/>\n<meta property=\"article:modified_time\" content=\"2026-04-03T12:47:20+00:00\" \/>\n<meta name=\"twitter:card\" content=\"summary_large_image\" \/>\n<meta name=\"twitter:image\" content=\"https:\/\/images.novelship.com\/product\/hikari_shibata_x_adidas_gazelle_indoor__white_nigh_0_47860.jpeg\" \/>\n<script type=\"application\/ld+json\" class=\"yoast-schema-graph\">{\"@context\":\"https:\/\/schema.org\",\"@graph\":[{\"@type\":\"WebPage\",\"@id\":\"https:\/\/loftrunway.com\/de\/products\/hikari-shibata-x-adidas-gazelle-indoor-white-night-grey-gum\/\",\"url\":\"https:\/\/loftrunway.com\/de\/products\/hikari-shibata-x-adidas-gazelle-indoor-white-night-grey-gum\/\",\"name\":\"Hikari Shibata x adidas Gazelle Indoor 'White Night Grey Gum' - Loftrunway\",\"isPartOf\":{\"@id\":\"https:\/\/loftrunway.com\/de\/#website\"},\"primaryImageOfPage\":{\"@id\":\"https:\/\/loftrunway.com\/de\/products\/hikari-shibata-x-adidas-gazelle-indoor-white-night-grey-gum\/#primaryimage\"},\"image\":{\"@id\":\"https:\/\/loftrunway.com\/de\/products\/hikari-shibata-x-adidas-gazelle-indoor-white-night-grey-gum\/#primaryimage\"},\"thumbnailUrl\":\"https:\/\/images.novelship.com\/product\/hikari_shibata_x_adidas_gazelle_indoor__white_nigh_0_47860.jpeg\",\"datePublished\":\"2026-03-02T09:32:50+00:00\",\"dateModified\":\"2026-04-03T12:47:20+00:00\",\"breadcrumb\":{\"@id\":\"https:\/\/loftrunway.com\/de\/products\/hikari-shibata-x-adidas-gazelle-indoor-white-night-grey-gum\/#breadcrumb\"},\"inLanguage\":\"de\",\"potentialAction\":[{\"@type\":\"ReadAction\",\"target\":[\"https:\/\/loftrunway.com\/de\/products\/hikari-shibata-x-adidas-gazelle-indoor-white-night-grey-gum\/\"]}]},{\"@type\":\"ImageObject\",\"inLanguage\":\"de\",\"@id\":\"https:\/\/loftrunway.com\/de\/products\/hikari-shibata-x-adidas-gazelle-indoor-white-night-grey-gum\/#primaryimage\",\"url\":\"https:\/\/images.novelship.com\/product\/hikari_shibata_x_adidas_gazelle_indoor__white_nigh_0_47860.jpeg\",\"contentUrl\":\"https:\/\/images.novelship.com\/product\/hikari_shibata_x_adidas_gazelle_indoor__white_nigh_0_47860.jpeg\"},{\"@type\":\"BreadcrumbList\",\"@id\":\"https:\/\/loftrunway.com\/de\/products\/hikari-shibata-x-adidas-gazelle-indoor-white-night-grey-gum\/#breadcrumb\",\"itemListElement\":[{\"@type\":\"ListItem\",\"position\":1,\"name\":\"Home\",\"item\":\"https:\/\/loftrunway.com\/de\/\"},{\"@type\":\"ListItem\",\"position\":2,\"name\":\"Shop\",\"item\":\"https:\/\/loftrunway.com\/de\/shop\/\"},{\"@type\":\"ListItem\",\"position\":3,\"name\":\"Hikari Shibata x adidas Gazelle Indoor &#8218;White Night Grey Gum&#8216;\"}]},{\"@type\":\"WebSite\",\"@id\":\"https:\/\/loftrunway.com\/de\/#website\",\"url\":\"https:\/\/loftrunway.com\/de\/\",\"name\":\"Styloral Jewelry Shop\",\"description\":\"Der Ort, an dem man alle Arten von Sneakern findet\",\"publisher\":{\"@id\":\"https:\/\/loftrunway.com\/de\/#organization\"},\"potentialAction\":[{\"@type\":\"SearchAction\",\"target\":{\"@type\":\"EntryPoint\",\"urlTemplate\":\"https:\/\/loftrunway.com\/de\/?s={search_term_string}\"},\"query-input\":{\"@type\":\"PropertyValueSpecification\",\"valueRequired\":true,\"valueName\":\"search_term_string\"}}],\"inLanguage\":\"de\"},{\"@type\":\"Organization\",\"@id\":\"https:\/\/loftrunway.com\/de\/#organization\",\"name\":\"STYLORAL PTE. LTD\",\"url\":\"https:\/\/loftrunway.com\/de\/\",\"logo\":{\"@type\":\"ImageObject\",\"inLanguage\":\"de\",\"@id\":\"https:\/\/loftrunway.com\/de\/#\/schema\/logo\/image\/\",\"url\":\"https:\/\/www.loftrunway.com\/wp-content\/uploads\/2025\/12\/logo.png\",\"contentUrl\":\"https:\/\/www.loftrunway.com\/wp-content\/uploads\/2025\/12\/logo.png\",\"width\":200,\"height\":65,\"caption\":\"STYLORAL PTE. LTD\"},\"image\":{\"@id\":\"https:\/\/loftrunway.com\/de\/#\/schema\/logo\/image\/\"}}]}<\/script>\n<!-- \/ Yoast SEO plugin. -->","yoast_head_json":{"title":"Hikari Shibata x adidas Gazelle Indoor 'White Night Grey Gum'  - Loftrunway","robots":{"index":"index","follow":"follow","max-snippet":"max-snippet:-1","max-image-preview":"max-image-preview:large","max-video-preview":"max-video-preview:-1"},"canonical":"https:\/\/loftrunway.com\/de\/products\/hikari-shibata-x-adidas-gazelle-indoor-white-night-grey-gum\/","og_locale":"de_DE","og_type":"article","og_title":"Hikari Shibata x adidas Gazelle Indoor 'White Night Grey Gum'  - Loftrunway","og_description":"adidas Gazelle Indoor \u201d\u201d Core White\/Night Gray\/Cream White","og_url":"https:\/\/loftrunway.com\/de\/products\/hikari-shibata-x-adidas-gazelle-indoor-white-night-grey-gum\/","og_site_name":"loftRUN Sneaker Store","article_modified_time":"2026-04-03T12:47:20+00:00","twitter_card":"summary_large_image","twitter_image":"https:\/\/images.novelship.com\/product\/hikari_shibata_x_adidas_gazelle_indoor__white_nigh_0_47860.jpeg","schema":{"@context":"https:\/\/schema.org","@graph":[{"@type":"WebPage","@id":"https:\/\/loftrunway.com\/de\/products\/hikari-shibata-x-adidas-gazelle-indoor-white-night-grey-gum\/","url":"https:\/\/loftrunway.com\/de\/products\/hikari-shibata-x-adidas-gazelle-indoor-white-night-grey-gum\/","name":"Hikari Shibata x adidas Gazelle Indoor 'White Night Grey Gum' - Loftrunway","isPartOf":{"@id":"https:\/\/loftrunway.com\/de\/#website"},"primaryImageOfPage":{"@id":"https:\/\/loftrunway.com\/de\/products\/hikari-shibata-x-adidas-gazelle-indoor-white-night-grey-gum\/#primaryimage"},"image":{"@id":"https:\/\/loftrunway.com\/de\/products\/hikari-shibata-x-adidas-gazelle-indoor-white-night-grey-gum\/#primaryimage"},"thumbnailUrl":"https:\/\/images.novelship.com\/product\/hikari_shibata_x_adidas_gazelle_indoor__white_nigh_0_47860.jpeg","datePublished":"2026-03-02T09:32:50+00:00","dateModified":"2026-04-03T12:47:20+00:00","breadcrumb":{"@id":"https:\/\/loftrunway.com\/de\/products\/hikari-shibata-x-adidas-gazelle-indoor-white-night-grey-gum\/#breadcrumb"},"inLanguage":"de","potentialAction":[{"@type":"ReadAction","target":["https:\/\/loftrunway.com\/de\/products\/hikari-shibata-x-adidas-gazelle-indoor-white-night-grey-gum\/"]}]},{"@type":"ImageObject","inLanguage":"de","@id":"https:\/\/loftrunway.com\/de\/products\/hikari-shibata-x-adidas-gazelle-indoor-white-night-grey-gum\/#primaryimage","url":"https:\/\/images.novelship.com\/product\/hikari_shibata_x_adidas_gazelle_indoor__white_nigh_0_47860.jpeg","contentUrl":"https:\/\/images.novelship.com\/product\/hikari_shibata_x_adidas_gazelle_indoor__white_nigh_0_47860.jpeg"},{"@type":"BreadcrumbList","@id":"https:\/\/loftrunway.com\/de\/products\/hikari-shibata-x-adidas-gazelle-indoor-white-night-grey-gum\/#breadcrumb","itemListElement":[{"@type":"ListItem","position":1,"name":"Home","item":"https:\/\/loftrunway.com\/de\/"},{"@type":"ListItem","position":2,"name":"Shop","item":"https:\/\/loftrunway.com\/de\/shop\/"},{"@type":"ListItem","position":3,"name":"Hikari Shibata x adidas Gazelle Indoor &#8218;White Night Grey Gum&#8216;"}]},{"@type":"WebSite","@id":"https:\/\/loftrunway.com\/de\/#website","url":"https:\/\/loftrunway.com\/de\/","name":"Styloral Jewelry Shop","description":"Der Ort, an dem man alle Arten von Sneakern findet","publisher":{"@id":"https:\/\/loftrunway.com\/de\/#organization"},"potentialAction":[{"@type":"SearchAction","target":{"@type":"EntryPoint","urlTemplate":"https:\/\/loftrunway.com\/de\/?s={search_term_string}"},"query-input":{"@type":"PropertyValueSpecification","valueRequired":true,"valueName":"search_term_string"}}],"inLanguage":"de"},{"@type":"Organization","@id":"https:\/\/loftrunway.com\/de\/#organization","name":"STYLORAL PTE. LTD","url":"https:\/\/loftrunway.com\/de\/","logo":{"@type":"ImageObject","inLanguage":"de","@id":"https:\/\/loftrunway.com\/de\/#\/schema\/logo\/image\/","url":"https:\/\/www.loftrunway.com\/wp-content\/uploads\/2025\/12\/logo.png","contentUrl":"https:\/\/www.loftrunway.com\/wp-content\/uploads\/2025\/12\/logo.png","width":200,"height":65,"caption":"STYLORAL PTE. LTD"},"image":{"@id":"https:\/\/loftrunway.com\/de\/#\/schema\/logo\/image\/"}}]}},"_links":{"self":[{"href":"https:\/\/loftrunway.com\/de\/wp-json\/wp\/v2\/product\/178222","targetHints":{"allow":["GET"]}}],"collection":[{"href":"https:\/\/loftrunway.com\/de\/wp-json\/wp\/v2\/product"}],"about":[{"href":"https:\/\/loftrunway.com\/de\/wp-json\/wp\/v2\/types\/product"}],"replies":[{"embeddable":true,"href":"https:\/\/loftrunway.com\/de\/wp-json\/wp\/v2\/comments?post=178222"}],"wp:featuredmedia":[{"embeddable":true,"href":"https:\/\/loftrunway.com\/de\/wp-json\/wp\/v2\/media\/178223"}],"wp:attachment":[{"href":"https:\/\/loftrunway.com\/de\/wp-json\/wp\/v2\/media?parent=178222"}],"wp:term":[{"taxonomy":"product_brand","embeddable":true,"href":"https:\/\/loftrunway.com\/de\/wp-json\/wp\/v2\/product_brand?post=178222"},{"taxonomy":"product_cat","embeddable":true,"href":"https:\/\/loftrunway.com\/de\/wp-json\/wp\/v2\/product_cat?post=178222"},{"taxonomy":"product_tag","embeddable":true,"href":"https:\/\/loftrunway.com\/de\/wp-json\/wp\/v2\/product_tag?post=178222"}],"curies":[{"name":"wp","href":"https:\/\/api.w.org\/{rel}","templated":true}]}}