{"id":178534,"date":"2026-03-02T16:33:17","date_gmt":"2026-03-02T09:33:17","guid":{"rendered":"http:\/\/loftrunway.com\/product\/y-3-kaiwa-sneakers"},"modified":"2026-04-02T15:18:36","modified_gmt":"2026-04-02T08:18:36","slug":"y-3-kaiwa-sneakers","status":"publish","type":"product","link":"https:\/\/loftrunway.com\/de\/products\/y-3-kaiwa-sneakers\/","title":{"rendered":"Y-3 Kaiwa Sneakers"},"content":{"rendered":"<p>Mit dem Y-3 Kaiwa IG4055, der perfekten Fusion aus moderner Innovation und zeitlosem Design von Yohji Yamamoto und Adidas, verleihst du deinem Sneaker-Style das gewisse Extra. Diese modernen Sneaker bestechen durch ihre minimalistische \u00c4sthetik und ein hochwertiges Obermaterial aus Leder und Neopren, das f\u00fcr Langlebigkeit und Komfort sorgt. Die ikonische, \u00fcbergro\u00dfe Zwischensohle bietet unvergleichliche D\u00e4mpfung und eine markante, avantgardistische Silhouette, mit der du \u00fcberall auff\u00e4llst.<\/p>\n<p>Der Y-3 Kaiwa besticht durch seine Liebe zum Detail und pr\u00e4sentiert dezente Branding-Elemente wie das Y-3-Logo und Designakzente, die von raffinierter Handwerkskunst zeugen. Dank der leichten Konstruktion und des weichen Futters sind sie ideal f\u00fcr den ganzen Tag und vereinen trendiges Styling mit praktischer Funktionalit\u00e4t.<\/p>\n<p>Diese Sneaker lassen sich nahtlos mit einer Vielzahl von Outfits kombinieren, von l\u00e4ssiger Streetwear bis hin zu elegantem Casual-Chic, und sind somit ein Must-have f\u00fcr jede Garderobe. Das elegante Design und die innovativen Materialien spiegeln die perfekte Verbindung von moderner Sportswear und topaktueller Mode wider. Ob beim Stadtbummel oder auf einem Event \u201d\u201c \u201d\u2039\u201d\u2039der Y-3 Kaiwa IG4055 bietet unvergleichlichen Style und Performance.<\/p>\n<p>Definiere deine Schuhkollektion neu mit diesem ausdrucksstarken und zugleich dezenten Kunstwerk. Erlebe Premium-Qualit\u00e4t bei jedem Schritt und setze neue Ma\u00dfst\u00e4be f\u00fcr Komfort und Style in der sich st\u00e4ndig weiterentwickelnden Sneaker-Welt.<\/p>\n<li><strong>Farbgebung:<\/strong> Schwarz\/Off-White\/Bliss<\/li>\n<li><strong>Style-Code:<\/strong> IG4055<\/li>\n<li><strong>Obermaterial:<\/strong> Leder<\/li>\n<li><strong>Zwischensohle:<\/strong> EVA<\/li>\n<li><strong>Farbe:<\/strong> Schwarz<\/li>\n<li><strong>Designer:<\/strong> Yohji Yamamoto<\/li>\n<\/ul>\n","protected":false},"excerpt":{"rendered":"<p>adidas Y-3 Kaiwa \u201d\u201d Black\/Off White\/Bliss<\/p>\n","protected":false},"featured_media":178535,"comment_status":"open","ping_status":"closed","template":"","meta":[],"product_brand":[],"product_cat":[10760,41273],"product_tag":[10759,10750,10754,10765,10768,10758],"class_list":{"0":"post-178534","1":"product","2":"type-product","3":"status-publish","4":"has-post-thumbnail","6":"product_cat-adidas","7":"product_cat-remove","8":"product_tag-adidas","9":"product_tag-athleisure-shoes","10":"product_tag-lifestyle-casual-shoes","11":"product_tag-lifestyle-shoes-running-inspired","12":"product_tag-retro-running-shoes","13":"product_tag-under-retail","14":"wcpa_has_options","16":"first","17":"instock","18":"sale","19":"taxable","20":"shipping-taxable","21":"purchasable","22":"product-type-simple"},"wcpa_form_fields":{"rules":{"pric_overide_base_price":false,"pric_overide_base_price_if_gt_zero":false,"pric_overide_base_price_fully":false,"pric_cal_option_once":false,"pric_use_as_fee":false,"bind_quantity":false,"quantity_bind_formula":false},"fields":[{"type":"color-group","required":true,"elementId":"wcpa-color-group-66c4a7f817afe","label":"Gr\u00f6\u00dfe","inline":true,"priceOptions":"different_for_all","pricingType":"fixed","className":"hassizechart product-shoes-size-eu product-shoes-size","name":"color-group-66c4a7f817b18","disp_type":"square","selection_type":"tick-border","disp_size":"50","show_label_inside":true,"adjust_width":true,"cart_display_type":"text","other_text":"Other","cl_rule":"show","col":6,"values":[{"label":"35","value":"EU 35","price":"","pimage":"","pimage_id":"","pthumb":"","color":""},{"label":"35.5","value":"EU 35.5","price":"","pimage":"","pimage_id":"","pthumb":"","color":""},{"label":"36","value":"EU 36","price":"","pimage":"","pimage_id":"","pthumb":"","color":"","selected":true},{"label":"36 2\/3","value":"EU 36 2\/3","price":"","pimage":"","pimage_id":"","pthumb":"","color":""},{"label":"37 1\/3","value":"EU 37 1\/3","price":"","pimage":"","pimage_id":"","pthumb":"","color":""},{"label":"38","value":"EU 38","price":"","pimage":"","pimage_id":"","pthumb":"","color":""},{"label":"38 2\/3","value":"EU 38 2\/3","price":"","pimage":"","pimage_id":"","pthumb":"","color":""},{"label":"39 1\/3","value":"EU 39 1\/3","price":"","pimage":"","pimage_id":"","pthumb":"","color":""},{"label":"40","value":"EU 40","price":"","pimage":"","pimage_id":"","pthumb":"","color":""},{"label":"40 2\/3","value":"EU 40 2\/3","price":"","pimage":"","pimage_id":"","pthumb":"","color":""},{"label":"41 1\/3","value":"EU 41 1\/3","price":"","pimage":"","pimage_id":"","pthumb":"","color":""},{"label":"42","value":"EU 42","price":"","pimage":"","pimage_id":"","pthumb":"","color":""},{"label":"42 2\/3","value":"EU 42 2\/3","price":"","pimage":"","pimage_id":"","pthumb":"","color":""},{"label":"43 1\/3","value":"EU 43 1\/3","price":"","pimage":"","pimage_id":"","pthumb":"","color":""},{"label":"44","value":"EU 44","price":"","pimage":"","pimage_id":"","pthumb":"","color":""},{"label":"44 2\/3","value":"EU 44 2\/3","price":"","pimage":"","pimage_id":"","pthumb":"","color":""},{"label":"45 1\/3","value":"EU 45 1\/3","price":"","pimage":"","pimage_id":"","pthumb":"","color":""},{"label":"46","value":"EU 46","price":"","pimage":"","pimage_id":"","pthumb":"","color":""},{"label":"46 2\/3","value":"EU 46 2\/3","price":"","pimage":"","pimage_id":"","pthumb":"","color":""},{"label":"47 1\/3","value":"EU 47 1\/3","price":"","pimage":"","pimage_id":"","pthumb":"","color":""}],"relations":[{"operator":false,"rules":[]}],"form_id":24802,"form_rules":{"pric_cal_option_once":false,"exclude_from_discount":false,"pric_use_as_fee":false,"fee_label":"Fee","render_after_acb":false,"disp_hide_options_price":false}}]},"yoast_head":"<!-- This site is optimized with the Yoast SEO plugin v26.5 - https:\/\/yoast.com\/wordpress\/plugins\/seo\/ -->\n<title>Y-3 Kaiwa Sneakers  - Loftrunway<\/title>\n<meta name=\"robots\" content=\"index, follow, max-snippet:-1, max-image-preview:large, max-video-preview:-1\" \/>\n<link rel=\"canonical\" href=\"https:\/\/loftrunway.com\/de\/products\/y-3-kaiwa-sneakers\/\" \/>\n<meta property=\"og:locale\" content=\"de_DE\" \/>\n<meta property=\"og:type\" content=\"article\" \/>\n<meta property=\"og:title\" content=\"Y-3 Kaiwa Sneakers  - Loftrunway\" \/>\n<meta property=\"og:description\" content=\"adidas Y-3 Kaiwa \u201d\u201d Black\/Off White\/Bliss\" \/>\n<meta property=\"og:url\" content=\"https:\/\/loftrunway.com\/de\/products\/y-3-kaiwa-sneakers\/\" \/>\n<meta property=\"og:site_name\" content=\"loftRUN Sneaker Store\" \/>\n<meta property=\"article:modified_time\" content=\"2026-04-02T08:18:36+00:00\" \/>\n<meta name=\"twitter:card\" content=\"summary_large_image\" \/>\n<meta name=\"twitter:image\" content=\"https:\/\/images.novelship.com\/product\/y-3_kaiwa_sneakers_ig4055_0_81479.jpeg\" \/>\n<meta name=\"twitter:label1\" content=\"Gesch\u00e4tzte Lesezeit\" \/>\n\t<meta name=\"twitter:data1\" content=\"1\u00a0Minute\" \/>\n<script type=\"application\/ld+json\" class=\"yoast-schema-graph\">{\"@context\":\"https:\/\/schema.org\",\"@graph\":[{\"@type\":\"WebPage\",\"@id\":\"https:\/\/loftrunway.com\/de\/products\/y-3-kaiwa-sneakers\/\",\"url\":\"https:\/\/loftrunway.com\/de\/products\/y-3-kaiwa-sneakers\/\",\"name\":\"Y-3 Kaiwa Sneakers - Loftrunway\",\"isPartOf\":{\"@id\":\"https:\/\/loftrunway.com\/de\/#website\"},\"primaryImageOfPage\":{\"@id\":\"https:\/\/loftrunway.com\/de\/products\/y-3-kaiwa-sneakers\/#primaryimage\"},\"image\":{\"@id\":\"https:\/\/loftrunway.com\/de\/products\/y-3-kaiwa-sneakers\/#primaryimage\"},\"thumbnailUrl\":\"https:\/\/images.novelship.com\/product\/y-3_kaiwa_sneakers_ig4055_0_81479.jpeg\",\"datePublished\":\"2026-03-02T09:33:17+00:00\",\"dateModified\":\"2026-04-02T08:18:36+00:00\",\"breadcrumb\":{\"@id\":\"https:\/\/loftrunway.com\/de\/products\/y-3-kaiwa-sneakers\/#breadcrumb\"},\"inLanguage\":\"de\",\"potentialAction\":[{\"@type\":\"ReadAction\",\"target\":[\"https:\/\/loftrunway.com\/de\/products\/y-3-kaiwa-sneakers\/\"]}]},{\"@type\":\"ImageObject\",\"inLanguage\":\"de\",\"@id\":\"https:\/\/loftrunway.com\/de\/products\/y-3-kaiwa-sneakers\/#primaryimage\",\"url\":\"https:\/\/images.novelship.com\/product\/y-3_kaiwa_sneakers_ig4055_0_81479.jpeg\",\"contentUrl\":\"https:\/\/images.novelship.com\/product\/y-3_kaiwa_sneakers_ig4055_0_81479.jpeg\"},{\"@type\":\"BreadcrumbList\",\"@id\":\"https:\/\/loftrunway.com\/de\/products\/y-3-kaiwa-sneakers\/#breadcrumb\",\"itemListElement\":[{\"@type\":\"ListItem\",\"position\":1,\"name\":\"Home\",\"item\":\"https:\/\/loftrunway.com\/de\/\"},{\"@type\":\"ListItem\",\"position\":2,\"name\":\"Shop\",\"item\":\"https:\/\/loftrunway.com\/de\/shop\/\"},{\"@type\":\"ListItem\",\"position\":3,\"name\":\"Y-3 Kaiwa Sneakers\"}]},{\"@type\":\"WebSite\",\"@id\":\"https:\/\/loftrunway.com\/de\/#website\",\"url\":\"https:\/\/loftrunway.com\/de\/\",\"name\":\"Styloral Jewelry Shop\",\"description\":\"Der Ort, an dem man alle Arten von Sneakern findet\",\"publisher\":{\"@id\":\"https:\/\/loftrunway.com\/de\/#organization\"},\"potentialAction\":[{\"@type\":\"SearchAction\",\"target\":{\"@type\":\"EntryPoint\",\"urlTemplate\":\"https:\/\/loftrunway.com\/de\/?s={search_term_string}\"},\"query-input\":{\"@type\":\"PropertyValueSpecification\",\"valueRequired\":true,\"valueName\":\"search_term_string\"}}],\"inLanguage\":\"de\"},{\"@type\":\"Organization\",\"@id\":\"https:\/\/loftrunway.com\/de\/#organization\",\"name\":\"STYLORAL PTE. LTD\",\"url\":\"https:\/\/loftrunway.com\/de\/\",\"logo\":{\"@type\":\"ImageObject\",\"inLanguage\":\"de\",\"@id\":\"https:\/\/loftrunway.com\/de\/#\/schema\/logo\/image\/\",\"url\":\"https:\/\/www.loftrunway.com\/wp-content\/uploads\/2025\/12\/logo.png\",\"contentUrl\":\"https:\/\/www.loftrunway.com\/wp-content\/uploads\/2025\/12\/logo.png\",\"width\":200,\"height\":65,\"caption\":\"STYLORAL PTE. LTD\"},\"image\":{\"@id\":\"https:\/\/loftrunway.com\/de\/#\/schema\/logo\/image\/\"}}]}<\/script>\n<!-- \/ Yoast SEO plugin. -->","yoast_head_json":{"title":"Y-3 Kaiwa Sneakers  - Loftrunway","robots":{"index":"index","follow":"follow","max-snippet":"max-snippet:-1","max-image-preview":"max-image-preview:large","max-video-preview":"max-video-preview:-1"},"canonical":"https:\/\/loftrunway.com\/de\/products\/y-3-kaiwa-sneakers\/","og_locale":"de_DE","og_type":"article","og_title":"Y-3 Kaiwa Sneakers  - Loftrunway","og_description":"adidas Y-3 Kaiwa \u201d\u201d Black\/Off White\/Bliss","og_url":"https:\/\/loftrunway.com\/de\/products\/y-3-kaiwa-sneakers\/","og_site_name":"loftRUN Sneaker Store","article_modified_time":"2026-04-02T08:18:36+00:00","twitter_card":"summary_large_image","twitter_image":"https:\/\/images.novelship.com\/product\/y-3_kaiwa_sneakers_ig4055_0_81479.jpeg","twitter_misc":{"Gesch\u00e4tzte Lesezeit":"1\u00a0Minute"},"schema":{"@context":"https:\/\/schema.org","@graph":[{"@type":"WebPage","@id":"https:\/\/loftrunway.com\/de\/products\/y-3-kaiwa-sneakers\/","url":"https:\/\/loftrunway.com\/de\/products\/y-3-kaiwa-sneakers\/","name":"Y-3 Kaiwa Sneakers - Loftrunway","isPartOf":{"@id":"https:\/\/loftrunway.com\/de\/#website"},"primaryImageOfPage":{"@id":"https:\/\/loftrunway.com\/de\/products\/y-3-kaiwa-sneakers\/#primaryimage"},"image":{"@id":"https:\/\/loftrunway.com\/de\/products\/y-3-kaiwa-sneakers\/#primaryimage"},"thumbnailUrl":"https:\/\/images.novelship.com\/product\/y-3_kaiwa_sneakers_ig4055_0_81479.jpeg","datePublished":"2026-03-02T09:33:17+00:00","dateModified":"2026-04-02T08:18:36+00:00","breadcrumb":{"@id":"https:\/\/loftrunway.com\/de\/products\/y-3-kaiwa-sneakers\/#breadcrumb"},"inLanguage":"de","potentialAction":[{"@type":"ReadAction","target":["https:\/\/loftrunway.com\/de\/products\/y-3-kaiwa-sneakers\/"]}]},{"@type":"ImageObject","inLanguage":"de","@id":"https:\/\/loftrunway.com\/de\/products\/y-3-kaiwa-sneakers\/#primaryimage","url":"https:\/\/images.novelship.com\/product\/y-3_kaiwa_sneakers_ig4055_0_81479.jpeg","contentUrl":"https:\/\/images.novelship.com\/product\/y-3_kaiwa_sneakers_ig4055_0_81479.jpeg"},{"@type":"BreadcrumbList","@id":"https:\/\/loftrunway.com\/de\/products\/y-3-kaiwa-sneakers\/#breadcrumb","itemListElement":[{"@type":"ListItem","position":1,"name":"Home","item":"https:\/\/loftrunway.com\/de\/"},{"@type":"ListItem","position":2,"name":"Shop","item":"https:\/\/loftrunway.com\/de\/shop\/"},{"@type":"ListItem","position":3,"name":"Y-3 Kaiwa Sneakers"}]},{"@type":"WebSite","@id":"https:\/\/loftrunway.com\/de\/#website","url":"https:\/\/loftrunway.com\/de\/","name":"Styloral Jewelry Shop","description":"Der Ort, an dem man alle Arten von Sneakern findet","publisher":{"@id":"https:\/\/loftrunway.com\/de\/#organization"},"potentialAction":[{"@type":"SearchAction","target":{"@type":"EntryPoint","urlTemplate":"https:\/\/loftrunway.com\/de\/?s={search_term_string}"},"query-input":{"@type":"PropertyValueSpecification","valueRequired":true,"valueName":"search_term_string"}}],"inLanguage":"de"},{"@type":"Organization","@id":"https:\/\/loftrunway.com\/de\/#organization","name":"STYLORAL PTE. LTD","url":"https:\/\/loftrunway.com\/de\/","logo":{"@type":"ImageObject","inLanguage":"de","@id":"https:\/\/loftrunway.com\/de\/#\/schema\/logo\/image\/","url":"https:\/\/www.loftrunway.com\/wp-content\/uploads\/2025\/12\/logo.png","contentUrl":"https:\/\/www.loftrunway.com\/wp-content\/uploads\/2025\/12\/logo.png","width":200,"height":65,"caption":"STYLORAL PTE. LTD"},"image":{"@id":"https:\/\/loftrunway.com\/de\/#\/schema\/logo\/image\/"}}]}},"_links":{"self":[{"href":"https:\/\/loftrunway.com\/de\/wp-json\/wp\/v2\/product\/178534","targetHints":{"allow":["GET"]}}],"collection":[{"href":"https:\/\/loftrunway.com\/de\/wp-json\/wp\/v2\/product"}],"about":[{"href":"https:\/\/loftrunway.com\/de\/wp-json\/wp\/v2\/types\/product"}],"replies":[{"embeddable":true,"href":"https:\/\/loftrunway.com\/de\/wp-json\/wp\/v2\/comments?post=178534"}],"wp:featuredmedia":[{"embeddable":true,"href":"https:\/\/loftrunway.com\/de\/wp-json\/wp\/v2\/media\/178535"}],"wp:attachment":[{"href":"https:\/\/loftrunway.com\/de\/wp-json\/wp\/v2\/media?parent=178534"}],"wp:term":[{"taxonomy":"product_brand","embeddable":true,"href":"https:\/\/loftrunway.com\/de\/wp-json\/wp\/v2\/product_brand?post=178534"},{"taxonomy":"product_cat","embeddable":true,"href":"https:\/\/loftrunway.com\/de\/wp-json\/wp\/v2\/product_cat?post=178534"},{"taxonomy":"product_tag","embeddable":true,"href":"https:\/\/loftrunway.com\/de\/wp-json\/wp\/v2\/product_tag?post=178534"}],"curies":[{"name":"wp","href":"https:\/\/api.w.org\/{rel}","templated":true}]}}