{"id":178902,"date":"2026-03-02T16:33:45","date_gmt":"2026-03-02T09:33:45","guid":{"rendered":"http:\/\/loftrunway.com\/product\/women-adidas-italy-70s-retro-sneakers-maroonalmost-yellowgold-metallic"},"modified":"2026-04-02T15:18:47","modified_gmt":"2026-04-02T08:18:47","slug":"women-adidas-italy-70s-retro-sneakers-maroonalmost-yellowgold-metallic","status":"publish","type":"product","link":"https:\/\/loftrunway.com\/de\/products\/women-adidas-italy-70s-retro-sneakers-maroonalmost-yellowgold-metallic\/","title":{"rendered":"(Women) Adidas Italy 70s Retro Sneakers Maroon\/Almost Yellow\/Gold Metallic"},"content":{"rendered":"<p>Mit den Adidas Italy 70s Retro Sneakers reisen Sie zur\u00fcck in die Vergangenheit \u201d\u201c die perfekte Mischung aus Vintage-Flair und modernem Komfort. Diese stylischen, bordeauxroten Sneaker mit gelblichen und goldenen Metallic-Akzenten verleihen Ihrer Garderobe einen Hauch Nostalgie. Sie wurden f\u00fcr Frauen entworfen, die Retro-Design lieben, und \u00fcberzeugen durch erstklassige Verarbeitung und klassischen Charme. Ob l\u00e4ssig oder trendig \u201d\u201c diese Sneaker sind die ideale Wahl f\u00fcr einen modischen Auftritt. Erleben Sie den Spirit der 70er Jahre noch heute!<\/p>\n<ul>\n<li><strong>Farbgebung:<\/strong> Bordeauxrot\/Gelb\/Gold-Metallic<\/li>\n<li><strong>Artikelnummer:<\/strong> JQ6929<\/li>\n<li><strong>Farbe:<\/strong> Burgunderrot<\/li>\n<\/ul>\n","protected":false},"excerpt":{"rendered":"<p>adidas =MID(B747,FIND(CHAR(160),SUBSTITUTE(B747,&#8220; &#8222;,CHAR(160),2)) + 1,FIND(CHAR(160),SUBSTITUTE(B747,&#8220; &#8222;,CHAR(160),4)) &#8211; 1 &#8211; (FIND(CHAR(160),SUBSTITUTE(B747,&#8220; &#8222;,CHAR(160),2)))) \u201d\u201d Maroon\/Almost Yellow\/Gold Metallic<\/p>\n","protected":false},"featured_media":178903,"comment_status":"open","ping_status":"closed","template":"","meta":[],"product_brand":[],"product_cat":[10941,41273],"product_tag":[10759,10750,10754,10765,10768,10785,10786,10758],"class_list":{"0":"post-178902","1":"product","2":"type-product","3":"status-publish","4":"has-post-thumbnail","6":"product_cat-adidas-women","7":"product_cat-remove","8":"product_tag-adidas","9":"product_tag-athleisure-shoes","10":"product_tag-lifestyle-casual-shoes","11":"product_tag-lifestyle-shoes-running-inspired","12":"product_tag-retro-running-shoes","13":"product_tag-trending-deals","14":"product_tag-trending-deals-under-150","15":"product_tag-under-retail","16":"wcpa_has_options","18":"first","19":"instock","20":"taxable","21":"shipping-taxable","22":"purchasable","23":"product-type-simple"},"wcpa_form_fields":{"rules":{"pric_overide_base_price":false,"pric_overide_base_price_if_gt_zero":false,"pric_overide_base_price_fully":false,"pric_cal_option_once":false,"pric_use_as_fee":false,"bind_quantity":false,"quantity_bind_formula":false},"fields":[{"type":"color-group","required":true,"elementId":"wcpa-color-group-66c4a7f817afe","label":"Gr\u00f6\u00dfe","inline":true,"priceOptions":"different_for_all","pricingType":"fixed","className":"hassizechart product-shoes-size-eu product-shoes-size","name":"color-group-66c4a7f817b18","disp_type":"square","selection_type":"tick-border","disp_size":"50","show_label_inside":true,"adjust_width":true,"cart_display_type":"text","other_text":"Other","cl_rule":"show","col":6,"values":[{"label":"35","value":"EU 35","price":"","pimage":"","pimage_id":"","pthumb":"","color":""},{"label":"35.5","value":"EU 35.5","price":"","pimage":"","pimage_id":"","pthumb":"","color":""},{"label":"36","value":"EU 36","price":"","pimage":"","pimage_id":"","pthumb":"","color":"","selected":true},{"label":"36 2\/3","value":"EU 36 2\/3","price":"","pimage":"","pimage_id":"","pthumb":"","color":""},{"label":"37 1\/3","value":"EU 37 1\/3","price":"","pimage":"","pimage_id":"","pthumb":"","color":""},{"label":"38","value":"EU 38","price":"","pimage":"","pimage_id":"","pthumb":"","color":""},{"label":"38 2\/3","value":"EU 38 2\/3","price":"","pimage":"","pimage_id":"","pthumb":"","color":""},{"label":"39 1\/3","value":"EU 39 1\/3","price":"","pimage":"","pimage_id":"","pthumb":"","color":""},{"label":"40","value":"EU 40","price":"","pimage":"","pimage_id":"","pthumb":"","color":""},{"label":"40 2\/3","value":"EU 40 2\/3","price":"","pimage":"","pimage_id":"","pthumb":"","color":""},{"label":"41 1\/3","value":"EU 41 1\/3","price":"","pimage":"","pimage_id":"","pthumb":"","color":""},{"label":"42","value":"EU 42","price":"","pimage":"","pimage_id":"","pthumb":"","color":""},{"label":"42 2\/3","value":"EU 42 2\/3","price":"","pimage":"","pimage_id":"","pthumb":"","color":""},{"label":"43 1\/3","value":"EU 43 1\/3","price":"","pimage":"","pimage_id":"","pthumb":"","color":""},{"label":"44","value":"EU 44","price":"","pimage":"","pimage_id":"","pthumb":"","color":""},{"label":"44 2\/3","value":"EU 44 2\/3","price":"","pimage":"","pimage_id":"","pthumb":"","color":""},{"label":"45 1\/3","value":"EU 45 1\/3","price":"","pimage":"","pimage_id":"","pthumb":"","color":""},{"label":"46","value":"EU 46","price":"","pimage":"","pimage_id":"","pthumb":"","color":""},{"label":"46 2\/3","value":"EU 46 2\/3","price":"","pimage":"","pimage_id":"","pthumb":"","color":""},{"label":"47 1\/3","value":"EU 47 1\/3","price":"","pimage":"","pimage_id":"","pthumb":"","color":""}],"relations":[{"operator":false,"rules":[]}],"form_id":24802,"form_rules":{"pric_cal_option_once":false,"exclude_from_discount":false,"pric_use_as_fee":false,"fee_label":"Fee","render_after_acb":false,"disp_hide_options_price":false}}]},"yoast_head":"<!-- This site is optimized with the Yoast SEO plugin v26.5 - https:\/\/yoast.com\/wordpress\/plugins\/seo\/ -->\n<title>(Women) Adidas Italy 70s Retro Sneakers Maroon\/Almost Yellow\/Gold Metallic  - Loftrunway<\/title>\n<meta name=\"robots\" content=\"index, follow, max-snippet:-1, max-image-preview:large, max-video-preview:-1\" \/>\n<link rel=\"canonical\" href=\"https:\/\/loftrunway.com\/de\/products\/women-adidas-italy-70s-retro-sneakers-maroonalmost-yellowgold-metallic\/\" \/>\n<meta property=\"og:locale\" content=\"de_DE\" \/>\n<meta property=\"og:type\" content=\"article\" \/>\n<meta property=\"og:title\" content=\"(Women) Adidas Italy 70s Retro Sneakers Maroon\/Almost Yellow\/Gold Metallic  - Loftrunway\" \/>\n<meta property=\"og:description\" content=\"adidas =MID(B747,FIND(CHAR(160),SUBSTITUTE(B747,&quot; &quot;,CHAR(160),2)) + 1,FIND(CHAR(160),SUBSTITUTE(B747,&quot; &quot;,CHAR(160),4)) - 1 - (FIND(CHAR(160),SUBSTITUTE(B747,&quot; &quot;,CHAR(160),2)))) \u201d\u201d Maroon\/Almost Yellow\/Gold Metallic\" \/>\n<meta property=\"og:url\" content=\"https:\/\/loftrunway.com\/de\/products\/women-adidas-italy-70s-retro-sneakers-maroonalmost-yellowgold-metallic\/\" \/>\n<meta property=\"og:site_name\" content=\"loftRUN Sneaker Store\" \/>\n<meta property=\"article:modified_time\" content=\"2026-04-02T08:18:47+00:00\" \/>\n<meta name=\"twitter:card\" content=\"summary_large_image\" \/>\n<meta name=\"twitter:image\" content=\"https:\/\/images.novelship.com\/product\/_women__adidas_italy_70s_retro_sneakers_maroon_alm_0_73071.jpeg\" \/>\n<script type=\"application\/ld+json\" class=\"yoast-schema-graph\">{\"@context\":\"https:\/\/schema.org\",\"@graph\":[{\"@type\":\"WebPage\",\"@id\":\"https:\/\/loftrunway.com\/de\/products\/women-adidas-italy-70s-retro-sneakers-maroonalmost-yellowgold-metallic\/\",\"url\":\"https:\/\/loftrunway.com\/de\/products\/women-adidas-italy-70s-retro-sneakers-maroonalmost-yellowgold-metallic\/\",\"name\":\"(Women) Adidas Italy 70s Retro Sneakers Maroon\/Almost Yellow\/Gold Metallic - Loftrunway\",\"isPartOf\":{\"@id\":\"https:\/\/loftrunway.com\/de\/#website\"},\"primaryImageOfPage\":{\"@id\":\"https:\/\/loftrunway.com\/de\/products\/women-adidas-italy-70s-retro-sneakers-maroonalmost-yellowgold-metallic\/#primaryimage\"},\"image\":{\"@id\":\"https:\/\/loftrunway.com\/de\/products\/women-adidas-italy-70s-retro-sneakers-maroonalmost-yellowgold-metallic\/#primaryimage\"},\"thumbnailUrl\":\"https:\/\/images.novelship.com\/product\/_women__adidas_italy_70s_retro_sneakers_maroon_alm_0_73071.jpeg\",\"datePublished\":\"2026-03-02T09:33:45+00:00\",\"dateModified\":\"2026-04-02T08:18:47+00:00\",\"breadcrumb\":{\"@id\":\"https:\/\/loftrunway.com\/de\/products\/women-adidas-italy-70s-retro-sneakers-maroonalmost-yellowgold-metallic\/#breadcrumb\"},\"inLanguage\":\"de\",\"potentialAction\":[{\"@type\":\"ReadAction\",\"target\":[\"https:\/\/loftrunway.com\/de\/products\/women-adidas-italy-70s-retro-sneakers-maroonalmost-yellowgold-metallic\/\"]}]},{\"@type\":\"ImageObject\",\"inLanguage\":\"de\",\"@id\":\"https:\/\/loftrunway.com\/de\/products\/women-adidas-italy-70s-retro-sneakers-maroonalmost-yellowgold-metallic\/#primaryimage\",\"url\":\"https:\/\/images.novelship.com\/product\/_women__adidas_italy_70s_retro_sneakers_maroon_alm_0_73071.jpeg\",\"contentUrl\":\"https:\/\/images.novelship.com\/product\/_women__adidas_italy_70s_retro_sneakers_maroon_alm_0_73071.jpeg\"},{\"@type\":\"BreadcrumbList\",\"@id\":\"https:\/\/loftrunway.com\/de\/products\/women-adidas-italy-70s-retro-sneakers-maroonalmost-yellowgold-metallic\/#breadcrumb\",\"itemListElement\":[{\"@type\":\"ListItem\",\"position\":1,\"name\":\"Home\",\"item\":\"https:\/\/loftrunway.com\/de\/\"},{\"@type\":\"ListItem\",\"position\":2,\"name\":\"Shop\",\"item\":\"https:\/\/loftrunway.com\/de\/shop\/\"},{\"@type\":\"ListItem\",\"position\":3,\"name\":\"(Women) Adidas Italy 70s Retro Sneakers Maroon\/Almost Yellow\/Gold Metallic\"}]},{\"@type\":\"WebSite\",\"@id\":\"https:\/\/loftrunway.com\/de\/#website\",\"url\":\"https:\/\/loftrunway.com\/de\/\",\"name\":\"Styloral Jewelry Shop\",\"description\":\"Der Ort, an dem man alle Arten von Sneakern findet\",\"publisher\":{\"@id\":\"https:\/\/loftrunway.com\/de\/#organization\"},\"potentialAction\":[{\"@type\":\"SearchAction\",\"target\":{\"@type\":\"EntryPoint\",\"urlTemplate\":\"https:\/\/loftrunway.com\/de\/?s={search_term_string}\"},\"query-input\":{\"@type\":\"PropertyValueSpecification\",\"valueRequired\":true,\"valueName\":\"search_term_string\"}}],\"inLanguage\":\"de\"},{\"@type\":\"Organization\",\"@id\":\"https:\/\/loftrunway.com\/de\/#organization\",\"name\":\"STYLORAL PTE. LTD\",\"url\":\"https:\/\/loftrunway.com\/de\/\",\"logo\":{\"@type\":\"ImageObject\",\"inLanguage\":\"de\",\"@id\":\"https:\/\/loftrunway.com\/de\/#\/schema\/logo\/image\/\",\"url\":\"https:\/\/www.loftrunway.com\/wp-content\/uploads\/2025\/12\/logo.png\",\"contentUrl\":\"https:\/\/www.loftrunway.com\/wp-content\/uploads\/2025\/12\/logo.png\",\"width\":200,\"height\":65,\"caption\":\"STYLORAL PTE. LTD\"},\"image\":{\"@id\":\"https:\/\/loftrunway.com\/de\/#\/schema\/logo\/image\/\"}}]}<\/script>\n<!-- \/ Yoast SEO plugin. -->","yoast_head_json":{"title":"(Women) Adidas Italy 70s Retro Sneakers Maroon\/Almost Yellow\/Gold Metallic  - Loftrunway","robots":{"index":"index","follow":"follow","max-snippet":"max-snippet:-1","max-image-preview":"max-image-preview:large","max-video-preview":"max-video-preview:-1"},"canonical":"https:\/\/loftrunway.com\/de\/products\/women-adidas-italy-70s-retro-sneakers-maroonalmost-yellowgold-metallic\/","og_locale":"de_DE","og_type":"article","og_title":"(Women) Adidas Italy 70s Retro Sneakers Maroon\/Almost Yellow\/Gold Metallic  - Loftrunway","og_description":"adidas =MID(B747,FIND(CHAR(160),SUBSTITUTE(B747,\" \",CHAR(160),2)) + 1,FIND(CHAR(160),SUBSTITUTE(B747,\" \",CHAR(160),4)) - 1 - (FIND(CHAR(160),SUBSTITUTE(B747,\" \",CHAR(160),2)))) \u201d\u201d Maroon\/Almost Yellow\/Gold Metallic","og_url":"https:\/\/loftrunway.com\/de\/products\/women-adidas-italy-70s-retro-sneakers-maroonalmost-yellowgold-metallic\/","og_site_name":"loftRUN Sneaker Store","article_modified_time":"2026-04-02T08:18:47+00:00","twitter_card":"summary_large_image","twitter_image":"https:\/\/images.novelship.com\/product\/_women__adidas_italy_70s_retro_sneakers_maroon_alm_0_73071.jpeg","schema":{"@context":"https:\/\/schema.org","@graph":[{"@type":"WebPage","@id":"https:\/\/loftrunway.com\/de\/products\/women-adidas-italy-70s-retro-sneakers-maroonalmost-yellowgold-metallic\/","url":"https:\/\/loftrunway.com\/de\/products\/women-adidas-italy-70s-retro-sneakers-maroonalmost-yellowgold-metallic\/","name":"(Women) Adidas Italy 70s Retro Sneakers Maroon\/Almost Yellow\/Gold Metallic - Loftrunway","isPartOf":{"@id":"https:\/\/loftrunway.com\/de\/#website"},"primaryImageOfPage":{"@id":"https:\/\/loftrunway.com\/de\/products\/women-adidas-italy-70s-retro-sneakers-maroonalmost-yellowgold-metallic\/#primaryimage"},"image":{"@id":"https:\/\/loftrunway.com\/de\/products\/women-adidas-italy-70s-retro-sneakers-maroonalmost-yellowgold-metallic\/#primaryimage"},"thumbnailUrl":"https:\/\/images.novelship.com\/product\/_women__adidas_italy_70s_retro_sneakers_maroon_alm_0_73071.jpeg","datePublished":"2026-03-02T09:33:45+00:00","dateModified":"2026-04-02T08:18:47+00:00","breadcrumb":{"@id":"https:\/\/loftrunway.com\/de\/products\/women-adidas-italy-70s-retro-sneakers-maroonalmost-yellowgold-metallic\/#breadcrumb"},"inLanguage":"de","potentialAction":[{"@type":"ReadAction","target":["https:\/\/loftrunway.com\/de\/products\/women-adidas-italy-70s-retro-sneakers-maroonalmost-yellowgold-metallic\/"]}]},{"@type":"ImageObject","inLanguage":"de","@id":"https:\/\/loftrunway.com\/de\/products\/women-adidas-italy-70s-retro-sneakers-maroonalmost-yellowgold-metallic\/#primaryimage","url":"https:\/\/images.novelship.com\/product\/_women__adidas_italy_70s_retro_sneakers_maroon_alm_0_73071.jpeg","contentUrl":"https:\/\/images.novelship.com\/product\/_women__adidas_italy_70s_retro_sneakers_maroon_alm_0_73071.jpeg"},{"@type":"BreadcrumbList","@id":"https:\/\/loftrunway.com\/de\/products\/women-adidas-italy-70s-retro-sneakers-maroonalmost-yellowgold-metallic\/#breadcrumb","itemListElement":[{"@type":"ListItem","position":1,"name":"Home","item":"https:\/\/loftrunway.com\/de\/"},{"@type":"ListItem","position":2,"name":"Shop","item":"https:\/\/loftrunway.com\/de\/shop\/"},{"@type":"ListItem","position":3,"name":"(Women) Adidas Italy 70s Retro Sneakers Maroon\/Almost Yellow\/Gold Metallic"}]},{"@type":"WebSite","@id":"https:\/\/loftrunway.com\/de\/#website","url":"https:\/\/loftrunway.com\/de\/","name":"Styloral Jewelry Shop","description":"Der Ort, an dem man alle Arten von Sneakern findet","publisher":{"@id":"https:\/\/loftrunway.com\/de\/#organization"},"potentialAction":[{"@type":"SearchAction","target":{"@type":"EntryPoint","urlTemplate":"https:\/\/loftrunway.com\/de\/?s={search_term_string}"},"query-input":{"@type":"PropertyValueSpecification","valueRequired":true,"valueName":"search_term_string"}}],"inLanguage":"de"},{"@type":"Organization","@id":"https:\/\/loftrunway.com\/de\/#organization","name":"STYLORAL PTE. LTD","url":"https:\/\/loftrunway.com\/de\/","logo":{"@type":"ImageObject","inLanguage":"de","@id":"https:\/\/loftrunway.com\/de\/#\/schema\/logo\/image\/","url":"https:\/\/www.loftrunway.com\/wp-content\/uploads\/2025\/12\/logo.png","contentUrl":"https:\/\/www.loftrunway.com\/wp-content\/uploads\/2025\/12\/logo.png","width":200,"height":65,"caption":"STYLORAL PTE. LTD"},"image":{"@id":"https:\/\/loftrunway.com\/de\/#\/schema\/logo\/image\/"}}]}},"_links":{"self":[{"href":"https:\/\/loftrunway.com\/de\/wp-json\/wp\/v2\/product\/178902","targetHints":{"allow":["GET"]}}],"collection":[{"href":"https:\/\/loftrunway.com\/de\/wp-json\/wp\/v2\/product"}],"about":[{"href":"https:\/\/loftrunway.com\/de\/wp-json\/wp\/v2\/types\/product"}],"replies":[{"embeddable":true,"href":"https:\/\/loftrunway.com\/de\/wp-json\/wp\/v2\/comments?post=178902"}],"wp:featuredmedia":[{"embeddable":true,"href":"https:\/\/loftrunway.com\/de\/wp-json\/wp\/v2\/media\/178903"}],"wp:attachment":[{"href":"https:\/\/loftrunway.com\/de\/wp-json\/wp\/v2\/media?parent=178902"}],"wp:term":[{"taxonomy":"product_brand","embeddable":true,"href":"https:\/\/loftrunway.com\/de\/wp-json\/wp\/v2\/product_brand?post=178902"},{"taxonomy":"product_cat","embeddable":true,"href":"https:\/\/loftrunway.com\/de\/wp-json\/wp\/v2\/product_cat?post=178902"},{"taxonomy":"product_tag","embeddable":true,"href":"https:\/\/loftrunway.com\/de\/wp-json\/wp\/v2\/product_tag?post=178902"}],"curies":[{"name":"wp","href":"https:\/\/api.w.org\/{rel}","templated":true}]}}