{"id":179429,"date":"2026-03-02T16:34:32","date_gmt":"2026-03-02T09:34:32","guid":{"rendered":"http:\/\/loftrunway.com\/product\/asics-ds-light-club-wide-soccer-shoes-whitepure-silver"},"modified":"2026-04-02T15:19:11","modified_gmt":"2026-04-02T08:19:11","slug":"asics-ds-light-club-wide-soccer-shoes-whitepure-silver","status":"publish","type":"product","link":"https:\/\/loftrunway.com\/de\/products\/asics-ds-light-club-wide-soccer-shoes-whitepure-silver\/","title":{"rendered":"ASICS DS Light Club Wide Soccer Shoes White\/Pure Silver"},"content":{"rendered":"<p>Verbessere dein Spiel mit den ASICS DS Light Club Wide Fu\u00dfballschuhen in Wei\u00df\/Silber. Diese Schuhe wurden f\u00fcr Komfort und Geschwindigkeit entwickelt und bieten eine breite Passform f\u00fcr verschiedene Fu\u00dfformen, ohne die Leistung zu beeintr\u00e4chtigen. Das schlanke Design mit fortschrittlicher Traktionstechnologie sorgt f\u00fcr Stabilit\u00e4t und Agilit\u00e4t auf dem Spielfeld. Der DS Light Club Wide ist ideal f\u00fcr Spieler, die optimale Ballkontrolle und ein perfektes Ballgef\u00fchl suchen \u201d\u201c dein ultimativer Partner, um den Platz zu dominieren. Erlebe unvergleichliche Exzellenz mit ASICS.<\/p>\n<ul>\n<li><strong>Farbgebung:<\/strong> Wei\u00df\/Silber<\/li>\n<li><strong>Artikelnummer:<\/strong> 1103A097-103<\/li>\n<li><strong>Obermaterial:<\/strong> Synthetik<\/li>\n<li><strong>Zwischensohle:<\/strong> fuzeGEL<\/li>\n<li><strong>Farbe:<\/strong> Wei\u00df<\/li>\n<\/ul>\n","protected":false},"excerpt":{"rendered":"<p>ASICS DS Light Club Wide \u201d\u201d White\/Pure Silver<\/p>\n","protected":false},"featured_media":179430,"comment_status":"open","ping_status":"closed","template":"","meta":[],"product_brand":[],"product_cat":[10792,41273],"product_tag":[10791,10802,10986,10987,10785,10786,10758,13187],"class_list":{"0":"post-179429","1":"product","2":"type-product","3":"status-publish","4":"has-post-thumbnail","6":"product_cat-asics","7":"product_cat-remove","8":"product_tag-asics","9":"product_tag-performance-sport-shoes","10":"product_tag-soccer-shoes","11":"product_tag-soccer-shoes-football-cleats","12":"product_tag-trending-deals","13":"product_tag-trending-deals-under-150","14":"product_tag-under-retail","15":"product_tag-wide-soccer-shoes","16":"wcpa_has_options","18":"first","19":"instock","20":"taxable","21":"shipping-taxable","22":"purchasable","23":"product-type-simple"},"wcpa_form_fields":{"rules":{"pric_overide_base_price":false,"pric_overide_base_price_if_gt_zero":false,"pric_overide_base_price_fully":false,"pric_cal_option_once":false,"pric_use_as_fee":false,"bind_quantity":false,"quantity_bind_formula":false},"fields":[{"type":"color-group","required":true,"elementId":"wcpa-color-group-69a5ab08ee12d","label":"Gr\u00f6\u00dfe","inline":true,"priceOptions":"different_for_all","pricingType":"fixed","className":"hassizechart product-shoes-size-eu product-shoes-size","name":"color-group-69a5ab08ee136","disp_type":"square","selection_type":"tick-border","disp_size":"50","show_label_inside":true,"adjust_width":true,"cart_display_type":"text","other_text":"Other","cl_rule":"show","col":6,"values":[{"label":"36","value":"EU 36","price":"","pimage":"","pimage_id":"","pthumb":"","color":"","selected":true},{"label":"37","value":"EU 37","price":"","pimage":"","pimage_id":"","pthumb":"","color":""},{"label":"37.5","value":"EU 37.5","price":"","pimage":"","pimage_id":"","pthumb":"","color":""},{"label":"38","value":"EU 38","price":"","pimage":"","pimage_id":"","pthumb":"","color":""},{"label":"38.5","value":"EU 38.5","price":"","pimage":"","pimage_id":"","pthumb":"","color":""},{"label":"39","value":"EU 39","price":"","pimage":"","pimage_id":"","pthumb":"","color":""},{"label":"39.5","value":"EU 39.5","price":"","pimage":"","pimage_id":"","pthumb":"","color":""},{"label":"40","value":"EU 40","price":"","pimage":"","pimage_id":"","pthumb":"","color":""},{"label":"40.5","value":"EU 40.5","price":"","pimage":"","pimage_id":"","pthumb":"","color":""},{"label":" 41.5","value":"EU 41.5","price":"","pimage":"","pimage_id":"","pthumb":"","color":""},{"label":"42","value":"EU 42","price":"","pimage":"","pimage_id":"","pthumb":"","color":""},{"label":"42.5","value":"EU 42.5","price":"","pimage":"","pimage_id":"","pthumb":"","color":""},{"label":"43.5","value":"EU 43.5","price":"","pimage":"","pimage_id":"","pthumb":"","color":""},{"label":"44","value":"EU 44","price":"","pimage":"","pimage_id":"","pthumb":"","color":""},{"label":"44.5","value":"EU 44.5","price":"","pimage":"","pimage_id":"","pthumb":"","color":""},{"label":"45","value":"EU 45","price":"","pimage":"","pimage_id":"","pthumb":"","color":""}],"relations":[{"operator":false,"rules":[]}],"form_id":184311,"form_rules":{"pric_cal_option_once":false,"exclude_from_discount":false,"pric_use_as_fee":false,"fee_label":"Fee","render_after_acb":false,"disp_hide_options_price":false}}]},"yoast_head":"<!-- This site is optimized with the Yoast SEO plugin v26.5 - https:\/\/yoast.com\/wordpress\/plugins\/seo\/ -->\n<title>ASICS DS Light Club Wide Soccer Shoes White\/Pure Silver  - Loftrunway<\/title>\n<meta name=\"robots\" content=\"index, follow, max-snippet:-1, max-image-preview:large, max-video-preview:-1\" \/>\n<link rel=\"canonical\" href=\"https:\/\/loftrunway.com\/de\/products\/asics-ds-light-club-wide-soccer-shoes-whitepure-silver\/\" \/>\n<meta property=\"og:locale\" content=\"de_DE\" \/>\n<meta property=\"og:type\" content=\"article\" \/>\n<meta property=\"og:title\" content=\"ASICS DS Light Club Wide Soccer Shoes White\/Pure Silver  - Loftrunway\" \/>\n<meta property=\"og:description\" content=\"ASICS DS Light Club Wide \u201d\u201d White\/Pure Silver\" \/>\n<meta property=\"og:url\" content=\"https:\/\/loftrunway.com\/de\/products\/asics-ds-light-club-wide-soccer-shoes-whitepure-silver\/\" \/>\n<meta property=\"og:site_name\" content=\"loftRUN Sneaker Store\" \/>\n<meta property=\"article:modified_time\" content=\"2026-04-02T08:19:11+00:00\" \/>\n<meta name=\"twitter:card\" content=\"summary_large_image\" \/>\n<meta name=\"twitter:image\" content=\"https:\/\/images.novelship.com\/product\/asics_ds_light_club_wide_soccer_shoes_white_pure_s_0_66408.jpeg\" \/>\n<meta name=\"twitter:label1\" content=\"Gesch\u00e4tzte Lesezeit\" \/>\n\t<meta name=\"twitter:data1\" content=\"1\u00a0Minute\" \/>\n<script type=\"application\/ld+json\" class=\"yoast-schema-graph\">{\"@context\":\"https:\/\/schema.org\",\"@graph\":[{\"@type\":\"WebPage\",\"@id\":\"https:\/\/loftrunway.com\/de\/products\/asics-ds-light-club-wide-soccer-shoes-whitepure-silver\/\",\"url\":\"https:\/\/loftrunway.com\/de\/products\/asics-ds-light-club-wide-soccer-shoes-whitepure-silver\/\",\"name\":\"ASICS DS Light Club Wide Soccer Shoes White\/Pure Silver - Loftrunway\",\"isPartOf\":{\"@id\":\"https:\/\/loftrunway.com\/de\/#website\"},\"primaryImageOfPage\":{\"@id\":\"https:\/\/loftrunway.com\/de\/products\/asics-ds-light-club-wide-soccer-shoes-whitepure-silver\/#primaryimage\"},\"image\":{\"@id\":\"https:\/\/loftrunway.com\/de\/products\/asics-ds-light-club-wide-soccer-shoes-whitepure-silver\/#primaryimage\"},\"thumbnailUrl\":\"https:\/\/images.novelship.com\/product\/asics_ds_light_club_wide_soccer_shoes_white_pure_s_0_66408.jpeg\",\"datePublished\":\"2026-03-02T09:34:32+00:00\",\"dateModified\":\"2026-04-02T08:19:11+00:00\",\"breadcrumb\":{\"@id\":\"https:\/\/loftrunway.com\/de\/products\/asics-ds-light-club-wide-soccer-shoes-whitepure-silver\/#breadcrumb\"},\"inLanguage\":\"de\",\"potentialAction\":[{\"@type\":\"ReadAction\",\"target\":[\"https:\/\/loftrunway.com\/de\/products\/asics-ds-light-club-wide-soccer-shoes-whitepure-silver\/\"]}]},{\"@type\":\"ImageObject\",\"inLanguage\":\"de\",\"@id\":\"https:\/\/loftrunway.com\/de\/products\/asics-ds-light-club-wide-soccer-shoes-whitepure-silver\/#primaryimage\",\"url\":\"https:\/\/images.novelship.com\/product\/asics_ds_light_club_wide_soccer_shoes_white_pure_s_0_66408.jpeg\",\"contentUrl\":\"https:\/\/images.novelship.com\/product\/asics_ds_light_club_wide_soccer_shoes_white_pure_s_0_66408.jpeg\"},{\"@type\":\"BreadcrumbList\",\"@id\":\"https:\/\/loftrunway.com\/de\/products\/asics-ds-light-club-wide-soccer-shoes-whitepure-silver\/#breadcrumb\",\"itemListElement\":[{\"@type\":\"ListItem\",\"position\":1,\"name\":\"Home\",\"item\":\"https:\/\/loftrunway.com\/de\/\"},{\"@type\":\"ListItem\",\"position\":2,\"name\":\"Shop\",\"item\":\"https:\/\/loftrunway.com\/de\/shop\/\"},{\"@type\":\"ListItem\",\"position\":3,\"name\":\"ASICS DS Light Club Wide Soccer Shoes White\/Pure Silver\"}]},{\"@type\":\"WebSite\",\"@id\":\"https:\/\/loftrunway.com\/de\/#website\",\"url\":\"https:\/\/loftrunway.com\/de\/\",\"name\":\"Styloral Jewelry Shop\",\"description\":\"Der Ort, an dem man alle Arten von Sneakern findet\",\"publisher\":{\"@id\":\"https:\/\/loftrunway.com\/de\/#organization\"},\"potentialAction\":[{\"@type\":\"SearchAction\",\"target\":{\"@type\":\"EntryPoint\",\"urlTemplate\":\"https:\/\/loftrunway.com\/de\/?s={search_term_string}\"},\"query-input\":{\"@type\":\"PropertyValueSpecification\",\"valueRequired\":true,\"valueName\":\"search_term_string\"}}],\"inLanguage\":\"de\"},{\"@type\":\"Organization\",\"@id\":\"https:\/\/loftrunway.com\/de\/#organization\",\"name\":\"STYLORAL PTE. LTD\",\"url\":\"https:\/\/loftrunway.com\/de\/\",\"logo\":{\"@type\":\"ImageObject\",\"inLanguage\":\"de\",\"@id\":\"https:\/\/loftrunway.com\/de\/#\/schema\/logo\/image\/\",\"url\":\"https:\/\/www.loftrunway.com\/wp-content\/uploads\/2025\/12\/logo.png\",\"contentUrl\":\"https:\/\/www.loftrunway.com\/wp-content\/uploads\/2025\/12\/logo.png\",\"width\":200,\"height\":65,\"caption\":\"STYLORAL PTE. LTD\"},\"image\":{\"@id\":\"https:\/\/loftrunway.com\/de\/#\/schema\/logo\/image\/\"}}]}<\/script>\n<!-- \/ Yoast SEO plugin. -->","yoast_head_json":{"title":"ASICS DS Light Club Wide Soccer Shoes White\/Pure Silver  - Loftrunway","robots":{"index":"index","follow":"follow","max-snippet":"max-snippet:-1","max-image-preview":"max-image-preview:large","max-video-preview":"max-video-preview:-1"},"canonical":"https:\/\/loftrunway.com\/de\/products\/asics-ds-light-club-wide-soccer-shoes-whitepure-silver\/","og_locale":"de_DE","og_type":"article","og_title":"ASICS DS Light Club Wide Soccer Shoes White\/Pure Silver  - Loftrunway","og_description":"ASICS DS Light Club Wide \u201d\u201d White\/Pure Silver","og_url":"https:\/\/loftrunway.com\/de\/products\/asics-ds-light-club-wide-soccer-shoes-whitepure-silver\/","og_site_name":"loftRUN Sneaker Store","article_modified_time":"2026-04-02T08:19:11+00:00","twitter_card":"summary_large_image","twitter_image":"https:\/\/images.novelship.com\/product\/asics_ds_light_club_wide_soccer_shoes_white_pure_s_0_66408.jpeg","twitter_misc":{"Gesch\u00e4tzte Lesezeit":"1\u00a0Minute"},"schema":{"@context":"https:\/\/schema.org","@graph":[{"@type":"WebPage","@id":"https:\/\/loftrunway.com\/de\/products\/asics-ds-light-club-wide-soccer-shoes-whitepure-silver\/","url":"https:\/\/loftrunway.com\/de\/products\/asics-ds-light-club-wide-soccer-shoes-whitepure-silver\/","name":"ASICS DS Light Club Wide Soccer Shoes White\/Pure Silver - Loftrunway","isPartOf":{"@id":"https:\/\/loftrunway.com\/de\/#website"},"primaryImageOfPage":{"@id":"https:\/\/loftrunway.com\/de\/products\/asics-ds-light-club-wide-soccer-shoes-whitepure-silver\/#primaryimage"},"image":{"@id":"https:\/\/loftrunway.com\/de\/products\/asics-ds-light-club-wide-soccer-shoes-whitepure-silver\/#primaryimage"},"thumbnailUrl":"https:\/\/images.novelship.com\/product\/asics_ds_light_club_wide_soccer_shoes_white_pure_s_0_66408.jpeg","datePublished":"2026-03-02T09:34:32+00:00","dateModified":"2026-04-02T08:19:11+00:00","breadcrumb":{"@id":"https:\/\/loftrunway.com\/de\/products\/asics-ds-light-club-wide-soccer-shoes-whitepure-silver\/#breadcrumb"},"inLanguage":"de","potentialAction":[{"@type":"ReadAction","target":["https:\/\/loftrunway.com\/de\/products\/asics-ds-light-club-wide-soccer-shoes-whitepure-silver\/"]}]},{"@type":"ImageObject","inLanguage":"de","@id":"https:\/\/loftrunway.com\/de\/products\/asics-ds-light-club-wide-soccer-shoes-whitepure-silver\/#primaryimage","url":"https:\/\/images.novelship.com\/product\/asics_ds_light_club_wide_soccer_shoes_white_pure_s_0_66408.jpeg","contentUrl":"https:\/\/images.novelship.com\/product\/asics_ds_light_club_wide_soccer_shoes_white_pure_s_0_66408.jpeg"},{"@type":"BreadcrumbList","@id":"https:\/\/loftrunway.com\/de\/products\/asics-ds-light-club-wide-soccer-shoes-whitepure-silver\/#breadcrumb","itemListElement":[{"@type":"ListItem","position":1,"name":"Home","item":"https:\/\/loftrunway.com\/de\/"},{"@type":"ListItem","position":2,"name":"Shop","item":"https:\/\/loftrunway.com\/de\/shop\/"},{"@type":"ListItem","position":3,"name":"ASICS DS Light Club Wide Soccer Shoes White\/Pure Silver"}]},{"@type":"WebSite","@id":"https:\/\/loftrunway.com\/de\/#website","url":"https:\/\/loftrunway.com\/de\/","name":"Styloral Jewelry Shop","description":"Der Ort, an dem man alle Arten von Sneakern findet","publisher":{"@id":"https:\/\/loftrunway.com\/de\/#organization"},"potentialAction":[{"@type":"SearchAction","target":{"@type":"EntryPoint","urlTemplate":"https:\/\/loftrunway.com\/de\/?s={search_term_string}"},"query-input":{"@type":"PropertyValueSpecification","valueRequired":true,"valueName":"search_term_string"}}],"inLanguage":"de"},{"@type":"Organization","@id":"https:\/\/loftrunway.com\/de\/#organization","name":"STYLORAL PTE. LTD","url":"https:\/\/loftrunway.com\/de\/","logo":{"@type":"ImageObject","inLanguage":"de","@id":"https:\/\/loftrunway.com\/de\/#\/schema\/logo\/image\/","url":"https:\/\/www.loftrunway.com\/wp-content\/uploads\/2025\/12\/logo.png","contentUrl":"https:\/\/www.loftrunway.com\/wp-content\/uploads\/2025\/12\/logo.png","width":200,"height":65,"caption":"STYLORAL PTE. LTD"},"image":{"@id":"https:\/\/loftrunway.com\/de\/#\/schema\/logo\/image\/"}}]}},"_links":{"self":[{"href":"https:\/\/loftrunway.com\/de\/wp-json\/wp\/v2\/product\/179429","targetHints":{"allow":["GET"]}}],"collection":[{"href":"https:\/\/loftrunway.com\/de\/wp-json\/wp\/v2\/product"}],"about":[{"href":"https:\/\/loftrunway.com\/de\/wp-json\/wp\/v2\/types\/product"}],"replies":[{"embeddable":true,"href":"https:\/\/loftrunway.com\/de\/wp-json\/wp\/v2\/comments?post=179429"}],"wp:featuredmedia":[{"embeddable":true,"href":"https:\/\/loftrunway.com\/de\/wp-json\/wp\/v2\/media\/179430"}],"wp:attachment":[{"href":"https:\/\/loftrunway.com\/de\/wp-json\/wp\/v2\/media?parent=179429"}],"wp:term":[{"taxonomy":"product_brand","embeddable":true,"href":"https:\/\/loftrunway.com\/de\/wp-json\/wp\/v2\/product_brand?post=179429"},{"taxonomy":"product_cat","embeddable":true,"href":"https:\/\/loftrunway.com\/de\/wp-json\/wp\/v2\/product_cat?post=179429"},{"taxonomy":"product_tag","embeddable":true,"href":"https:\/\/loftrunway.com\/de\/wp-json\/wp\/v2\/product_tag?post=179429"}],"curies":[{"name":"wp","href":"https:\/\/api.w.org\/{rel}","templated":true}]}}