{"id":181068,"date":"2026-03-02T16:37:02","date_gmt":"2026-03-02T09:37:02","guid":{"rendered":"http:\/\/loftrunway.com\/product\/the-alchemist-x-nike-kd-17-ep-producer-pack"},"modified":"2026-04-02T15:20:25","modified_gmt":"2026-04-02T08:20:25","slug":"the-alchemist-x-nike-kd-17-ep-producer-pack","status":"publish","type":"product","link":"https:\/\/loftrunway.com\/de\/products\/the-alchemist-x-nike-kd-17-ep-producer-pack\/","title":{"rendered":"The Alchemist x Nike KD 17 EP &#8218;Producer Pack&#8216;"},"content":{"rendered":"<p>Wir pr\u00e4sentieren den Alchemist x Nike KD 17 EP \u201eProducer Pack\u201c: Basketball trifft Musik. Entworfen vom renommierten Produzenten Alchemist, besticht dieser Sneaker durch ein elegantes Schwarz-Wei\u00df-Design mit einem einzigartigen Soundboard-Muster an der Innenseite. Die React-Schaumstoff-Mittelsohle und die Zoom Air-Elemente sorgen f\u00fcr optimale D\u00e4mpfung und beste Performance auf dem Court. Egal ob du Beats produzierst oder Dreier versenkst \u201d\u201c mit diesen Schuhen wirst du zum Star, auf und neben der B\u00fchne. Verbessere dein Spiel und hol dir noch heute ein Paar!<\/p>\n<ul>\n<li><strong>Farbgebung:<\/strong> Coconut Milk\/Laser Orange\/Viotech\/Doll<\/li>\n<li><strong>Style-Code:<\/strong> HJ4464-100\/HF4083-902<\/li>\n<li><strong>Obermaterial:<\/strong> Mesh<\/li>\n<li><strong>Zwischensohle:<\/strong> Zoom Air<\/li>\n<li><strong>Farbe:<\/strong> Wei\u00df<\/li>\n<li><strong>Designer:<\/strong> Leo Chang<\/li>\n<li><strong>Erscheinungsjahr:<\/strong> 2024<\/li>\n<\/ul>\n","protected":false},"excerpt":{"rendered":"<p>Nike KD 17 EP \u201d\u201d Coconut Milk\/Laser Orange\/Viotech\/Doll<\/p>\n","protected":false},"featured_media":181069,"comment_status":"open","ping_status":"closed","template":"","meta":[],"product_brand":[],"product_cat":[10803,41273],"product_tag":[10800,10753,11129,10801,10802,10785,10786,10758],"class_list":{"0":"post-181068","1":"product","2":"type-product","3":"status-publish","4":"has-post-thumbnail","6":"product_cat-nike","7":"product_cat-remove","8":"product_tag-basketball-shoes","9":"product_tag-gift-for-him","10":"product_tag-lightweight-basketball-shoes","11":"product_tag-nike","12":"product_tag-performance-sport-shoes","13":"product_tag-trending-deals","14":"product_tag-trending-deals-under-150","15":"product_tag-under-retail","16":"wcpa_has_options","18":"first","19":"instock","20":"taxable","21":"shipping-taxable","22":"purchasable","23":"product-type-simple"},"wcpa_form_fields":{"rules":{"pric_overide_base_price":false,"pric_overide_base_price_if_gt_zero":false,"pric_overide_base_price_fully":false,"pric_cal_option_once":false,"pric_use_as_fee":false,"bind_quantity":false,"quantity_bind_formula":false},"fields":[{"type":"color-group","required":true,"elementId":"wcpa-color-group-66c4a75505e74","label":"Gr\u00f6\u00dfe - EU Gr\u00f6\u00dfe","inline":true,"priceOptions":"different_for_all","pricingType":"fixed","className":"hassizechart product-shoes-size-eu product-shoes-size","name":"color-group-66c4a75505e89","disp_type":"square","selection_type":"tick-border","disp_size":"44","show_label_inside":true,"adjust_width":true,"cart_display_type":"text","other_text":"Other","cl_rule":"show","col":6,"values":[{"label":"35.5","value":"EU 35.5","price":"","pimage":"","pimage_id":"","pthumb":"","color":""},{"label":"36","value":"EU 36","price":"","pimage":"","pimage_id":"","pthumb":"","color":"","selected":true},{"label":"36.5","value":"EU 36.5","price":"","pimage":"","pimage_id":"","pthumb":"","color":""},{"label":"37.5","value":"EU 37.5","price":"","pimage":"","pimage_id":"","pthumb":"","color":""},{"label":"38","value":"EU 38","price":"","pimage":"","pimage_id":"","pthumb":"","color":""},{"label":"38.5","value":"EU 38.5","price":"","pimage":"","pimage_id":"","pthumb":"","color":""},{"label":"39","value":"EU 39","price":"","pimage":"","pimage_id":"","pthumb":"","color":""},{"label":"40","value":"EU 40","price":"","pimage":"","pimage_id":"","pthumb":"","color":""},{"label":"40.5","value":"EU 40.5","price":"","pimage":"","pimage_id":"","pthumb":"","color":""},{"label":"41","value":"EU 41","price":"","pimage":"","pimage_id":"","pthumb":"","color":""},{"label":"42","value":"EU 42","price":"","pimage":"","pimage_id":"","pthumb":"","color":""},{"label":"42.5","value":"EU 42.5","price":"","pimage":"","pimage_id":"","pthumb":"","color":""},{"label":"43","value":"EU 43","price":"","pimage":"","pimage_id":"","pthumb":"","color":""},{"label":"44","value":"EU 44","price":"","pimage":"","pimage_id":"","pthumb":"","color":""},{"label":"44.5","value":"EU 44.5","price":"","pimage":"","pimage_id":"","pthumb":"","color":""},{"label":"45","value":"EU 45","price":"","pimage":"","pimage_id":"","pthumb":"","color":""},{"label":"45.5","value":"EU 45.5","price":"","pimage":"","pimage_id":"","pthumb":"","color":""},{"label":"46","value":"EU 46","price":"","pimage":"","pimage_id":"","pthumb":"","color":""},{"label":"47","value":"EU 47","price":"","pimage":"","pimage_id":"","pthumb":"","color":""},{"label":"47.5","value":"EU 47.5","price":"","pimage":"","pimage_id":"","pthumb":"","color":""},{"label":"48","value":"EU 48","price":"","pimage":"","pimage_id":"","pthumb":"","color":""}],"relations":[{"operator":false,"rules":[]}],"form_id":18106,"form_rules":{"pric_cal_option_once":false,"exclude_from_discount":false,"pric_use_as_fee":false,"fee_label":"Fee","render_after_acb":false,"disp_hide_options_price":false}}]},"yoast_head":"<!-- This site is optimized with the Yoast SEO plugin v26.5 - https:\/\/yoast.com\/wordpress\/plugins\/seo\/ -->\n<title>The Alchemist x Nike KD 17 EP &#039;Producer Pack&#039;  - Loftrunway<\/title>\n<meta name=\"robots\" content=\"index, follow, max-snippet:-1, max-image-preview:large, max-video-preview:-1\" \/>\n<link rel=\"canonical\" href=\"https:\/\/loftrunway.com\/de\/products\/the-alchemist-x-nike-kd-17-ep-producer-pack\/\" \/>\n<meta property=\"og:locale\" content=\"de_DE\" \/>\n<meta property=\"og:type\" content=\"article\" \/>\n<meta property=\"og:title\" content=\"The Alchemist x Nike KD 17 EP &#039;Producer Pack&#039;  - Loftrunway\" \/>\n<meta property=\"og:description\" content=\"Nike KD 17 EP \u201d\u201d Coconut Milk\/Laser Orange\/Viotech\/Doll\" \/>\n<meta property=\"og:url\" content=\"https:\/\/loftrunway.com\/de\/products\/the-alchemist-x-nike-kd-17-ep-producer-pack\/\" \/>\n<meta property=\"og:site_name\" content=\"loftRUN Sneaker Store\" \/>\n<meta property=\"article:modified_time\" content=\"2026-04-02T08:20:25+00:00\" \/>\n<meta name=\"twitter:card\" content=\"summary_large_image\" \/>\n<meta name=\"twitter:image\" content=\"https:\/\/images.novelship.com\/product\/the_alchemist_x_nike_kd_17_ep__producer_pack__hj44_0_76196.jpeg\" \/>\n<meta name=\"twitter:label1\" content=\"Gesch\u00e4tzte Lesezeit\" \/>\n\t<meta name=\"twitter:data1\" content=\"1\u00a0Minute\" \/>\n<script type=\"application\/ld+json\" class=\"yoast-schema-graph\">{\"@context\":\"https:\/\/schema.org\",\"@graph\":[{\"@type\":\"WebPage\",\"@id\":\"https:\/\/loftrunway.com\/de\/products\/the-alchemist-x-nike-kd-17-ep-producer-pack\/\",\"url\":\"https:\/\/loftrunway.com\/de\/products\/the-alchemist-x-nike-kd-17-ep-producer-pack\/\",\"name\":\"The Alchemist x Nike KD 17 EP 'Producer Pack' - Loftrunway\",\"isPartOf\":{\"@id\":\"https:\/\/loftrunway.com\/de\/#website\"},\"primaryImageOfPage\":{\"@id\":\"https:\/\/loftrunway.com\/de\/products\/the-alchemist-x-nike-kd-17-ep-producer-pack\/#primaryimage\"},\"image\":{\"@id\":\"https:\/\/loftrunway.com\/de\/products\/the-alchemist-x-nike-kd-17-ep-producer-pack\/#primaryimage\"},\"thumbnailUrl\":\"https:\/\/images.novelship.com\/product\/the_alchemist_x_nike_kd_17_ep__producer_pack__hj44_0_76196.jpeg\",\"datePublished\":\"2026-03-02T09:37:02+00:00\",\"dateModified\":\"2026-04-02T08:20:25+00:00\",\"breadcrumb\":{\"@id\":\"https:\/\/loftrunway.com\/de\/products\/the-alchemist-x-nike-kd-17-ep-producer-pack\/#breadcrumb\"},\"inLanguage\":\"de\",\"potentialAction\":[{\"@type\":\"ReadAction\",\"target\":[\"https:\/\/loftrunway.com\/de\/products\/the-alchemist-x-nike-kd-17-ep-producer-pack\/\"]}]},{\"@type\":\"ImageObject\",\"inLanguage\":\"de\",\"@id\":\"https:\/\/loftrunway.com\/de\/products\/the-alchemist-x-nike-kd-17-ep-producer-pack\/#primaryimage\",\"url\":\"https:\/\/images.novelship.com\/product\/the_alchemist_x_nike_kd_17_ep__producer_pack__hj44_0_76196.jpeg\",\"contentUrl\":\"https:\/\/images.novelship.com\/product\/the_alchemist_x_nike_kd_17_ep__producer_pack__hj44_0_76196.jpeg\"},{\"@type\":\"BreadcrumbList\",\"@id\":\"https:\/\/loftrunway.com\/de\/products\/the-alchemist-x-nike-kd-17-ep-producer-pack\/#breadcrumb\",\"itemListElement\":[{\"@type\":\"ListItem\",\"position\":1,\"name\":\"Home\",\"item\":\"https:\/\/loftrunway.com\/de\/\"},{\"@type\":\"ListItem\",\"position\":2,\"name\":\"Shop\",\"item\":\"https:\/\/loftrunway.com\/de\/shop\/\"},{\"@type\":\"ListItem\",\"position\":3,\"name\":\"The Alchemist x Nike KD 17 EP &#8218;Producer Pack&#8216;\"}]},{\"@type\":\"WebSite\",\"@id\":\"https:\/\/loftrunway.com\/de\/#website\",\"url\":\"https:\/\/loftrunway.com\/de\/\",\"name\":\"Styloral Jewelry Shop\",\"description\":\"Der Ort, an dem man alle Arten von Sneakern findet\",\"publisher\":{\"@id\":\"https:\/\/loftrunway.com\/de\/#organization\"},\"potentialAction\":[{\"@type\":\"SearchAction\",\"target\":{\"@type\":\"EntryPoint\",\"urlTemplate\":\"https:\/\/loftrunway.com\/de\/?s={search_term_string}\"},\"query-input\":{\"@type\":\"PropertyValueSpecification\",\"valueRequired\":true,\"valueName\":\"search_term_string\"}}],\"inLanguage\":\"de\"},{\"@type\":\"Organization\",\"@id\":\"https:\/\/loftrunway.com\/de\/#organization\",\"name\":\"STYLORAL PTE. LTD\",\"url\":\"https:\/\/loftrunway.com\/de\/\",\"logo\":{\"@type\":\"ImageObject\",\"inLanguage\":\"de\",\"@id\":\"https:\/\/loftrunway.com\/de\/#\/schema\/logo\/image\/\",\"url\":\"https:\/\/www.loftrunway.com\/wp-content\/uploads\/2025\/12\/logo.png\",\"contentUrl\":\"https:\/\/www.loftrunway.com\/wp-content\/uploads\/2025\/12\/logo.png\",\"width\":200,\"height\":65,\"caption\":\"STYLORAL PTE. LTD\"},\"image\":{\"@id\":\"https:\/\/loftrunway.com\/de\/#\/schema\/logo\/image\/\"}}]}<\/script>\n<!-- \/ Yoast SEO plugin. -->","yoast_head_json":{"title":"The Alchemist x Nike KD 17 EP 'Producer Pack'  - Loftrunway","robots":{"index":"index","follow":"follow","max-snippet":"max-snippet:-1","max-image-preview":"max-image-preview:large","max-video-preview":"max-video-preview:-1"},"canonical":"https:\/\/loftrunway.com\/de\/products\/the-alchemist-x-nike-kd-17-ep-producer-pack\/","og_locale":"de_DE","og_type":"article","og_title":"The Alchemist x Nike KD 17 EP 'Producer Pack'  - Loftrunway","og_description":"Nike KD 17 EP \u201d\u201d Coconut Milk\/Laser Orange\/Viotech\/Doll","og_url":"https:\/\/loftrunway.com\/de\/products\/the-alchemist-x-nike-kd-17-ep-producer-pack\/","og_site_name":"loftRUN Sneaker Store","article_modified_time":"2026-04-02T08:20:25+00:00","twitter_card":"summary_large_image","twitter_image":"https:\/\/images.novelship.com\/product\/the_alchemist_x_nike_kd_17_ep__producer_pack__hj44_0_76196.jpeg","twitter_misc":{"Gesch\u00e4tzte Lesezeit":"1\u00a0Minute"},"schema":{"@context":"https:\/\/schema.org","@graph":[{"@type":"WebPage","@id":"https:\/\/loftrunway.com\/de\/products\/the-alchemist-x-nike-kd-17-ep-producer-pack\/","url":"https:\/\/loftrunway.com\/de\/products\/the-alchemist-x-nike-kd-17-ep-producer-pack\/","name":"The Alchemist x Nike KD 17 EP 'Producer Pack' - Loftrunway","isPartOf":{"@id":"https:\/\/loftrunway.com\/de\/#website"},"primaryImageOfPage":{"@id":"https:\/\/loftrunway.com\/de\/products\/the-alchemist-x-nike-kd-17-ep-producer-pack\/#primaryimage"},"image":{"@id":"https:\/\/loftrunway.com\/de\/products\/the-alchemist-x-nike-kd-17-ep-producer-pack\/#primaryimage"},"thumbnailUrl":"https:\/\/images.novelship.com\/product\/the_alchemist_x_nike_kd_17_ep__producer_pack__hj44_0_76196.jpeg","datePublished":"2026-03-02T09:37:02+00:00","dateModified":"2026-04-02T08:20:25+00:00","breadcrumb":{"@id":"https:\/\/loftrunway.com\/de\/products\/the-alchemist-x-nike-kd-17-ep-producer-pack\/#breadcrumb"},"inLanguage":"de","potentialAction":[{"@type":"ReadAction","target":["https:\/\/loftrunway.com\/de\/products\/the-alchemist-x-nike-kd-17-ep-producer-pack\/"]}]},{"@type":"ImageObject","inLanguage":"de","@id":"https:\/\/loftrunway.com\/de\/products\/the-alchemist-x-nike-kd-17-ep-producer-pack\/#primaryimage","url":"https:\/\/images.novelship.com\/product\/the_alchemist_x_nike_kd_17_ep__producer_pack__hj44_0_76196.jpeg","contentUrl":"https:\/\/images.novelship.com\/product\/the_alchemist_x_nike_kd_17_ep__producer_pack__hj44_0_76196.jpeg"},{"@type":"BreadcrumbList","@id":"https:\/\/loftrunway.com\/de\/products\/the-alchemist-x-nike-kd-17-ep-producer-pack\/#breadcrumb","itemListElement":[{"@type":"ListItem","position":1,"name":"Home","item":"https:\/\/loftrunway.com\/de\/"},{"@type":"ListItem","position":2,"name":"Shop","item":"https:\/\/loftrunway.com\/de\/shop\/"},{"@type":"ListItem","position":3,"name":"The Alchemist x Nike KD 17 EP &#8218;Producer Pack&#8216;"}]},{"@type":"WebSite","@id":"https:\/\/loftrunway.com\/de\/#website","url":"https:\/\/loftrunway.com\/de\/","name":"Styloral Jewelry Shop","description":"Der Ort, an dem man alle Arten von Sneakern findet","publisher":{"@id":"https:\/\/loftrunway.com\/de\/#organization"},"potentialAction":[{"@type":"SearchAction","target":{"@type":"EntryPoint","urlTemplate":"https:\/\/loftrunway.com\/de\/?s={search_term_string}"},"query-input":{"@type":"PropertyValueSpecification","valueRequired":true,"valueName":"search_term_string"}}],"inLanguage":"de"},{"@type":"Organization","@id":"https:\/\/loftrunway.com\/de\/#organization","name":"STYLORAL PTE. LTD","url":"https:\/\/loftrunway.com\/de\/","logo":{"@type":"ImageObject","inLanguage":"de","@id":"https:\/\/loftrunway.com\/de\/#\/schema\/logo\/image\/","url":"https:\/\/www.loftrunway.com\/wp-content\/uploads\/2025\/12\/logo.png","contentUrl":"https:\/\/www.loftrunway.com\/wp-content\/uploads\/2025\/12\/logo.png","width":200,"height":65,"caption":"STYLORAL PTE. LTD"},"image":{"@id":"https:\/\/loftrunway.com\/de\/#\/schema\/logo\/image\/"}}]}},"_links":{"self":[{"href":"https:\/\/loftrunway.com\/de\/wp-json\/wp\/v2\/product\/181068","targetHints":{"allow":["GET"]}}],"collection":[{"href":"https:\/\/loftrunway.com\/de\/wp-json\/wp\/v2\/product"}],"about":[{"href":"https:\/\/loftrunway.com\/de\/wp-json\/wp\/v2\/types\/product"}],"replies":[{"embeddable":true,"href":"https:\/\/loftrunway.com\/de\/wp-json\/wp\/v2\/comments?post=181068"}],"wp:featuredmedia":[{"embeddable":true,"href":"https:\/\/loftrunway.com\/de\/wp-json\/wp\/v2\/media\/181069"}],"wp:attachment":[{"href":"https:\/\/loftrunway.com\/de\/wp-json\/wp\/v2\/media?parent=181068"}],"wp:term":[{"taxonomy":"product_brand","embeddable":true,"href":"https:\/\/loftrunway.com\/de\/wp-json\/wp\/v2\/product_brand?post=181068"},{"taxonomy":"product_cat","embeddable":true,"href":"https:\/\/loftrunway.com\/de\/wp-json\/wp\/v2\/product_cat?post=181068"},{"taxonomy":"product_tag","embeddable":true,"href":"https:\/\/loftrunway.com\/de\/wp-json\/wp\/v2\/product_tag?post=181068"}],"curies":[{"name":"wp","href":"https:\/\/api.w.org\/{rel}","templated":true}]}}