{"id":181634,"date":"2026-03-02T16:37:53","date_gmt":"2026-03-02T09:37:53","guid":{"rendered":"http:\/\/loftrunway.com\/product\/f50-elite-fg-soccer-cleats"},"modified":"2026-04-02T15:20:53","modified_gmt":"2026-04-02T08:20:53","slug":"f50-elite-fg-soccer-cleats","status":"publish","type":"product","link":"https:\/\/loftrunway.com\/de\/products\/f50-elite-fg-soccer-cleats\/","title":{"rendered":"F50 Elite FG Soccer Cleats"},"content":{"rendered":"<p>Erleben Sie unvergleichliche Leistung auf dem Platz mit den F50 Elite FG Fu\u00dfballschuhen IE1206, die f\u00fcr Geschwindigkeit und Pr\u00e4zision entwickelt wurden. Dank ihres leichten und dennoch strapazierf\u00e4higen Synthetik-Obermaterials bieten diese Schuhe au\u00dfergew\u00f6hnlichen Komfort und sicheren Halt, sodass Sie sich in jeder Spielsituation optimal bewegen k\u00f6nnen. Die innovative Sohle sorgt f\u00fcr hervorragende Traktion auf festem Untergrund und optimiert Ihre Kraft\u00fcbertragung und Agilit\u00e4t f\u00fcr explosive Antritte und schnelle Richtungswechsel. Mit ihrem schlanken, aerodynamischen Design verbessern diese Schuhe nicht nur Ihre Leistung, sondern setzen auch ein starkes Statement auf dem Spielfeld. Die F50 Elite FG Fu\u00dfballschuhe IE1206 wurden f\u00fcr Spieler entwickelt, die nur das Beste wollen. Sie vereinen modernste Technologie und stylisches Design und sind damit ein Must-have f\u00fcr ambitionierte Sportler, die nach dem Sieg streben.<\/p>\n<ul>\n<li><strong>Farbgebung:<\/strong> Cloud White\/Core Black\/Solar Yellow<\/li>\n<li><strong>Artikelnummer:<\/strong> IE1206<\/li>\n<li><strong>Obermaterial:<\/strong> Fibertouch<\/li>\n<li><strong>Farbe:<\/strong> Wei\u00df<\/li>\n<\/ul>\n","protected":false},"excerpt":{"rendered":"<p>adidas F50 Elite FG \u201d\u201d Cloud White\/Core Black\/Solar Yellow<\/p>\n","protected":false},"featured_media":181635,"comment_status":"open","ping_status":"closed","template":"","meta":[],"product_brand":[],"product_cat":[10760,41273],"product_tag":[10759,11087,10802,10986,10987,10758],"class_list":{"0":"post-181634","1":"product","2":"type-product","3":"status-publish","4":"has-post-thumbnail","6":"product_cat-adidas","7":"product_cat-remove","8":"product_tag-adidas","9":"product_tag-firm-ground-fg-football-boots","10":"product_tag-performance-sport-shoes","11":"product_tag-soccer-shoes","12":"product_tag-soccer-shoes-football-cleats","13":"product_tag-under-retail","14":"wcpa_has_options","16":"first","17":"instock","18":"sale","19":"taxable","20":"shipping-taxable","21":"purchasable","22":"product-type-simple"},"wcpa_form_fields":{"rules":{"pric_overide_base_price":false,"pric_overide_base_price_if_gt_zero":false,"pric_overide_base_price_fully":false,"pric_cal_option_once":false,"pric_use_as_fee":false,"bind_quantity":false,"quantity_bind_formula":false},"fields":[{"type":"color-group","required":true,"elementId":"wcpa-color-group-66c4a7f817afe","label":"Gr\u00f6\u00dfe","inline":true,"priceOptions":"different_for_all","pricingType":"fixed","className":"hassizechart product-shoes-size-eu product-shoes-size","name":"color-group-66c4a7f817b18","disp_type":"square","selection_type":"tick-border","disp_size":"50","show_label_inside":true,"adjust_width":true,"cart_display_type":"text","other_text":"Other","cl_rule":"show","col":6,"values":[{"label":"35","value":"EU 35","price":"","pimage":"","pimage_id":"","pthumb":"","color":""},{"label":"35.5","value":"EU 35.5","price":"","pimage":"","pimage_id":"","pthumb":"","color":""},{"label":"36","value":"EU 36","price":"","pimage":"","pimage_id":"","pthumb":"","color":"","selected":true},{"label":"36 2\/3","value":"EU 36 2\/3","price":"","pimage":"","pimage_id":"","pthumb":"","color":""},{"label":"37 1\/3","value":"EU 37 1\/3","price":"","pimage":"","pimage_id":"","pthumb":"","color":""},{"label":"38","value":"EU 38","price":"","pimage":"","pimage_id":"","pthumb":"","color":""},{"label":"38 2\/3","value":"EU 38 2\/3","price":"","pimage":"","pimage_id":"","pthumb":"","color":""},{"label":"39 1\/3","value":"EU 39 1\/3","price":"","pimage":"","pimage_id":"","pthumb":"","color":""},{"label":"40","value":"EU 40","price":"","pimage":"","pimage_id":"","pthumb":"","color":""},{"label":"40 2\/3","value":"EU 40 2\/3","price":"","pimage":"","pimage_id":"","pthumb":"","color":""},{"label":"41 1\/3","value":"EU 41 1\/3","price":"","pimage":"","pimage_id":"","pthumb":"","color":""},{"label":"42","value":"EU 42","price":"","pimage":"","pimage_id":"","pthumb":"","color":""},{"label":"42 2\/3","value":"EU 42 2\/3","price":"","pimage":"","pimage_id":"","pthumb":"","color":""},{"label":"43 1\/3","value":"EU 43 1\/3","price":"","pimage":"","pimage_id":"","pthumb":"","color":""},{"label":"44","value":"EU 44","price":"","pimage":"","pimage_id":"","pthumb":"","color":""},{"label":"44 2\/3","value":"EU 44 2\/3","price":"","pimage":"","pimage_id":"","pthumb":"","color":""},{"label":"45 1\/3","value":"EU 45 1\/3","price":"","pimage":"","pimage_id":"","pthumb":"","color":""},{"label":"46","value":"EU 46","price":"","pimage":"","pimage_id":"","pthumb":"","color":""},{"label":"46 2\/3","value":"EU 46 2\/3","price":"","pimage":"","pimage_id":"","pthumb":"","color":""},{"label":"47 1\/3","value":"EU 47 1\/3","price":"","pimage":"","pimage_id":"","pthumb":"","color":""}],"relations":[{"operator":false,"rules":[]}],"form_id":24802,"form_rules":{"pric_cal_option_once":false,"exclude_from_discount":false,"pric_use_as_fee":false,"fee_label":"Fee","render_after_acb":false,"disp_hide_options_price":false}}]},"yoast_head":"<!-- This site is optimized with the Yoast SEO plugin v26.5 - https:\/\/yoast.com\/wordpress\/plugins\/seo\/ -->\n<title>F50 Elite FG Soccer Cleats  - Loftrunway<\/title>\n<meta name=\"robots\" content=\"index, follow, max-snippet:-1, max-image-preview:large, max-video-preview:-1\" \/>\n<link rel=\"canonical\" href=\"https:\/\/loftrunway.com\/de\/products\/f50-elite-fg-soccer-cleats\/\" \/>\n<meta property=\"og:locale\" content=\"de_DE\" \/>\n<meta property=\"og:type\" content=\"article\" \/>\n<meta property=\"og:title\" content=\"F50 Elite FG Soccer Cleats  - Loftrunway\" \/>\n<meta property=\"og:description\" content=\"adidas F50 Elite FG \u201d\u201d Cloud White\/Core Black\/Solar Yellow\" \/>\n<meta property=\"og:url\" content=\"https:\/\/loftrunway.com\/de\/products\/f50-elite-fg-soccer-cleats\/\" \/>\n<meta property=\"og:site_name\" content=\"loftRUN Sneaker Store\" \/>\n<meta property=\"article:modified_time\" content=\"2026-04-02T08:20:53+00:00\" \/>\n<meta name=\"twitter:card\" content=\"summary_large_image\" \/>\n<meta name=\"twitter:image\" content=\"https:\/\/images.novelship.com\/product\/f50_elite_fg_soccer_cleats_ie1206_0_63516.jpeg\" \/>\n<meta name=\"twitter:label1\" content=\"Gesch\u00e4tzte Lesezeit\" \/>\n\t<meta name=\"twitter:data1\" content=\"1\u00a0Minute\" \/>\n<script type=\"application\/ld+json\" class=\"yoast-schema-graph\">{\"@context\":\"https:\/\/schema.org\",\"@graph\":[{\"@type\":\"WebPage\",\"@id\":\"https:\/\/loftrunway.com\/de\/products\/f50-elite-fg-soccer-cleats\/\",\"url\":\"https:\/\/loftrunway.com\/de\/products\/f50-elite-fg-soccer-cleats\/\",\"name\":\"F50 Elite FG Soccer Cleats - Loftrunway\",\"isPartOf\":{\"@id\":\"https:\/\/loftrunway.com\/de\/#website\"},\"primaryImageOfPage\":{\"@id\":\"https:\/\/loftrunway.com\/de\/products\/f50-elite-fg-soccer-cleats\/#primaryimage\"},\"image\":{\"@id\":\"https:\/\/loftrunway.com\/de\/products\/f50-elite-fg-soccer-cleats\/#primaryimage\"},\"thumbnailUrl\":\"https:\/\/images.novelship.com\/product\/f50_elite_fg_soccer_cleats_ie1206_0_63516.jpeg\",\"datePublished\":\"2026-03-02T09:37:53+00:00\",\"dateModified\":\"2026-04-02T08:20:53+00:00\",\"breadcrumb\":{\"@id\":\"https:\/\/loftrunway.com\/de\/products\/f50-elite-fg-soccer-cleats\/#breadcrumb\"},\"inLanguage\":\"de\",\"potentialAction\":[{\"@type\":\"ReadAction\",\"target\":[\"https:\/\/loftrunway.com\/de\/products\/f50-elite-fg-soccer-cleats\/\"]}]},{\"@type\":\"ImageObject\",\"inLanguage\":\"de\",\"@id\":\"https:\/\/loftrunway.com\/de\/products\/f50-elite-fg-soccer-cleats\/#primaryimage\",\"url\":\"https:\/\/images.novelship.com\/product\/f50_elite_fg_soccer_cleats_ie1206_0_63516.jpeg\",\"contentUrl\":\"https:\/\/images.novelship.com\/product\/f50_elite_fg_soccer_cleats_ie1206_0_63516.jpeg\"},{\"@type\":\"BreadcrumbList\",\"@id\":\"https:\/\/loftrunway.com\/de\/products\/f50-elite-fg-soccer-cleats\/#breadcrumb\",\"itemListElement\":[{\"@type\":\"ListItem\",\"position\":1,\"name\":\"Home\",\"item\":\"https:\/\/loftrunway.com\/de\/\"},{\"@type\":\"ListItem\",\"position\":2,\"name\":\"Shop\",\"item\":\"https:\/\/loftrunway.com\/de\/shop\/\"},{\"@type\":\"ListItem\",\"position\":3,\"name\":\"F50 Elite FG Soccer Cleats\"}]},{\"@type\":\"WebSite\",\"@id\":\"https:\/\/loftrunway.com\/de\/#website\",\"url\":\"https:\/\/loftrunway.com\/de\/\",\"name\":\"Styloral Jewelry Shop\",\"description\":\"Der Ort, an dem man alle Arten von Sneakern findet\",\"publisher\":{\"@id\":\"https:\/\/loftrunway.com\/de\/#organization\"},\"potentialAction\":[{\"@type\":\"SearchAction\",\"target\":{\"@type\":\"EntryPoint\",\"urlTemplate\":\"https:\/\/loftrunway.com\/de\/?s={search_term_string}\"},\"query-input\":{\"@type\":\"PropertyValueSpecification\",\"valueRequired\":true,\"valueName\":\"search_term_string\"}}],\"inLanguage\":\"de\"},{\"@type\":\"Organization\",\"@id\":\"https:\/\/loftrunway.com\/de\/#organization\",\"name\":\"STYLORAL PTE. LTD\",\"url\":\"https:\/\/loftrunway.com\/de\/\",\"logo\":{\"@type\":\"ImageObject\",\"inLanguage\":\"de\",\"@id\":\"https:\/\/loftrunway.com\/de\/#\/schema\/logo\/image\/\",\"url\":\"https:\/\/www.loftrunway.com\/wp-content\/uploads\/2025\/12\/logo.png\",\"contentUrl\":\"https:\/\/www.loftrunway.com\/wp-content\/uploads\/2025\/12\/logo.png\",\"width\":200,\"height\":65,\"caption\":\"STYLORAL PTE. LTD\"},\"image\":{\"@id\":\"https:\/\/loftrunway.com\/de\/#\/schema\/logo\/image\/\"}}]}<\/script>\n<!-- \/ Yoast SEO plugin. -->","yoast_head_json":{"title":"F50 Elite FG Soccer Cleats  - Loftrunway","robots":{"index":"index","follow":"follow","max-snippet":"max-snippet:-1","max-image-preview":"max-image-preview:large","max-video-preview":"max-video-preview:-1"},"canonical":"https:\/\/loftrunway.com\/de\/products\/f50-elite-fg-soccer-cleats\/","og_locale":"de_DE","og_type":"article","og_title":"F50 Elite FG Soccer Cleats  - Loftrunway","og_description":"adidas F50 Elite FG \u201d\u201d Cloud White\/Core Black\/Solar Yellow","og_url":"https:\/\/loftrunway.com\/de\/products\/f50-elite-fg-soccer-cleats\/","og_site_name":"loftRUN Sneaker Store","article_modified_time":"2026-04-02T08:20:53+00:00","twitter_card":"summary_large_image","twitter_image":"https:\/\/images.novelship.com\/product\/f50_elite_fg_soccer_cleats_ie1206_0_63516.jpeg","twitter_misc":{"Gesch\u00e4tzte Lesezeit":"1\u00a0Minute"},"schema":{"@context":"https:\/\/schema.org","@graph":[{"@type":"WebPage","@id":"https:\/\/loftrunway.com\/de\/products\/f50-elite-fg-soccer-cleats\/","url":"https:\/\/loftrunway.com\/de\/products\/f50-elite-fg-soccer-cleats\/","name":"F50 Elite FG Soccer Cleats - Loftrunway","isPartOf":{"@id":"https:\/\/loftrunway.com\/de\/#website"},"primaryImageOfPage":{"@id":"https:\/\/loftrunway.com\/de\/products\/f50-elite-fg-soccer-cleats\/#primaryimage"},"image":{"@id":"https:\/\/loftrunway.com\/de\/products\/f50-elite-fg-soccer-cleats\/#primaryimage"},"thumbnailUrl":"https:\/\/images.novelship.com\/product\/f50_elite_fg_soccer_cleats_ie1206_0_63516.jpeg","datePublished":"2026-03-02T09:37:53+00:00","dateModified":"2026-04-02T08:20:53+00:00","breadcrumb":{"@id":"https:\/\/loftrunway.com\/de\/products\/f50-elite-fg-soccer-cleats\/#breadcrumb"},"inLanguage":"de","potentialAction":[{"@type":"ReadAction","target":["https:\/\/loftrunway.com\/de\/products\/f50-elite-fg-soccer-cleats\/"]}]},{"@type":"ImageObject","inLanguage":"de","@id":"https:\/\/loftrunway.com\/de\/products\/f50-elite-fg-soccer-cleats\/#primaryimage","url":"https:\/\/images.novelship.com\/product\/f50_elite_fg_soccer_cleats_ie1206_0_63516.jpeg","contentUrl":"https:\/\/images.novelship.com\/product\/f50_elite_fg_soccer_cleats_ie1206_0_63516.jpeg"},{"@type":"BreadcrumbList","@id":"https:\/\/loftrunway.com\/de\/products\/f50-elite-fg-soccer-cleats\/#breadcrumb","itemListElement":[{"@type":"ListItem","position":1,"name":"Home","item":"https:\/\/loftrunway.com\/de\/"},{"@type":"ListItem","position":2,"name":"Shop","item":"https:\/\/loftrunway.com\/de\/shop\/"},{"@type":"ListItem","position":3,"name":"F50 Elite FG Soccer Cleats"}]},{"@type":"WebSite","@id":"https:\/\/loftrunway.com\/de\/#website","url":"https:\/\/loftrunway.com\/de\/","name":"Styloral Jewelry Shop","description":"Der Ort, an dem man alle Arten von Sneakern findet","publisher":{"@id":"https:\/\/loftrunway.com\/de\/#organization"},"potentialAction":[{"@type":"SearchAction","target":{"@type":"EntryPoint","urlTemplate":"https:\/\/loftrunway.com\/de\/?s={search_term_string}"},"query-input":{"@type":"PropertyValueSpecification","valueRequired":true,"valueName":"search_term_string"}}],"inLanguage":"de"},{"@type":"Organization","@id":"https:\/\/loftrunway.com\/de\/#organization","name":"STYLORAL PTE. LTD","url":"https:\/\/loftrunway.com\/de\/","logo":{"@type":"ImageObject","inLanguage":"de","@id":"https:\/\/loftrunway.com\/de\/#\/schema\/logo\/image\/","url":"https:\/\/www.loftrunway.com\/wp-content\/uploads\/2025\/12\/logo.png","contentUrl":"https:\/\/www.loftrunway.com\/wp-content\/uploads\/2025\/12\/logo.png","width":200,"height":65,"caption":"STYLORAL PTE. LTD"},"image":{"@id":"https:\/\/loftrunway.com\/de\/#\/schema\/logo\/image\/"}}]}},"_links":{"self":[{"href":"https:\/\/loftrunway.com\/de\/wp-json\/wp\/v2\/product\/181634","targetHints":{"allow":["GET"]}}],"collection":[{"href":"https:\/\/loftrunway.com\/de\/wp-json\/wp\/v2\/product"}],"about":[{"href":"https:\/\/loftrunway.com\/de\/wp-json\/wp\/v2\/types\/product"}],"replies":[{"embeddable":true,"href":"https:\/\/loftrunway.com\/de\/wp-json\/wp\/v2\/comments?post=181634"}],"wp:featuredmedia":[{"embeddable":true,"href":"https:\/\/loftrunway.com\/de\/wp-json\/wp\/v2\/media\/181635"}],"wp:attachment":[{"href":"https:\/\/loftrunway.com\/de\/wp-json\/wp\/v2\/media?parent=181634"}],"wp:term":[{"taxonomy":"product_brand","embeddable":true,"href":"https:\/\/loftrunway.com\/de\/wp-json\/wp\/v2\/product_brand?post=181634"},{"taxonomy":"product_cat","embeddable":true,"href":"https:\/\/loftrunway.com\/de\/wp-json\/wp\/v2\/product_cat?post=181634"},{"taxonomy":"product_tag","embeddable":true,"href":"https:\/\/loftrunway.com\/de\/wp-json\/wp\/v2\/product_tag?post=181634"}],"curies":[{"name":"wp","href":"https:\/\/api.w.org\/{rel}","templated":true}]}}