{"id":182350,"date":"2026-03-02T16:38:57","date_gmt":"2026-03-02T09:38:57","guid":{"rendered":"http:\/\/loftrunway.com\/product\/asics-ub8-s-gt-2160-pale-oak-truffle-grey"},"modified":"2026-04-02T15:21:26","modified_gmt":"2026-04-02T08:21:26","slug":"asics-ub8-s-gt-2160-pale-oak-truffle-grey","status":"publish","type":"product","link":"https:\/\/loftrunway.com\/de\/products\/asics-ub8-s-gt-2160-pale-oak-truffle-grey\/","title":{"rendered":"ASICS UB8-S GT 2160 &#8218;Pale Oak Truffle Grey&#8216;"},"content":{"rendered":"<p>Wir pr\u00e4sentieren den ASICS UB8-S GT 2160 \u201ePale Oak Truffle Grey\u201c: die ultimative Kombination aus Komfort und Stabilit\u00e4t f\u00fcr L\u00e4ufer. Sein innovatives GUIDANCE TRUSSTIC SYSTEM sorgt f\u00fcr einen ausgewogenen Fu\u00dfaufsatz, w\u00e4hrend das DYNAMIC DUOMAX SUPPORT SYSTEM au\u00dfergew\u00f6hnliche Stabilit\u00e4t bietet. Erleben Sie unvergleichliche D\u00e4mpfung dank der FLYTEFOAM PROPEL-Technologie, kombiniert mit der weichen und reaktionsfreudigen GEL-D\u00e4mpfung. Das atmungsaktive Mesh-Obermaterial h\u00e4lt Ihre F\u00fc\u00dfe k\u00fchl und komfortabel, und die AHARPLUS-Au\u00dfensohle bietet au\u00dfergew\u00f6hnliche Strapazierf\u00e4higkeit. Steigere dein Lauferlebnis mit dem ASICS UB8-S GT 2160 \u201d\u201c f\u00fcr maximale Unterst\u00fctzung bei jedem Schritt.<\/p>\n<ul>\n<li><strong>Farbgebung:<\/strong> Brown Storm\/Sienna<\/li>\n<li><strong>Artikelnummer:<\/strong> 1203A641-200<\/li>\n<li><strong>Obermaterial:<\/strong> Mesh<\/li>\n<li><strong>Zwischensohle:<\/strong> Gel<\/li>\n<li><strong>Farbe:<\/strong> Braun<\/li>\n<\/ul>\n","protected":false},"excerpt":{"rendered":"<p>ASICS UB8-S GT 2160 \u201d\u201d Brown Storm\/Sienna<\/p>\n","protected":false},"featured_media":182351,"comment_status":"open","ping_status":"closed","template":"","meta":[],"product_brand":[],"product_cat":[10792,41273],"product_tag":[10791,10750,10754,10765,10768],"class_list":{"0":"post-182350","1":"product","2":"type-product","3":"status-publish","4":"has-post-thumbnail","6":"product_cat-asics","7":"product_cat-remove","8":"product_tag-asics","9":"product_tag-athleisure-shoes","10":"product_tag-lifestyle-casual-shoes","11":"product_tag-lifestyle-shoes-running-inspired","12":"product_tag-retro-running-shoes","13":"wcpa_has_options","15":"first","16":"instock","17":"taxable","18":"shipping-taxable","19":"purchasable","20":"product-type-simple"},"wcpa_form_fields":{"rules":{"pric_overide_base_price":false,"pric_overide_base_price_if_gt_zero":false,"pric_overide_base_price_fully":false,"pric_cal_option_once":false,"pric_use_as_fee":false,"bind_quantity":false,"quantity_bind_formula":false},"fields":[{"type":"color-group","required":true,"elementId":"wcpa-color-group-69a5ab08ee12d","label":"Gr\u00f6\u00dfe","inline":true,"priceOptions":"different_for_all","pricingType":"fixed","className":"hassizechart product-shoes-size-eu product-shoes-size","name":"color-group-69a5ab08ee136","disp_type":"square","selection_type":"tick-border","disp_size":"50","show_label_inside":true,"adjust_width":true,"cart_display_type":"text","other_text":"Other","cl_rule":"show","col":6,"values":[{"label":"36","value":"EU 36","price":"","pimage":"","pimage_id":"","pthumb":"","color":"","selected":true},{"label":"37","value":"EU 37","price":"","pimage":"","pimage_id":"","pthumb":"","color":""},{"label":"37.5","value":"EU 37.5","price":"","pimage":"","pimage_id":"","pthumb":"","color":""},{"label":"38","value":"EU 38","price":"","pimage":"","pimage_id":"","pthumb":"","color":""},{"label":"38.5","value":"EU 38.5","price":"","pimage":"","pimage_id":"","pthumb":"","color":""},{"label":"39","value":"EU 39","price":"","pimage":"","pimage_id":"","pthumb":"","color":""},{"label":"39.5","value":"EU 39.5","price":"","pimage":"","pimage_id":"","pthumb":"","color":""},{"label":"40","value":"EU 40","price":"","pimage":"","pimage_id":"","pthumb":"","color":""},{"label":"40.5","value":"EU 40.5","price":"","pimage":"","pimage_id":"","pthumb":"","color":""},{"label":" 41.5","value":"EU 41.5","price":"","pimage":"","pimage_id":"","pthumb":"","color":""},{"label":"42","value":"EU 42","price":"","pimage":"","pimage_id":"","pthumb":"","color":""},{"label":"42.5","value":"EU 42.5","price":"","pimage":"","pimage_id":"","pthumb":"","color":""},{"label":"43.5","value":"EU 43.5","price":"","pimage":"","pimage_id":"","pthumb":"","color":""},{"label":"44","value":"EU 44","price":"","pimage":"","pimage_id":"","pthumb":"","color":""},{"label":"44.5","value":"EU 44.5","price":"","pimage":"","pimage_id":"","pthumb":"","color":""},{"label":"45","value":"EU 45","price":"","pimage":"","pimage_id":"","pthumb":"","color":""}],"relations":[{"operator":false,"rules":[]}],"form_id":184311,"form_rules":{"pric_cal_option_once":false,"exclude_from_discount":false,"pric_use_as_fee":false,"fee_label":"Fee","render_after_acb":false,"disp_hide_options_price":false}}]},"yoast_head":"<!-- This site is optimized with the Yoast SEO plugin v26.5 - https:\/\/yoast.com\/wordpress\/plugins\/seo\/ -->\n<title>ASICS UB8-S GT 2160 &#039;Pale Oak Truffle Grey&#039;  - Loftrunway<\/title>\n<meta name=\"robots\" content=\"index, follow, max-snippet:-1, max-image-preview:large, max-video-preview:-1\" \/>\n<link rel=\"canonical\" href=\"https:\/\/loftrunway.com\/de\/products\/asics-ub8-s-gt-2160-pale-oak-truffle-grey\/\" \/>\n<meta property=\"og:locale\" content=\"de_DE\" \/>\n<meta property=\"og:type\" content=\"article\" \/>\n<meta property=\"og:title\" content=\"ASICS UB8-S GT 2160 &#039;Pale Oak Truffle Grey&#039;  - Loftrunway\" \/>\n<meta property=\"og:description\" content=\"ASICS UB8-S GT 2160 \u201d\u201d Brown Storm\/Sienna\" \/>\n<meta property=\"og:url\" content=\"https:\/\/loftrunway.com\/de\/products\/asics-ub8-s-gt-2160-pale-oak-truffle-grey\/\" \/>\n<meta property=\"og:site_name\" content=\"loftRUN Sneaker Store\" \/>\n<meta property=\"article:modified_time\" content=\"2026-04-02T08:21:26+00:00\" \/>\n<meta name=\"twitter:card\" content=\"summary_large_image\" \/>\n<meta name=\"twitter:image\" content=\"https:\/\/images.novelship.com\/product\/asics_ub8-s_gt_2160__pale_oak_truffle_grey__1203a6_0_5602.jpeg\" \/>\n<meta name=\"twitter:label1\" content=\"Gesch\u00e4tzte Lesezeit\" \/>\n\t<meta name=\"twitter:data1\" content=\"1\u00a0Minute\" \/>\n<script type=\"application\/ld+json\" class=\"yoast-schema-graph\">{\"@context\":\"https:\/\/schema.org\",\"@graph\":[{\"@type\":\"WebPage\",\"@id\":\"https:\/\/loftrunway.com\/de\/products\/asics-ub8-s-gt-2160-pale-oak-truffle-grey\/\",\"url\":\"https:\/\/loftrunway.com\/de\/products\/asics-ub8-s-gt-2160-pale-oak-truffle-grey\/\",\"name\":\"ASICS UB8-S GT 2160 'Pale Oak Truffle Grey' - Loftrunway\",\"isPartOf\":{\"@id\":\"https:\/\/loftrunway.com\/de\/#website\"},\"primaryImageOfPage\":{\"@id\":\"https:\/\/loftrunway.com\/de\/products\/asics-ub8-s-gt-2160-pale-oak-truffle-grey\/#primaryimage\"},\"image\":{\"@id\":\"https:\/\/loftrunway.com\/de\/products\/asics-ub8-s-gt-2160-pale-oak-truffle-grey\/#primaryimage\"},\"thumbnailUrl\":\"https:\/\/images.novelship.com\/product\/asics_ub8-s_gt_2160__pale_oak_truffle_grey__1203a6_0_5602.jpeg\",\"datePublished\":\"2026-03-02T09:38:57+00:00\",\"dateModified\":\"2026-04-02T08:21:26+00:00\",\"breadcrumb\":{\"@id\":\"https:\/\/loftrunway.com\/de\/products\/asics-ub8-s-gt-2160-pale-oak-truffle-grey\/#breadcrumb\"},\"inLanguage\":\"de\",\"potentialAction\":[{\"@type\":\"ReadAction\",\"target\":[\"https:\/\/loftrunway.com\/de\/products\/asics-ub8-s-gt-2160-pale-oak-truffle-grey\/\"]}]},{\"@type\":\"ImageObject\",\"inLanguage\":\"de\",\"@id\":\"https:\/\/loftrunway.com\/de\/products\/asics-ub8-s-gt-2160-pale-oak-truffle-grey\/#primaryimage\",\"url\":\"https:\/\/images.novelship.com\/product\/asics_ub8-s_gt_2160__pale_oak_truffle_grey__1203a6_0_5602.jpeg\",\"contentUrl\":\"https:\/\/images.novelship.com\/product\/asics_ub8-s_gt_2160__pale_oak_truffle_grey__1203a6_0_5602.jpeg\"},{\"@type\":\"BreadcrumbList\",\"@id\":\"https:\/\/loftrunway.com\/de\/products\/asics-ub8-s-gt-2160-pale-oak-truffle-grey\/#breadcrumb\",\"itemListElement\":[{\"@type\":\"ListItem\",\"position\":1,\"name\":\"Home\",\"item\":\"https:\/\/loftrunway.com\/de\/\"},{\"@type\":\"ListItem\",\"position\":2,\"name\":\"Shop\",\"item\":\"https:\/\/loftrunway.com\/de\/shop\/\"},{\"@type\":\"ListItem\",\"position\":3,\"name\":\"ASICS UB8-S GT 2160 &#8218;Pale Oak Truffle Grey&#8216;\"}]},{\"@type\":\"WebSite\",\"@id\":\"https:\/\/loftrunway.com\/de\/#website\",\"url\":\"https:\/\/loftrunway.com\/de\/\",\"name\":\"Styloral Jewelry Shop\",\"description\":\"Der Ort, an dem man alle Arten von Sneakern findet\",\"publisher\":{\"@id\":\"https:\/\/loftrunway.com\/de\/#organization\"},\"potentialAction\":[{\"@type\":\"SearchAction\",\"target\":{\"@type\":\"EntryPoint\",\"urlTemplate\":\"https:\/\/loftrunway.com\/de\/?s={search_term_string}\"},\"query-input\":{\"@type\":\"PropertyValueSpecification\",\"valueRequired\":true,\"valueName\":\"search_term_string\"}}],\"inLanguage\":\"de\"},{\"@type\":\"Organization\",\"@id\":\"https:\/\/loftrunway.com\/de\/#organization\",\"name\":\"STYLORAL PTE. LTD\",\"url\":\"https:\/\/loftrunway.com\/de\/\",\"logo\":{\"@type\":\"ImageObject\",\"inLanguage\":\"de\",\"@id\":\"https:\/\/loftrunway.com\/de\/#\/schema\/logo\/image\/\",\"url\":\"https:\/\/www.loftrunway.com\/wp-content\/uploads\/2025\/12\/logo.png\",\"contentUrl\":\"https:\/\/www.loftrunway.com\/wp-content\/uploads\/2025\/12\/logo.png\",\"width\":200,\"height\":65,\"caption\":\"STYLORAL PTE. LTD\"},\"image\":{\"@id\":\"https:\/\/loftrunway.com\/de\/#\/schema\/logo\/image\/\"}}]}<\/script>\n<!-- \/ Yoast SEO plugin. -->","yoast_head_json":{"title":"ASICS UB8-S GT 2160 'Pale Oak Truffle Grey'  - Loftrunway","robots":{"index":"index","follow":"follow","max-snippet":"max-snippet:-1","max-image-preview":"max-image-preview:large","max-video-preview":"max-video-preview:-1"},"canonical":"https:\/\/loftrunway.com\/de\/products\/asics-ub8-s-gt-2160-pale-oak-truffle-grey\/","og_locale":"de_DE","og_type":"article","og_title":"ASICS UB8-S GT 2160 'Pale Oak Truffle Grey'  - Loftrunway","og_description":"ASICS UB8-S GT 2160 \u201d\u201d Brown Storm\/Sienna","og_url":"https:\/\/loftrunway.com\/de\/products\/asics-ub8-s-gt-2160-pale-oak-truffle-grey\/","og_site_name":"loftRUN Sneaker Store","article_modified_time":"2026-04-02T08:21:26+00:00","twitter_card":"summary_large_image","twitter_image":"https:\/\/images.novelship.com\/product\/asics_ub8-s_gt_2160__pale_oak_truffle_grey__1203a6_0_5602.jpeg","twitter_misc":{"Gesch\u00e4tzte Lesezeit":"1\u00a0Minute"},"schema":{"@context":"https:\/\/schema.org","@graph":[{"@type":"WebPage","@id":"https:\/\/loftrunway.com\/de\/products\/asics-ub8-s-gt-2160-pale-oak-truffle-grey\/","url":"https:\/\/loftrunway.com\/de\/products\/asics-ub8-s-gt-2160-pale-oak-truffle-grey\/","name":"ASICS UB8-S GT 2160 'Pale Oak Truffle Grey' - Loftrunway","isPartOf":{"@id":"https:\/\/loftrunway.com\/de\/#website"},"primaryImageOfPage":{"@id":"https:\/\/loftrunway.com\/de\/products\/asics-ub8-s-gt-2160-pale-oak-truffle-grey\/#primaryimage"},"image":{"@id":"https:\/\/loftrunway.com\/de\/products\/asics-ub8-s-gt-2160-pale-oak-truffle-grey\/#primaryimage"},"thumbnailUrl":"https:\/\/images.novelship.com\/product\/asics_ub8-s_gt_2160__pale_oak_truffle_grey__1203a6_0_5602.jpeg","datePublished":"2026-03-02T09:38:57+00:00","dateModified":"2026-04-02T08:21:26+00:00","breadcrumb":{"@id":"https:\/\/loftrunway.com\/de\/products\/asics-ub8-s-gt-2160-pale-oak-truffle-grey\/#breadcrumb"},"inLanguage":"de","potentialAction":[{"@type":"ReadAction","target":["https:\/\/loftrunway.com\/de\/products\/asics-ub8-s-gt-2160-pale-oak-truffle-grey\/"]}]},{"@type":"ImageObject","inLanguage":"de","@id":"https:\/\/loftrunway.com\/de\/products\/asics-ub8-s-gt-2160-pale-oak-truffle-grey\/#primaryimage","url":"https:\/\/images.novelship.com\/product\/asics_ub8-s_gt_2160__pale_oak_truffle_grey__1203a6_0_5602.jpeg","contentUrl":"https:\/\/images.novelship.com\/product\/asics_ub8-s_gt_2160__pale_oak_truffle_grey__1203a6_0_5602.jpeg"},{"@type":"BreadcrumbList","@id":"https:\/\/loftrunway.com\/de\/products\/asics-ub8-s-gt-2160-pale-oak-truffle-grey\/#breadcrumb","itemListElement":[{"@type":"ListItem","position":1,"name":"Home","item":"https:\/\/loftrunway.com\/de\/"},{"@type":"ListItem","position":2,"name":"Shop","item":"https:\/\/loftrunway.com\/de\/shop\/"},{"@type":"ListItem","position":3,"name":"ASICS UB8-S GT 2160 &#8218;Pale Oak Truffle Grey&#8216;"}]},{"@type":"WebSite","@id":"https:\/\/loftrunway.com\/de\/#website","url":"https:\/\/loftrunway.com\/de\/","name":"Styloral Jewelry Shop","description":"Der Ort, an dem man alle Arten von Sneakern findet","publisher":{"@id":"https:\/\/loftrunway.com\/de\/#organization"},"potentialAction":[{"@type":"SearchAction","target":{"@type":"EntryPoint","urlTemplate":"https:\/\/loftrunway.com\/de\/?s={search_term_string}"},"query-input":{"@type":"PropertyValueSpecification","valueRequired":true,"valueName":"search_term_string"}}],"inLanguage":"de"},{"@type":"Organization","@id":"https:\/\/loftrunway.com\/de\/#organization","name":"STYLORAL PTE. LTD","url":"https:\/\/loftrunway.com\/de\/","logo":{"@type":"ImageObject","inLanguage":"de","@id":"https:\/\/loftrunway.com\/de\/#\/schema\/logo\/image\/","url":"https:\/\/www.loftrunway.com\/wp-content\/uploads\/2025\/12\/logo.png","contentUrl":"https:\/\/www.loftrunway.com\/wp-content\/uploads\/2025\/12\/logo.png","width":200,"height":65,"caption":"STYLORAL PTE. LTD"},"image":{"@id":"https:\/\/loftrunway.com\/de\/#\/schema\/logo\/image\/"}}]}},"_links":{"self":[{"href":"https:\/\/loftrunway.com\/de\/wp-json\/wp\/v2\/product\/182350","targetHints":{"allow":["GET"]}}],"collection":[{"href":"https:\/\/loftrunway.com\/de\/wp-json\/wp\/v2\/product"}],"about":[{"href":"https:\/\/loftrunway.com\/de\/wp-json\/wp\/v2\/types\/product"}],"replies":[{"embeddable":true,"href":"https:\/\/loftrunway.com\/de\/wp-json\/wp\/v2\/comments?post=182350"}],"wp:featuredmedia":[{"embeddable":true,"href":"https:\/\/loftrunway.com\/de\/wp-json\/wp\/v2\/media\/182351"}],"wp:attachment":[{"href":"https:\/\/loftrunway.com\/de\/wp-json\/wp\/v2\/media?parent=182350"}],"wp:term":[{"taxonomy":"product_brand","embeddable":true,"href":"https:\/\/loftrunway.com\/de\/wp-json\/wp\/v2\/product_brand?post=182350"},{"taxonomy":"product_cat","embeddable":true,"href":"https:\/\/loftrunway.com\/de\/wp-json\/wp\/v2\/product_cat?post=182350"},{"taxonomy":"product_tag","embeddable":true,"href":"https:\/\/loftrunway.com\/de\/wp-json\/wp\/v2\/product_tag?post=182350"}],"curies":[{"name":"wp","href":"https:\/\/api.w.org\/{rel}","templated":true}]}}