{"id":182899,"date":"2026-03-02T16:39:47","date_gmt":"2026-03-02T09:39:47","guid":{"rendered":"http:\/\/loftrunway.com\/product\/asics-ub12-s-gel-sd-lyte-running-shoes-lichen-rockblack-coffee"},"modified":"2026-04-02T15:21:53","modified_gmt":"2026-04-02T08:21:53","slug":"asics-ub12-s-gel-sd-lyte-running-shoes-lichen-rockblack-coffee","status":"publish","type":"product","link":"https:\/\/loftrunway.com\/de\/products\/asics-ub12-s-gel-sd-lyte-running-shoes-lichen-rockblack-coffee\/","title":{"rendered":"Asics UB12-S GEL-SD-LYTE Running Shoes Lichen Rock\/Black Coffee"},"content":{"rendered":"<p>Erleben Sie unvergleichlichen Komfort und Stil mit den Asics UB12-S GEL-SD-LYTE Laufschuhen in Lichen Rock\/Black Coffee. Diese dynamischen Schuhe wurden f\u00fcr L\u00e4ufer aller Leistungsstufen entwickelt und kombinieren erstklassige GEL-D\u00e4mpfung mit einem leichten, atmungsaktiven Design f\u00fcr optimale Performance. Das Modell 1203A665-300 bietet Stabilit\u00e4t und Langlebigkeit auf jedem Terrain und passt mit seinem eleganten Design m\u00fchelos zu jedem Sportoutfit. Steigern Sie Ihr Lauferlebnis weltweit mit der perfekten Mischung aus Innovation und Eleganz, f\u00fcr die die Marke Asics bekannt ist.<\/p>\n<p>Farbe: Lichen Rock\/Black Coffee<br \/>\nArtikelnummer: 1203A665-300<br \/>\nObermaterial: Mesh<br \/>\nFarbe: Schwarz<\/p>\n<p>Farbe: Schwarz<\/p>\n","protected":false},"excerpt":{"rendered":"<p>ASICS UB12-S GEL-SD-LYTE \u201d\u201d Lichen Rock\/Black Coffee<\/p>\n","protected":false},"featured_media":182900,"comment_status":"open","ping_status":"closed","template":"","meta":[],"product_brand":[],"product_cat":[10792,41273],"product_tag":[10791,10750,10754,10765,10768,10758],"class_list":{"0":"post-182899","1":"product","2":"type-product","3":"status-publish","4":"has-post-thumbnail","6":"product_cat-asics","7":"product_cat-remove","8":"product_tag-asics","9":"product_tag-athleisure-shoes","10":"product_tag-lifestyle-casual-shoes","11":"product_tag-lifestyle-shoes-running-inspired","12":"product_tag-retro-running-shoes","13":"product_tag-under-retail","14":"wcpa_has_options","16":"first","17":"instock","18":"taxable","19":"shipping-taxable","20":"purchasable","21":"product-type-simple"},"wcpa_form_fields":{"rules":{"pric_overide_base_price":false,"pric_overide_base_price_if_gt_zero":false,"pric_overide_base_price_fully":false,"pric_cal_option_once":false,"pric_use_as_fee":false,"bind_quantity":false,"quantity_bind_formula":false},"fields":[{"type":"color-group","required":true,"elementId":"wcpa-color-group-69a5ab08ee12d","label":"Gr\u00f6\u00dfe","inline":true,"priceOptions":"different_for_all","pricingType":"fixed","className":"hassizechart product-shoes-size-eu product-shoes-size","name":"color-group-69a5ab08ee136","disp_type":"square","selection_type":"tick-border","disp_size":"50","show_label_inside":true,"adjust_width":true,"cart_display_type":"text","other_text":"Other","cl_rule":"show","col":6,"values":[{"label":"36","value":"EU 36","price":"","pimage":"","pimage_id":"","pthumb":"","color":"","selected":true},{"label":"37","value":"EU 37","price":"","pimage":"","pimage_id":"","pthumb":"","color":""},{"label":"37.5","value":"EU 37.5","price":"","pimage":"","pimage_id":"","pthumb":"","color":""},{"label":"38","value":"EU 38","price":"","pimage":"","pimage_id":"","pthumb":"","color":""},{"label":"38.5","value":"EU 38.5","price":"","pimage":"","pimage_id":"","pthumb":"","color":""},{"label":"39","value":"EU 39","price":"","pimage":"","pimage_id":"","pthumb":"","color":""},{"label":"39.5","value":"EU 39.5","price":"","pimage":"","pimage_id":"","pthumb":"","color":""},{"label":"40","value":"EU 40","price":"","pimage":"","pimage_id":"","pthumb":"","color":""},{"label":"40.5","value":"EU 40.5","price":"","pimage":"","pimage_id":"","pthumb":"","color":""},{"label":" 41.5","value":"EU 41.5","price":"","pimage":"","pimage_id":"","pthumb":"","color":""},{"label":"42","value":"EU 42","price":"","pimage":"","pimage_id":"","pthumb":"","color":""},{"label":"42.5","value":"EU 42.5","price":"","pimage":"","pimage_id":"","pthumb":"","color":""},{"label":"43.5","value":"EU 43.5","price":"","pimage":"","pimage_id":"","pthumb":"","color":""},{"label":"44","value":"EU 44","price":"","pimage":"","pimage_id":"","pthumb":"","color":""},{"label":"44.5","value":"EU 44.5","price":"","pimage":"","pimage_id":"","pthumb":"","color":""},{"label":"45","value":"EU 45","price":"","pimage":"","pimage_id":"","pthumb":"","color":""}],"relations":[{"operator":false,"rules":[]}],"form_id":184311,"form_rules":{"pric_cal_option_once":false,"exclude_from_discount":false,"pric_use_as_fee":false,"fee_label":"Fee","render_after_acb":false,"disp_hide_options_price":false}}]},"yoast_head":"<!-- This site is optimized with the Yoast SEO plugin v26.5 - https:\/\/yoast.com\/wordpress\/plugins\/seo\/ -->\n<title>Asics UB12-S GEL-SD-LYTE Running Shoes Lichen Rock\/Black Coffee  - Loftrunway<\/title>\n<meta name=\"robots\" content=\"index, follow, max-snippet:-1, max-image-preview:large, max-video-preview:-1\" \/>\n<link rel=\"canonical\" href=\"https:\/\/loftrunway.com\/de\/products\/asics-ub12-s-gel-sd-lyte-running-shoes-lichen-rockblack-coffee\/\" \/>\n<meta property=\"og:locale\" content=\"de_DE\" \/>\n<meta property=\"og:type\" content=\"article\" \/>\n<meta property=\"og:title\" content=\"Asics UB12-S GEL-SD-LYTE Running Shoes Lichen Rock\/Black Coffee  - Loftrunway\" \/>\n<meta property=\"og:description\" content=\"ASICS UB12-S GEL-SD-LYTE \u201d\u201d Lichen Rock\/Black Coffee\" \/>\n<meta property=\"og:url\" content=\"https:\/\/loftrunway.com\/de\/products\/asics-ub12-s-gel-sd-lyte-running-shoes-lichen-rockblack-coffee\/\" \/>\n<meta property=\"og:site_name\" content=\"loftRUN Sneaker Store\" \/>\n<meta property=\"article:modified_time\" content=\"2026-04-02T08:21:53+00:00\" \/>\n<meta name=\"twitter:card\" content=\"summary_large_image\" \/>\n<meta name=\"twitter:image\" content=\"https:\/\/images.novelship.com\/product\/asics_ub12-s_gel-sd-lyte_running_shoes_lichen_rock_0_95713.jpeg\" \/>\n<meta name=\"twitter:label1\" content=\"Gesch\u00e4tzte Lesezeit\" \/>\n\t<meta name=\"twitter:data1\" content=\"1\u00a0Minute\" \/>\n<script type=\"application\/ld+json\" class=\"yoast-schema-graph\">{\"@context\":\"https:\/\/schema.org\",\"@graph\":[{\"@type\":\"WebPage\",\"@id\":\"https:\/\/loftrunway.com\/de\/products\/asics-ub12-s-gel-sd-lyte-running-shoes-lichen-rockblack-coffee\/\",\"url\":\"https:\/\/loftrunway.com\/de\/products\/asics-ub12-s-gel-sd-lyte-running-shoes-lichen-rockblack-coffee\/\",\"name\":\"Asics UB12-S GEL-SD-LYTE Running Shoes Lichen Rock\/Black Coffee - Loftrunway\",\"isPartOf\":{\"@id\":\"https:\/\/loftrunway.com\/de\/#website\"},\"primaryImageOfPage\":{\"@id\":\"https:\/\/loftrunway.com\/de\/products\/asics-ub12-s-gel-sd-lyte-running-shoes-lichen-rockblack-coffee\/#primaryimage\"},\"image\":{\"@id\":\"https:\/\/loftrunway.com\/de\/products\/asics-ub12-s-gel-sd-lyte-running-shoes-lichen-rockblack-coffee\/#primaryimage\"},\"thumbnailUrl\":\"https:\/\/images.novelship.com\/product\/asics_ub12-s_gel-sd-lyte_running_shoes_lichen_rock_0_95713.jpeg\",\"datePublished\":\"2026-03-02T09:39:47+00:00\",\"dateModified\":\"2026-04-02T08:21:53+00:00\",\"breadcrumb\":{\"@id\":\"https:\/\/loftrunway.com\/de\/products\/asics-ub12-s-gel-sd-lyte-running-shoes-lichen-rockblack-coffee\/#breadcrumb\"},\"inLanguage\":\"de\",\"potentialAction\":[{\"@type\":\"ReadAction\",\"target\":[\"https:\/\/loftrunway.com\/de\/products\/asics-ub12-s-gel-sd-lyte-running-shoes-lichen-rockblack-coffee\/\"]}]},{\"@type\":\"ImageObject\",\"inLanguage\":\"de\",\"@id\":\"https:\/\/loftrunway.com\/de\/products\/asics-ub12-s-gel-sd-lyte-running-shoes-lichen-rockblack-coffee\/#primaryimage\",\"url\":\"https:\/\/images.novelship.com\/product\/asics_ub12-s_gel-sd-lyte_running_shoes_lichen_rock_0_95713.jpeg\",\"contentUrl\":\"https:\/\/images.novelship.com\/product\/asics_ub12-s_gel-sd-lyte_running_shoes_lichen_rock_0_95713.jpeg\"},{\"@type\":\"BreadcrumbList\",\"@id\":\"https:\/\/loftrunway.com\/de\/products\/asics-ub12-s-gel-sd-lyte-running-shoes-lichen-rockblack-coffee\/#breadcrumb\",\"itemListElement\":[{\"@type\":\"ListItem\",\"position\":1,\"name\":\"Home\",\"item\":\"https:\/\/loftrunway.com\/de\/\"},{\"@type\":\"ListItem\",\"position\":2,\"name\":\"Shop\",\"item\":\"https:\/\/loftrunway.com\/de\/shop\/\"},{\"@type\":\"ListItem\",\"position\":3,\"name\":\"Asics UB12-S GEL-SD-LYTE Running Shoes Lichen Rock\/Black Coffee\"}]},{\"@type\":\"WebSite\",\"@id\":\"https:\/\/loftrunway.com\/de\/#website\",\"url\":\"https:\/\/loftrunway.com\/de\/\",\"name\":\"Styloral Jewelry Shop\",\"description\":\"Der Ort, an dem man alle Arten von Sneakern findet\",\"publisher\":{\"@id\":\"https:\/\/loftrunway.com\/de\/#organization\"},\"potentialAction\":[{\"@type\":\"SearchAction\",\"target\":{\"@type\":\"EntryPoint\",\"urlTemplate\":\"https:\/\/loftrunway.com\/de\/?s={search_term_string}\"},\"query-input\":{\"@type\":\"PropertyValueSpecification\",\"valueRequired\":true,\"valueName\":\"search_term_string\"}}],\"inLanguage\":\"de\"},{\"@type\":\"Organization\",\"@id\":\"https:\/\/loftrunway.com\/de\/#organization\",\"name\":\"STYLORAL PTE. LTD\",\"url\":\"https:\/\/loftrunway.com\/de\/\",\"logo\":{\"@type\":\"ImageObject\",\"inLanguage\":\"de\",\"@id\":\"https:\/\/loftrunway.com\/de\/#\/schema\/logo\/image\/\",\"url\":\"https:\/\/www.loftrunway.com\/wp-content\/uploads\/2025\/12\/logo.png\",\"contentUrl\":\"https:\/\/www.loftrunway.com\/wp-content\/uploads\/2025\/12\/logo.png\",\"width\":200,\"height\":65,\"caption\":\"STYLORAL PTE. LTD\"},\"image\":{\"@id\":\"https:\/\/loftrunway.com\/de\/#\/schema\/logo\/image\/\"}}]}<\/script>\n<!-- \/ Yoast SEO plugin. -->","yoast_head_json":{"title":"Asics UB12-S GEL-SD-LYTE Running Shoes Lichen Rock\/Black Coffee  - Loftrunway","robots":{"index":"index","follow":"follow","max-snippet":"max-snippet:-1","max-image-preview":"max-image-preview:large","max-video-preview":"max-video-preview:-1"},"canonical":"https:\/\/loftrunway.com\/de\/products\/asics-ub12-s-gel-sd-lyte-running-shoes-lichen-rockblack-coffee\/","og_locale":"de_DE","og_type":"article","og_title":"Asics UB12-S GEL-SD-LYTE Running Shoes Lichen Rock\/Black Coffee  - Loftrunway","og_description":"ASICS UB12-S GEL-SD-LYTE \u201d\u201d Lichen Rock\/Black Coffee","og_url":"https:\/\/loftrunway.com\/de\/products\/asics-ub12-s-gel-sd-lyte-running-shoes-lichen-rockblack-coffee\/","og_site_name":"loftRUN Sneaker Store","article_modified_time":"2026-04-02T08:21:53+00:00","twitter_card":"summary_large_image","twitter_image":"https:\/\/images.novelship.com\/product\/asics_ub12-s_gel-sd-lyte_running_shoes_lichen_rock_0_95713.jpeg","twitter_misc":{"Gesch\u00e4tzte Lesezeit":"1\u00a0Minute"},"schema":{"@context":"https:\/\/schema.org","@graph":[{"@type":"WebPage","@id":"https:\/\/loftrunway.com\/de\/products\/asics-ub12-s-gel-sd-lyte-running-shoes-lichen-rockblack-coffee\/","url":"https:\/\/loftrunway.com\/de\/products\/asics-ub12-s-gel-sd-lyte-running-shoes-lichen-rockblack-coffee\/","name":"Asics UB12-S GEL-SD-LYTE Running Shoes Lichen Rock\/Black Coffee - Loftrunway","isPartOf":{"@id":"https:\/\/loftrunway.com\/de\/#website"},"primaryImageOfPage":{"@id":"https:\/\/loftrunway.com\/de\/products\/asics-ub12-s-gel-sd-lyte-running-shoes-lichen-rockblack-coffee\/#primaryimage"},"image":{"@id":"https:\/\/loftrunway.com\/de\/products\/asics-ub12-s-gel-sd-lyte-running-shoes-lichen-rockblack-coffee\/#primaryimage"},"thumbnailUrl":"https:\/\/images.novelship.com\/product\/asics_ub12-s_gel-sd-lyte_running_shoes_lichen_rock_0_95713.jpeg","datePublished":"2026-03-02T09:39:47+00:00","dateModified":"2026-04-02T08:21:53+00:00","breadcrumb":{"@id":"https:\/\/loftrunway.com\/de\/products\/asics-ub12-s-gel-sd-lyte-running-shoes-lichen-rockblack-coffee\/#breadcrumb"},"inLanguage":"de","potentialAction":[{"@type":"ReadAction","target":["https:\/\/loftrunway.com\/de\/products\/asics-ub12-s-gel-sd-lyte-running-shoes-lichen-rockblack-coffee\/"]}]},{"@type":"ImageObject","inLanguage":"de","@id":"https:\/\/loftrunway.com\/de\/products\/asics-ub12-s-gel-sd-lyte-running-shoes-lichen-rockblack-coffee\/#primaryimage","url":"https:\/\/images.novelship.com\/product\/asics_ub12-s_gel-sd-lyte_running_shoes_lichen_rock_0_95713.jpeg","contentUrl":"https:\/\/images.novelship.com\/product\/asics_ub12-s_gel-sd-lyte_running_shoes_lichen_rock_0_95713.jpeg"},{"@type":"BreadcrumbList","@id":"https:\/\/loftrunway.com\/de\/products\/asics-ub12-s-gel-sd-lyte-running-shoes-lichen-rockblack-coffee\/#breadcrumb","itemListElement":[{"@type":"ListItem","position":1,"name":"Home","item":"https:\/\/loftrunway.com\/de\/"},{"@type":"ListItem","position":2,"name":"Shop","item":"https:\/\/loftrunway.com\/de\/shop\/"},{"@type":"ListItem","position":3,"name":"Asics UB12-S GEL-SD-LYTE Running Shoes Lichen Rock\/Black Coffee"}]},{"@type":"WebSite","@id":"https:\/\/loftrunway.com\/de\/#website","url":"https:\/\/loftrunway.com\/de\/","name":"Styloral Jewelry Shop","description":"Der Ort, an dem man alle Arten von Sneakern findet","publisher":{"@id":"https:\/\/loftrunway.com\/de\/#organization"},"potentialAction":[{"@type":"SearchAction","target":{"@type":"EntryPoint","urlTemplate":"https:\/\/loftrunway.com\/de\/?s={search_term_string}"},"query-input":{"@type":"PropertyValueSpecification","valueRequired":true,"valueName":"search_term_string"}}],"inLanguage":"de"},{"@type":"Organization","@id":"https:\/\/loftrunway.com\/de\/#organization","name":"STYLORAL PTE. LTD","url":"https:\/\/loftrunway.com\/de\/","logo":{"@type":"ImageObject","inLanguage":"de","@id":"https:\/\/loftrunway.com\/de\/#\/schema\/logo\/image\/","url":"https:\/\/www.loftrunway.com\/wp-content\/uploads\/2025\/12\/logo.png","contentUrl":"https:\/\/www.loftrunway.com\/wp-content\/uploads\/2025\/12\/logo.png","width":200,"height":65,"caption":"STYLORAL PTE. LTD"},"image":{"@id":"https:\/\/loftrunway.com\/de\/#\/schema\/logo\/image\/"}}]}},"_links":{"self":[{"href":"https:\/\/loftrunway.com\/de\/wp-json\/wp\/v2\/product\/182899","targetHints":{"allow":["GET"]}}],"collection":[{"href":"https:\/\/loftrunway.com\/de\/wp-json\/wp\/v2\/product"}],"about":[{"href":"https:\/\/loftrunway.com\/de\/wp-json\/wp\/v2\/types\/product"}],"replies":[{"embeddable":true,"href":"https:\/\/loftrunway.com\/de\/wp-json\/wp\/v2\/comments?post=182899"}],"wp:featuredmedia":[{"embeddable":true,"href":"https:\/\/loftrunway.com\/de\/wp-json\/wp\/v2\/media\/182900"}],"wp:attachment":[{"href":"https:\/\/loftrunway.com\/de\/wp-json\/wp\/v2\/media?parent=182899"}],"wp:term":[{"taxonomy":"product_brand","embeddable":true,"href":"https:\/\/loftrunway.com\/de\/wp-json\/wp\/v2\/product_brand?post=182899"},{"taxonomy":"product_cat","embeddable":true,"href":"https:\/\/loftrunway.com\/de\/wp-json\/wp\/v2\/product_cat?post=182899"},{"taxonomy":"product_tag","embeddable":true,"href":"https:\/\/loftrunway.com\/de\/wp-json\/wp\/v2\/product_tag?post=182899"}],"curies":[{"name":"wp","href":"https:\/\/api.w.org\/{rel}","templated":true}]}}