{"id":183907,"date":"2026-03-02T16:41:16","date_gmt":"2026-03-02T09:41:16","guid":{"rendered":"http:\/\/loftrunway.com\/product\/ugg-neumel-weather-hybrid-chestnut-whitecap"},"modified":"2026-04-02T15:22:39","modified_gmt":"2026-04-02T08:22:39","slug":"ugg-neumel-weather-hybrid-chestnut-whitecap","status":"publish","type":"product","link":"https:\/\/loftrunway.com\/de\/products\/ugg-neumel-weather-hybrid-chestnut-whitecap\/","title":{"rendered":"UGG Neumel Weather Hybrid &#8218;Chestnut Whitecap&#8216;"},"content":{"rendered":"<p>Mit den UGG Neumel Weather &#8218;Chestnut Whitecap&#8216; 1143991-CWTC Stiefeln bleiben Sie bei jedem Wetter stilvoll und komfortabel unterwegs. Diese Schn\u00fcrstiefel verf\u00fcgen \u00fcber ein wasserdichtes Obermaterial aus Leder und ein weiches Futter aus UGGplush\u00e2\u201e\u00a2 Wollmischung f\u00fcr optimale W\u00e4rme und Gem\u00fctlichkeit. Die robuste, strapazierf\u00e4hige Laufsohle sorgt f\u00fcr zuverl\u00e4ssige Traktion und macht die Stiefel perfekt f\u00fcr die Stadt und Outdoor-Abenteuer. Dank ihrer eleganten Farbkombination aus Kastanie und Wei\u00df verleihen diese vielseitigen Stiefel jedem Outfit eine modische Note.<\/p>\n<ul>\n<li><strong>Farbe:<\/strong> Kastanie\/Wei\u00df<\/li>\n<li><strong>Artikelnummer:<\/strong> 1143991-CWTC<\/li>\n<li><strong>Obermaterial:<\/strong> Wildleder<\/li>\n<li><strong>Farbe:<\/strong> Braun<\/li>\n<\/ul>\n","protected":false},"excerpt":{"rendered":"<p>UGG Neumel \u201d\u201d Chestnut\/Whitecap<\/p>\n","protected":false},"featured_media":183908,"comment_status":"open","ping_status":"closed","template":"","meta":[],"product_brand":[],"product_cat":[41273,12436],"product_tag":[12618,10753,11245,10754,12619,11246,11666,10758],"class_list":{"0":"post-183907","1":"product","2":"type-product","3":"status-publish","4":"has-post-thumbnail","6":"product_cat-remove","7":"product_cat-ugg","8":"product_tag-casual","9":"product_tag-gift-for-him","10":"product_tag-lifestyle-boots","11":"product_tag-lifestyle-casual-shoes","12":"product_tag-shearling-boots","13":"product_tag-ugg","14":"product_tag-ugg-collection","15":"product_tag-under-retail","16":"wcpa_has_options","18":"first","19":"instock","20":"taxable","21":"shipping-taxable","22":"purchasable","23":"product-type-simple"},"wcpa_form_fields":{"rules":{"pric_overide_base_price":false,"pric_overide_base_price_if_gt_zero":false,"pric_overide_base_price_fully":false,"pric_cal_option_once":false,"pric_use_as_fee":false,"bind_quantity":false,"quantity_bind_formula":false},"fields":[{"type":"color-group","required":true,"elementId":"wcpa-color-group-69a5ad3fdca11","label":"Gr\u00f6\u00dfe","inline":true,"priceOptions":"different_for_all","pricingType":"fixed","className":"hassizechart product-shoes-size-eu product-shoes-size","name":"color-group-69a5ad3fdca1a","disp_type":"square","selection_type":"tick-border","disp_size":"50","show_label_inside":true,"adjust_width":true,"cart_display_type":"text","other_text":"Other","cl_rule":"show","col":6,"values":[{"label":"36","value":"EU 36","price":"","pimage":"","pimage_id":"","pthumb":"","color":"","selected":true},{"label":"37","value":"EU 37","price":"","pimage":"","pimage_id":"","pthumb":"","color":""},{"label":"37.5","value":"EU 37.5","price":"","pimage":"","pimage_id":"","pthumb":"","color":""},{"label":"38","value":"EU 38","price":"","pimage":"","pimage_id":"","pthumb":"","color":""},{"label":"38.5","value":"EU 38.5","price":"","pimage":"","pimage_id":"","pthumb":"","color":""},{"label":"39","value":"EU 39","price":"","pimage":"","pimage_id":"","pthumb":"","color":""},{"label":"39.5","value":"EU 39.5","price":"","pimage":"","pimage_id":"","pthumb":"","color":""},{"label":"40","value":"EU 40","price":"","pimage":"","pimage_id":"","pthumb":"","color":""},{"label":"40.5","value":"EU 40.5","price":"","pimage":"","pimage_id":"","pthumb":"","color":""},{"label":" 41.5","value":"EU 41.5","price":"","pimage":"","pimage_id":"","pthumb":"","color":""},{"label":"42","value":"EU 42","price":"","pimage":"","pimage_id":"","pthumb":"","color":""},{"label":"42.5","value":"EU 42.5","price":"","pimage":"","pimage_id":"","pthumb":"","color":""},{"label":"43","value":"EU 43","price":"","pimage":"","pimage_id":"","pthumb":"","color":""},{"label":"44","value":"EU 44","price":"","pimage":"","pimage_id":"","pthumb":"","color":""},{"label":"44.5","value":"EU 44.5","price":"","pimage":"","pimage_id":"","pthumb":"","color":""},{"label":"45","value":"EU 45","price":"","pimage":"","pimage_id":"","pthumb":"","color":""}],"relations":[{"operator":false,"rules":[]}],"form_id":184314,"form_rules":{"pric_cal_option_once":false,"exclude_from_discount":false,"pric_use_as_fee":false,"fee_label":"Fee","render_after_acb":false,"disp_hide_options_price":false}}]},"yoast_head":"<!-- This site is optimized with the Yoast SEO plugin v26.5 - https:\/\/yoast.com\/wordpress\/plugins\/seo\/ -->\n<title>UGG Neumel Weather Hybrid &#039;Chestnut Whitecap&#039;  - Loftrunway<\/title>\n<meta name=\"robots\" content=\"index, follow, max-snippet:-1, max-image-preview:large, max-video-preview:-1\" \/>\n<link rel=\"canonical\" href=\"https:\/\/loftrunway.com\/de\/products\/ugg-neumel-weather-hybrid-chestnut-whitecap\/\" \/>\n<meta property=\"og:locale\" content=\"de_DE\" \/>\n<meta property=\"og:type\" content=\"article\" \/>\n<meta property=\"og:title\" content=\"UGG Neumel Weather Hybrid &#039;Chestnut Whitecap&#039;  - Loftrunway\" \/>\n<meta property=\"og:description\" content=\"UGG Neumel \u201d\u201d Chestnut\/Whitecap\" \/>\n<meta property=\"og:url\" content=\"https:\/\/loftrunway.com\/de\/products\/ugg-neumel-weather-hybrid-chestnut-whitecap\/\" \/>\n<meta property=\"og:site_name\" content=\"loftRUN Sneaker Store\" \/>\n<meta property=\"article:modified_time\" content=\"2026-04-02T08:22:39+00:00\" \/>\n<meta name=\"twitter:card\" content=\"summary_large_image\" \/>\n<meta name=\"twitter:image\" content=\"https:\/\/images.novelship.com\/product\/ugg_neumel_weather__chestnut_whitecap__1143991-cwt_0_21366.jpeg\" \/>\n<script type=\"application\/ld+json\" class=\"yoast-schema-graph\">{\"@context\":\"https:\/\/schema.org\",\"@graph\":[{\"@type\":\"WebPage\",\"@id\":\"https:\/\/loftrunway.com\/de\/products\/ugg-neumel-weather-hybrid-chestnut-whitecap\/\",\"url\":\"https:\/\/loftrunway.com\/de\/products\/ugg-neumel-weather-hybrid-chestnut-whitecap\/\",\"name\":\"UGG Neumel Weather Hybrid 'Chestnut Whitecap' - Loftrunway\",\"isPartOf\":{\"@id\":\"https:\/\/loftrunway.com\/de\/#website\"},\"primaryImageOfPage\":{\"@id\":\"https:\/\/loftrunway.com\/de\/products\/ugg-neumel-weather-hybrid-chestnut-whitecap\/#primaryimage\"},\"image\":{\"@id\":\"https:\/\/loftrunway.com\/de\/products\/ugg-neumel-weather-hybrid-chestnut-whitecap\/#primaryimage\"},\"thumbnailUrl\":\"https:\/\/images.novelship.com\/product\/ugg_neumel_weather__chestnut_whitecap__1143991-cwt_0_21366.jpeg\",\"datePublished\":\"2026-03-02T09:41:16+00:00\",\"dateModified\":\"2026-04-02T08:22:39+00:00\",\"breadcrumb\":{\"@id\":\"https:\/\/loftrunway.com\/de\/products\/ugg-neumel-weather-hybrid-chestnut-whitecap\/#breadcrumb\"},\"inLanguage\":\"de\",\"potentialAction\":[{\"@type\":\"ReadAction\",\"target\":[\"https:\/\/loftrunway.com\/de\/products\/ugg-neumel-weather-hybrid-chestnut-whitecap\/\"]}]},{\"@type\":\"ImageObject\",\"inLanguage\":\"de\",\"@id\":\"https:\/\/loftrunway.com\/de\/products\/ugg-neumel-weather-hybrid-chestnut-whitecap\/#primaryimage\",\"url\":\"https:\/\/images.novelship.com\/product\/ugg_neumel_weather__chestnut_whitecap__1143991-cwt_0_21366.jpeg\",\"contentUrl\":\"https:\/\/images.novelship.com\/product\/ugg_neumel_weather__chestnut_whitecap__1143991-cwt_0_21366.jpeg\"},{\"@type\":\"BreadcrumbList\",\"@id\":\"https:\/\/loftrunway.com\/de\/products\/ugg-neumel-weather-hybrid-chestnut-whitecap\/#breadcrumb\",\"itemListElement\":[{\"@type\":\"ListItem\",\"position\":1,\"name\":\"Home\",\"item\":\"https:\/\/loftrunway.com\/de\/\"},{\"@type\":\"ListItem\",\"position\":2,\"name\":\"Shop\",\"item\":\"https:\/\/loftrunway.com\/de\/shop\/\"},{\"@type\":\"ListItem\",\"position\":3,\"name\":\"UGG Neumel Weather Hybrid &#8218;Chestnut Whitecap&#8216;\"}]},{\"@type\":\"WebSite\",\"@id\":\"https:\/\/loftrunway.com\/de\/#website\",\"url\":\"https:\/\/loftrunway.com\/de\/\",\"name\":\"Styloral Jewelry Shop\",\"description\":\"Der Ort, an dem man alle Arten von Sneakern findet\",\"publisher\":{\"@id\":\"https:\/\/loftrunway.com\/de\/#organization\"},\"potentialAction\":[{\"@type\":\"SearchAction\",\"target\":{\"@type\":\"EntryPoint\",\"urlTemplate\":\"https:\/\/loftrunway.com\/de\/?s={search_term_string}\"},\"query-input\":{\"@type\":\"PropertyValueSpecification\",\"valueRequired\":true,\"valueName\":\"search_term_string\"}}],\"inLanguage\":\"de\"},{\"@type\":\"Organization\",\"@id\":\"https:\/\/loftrunway.com\/de\/#organization\",\"name\":\"STYLORAL PTE. LTD\",\"url\":\"https:\/\/loftrunway.com\/de\/\",\"logo\":{\"@type\":\"ImageObject\",\"inLanguage\":\"de\",\"@id\":\"https:\/\/loftrunway.com\/de\/#\/schema\/logo\/image\/\",\"url\":\"https:\/\/www.loftrunway.com\/wp-content\/uploads\/2025\/12\/logo.png\",\"contentUrl\":\"https:\/\/www.loftrunway.com\/wp-content\/uploads\/2025\/12\/logo.png\",\"width\":200,\"height\":65,\"caption\":\"STYLORAL PTE. LTD\"},\"image\":{\"@id\":\"https:\/\/loftrunway.com\/de\/#\/schema\/logo\/image\/\"}}]}<\/script>\n<!-- \/ Yoast SEO plugin. -->","yoast_head_json":{"title":"UGG Neumel Weather Hybrid 'Chestnut Whitecap'  - Loftrunway","robots":{"index":"index","follow":"follow","max-snippet":"max-snippet:-1","max-image-preview":"max-image-preview:large","max-video-preview":"max-video-preview:-1"},"canonical":"https:\/\/loftrunway.com\/de\/products\/ugg-neumel-weather-hybrid-chestnut-whitecap\/","og_locale":"de_DE","og_type":"article","og_title":"UGG Neumel Weather Hybrid 'Chestnut Whitecap'  - Loftrunway","og_description":"UGG Neumel \u201d\u201d Chestnut\/Whitecap","og_url":"https:\/\/loftrunway.com\/de\/products\/ugg-neumel-weather-hybrid-chestnut-whitecap\/","og_site_name":"loftRUN Sneaker Store","article_modified_time":"2026-04-02T08:22:39+00:00","twitter_card":"summary_large_image","twitter_image":"https:\/\/images.novelship.com\/product\/ugg_neumel_weather__chestnut_whitecap__1143991-cwt_0_21366.jpeg","schema":{"@context":"https:\/\/schema.org","@graph":[{"@type":"WebPage","@id":"https:\/\/loftrunway.com\/de\/products\/ugg-neumel-weather-hybrid-chestnut-whitecap\/","url":"https:\/\/loftrunway.com\/de\/products\/ugg-neumel-weather-hybrid-chestnut-whitecap\/","name":"UGG Neumel Weather Hybrid 'Chestnut Whitecap' - Loftrunway","isPartOf":{"@id":"https:\/\/loftrunway.com\/de\/#website"},"primaryImageOfPage":{"@id":"https:\/\/loftrunway.com\/de\/products\/ugg-neumel-weather-hybrid-chestnut-whitecap\/#primaryimage"},"image":{"@id":"https:\/\/loftrunway.com\/de\/products\/ugg-neumel-weather-hybrid-chestnut-whitecap\/#primaryimage"},"thumbnailUrl":"https:\/\/images.novelship.com\/product\/ugg_neumel_weather__chestnut_whitecap__1143991-cwt_0_21366.jpeg","datePublished":"2026-03-02T09:41:16+00:00","dateModified":"2026-04-02T08:22:39+00:00","breadcrumb":{"@id":"https:\/\/loftrunway.com\/de\/products\/ugg-neumel-weather-hybrid-chestnut-whitecap\/#breadcrumb"},"inLanguage":"de","potentialAction":[{"@type":"ReadAction","target":["https:\/\/loftrunway.com\/de\/products\/ugg-neumel-weather-hybrid-chestnut-whitecap\/"]}]},{"@type":"ImageObject","inLanguage":"de","@id":"https:\/\/loftrunway.com\/de\/products\/ugg-neumel-weather-hybrid-chestnut-whitecap\/#primaryimage","url":"https:\/\/images.novelship.com\/product\/ugg_neumel_weather__chestnut_whitecap__1143991-cwt_0_21366.jpeg","contentUrl":"https:\/\/images.novelship.com\/product\/ugg_neumel_weather__chestnut_whitecap__1143991-cwt_0_21366.jpeg"},{"@type":"BreadcrumbList","@id":"https:\/\/loftrunway.com\/de\/products\/ugg-neumel-weather-hybrid-chestnut-whitecap\/#breadcrumb","itemListElement":[{"@type":"ListItem","position":1,"name":"Home","item":"https:\/\/loftrunway.com\/de\/"},{"@type":"ListItem","position":2,"name":"Shop","item":"https:\/\/loftrunway.com\/de\/shop\/"},{"@type":"ListItem","position":3,"name":"UGG Neumel Weather Hybrid &#8218;Chestnut Whitecap&#8216;"}]},{"@type":"WebSite","@id":"https:\/\/loftrunway.com\/de\/#website","url":"https:\/\/loftrunway.com\/de\/","name":"Styloral Jewelry Shop","description":"Der Ort, an dem man alle Arten von Sneakern findet","publisher":{"@id":"https:\/\/loftrunway.com\/de\/#organization"},"potentialAction":[{"@type":"SearchAction","target":{"@type":"EntryPoint","urlTemplate":"https:\/\/loftrunway.com\/de\/?s={search_term_string}"},"query-input":{"@type":"PropertyValueSpecification","valueRequired":true,"valueName":"search_term_string"}}],"inLanguage":"de"},{"@type":"Organization","@id":"https:\/\/loftrunway.com\/de\/#organization","name":"STYLORAL PTE. LTD","url":"https:\/\/loftrunway.com\/de\/","logo":{"@type":"ImageObject","inLanguage":"de","@id":"https:\/\/loftrunway.com\/de\/#\/schema\/logo\/image\/","url":"https:\/\/www.loftrunway.com\/wp-content\/uploads\/2025\/12\/logo.png","contentUrl":"https:\/\/www.loftrunway.com\/wp-content\/uploads\/2025\/12\/logo.png","width":200,"height":65,"caption":"STYLORAL PTE. LTD"},"image":{"@id":"https:\/\/loftrunway.com\/de\/#\/schema\/logo\/image\/"}}]}},"_links":{"self":[{"href":"https:\/\/loftrunway.com\/de\/wp-json\/wp\/v2\/product\/183907","targetHints":{"allow":["GET"]}}],"collection":[{"href":"https:\/\/loftrunway.com\/de\/wp-json\/wp\/v2\/product"}],"about":[{"href":"https:\/\/loftrunway.com\/de\/wp-json\/wp\/v2\/types\/product"}],"replies":[{"embeddable":true,"href":"https:\/\/loftrunway.com\/de\/wp-json\/wp\/v2\/comments?post=183907"}],"wp:featuredmedia":[{"embeddable":true,"href":"https:\/\/loftrunway.com\/de\/wp-json\/wp\/v2\/media\/183908"}],"wp:attachment":[{"href":"https:\/\/loftrunway.com\/de\/wp-json\/wp\/v2\/media?parent=183907"}],"wp:term":[{"taxonomy":"product_brand","embeddable":true,"href":"https:\/\/loftrunway.com\/de\/wp-json\/wp\/v2\/product_brand?post=183907"},{"taxonomy":"product_cat","embeddable":true,"href":"https:\/\/loftrunway.com\/de\/wp-json\/wp\/v2\/product_cat?post=183907"},{"taxonomy":"product_tag","embeddable":true,"href":"https:\/\/loftrunway.com\/de\/wp-json\/wp\/v2\/product_tag?post=183907"}],"curies":[{"name":"wp","href":"https:\/\/api.w.org\/{rel}","templated":true}]}}