{"id":191707,"date":"2026-03-22T11:49:38","date_gmt":"2026-03-22T04:49:38","guid":{"rendered":"https:\/\/loftrunway.com\/product\/women-adidas-nite-jogger-white-aluminum"},"modified":"2026-04-03T19:48:36","modified_gmt":"2026-04-03T12:48:36","slug":"women-adidas-nite-jogger-white-aluminum","status":"publish","type":"product","link":"https:\/\/loftrunway.com\/de\/products\/women-adidas-nite-jogger-white-aluminum\/","title":{"rendered":"(Women) adidas Nite Jogger &#8218;White Aluminum&#8216;"},"content":{"rendered":"<p>Verleihe deinem Streetstyle mit dem adidas Nite Jogger &#8218;White Aluminum&#8216; FV1329 f\u00fcr Damen das gewisse Extra. Dieser Sneaker vereint Retro-Design mit modernem Flair und besticht durch ein leichtes, atmungsaktives Mesh-Obermaterial sowie reflektierende Details f\u00fcr bessere Sichtbarkeit bei Nacht. Die Boost-Zwischensohle sorgt f\u00fcr au\u00dfergew\u00f6hnliche D\u00e4mpfung und Energier\u00fcckgabe &#8211; f\u00fcr ganzt\u00e4gigen Tragekomfort. Dank der vielseitigen Farbkombination aus wei\u00df und Aluminium ist er perfekt f\u00fcr einen aktiven Lebensstil oder entspannte Ausfl\u00fcge. Erlebe zeitlose Eleganz und un\u00fcbertroffene Performance mit dem Nite Jogger &#8218;White Aluminum&#8216;.<\/p>\n<ul>\n<li><strong>Farbe:<\/strong> wei\u00df<\/li>\n<li><strong>Style-Code:<\/strong> FV1329<\/li>\n<li><strong>Obermaterial:<\/strong> Mesh<\/li>\n<li><strong>Zwischensohle:<\/strong> Boost<\/li>\n<li><strong>Farbe:<\/strong> Multi<\/li>\n<\/ul>\n","protected":false},"excerpt":{"rendered":"<p>Verleihe deinem Streetstyle mit dem adidas Nite Jogger &#8218;White Aluminum&#8216; FV1329 f\u00fcr Damen das gewisse Extra. Dieser Sneaker vereint Retro-Design mit modernem Flair und besticht durch ein leichtes, atmungsaktives Mesh-Obermaterial sowie reflektierende Details f\u00fcr bessere Sichtbarkeit bei Nacht. Die Boost-Zwischensohle sorgt f\u00fcr au\u00dfergew\u00f6hnliche D\u00e4mpfung und Energier\u00fcckgabe &#8211; f\u00fcr ganzt\u00e4gigen Tragekomfort. Dank der vielseitigen Farbkombination aus [&hellip;]<\/p>\n","protected":false},"featured_media":191708,"comment_status":"open","ping_status":"closed","template":"","meta":[],"product_brand":[],"product_cat":[10941],"product_tag":[38839],"class_list":{"0":"post-191707","1":"product","2":"type-product","3":"status-publish","4":"has-post-thumbnail","6":"product_cat-adidas-women","7":"product_tag-instockold","8":"wcpa_has_options","10":"first","11":"instock","12":"taxable","13":"shipping-taxable","14":"purchasable","15":"product-type-simple"},"wcpa_form_fields":{"rules":{"pric_overide_base_price":false,"pric_overide_base_price_if_gt_zero":false,"pric_overide_base_price_fully":false,"pric_cal_option_once":false,"pric_use_as_fee":false,"bind_quantity":false,"quantity_bind_formula":false},"fields":[{"type":"color-group","required":true,"elementId":"wcpa-color-group-66c4a7f817afe","label":"Gr\u00f6\u00dfe","inline":true,"priceOptions":"different_for_all","pricingType":"fixed","className":"hassizechart product-shoes-size-eu product-shoes-size","name":"color-group-66c4a7f817b18","disp_type":"square","selection_type":"tick-border","disp_size":"50","show_label_inside":true,"adjust_width":true,"cart_display_type":"text","other_text":"Other","cl_rule":"show","col":6,"values":[{"label":"35","value":"EU 35","price":"","pimage":"","pimage_id":"","pthumb":"","color":""},{"label":"35.5","value":"EU 35.5","price":"","pimage":"","pimage_id":"","pthumb":"","color":""},{"label":"36","value":"EU 36","price":"","pimage":"","pimage_id":"","pthumb":"","color":"","selected":true},{"label":"36 2\/3","value":"EU 36 2\/3","price":"","pimage":"","pimage_id":"","pthumb":"","color":""},{"label":"37 1\/3","value":"EU 37 1\/3","price":"","pimage":"","pimage_id":"","pthumb":"","color":""},{"label":"38","value":"EU 38","price":"","pimage":"","pimage_id":"","pthumb":"","color":""},{"label":"38 2\/3","value":"EU 38 2\/3","price":"","pimage":"","pimage_id":"","pthumb":"","color":""},{"label":"39 1\/3","value":"EU 39 1\/3","price":"","pimage":"","pimage_id":"","pthumb":"","color":""},{"label":"40","value":"EU 40","price":"","pimage":"","pimage_id":"","pthumb":"","color":""},{"label":"40 2\/3","value":"EU 40 2\/3","price":"","pimage":"","pimage_id":"","pthumb":"","color":""},{"label":"41 1\/3","value":"EU 41 1\/3","price":"","pimage":"","pimage_id":"","pthumb":"","color":""},{"label":"42","value":"EU 42","price":"","pimage":"","pimage_id":"","pthumb":"","color":""},{"label":"42 2\/3","value":"EU 42 2\/3","price":"","pimage":"","pimage_id":"","pthumb":"","color":""},{"label":"43 1\/3","value":"EU 43 1\/3","price":"","pimage":"","pimage_id":"","pthumb":"","color":""},{"label":"44","value":"EU 44","price":"","pimage":"","pimage_id":"","pthumb":"","color":""},{"label":"44 2\/3","value":"EU 44 2\/3","price":"","pimage":"","pimage_id":"","pthumb":"","color":""},{"label":"45 1\/3","value":"EU 45 1\/3","price":"","pimage":"","pimage_id":"","pthumb":"","color":""},{"label":"46","value":"EU 46","price":"","pimage":"","pimage_id":"","pthumb":"","color":""},{"label":"46 2\/3","value":"EU 46 2\/3","price":"","pimage":"","pimage_id":"","pthumb":"","color":""},{"label":"47 1\/3","value":"EU 47 1\/3","price":"","pimage":"","pimage_id":"","pthumb":"","color":""}],"relations":[{"operator":false,"rules":[]}],"form_id":24802,"form_rules":{"pric_cal_option_once":false,"exclude_from_discount":false,"pric_use_as_fee":false,"fee_label":"Fee","render_after_acb":false,"disp_hide_options_price":false}}]},"yoast_head":"<!-- This site is optimized with the Yoast SEO plugin v26.5 - https:\/\/yoast.com\/wordpress\/plugins\/seo\/ -->\n<title>(Women) adidas Nite Jogger &#039;White Aluminum&#039; - Loftrunway<\/title>\n<meta name=\"robots\" content=\"index, follow, max-snippet:-1, max-image-preview:large, max-video-preview:-1\" \/>\n<link rel=\"canonical\" href=\"https:\/\/loftrunway.com\/de\/products\/women-adidas-nite-jogger-white-aluminum\/\" \/>\n<meta property=\"og:locale\" content=\"de_DE\" \/>\n<meta property=\"og:type\" content=\"article\" \/>\n<meta property=\"og:title\" content=\"(Women) adidas Nite Jogger &#039;White Aluminum&#039; - Loftrunway\" \/>\n<meta property=\"og:description\" content=\"Verleihe deinem Streetstyle mit dem adidas Nite Jogger &#8218;White Aluminum&#8216; FV1329 f\u00fcr Damen das gewisse Extra. Dieser Sneaker vereint Retro-Design mit modernem Flair und besticht durch ein leichtes, atmungsaktives Mesh-Obermaterial sowie reflektierende Details f\u00fcr bessere Sichtbarkeit bei Nacht. Die Boost-Zwischensohle sorgt f\u00fcr au\u00dfergew\u00f6hnliche D\u00e4mpfung und Energier\u00fcckgabe &#8211; f\u00fcr ganzt\u00e4gigen Tragekomfort. Dank der vielseitigen Farbkombination aus [&hellip;]\" \/>\n<meta property=\"og:url\" content=\"https:\/\/loftrunway.com\/de\/products\/women-adidas-nite-jogger-white-aluminum\/\" \/>\n<meta property=\"og:site_name\" content=\"loftRUN Sneaker Store\" \/>\n<meta property=\"article:modified_time\" content=\"2026-04-03T12:48:36+00:00\" \/>\n<meta name=\"twitter:card\" content=\"summary_large_image\" \/>\n<meta name=\"twitter:image\" content=\"https:\/\/images.novelship.com\/product\/_women__adidas_nite_jogger__white_aluminum__fv1329_0_19151.jpeg\" \/>\n<meta name=\"twitter:label1\" content=\"Gesch\u00e4tzte Lesezeit\" \/>\n\t<meta name=\"twitter:data1\" content=\"1\u00a0Minute\" \/>\n<script type=\"application\/ld+json\" class=\"yoast-schema-graph\">{\"@context\":\"https:\/\/schema.org\",\"@graph\":[{\"@type\":\"WebPage\",\"@id\":\"https:\/\/loftrunway.com\/de\/products\/women-adidas-nite-jogger-white-aluminum\/\",\"url\":\"https:\/\/loftrunway.com\/de\/products\/women-adidas-nite-jogger-white-aluminum\/\",\"name\":\"(Women) adidas Nite Jogger 'White Aluminum' - Loftrunway\",\"isPartOf\":{\"@id\":\"https:\/\/loftrunway.com\/de\/#website\"},\"primaryImageOfPage\":{\"@id\":\"https:\/\/loftrunway.com\/de\/products\/women-adidas-nite-jogger-white-aluminum\/#primaryimage\"},\"image\":{\"@id\":\"https:\/\/loftrunway.com\/de\/products\/women-adidas-nite-jogger-white-aluminum\/#primaryimage\"},\"thumbnailUrl\":\"https:\/\/images.novelship.com\/product\/_women__adidas_nite_jogger__white_aluminum__fv1329_0_19151.jpeg\",\"datePublished\":\"2026-03-22T04:49:38+00:00\",\"dateModified\":\"2026-04-03T12:48:36+00:00\",\"breadcrumb\":{\"@id\":\"https:\/\/loftrunway.com\/de\/products\/women-adidas-nite-jogger-white-aluminum\/#breadcrumb\"},\"inLanguage\":\"de\",\"potentialAction\":[{\"@type\":\"ReadAction\",\"target\":[\"https:\/\/loftrunway.com\/de\/products\/women-adidas-nite-jogger-white-aluminum\/\"]}]},{\"@type\":\"ImageObject\",\"inLanguage\":\"de\",\"@id\":\"https:\/\/loftrunway.com\/de\/products\/women-adidas-nite-jogger-white-aluminum\/#primaryimage\",\"url\":\"https:\/\/images.novelship.com\/product\/_women__adidas_nite_jogger__white_aluminum__fv1329_0_19151.jpeg\",\"contentUrl\":\"https:\/\/images.novelship.com\/product\/_women__adidas_nite_jogger__white_aluminum__fv1329_0_19151.jpeg\"},{\"@type\":\"BreadcrumbList\",\"@id\":\"https:\/\/loftrunway.com\/de\/products\/women-adidas-nite-jogger-white-aluminum\/#breadcrumb\",\"itemListElement\":[{\"@type\":\"ListItem\",\"position\":1,\"name\":\"Home\",\"item\":\"https:\/\/loftrunway.com\/de\/\"},{\"@type\":\"ListItem\",\"position\":2,\"name\":\"Shop\",\"item\":\"https:\/\/loftrunway.com\/de\/shop\/\"},{\"@type\":\"ListItem\",\"position\":3,\"name\":\"(Women) adidas Nite Jogger &#8218;White Aluminum&#8216;\"}]},{\"@type\":\"WebSite\",\"@id\":\"https:\/\/loftrunway.com\/de\/#website\",\"url\":\"https:\/\/loftrunway.com\/de\/\",\"name\":\"Styloral Jewelry Shop\",\"description\":\"Der Ort, an dem man alle Arten von Sneakern findet\",\"publisher\":{\"@id\":\"https:\/\/loftrunway.com\/de\/#organization\"},\"potentialAction\":[{\"@type\":\"SearchAction\",\"target\":{\"@type\":\"EntryPoint\",\"urlTemplate\":\"https:\/\/loftrunway.com\/de\/?s={search_term_string}\"},\"query-input\":{\"@type\":\"PropertyValueSpecification\",\"valueRequired\":true,\"valueName\":\"search_term_string\"}}],\"inLanguage\":\"de\"},{\"@type\":\"Organization\",\"@id\":\"https:\/\/loftrunway.com\/de\/#organization\",\"name\":\"STYLORAL PTE. LTD\",\"url\":\"https:\/\/loftrunway.com\/de\/\",\"logo\":{\"@type\":\"ImageObject\",\"inLanguage\":\"de\",\"@id\":\"https:\/\/loftrunway.com\/de\/#\/schema\/logo\/image\/\",\"url\":\"https:\/\/www.loftrunway.com\/wp-content\/uploads\/2025\/12\/logo.png\",\"contentUrl\":\"https:\/\/www.loftrunway.com\/wp-content\/uploads\/2025\/12\/logo.png\",\"width\":200,\"height\":65,\"caption\":\"STYLORAL PTE. LTD\"},\"image\":{\"@id\":\"https:\/\/loftrunway.com\/de\/#\/schema\/logo\/image\/\"}}]}<\/script>\n<!-- \/ Yoast SEO plugin. -->","yoast_head_json":{"title":"(Women) adidas Nite Jogger 'White Aluminum' - Loftrunway","robots":{"index":"index","follow":"follow","max-snippet":"max-snippet:-1","max-image-preview":"max-image-preview:large","max-video-preview":"max-video-preview:-1"},"canonical":"https:\/\/loftrunway.com\/de\/products\/women-adidas-nite-jogger-white-aluminum\/","og_locale":"de_DE","og_type":"article","og_title":"(Women) adidas Nite Jogger 'White Aluminum' - Loftrunway","og_description":"Verleihe deinem Streetstyle mit dem adidas Nite Jogger &#8218;White Aluminum&#8216; FV1329 f\u00fcr Damen das gewisse Extra. Dieser Sneaker vereint Retro-Design mit modernem Flair und besticht durch ein leichtes, atmungsaktives Mesh-Obermaterial sowie reflektierende Details f\u00fcr bessere Sichtbarkeit bei Nacht. Die Boost-Zwischensohle sorgt f\u00fcr au\u00dfergew\u00f6hnliche D\u00e4mpfung und Energier\u00fcckgabe &#8211; f\u00fcr ganzt\u00e4gigen Tragekomfort. Dank der vielseitigen Farbkombination aus [&hellip;]","og_url":"https:\/\/loftrunway.com\/de\/products\/women-adidas-nite-jogger-white-aluminum\/","og_site_name":"loftRUN Sneaker Store","article_modified_time":"2026-04-03T12:48:36+00:00","twitter_card":"summary_large_image","twitter_image":"https:\/\/images.novelship.com\/product\/_women__adidas_nite_jogger__white_aluminum__fv1329_0_19151.jpeg","twitter_misc":{"Gesch\u00e4tzte Lesezeit":"1\u00a0Minute"},"schema":{"@context":"https:\/\/schema.org","@graph":[{"@type":"WebPage","@id":"https:\/\/loftrunway.com\/de\/products\/women-adidas-nite-jogger-white-aluminum\/","url":"https:\/\/loftrunway.com\/de\/products\/women-adidas-nite-jogger-white-aluminum\/","name":"(Women) adidas Nite Jogger 'White Aluminum' - Loftrunway","isPartOf":{"@id":"https:\/\/loftrunway.com\/de\/#website"},"primaryImageOfPage":{"@id":"https:\/\/loftrunway.com\/de\/products\/women-adidas-nite-jogger-white-aluminum\/#primaryimage"},"image":{"@id":"https:\/\/loftrunway.com\/de\/products\/women-adidas-nite-jogger-white-aluminum\/#primaryimage"},"thumbnailUrl":"https:\/\/images.novelship.com\/product\/_women__adidas_nite_jogger__white_aluminum__fv1329_0_19151.jpeg","datePublished":"2026-03-22T04:49:38+00:00","dateModified":"2026-04-03T12:48:36+00:00","breadcrumb":{"@id":"https:\/\/loftrunway.com\/de\/products\/women-adidas-nite-jogger-white-aluminum\/#breadcrumb"},"inLanguage":"de","potentialAction":[{"@type":"ReadAction","target":["https:\/\/loftrunway.com\/de\/products\/women-adidas-nite-jogger-white-aluminum\/"]}]},{"@type":"ImageObject","inLanguage":"de","@id":"https:\/\/loftrunway.com\/de\/products\/women-adidas-nite-jogger-white-aluminum\/#primaryimage","url":"https:\/\/images.novelship.com\/product\/_women__adidas_nite_jogger__white_aluminum__fv1329_0_19151.jpeg","contentUrl":"https:\/\/images.novelship.com\/product\/_women__adidas_nite_jogger__white_aluminum__fv1329_0_19151.jpeg"},{"@type":"BreadcrumbList","@id":"https:\/\/loftrunway.com\/de\/products\/women-adidas-nite-jogger-white-aluminum\/#breadcrumb","itemListElement":[{"@type":"ListItem","position":1,"name":"Home","item":"https:\/\/loftrunway.com\/de\/"},{"@type":"ListItem","position":2,"name":"Shop","item":"https:\/\/loftrunway.com\/de\/shop\/"},{"@type":"ListItem","position":3,"name":"(Women) adidas Nite Jogger &#8218;White Aluminum&#8216;"}]},{"@type":"WebSite","@id":"https:\/\/loftrunway.com\/de\/#website","url":"https:\/\/loftrunway.com\/de\/","name":"Styloral Jewelry Shop","description":"Der Ort, an dem man alle Arten von Sneakern findet","publisher":{"@id":"https:\/\/loftrunway.com\/de\/#organization"},"potentialAction":[{"@type":"SearchAction","target":{"@type":"EntryPoint","urlTemplate":"https:\/\/loftrunway.com\/de\/?s={search_term_string}"},"query-input":{"@type":"PropertyValueSpecification","valueRequired":true,"valueName":"search_term_string"}}],"inLanguage":"de"},{"@type":"Organization","@id":"https:\/\/loftrunway.com\/de\/#organization","name":"STYLORAL PTE. LTD","url":"https:\/\/loftrunway.com\/de\/","logo":{"@type":"ImageObject","inLanguage":"de","@id":"https:\/\/loftrunway.com\/de\/#\/schema\/logo\/image\/","url":"https:\/\/www.loftrunway.com\/wp-content\/uploads\/2025\/12\/logo.png","contentUrl":"https:\/\/www.loftrunway.com\/wp-content\/uploads\/2025\/12\/logo.png","width":200,"height":65,"caption":"STYLORAL PTE. LTD"},"image":{"@id":"https:\/\/loftrunway.com\/de\/#\/schema\/logo\/image\/"}}]}},"_links":{"self":[{"href":"https:\/\/loftrunway.com\/de\/wp-json\/wp\/v2\/product\/191707","targetHints":{"allow":["GET"]}}],"collection":[{"href":"https:\/\/loftrunway.com\/de\/wp-json\/wp\/v2\/product"}],"about":[{"href":"https:\/\/loftrunway.com\/de\/wp-json\/wp\/v2\/types\/product"}],"replies":[{"embeddable":true,"href":"https:\/\/loftrunway.com\/de\/wp-json\/wp\/v2\/comments?post=191707"}],"wp:featuredmedia":[{"embeddable":true,"href":"https:\/\/loftrunway.com\/de\/wp-json\/wp\/v2\/media\/191708"}],"wp:attachment":[{"href":"https:\/\/loftrunway.com\/de\/wp-json\/wp\/v2\/media?parent=191707"}],"wp:term":[{"taxonomy":"product_brand","embeddable":true,"href":"https:\/\/loftrunway.com\/de\/wp-json\/wp\/v2\/product_brand?post=191707"},{"taxonomy":"product_cat","embeddable":true,"href":"https:\/\/loftrunway.com\/de\/wp-json\/wp\/v2\/product_cat?post=191707"},{"taxonomy":"product_tag","embeddable":true,"href":"https:\/\/loftrunway.com\/de\/wp-json\/wp\/v2\/product_tag?post=191707"}],"curies":[{"name":"wp","href":"https:\/\/api.w.org\/{rel}","templated":true}]}}