{"id":192113,"date":"2026-03-22T11:50:28","date_gmt":"2026-03-22T04:50:28","guid":{"rendered":"https:\/\/loftrunway.com\/product\/fear-of-god-athletics-x-adidas-86-low-clay"},"modified":"2026-04-03T19:48:42","modified_gmt":"2026-04-03T12:48:42","slug":"fear-of-god-athletics-x-adidas-86-low-clay","status":"publish","type":"product","link":"https:\/\/loftrunway.com\/de\/products\/fear-of-god-athletics-x-adidas-86-low-clay\/","title":{"rendered":"Fear of God Athletics x adidas &#8217;86 Low &#8218;Clay&#8216;"},"content":{"rendered":"<p>Der Fear of God Athletics x adidas &#8217;86 Low &#8218;Clay&#8216; IE6213 interpretiert die klassische Silhouette neu &#8211; mit hochwertigen Materialien und einem modernen Touch. Gefertigt aus geschmeidigem Wildleder in einem tiefen Ton, besticht dieser Sneaker durch sein schlankes Low-Top-Profil mit Ton-in-Ton-N\u00e4hten und kontrastierenden Drei-Streifen an den Seiten. Das weiche Futter und die d\u00e4mpfende Adiprene-Zwischensohle sorgen f\u00fcr au\u00dfergew\u00f6hnlichen Tragekomfort, w\u00e4hrend die Gummiau\u00dfensohle Strapazierf\u00e4higkeit und Traktion garantiert. Mit diesen begehrten Sneakern, der perfekten Mischung aus Tradition und modernem Design, verleihst du deinem Style das gewisse Etwas.Farbe: Clay\/ClayStyle-Code: IE6213Obermaterial: WildlederFarbe: BeigeErscheinungsjahr: 2023<\/p>\n","protected":false},"excerpt":{"rendered":"<p>Der Fear of God Athletics x adidas &#8217;86 Low &#8218;Clay&#8216; IE6213 interpretiert die klassische Silhouette neu &#8211; mit hochwertigen Materialien und einem modernen Touch. Gefertigt aus geschmeidigem Wildleder in einem tiefen Ton, besticht dieser Sneaker durch sein schlankes Low-Top-Profil mit Ton-in-Ton-N\u00e4hten und kontrastierenden Drei-Streifen an den Seiten. Das weiche Futter und die d\u00e4mpfende Adiprene-Zwischensohle sorgen [&hellip;]<\/p>\n","protected":false},"featured_media":192114,"comment_status":"open","ping_status":"closed","template":"","meta":[],"product_brand":[],"product_cat":[10941],"product_tag":[38839],"class_list":{"0":"post-192113","1":"product","2":"type-product","3":"status-publish","4":"has-post-thumbnail","6":"product_cat-adidas-women","7":"product_tag-instockold","8":"wcpa_has_options","10":"first","11":"instock","12":"taxable","13":"shipping-taxable","14":"purchasable","15":"product-type-simple"},"wcpa_form_fields":{"rules":{"pric_overide_base_price":false,"pric_overide_base_price_if_gt_zero":false,"pric_overide_base_price_fully":false,"pric_cal_option_once":false,"pric_use_as_fee":false,"bind_quantity":false,"quantity_bind_formula":false},"fields":[{"type":"color-group","required":true,"elementId":"wcpa-color-group-66c4a7f817afe","label":"Gr\u00f6\u00dfe","inline":true,"priceOptions":"different_for_all","pricingType":"fixed","className":"hassizechart product-shoes-size-eu product-shoes-size","name":"color-group-66c4a7f817b18","disp_type":"square","selection_type":"tick-border","disp_size":"50","show_label_inside":true,"adjust_width":true,"cart_display_type":"text","other_text":"Other","cl_rule":"show","col":6,"values":[{"label":"35","value":"EU 35","price":"","pimage":"","pimage_id":"","pthumb":"","color":""},{"label":"35.5","value":"EU 35.5","price":"","pimage":"","pimage_id":"","pthumb":"","color":""},{"label":"36","value":"EU 36","price":"","pimage":"","pimage_id":"","pthumb":"","color":"","selected":true},{"label":"36 2\/3","value":"EU 36 2\/3","price":"","pimage":"","pimage_id":"","pthumb":"","color":""},{"label":"37 1\/3","value":"EU 37 1\/3","price":"","pimage":"","pimage_id":"","pthumb":"","color":""},{"label":"38","value":"EU 38","price":"","pimage":"","pimage_id":"","pthumb":"","color":""},{"label":"38 2\/3","value":"EU 38 2\/3","price":"","pimage":"","pimage_id":"","pthumb":"","color":""},{"label":"39 1\/3","value":"EU 39 1\/3","price":"","pimage":"","pimage_id":"","pthumb":"","color":""},{"label":"40","value":"EU 40","price":"","pimage":"","pimage_id":"","pthumb":"","color":""},{"label":"40 2\/3","value":"EU 40 2\/3","price":"","pimage":"","pimage_id":"","pthumb":"","color":""},{"label":"41 1\/3","value":"EU 41 1\/3","price":"","pimage":"","pimage_id":"","pthumb":"","color":""},{"label":"42","value":"EU 42","price":"","pimage":"","pimage_id":"","pthumb":"","color":""},{"label":"42 2\/3","value":"EU 42 2\/3","price":"","pimage":"","pimage_id":"","pthumb":"","color":""},{"label":"43 1\/3","value":"EU 43 1\/3","price":"","pimage":"","pimage_id":"","pthumb":"","color":""},{"label":"44","value":"EU 44","price":"","pimage":"","pimage_id":"","pthumb":"","color":""},{"label":"44 2\/3","value":"EU 44 2\/3","price":"","pimage":"","pimage_id":"","pthumb":"","color":""},{"label":"45 1\/3","value":"EU 45 1\/3","price":"","pimage":"","pimage_id":"","pthumb":"","color":""},{"label":"46","value":"EU 46","price":"","pimage":"","pimage_id":"","pthumb":"","color":""},{"label":"46 2\/3","value":"EU 46 2\/3","price":"","pimage":"","pimage_id":"","pthumb":"","color":""},{"label":"47 1\/3","value":"EU 47 1\/3","price":"","pimage":"","pimage_id":"","pthumb":"","color":""}],"relations":[{"operator":false,"rules":[]}],"form_id":24802,"form_rules":{"pric_cal_option_once":false,"exclude_from_discount":false,"pric_use_as_fee":false,"fee_label":"Fee","render_after_acb":false,"disp_hide_options_price":false}}]},"yoast_head":"<!-- This site is optimized with the Yoast SEO plugin v26.5 - https:\/\/yoast.com\/wordpress\/plugins\/seo\/ -->\n<title>Fear of God Athletics x adidas &#039;86 Low &#039;Clay&#039; - Loftrunway<\/title>\n<meta name=\"robots\" content=\"index, follow, max-snippet:-1, max-image-preview:large, max-video-preview:-1\" \/>\n<link rel=\"canonical\" href=\"https:\/\/loftrunway.com\/de\/products\/fear-of-god-athletics-x-adidas-86-low-clay\/\" \/>\n<meta property=\"og:locale\" content=\"de_DE\" \/>\n<meta property=\"og:type\" content=\"article\" \/>\n<meta property=\"og:title\" content=\"Fear of God Athletics x adidas &#039;86 Low &#039;Clay&#039; - Loftrunway\" \/>\n<meta property=\"og:description\" content=\"Der Fear of God Athletics x adidas &#8217;86 Low &#8218;Clay&#8216; IE6213 interpretiert die klassische Silhouette neu &#8211; mit hochwertigen Materialien und einem modernen Touch. Gefertigt aus geschmeidigem Wildleder in einem tiefen Ton, besticht dieser Sneaker durch sein schlankes Low-Top-Profil mit Ton-in-Ton-N\u00e4hten und kontrastierenden Drei-Streifen an den Seiten. Das weiche Futter und die d\u00e4mpfende Adiprene-Zwischensohle sorgen [&hellip;]\" \/>\n<meta property=\"og:url\" content=\"https:\/\/loftrunway.com\/de\/products\/fear-of-god-athletics-x-adidas-86-low-clay\/\" \/>\n<meta property=\"og:site_name\" content=\"loftRUN Sneaker Store\" \/>\n<meta property=\"article:modified_time\" content=\"2026-04-03T12:48:42+00:00\" \/>\n<meta name=\"twitter:card\" content=\"summary_large_image\" \/>\n<meta name=\"twitter:image\" content=\"https:\/\/images.novelship.com\/product\/fear_of_god_athletics_x_adidas__86_low__clay__ie62_0_37327.jpeg\" \/>\n<script type=\"application\/ld+json\" class=\"yoast-schema-graph\">{\"@context\":\"https:\/\/schema.org\",\"@graph\":[{\"@type\":\"WebPage\",\"@id\":\"https:\/\/loftrunway.com\/de\/products\/fear-of-god-athletics-x-adidas-86-low-clay\/\",\"url\":\"https:\/\/loftrunway.com\/de\/products\/fear-of-god-athletics-x-adidas-86-low-clay\/\",\"name\":\"Fear of God Athletics x adidas '86 Low 'Clay' - Loftrunway\",\"isPartOf\":{\"@id\":\"https:\/\/loftrunway.com\/de\/#website\"},\"primaryImageOfPage\":{\"@id\":\"https:\/\/loftrunway.com\/de\/products\/fear-of-god-athletics-x-adidas-86-low-clay\/#primaryimage\"},\"image\":{\"@id\":\"https:\/\/loftrunway.com\/de\/products\/fear-of-god-athletics-x-adidas-86-low-clay\/#primaryimage\"},\"thumbnailUrl\":\"https:\/\/images.novelship.com\/product\/fear_of_god_athletics_x_adidas__86_low__clay__ie62_0_37327.jpeg\",\"datePublished\":\"2026-03-22T04:50:28+00:00\",\"dateModified\":\"2026-04-03T12:48:42+00:00\",\"breadcrumb\":{\"@id\":\"https:\/\/loftrunway.com\/de\/products\/fear-of-god-athletics-x-adidas-86-low-clay\/#breadcrumb\"},\"inLanguage\":\"de\",\"potentialAction\":[{\"@type\":\"ReadAction\",\"target\":[\"https:\/\/loftrunway.com\/de\/products\/fear-of-god-athletics-x-adidas-86-low-clay\/\"]}]},{\"@type\":\"ImageObject\",\"inLanguage\":\"de\",\"@id\":\"https:\/\/loftrunway.com\/de\/products\/fear-of-god-athletics-x-adidas-86-low-clay\/#primaryimage\",\"url\":\"https:\/\/images.novelship.com\/product\/fear_of_god_athletics_x_adidas__86_low__clay__ie62_0_37327.jpeg\",\"contentUrl\":\"https:\/\/images.novelship.com\/product\/fear_of_god_athletics_x_adidas__86_low__clay__ie62_0_37327.jpeg\"},{\"@type\":\"BreadcrumbList\",\"@id\":\"https:\/\/loftrunway.com\/de\/products\/fear-of-god-athletics-x-adidas-86-low-clay\/#breadcrumb\",\"itemListElement\":[{\"@type\":\"ListItem\",\"position\":1,\"name\":\"Home\",\"item\":\"https:\/\/loftrunway.com\/de\/\"},{\"@type\":\"ListItem\",\"position\":2,\"name\":\"Shop\",\"item\":\"https:\/\/loftrunway.com\/de\/shop\/\"},{\"@type\":\"ListItem\",\"position\":3,\"name\":\"Fear of God Athletics x adidas &#8217;86 Low &#8218;Clay&#8216;\"}]},{\"@type\":\"WebSite\",\"@id\":\"https:\/\/loftrunway.com\/de\/#website\",\"url\":\"https:\/\/loftrunway.com\/de\/\",\"name\":\"Styloral Jewelry Shop\",\"description\":\"Der Ort, an dem man alle Arten von Sneakern findet\",\"publisher\":{\"@id\":\"https:\/\/loftrunway.com\/de\/#organization\"},\"potentialAction\":[{\"@type\":\"SearchAction\",\"target\":{\"@type\":\"EntryPoint\",\"urlTemplate\":\"https:\/\/loftrunway.com\/de\/?s={search_term_string}\"},\"query-input\":{\"@type\":\"PropertyValueSpecification\",\"valueRequired\":true,\"valueName\":\"search_term_string\"}}],\"inLanguage\":\"de\"},{\"@type\":\"Organization\",\"@id\":\"https:\/\/loftrunway.com\/de\/#organization\",\"name\":\"STYLORAL PTE. LTD\",\"url\":\"https:\/\/loftrunway.com\/de\/\",\"logo\":{\"@type\":\"ImageObject\",\"inLanguage\":\"de\",\"@id\":\"https:\/\/loftrunway.com\/de\/#\/schema\/logo\/image\/\",\"url\":\"https:\/\/www.loftrunway.com\/wp-content\/uploads\/2025\/12\/logo.png\",\"contentUrl\":\"https:\/\/www.loftrunway.com\/wp-content\/uploads\/2025\/12\/logo.png\",\"width\":200,\"height\":65,\"caption\":\"STYLORAL PTE. LTD\"},\"image\":{\"@id\":\"https:\/\/loftrunway.com\/de\/#\/schema\/logo\/image\/\"}}]}<\/script>\n<!-- \/ Yoast SEO plugin. -->","yoast_head_json":{"title":"Fear of God Athletics x adidas '86 Low 'Clay' - Loftrunway","robots":{"index":"index","follow":"follow","max-snippet":"max-snippet:-1","max-image-preview":"max-image-preview:large","max-video-preview":"max-video-preview:-1"},"canonical":"https:\/\/loftrunway.com\/de\/products\/fear-of-god-athletics-x-adidas-86-low-clay\/","og_locale":"de_DE","og_type":"article","og_title":"Fear of God Athletics x adidas '86 Low 'Clay' - Loftrunway","og_description":"Der Fear of God Athletics x adidas &#8217;86 Low &#8218;Clay&#8216; IE6213 interpretiert die klassische Silhouette neu &#8211; mit hochwertigen Materialien und einem modernen Touch. Gefertigt aus geschmeidigem Wildleder in einem tiefen Ton, besticht dieser Sneaker durch sein schlankes Low-Top-Profil mit Ton-in-Ton-N\u00e4hten und kontrastierenden Drei-Streifen an den Seiten. Das weiche Futter und die d\u00e4mpfende Adiprene-Zwischensohle sorgen [&hellip;]","og_url":"https:\/\/loftrunway.com\/de\/products\/fear-of-god-athletics-x-adidas-86-low-clay\/","og_site_name":"loftRUN Sneaker Store","article_modified_time":"2026-04-03T12:48:42+00:00","twitter_card":"summary_large_image","twitter_image":"https:\/\/images.novelship.com\/product\/fear_of_god_athletics_x_adidas__86_low__clay__ie62_0_37327.jpeg","schema":{"@context":"https:\/\/schema.org","@graph":[{"@type":"WebPage","@id":"https:\/\/loftrunway.com\/de\/products\/fear-of-god-athletics-x-adidas-86-low-clay\/","url":"https:\/\/loftrunway.com\/de\/products\/fear-of-god-athletics-x-adidas-86-low-clay\/","name":"Fear of God Athletics x adidas '86 Low 'Clay' - Loftrunway","isPartOf":{"@id":"https:\/\/loftrunway.com\/de\/#website"},"primaryImageOfPage":{"@id":"https:\/\/loftrunway.com\/de\/products\/fear-of-god-athletics-x-adidas-86-low-clay\/#primaryimage"},"image":{"@id":"https:\/\/loftrunway.com\/de\/products\/fear-of-god-athletics-x-adidas-86-low-clay\/#primaryimage"},"thumbnailUrl":"https:\/\/images.novelship.com\/product\/fear_of_god_athletics_x_adidas__86_low__clay__ie62_0_37327.jpeg","datePublished":"2026-03-22T04:50:28+00:00","dateModified":"2026-04-03T12:48:42+00:00","breadcrumb":{"@id":"https:\/\/loftrunway.com\/de\/products\/fear-of-god-athletics-x-adidas-86-low-clay\/#breadcrumb"},"inLanguage":"de","potentialAction":[{"@type":"ReadAction","target":["https:\/\/loftrunway.com\/de\/products\/fear-of-god-athletics-x-adidas-86-low-clay\/"]}]},{"@type":"ImageObject","inLanguage":"de","@id":"https:\/\/loftrunway.com\/de\/products\/fear-of-god-athletics-x-adidas-86-low-clay\/#primaryimage","url":"https:\/\/images.novelship.com\/product\/fear_of_god_athletics_x_adidas__86_low__clay__ie62_0_37327.jpeg","contentUrl":"https:\/\/images.novelship.com\/product\/fear_of_god_athletics_x_adidas__86_low__clay__ie62_0_37327.jpeg"},{"@type":"BreadcrumbList","@id":"https:\/\/loftrunway.com\/de\/products\/fear-of-god-athletics-x-adidas-86-low-clay\/#breadcrumb","itemListElement":[{"@type":"ListItem","position":1,"name":"Home","item":"https:\/\/loftrunway.com\/de\/"},{"@type":"ListItem","position":2,"name":"Shop","item":"https:\/\/loftrunway.com\/de\/shop\/"},{"@type":"ListItem","position":3,"name":"Fear of God Athletics x adidas &#8217;86 Low &#8218;Clay&#8216;"}]},{"@type":"WebSite","@id":"https:\/\/loftrunway.com\/de\/#website","url":"https:\/\/loftrunway.com\/de\/","name":"Styloral Jewelry Shop","description":"Der Ort, an dem man alle Arten von Sneakern findet","publisher":{"@id":"https:\/\/loftrunway.com\/de\/#organization"},"potentialAction":[{"@type":"SearchAction","target":{"@type":"EntryPoint","urlTemplate":"https:\/\/loftrunway.com\/de\/?s={search_term_string}"},"query-input":{"@type":"PropertyValueSpecification","valueRequired":true,"valueName":"search_term_string"}}],"inLanguage":"de"},{"@type":"Organization","@id":"https:\/\/loftrunway.com\/de\/#organization","name":"STYLORAL PTE. LTD","url":"https:\/\/loftrunway.com\/de\/","logo":{"@type":"ImageObject","inLanguage":"de","@id":"https:\/\/loftrunway.com\/de\/#\/schema\/logo\/image\/","url":"https:\/\/www.loftrunway.com\/wp-content\/uploads\/2025\/12\/logo.png","contentUrl":"https:\/\/www.loftrunway.com\/wp-content\/uploads\/2025\/12\/logo.png","width":200,"height":65,"caption":"STYLORAL PTE. LTD"},"image":{"@id":"https:\/\/loftrunway.com\/de\/#\/schema\/logo\/image\/"}}]}},"_links":{"self":[{"href":"https:\/\/loftrunway.com\/de\/wp-json\/wp\/v2\/product\/192113","targetHints":{"allow":["GET"]}}],"collection":[{"href":"https:\/\/loftrunway.com\/de\/wp-json\/wp\/v2\/product"}],"about":[{"href":"https:\/\/loftrunway.com\/de\/wp-json\/wp\/v2\/types\/product"}],"replies":[{"embeddable":true,"href":"https:\/\/loftrunway.com\/de\/wp-json\/wp\/v2\/comments?post=192113"}],"wp:featuredmedia":[{"embeddable":true,"href":"https:\/\/loftrunway.com\/de\/wp-json\/wp\/v2\/media\/192114"}],"wp:attachment":[{"href":"https:\/\/loftrunway.com\/de\/wp-json\/wp\/v2\/media?parent=192113"}],"wp:term":[{"taxonomy":"product_brand","embeddable":true,"href":"https:\/\/loftrunway.com\/de\/wp-json\/wp\/v2\/product_brand?post=192113"},{"taxonomy":"product_cat","embeddable":true,"href":"https:\/\/loftrunway.com\/de\/wp-json\/wp\/v2\/product_cat?post=192113"},{"taxonomy":"product_tag","embeddable":true,"href":"https:\/\/loftrunway.com\/de\/wp-json\/wp\/v2\/product_tag?post=192113"}],"curies":[{"name":"wp","href":"https:\/\/api.w.org\/{rel}","templated":true}]}}