{"id":192138,"date":"2026-03-22T11:50:30","date_gmt":"2026-03-22T04:50:30","guid":{"rendered":"https:\/\/loftrunway.com\/product\/infant-adidas-yeezy-boost-350-v2-mx-rock"},"modified":"2026-04-02T15:23:02","modified_gmt":"2026-04-02T08:23:02","slug":"infant-adidas-yeezy-boost-350-v2-mx-rock","status":"publish","type":"product","link":"https:\/\/loftrunway.com\/de\/products\/infant-adidas-yeezy-boost-350-v2-mx-rock\/","title":{"rendered":"(Infant) adidas Yeezy Boost 350 V2 &#8218;MX Rock&#8216;"},"content":{"rendered":"<p>Wir pr\u00e4sentieren die adidas Yeezy Boost 350 V2 MX Rock (TD) Sneaker. Diese stylischen Sneaker von adidas vereinen Komfort und Style auf perfekte Weise. Dank ihres einzigartigen Designs und derlegend\u00e4ren Boost-Technologie sind sie f\u00fcr jeden Anlass geeignet. Hergestellt aus hochwertigen Materialien, sind sie besonders strapazierf\u00e4hig und langlebig. Mit den adidas Yeezy Boost 350 V2 MX Rock (TD) Sneakern hebst du deinen Style auf.<\/p>\n<ul>\n<li><strong>Farbgebung:<\/strong> MX Rock\/MX Rock\/MX Rock<\/li>\n<li><strong>Style-Code:<\/strong> GW3776<\/li>\n<li><strong>Obermaterial:<\/strong> Primeknit<\/li>\n<li><strong>Zwischensohle:<\/strong> Boost<\/li>\n<li><strong>Farbe:<\/strong> Schwarz<\/li>\n<li><strong>Designer:<\/strong> Kanye West<\/li>\n<li><strong>Saison:<\/strong> Winter<\/li>\n<li><strong>Erscheinungsjahr:<\/strong> 2021<\/li>\n<\/ul>\n","protected":false},"excerpt":{"rendered":"<p>Wir pr\u00e4sentieren die adidas Yeezy Boost 350 V2 MX Rock (TD) Sneaker. Diese stylischen Sneaker von adidas vereinen Komfort und Style auf perfekte Weise. Dank ihres einzigartigen Designs und derlegend\u00e4ren Boost-Technologie sind sie f\u00fcr jeden Anlass geeignet. Hergestellt aus hochwertigen Materialien, sind sie besonders strapazierf\u00e4hig und langlebig. Mit den adidas Yeezy Boost 350 V2 MX [&hellip;]<\/p>\n","protected":false},"featured_media":192139,"comment_status":"open","ping_status":"closed","template":"","meta":[],"product_brand":[],"product_cat":[10941,41273],"product_tag":[38839],"class_list":{"0":"post-192138","1":"product","2":"type-product","3":"status-publish","4":"has-post-thumbnail","6":"product_cat-adidas-women","7":"product_cat-remove","8":"product_tag-instockold","9":"wcpa_has_options","11":"first","12":"instock","13":"taxable","14":"shipping-taxable","15":"purchasable","16":"product-type-simple"},"wcpa_form_fields":{"rules":{"pric_overide_base_price":false,"pric_overide_base_price_if_gt_zero":false,"pric_overide_base_price_fully":false,"pric_cal_option_once":false,"pric_use_as_fee":false,"bind_quantity":false,"quantity_bind_formula":false},"fields":[{"type":"color-group","required":true,"elementId":"wcpa-color-group-66c4a7f817afe","label":"Gr\u00f6\u00dfe","inline":true,"priceOptions":"different_for_all","pricingType":"fixed","className":"hassizechart product-shoes-size-eu product-shoes-size","name":"color-group-66c4a7f817b18","disp_type":"square","selection_type":"tick-border","disp_size":"50","show_label_inside":true,"adjust_width":true,"cart_display_type":"text","other_text":"Other","cl_rule":"show","col":6,"values":[{"label":"35","value":"EU 35","price":"","pimage":"","pimage_id":"","pthumb":"","color":""},{"label":"35.5","value":"EU 35.5","price":"","pimage":"","pimage_id":"","pthumb":"","color":""},{"label":"36","value":"EU 36","price":"","pimage":"","pimage_id":"","pthumb":"","color":"","selected":true},{"label":"36 2\/3","value":"EU 36 2\/3","price":"","pimage":"","pimage_id":"","pthumb":"","color":""},{"label":"37 1\/3","value":"EU 37 1\/3","price":"","pimage":"","pimage_id":"","pthumb":"","color":""},{"label":"38","value":"EU 38","price":"","pimage":"","pimage_id":"","pthumb":"","color":""},{"label":"38 2\/3","value":"EU 38 2\/3","price":"","pimage":"","pimage_id":"","pthumb":"","color":""},{"label":"39 1\/3","value":"EU 39 1\/3","price":"","pimage":"","pimage_id":"","pthumb":"","color":""},{"label":"40","value":"EU 40","price":"","pimage":"","pimage_id":"","pthumb":"","color":""},{"label":"40 2\/3","value":"EU 40 2\/3","price":"","pimage":"","pimage_id":"","pthumb":"","color":""},{"label":"41 1\/3","value":"EU 41 1\/3","price":"","pimage":"","pimage_id":"","pthumb":"","color":""},{"label":"42","value":"EU 42","price":"","pimage":"","pimage_id":"","pthumb":"","color":""},{"label":"42 2\/3","value":"EU 42 2\/3","price":"","pimage":"","pimage_id":"","pthumb":"","color":""},{"label":"43 1\/3","value":"EU 43 1\/3","price":"","pimage":"","pimage_id":"","pthumb":"","color":""},{"label":"44","value":"EU 44","price":"","pimage":"","pimage_id":"","pthumb":"","color":""},{"label":"44 2\/3","value":"EU 44 2\/3","price":"","pimage":"","pimage_id":"","pthumb":"","color":""},{"label":"45 1\/3","value":"EU 45 1\/3","price":"","pimage":"","pimage_id":"","pthumb":"","color":""},{"label":"46","value":"EU 46","price":"","pimage":"","pimage_id":"","pthumb":"","color":""},{"label":"46 2\/3","value":"EU 46 2\/3","price":"","pimage":"","pimage_id":"","pthumb":"","color":""},{"label":"47 1\/3","value":"EU 47 1\/3","price":"","pimage":"","pimage_id":"","pthumb":"","color":""}],"relations":[{"operator":false,"rules":[]}],"form_id":24802,"form_rules":{"pric_cal_option_once":false,"exclude_from_discount":false,"pric_use_as_fee":false,"fee_label":"Fee","render_after_acb":false,"disp_hide_options_price":false}}]},"yoast_head":"<!-- This site is optimized with the Yoast SEO plugin v26.5 - https:\/\/yoast.com\/wordpress\/plugins\/seo\/ -->\n<title>(Infant) adidas Yeezy Boost 350 V2 &#039;MX Rock&#039; - Loftrunway<\/title>\n<meta name=\"robots\" content=\"index, follow, max-snippet:-1, max-image-preview:large, max-video-preview:-1\" \/>\n<link rel=\"canonical\" href=\"https:\/\/loftrunway.com\/de\/products\/infant-adidas-yeezy-boost-350-v2-mx-rock\/\" \/>\n<meta property=\"og:locale\" content=\"de_DE\" \/>\n<meta property=\"og:type\" content=\"article\" \/>\n<meta property=\"og:title\" content=\"(Infant) adidas Yeezy Boost 350 V2 &#039;MX Rock&#039; - Loftrunway\" \/>\n<meta property=\"og:description\" content=\"Wir pr\u00e4sentieren die adidas Yeezy Boost 350 V2 MX Rock (TD) Sneaker. Diese stylischen Sneaker von adidas vereinen Komfort und Style auf perfekte Weise. Dank ihres einzigartigen Designs und derlegend\u00e4ren Boost-Technologie sind sie f\u00fcr jeden Anlass geeignet. Hergestellt aus hochwertigen Materialien, sind sie besonders strapazierf\u00e4hig und langlebig. Mit den adidas Yeezy Boost 350 V2 MX [&hellip;]\" \/>\n<meta property=\"og:url\" content=\"https:\/\/loftrunway.com\/de\/products\/infant-adidas-yeezy-boost-350-v2-mx-rock\/\" \/>\n<meta property=\"og:site_name\" content=\"loftRUN Sneaker Store\" \/>\n<meta property=\"article:modified_time\" content=\"2026-04-02T08:23:02+00:00\" \/>\n<meta name=\"twitter:card\" content=\"summary_large_image\" \/>\n<meta name=\"twitter:image\" content=\"https:\/\/images.novelship.com\/product\/_toddler__adidas_yeezy_boost_350_v2__mx_rock__gw37_0_96664.jpeg\" \/>\n<script type=\"application\/ld+json\" class=\"yoast-schema-graph\">{\"@context\":\"https:\/\/schema.org\",\"@graph\":[{\"@type\":\"WebPage\",\"@id\":\"https:\/\/loftrunway.com\/de\/products\/infant-adidas-yeezy-boost-350-v2-mx-rock\/\",\"url\":\"https:\/\/loftrunway.com\/de\/products\/infant-adidas-yeezy-boost-350-v2-mx-rock\/\",\"name\":\"(Infant) adidas Yeezy Boost 350 V2 'MX Rock' - Loftrunway\",\"isPartOf\":{\"@id\":\"https:\/\/loftrunway.com\/de\/#website\"},\"primaryImageOfPage\":{\"@id\":\"https:\/\/loftrunway.com\/de\/products\/infant-adidas-yeezy-boost-350-v2-mx-rock\/#primaryimage\"},\"image\":{\"@id\":\"https:\/\/loftrunway.com\/de\/products\/infant-adidas-yeezy-boost-350-v2-mx-rock\/#primaryimage\"},\"thumbnailUrl\":\"https:\/\/images.novelship.com\/product\/_toddler__adidas_yeezy_boost_350_v2__mx_rock__gw37_0_96664.jpeg\",\"datePublished\":\"2026-03-22T04:50:30+00:00\",\"dateModified\":\"2026-04-02T08:23:02+00:00\",\"breadcrumb\":{\"@id\":\"https:\/\/loftrunway.com\/de\/products\/infant-adidas-yeezy-boost-350-v2-mx-rock\/#breadcrumb\"},\"inLanguage\":\"de\",\"potentialAction\":[{\"@type\":\"ReadAction\",\"target\":[\"https:\/\/loftrunway.com\/de\/products\/infant-adidas-yeezy-boost-350-v2-mx-rock\/\"]}]},{\"@type\":\"ImageObject\",\"inLanguage\":\"de\",\"@id\":\"https:\/\/loftrunway.com\/de\/products\/infant-adidas-yeezy-boost-350-v2-mx-rock\/#primaryimage\",\"url\":\"https:\/\/images.novelship.com\/product\/_toddler__adidas_yeezy_boost_350_v2__mx_rock__gw37_0_96664.jpeg\",\"contentUrl\":\"https:\/\/images.novelship.com\/product\/_toddler__adidas_yeezy_boost_350_v2__mx_rock__gw37_0_96664.jpeg\"},{\"@type\":\"BreadcrumbList\",\"@id\":\"https:\/\/loftrunway.com\/de\/products\/infant-adidas-yeezy-boost-350-v2-mx-rock\/#breadcrumb\",\"itemListElement\":[{\"@type\":\"ListItem\",\"position\":1,\"name\":\"Home\",\"item\":\"https:\/\/loftrunway.com\/de\/\"},{\"@type\":\"ListItem\",\"position\":2,\"name\":\"Shop\",\"item\":\"https:\/\/loftrunway.com\/de\/shop\/\"},{\"@type\":\"ListItem\",\"position\":3,\"name\":\"(Infant) adidas Yeezy Boost 350 V2 &#8218;MX Rock&#8216;\"}]},{\"@type\":\"WebSite\",\"@id\":\"https:\/\/loftrunway.com\/de\/#website\",\"url\":\"https:\/\/loftrunway.com\/de\/\",\"name\":\"Styloral Jewelry Shop\",\"description\":\"Der Ort, an dem man alle Arten von Sneakern findet\",\"publisher\":{\"@id\":\"https:\/\/loftrunway.com\/de\/#organization\"},\"potentialAction\":[{\"@type\":\"SearchAction\",\"target\":{\"@type\":\"EntryPoint\",\"urlTemplate\":\"https:\/\/loftrunway.com\/de\/?s={search_term_string}\"},\"query-input\":{\"@type\":\"PropertyValueSpecification\",\"valueRequired\":true,\"valueName\":\"search_term_string\"}}],\"inLanguage\":\"de\"},{\"@type\":\"Organization\",\"@id\":\"https:\/\/loftrunway.com\/de\/#organization\",\"name\":\"STYLORAL PTE. LTD\",\"url\":\"https:\/\/loftrunway.com\/de\/\",\"logo\":{\"@type\":\"ImageObject\",\"inLanguage\":\"de\",\"@id\":\"https:\/\/loftrunway.com\/de\/#\/schema\/logo\/image\/\",\"url\":\"https:\/\/www.loftrunway.com\/wp-content\/uploads\/2025\/12\/logo.png\",\"contentUrl\":\"https:\/\/www.loftrunway.com\/wp-content\/uploads\/2025\/12\/logo.png\",\"width\":200,\"height\":65,\"caption\":\"STYLORAL PTE. LTD\"},\"image\":{\"@id\":\"https:\/\/loftrunway.com\/de\/#\/schema\/logo\/image\/\"}}]}<\/script>\n<!-- \/ Yoast SEO plugin. -->","yoast_head_json":{"title":"(Infant) adidas Yeezy Boost 350 V2 'MX Rock' - Loftrunway","robots":{"index":"index","follow":"follow","max-snippet":"max-snippet:-1","max-image-preview":"max-image-preview:large","max-video-preview":"max-video-preview:-1"},"canonical":"https:\/\/loftrunway.com\/de\/products\/infant-adidas-yeezy-boost-350-v2-mx-rock\/","og_locale":"de_DE","og_type":"article","og_title":"(Infant) adidas Yeezy Boost 350 V2 'MX Rock' - Loftrunway","og_description":"Wir pr\u00e4sentieren die adidas Yeezy Boost 350 V2 MX Rock (TD) Sneaker. Diese stylischen Sneaker von adidas vereinen Komfort und Style auf perfekte Weise. Dank ihres einzigartigen Designs und derlegend\u00e4ren Boost-Technologie sind sie f\u00fcr jeden Anlass geeignet. Hergestellt aus hochwertigen Materialien, sind sie besonders strapazierf\u00e4hig und langlebig. Mit den adidas Yeezy Boost 350 V2 MX [&hellip;]","og_url":"https:\/\/loftrunway.com\/de\/products\/infant-adidas-yeezy-boost-350-v2-mx-rock\/","og_site_name":"loftRUN Sneaker Store","article_modified_time":"2026-04-02T08:23:02+00:00","twitter_card":"summary_large_image","twitter_image":"https:\/\/images.novelship.com\/product\/_toddler__adidas_yeezy_boost_350_v2__mx_rock__gw37_0_96664.jpeg","schema":{"@context":"https:\/\/schema.org","@graph":[{"@type":"WebPage","@id":"https:\/\/loftrunway.com\/de\/products\/infant-adidas-yeezy-boost-350-v2-mx-rock\/","url":"https:\/\/loftrunway.com\/de\/products\/infant-adidas-yeezy-boost-350-v2-mx-rock\/","name":"(Infant) adidas Yeezy Boost 350 V2 'MX Rock' - Loftrunway","isPartOf":{"@id":"https:\/\/loftrunway.com\/de\/#website"},"primaryImageOfPage":{"@id":"https:\/\/loftrunway.com\/de\/products\/infant-adidas-yeezy-boost-350-v2-mx-rock\/#primaryimage"},"image":{"@id":"https:\/\/loftrunway.com\/de\/products\/infant-adidas-yeezy-boost-350-v2-mx-rock\/#primaryimage"},"thumbnailUrl":"https:\/\/images.novelship.com\/product\/_toddler__adidas_yeezy_boost_350_v2__mx_rock__gw37_0_96664.jpeg","datePublished":"2026-03-22T04:50:30+00:00","dateModified":"2026-04-02T08:23:02+00:00","breadcrumb":{"@id":"https:\/\/loftrunway.com\/de\/products\/infant-adidas-yeezy-boost-350-v2-mx-rock\/#breadcrumb"},"inLanguage":"de","potentialAction":[{"@type":"ReadAction","target":["https:\/\/loftrunway.com\/de\/products\/infant-adidas-yeezy-boost-350-v2-mx-rock\/"]}]},{"@type":"ImageObject","inLanguage":"de","@id":"https:\/\/loftrunway.com\/de\/products\/infant-adidas-yeezy-boost-350-v2-mx-rock\/#primaryimage","url":"https:\/\/images.novelship.com\/product\/_toddler__adidas_yeezy_boost_350_v2__mx_rock__gw37_0_96664.jpeg","contentUrl":"https:\/\/images.novelship.com\/product\/_toddler__adidas_yeezy_boost_350_v2__mx_rock__gw37_0_96664.jpeg"},{"@type":"BreadcrumbList","@id":"https:\/\/loftrunway.com\/de\/products\/infant-adidas-yeezy-boost-350-v2-mx-rock\/#breadcrumb","itemListElement":[{"@type":"ListItem","position":1,"name":"Home","item":"https:\/\/loftrunway.com\/de\/"},{"@type":"ListItem","position":2,"name":"Shop","item":"https:\/\/loftrunway.com\/de\/shop\/"},{"@type":"ListItem","position":3,"name":"(Infant) adidas Yeezy Boost 350 V2 &#8218;MX Rock&#8216;"}]},{"@type":"WebSite","@id":"https:\/\/loftrunway.com\/de\/#website","url":"https:\/\/loftrunway.com\/de\/","name":"Styloral Jewelry Shop","description":"Der Ort, an dem man alle Arten von Sneakern findet","publisher":{"@id":"https:\/\/loftrunway.com\/de\/#organization"},"potentialAction":[{"@type":"SearchAction","target":{"@type":"EntryPoint","urlTemplate":"https:\/\/loftrunway.com\/de\/?s={search_term_string}"},"query-input":{"@type":"PropertyValueSpecification","valueRequired":true,"valueName":"search_term_string"}}],"inLanguage":"de"},{"@type":"Organization","@id":"https:\/\/loftrunway.com\/de\/#organization","name":"STYLORAL PTE. LTD","url":"https:\/\/loftrunway.com\/de\/","logo":{"@type":"ImageObject","inLanguage":"de","@id":"https:\/\/loftrunway.com\/de\/#\/schema\/logo\/image\/","url":"https:\/\/www.loftrunway.com\/wp-content\/uploads\/2025\/12\/logo.png","contentUrl":"https:\/\/www.loftrunway.com\/wp-content\/uploads\/2025\/12\/logo.png","width":200,"height":65,"caption":"STYLORAL PTE. LTD"},"image":{"@id":"https:\/\/loftrunway.com\/de\/#\/schema\/logo\/image\/"}}]}},"_links":{"self":[{"href":"https:\/\/loftrunway.com\/de\/wp-json\/wp\/v2\/product\/192138","targetHints":{"allow":["GET"]}}],"collection":[{"href":"https:\/\/loftrunway.com\/de\/wp-json\/wp\/v2\/product"}],"about":[{"href":"https:\/\/loftrunway.com\/de\/wp-json\/wp\/v2\/types\/product"}],"replies":[{"embeddable":true,"href":"https:\/\/loftrunway.com\/de\/wp-json\/wp\/v2\/comments?post=192138"}],"wp:featuredmedia":[{"embeddable":true,"href":"https:\/\/loftrunway.com\/de\/wp-json\/wp\/v2\/media\/192139"}],"wp:attachment":[{"href":"https:\/\/loftrunway.com\/de\/wp-json\/wp\/v2\/media?parent=192138"}],"wp:term":[{"taxonomy":"product_brand","embeddable":true,"href":"https:\/\/loftrunway.com\/de\/wp-json\/wp\/v2\/product_brand?post=192138"},{"taxonomy":"product_cat","embeddable":true,"href":"https:\/\/loftrunway.com\/de\/wp-json\/wp\/v2\/product_cat?post=192138"},{"taxonomy":"product_tag","embeddable":true,"href":"https:\/\/loftrunway.com\/de\/wp-json\/wp\/v2\/product_tag?post=192138"}],"curies":[{"name":"wp","href":"https:\/\/api.w.org\/{rel}","templated":true}]}}