{"id":192884,"date":"2026-03-22T11:52:01","date_gmt":"2026-03-22T04:52:01","guid":{"rendered":"https:\/\/loftrunway.com\/product\/adidas-originals-nite-jogger-winterized"},"modified":"2026-04-03T19:48:54","modified_gmt":"2026-04-03T12:48:54","slug":"adidas-originals-nite-jogger-winterized","status":"publish","type":"product","link":"https:\/\/loftrunway.com\/de\/products\/adidas-originals-nite-jogger-winterized\/","title":{"rendered":"adidas originals Nite Jogger Winterized"},"content":{"rendered":"<p>Wir pr\u00e4sentieren den adidas Originals Nite Jogger Winterized &#8211; die perfekte Kombination aus Style und W\u00e4rme f\u00fcr den Winter. Dank seiner markanten reflektierenden Elemente bist du mit diesem Sneaker auch bei schlechten Lichtverh\u00e4ltnissen gut sichtbar. Das kuschelige Fleecefutter und das strapazierf\u00e4hige Ripstop-Material sorgen f\u00fcr optimalen Komfort und Schutz vor K\u00e4lte. Die reaktionsfreudige Boost-Zwischensohle garantiert ein federndes und energiegeladenes Laufgef\u00fchl, damit du den Gro\u00dfstadtdschungel mit Style und Komfort eroberst. Schl\u00fcpfe in den Nite Jogger Winterized und erlebe unvergessliche Winterabenteuer.Farbe: SchwarzStyle-Code: FZ3661Obermaterial: Textil\/SynthetiklederFarbe: SchwarzSaison: Ganzj\u00e4hrigFarbe: Schwarz<\/p>\n","protected":false},"excerpt":{"rendered":"<p>Wir pr\u00e4sentieren den adidas Originals Nite Jogger Winterized &#8211; die perfekte Kombination aus Style und W\u00e4rme f\u00fcr den Winter. Dank seiner markanten reflektierenden Elemente bist du mit diesem Sneaker auch bei schlechten Lichtverh\u00e4ltnissen gut sichtbar. Das kuschelige Fleecefutter und das strapazierf\u00e4hige Ripstop-Material sorgen f\u00fcr optimalen Komfort und Schutz vor K\u00e4lte. Die reaktionsfreudige Boost-Zwischensohle garantiert ein [&hellip;]<\/p>\n","protected":false},"featured_media":192885,"comment_status":"open","ping_status":"closed","template":"","meta":[],"product_brand":[],"product_cat":[10941],"product_tag":[38839],"class_list":{"0":"post-192884","1":"product","2":"type-product","3":"status-publish","4":"has-post-thumbnail","6":"product_cat-adidas-women","7":"product_tag-instockold","8":"wcpa_has_options","10":"first","11":"instock","12":"taxable","13":"shipping-taxable","14":"purchasable","15":"product-type-simple"},"wcpa_form_fields":{"rules":{"pric_overide_base_price":false,"pric_overide_base_price_if_gt_zero":false,"pric_overide_base_price_fully":false,"pric_cal_option_once":false,"pric_use_as_fee":false,"bind_quantity":false,"quantity_bind_formula":false},"fields":[{"type":"color-group","required":true,"elementId":"wcpa-color-group-66c4a7f817afe","label":"Gr\u00f6\u00dfe","inline":true,"priceOptions":"different_for_all","pricingType":"fixed","className":"hassizechart product-shoes-size-eu product-shoes-size","name":"color-group-66c4a7f817b18","disp_type":"square","selection_type":"tick-border","disp_size":"50","show_label_inside":true,"adjust_width":true,"cart_display_type":"text","other_text":"Other","cl_rule":"show","col":6,"values":[{"label":"35","value":"EU 35","price":"","pimage":"","pimage_id":"","pthumb":"","color":""},{"label":"35.5","value":"EU 35.5","price":"","pimage":"","pimage_id":"","pthumb":"","color":""},{"label":"36","value":"EU 36","price":"","pimage":"","pimage_id":"","pthumb":"","color":"","selected":true},{"label":"36 2\/3","value":"EU 36 2\/3","price":"","pimage":"","pimage_id":"","pthumb":"","color":""},{"label":"37 1\/3","value":"EU 37 1\/3","price":"","pimage":"","pimage_id":"","pthumb":"","color":""},{"label":"38","value":"EU 38","price":"","pimage":"","pimage_id":"","pthumb":"","color":""},{"label":"38 2\/3","value":"EU 38 2\/3","price":"","pimage":"","pimage_id":"","pthumb":"","color":""},{"label":"39 1\/3","value":"EU 39 1\/3","price":"","pimage":"","pimage_id":"","pthumb":"","color":""},{"label":"40","value":"EU 40","price":"","pimage":"","pimage_id":"","pthumb":"","color":""},{"label":"40 2\/3","value":"EU 40 2\/3","price":"","pimage":"","pimage_id":"","pthumb":"","color":""},{"label":"41 1\/3","value":"EU 41 1\/3","price":"","pimage":"","pimage_id":"","pthumb":"","color":""},{"label":"42","value":"EU 42","price":"","pimage":"","pimage_id":"","pthumb":"","color":""},{"label":"42 2\/3","value":"EU 42 2\/3","price":"","pimage":"","pimage_id":"","pthumb":"","color":""},{"label":"43 1\/3","value":"EU 43 1\/3","price":"","pimage":"","pimage_id":"","pthumb":"","color":""},{"label":"44","value":"EU 44","price":"","pimage":"","pimage_id":"","pthumb":"","color":""},{"label":"44 2\/3","value":"EU 44 2\/3","price":"","pimage":"","pimage_id":"","pthumb":"","color":""},{"label":"45 1\/3","value":"EU 45 1\/3","price":"","pimage":"","pimage_id":"","pthumb":"","color":""},{"label":"46","value":"EU 46","price":"","pimage":"","pimage_id":"","pthumb":"","color":""},{"label":"46 2\/3","value":"EU 46 2\/3","price":"","pimage":"","pimage_id":"","pthumb":"","color":""},{"label":"47 1\/3","value":"EU 47 1\/3","price":"","pimage":"","pimage_id":"","pthumb":"","color":""}],"relations":[{"operator":false,"rules":[]}],"form_id":24802,"form_rules":{"pric_cal_option_once":false,"exclude_from_discount":false,"pric_use_as_fee":false,"fee_label":"Fee","render_after_acb":false,"disp_hide_options_price":false}}]},"yoast_head":"<!-- This site is optimized with the Yoast SEO plugin v26.5 - https:\/\/yoast.com\/wordpress\/plugins\/seo\/ -->\n<title>adidas originals Nite Jogger Winterized - Loftrunway<\/title>\n<meta name=\"robots\" content=\"index, follow, max-snippet:-1, max-image-preview:large, max-video-preview:-1\" \/>\n<link rel=\"canonical\" href=\"https:\/\/loftrunway.com\/de\/products\/adidas-originals-nite-jogger-winterized\/\" \/>\n<meta property=\"og:locale\" content=\"de_DE\" \/>\n<meta property=\"og:type\" content=\"article\" \/>\n<meta property=\"og:title\" content=\"adidas originals Nite Jogger Winterized - Loftrunway\" \/>\n<meta property=\"og:description\" content=\"Wir pr\u00e4sentieren den adidas Originals Nite Jogger Winterized &#8211; die perfekte Kombination aus Style und W\u00e4rme f\u00fcr den Winter. Dank seiner markanten reflektierenden Elemente bist du mit diesem Sneaker auch bei schlechten Lichtverh\u00e4ltnissen gut sichtbar. Das kuschelige Fleecefutter und das strapazierf\u00e4hige Ripstop-Material sorgen f\u00fcr optimalen Komfort und Schutz vor K\u00e4lte. Die reaktionsfreudige Boost-Zwischensohle garantiert ein [&hellip;]\" \/>\n<meta property=\"og:url\" content=\"https:\/\/loftrunway.com\/de\/products\/adidas-originals-nite-jogger-winterized\/\" \/>\n<meta property=\"og:site_name\" content=\"loftRUN Sneaker Store\" \/>\n<meta property=\"article:modified_time\" content=\"2026-04-03T12:48:54+00:00\" \/>\n<meta name=\"twitter:card\" content=\"summary_large_image\" \/>\n<meta name=\"twitter:image\" content=\"https:\/\/images.novelship.com\/product\/adidas_originals_nite_jogger_winterized__breathabl_0_22965.jpeg\" \/>\n<script type=\"application\/ld+json\" class=\"yoast-schema-graph\">{\"@context\":\"https:\/\/schema.org\",\"@graph\":[{\"@type\":\"WebPage\",\"@id\":\"https:\/\/loftrunway.com\/de\/products\/adidas-originals-nite-jogger-winterized\/\",\"url\":\"https:\/\/loftrunway.com\/de\/products\/adidas-originals-nite-jogger-winterized\/\",\"name\":\"adidas originals Nite Jogger Winterized - Loftrunway\",\"isPartOf\":{\"@id\":\"https:\/\/loftrunway.com\/de\/#website\"},\"primaryImageOfPage\":{\"@id\":\"https:\/\/loftrunway.com\/de\/products\/adidas-originals-nite-jogger-winterized\/#primaryimage\"},\"image\":{\"@id\":\"https:\/\/loftrunway.com\/de\/products\/adidas-originals-nite-jogger-winterized\/#primaryimage\"},\"thumbnailUrl\":\"https:\/\/images.novelship.com\/product\/adidas_originals_nite_jogger_winterized__breathabl_0_22965.jpeg\",\"datePublished\":\"2026-03-22T04:52:01+00:00\",\"dateModified\":\"2026-04-03T12:48:54+00:00\",\"breadcrumb\":{\"@id\":\"https:\/\/loftrunway.com\/de\/products\/adidas-originals-nite-jogger-winterized\/#breadcrumb\"},\"inLanguage\":\"de\",\"potentialAction\":[{\"@type\":\"ReadAction\",\"target\":[\"https:\/\/loftrunway.com\/de\/products\/adidas-originals-nite-jogger-winterized\/\"]}]},{\"@type\":\"ImageObject\",\"inLanguage\":\"de\",\"@id\":\"https:\/\/loftrunway.com\/de\/products\/adidas-originals-nite-jogger-winterized\/#primaryimage\",\"url\":\"https:\/\/images.novelship.com\/product\/adidas_originals_nite_jogger_winterized__breathabl_0_22965.jpeg\",\"contentUrl\":\"https:\/\/images.novelship.com\/product\/adidas_originals_nite_jogger_winterized__breathabl_0_22965.jpeg\"},{\"@type\":\"BreadcrumbList\",\"@id\":\"https:\/\/loftrunway.com\/de\/products\/adidas-originals-nite-jogger-winterized\/#breadcrumb\",\"itemListElement\":[{\"@type\":\"ListItem\",\"position\":1,\"name\":\"Home\",\"item\":\"https:\/\/loftrunway.com\/de\/\"},{\"@type\":\"ListItem\",\"position\":2,\"name\":\"Shop\",\"item\":\"https:\/\/loftrunway.com\/de\/shop\/\"},{\"@type\":\"ListItem\",\"position\":3,\"name\":\"adidas originals Nite Jogger Winterized\"}]},{\"@type\":\"WebSite\",\"@id\":\"https:\/\/loftrunway.com\/de\/#website\",\"url\":\"https:\/\/loftrunway.com\/de\/\",\"name\":\"Styloral Jewelry Shop\",\"description\":\"Der Ort, an dem man alle Arten von Sneakern findet\",\"publisher\":{\"@id\":\"https:\/\/loftrunway.com\/de\/#organization\"},\"potentialAction\":[{\"@type\":\"SearchAction\",\"target\":{\"@type\":\"EntryPoint\",\"urlTemplate\":\"https:\/\/loftrunway.com\/de\/?s={search_term_string}\"},\"query-input\":{\"@type\":\"PropertyValueSpecification\",\"valueRequired\":true,\"valueName\":\"search_term_string\"}}],\"inLanguage\":\"de\"},{\"@type\":\"Organization\",\"@id\":\"https:\/\/loftrunway.com\/de\/#organization\",\"name\":\"STYLORAL PTE. LTD\",\"url\":\"https:\/\/loftrunway.com\/de\/\",\"logo\":{\"@type\":\"ImageObject\",\"inLanguage\":\"de\",\"@id\":\"https:\/\/loftrunway.com\/de\/#\/schema\/logo\/image\/\",\"url\":\"https:\/\/www.loftrunway.com\/wp-content\/uploads\/2025\/12\/logo.png\",\"contentUrl\":\"https:\/\/www.loftrunway.com\/wp-content\/uploads\/2025\/12\/logo.png\",\"width\":200,\"height\":65,\"caption\":\"STYLORAL PTE. LTD\"},\"image\":{\"@id\":\"https:\/\/loftrunway.com\/de\/#\/schema\/logo\/image\/\"}}]}<\/script>\n<!-- \/ Yoast SEO plugin. -->","yoast_head_json":{"title":"adidas originals Nite Jogger Winterized - Loftrunway","robots":{"index":"index","follow":"follow","max-snippet":"max-snippet:-1","max-image-preview":"max-image-preview:large","max-video-preview":"max-video-preview:-1"},"canonical":"https:\/\/loftrunway.com\/de\/products\/adidas-originals-nite-jogger-winterized\/","og_locale":"de_DE","og_type":"article","og_title":"adidas originals Nite Jogger Winterized - Loftrunway","og_description":"Wir pr\u00e4sentieren den adidas Originals Nite Jogger Winterized &#8211; die perfekte Kombination aus Style und W\u00e4rme f\u00fcr den Winter. Dank seiner markanten reflektierenden Elemente bist du mit diesem Sneaker auch bei schlechten Lichtverh\u00e4ltnissen gut sichtbar. Das kuschelige Fleecefutter und das strapazierf\u00e4hige Ripstop-Material sorgen f\u00fcr optimalen Komfort und Schutz vor K\u00e4lte. Die reaktionsfreudige Boost-Zwischensohle garantiert ein [&hellip;]","og_url":"https:\/\/loftrunway.com\/de\/products\/adidas-originals-nite-jogger-winterized\/","og_site_name":"loftRUN Sneaker Store","article_modified_time":"2026-04-03T12:48:54+00:00","twitter_card":"summary_large_image","twitter_image":"https:\/\/images.novelship.com\/product\/adidas_originals_nite_jogger_winterized__breathabl_0_22965.jpeg","schema":{"@context":"https:\/\/schema.org","@graph":[{"@type":"WebPage","@id":"https:\/\/loftrunway.com\/de\/products\/adidas-originals-nite-jogger-winterized\/","url":"https:\/\/loftrunway.com\/de\/products\/adidas-originals-nite-jogger-winterized\/","name":"adidas originals Nite Jogger Winterized - Loftrunway","isPartOf":{"@id":"https:\/\/loftrunway.com\/de\/#website"},"primaryImageOfPage":{"@id":"https:\/\/loftrunway.com\/de\/products\/adidas-originals-nite-jogger-winterized\/#primaryimage"},"image":{"@id":"https:\/\/loftrunway.com\/de\/products\/adidas-originals-nite-jogger-winterized\/#primaryimage"},"thumbnailUrl":"https:\/\/images.novelship.com\/product\/adidas_originals_nite_jogger_winterized__breathabl_0_22965.jpeg","datePublished":"2026-03-22T04:52:01+00:00","dateModified":"2026-04-03T12:48:54+00:00","breadcrumb":{"@id":"https:\/\/loftrunway.com\/de\/products\/adidas-originals-nite-jogger-winterized\/#breadcrumb"},"inLanguage":"de","potentialAction":[{"@type":"ReadAction","target":["https:\/\/loftrunway.com\/de\/products\/adidas-originals-nite-jogger-winterized\/"]}]},{"@type":"ImageObject","inLanguage":"de","@id":"https:\/\/loftrunway.com\/de\/products\/adidas-originals-nite-jogger-winterized\/#primaryimage","url":"https:\/\/images.novelship.com\/product\/adidas_originals_nite_jogger_winterized__breathabl_0_22965.jpeg","contentUrl":"https:\/\/images.novelship.com\/product\/adidas_originals_nite_jogger_winterized__breathabl_0_22965.jpeg"},{"@type":"BreadcrumbList","@id":"https:\/\/loftrunway.com\/de\/products\/adidas-originals-nite-jogger-winterized\/#breadcrumb","itemListElement":[{"@type":"ListItem","position":1,"name":"Home","item":"https:\/\/loftrunway.com\/de\/"},{"@type":"ListItem","position":2,"name":"Shop","item":"https:\/\/loftrunway.com\/de\/shop\/"},{"@type":"ListItem","position":3,"name":"adidas originals Nite Jogger Winterized"}]},{"@type":"WebSite","@id":"https:\/\/loftrunway.com\/de\/#website","url":"https:\/\/loftrunway.com\/de\/","name":"Styloral Jewelry Shop","description":"Der Ort, an dem man alle Arten von Sneakern findet","publisher":{"@id":"https:\/\/loftrunway.com\/de\/#organization"},"potentialAction":[{"@type":"SearchAction","target":{"@type":"EntryPoint","urlTemplate":"https:\/\/loftrunway.com\/de\/?s={search_term_string}"},"query-input":{"@type":"PropertyValueSpecification","valueRequired":true,"valueName":"search_term_string"}}],"inLanguage":"de"},{"@type":"Organization","@id":"https:\/\/loftrunway.com\/de\/#organization","name":"STYLORAL PTE. LTD","url":"https:\/\/loftrunway.com\/de\/","logo":{"@type":"ImageObject","inLanguage":"de","@id":"https:\/\/loftrunway.com\/de\/#\/schema\/logo\/image\/","url":"https:\/\/www.loftrunway.com\/wp-content\/uploads\/2025\/12\/logo.png","contentUrl":"https:\/\/www.loftrunway.com\/wp-content\/uploads\/2025\/12\/logo.png","width":200,"height":65,"caption":"STYLORAL PTE. LTD"},"image":{"@id":"https:\/\/loftrunway.com\/de\/#\/schema\/logo\/image\/"}}]}},"_links":{"self":[{"href":"https:\/\/loftrunway.com\/de\/wp-json\/wp\/v2\/product\/192884","targetHints":{"allow":["GET"]}}],"collection":[{"href":"https:\/\/loftrunway.com\/de\/wp-json\/wp\/v2\/product"}],"about":[{"href":"https:\/\/loftrunway.com\/de\/wp-json\/wp\/v2\/types\/product"}],"replies":[{"embeddable":true,"href":"https:\/\/loftrunway.com\/de\/wp-json\/wp\/v2\/comments?post=192884"}],"wp:featuredmedia":[{"embeddable":true,"href":"https:\/\/loftrunway.com\/de\/wp-json\/wp\/v2\/media\/192885"}],"wp:attachment":[{"href":"https:\/\/loftrunway.com\/de\/wp-json\/wp\/v2\/media?parent=192884"}],"wp:term":[{"taxonomy":"product_brand","embeddable":true,"href":"https:\/\/loftrunway.com\/de\/wp-json\/wp\/v2\/product_brand?post=192884"},{"taxonomy":"product_cat","embeddable":true,"href":"https:\/\/loftrunway.com\/de\/wp-json\/wp\/v2\/product_cat?post=192884"},{"taxonomy":"product_tag","embeddable":true,"href":"https:\/\/loftrunway.com\/de\/wp-json\/wp\/v2\/product_tag?post=192884"}],"curies":[{"name":"wp","href":"https:\/\/api.w.org\/{rel}","templated":true}]}}