{"id":19315,"date":"2026-02-25T17:21:02","date_gmt":"2026-02-25T10:21:02","guid":{"rendered":"http:\/\/loftrunway.com\/product\/new-balance-infinion-1080v15-medusa-green-salt-water"},"modified":"2026-04-02T14:23:49","modified_gmt":"2026-04-02T07:23:49","slug":"new-balance-infinion-1080v15-medusa-green-salt-water","status":"publish","type":"product","link":"https:\/\/loftrunway.com\/de\/products\/new-balance-infinion-1080v15-medusa-green-salt-water\/","title":{"rendered":"New Balance Infinion 1080v15 &#8218;Medusa Green Salt Water&#8216;"},"content":{"rendered":"<p>Erleben Sie mit dem New Balance Infinion 1080v15 in Medusa Green Salt Water ein H\u00f6chstma\u00df an Leistung und Komfort. Dieser Premium-Laufschuh wurde f\u00fcr L\u00e4ufer entwickelt, die bei jedem Schritt optimale D\u00e4mpfung und Unterst\u00fctzung suchen. Die reaktionsfreudige Fresh Foam X-Technologie sorgt f\u00fcr ein au\u00dfergew\u00f6hnlich geschmeidiges Laufgef\u00fchl \u2013 perfekt f\u00fcr Langstreckentraining und den Alltag. Das innovative Hypoknit-Obermaterial garantiert eine eng anliegende, adaptive Passform und bietet gleichzeitig Atmungsaktivit\u00e4t und Flexibilit\u00e4t genau dort, wo Sie sie brauchen. Die laserge\u00e4tzte Zwischensohle ist auf Langlebigkeit ausgelegt und optimiert die leichte Konstruktion des Schuhs, ohne Kompromisse bei Stabilit\u00e4t und Widerstandsf\u00e4higkeit einzugehen. Mit seiner markanten Farbkombination aus Medusa Green und Salt Water vereint der 1080v15 modernes Design mit modernster Funktionalit\u00e4t und steigert so Ihre Leistung und Ihren Style. Die vollst\u00e4ndig integrierte Fersenkonstruktion garantiert einen sicheren Halt und minimiert das Verrutschen selbst bei intensivsten Trainingseinheiten. Egal, ob Sie ein erfahrener Athlet oder ein Gelegenheitsl\u00e4ufer sind \u2013 dieser Schuh bietet Ihnen unvergleichliche Bewegungsfreiheit, D\u00e4mpfung und Unterst\u00fctzung. Erleben Sie Laufspa\u00df auf einem neuen Level mit der f\u00fcr New Balance typischen Innovation und Verarbeitung des Infinion 1080v15 \u2013 ein Must-have f\u00fcr jeden L\u00e4ufer.<\/p>\n<ul>\n<li><strong>Farbgebung:<\/strong> Medusa Green\/Dark Silver Metallic\/Salt Water<\/li>\n<li><strong>Artikelnummer:<\/strong> M10807RO<\/li>\n<li><strong>Farbe:<\/strong> Blau<\/li>\n<li><strong>Erscheinungsjahr:<\/strong> 2026<\/li>\n<\/ul>\n","protected":false},"excerpt":{"rendered":"<p>New Balance 1080v15 \u2014 Medusa Green\/Dark Silver Metallic\/Salt Water<\/p>\n","protected":false},"featured_media":19316,"comment_status":"open","ping_status":"closed","template":"","meta":[],"product_brand":[],"product_cat":[9213,41273],"product_tag":[],"class_list":{"0":"post-19315","1":"product","2":"type-product","3":"status-publish","4":"has-post-thumbnail","6":"product_cat-new-balance-2026","7":"product_cat-remove","8":"wcpa_has_options","10":"first","11":"instock","12":"taxable","13":"shipping-taxable","14":"purchasable","15":"product-type-simple"},"wcpa_form_fields":{"rules":{"pric_overide_base_price":false,"pric_overide_base_price_if_gt_zero":false,"pric_overide_base_price_fully":false,"pric_cal_option_once":false,"pric_use_as_fee":false,"bind_quantity":false,"quantity_bind_formula":false},"fields":[{"type":"color-group","required":true,"elementId":"wcpa-color-group-66c4a928225d2","label":"Gr\u00f6\u00dfe","inline":true,"priceOptions":"different_for_all","pricingType":"fixed","className":"hassizechart product-shoes-size-eu product-shoes-size","name":"color-group-66c4a928225e2","disp_type":"square","selection_type":"tick-border","disp_size":"50","show_label_inside":true,"adjust_width":true,"cart_display_type":"text","other_text":"Other","cl_rule":"show","col":6,"values":[{"label":"35","value":"EU 35","price":"","pimage":"","pimage_id":"","pthumb":"","color":""},{"label":"36","value":"EU 36","price":"","pimage":"","pimage_id":"","pthumb":"","color":"","selected":true},{"label":"37","value":"EU 37","price":"","pimage":"","pimage_id":"","pthumb":"","color":""},{"label":"37.5","value":"EU 37.5","price":"","pimage":"","pimage_id":"","pthumb":"","color":""},{"label":"38","value":"EU 38","price":"","pimage":"","pimage_id":"","pthumb":"","color":""},{"label":"38.5","value":"EU 38.5","price":"","pimage":"","pimage_id":"","pthumb":"","color":""},{"label":"39","value":"EU 39","price":"","pimage":"","pimage_id":"","pthumb":"","color":""},{"label":"39.5","value":"EU 39.5","price":"","pimage":"","pimage_id":"","pthumb":"","color":""},{"label":"40","value":"EU 40","price":"","pimage":"","pimage_id":"","pthumb":"","color":""},{"label":"40.5","value":"EU 40.5","price":"","pimage":"","pimage_id":"","pthumb":"","color":""},{"label":" 41.5","value":"EU 41.5","price":"","pimage":"","pimage_id":"","pthumb":"","color":""},{"label":"42","value":"EU 42","price":"","pimage":"","pimage_id":"","pthumb":"","color":""},{"label":"42.5","value":"EU 42.5","price":"","pimage":"","pimage_id":"","pthumb":"","color":""},{"label":"43","value":"EU 43","price":"","pimage":"","pimage_id":"","pthumb":"","color":""},{"label":"44","value":"EU 44","price":"","pimage":"","pimage_id":"","pthumb":"","color":""},{"label":"44.5","value":"EU 44.5","price":"","pimage":"","pimage_id":"","pthumb":"","color":""},{"label":"45","value":"EU 45","price":"","pimage":"","pimage_id":"","pthumb":"","color":""},{"label":"45.5","value":"EU 45.5","price":"","pimage":"","pimage_id":"","pthumb":"","color":""},{"label":"46","value":"EU 46","price":"","pimage":"","pimage_id":"","pthumb":"","color":""}],"relations":[{"operator":false,"rules":[]}],"form_id":24803,"form_rules":{"pric_cal_option_once":false,"exclude_from_discount":false,"pric_use_as_fee":false,"fee_label":"Fee","render_after_acb":false,"disp_hide_options_price":false}}]},"yoast_head":"<!-- This site is optimized with the Yoast SEO plugin v26.5 - https:\/\/yoast.com\/wordpress\/plugins\/seo\/ -->\n<title>New Balance Infinion 1080v15 &#039;Medusa Green Salt Water&#039; - Loftrunway<\/title>\n<meta name=\"robots\" content=\"index, follow, max-snippet:-1, max-image-preview:large, max-video-preview:-1\" \/>\n<link rel=\"canonical\" href=\"https:\/\/loftrunway.com\/de\/products\/new-balance-infinion-1080v15-medusa-green-salt-water\/\" \/>\n<meta property=\"og:locale\" content=\"de_DE\" \/>\n<meta property=\"og:type\" content=\"article\" \/>\n<meta property=\"og:title\" content=\"New Balance Infinion 1080v15 &#039;Medusa Green Salt Water&#039; - Loftrunway\" \/>\n<meta property=\"og:description\" content=\"New Balance 1080v15 \u2014 Medusa Green\/Dark Silver Metallic\/Salt Water\" \/>\n<meta property=\"og:url\" content=\"https:\/\/loftrunway.com\/de\/products\/new-balance-infinion-1080v15-medusa-green-salt-water\/\" \/>\n<meta property=\"og:site_name\" content=\"loftRUN Sneaker Store\" \/>\n<meta property=\"article:modified_time\" content=\"2026-04-02T07:23:49+00:00\" \/>\n<meta name=\"twitter:card\" content=\"summary_large_image\" \/>\n<meta name=\"twitter:image\" content=\"https:\/\/images.novelship.com\/product\/new_balance_infinion_1080v15_medusa_green_salt_wat_0_39582.jpeg\" \/>\n<meta name=\"twitter:label1\" content=\"Gesch\u00e4tzte Lesezeit\" \/>\n\t<meta name=\"twitter:data1\" content=\"1\u00a0Minute\" \/>\n<script type=\"application\/ld+json\" class=\"yoast-schema-graph\">{\"@context\":\"https:\/\/schema.org\",\"@graph\":[{\"@type\":\"WebPage\",\"@id\":\"https:\/\/loftrunway.com\/de\/products\/new-balance-infinion-1080v15-medusa-green-salt-water\/\",\"url\":\"https:\/\/loftrunway.com\/de\/products\/new-balance-infinion-1080v15-medusa-green-salt-water\/\",\"name\":\"New Balance Infinion 1080v15 'Medusa Green Salt Water' - Loftrunway\",\"isPartOf\":{\"@id\":\"https:\/\/loftrunway.com\/de\/#website\"},\"primaryImageOfPage\":{\"@id\":\"https:\/\/loftrunway.com\/de\/products\/new-balance-infinion-1080v15-medusa-green-salt-water\/#primaryimage\"},\"image\":{\"@id\":\"https:\/\/loftrunway.com\/de\/products\/new-balance-infinion-1080v15-medusa-green-salt-water\/#primaryimage\"},\"thumbnailUrl\":\"https:\/\/images.novelship.com\/product\/new_balance_infinion_1080v15_medusa_green_salt_wat_0_39582.jpeg\",\"datePublished\":\"2026-02-25T10:21:02+00:00\",\"dateModified\":\"2026-04-02T07:23:49+00:00\",\"breadcrumb\":{\"@id\":\"https:\/\/loftrunway.com\/de\/products\/new-balance-infinion-1080v15-medusa-green-salt-water\/#breadcrumb\"},\"inLanguage\":\"de\",\"potentialAction\":[{\"@type\":\"ReadAction\",\"target\":[\"https:\/\/loftrunway.com\/de\/products\/new-balance-infinion-1080v15-medusa-green-salt-water\/\"]}]},{\"@type\":\"ImageObject\",\"inLanguage\":\"de\",\"@id\":\"https:\/\/loftrunway.com\/de\/products\/new-balance-infinion-1080v15-medusa-green-salt-water\/#primaryimage\",\"url\":\"https:\/\/images.novelship.com\/product\/new_balance_infinion_1080v15_medusa_green_salt_wat_0_39582.jpeg\",\"contentUrl\":\"https:\/\/images.novelship.com\/product\/new_balance_infinion_1080v15_medusa_green_salt_wat_0_39582.jpeg\"},{\"@type\":\"BreadcrumbList\",\"@id\":\"https:\/\/loftrunway.com\/de\/products\/new-balance-infinion-1080v15-medusa-green-salt-water\/#breadcrumb\",\"itemListElement\":[{\"@type\":\"ListItem\",\"position\":1,\"name\":\"Home\",\"item\":\"https:\/\/loftrunway.com\/de\/\"},{\"@type\":\"ListItem\",\"position\":2,\"name\":\"Shop\",\"item\":\"https:\/\/loftrunway.com\/de\/shop\/\"},{\"@type\":\"ListItem\",\"position\":3,\"name\":\"New Balance Infinion 1080v15 &#8218;Medusa Green Salt Water&#8216;\"}]},{\"@type\":\"WebSite\",\"@id\":\"https:\/\/loftrunway.com\/de\/#website\",\"url\":\"https:\/\/loftrunway.com\/de\/\",\"name\":\"Styloral Jewelry Shop\",\"description\":\"Der Ort, an dem man alle Arten von Sneakern findet\",\"publisher\":{\"@id\":\"https:\/\/loftrunway.com\/de\/#organization\"},\"potentialAction\":[{\"@type\":\"SearchAction\",\"target\":{\"@type\":\"EntryPoint\",\"urlTemplate\":\"https:\/\/loftrunway.com\/de\/?s={search_term_string}\"},\"query-input\":{\"@type\":\"PropertyValueSpecification\",\"valueRequired\":true,\"valueName\":\"search_term_string\"}}],\"inLanguage\":\"de\"},{\"@type\":\"Organization\",\"@id\":\"https:\/\/loftrunway.com\/de\/#organization\",\"name\":\"STYLORAL PTE. LTD\",\"url\":\"https:\/\/loftrunway.com\/de\/\",\"logo\":{\"@type\":\"ImageObject\",\"inLanguage\":\"de\",\"@id\":\"https:\/\/loftrunway.com\/de\/#\/schema\/logo\/image\/\",\"url\":\"https:\/\/www.loftrunway.com\/wp-content\/uploads\/2025\/12\/logo.png\",\"contentUrl\":\"https:\/\/www.loftrunway.com\/wp-content\/uploads\/2025\/12\/logo.png\",\"width\":200,\"height\":65,\"caption\":\"STYLORAL PTE. LTD\"},\"image\":{\"@id\":\"https:\/\/loftrunway.com\/de\/#\/schema\/logo\/image\/\"}}]}<\/script>\n<!-- \/ Yoast SEO plugin. -->","yoast_head_json":{"title":"New Balance Infinion 1080v15 'Medusa Green Salt Water' - Loftrunway","robots":{"index":"index","follow":"follow","max-snippet":"max-snippet:-1","max-image-preview":"max-image-preview:large","max-video-preview":"max-video-preview:-1"},"canonical":"https:\/\/loftrunway.com\/de\/products\/new-balance-infinion-1080v15-medusa-green-salt-water\/","og_locale":"de_DE","og_type":"article","og_title":"New Balance Infinion 1080v15 'Medusa Green Salt Water' - Loftrunway","og_description":"New Balance 1080v15 \u2014 Medusa Green\/Dark Silver Metallic\/Salt Water","og_url":"https:\/\/loftrunway.com\/de\/products\/new-balance-infinion-1080v15-medusa-green-salt-water\/","og_site_name":"loftRUN Sneaker Store","article_modified_time":"2026-04-02T07:23:49+00:00","twitter_card":"summary_large_image","twitter_image":"https:\/\/images.novelship.com\/product\/new_balance_infinion_1080v15_medusa_green_salt_wat_0_39582.jpeg","twitter_misc":{"Gesch\u00e4tzte Lesezeit":"1\u00a0Minute"},"schema":{"@context":"https:\/\/schema.org","@graph":[{"@type":"WebPage","@id":"https:\/\/loftrunway.com\/de\/products\/new-balance-infinion-1080v15-medusa-green-salt-water\/","url":"https:\/\/loftrunway.com\/de\/products\/new-balance-infinion-1080v15-medusa-green-salt-water\/","name":"New Balance Infinion 1080v15 'Medusa Green Salt Water' - Loftrunway","isPartOf":{"@id":"https:\/\/loftrunway.com\/de\/#website"},"primaryImageOfPage":{"@id":"https:\/\/loftrunway.com\/de\/products\/new-balance-infinion-1080v15-medusa-green-salt-water\/#primaryimage"},"image":{"@id":"https:\/\/loftrunway.com\/de\/products\/new-balance-infinion-1080v15-medusa-green-salt-water\/#primaryimage"},"thumbnailUrl":"https:\/\/images.novelship.com\/product\/new_balance_infinion_1080v15_medusa_green_salt_wat_0_39582.jpeg","datePublished":"2026-02-25T10:21:02+00:00","dateModified":"2026-04-02T07:23:49+00:00","breadcrumb":{"@id":"https:\/\/loftrunway.com\/de\/products\/new-balance-infinion-1080v15-medusa-green-salt-water\/#breadcrumb"},"inLanguage":"de","potentialAction":[{"@type":"ReadAction","target":["https:\/\/loftrunway.com\/de\/products\/new-balance-infinion-1080v15-medusa-green-salt-water\/"]}]},{"@type":"ImageObject","inLanguage":"de","@id":"https:\/\/loftrunway.com\/de\/products\/new-balance-infinion-1080v15-medusa-green-salt-water\/#primaryimage","url":"https:\/\/images.novelship.com\/product\/new_balance_infinion_1080v15_medusa_green_salt_wat_0_39582.jpeg","contentUrl":"https:\/\/images.novelship.com\/product\/new_balance_infinion_1080v15_medusa_green_salt_wat_0_39582.jpeg"},{"@type":"BreadcrumbList","@id":"https:\/\/loftrunway.com\/de\/products\/new-balance-infinion-1080v15-medusa-green-salt-water\/#breadcrumb","itemListElement":[{"@type":"ListItem","position":1,"name":"Home","item":"https:\/\/loftrunway.com\/de\/"},{"@type":"ListItem","position":2,"name":"Shop","item":"https:\/\/loftrunway.com\/de\/shop\/"},{"@type":"ListItem","position":3,"name":"New Balance Infinion 1080v15 &#8218;Medusa Green Salt Water&#8216;"}]},{"@type":"WebSite","@id":"https:\/\/loftrunway.com\/de\/#website","url":"https:\/\/loftrunway.com\/de\/","name":"Styloral Jewelry Shop","description":"Der Ort, an dem man alle Arten von Sneakern findet","publisher":{"@id":"https:\/\/loftrunway.com\/de\/#organization"},"potentialAction":[{"@type":"SearchAction","target":{"@type":"EntryPoint","urlTemplate":"https:\/\/loftrunway.com\/de\/?s={search_term_string}"},"query-input":{"@type":"PropertyValueSpecification","valueRequired":true,"valueName":"search_term_string"}}],"inLanguage":"de"},{"@type":"Organization","@id":"https:\/\/loftrunway.com\/de\/#organization","name":"STYLORAL PTE. LTD","url":"https:\/\/loftrunway.com\/de\/","logo":{"@type":"ImageObject","inLanguage":"de","@id":"https:\/\/loftrunway.com\/de\/#\/schema\/logo\/image\/","url":"https:\/\/www.loftrunway.com\/wp-content\/uploads\/2025\/12\/logo.png","contentUrl":"https:\/\/www.loftrunway.com\/wp-content\/uploads\/2025\/12\/logo.png","width":200,"height":65,"caption":"STYLORAL PTE. LTD"},"image":{"@id":"https:\/\/loftrunway.com\/de\/#\/schema\/logo\/image\/"}}]}},"_links":{"self":[{"href":"https:\/\/loftrunway.com\/de\/wp-json\/wp\/v2\/product\/19315","targetHints":{"allow":["GET"]}}],"collection":[{"href":"https:\/\/loftrunway.com\/de\/wp-json\/wp\/v2\/product"}],"about":[{"href":"https:\/\/loftrunway.com\/de\/wp-json\/wp\/v2\/types\/product"}],"replies":[{"embeddable":true,"href":"https:\/\/loftrunway.com\/de\/wp-json\/wp\/v2\/comments?post=19315"}],"wp:featuredmedia":[{"embeddable":true,"href":"https:\/\/loftrunway.com\/de\/wp-json\/wp\/v2\/media\/19316"}],"wp:attachment":[{"href":"https:\/\/loftrunway.com\/de\/wp-json\/wp\/v2\/media?parent=19315"}],"wp:term":[{"taxonomy":"product_brand","embeddable":true,"href":"https:\/\/loftrunway.com\/de\/wp-json\/wp\/v2\/product_brand?post=19315"},{"taxonomy":"product_cat","embeddable":true,"href":"https:\/\/loftrunway.com\/de\/wp-json\/wp\/v2\/product_cat?post=19315"},{"taxonomy":"product_tag","embeddable":true,"href":"https:\/\/loftrunway.com\/de\/wp-json\/wp\/v2\/product_tag?post=19315"}],"curies":[{"name":"wp","href":"https:\/\/api.w.org\/{rel}","templated":true}]}}