{"id":194740,"date":"2026-03-22T11:55:47","date_gmt":"2026-03-22T04:55:47","guid":{"rendered":"https:\/\/loftrunway.com\/product\/preschool-adidas-yeezy-boost-350-v2-bred"},"modified":"2026-04-03T19:49:22","modified_gmt":"2026-04-03T12:49:22","slug":"preschool-adidas-yeezy-boost-350-v2-bred","status":"publish","type":"product","link":"https:\/\/loftrunway.com\/de\/products\/preschool-adidas-yeezy-boost-350-v2-bred\/","title":{"rendered":"(Preschool) adidas Yeezy Boost 350 V2 &#8218;Bred&#8216;"},"content":{"rendered":"<p>Wir pr\u00e4sentieren den adidas Yeezy Boost 350 V2 Kids Bred (PS), einen schicken und stylischen Schuh f\u00fcr Vorschulkinder. Dieser von adidas designte Schuh besticht durch sein trendiges Schwarz und ist perfekt f\u00fcr kleine Fashionistas. Dank der Boost-Technologie bietet er au\u00dfergew\u00f6hnlichen Tragekomfort und Halt &#8211; den ganzen Tag lang. Hol deinem Kind ein Paar dieser adidas Yeezy Boost 350 V2 Kids Bred (PS) Schuhe und sieh zu, wie es stylisch unterwegs ist.<\/p>\n<ul>\n<li><strong>Farbgebung:<\/strong> Core Black\/Core Black\/Rot<\/li>\n<li><strong>Style-Code:<\/strong> GZ8655<\/li>\n<li><strong>Obermaterial:<\/strong> Primeknit<\/li>\n<li><strong>Zwischensohle:<\/strong> Boost<\/li>\n<li><strong>Farbe:<\/strong> Schwarz<\/li>\n<li><strong>Designer:<\/strong> Kanye West<\/li>\n<li><strong>Saison:<\/strong> Winter<\/li>\n<li><strong>Erscheinungsjahr:<\/strong> 2020<\/li>\n<\/ul>\n","protected":false},"excerpt":{"rendered":"<p>Wir pr\u00e4sentieren den adidas Yeezy Boost 350 V2 Kids Bred (PS), einen schicken und stylischen Schuh f\u00fcr Vorschulkinder. Dieser von adidas designte Schuh besticht durch sein trendiges Schwarz und ist perfekt f\u00fcr kleine Fashionistas. Dank der Boost-Technologie bietet er au\u00dfergew\u00f6hnlichen Tragekomfort und Halt &#8211; den ganzen Tag lang. Hol deinem Kind ein Paar dieser adidas [&hellip;]<\/p>\n","protected":false},"featured_media":194741,"comment_status":"open","ping_status":"closed","template":"","meta":[],"product_brand":[],"product_cat":[10941],"product_tag":[38839],"class_list":{"0":"post-194740","1":"product","2":"type-product","3":"status-publish","4":"has-post-thumbnail","6":"product_cat-adidas-women","7":"product_tag-instockold","8":"wcpa_has_options","10":"first","11":"instock","12":"taxable","13":"shipping-taxable","14":"purchasable","15":"product-type-simple"},"wcpa_form_fields":{"rules":{"pric_overide_base_price":false,"pric_overide_base_price_if_gt_zero":false,"pric_overide_base_price_fully":false,"pric_cal_option_once":false,"pric_use_as_fee":false,"bind_quantity":false,"quantity_bind_formula":false},"fields":[{"type":"color-group","required":true,"elementId":"wcpa-color-group-66c4a7f817afe","label":"Gr\u00f6\u00dfe","inline":true,"priceOptions":"different_for_all","pricingType":"fixed","className":"hassizechart product-shoes-size-eu product-shoes-size","name":"color-group-66c4a7f817b18","disp_type":"square","selection_type":"tick-border","disp_size":"50","show_label_inside":true,"adjust_width":true,"cart_display_type":"text","other_text":"Other","cl_rule":"show","col":6,"values":[{"label":"35","value":"EU 35","price":"","pimage":"","pimage_id":"","pthumb":"","color":""},{"label":"35.5","value":"EU 35.5","price":"","pimage":"","pimage_id":"","pthumb":"","color":""},{"label":"36","value":"EU 36","price":"","pimage":"","pimage_id":"","pthumb":"","color":"","selected":true},{"label":"36 2\/3","value":"EU 36 2\/3","price":"","pimage":"","pimage_id":"","pthumb":"","color":""},{"label":"37 1\/3","value":"EU 37 1\/3","price":"","pimage":"","pimage_id":"","pthumb":"","color":""},{"label":"38","value":"EU 38","price":"","pimage":"","pimage_id":"","pthumb":"","color":""},{"label":"38 2\/3","value":"EU 38 2\/3","price":"","pimage":"","pimage_id":"","pthumb":"","color":""},{"label":"39 1\/3","value":"EU 39 1\/3","price":"","pimage":"","pimage_id":"","pthumb":"","color":""},{"label":"40","value":"EU 40","price":"","pimage":"","pimage_id":"","pthumb":"","color":""},{"label":"40 2\/3","value":"EU 40 2\/3","price":"","pimage":"","pimage_id":"","pthumb":"","color":""},{"label":"41 1\/3","value":"EU 41 1\/3","price":"","pimage":"","pimage_id":"","pthumb":"","color":""},{"label":"42","value":"EU 42","price":"","pimage":"","pimage_id":"","pthumb":"","color":""},{"label":"42 2\/3","value":"EU 42 2\/3","price":"","pimage":"","pimage_id":"","pthumb":"","color":""},{"label":"43 1\/3","value":"EU 43 1\/3","price":"","pimage":"","pimage_id":"","pthumb":"","color":""},{"label":"44","value":"EU 44","price":"","pimage":"","pimage_id":"","pthumb":"","color":""},{"label":"44 2\/3","value":"EU 44 2\/3","price":"","pimage":"","pimage_id":"","pthumb":"","color":""},{"label":"45 1\/3","value":"EU 45 1\/3","price":"","pimage":"","pimage_id":"","pthumb":"","color":""},{"label":"46","value":"EU 46","price":"","pimage":"","pimage_id":"","pthumb":"","color":""},{"label":"46 2\/3","value":"EU 46 2\/3","price":"","pimage":"","pimage_id":"","pthumb":"","color":""},{"label":"47 1\/3","value":"EU 47 1\/3","price":"","pimage":"","pimage_id":"","pthumb":"","color":""}],"relations":[{"operator":false,"rules":[]}],"form_id":24802,"form_rules":{"pric_cal_option_once":false,"exclude_from_discount":false,"pric_use_as_fee":false,"fee_label":"Fee","render_after_acb":false,"disp_hide_options_price":false}}]},"yoast_head":"<!-- This site is optimized with the Yoast SEO plugin v26.5 - https:\/\/yoast.com\/wordpress\/plugins\/seo\/ -->\n<title>(Preschool) adidas Yeezy Boost 350 V2 &#039;Bred&#039; - Loftrunway<\/title>\n<meta name=\"robots\" content=\"index, follow, max-snippet:-1, max-image-preview:large, max-video-preview:-1\" \/>\n<link rel=\"canonical\" href=\"https:\/\/loftrunway.com\/de\/products\/preschool-adidas-yeezy-boost-350-v2-bred\/\" \/>\n<meta property=\"og:locale\" content=\"de_DE\" \/>\n<meta property=\"og:type\" content=\"article\" \/>\n<meta property=\"og:title\" content=\"(Preschool) adidas Yeezy Boost 350 V2 &#039;Bred&#039; - Loftrunway\" \/>\n<meta property=\"og:description\" content=\"Wir pr\u00e4sentieren den adidas Yeezy Boost 350 V2 Kids Bred (PS), einen schicken und stylischen Schuh f\u00fcr Vorschulkinder. Dieser von adidas designte Schuh besticht durch sein trendiges Schwarz und ist perfekt f\u00fcr kleine Fashionistas. Dank der Boost-Technologie bietet er au\u00dfergew\u00f6hnlichen Tragekomfort und Halt &#8211; den ganzen Tag lang. Hol deinem Kind ein Paar dieser adidas [&hellip;]\" \/>\n<meta property=\"og:url\" content=\"https:\/\/loftrunway.com\/de\/products\/preschool-adidas-yeezy-boost-350-v2-bred\/\" \/>\n<meta property=\"og:site_name\" content=\"loftRUN Sneaker Store\" \/>\n<meta property=\"article:modified_time\" content=\"2026-04-03T12:49:22+00:00\" \/>\n<meta name=\"twitter:card\" content=\"summary_large_image\" \/>\n<meta name=\"twitter:image\" content=\"https:\/\/images.novelship.com\/product\/_preschool__adidas_yeezy_boost_350_v2__bred__gz865_0_95499.jpeg\" \/>\n<script type=\"application\/ld+json\" class=\"yoast-schema-graph\">{\"@context\":\"https:\/\/schema.org\",\"@graph\":[{\"@type\":\"WebPage\",\"@id\":\"https:\/\/loftrunway.com\/de\/products\/preschool-adidas-yeezy-boost-350-v2-bred\/\",\"url\":\"https:\/\/loftrunway.com\/de\/products\/preschool-adidas-yeezy-boost-350-v2-bred\/\",\"name\":\"(Preschool) adidas Yeezy Boost 350 V2 'Bred' - Loftrunway\",\"isPartOf\":{\"@id\":\"https:\/\/loftrunway.com\/de\/#website\"},\"primaryImageOfPage\":{\"@id\":\"https:\/\/loftrunway.com\/de\/products\/preschool-adidas-yeezy-boost-350-v2-bred\/#primaryimage\"},\"image\":{\"@id\":\"https:\/\/loftrunway.com\/de\/products\/preschool-adidas-yeezy-boost-350-v2-bred\/#primaryimage\"},\"thumbnailUrl\":\"https:\/\/images.novelship.com\/product\/_preschool__adidas_yeezy_boost_350_v2__bred__gz865_0_95499.jpeg\",\"datePublished\":\"2026-03-22T04:55:47+00:00\",\"dateModified\":\"2026-04-03T12:49:22+00:00\",\"breadcrumb\":{\"@id\":\"https:\/\/loftrunway.com\/de\/products\/preschool-adidas-yeezy-boost-350-v2-bred\/#breadcrumb\"},\"inLanguage\":\"de\",\"potentialAction\":[{\"@type\":\"ReadAction\",\"target\":[\"https:\/\/loftrunway.com\/de\/products\/preschool-adidas-yeezy-boost-350-v2-bred\/\"]}]},{\"@type\":\"ImageObject\",\"inLanguage\":\"de\",\"@id\":\"https:\/\/loftrunway.com\/de\/products\/preschool-adidas-yeezy-boost-350-v2-bred\/#primaryimage\",\"url\":\"https:\/\/images.novelship.com\/product\/_preschool__adidas_yeezy_boost_350_v2__bred__gz865_0_95499.jpeg\",\"contentUrl\":\"https:\/\/images.novelship.com\/product\/_preschool__adidas_yeezy_boost_350_v2__bred__gz865_0_95499.jpeg\"},{\"@type\":\"BreadcrumbList\",\"@id\":\"https:\/\/loftrunway.com\/de\/products\/preschool-adidas-yeezy-boost-350-v2-bred\/#breadcrumb\",\"itemListElement\":[{\"@type\":\"ListItem\",\"position\":1,\"name\":\"Home\",\"item\":\"https:\/\/loftrunway.com\/de\/\"},{\"@type\":\"ListItem\",\"position\":2,\"name\":\"Shop\",\"item\":\"https:\/\/loftrunway.com\/de\/shop\/\"},{\"@type\":\"ListItem\",\"position\":3,\"name\":\"(Preschool) adidas Yeezy Boost 350 V2 &#8218;Bred&#8216;\"}]},{\"@type\":\"WebSite\",\"@id\":\"https:\/\/loftrunway.com\/de\/#website\",\"url\":\"https:\/\/loftrunway.com\/de\/\",\"name\":\"Styloral Jewelry Shop\",\"description\":\"Der Ort, an dem man alle Arten von Sneakern findet\",\"publisher\":{\"@id\":\"https:\/\/loftrunway.com\/de\/#organization\"},\"potentialAction\":[{\"@type\":\"SearchAction\",\"target\":{\"@type\":\"EntryPoint\",\"urlTemplate\":\"https:\/\/loftrunway.com\/de\/?s={search_term_string}\"},\"query-input\":{\"@type\":\"PropertyValueSpecification\",\"valueRequired\":true,\"valueName\":\"search_term_string\"}}],\"inLanguage\":\"de\"},{\"@type\":\"Organization\",\"@id\":\"https:\/\/loftrunway.com\/de\/#organization\",\"name\":\"STYLORAL PTE. LTD\",\"url\":\"https:\/\/loftrunway.com\/de\/\",\"logo\":{\"@type\":\"ImageObject\",\"inLanguage\":\"de\",\"@id\":\"https:\/\/loftrunway.com\/de\/#\/schema\/logo\/image\/\",\"url\":\"https:\/\/www.loftrunway.com\/wp-content\/uploads\/2025\/12\/logo.png\",\"contentUrl\":\"https:\/\/www.loftrunway.com\/wp-content\/uploads\/2025\/12\/logo.png\",\"width\":200,\"height\":65,\"caption\":\"STYLORAL PTE. LTD\"},\"image\":{\"@id\":\"https:\/\/loftrunway.com\/de\/#\/schema\/logo\/image\/\"}}]}<\/script>\n<!-- \/ Yoast SEO plugin. -->","yoast_head_json":{"title":"(Preschool) adidas Yeezy Boost 350 V2 'Bred' - Loftrunway","robots":{"index":"index","follow":"follow","max-snippet":"max-snippet:-1","max-image-preview":"max-image-preview:large","max-video-preview":"max-video-preview:-1"},"canonical":"https:\/\/loftrunway.com\/de\/products\/preschool-adidas-yeezy-boost-350-v2-bred\/","og_locale":"de_DE","og_type":"article","og_title":"(Preschool) adidas Yeezy Boost 350 V2 'Bred' - Loftrunway","og_description":"Wir pr\u00e4sentieren den adidas Yeezy Boost 350 V2 Kids Bred (PS), einen schicken und stylischen Schuh f\u00fcr Vorschulkinder. Dieser von adidas designte Schuh besticht durch sein trendiges Schwarz und ist perfekt f\u00fcr kleine Fashionistas. Dank der Boost-Technologie bietet er au\u00dfergew\u00f6hnlichen Tragekomfort und Halt &#8211; den ganzen Tag lang. Hol deinem Kind ein Paar dieser adidas [&hellip;]","og_url":"https:\/\/loftrunway.com\/de\/products\/preschool-adidas-yeezy-boost-350-v2-bred\/","og_site_name":"loftRUN Sneaker Store","article_modified_time":"2026-04-03T12:49:22+00:00","twitter_card":"summary_large_image","twitter_image":"https:\/\/images.novelship.com\/product\/_preschool__adidas_yeezy_boost_350_v2__bred__gz865_0_95499.jpeg","schema":{"@context":"https:\/\/schema.org","@graph":[{"@type":"WebPage","@id":"https:\/\/loftrunway.com\/de\/products\/preschool-adidas-yeezy-boost-350-v2-bred\/","url":"https:\/\/loftrunway.com\/de\/products\/preschool-adidas-yeezy-boost-350-v2-bred\/","name":"(Preschool) adidas Yeezy Boost 350 V2 'Bred' - Loftrunway","isPartOf":{"@id":"https:\/\/loftrunway.com\/de\/#website"},"primaryImageOfPage":{"@id":"https:\/\/loftrunway.com\/de\/products\/preschool-adidas-yeezy-boost-350-v2-bred\/#primaryimage"},"image":{"@id":"https:\/\/loftrunway.com\/de\/products\/preschool-adidas-yeezy-boost-350-v2-bred\/#primaryimage"},"thumbnailUrl":"https:\/\/images.novelship.com\/product\/_preschool__adidas_yeezy_boost_350_v2__bred__gz865_0_95499.jpeg","datePublished":"2026-03-22T04:55:47+00:00","dateModified":"2026-04-03T12:49:22+00:00","breadcrumb":{"@id":"https:\/\/loftrunway.com\/de\/products\/preschool-adidas-yeezy-boost-350-v2-bred\/#breadcrumb"},"inLanguage":"de","potentialAction":[{"@type":"ReadAction","target":["https:\/\/loftrunway.com\/de\/products\/preschool-adidas-yeezy-boost-350-v2-bred\/"]}]},{"@type":"ImageObject","inLanguage":"de","@id":"https:\/\/loftrunway.com\/de\/products\/preschool-adidas-yeezy-boost-350-v2-bred\/#primaryimage","url":"https:\/\/images.novelship.com\/product\/_preschool__adidas_yeezy_boost_350_v2__bred__gz865_0_95499.jpeg","contentUrl":"https:\/\/images.novelship.com\/product\/_preschool__adidas_yeezy_boost_350_v2__bred__gz865_0_95499.jpeg"},{"@type":"BreadcrumbList","@id":"https:\/\/loftrunway.com\/de\/products\/preschool-adidas-yeezy-boost-350-v2-bred\/#breadcrumb","itemListElement":[{"@type":"ListItem","position":1,"name":"Home","item":"https:\/\/loftrunway.com\/de\/"},{"@type":"ListItem","position":2,"name":"Shop","item":"https:\/\/loftrunway.com\/de\/shop\/"},{"@type":"ListItem","position":3,"name":"(Preschool) adidas Yeezy Boost 350 V2 &#8218;Bred&#8216;"}]},{"@type":"WebSite","@id":"https:\/\/loftrunway.com\/de\/#website","url":"https:\/\/loftrunway.com\/de\/","name":"Styloral Jewelry Shop","description":"Der Ort, an dem man alle Arten von Sneakern findet","publisher":{"@id":"https:\/\/loftrunway.com\/de\/#organization"},"potentialAction":[{"@type":"SearchAction","target":{"@type":"EntryPoint","urlTemplate":"https:\/\/loftrunway.com\/de\/?s={search_term_string}"},"query-input":{"@type":"PropertyValueSpecification","valueRequired":true,"valueName":"search_term_string"}}],"inLanguage":"de"},{"@type":"Organization","@id":"https:\/\/loftrunway.com\/de\/#organization","name":"STYLORAL PTE. LTD","url":"https:\/\/loftrunway.com\/de\/","logo":{"@type":"ImageObject","inLanguage":"de","@id":"https:\/\/loftrunway.com\/de\/#\/schema\/logo\/image\/","url":"https:\/\/www.loftrunway.com\/wp-content\/uploads\/2025\/12\/logo.png","contentUrl":"https:\/\/www.loftrunway.com\/wp-content\/uploads\/2025\/12\/logo.png","width":200,"height":65,"caption":"STYLORAL PTE. LTD"},"image":{"@id":"https:\/\/loftrunway.com\/de\/#\/schema\/logo\/image\/"}}]}},"_links":{"self":[{"href":"https:\/\/loftrunway.com\/de\/wp-json\/wp\/v2\/product\/194740","targetHints":{"allow":["GET"]}}],"collection":[{"href":"https:\/\/loftrunway.com\/de\/wp-json\/wp\/v2\/product"}],"about":[{"href":"https:\/\/loftrunway.com\/de\/wp-json\/wp\/v2\/types\/product"}],"replies":[{"embeddable":true,"href":"https:\/\/loftrunway.com\/de\/wp-json\/wp\/v2\/comments?post=194740"}],"wp:featuredmedia":[{"embeddable":true,"href":"https:\/\/loftrunway.com\/de\/wp-json\/wp\/v2\/media\/194741"}],"wp:attachment":[{"href":"https:\/\/loftrunway.com\/de\/wp-json\/wp\/v2\/media?parent=194740"}],"wp:term":[{"taxonomy":"product_brand","embeddable":true,"href":"https:\/\/loftrunway.com\/de\/wp-json\/wp\/v2\/product_brand?post=194740"},{"taxonomy":"product_cat","embeddable":true,"href":"https:\/\/loftrunway.com\/de\/wp-json\/wp\/v2\/product_cat?post=194740"},{"taxonomy":"product_tag","embeddable":true,"href":"https:\/\/loftrunway.com\/de\/wp-json\/wp\/v2\/product_tag?post=194740"}],"curies":[{"name":"wp","href":"https:\/\/api.w.org\/{rel}","templated":true}]}}