{"id":19483,"date":"2026-02-25T17:25:55","date_gmt":"2026-02-25T10:25:55","guid":{"rendered":"http:\/\/loftrunway.com\/product\/adidas-wmns-terrex-skychaser-ax5-mid-gore-tex-carbon-black"},"modified":"2026-04-02T14:23:59","modified_gmt":"2026-04-02T07:23:59","slug":"adidas-wmns-terrex-skychaser-ax5-mid-gore-tex-carbon-black","status":"publish","type":"product","link":"https:\/\/loftrunway.com\/de\/products\/adidas-wmns-terrex-skychaser-ax5-mid-gore-tex-carbon-black\/","title":{"rendered":"Adidas Wmns Terrex Skychaser AX5 Mid GORE-TEX &#8218;Carbon Black&#8216;"},"content":{"rendered":"<p>Erobere die Welt mit den Adidas Terrex Skychaser AX5 Mid GORE-TEX Wanderschuhen. Diese Schuhe wurden f\u00fcr Frauen entwickelt, die die Natur lieben, und bieten unvergleichlichen Komfort und Stabilit\u00e4t. Die GORE-TEX-Membran garantiert wasserdichten Schutz, w\u00e4hrend das robuste Design in Carbon\/Core Black\/Semi Flash Aqua Stil und Performance vereint. Die Skychaser AX5 Serie ist perfekt f\u00fcr anspruchsvolles Gel\u00e4nde geeignet und bietet bei jedem Schritt ein leichtes und reaktionsfreudiges Laufgef\u00fchl, damit du Trails souver\u00e4n bew\u00e4ltigst. Erlebe Wandern auf einem neuen Level mit diesem Schuhwerk, das Innovation und Langlebigkeit vereint.<\/p>\n<p>Farbe: Carbon\/Core Black\/Semi Flash Aqua<br \/>\nArtikelnummer: JQ2219<br \/>\nObermaterial: Textil<br \/>\nZwischensohle: Lightstrike<br \/>\nFarbe: Schwarz<\/p>\n","protected":false},"excerpt":{"rendered":"<p>adidas Terrex Skychaser AX5 Mid \u2014 Carbon\/Core Black\/Semi Flash Aqua<\/p>\n","protected":false},"featured_media":19484,"comment_status":"open","ping_status":"closed","template":"","meta":[],"product_brand":[],"product_cat":[9215,41273],"product_tag":[9470],"class_list":{"0":"post-19483","1":"product","2":"type-product","3":"status-publish","4":"has-post-thumbnail","6":"product_cat-adidas-2026","7":"product_cat-remove","8":"product_tag-jq22195","9":"wcpa_has_options","11":"first","12":"instock","13":"taxable","14":"shipping-taxable","15":"purchasable","16":"product-type-simple"},"wcpa_form_fields":{"rules":{"pric_overide_base_price":false,"pric_overide_base_price_if_gt_zero":false,"pric_overide_base_price_fully":false,"pric_cal_option_once":false,"pric_use_as_fee":false,"bind_quantity":false,"quantity_bind_formula":false},"fields":[{"type":"color-group","required":true,"elementId":"wcpa-color-group-66c4a7f817afe","label":"Gr\u00f6\u00dfe","inline":true,"priceOptions":"different_for_all","pricingType":"fixed","className":"hassizechart product-shoes-size-eu product-shoes-size","name":"color-group-66c4a7f817b18","disp_type":"square","selection_type":"tick-border","disp_size":"50","show_label_inside":true,"adjust_width":true,"cart_display_type":"text","other_text":"Other","cl_rule":"show","col":6,"values":[{"label":"35","value":"EU 35","price":"","pimage":"","pimage_id":"","pthumb":"","color":""},{"label":"35.5","value":"EU 35.5","price":"","pimage":"","pimage_id":"","pthumb":"","color":""},{"label":"36","value":"EU 36","price":"","pimage":"","pimage_id":"","pthumb":"","color":"","selected":true},{"label":"36 2\/3","value":"EU 36 2\/3","price":"","pimage":"","pimage_id":"","pthumb":"","color":""},{"label":"37 1\/3","value":"EU 37 1\/3","price":"","pimage":"","pimage_id":"","pthumb":"","color":""},{"label":"38","value":"EU 38","price":"","pimage":"","pimage_id":"","pthumb":"","color":""},{"label":"38 2\/3","value":"EU 38 2\/3","price":"","pimage":"","pimage_id":"","pthumb":"","color":""},{"label":"39 1\/3","value":"EU 39 1\/3","price":"","pimage":"","pimage_id":"","pthumb":"","color":""},{"label":"40","value":"EU 40","price":"","pimage":"","pimage_id":"","pthumb":"","color":""},{"label":"40 2\/3","value":"EU 40 2\/3","price":"","pimage":"","pimage_id":"","pthumb":"","color":""},{"label":"41 1\/3","value":"EU 41 1\/3","price":"","pimage":"","pimage_id":"","pthumb":"","color":""},{"label":"42","value":"EU 42","price":"","pimage":"","pimage_id":"","pthumb":"","color":""},{"label":"42 2\/3","value":"EU 42 2\/3","price":"","pimage":"","pimage_id":"","pthumb":"","color":""},{"label":"43 1\/3","value":"EU 43 1\/3","price":"","pimage":"","pimage_id":"","pthumb":"","color":""},{"label":"44","value":"EU 44","price":"","pimage":"","pimage_id":"","pthumb":"","color":""},{"label":"44 2\/3","value":"EU 44 2\/3","price":"","pimage":"","pimage_id":"","pthumb":"","color":""},{"label":"45 1\/3","value":"EU 45 1\/3","price":"","pimage":"","pimage_id":"","pthumb":"","color":""},{"label":"46","value":"EU 46","price":"","pimage":"","pimage_id":"","pthumb":"","color":""},{"label":"46 2\/3","value":"EU 46 2\/3","price":"","pimage":"","pimage_id":"","pthumb":"","color":""},{"label":"47 1\/3","value":"EU 47 1\/3","price":"","pimage":"","pimage_id":"","pthumb":"","color":""}],"relations":[{"operator":false,"rules":[]}],"form_id":24802,"form_rules":{"pric_cal_option_once":false,"exclude_from_discount":false,"pric_use_as_fee":false,"fee_label":"Fee","render_after_acb":false,"disp_hide_options_price":false}}]},"yoast_head":"<!-- This site is optimized with the Yoast SEO plugin v26.5 - https:\/\/yoast.com\/wordpress\/plugins\/seo\/ -->\n<title>Adidas Wmns Terrex Skychaser AX5 Mid GORE-TEX &#039;Carbon Black&#039; - Loftrunway<\/title>\n<meta name=\"robots\" content=\"index, follow, max-snippet:-1, max-image-preview:large, max-video-preview:-1\" \/>\n<link rel=\"canonical\" href=\"https:\/\/loftrunway.com\/de\/products\/adidas-wmns-terrex-skychaser-ax5-mid-gore-tex-carbon-black\/\" \/>\n<meta property=\"og:locale\" content=\"de_DE\" \/>\n<meta property=\"og:type\" content=\"article\" \/>\n<meta property=\"og:title\" content=\"Adidas Wmns Terrex Skychaser AX5 Mid GORE-TEX &#039;Carbon Black&#039; - Loftrunway\" \/>\n<meta property=\"og:description\" content=\"adidas Terrex Skychaser AX5 Mid \u2014 Carbon\/Core Black\/Semi Flash Aqua\" \/>\n<meta property=\"og:url\" content=\"https:\/\/loftrunway.com\/de\/products\/adidas-wmns-terrex-skychaser-ax5-mid-gore-tex-carbon-black\/\" \/>\n<meta property=\"og:site_name\" content=\"loftRUN Sneaker Store\" \/>\n<meta property=\"article:modified_time\" content=\"2026-04-02T07:23:59+00:00\" \/>\n<meta name=\"twitter:card\" content=\"summary_large_image\" \/>\n<meta name=\"twitter:image\" content=\"https:\/\/images.novelship.com\/product\/_women__adidas_terrex_skychaser_ax5_mid_gore-tex_h_0_65542.jpeg\" \/>\n<meta name=\"twitter:label1\" content=\"Gesch\u00e4tzte Lesezeit\" \/>\n\t<meta name=\"twitter:data1\" content=\"1\u00a0Minute\" \/>\n<script type=\"application\/ld+json\" class=\"yoast-schema-graph\">{\"@context\":\"https:\/\/schema.org\",\"@graph\":[{\"@type\":\"WebPage\",\"@id\":\"https:\/\/loftrunway.com\/de\/products\/adidas-wmns-terrex-skychaser-ax5-mid-gore-tex-carbon-black\/\",\"url\":\"https:\/\/loftrunway.com\/de\/products\/adidas-wmns-terrex-skychaser-ax5-mid-gore-tex-carbon-black\/\",\"name\":\"Adidas Wmns Terrex Skychaser AX5 Mid GORE-TEX 'Carbon Black' - Loftrunway\",\"isPartOf\":{\"@id\":\"https:\/\/loftrunway.com\/de\/#website\"},\"primaryImageOfPage\":{\"@id\":\"https:\/\/loftrunway.com\/de\/products\/adidas-wmns-terrex-skychaser-ax5-mid-gore-tex-carbon-black\/#primaryimage\"},\"image\":{\"@id\":\"https:\/\/loftrunway.com\/de\/products\/adidas-wmns-terrex-skychaser-ax5-mid-gore-tex-carbon-black\/#primaryimage\"},\"thumbnailUrl\":\"https:\/\/images.novelship.com\/product\/_women__adidas_terrex_skychaser_ax5_mid_gore-tex_h_0_65542.jpeg\",\"datePublished\":\"2026-02-25T10:25:55+00:00\",\"dateModified\":\"2026-04-02T07:23:59+00:00\",\"breadcrumb\":{\"@id\":\"https:\/\/loftrunway.com\/de\/products\/adidas-wmns-terrex-skychaser-ax5-mid-gore-tex-carbon-black\/#breadcrumb\"},\"inLanguage\":\"de\",\"potentialAction\":[{\"@type\":\"ReadAction\",\"target\":[\"https:\/\/loftrunway.com\/de\/products\/adidas-wmns-terrex-skychaser-ax5-mid-gore-tex-carbon-black\/\"]}]},{\"@type\":\"ImageObject\",\"inLanguage\":\"de\",\"@id\":\"https:\/\/loftrunway.com\/de\/products\/adidas-wmns-terrex-skychaser-ax5-mid-gore-tex-carbon-black\/#primaryimage\",\"url\":\"https:\/\/images.novelship.com\/product\/_women__adidas_terrex_skychaser_ax5_mid_gore-tex_h_0_65542.jpeg\",\"contentUrl\":\"https:\/\/images.novelship.com\/product\/_women__adidas_terrex_skychaser_ax5_mid_gore-tex_h_0_65542.jpeg\"},{\"@type\":\"BreadcrumbList\",\"@id\":\"https:\/\/loftrunway.com\/de\/products\/adidas-wmns-terrex-skychaser-ax5-mid-gore-tex-carbon-black\/#breadcrumb\",\"itemListElement\":[{\"@type\":\"ListItem\",\"position\":1,\"name\":\"Home\",\"item\":\"https:\/\/loftrunway.com\/de\/\"},{\"@type\":\"ListItem\",\"position\":2,\"name\":\"Shop\",\"item\":\"https:\/\/loftrunway.com\/de\/shop\/\"},{\"@type\":\"ListItem\",\"position\":3,\"name\":\"Adidas Wmns Terrex Skychaser AX5 Mid GORE-TEX &#8218;Carbon Black&#8216;\"}]},{\"@type\":\"WebSite\",\"@id\":\"https:\/\/loftrunway.com\/de\/#website\",\"url\":\"https:\/\/loftrunway.com\/de\/\",\"name\":\"Styloral Jewelry Shop\",\"description\":\"Der Ort, an dem man alle Arten von Sneakern findet\",\"publisher\":{\"@id\":\"https:\/\/loftrunway.com\/de\/#organization\"},\"potentialAction\":[{\"@type\":\"SearchAction\",\"target\":{\"@type\":\"EntryPoint\",\"urlTemplate\":\"https:\/\/loftrunway.com\/de\/?s={search_term_string}\"},\"query-input\":{\"@type\":\"PropertyValueSpecification\",\"valueRequired\":true,\"valueName\":\"search_term_string\"}}],\"inLanguage\":\"de\"},{\"@type\":\"Organization\",\"@id\":\"https:\/\/loftrunway.com\/de\/#organization\",\"name\":\"STYLORAL PTE. LTD\",\"url\":\"https:\/\/loftrunway.com\/de\/\",\"logo\":{\"@type\":\"ImageObject\",\"inLanguage\":\"de\",\"@id\":\"https:\/\/loftrunway.com\/de\/#\/schema\/logo\/image\/\",\"url\":\"https:\/\/www.loftrunway.com\/wp-content\/uploads\/2025\/12\/logo.png\",\"contentUrl\":\"https:\/\/www.loftrunway.com\/wp-content\/uploads\/2025\/12\/logo.png\",\"width\":200,\"height\":65,\"caption\":\"STYLORAL PTE. LTD\"},\"image\":{\"@id\":\"https:\/\/loftrunway.com\/de\/#\/schema\/logo\/image\/\"}}]}<\/script>\n<!-- \/ Yoast SEO plugin. -->","yoast_head_json":{"title":"Adidas Wmns Terrex Skychaser AX5 Mid GORE-TEX 'Carbon Black' - Loftrunway","robots":{"index":"index","follow":"follow","max-snippet":"max-snippet:-1","max-image-preview":"max-image-preview:large","max-video-preview":"max-video-preview:-1"},"canonical":"https:\/\/loftrunway.com\/de\/products\/adidas-wmns-terrex-skychaser-ax5-mid-gore-tex-carbon-black\/","og_locale":"de_DE","og_type":"article","og_title":"Adidas Wmns Terrex Skychaser AX5 Mid GORE-TEX 'Carbon Black' - Loftrunway","og_description":"adidas Terrex Skychaser AX5 Mid \u2014 Carbon\/Core Black\/Semi Flash Aqua","og_url":"https:\/\/loftrunway.com\/de\/products\/adidas-wmns-terrex-skychaser-ax5-mid-gore-tex-carbon-black\/","og_site_name":"loftRUN Sneaker Store","article_modified_time":"2026-04-02T07:23:59+00:00","twitter_card":"summary_large_image","twitter_image":"https:\/\/images.novelship.com\/product\/_women__adidas_terrex_skychaser_ax5_mid_gore-tex_h_0_65542.jpeg","twitter_misc":{"Gesch\u00e4tzte Lesezeit":"1\u00a0Minute"},"schema":{"@context":"https:\/\/schema.org","@graph":[{"@type":"WebPage","@id":"https:\/\/loftrunway.com\/de\/products\/adidas-wmns-terrex-skychaser-ax5-mid-gore-tex-carbon-black\/","url":"https:\/\/loftrunway.com\/de\/products\/adidas-wmns-terrex-skychaser-ax5-mid-gore-tex-carbon-black\/","name":"Adidas Wmns Terrex Skychaser AX5 Mid GORE-TEX 'Carbon Black' - Loftrunway","isPartOf":{"@id":"https:\/\/loftrunway.com\/de\/#website"},"primaryImageOfPage":{"@id":"https:\/\/loftrunway.com\/de\/products\/adidas-wmns-terrex-skychaser-ax5-mid-gore-tex-carbon-black\/#primaryimage"},"image":{"@id":"https:\/\/loftrunway.com\/de\/products\/adidas-wmns-terrex-skychaser-ax5-mid-gore-tex-carbon-black\/#primaryimage"},"thumbnailUrl":"https:\/\/images.novelship.com\/product\/_women__adidas_terrex_skychaser_ax5_mid_gore-tex_h_0_65542.jpeg","datePublished":"2026-02-25T10:25:55+00:00","dateModified":"2026-04-02T07:23:59+00:00","breadcrumb":{"@id":"https:\/\/loftrunway.com\/de\/products\/adidas-wmns-terrex-skychaser-ax5-mid-gore-tex-carbon-black\/#breadcrumb"},"inLanguage":"de","potentialAction":[{"@type":"ReadAction","target":["https:\/\/loftrunway.com\/de\/products\/adidas-wmns-terrex-skychaser-ax5-mid-gore-tex-carbon-black\/"]}]},{"@type":"ImageObject","inLanguage":"de","@id":"https:\/\/loftrunway.com\/de\/products\/adidas-wmns-terrex-skychaser-ax5-mid-gore-tex-carbon-black\/#primaryimage","url":"https:\/\/images.novelship.com\/product\/_women__adidas_terrex_skychaser_ax5_mid_gore-tex_h_0_65542.jpeg","contentUrl":"https:\/\/images.novelship.com\/product\/_women__adidas_terrex_skychaser_ax5_mid_gore-tex_h_0_65542.jpeg"},{"@type":"BreadcrumbList","@id":"https:\/\/loftrunway.com\/de\/products\/adidas-wmns-terrex-skychaser-ax5-mid-gore-tex-carbon-black\/#breadcrumb","itemListElement":[{"@type":"ListItem","position":1,"name":"Home","item":"https:\/\/loftrunway.com\/de\/"},{"@type":"ListItem","position":2,"name":"Shop","item":"https:\/\/loftrunway.com\/de\/shop\/"},{"@type":"ListItem","position":3,"name":"Adidas Wmns Terrex Skychaser AX5 Mid GORE-TEX &#8218;Carbon Black&#8216;"}]},{"@type":"WebSite","@id":"https:\/\/loftrunway.com\/de\/#website","url":"https:\/\/loftrunway.com\/de\/","name":"Styloral Jewelry Shop","description":"Der Ort, an dem man alle Arten von Sneakern findet","publisher":{"@id":"https:\/\/loftrunway.com\/de\/#organization"},"potentialAction":[{"@type":"SearchAction","target":{"@type":"EntryPoint","urlTemplate":"https:\/\/loftrunway.com\/de\/?s={search_term_string}"},"query-input":{"@type":"PropertyValueSpecification","valueRequired":true,"valueName":"search_term_string"}}],"inLanguage":"de"},{"@type":"Organization","@id":"https:\/\/loftrunway.com\/de\/#organization","name":"STYLORAL PTE. LTD","url":"https:\/\/loftrunway.com\/de\/","logo":{"@type":"ImageObject","inLanguage":"de","@id":"https:\/\/loftrunway.com\/de\/#\/schema\/logo\/image\/","url":"https:\/\/www.loftrunway.com\/wp-content\/uploads\/2025\/12\/logo.png","contentUrl":"https:\/\/www.loftrunway.com\/wp-content\/uploads\/2025\/12\/logo.png","width":200,"height":65,"caption":"STYLORAL PTE. LTD"},"image":{"@id":"https:\/\/loftrunway.com\/de\/#\/schema\/logo\/image\/"}}]}},"_links":{"self":[{"href":"https:\/\/loftrunway.com\/de\/wp-json\/wp\/v2\/product\/19483","targetHints":{"allow":["GET"]}}],"collection":[{"href":"https:\/\/loftrunway.com\/de\/wp-json\/wp\/v2\/product"}],"about":[{"href":"https:\/\/loftrunway.com\/de\/wp-json\/wp\/v2\/types\/product"}],"replies":[{"embeddable":true,"href":"https:\/\/loftrunway.com\/de\/wp-json\/wp\/v2\/comments?post=19483"}],"wp:featuredmedia":[{"embeddable":true,"href":"https:\/\/loftrunway.com\/de\/wp-json\/wp\/v2\/media\/19484"}],"wp:attachment":[{"href":"https:\/\/loftrunway.com\/de\/wp-json\/wp\/v2\/media?parent=19483"}],"wp:term":[{"taxonomy":"product_brand","embeddable":true,"href":"https:\/\/loftrunway.com\/de\/wp-json\/wp\/v2\/product_brand?post=19483"},{"taxonomy":"product_cat","embeddable":true,"href":"https:\/\/loftrunway.com\/de\/wp-json\/wp\/v2\/product_cat?post=19483"},{"taxonomy":"product_tag","embeddable":true,"href":"https:\/\/loftrunway.com\/de\/wp-json\/wp\/v2\/product_tag?post=19483"}],"curies":[{"name":"wp","href":"https:\/\/api.w.org\/{rel}","templated":true}]}}