{"id":194905,"date":"2026-03-22T11:56:00","date_gmt":"2026-03-22T04:56:00","guid":{"rendered":"https:\/\/loftrunway.com\/product\/notitle-x-adidas-samba-og-cow-print"},"modified":"2026-04-03T19:49:25","modified_gmt":"2026-04-03T12:49:25","slug":"notitle-x-adidas-samba-og-cow-print","status":"publish","type":"product","link":"https:\/\/loftrunway.com\/de\/products\/notitle-x-adidas-samba-og-cow-print\/","title":{"rendered":"notitle x adidas Samba OG &#8218;Cow Print&#8216;"},"content":{"rendered":"<p>Mit dem adidas Samba OG &#8218;Cow Print&#8216; ID6024 setzt du ein modisches Statement. Diese stylischen Sneaker vereinen die klassische Samba-Silhouette mit einem auff\u00e4lligen Kuhmuster und ziehen \u00fcberall die Blicke auf sich. Gefertigt aus hochwertigen Materialien, bieten sie unvergleichlichen Komfort und Langlebigkeit. Die charakteristische Gummisohle sorgt f\u00fcr optimale Traktion, w\u00e4hrend das lebendige Kuhmuster ein un\u00fcbersehbares Statement setzt. Hol dir mit dem notitle x adidas Samba OG &#8218;Cow Print&#8216; ID6024 ein neues Style-Highlight.<\/p>\n<ul>\n<li><strong>Farbgebung:<\/strong> Braun\/Creme\/Dunkelgummi<\/li>\n<li><strong>Style-Code:<\/strong> ID6024<\/li>\n<li><strong>Obermaterial:<\/strong> Wildleder<\/li>\n<li><strong>Farbe:<\/strong> Braun<\/li>\n<li><strong>Erscheinungsjahr:<\/strong> 2023<\/li>\n<\/ul>\n","protected":false},"excerpt":{"rendered":"<p>Mit dem adidas Samba OG &#8218;Cow Print&#8216; ID6024 setzt du ein modisches Statement. Diese stylischen Sneaker vereinen die klassische Samba-Silhouette mit einem auff\u00e4lligen Kuhmuster und ziehen \u00fcberall die Blicke auf sich. Gefertigt aus hochwertigen Materialien, bieten sie unvergleichlichen Komfort und Langlebigkeit. Die charakteristische Gummisohle sorgt f\u00fcr optimale Traktion, w\u00e4hrend das lebendige Kuhmuster ein un\u00fcbersehbares Statement [&hellip;]<\/p>\n","protected":false},"featured_media":194906,"comment_status":"open","ping_status":"closed","template":"","meta":[],"product_brand":[],"product_cat":[10941],"product_tag":[38839],"class_list":{"0":"post-194905","1":"product","2":"type-product","3":"status-publish","4":"has-post-thumbnail","6":"product_cat-adidas-women","7":"product_tag-instockold","8":"wcpa_has_options","10":"first","11":"instock","12":"taxable","13":"shipping-taxable","14":"purchasable","15":"product-type-simple"},"wcpa_form_fields":{"rules":{"pric_overide_base_price":false,"pric_overide_base_price_if_gt_zero":false,"pric_overide_base_price_fully":false,"pric_cal_option_once":false,"pric_use_as_fee":false,"bind_quantity":false,"quantity_bind_formula":false},"fields":[{"type":"color-group","required":true,"elementId":"wcpa-color-group-66c4a7f817afe","label":"Gr\u00f6\u00dfe","inline":true,"priceOptions":"different_for_all","pricingType":"fixed","className":"hassizechart product-shoes-size-eu product-shoes-size","name":"color-group-66c4a7f817b18","disp_type":"square","selection_type":"tick-border","disp_size":"50","show_label_inside":true,"adjust_width":true,"cart_display_type":"text","other_text":"Other","cl_rule":"show","col":6,"values":[{"label":"35","value":"EU 35","price":"","pimage":"","pimage_id":"","pthumb":"","color":""},{"label":"35.5","value":"EU 35.5","price":"","pimage":"","pimage_id":"","pthumb":"","color":""},{"label":"36","value":"EU 36","price":"","pimage":"","pimage_id":"","pthumb":"","color":"","selected":true},{"label":"36 2\/3","value":"EU 36 2\/3","price":"","pimage":"","pimage_id":"","pthumb":"","color":""},{"label":"37 1\/3","value":"EU 37 1\/3","price":"","pimage":"","pimage_id":"","pthumb":"","color":""},{"label":"38","value":"EU 38","price":"","pimage":"","pimage_id":"","pthumb":"","color":""},{"label":"38 2\/3","value":"EU 38 2\/3","price":"","pimage":"","pimage_id":"","pthumb":"","color":""},{"label":"39 1\/3","value":"EU 39 1\/3","price":"","pimage":"","pimage_id":"","pthumb":"","color":""},{"label":"40","value":"EU 40","price":"","pimage":"","pimage_id":"","pthumb":"","color":""},{"label":"40 2\/3","value":"EU 40 2\/3","price":"","pimage":"","pimage_id":"","pthumb":"","color":""},{"label":"41 1\/3","value":"EU 41 1\/3","price":"","pimage":"","pimage_id":"","pthumb":"","color":""},{"label":"42","value":"EU 42","price":"","pimage":"","pimage_id":"","pthumb":"","color":""},{"label":"42 2\/3","value":"EU 42 2\/3","price":"","pimage":"","pimage_id":"","pthumb":"","color":""},{"label":"43 1\/3","value":"EU 43 1\/3","price":"","pimage":"","pimage_id":"","pthumb":"","color":""},{"label":"44","value":"EU 44","price":"","pimage":"","pimage_id":"","pthumb":"","color":""},{"label":"44 2\/3","value":"EU 44 2\/3","price":"","pimage":"","pimage_id":"","pthumb":"","color":""},{"label":"45 1\/3","value":"EU 45 1\/3","price":"","pimage":"","pimage_id":"","pthumb":"","color":""},{"label":"46","value":"EU 46","price":"","pimage":"","pimage_id":"","pthumb":"","color":""},{"label":"46 2\/3","value":"EU 46 2\/3","price":"","pimage":"","pimage_id":"","pthumb":"","color":""},{"label":"47 1\/3","value":"EU 47 1\/3","price":"","pimage":"","pimage_id":"","pthumb":"","color":""}],"relations":[{"operator":false,"rules":[]}],"form_id":24802,"form_rules":{"pric_cal_option_once":false,"exclude_from_discount":false,"pric_use_as_fee":false,"fee_label":"Fee","render_after_acb":false,"disp_hide_options_price":false}}]},"yoast_head":"<!-- This site is optimized with the Yoast SEO plugin v26.5 - https:\/\/yoast.com\/wordpress\/plugins\/seo\/ -->\n<title>notitle x adidas Samba OG &#039;Cow Print&#039; - Loftrunway<\/title>\n<meta name=\"robots\" content=\"index, follow, max-snippet:-1, max-image-preview:large, max-video-preview:-1\" \/>\n<link rel=\"canonical\" href=\"https:\/\/loftrunway.com\/de\/products\/notitle-x-adidas-samba-og-cow-print\/\" \/>\n<meta property=\"og:locale\" content=\"de_DE\" \/>\n<meta property=\"og:type\" content=\"article\" \/>\n<meta property=\"og:title\" content=\"notitle x adidas Samba OG &#039;Cow Print&#039; - Loftrunway\" \/>\n<meta property=\"og:description\" content=\"Mit dem adidas Samba OG &#8218;Cow Print&#8216; ID6024 setzt du ein modisches Statement. Diese stylischen Sneaker vereinen die klassische Samba-Silhouette mit einem auff\u00e4lligen Kuhmuster und ziehen \u00fcberall die Blicke auf sich. Gefertigt aus hochwertigen Materialien, bieten sie unvergleichlichen Komfort und Langlebigkeit. Die charakteristische Gummisohle sorgt f\u00fcr optimale Traktion, w\u00e4hrend das lebendige Kuhmuster ein un\u00fcbersehbares Statement [&hellip;]\" \/>\n<meta property=\"og:url\" content=\"https:\/\/loftrunway.com\/de\/products\/notitle-x-adidas-samba-og-cow-print\/\" \/>\n<meta property=\"og:site_name\" content=\"loftRUN Sneaker Store\" \/>\n<meta property=\"article:modified_time\" content=\"2026-04-03T12:49:25+00:00\" \/>\n<meta name=\"twitter:card\" content=\"summary_large_image\" \/>\n<meta name=\"twitter:image\" content=\"https:\/\/images.novelship.com\/product\/notitle_x_adidas_samba_og__cow_print__0_80020.octet-stream\" \/>\n<script type=\"application\/ld+json\" class=\"yoast-schema-graph\">{\"@context\":\"https:\/\/schema.org\",\"@graph\":[{\"@type\":\"WebPage\",\"@id\":\"https:\/\/loftrunway.com\/de\/products\/notitle-x-adidas-samba-og-cow-print\/\",\"url\":\"https:\/\/loftrunway.com\/de\/products\/notitle-x-adidas-samba-og-cow-print\/\",\"name\":\"notitle x adidas Samba OG 'Cow Print' - Loftrunway\",\"isPartOf\":{\"@id\":\"https:\/\/loftrunway.com\/de\/#website\"},\"primaryImageOfPage\":{\"@id\":\"https:\/\/loftrunway.com\/de\/products\/notitle-x-adidas-samba-og-cow-print\/#primaryimage\"},\"image\":{\"@id\":\"https:\/\/loftrunway.com\/de\/products\/notitle-x-adidas-samba-og-cow-print\/#primaryimage\"},\"thumbnailUrl\":\"https:\/\/images.novelship.com\/product\/notitle_x_adidas_samba_og__cow_print__0_80020.octet-stream\",\"datePublished\":\"2026-03-22T04:56:00+00:00\",\"dateModified\":\"2026-04-03T12:49:25+00:00\",\"breadcrumb\":{\"@id\":\"https:\/\/loftrunway.com\/de\/products\/notitle-x-adidas-samba-og-cow-print\/#breadcrumb\"},\"inLanguage\":\"de\",\"potentialAction\":[{\"@type\":\"ReadAction\",\"target\":[\"https:\/\/loftrunway.com\/de\/products\/notitle-x-adidas-samba-og-cow-print\/\"]}]},{\"@type\":\"ImageObject\",\"inLanguage\":\"de\",\"@id\":\"https:\/\/loftrunway.com\/de\/products\/notitle-x-adidas-samba-og-cow-print\/#primaryimage\",\"url\":\"https:\/\/images.novelship.com\/product\/notitle_x_adidas_samba_og__cow_print__0_80020.octet-stream\",\"contentUrl\":\"https:\/\/images.novelship.com\/product\/notitle_x_adidas_samba_og__cow_print__0_80020.octet-stream\"},{\"@type\":\"BreadcrumbList\",\"@id\":\"https:\/\/loftrunway.com\/de\/products\/notitle-x-adidas-samba-og-cow-print\/#breadcrumb\",\"itemListElement\":[{\"@type\":\"ListItem\",\"position\":1,\"name\":\"Home\",\"item\":\"https:\/\/loftrunway.com\/de\/\"},{\"@type\":\"ListItem\",\"position\":2,\"name\":\"Shop\",\"item\":\"https:\/\/loftrunway.com\/de\/shop\/\"},{\"@type\":\"ListItem\",\"position\":3,\"name\":\"notitle x adidas Samba OG &#8218;Cow Print&#8216;\"}]},{\"@type\":\"WebSite\",\"@id\":\"https:\/\/loftrunway.com\/de\/#website\",\"url\":\"https:\/\/loftrunway.com\/de\/\",\"name\":\"Styloral Jewelry Shop\",\"description\":\"Der Ort, an dem man alle Arten von Sneakern findet\",\"publisher\":{\"@id\":\"https:\/\/loftrunway.com\/de\/#organization\"},\"potentialAction\":[{\"@type\":\"SearchAction\",\"target\":{\"@type\":\"EntryPoint\",\"urlTemplate\":\"https:\/\/loftrunway.com\/de\/?s={search_term_string}\"},\"query-input\":{\"@type\":\"PropertyValueSpecification\",\"valueRequired\":true,\"valueName\":\"search_term_string\"}}],\"inLanguage\":\"de\"},{\"@type\":\"Organization\",\"@id\":\"https:\/\/loftrunway.com\/de\/#organization\",\"name\":\"STYLORAL PTE. LTD\",\"url\":\"https:\/\/loftrunway.com\/de\/\",\"logo\":{\"@type\":\"ImageObject\",\"inLanguage\":\"de\",\"@id\":\"https:\/\/loftrunway.com\/de\/#\/schema\/logo\/image\/\",\"url\":\"https:\/\/www.loftrunway.com\/wp-content\/uploads\/2025\/12\/logo.png\",\"contentUrl\":\"https:\/\/www.loftrunway.com\/wp-content\/uploads\/2025\/12\/logo.png\",\"width\":200,\"height\":65,\"caption\":\"STYLORAL PTE. LTD\"},\"image\":{\"@id\":\"https:\/\/loftrunway.com\/de\/#\/schema\/logo\/image\/\"}}]}<\/script>\n<!-- \/ Yoast SEO plugin. -->","yoast_head_json":{"title":"notitle x adidas Samba OG 'Cow Print' - Loftrunway","robots":{"index":"index","follow":"follow","max-snippet":"max-snippet:-1","max-image-preview":"max-image-preview:large","max-video-preview":"max-video-preview:-1"},"canonical":"https:\/\/loftrunway.com\/de\/products\/notitle-x-adidas-samba-og-cow-print\/","og_locale":"de_DE","og_type":"article","og_title":"notitle x adidas Samba OG 'Cow Print' - Loftrunway","og_description":"Mit dem adidas Samba OG &#8218;Cow Print&#8216; ID6024 setzt du ein modisches Statement. Diese stylischen Sneaker vereinen die klassische Samba-Silhouette mit einem auff\u00e4lligen Kuhmuster und ziehen \u00fcberall die Blicke auf sich. Gefertigt aus hochwertigen Materialien, bieten sie unvergleichlichen Komfort und Langlebigkeit. Die charakteristische Gummisohle sorgt f\u00fcr optimale Traktion, w\u00e4hrend das lebendige Kuhmuster ein un\u00fcbersehbares Statement [&hellip;]","og_url":"https:\/\/loftrunway.com\/de\/products\/notitle-x-adidas-samba-og-cow-print\/","og_site_name":"loftRUN Sneaker Store","article_modified_time":"2026-04-03T12:49:25+00:00","twitter_card":"summary_large_image","twitter_image":"https:\/\/images.novelship.com\/product\/notitle_x_adidas_samba_og__cow_print__0_80020.octet-stream","schema":{"@context":"https:\/\/schema.org","@graph":[{"@type":"WebPage","@id":"https:\/\/loftrunway.com\/de\/products\/notitle-x-adidas-samba-og-cow-print\/","url":"https:\/\/loftrunway.com\/de\/products\/notitle-x-adidas-samba-og-cow-print\/","name":"notitle x adidas Samba OG 'Cow Print' - Loftrunway","isPartOf":{"@id":"https:\/\/loftrunway.com\/de\/#website"},"primaryImageOfPage":{"@id":"https:\/\/loftrunway.com\/de\/products\/notitle-x-adidas-samba-og-cow-print\/#primaryimage"},"image":{"@id":"https:\/\/loftrunway.com\/de\/products\/notitle-x-adidas-samba-og-cow-print\/#primaryimage"},"thumbnailUrl":"https:\/\/images.novelship.com\/product\/notitle_x_adidas_samba_og__cow_print__0_80020.octet-stream","datePublished":"2026-03-22T04:56:00+00:00","dateModified":"2026-04-03T12:49:25+00:00","breadcrumb":{"@id":"https:\/\/loftrunway.com\/de\/products\/notitle-x-adidas-samba-og-cow-print\/#breadcrumb"},"inLanguage":"de","potentialAction":[{"@type":"ReadAction","target":["https:\/\/loftrunway.com\/de\/products\/notitle-x-adidas-samba-og-cow-print\/"]}]},{"@type":"ImageObject","inLanguage":"de","@id":"https:\/\/loftrunway.com\/de\/products\/notitle-x-adidas-samba-og-cow-print\/#primaryimage","url":"https:\/\/images.novelship.com\/product\/notitle_x_adidas_samba_og__cow_print__0_80020.octet-stream","contentUrl":"https:\/\/images.novelship.com\/product\/notitle_x_adidas_samba_og__cow_print__0_80020.octet-stream"},{"@type":"BreadcrumbList","@id":"https:\/\/loftrunway.com\/de\/products\/notitle-x-adidas-samba-og-cow-print\/#breadcrumb","itemListElement":[{"@type":"ListItem","position":1,"name":"Home","item":"https:\/\/loftrunway.com\/de\/"},{"@type":"ListItem","position":2,"name":"Shop","item":"https:\/\/loftrunway.com\/de\/shop\/"},{"@type":"ListItem","position":3,"name":"notitle x adidas Samba OG &#8218;Cow Print&#8216;"}]},{"@type":"WebSite","@id":"https:\/\/loftrunway.com\/de\/#website","url":"https:\/\/loftrunway.com\/de\/","name":"Styloral Jewelry Shop","description":"Der Ort, an dem man alle Arten von Sneakern findet","publisher":{"@id":"https:\/\/loftrunway.com\/de\/#organization"},"potentialAction":[{"@type":"SearchAction","target":{"@type":"EntryPoint","urlTemplate":"https:\/\/loftrunway.com\/de\/?s={search_term_string}"},"query-input":{"@type":"PropertyValueSpecification","valueRequired":true,"valueName":"search_term_string"}}],"inLanguage":"de"},{"@type":"Organization","@id":"https:\/\/loftrunway.com\/de\/#organization","name":"STYLORAL PTE. LTD","url":"https:\/\/loftrunway.com\/de\/","logo":{"@type":"ImageObject","inLanguage":"de","@id":"https:\/\/loftrunway.com\/de\/#\/schema\/logo\/image\/","url":"https:\/\/www.loftrunway.com\/wp-content\/uploads\/2025\/12\/logo.png","contentUrl":"https:\/\/www.loftrunway.com\/wp-content\/uploads\/2025\/12\/logo.png","width":200,"height":65,"caption":"STYLORAL PTE. LTD"},"image":{"@id":"https:\/\/loftrunway.com\/de\/#\/schema\/logo\/image\/"}}]}},"_links":{"self":[{"href":"https:\/\/loftrunway.com\/de\/wp-json\/wp\/v2\/product\/194905","targetHints":{"allow":["GET"]}}],"collection":[{"href":"https:\/\/loftrunway.com\/de\/wp-json\/wp\/v2\/product"}],"about":[{"href":"https:\/\/loftrunway.com\/de\/wp-json\/wp\/v2\/types\/product"}],"replies":[{"embeddable":true,"href":"https:\/\/loftrunway.com\/de\/wp-json\/wp\/v2\/comments?post=194905"}],"wp:featuredmedia":[{"embeddable":true,"href":"https:\/\/loftrunway.com\/de\/wp-json\/wp\/v2\/media\/194906"}],"wp:attachment":[{"href":"https:\/\/loftrunway.com\/de\/wp-json\/wp\/v2\/media?parent=194905"}],"wp:term":[{"taxonomy":"product_brand","embeddable":true,"href":"https:\/\/loftrunway.com\/de\/wp-json\/wp\/v2\/product_brand?post=194905"},{"taxonomy":"product_cat","embeddable":true,"href":"https:\/\/loftrunway.com\/de\/wp-json\/wp\/v2\/product_cat?post=194905"},{"taxonomy":"product_tag","embeddable":true,"href":"https:\/\/loftrunway.com\/de\/wp-json\/wp\/v2\/product_tag?post=194905"}],"curies":[{"name":"wp","href":"https:\/\/api.w.org\/{rel}","templated":true}]}}