{"id":198420,"date":"2026-03-22T12:02:31","date_gmt":"2026-03-22T05:02:31","guid":{"rendered":"https:\/\/loftrunway.com\/product\/yu-nagaba-x-adidas-superstar-always-together"},"modified":"2026-03-22T21:42:57","modified_gmt":"2026-03-22T14:42:57","slug":"yu-nagaba-x-adidas-superstar-always-together","status":"publish","type":"product","link":"https:\/\/loftrunway.com\/de\/products\/yu-nagaba-x-adidas-superstar-always-together\/","title":{"rendered":"Yu Nagaba x adidas Superstar &#8218;Always Together&#8216;"},"content":{"rendered":"<p>Wir pr\u00e4sentieren die Yu Nagaba x adidas Superstar Always Together Sneaker. Diese in Zusammenarbeit mit dem renommierten K\u00fcnstler Yu Nagaba entstandenen adidas Superstar Sneaker bestechen durch ein einzigartiges Design, das die unverg\u00e4ngliche Verbundenheit symbolisiert. Mit dem ikonischen adidas Branding und einer bequemen Passform verleihen diese Sneaker jedem Outfit einen Hauch von Stil. Zeig dich selbstbewusst und bleibe mit den Yu Nagaba x adidas Superstar Always Together Sneakern verbunden.Farbgebung: Off-White\/Shadow Navy\/Silver PebbleStyle-Code: IG3852Obermaterial: SynthetikFarbe: wei\u00dfDesigner: Horst DasslerSaison: SommerErscheinungsjahr: 2023<\/p>\n","protected":false},"excerpt":{"rendered":"<p>Wir pr\u00e4sentieren die Yu Nagaba x adidas Superstar Always Together Sneaker. Diese in Zusammenarbeit mit dem renommierten K\u00fcnstler Yu Nagaba entstandenen adidas Superstar Sneaker bestechen durch ein einzigartiges Design, das die unverg\u00e4ngliche Verbundenheit symbolisiert. Mit dem ikonischen adidas Branding und einer bequemen Passform verleihen diese Sneaker jedem Outfit einen Hauch von Stil. Zeig dich selbstbewusst [&hellip;]<\/p>\n","protected":false},"featured_media":198421,"comment_status":"open","ping_status":"closed","template":"","meta":[],"product_brand":[],"product_cat":[10941],"product_tag":[38839],"class_list":{"0":"post-198420","1":"product","2":"type-product","3":"status-publish","4":"has-post-thumbnail","6":"product_cat-adidas-women","7":"product_tag-instockold","8":"wcpa_has_options","10":"first","11":"instock","12":"taxable","13":"shipping-taxable","14":"purchasable","15":"product-type-simple"},"wcpa_form_fields":{"rules":{"pric_overide_base_price":false,"pric_overide_base_price_if_gt_zero":false,"pric_overide_base_price_fully":false,"pric_cal_option_once":false,"pric_use_as_fee":false,"bind_quantity":false,"quantity_bind_formula":false},"fields":[{"type":"color-group","required":true,"elementId":"wcpa-color-group-66c4a7f817afe","label":"Gr\u00f6\u00dfe","inline":true,"priceOptions":"different_for_all","pricingType":"fixed","className":"hassizechart product-shoes-size-eu product-shoes-size","name":"color-group-66c4a7f817b18","disp_type":"square","selection_type":"tick-border","disp_size":"50","show_label_inside":true,"adjust_width":true,"cart_display_type":"text","other_text":"Other","cl_rule":"show","col":6,"values":[{"label":"35","value":"EU 35","price":"","pimage":"","pimage_id":"","pthumb":"","color":""},{"label":"35.5","value":"EU 35.5","price":"","pimage":"","pimage_id":"","pthumb":"","color":""},{"label":"36","value":"EU 36","price":"","pimage":"","pimage_id":"","pthumb":"","color":"","selected":true},{"label":"36 2\/3","value":"EU 36 2\/3","price":"","pimage":"","pimage_id":"","pthumb":"","color":""},{"label":"37 1\/3","value":"EU 37 1\/3","price":"","pimage":"","pimage_id":"","pthumb":"","color":""},{"label":"38","value":"EU 38","price":"","pimage":"","pimage_id":"","pthumb":"","color":""},{"label":"38 2\/3","value":"EU 38 2\/3","price":"","pimage":"","pimage_id":"","pthumb":"","color":""},{"label":"39 1\/3","value":"EU 39 1\/3","price":"","pimage":"","pimage_id":"","pthumb":"","color":""},{"label":"40","value":"EU 40","price":"","pimage":"","pimage_id":"","pthumb":"","color":""},{"label":"40 2\/3","value":"EU 40 2\/3","price":"","pimage":"","pimage_id":"","pthumb":"","color":""},{"label":"41 1\/3","value":"EU 41 1\/3","price":"","pimage":"","pimage_id":"","pthumb":"","color":""},{"label":"42","value":"EU 42","price":"","pimage":"","pimage_id":"","pthumb":"","color":""},{"label":"42 2\/3","value":"EU 42 2\/3","price":"","pimage":"","pimage_id":"","pthumb":"","color":""},{"label":"43 1\/3","value":"EU 43 1\/3","price":"","pimage":"","pimage_id":"","pthumb":"","color":""},{"label":"44","value":"EU 44","price":"","pimage":"","pimage_id":"","pthumb":"","color":""},{"label":"44 2\/3","value":"EU 44 2\/3","price":"","pimage":"","pimage_id":"","pthumb":"","color":""},{"label":"45 1\/3","value":"EU 45 1\/3","price":"","pimage":"","pimage_id":"","pthumb":"","color":""},{"label":"46","value":"EU 46","price":"","pimage":"","pimage_id":"","pthumb":"","color":""},{"label":"46 2\/3","value":"EU 46 2\/3","price":"","pimage":"","pimage_id":"","pthumb":"","color":""},{"label":"47 1\/3","value":"EU 47 1\/3","price":"","pimage":"","pimage_id":"","pthumb":"","color":""}],"relations":[{"operator":false,"rules":[]}],"form_id":24802,"form_rules":{"pric_cal_option_once":false,"exclude_from_discount":false,"pric_use_as_fee":false,"fee_label":"Fee","render_after_acb":false,"disp_hide_options_price":false}}]},"yoast_head":"<!-- This site is optimized with the Yoast SEO plugin v26.5 - https:\/\/yoast.com\/wordpress\/plugins\/seo\/ -->\n<title>Yu Nagaba x adidas Superstar &#039;Always Together&#039; - Loftrunway<\/title>\n<meta name=\"robots\" content=\"index, follow, max-snippet:-1, max-image-preview:large, max-video-preview:-1\" \/>\n<link rel=\"canonical\" href=\"https:\/\/loftrunway.com\/de\/products\/yu-nagaba-x-adidas-superstar-always-together\/\" \/>\n<meta property=\"og:locale\" content=\"de_DE\" \/>\n<meta property=\"og:type\" content=\"article\" \/>\n<meta property=\"og:title\" content=\"Yu Nagaba x adidas Superstar &#039;Always Together&#039; - Loftrunway\" \/>\n<meta property=\"og:description\" content=\"Wir pr\u00e4sentieren die Yu Nagaba x adidas Superstar Always Together Sneaker. Diese in Zusammenarbeit mit dem renommierten K\u00fcnstler Yu Nagaba entstandenen adidas Superstar Sneaker bestechen durch ein einzigartiges Design, das die unverg\u00e4ngliche Verbundenheit symbolisiert. Mit dem ikonischen adidas Branding und einer bequemen Passform verleihen diese Sneaker jedem Outfit einen Hauch von Stil. Zeig dich selbstbewusst [&hellip;]\" \/>\n<meta property=\"og:url\" content=\"https:\/\/loftrunway.com\/de\/products\/yu-nagaba-x-adidas-superstar-always-together\/\" \/>\n<meta property=\"og:site_name\" content=\"loftRUN Sneaker Store\" \/>\n<meta property=\"article:modified_time\" content=\"2026-03-22T14:42:57+00:00\" \/>\n<meta name=\"twitter:card\" content=\"summary_large_image\" \/>\n<meta name=\"twitter:image\" content=\"https:\/\/images.novelship.com\/product\/yu_nagaba_x_adidas_superstar__always_together__ig3_0_32840.png\" \/>\n<script type=\"application\/ld+json\" class=\"yoast-schema-graph\">{\"@context\":\"https:\/\/schema.org\",\"@graph\":[{\"@type\":\"WebPage\",\"@id\":\"https:\/\/loftrunway.com\/de\/products\/yu-nagaba-x-adidas-superstar-always-together\/\",\"url\":\"https:\/\/loftrunway.com\/de\/products\/yu-nagaba-x-adidas-superstar-always-together\/\",\"name\":\"Yu Nagaba x adidas Superstar 'Always Together' - Loftrunway\",\"isPartOf\":{\"@id\":\"https:\/\/loftrunway.com\/de\/#website\"},\"primaryImageOfPage\":{\"@id\":\"https:\/\/loftrunway.com\/de\/products\/yu-nagaba-x-adidas-superstar-always-together\/#primaryimage\"},\"image\":{\"@id\":\"https:\/\/loftrunway.com\/de\/products\/yu-nagaba-x-adidas-superstar-always-together\/#primaryimage\"},\"thumbnailUrl\":\"https:\/\/images.novelship.com\/product\/yu_nagaba_x_adidas_superstar__always_together__ig3_0_32840.png\",\"datePublished\":\"2026-03-22T05:02:31+00:00\",\"dateModified\":\"2026-03-22T14:42:57+00:00\",\"breadcrumb\":{\"@id\":\"https:\/\/loftrunway.com\/de\/products\/yu-nagaba-x-adidas-superstar-always-together\/#breadcrumb\"},\"inLanguage\":\"de\",\"potentialAction\":[{\"@type\":\"ReadAction\",\"target\":[\"https:\/\/loftrunway.com\/de\/products\/yu-nagaba-x-adidas-superstar-always-together\/\"]}]},{\"@type\":\"ImageObject\",\"inLanguage\":\"de\",\"@id\":\"https:\/\/loftrunway.com\/de\/products\/yu-nagaba-x-adidas-superstar-always-together\/#primaryimage\",\"url\":\"https:\/\/images.novelship.com\/product\/yu_nagaba_x_adidas_superstar__always_together__ig3_0_32840.png\",\"contentUrl\":\"https:\/\/images.novelship.com\/product\/yu_nagaba_x_adidas_superstar__always_together__ig3_0_32840.png\"},{\"@type\":\"BreadcrumbList\",\"@id\":\"https:\/\/loftrunway.com\/de\/products\/yu-nagaba-x-adidas-superstar-always-together\/#breadcrumb\",\"itemListElement\":[{\"@type\":\"ListItem\",\"position\":1,\"name\":\"Home\",\"item\":\"https:\/\/loftrunway.com\/de\/\"},{\"@type\":\"ListItem\",\"position\":2,\"name\":\"Shop\",\"item\":\"https:\/\/loftrunway.com\/de\/shop\/\"},{\"@type\":\"ListItem\",\"position\":3,\"name\":\"Yu Nagaba x adidas Superstar &#8218;Always Together&#8216;\"}]},{\"@type\":\"WebSite\",\"@id\":\"https:\/\/loftrunway.com\/de\/#website\",\"url\":\"https:\/\/loftrunway.com\/de\/\",\"name\":\"Styloral Jewelry Shop\",\"description\":\"Der Ort, an dem man alle Arten von Sneakern findet\",\"publisher\":{\"@id\":\"https:\/\/loftrunway.com\/de\/#organization\"},\"potentialAction\":[{\"@type\":\"SearchAction\",\"target\":{\"@type\":\"EntryPoint\",\"urlTemplate\":\"https:\/\/loftrunway.com\/de\/?s={search_term_string}\"},\"query-input\":{\"@type\":\"PropertyValueSpecification\",\"valueRequired\":true,\"valueName\":\"search_term_string\"}}],\"inLanguage\":\"de\"},{\"@type\":\"Organization\",\"@id\":\"https:\/\/loftrunway.com\/de\/#organization\",\"name\":\"STYLORAL PTE. LTD\",\"url\":\"https:\/\/loftrunway.com\/de\/\",\"logo\":{\"@type\":\"ImageObject\",\"inLanguage\":\"de\",\"@id\":\"https:\/\/loftrunway.com\/de\/#\/schema\/logo\/image\/\",\"url\":\"https:\/\/www.loftrunway.com\/wp-content\/uploads\/2025\/12\/logo.png\",\"contentUrl\":\"https:\/\/www.loftrunway.com\/wp-content\/uploads\/2025\/12\/logo.png\",\"width\":200,\"height\":65,\"caption\":\"STYLORAL PTE. LTD\"},\"image\":{\"@id\":\"https:\/\/loftrunway.com\/de\/#\/schema\/logo\/image\/\"}}]}<\/script>\n<!-- \/ Yoast SEO plugin. -->","yoast_head_json":{"title":"Yu Nagaba x adidas Superstar 'Always Together' - Loftrunway","robots":{"index":"index","follow":"follow","max-snippet":"max-snippet:-1","max-image-preview":"max-image-preview:large","max-video-preview":"max-video-preview:-1"},"canonical":"https:\/\/loftrunway.com\/de\/products\/yu-nagaba-x-adidas-superstar-always-together\/","og_locale":"de_DE","og_type":"article","og_title":"Yu Nagaba x adidas Superstar 'Always Together' - Loftrunway","og_description":"Wir pr\u00e4sentieren die Yu Nagaba x adidas Superstar Always Together Sneaker. Diese in Zusammenarbeit mit dem renommierten K\u00fcnstler Yu Nagaba entstandenen adidas Superstar Sneaker bestechen durch ein einzigartiges Design, das die unverg\u00e4ngliche Verbundenheit symbolisiert. Mit dem ikonischen adidas Branding und einer bequemen Passform verleihen diese Sneaker jedem Outfit einen Hauch von Stil. Zeig dich selbstbewusst [&hellip;]","og_url":"https:\/\/loftrunway.com\/de\/products\/yu-nagaba-x-adidas-superstar-always-together\/","og_site_name":"loftRUN Sneaker Store","article_modified_time":"2026-03-22T14:42:57+00:00","twitter_card":"summary_large_image","twitter_image":"https:\/\/images.novelship.com\/product\/yu_nagaba_x_adidas_superstar__always_together__ig3_0_32840.png","schema":{"@context":"https:\/\/schema.org","@graph":[{"@type":"WebPage","@id":"https:\/\/loftrunway.com\/de\/products\/yu-nagaba-x-adidas-superstar-always-together\/","url":"https:\/\/loftrunway.com\/de\/products\/yu-nagaba-x-adidas-superstar-always-together\/","name":"Yu Nagaba x adidas Superstar 'Always Together' - Loftrunway","isPartOf":{"@id":"https:\/\/loftrunway.com\/de\/#website"},"primaryImageOfPage":{"@id":"https:\/\/loftrunway.com\/de\/products\/yu-nagaba-x-adidas-superstar-always-together\/#primaryimage"},"image":{"@id":"https:\/\/loftrunway.com\/de\/products\/yu-nagaba-x-adidas-superstar-always-together\/#primaryimage"},"thumbnailUrl":"https:\/\/images.novelship.com\/product\/yu_nagaba_x_adidas_superstar__always_together__ig3_0_32840.png","datePublished":"2026-03-22T05:02:31+00:00","dateModified":"2026-03-22T14:42:57+00:00","breadcrumb":{"@id":"https:\/\/loftrunway.com\/de\/products\/yu-nagaba-x-adidas-superstar-always-together\/#breadcrumb"},"inLanguage":"de","potentialAction":[{"@type":"ReadAction","target":["https:\/\/loftrunway.com\/de\/products\/yu-nagaba-x-adidas-superstar-always-together\/"]}]},{"@type":"ImageObject","inLanguage":"de","@id":"https:\/\/loftrunway.com\/de\/products\/yu-nagaba-x-adidas-superstar-always-together\/#primaryimage","url":"https:\/\/images.novelship.com\/product\/yu_nagaba_x_adidas_superstar__always_together__ig3_0_32840.png","contentUrl":"https:\/\/images.novelship.com\/product\/yu_nagaba_x_adidas_superstar__always_together__ig3_0_32840.png"},{"@type":"BreadcrumbList","@id":"https:\/\/loftrunway.com\/de\/products\/yu-nagaba-x-adidas-superstar-always-together\/#breadcrumb","itemListElement":[{"@type":"ListItem","position":1,"name":"Home","item":"https:\/\/loftrunway.com\/de\/"},{"@type":"ListItem","position":2,"name":"Shop","item":"https:\/\/loftrunway.com\/de\/shop\/"},{"@type":"ListItem","position":3,"name":"Yu Nagaba x adidas Superstar &#8218;Always Together&#8216;"}]},{"@type":"WebSite","@id":"https:\/\/loftrunway.com\/de\/#website","url":"https:\/\/loftrunway.com\/de\/","name":"Styloral Jewelry Shop","description":"Der Ort, an dem man alle Arten von Sneakern findet","publisher":{"@id":"https:\/\/loftrunway.com\/de\/#organization"},"potentialAction":[{"@type":"SearchAction","target":{"@type":"EntryPoint","urlTemplate":"https:\/\/loftrunway.com\/de\/?s={search_term_string}"},"query-input":{"@type":"PropertyValueSpecification","valueRequired":true,"valueName":"search_term_string"}}],"inLanguage":"de"},{"@type":"Organization","@id":"https:\/\/loftrunway.com\/de\/#organization","name":"STYLORAL PTE. LTD","url":"https:\/\/loftrunway.com\/de\/","logo":{"@type":"ImageObject","inLanguage":"de","@id":"https:\/\/loftrunway.com\/de\/#\/schema\/logo\/image\/","url":"https:\/\/www.loftrunway.com\/wp-content\/uploads\/2025\/12\/logo.png","contentUrl":"https:\/\/www.loftrunway.com\/wp-content\/uploads\/2025\/12\/logo.png","width":200,"height":65,"caption":"STYLORAL PTE. LTD"},"image":{"@id":"https:\/\/loftrunway.com\/de\/#\/schema\/logo\/image\/"}}]}},"_links":{"self":[{"href":"https:\/\/loftrunway.com\/de\/wp-json\/wp\/v2\/product\/198420","targetHints":{"allow":["GET"]}}],"collection":[{"href":"https:\/\/loftrunway.com\/de\/wp-json\/wp\/v2\/product"}],"about":[{"href":"https:\/\/loftrunway.com\/de\/wp-json\/wp\/v2\/types\/product"}],"replies":[{"embeddable":true,"href":"https:\/\/loftrunway.com\/de\/wp-json\/wp\/v2\/comments?post=198420"}],"wp:featuredmedia":[{"embeddable":true,"href":"https:\/\/loftrunway.com\/de\/wp-json\/wp\/v2\/media\/198421"}],"wp:attachment":[{"href":"https:\/\/loftrunway.com\/de\/wp-json\/wp\/v2\/media?parent=198420"}],"wp:term":[{"taxonomy":"product_brand","embeddable":true,"href":"https:\/\/loftrunway.com\/de\/wp-json\/wp\/v2\/product_brand?post=198420"},{"taxonomy":"product_cat","embeddable":true,"href":"https:\/\/loftrunway.com\/de\/wp-json\/wp\/v2\/product_cat?post=198420"},{"taxonomy":"product_tag","embeddable":true,"href":"https:\/\/loftrunway.com\/de\/wp-json\/wp\/v2\/product_tag?post=198420"}],"curies":[{"name":"wp","href":"https:\/\/api.w.org\/{rel}","templated":true}]}}