{"id":199640,"date":"2026-03-22T12:05:03","date_gmt":"2026-03-22T05:05:03","guid":{"rendered":"https:\/\/loftrunway.com\/product\/new-balance-992-made-in-usa-black"},"modified":"2026-04-03T19:50:27","modified_gmt":"2026-04-03T12:50:27","slug":"new-balance-992-made-in-usa-black-2","status":"publish","type":"product","link":"https:\/\/loftrunway.com\/de\/products\/new-balance-992-made-in-usa-black-2\/","title":{"rendered":"New Balance 992 Made In USA &#8218;Black&#8216;"},"content":{"rendered":"<p>Die New Balance 992 Made in USA Sneaker in Schwarz sind eine elegante und stilvolle Erg\u00e4nzung f\u00fcr jede Schuhsammlung. Mit ihrer zeitlosen schwarzen Farbgebung eignen sie sich perfekt f\u00fcr Freizeit und Sport. Hergestellt in den USA, bieten sie h\u00f6chste Qualit\u00e4t und erstklassige Verarbeitung. Werten Sie Ihre Schuhkollektion mit diesen bequemen und vielseitigen New Balance Sneakern auf.Farbe: Schwarz\/Schwarz\/GrauArtikelnummer: M992EAObermaterial: WildlederZwischensohle: ABZORBFarbe: SchwarzDesigner: Tinker HatfieldSaison: Ganzj\u00e4hrigFarbe: Ganzj\u00e4hrig<\/p>\n","protected":false},"excerpt":{"rendered":"<p>Die New Balance 992 Made in USA Sneaker in Schwarz sind eine elegante und stilvolle Erg\u00e4nzung f\u00fcr jede Schuhsammlung. Mit ihrer zeitlosen schwarzen Farbgebung eignen sie sich perfekt f\u00fcr Freizeit und Sport. Hergestellt in den USA, bieten sie h\u00f6chste Qualit\u00e4t und erstklassige Verarbeitung. Werten Sie Ihre Schuhkollektion mit diesen bequemen und vielseitigen New Balance Sneakern [&hellip;]<\/p>\n","protected":false},"featured_media":199641,"comment_status":"open","ping_status":"closed","template":"","meta":[],"product_brand":[],"product_cat":[10771],"product_tag":[38839],"class_list":{"0":"post-199640","1":"product","2":"type-product","3":"status-publish","4":"has-post-thumbnail","6":"product_cat-new-balance","7":"product_tag-instockold","8":"wcpa_has_options","10":"first","11":"instock","12":"taxable","13":"shipping-taxable","14":"purchasable","15":"product-type-simple"},"wcpa_form_fields":{"rules":{"pric_overide_base_price":false,"pric_overide_base_price_if_gt_zero":false,"pric_overide_base_price_fully":false,"pric_cal_option_once":false,"pric_use_as_fee":false,"bind_quantity":false,"quantity_bind_formula":false},"fields":[{"type":"color-group","required":true,"elementId":"wcpa-color-group-66c4a928225d2","label":"Gr\u00f6\u00dfe","inline":true,"priceOptions":"different_for_all","pricingType":"fixed","className":"hassizechart product-shoes-size-eu product-shoes-size","name":"color-group-66c4a928225e2","disp_type":"square","selection_type":"tick-border","disp_size":"50","show_label_inside":true,"adjust_width":true,"cart_display_type":"text","other_text":"Other","cl_rule":"show","col":6,"values":[{"label":"35","value":"EU 35","price":"","pimage":"","pimage_id":"","pthumb":"","color":""},{"label":"36","value":"EU 36","price":"","pimage":"","pimage_id":"","pthumb":"","color":"","selected":true},{"label":"37","value":"EU 37","price":"","pimage":"","pimage_id":"","pthumb":"","color":""},{"label":"37.5","value":"EU 37.5","price":"","pimage":"","pimage_id":"","pthumb":"","color":""},{"label":"38","value":"EU 38","price":"","pimage":"","pimage_id":"","pthumb":"","color":""},{"label":"38.5","value":"EU 38.5","price":"","pimage":"","pimage_id":"","pthumb":"","color":""},{"label":"39","value":"EU 39","price":"","pimage":"","pimage_id":"","pthumb":"","color":""},{"label":"39.5","value":"EU 39.5","price":"","pimage":"","pimage_id":"","pthumb":"","color":""},{"label":"40","value":"EU 40","price":"","pimage":"","pimage_id":"","pthumb":"","color":""},{"label":"40.5","value":"EU 40.5","price":"","pimage":"","pimage_id":"","pthumb":"","color":""},{"label":" 41.5","value":"EU 41.5","price":"","pimage":"","pimage_id":"","pthumb":"","color":""},{"label":"42","value":"EU 42","price":"","pimage":"","pimage_id":"","pthumb":"","color":""},{"label":"42.5","value":"EU 42.5","price":"","pimage":"","pimage_id":"","pthumb":"","color":""},{"label":"43","value":"EU 43","price":"","pimage":"","pimage_id":"","pthumb":"","color":""},{"label":"44","value":"EU 44","price":"","pimage":"","pimage_id":"","pthumb":"","color":""},{"label":"44.5","value":"EU 44.5","price":"","pimage":"","pimage_id":"","pthumb":"","color":""},{"label":"45","value":"EU 45","price":"","pimage":"","pimage_id":"","pthumb":"","color":""},{"label":"45.5","value":"EU 45.5","price":"","pimage":"","pimage_id":"","pthumb":"","color":""},{"label":"46","value":"EU 46","price":"","pimage":"","pimage_id":"","pthumb":"","color":""}],"relations":[{"operator":false,"rules":[]}],"form_id":24803,"form_rules":{"pric_cal_option_once":false,"exclude_from_discount":false,"pric_use_as_fee":false,"fee_label":"Fee","render_after_acb":false,"disp_hide_options_price":false}}]},"yoast_head":"<!-- This site is optimized with the Yoast SEO plugin v26.5 - https:\/\/yoast.com\/wordpress\/plugins\/seo\/ -->\n<title>New Balance 992 Made In USA &#039;Black&#039; - Loftrunway<\/title>\n<meta name=\"robots\" content=\"index, follow, max-snippet:-1, max-image-preview:large, max-video-preview:-1\" \/>\n<link rel=\"canonical\" href=\"https:\/\/loftrunway.com\/de\/products\/new-balance-992-made-in-usa-black-2\/\" \/>\n<meta property=\"og:locale\" content=\"de_DE\" \/>\n<meta property=\"og:type\" content=\"article\" \/>\n<meta property=\"og:title\" content=\"New Balance 992 Made In USA &#039;Black&#039; - Loftrunway\" \/>\n<meta property=\"og:description\" content=\"Die New Balance 992 Made in USA Sneaker in Schwarz sind eine elegante und stilvolle Erg\u00e4nzung f\u00fcr jede Schuhsammlung. Mit ihrer zeitlosen schwarzen Farbgebung eignen sie sich perfekt f\u00fcr Freizeit und Sport. Hergestellt in den USA, bieten sie h\u00f6chste Qualit\u00e4t und erstklassige Verarbeitung. Werten Sie Ihre Schuhkollektion mit diesen bequemen und vielseitigen New Balance Sneakern [&hellip;]\" \/>\n<meta property=\"og:url\" content=\"https:\/\/loftrunway.com\/de\/products\/new-balance-992-made-in-usa-black-2\/\" \/>\n<meta property=\"og:site_name\" content=\"loftRUN Sneaker Store\" \/>\n<meta property=\"article:modified_time\" content=\"2026-04-03T12:50:27+00:00\" \/>\n<meta name=\"twitter:card\" content=\"summary_large_image\" \/>\n<meta name=\"twitter:image\" content=\"https:\/\/images.novelship.com\/product\/new_balance_992_made_in_usa__black__m992ea_0_92422.jpeg\" \/>\n<script type=\"application\/ld+json\" class=\"yoast-schema-graph\">{\"@context\":\"https:\/\/schema.org\",\"@graph\":[{\"@type\":\"WebPage\",\"@id\":\"https:\/\/loftrunway.com\/de\/products\/new-balance-992-made-in-usa-black-2\/\",\"url\":\"https:\/\/loftrunway.com\/de\/products\/new-balance-992-made-in-usa-black-2\/\",\"name\":\"New Balance 992 Made In USA 'Black' - Loftrunway\",\"isPartOf\":{\"@id\":\"https:\/\/loftrunway.com\/de\/#website\"},\"primaryImageOfPage\":{\"@id\":\"https:\/\/loftrunway.com\/de\/products\/new-balance-992-made-in-usa-black-2\/#primaryimage\"},\"image\":{\"@id\":\"https:\/\/loftrunway.com\/de\/products\/new-balance-992-made-in-usa-black-2\/#primaryimage\"},\"thumbnailUrl\":\"https:\/\/images.novelship.com\/product\/new_balance_992_made_in_usa__black__m992ea_0_92422.jpeg\",\"datePublished\":\"2026-03-22T05:05:03+00:00\",\"dateModified\":\"2026-04-03T12:50:27+00:00\",\"breadcrumb\":{\"@id\":\"https:\/\/loftrunway.com\/de\/products\/new-balance-992-made-in-usa-black-2\/#breadcrumb\"},\"inLanguage\":\"de\",\"potentialAction\":[{\"@type\":\"ReadAction\",\"target\":[\"https:\/\/loftrunway.com\/de\/products\/new-balance-992-made-in-usa-black-2\/\"]}]},{\"@type\":\"ImageObject\",\"inLanguage\":\"de\",\"@id\":\"https:\/\/loftrunway.com\/de\/products\/new-balance-992-made-in-usa-black-2\/#primaryimage\",\"url\":\"https:\/\/images.novelship.com\/product\/new_balance_992_made_in_usa__black__m992ea_0_92422.jpeg\",\"contentUrl\":\"https:\/\/images.novelship.com\/product\/new_balance_992_made_in_usa__black__m992ea_0_92422.jpeg\"},{\"@type\":\"BreadcrumbList\",\"@id\":\"https:\/\/loftrunway.com\/de\/products\/new-balance-992-made-in-usa-black-2\/#breadcrumb\",\"itemListElement\":[{\"@type\":\"ListItem\",\"position\":1,\"name\":\"Home\",\"item\":\"https:\/\/loftrunway.com\/de\/\"},{\"@type\":\"ListItem\",\"position\":2,\"name\":\"Shop\",\"item\":\"https:\/\/loftrunway.com\/de\/shop\/\"},{\"@type\":\"ListItem\",\"position\":3,\"name\":\"New Balance 992 Made In USA &#8218;Black&#8216;\"}]},{\"@type\":\"WebSite\",\"@id\":\"https:\/\/loftrunway.com\/de\/#website\",\"url\":\"https:\/\/loftrunway.com\/de\/\",\"name\":\"Styloral Jewelry Shop\",\"description\":\"Der Ort, an dem man alle Arten von Sneakern findet\",\"publisher\":{\"@id\":\"https:\/\/loftrunway.com\/de\/#organization\"},\"potentialAction\":[{\"@type\":\"SearchAction\",\"target\":{\"@type\":\"EntryPoint\",\"urlTemplate\":\"https:\/\/loftrunway.com\/de\/?s={search_term_string}\"},\"query-input\":{\"@type\":\"PropertyValueSpecification\",\"valueRequired\":true,\"valueName\":\"search_term_string\"}}],\"inLanguage\":\"de\"},{\"@type\":\"Organization\",\"@id\":\"https:\/\/loftrunway.com\/de\/#organization\",\"name\":\"STYLORAL PTE. LTD\",\"url\":\"https:\/\/loftrunway.com\/de\/\",\"logo\":{\"@type\":\"ImageObject\",\"inLanguage\":\"de\",\"@id\":\"https:\/\/loftrunway.com\/de\/#\/schema\/logo\/image\/\",\"url\":\"https:\/\/www.loftrunway.com\/wp-content\/uploads\/2025\/12\/logo.png\",\"contentUrl\":\"https:\/\/www.loftrunway.com\/wp-content\/uploads\/2025\/12\/logo.png\",\"width\":200,\"height\":65,\"caption\":\"STYLORAL PTE. LTD\"},\"image\":{\"@id\":\"https:\/\/loftrunway.com\/de\/#\/schema\/logo\/image\/\"}}]}<\/script>\n<!-- \/ Yoast SEO plugin. -->","yoast_head_json":{"title":"New Balance 992 Made In USA 'Black' - Loftrunway","robots":{"index":"index","follow":"follow","max-snippet":"max-snippet:-1","max-image-preview":"max-image-preview:large","max-video-preview":"max-video-preview:-1"},"canonical":"https:\/\/loftrunway.com\/de\/products\/new-balance-992-made-in-usa-black-2\/","og_locale":"de_DE","og_type":"article","og_title":"New Balance 992 Made In USA 'Black' - Loftrunway","og_description":"Die New Balance 992 Made in USA Sneaker in Schwarz sind eine elegante und stilvolle Erg\u00e4nzung f\u00fcr jede Schuhsammlung. Mit ihrer zeitlosen schwarzen Farbgebung eignen sie sich perfekt f\u00fcr Freizeit und Sport. Hergestellt in den USA, bieten sie h\u00f6chste Qualit\u00e4t und erstklassige Verarbeitung. Werten Sie Ihre Schuhkollektion mit diesen bequemen und vielseitigen New Balance Sneakern [&hellip;]","og_url":"https:\/\/loftrunway.com\/de\/products\/new-balance-992-made-in-usa-black-2\/","og_site_name":"loftRUN Sneaker Store","article_modified_time":"2026-04-03T12:50:27+00:00","twitter_card":"summary_large_image","twitter_image":"https:\/\/images.novelship.com\/product\/new_balance_992_made_in_usa__black__m992ea_0_92422.jpeg","schema":{"@context":"https:\/\/schema.org","@graph":[{"@type":"WebPage","@id":"https:\/\/loftrunway.com\/de\/products\/new-balance-992-made-in-usa-black-2\/","url":"https:\/\/loftrunway.com\/de\/products\/new-balance-992-made-in-usa-black-2\/","name":"New Balance 992 Made In USA 'Black' - Loftrunway","isPartOf":{"@id":"https:\/\/loftrunway.com\/de\/#website"},"primaryImageOfPage":{"@id":"https:\/\/loftrunway.com\/de\/products\/new-balance-992-made-in-usa-black-2\/#primaryimage"},"image":{"@id":"https:\/\/loftrunway.com\/de\/products\/new-balance-992-made-in-usa-black-2\/#primaryimage"},"thumbnailUrl":"https:\/\/images.novelship.com\/product\/new_balance_992_made_in_usa__black__m992ea_0_92422.jpeg","datePublished":"2026-03-22T05:05:03+00:00","dateModified":"2026-04-03T12:50:27+00:00","breadcrumb":{"@id":"https:\/\/loftrunway.com\/de\/products\/new-balance-992-made-in-usa-black-2\/#breadcrumb"},"inLanguage":"de","potentialAction":[{"@type":"ReadAction","target":["https:\/\/loftrunway.com\/de\/products\/new-balance-992-made-in-usa-black-2\/"]}]},{"@type":"ImageObject","inLanguage":"de","@id":"https:\/\/loftrunway.com\/de\/products\/new-balance-992-made-in-usa-black-2\/#primaryimage","url":"https:\/\/images.novelship.com\/product\/new_balance_992_made_in_usa__black__m992ea_0_92422.jpeg","contentUrl":"https:\/\/images.novelship.com\/product\/new_balance_992_made_in_usa__black__m992ea_0_92422.jpeg"},{"@type":"BreadcrumbList","@id":"https:\/\/loftrunway.com\/de\/products\/new-balance-992-made-in-usa-black-2\/#breadcrumb","itemListElement":[{"@type":"ListItem","position":1,"name":"Home","item":"https:\/\/loftrunway.com\/de\/"},{"@type":"ListItem","position":2,"name":"Shop","item":"https:\/\/loftrunway.com\/de\/shop\/"},{"@type":"ListItem","position":3,"name":"New Balance 992 Made In USA &#8218;Black&#8216;"}]},{"@type":"WebSite","@id":"https:\/\/loftrunway.com\/de\/#website","url":"https:\/\/loftrunway.com\/de\/","name":"Styloral Jewelry Shop","description":"Der Ort, an dem man alle Arten von Sneakern findet","publisher":{"@id":"https:\/\/loftrunway.com\/de\/#organization"},"potentialAction":[{"@type":"SearchAction","target":{"@type":"EntryPoint","urlTemplate":"https:\/\/loftrunway.com\/de\/?s={search_term_string}"},"query-input":{"@type":"PropertyValueSpecification","valueRequired":true,"valueName":"search_term_string"}}],"inLanguage":"de"},{"@type":"Organization","@id":"https:\/\/loftrunway.com\/de\/#organization","name":"STYLORAL PTE. LTD","url":"https:\/\/loftrunway.com\/de\/","logo":{"@type":"ImageObject","inLanguage":"de","@id":"https:\/\/loftrunway.com\/de\/#\/schema\/logo\/image\/","url":"https:\/\/www.loftrunway.com\/wp-content\/uploads\/2025\/12\/logo.png","contentUrl":"https:\/\/www.loftrunway.com\/wp-content\/uploads\/2025\/12\/logo.png","width":200,"height":65,"caption":"STYLORAL PTE. LTD"},"image":{"@id":"https:\/\/loftrunway.com\/de\/#\/schema\/logo\/image\/"}}]}},"_links":{"self":[{"href":"https:\/\/loftrunway.com\/de\/wp-json\/wp\/v2\/product\/199640","targetHints":{"allow":["GET"]}}],"collection":[{"href":"https:\/\/loftrunway.com\/de\/wp-json\/wp\/v2\/product"}],"about":[{"href":"https:\/\/loftrunway.com\/de\/wp-json\/wp\/v2\/types\/product"}],"replies":[{"embeddable":true,"href":"https:\/\/loftrunway.com\/de\/wp-json\/wp\/v2\/comments?post=199640"}],"wp:featuredmedia":[{"embeddable":true,"href":"https:\/\/loftrunway.com\/de\/wp-json\/wp\/v2\/media\/199641"}],"wp:attachment":[{"href":"https:\/\/loftrunway.com\/de\/wp-json\/wp\/v2\/media?parent=199640"}],"wp:term":[{"taxonomy":"product_brand","embeddable":true,"href":"https:\/\/loftrunway.com\/de\/wp-json\/wp\/v2\/product_brand?post=199640"},{"taxonomy":"product_cat","embeddable":true,"href":"https:\/\/loftrunway.com\/de\/wp-json\/wp\/v2\/product_cat?post=199640"},{"taxonomy":"product_tag","embeddable":true,"href":"https:\/\/loftrunway.com\/de\/wp-json\/wp\/v2\/product_tag?post=199640"}],"curies":[{"name":"wp","href":"https:\/\/api.w.org\/{rel}","templated":true}]}}