{"id":204219,"date":"2026-03-22T12:26:17","date_gmt":"2026-03-22T05:26:17","guid":{"rendered":"https:\/\/loftrunway.com\/product\/youth-nike-air-force-1-low-white-black"},"modified":"2026-04-03T19:51:30","modified_gmt":"2026-04-03T12:51:30","slug":"youth-nike-air-force-1-low-white-black","status":"publish","type":"product","link":"https:\/\/loftrunway.com\/de\/products\/youth-nike-air-force-1-low-white-black\/","title":{"rendered":"(Youth) Nike Air Force 1 Low &#8218;White Black&#8216;"},"content":{"rendered":"<p>Mit demlegend\u00e4ren Nike Air Force 1 Low &#8222;White Black&#8220; verleihst du deinem Style das gewisse Etwas. Dieser zeitlose Sneaker aus hochwertigem Leder besticht durch sein strahlend wei\u00dfes Obermaterial mit kontrastierendem schwarzem Swoosh f\u00fcr einen klassischen Look. Der gepolsterte Schaftrand und die Air-D\u00e4mpfung sorgen f\u00fcr ganzt\u00e4gigen Tragekomfort, w\u00e4hrend die Gummisohle f\u00fcr Langlebigkeit garantiert. Ob auf der Stra\u00dfe oder beim Ausgehen &#8211; der Air Force 1 Low &#8222;White Black&#8220; ist die perfekte Wahl, um deinen Schuhstil aufzuwerten.<\/p>\n<ul>\n<li><strong>Farbgebung:<\/strong> wei\u00df\/Schwarz<\/li>\n<li><strong>Style-Code:<\/strong> DX9269-100<\/li>\n<li><strong>Obermaterial:<\/strong> Leder<\/li>\n<li><strong>Farbe:<\/strong> wei\u00df<\/li>\n<li><strong>Saison:<\/strong> Ganzj\u00e4hrig<\/li>\n<\/ul>\n","protected":false},"excerpt":{"rendered":"<p>Mit demlegend\u00e4ren Nike Air Force 1 Low &#8222;White Black&#8220; verleihst du deinem Style das gewisse Etwas. Dieser zeitlose Sneaker aus hochwertigem Leder besticht durch sein strahlend wei\u00dfes Obermaterial mit kontrastierendem schwarzem Swoosh f\u00fcr einen klassischen Look. Der gepolsterte Schaftrand und die Air-D\u00e4mpfung sorgen f\u00fcr ganzt\u00e4gigen Tragekomfort, w\u00e4hrend die Gummisohle f\u00fcr Langlebigkeit garantiert. Ob auf der [&hellip;]<\/p>\n","protected":false},"featured_media":204220,"comment_status":"open","ping_status":"closed","template":"","meta":[],"product_brand":[],"product_cat":[10809],"product_tag":[38839],"class_list":{"0":"post-204219","1":"product","2":"type-product","3":"status-publish","4":"has-post-thumbnail","6":"product_cat-nike-women","7":"product_tag-instockold","8":"wcpa_has_options","10":"first","11":"instock","12":"taxable","13":"shipping-taxable","14":"purchasable","15":"product-type-simple"},"wcpa_form_fields":{"rules":{"pric_overide_base_price":false,"pric_overide_base_price_if_gt_zero":false,"pric_overide_base_price_fully":false,"pric_cal_option_once":false,"pric_use_as_fee":false,"bind_quantity":false,"quantity_bind_formula":false},"fields":[{"type":"color-group","required":true,"elementId":"wcpa-color-group-66c4a75505e74","label":"Gr\u00f6\u00dfe - EU Gr\u00f6\u00dfe","inline":true,"priceOptions":"different_for_all","pricingType":"fixed","className":"hassizechart product-shoes-size-eu product-shoes-size","name":"color-group-66c4a75505e89","disp_type":"square","selection_type":"tick-border","disp_size":"44","show_label_inside":true,"adjust_width":true,"cart_display_type":"text","other_text":"Other","cl_rule":"show","col":6,"values":[{"label":"35.5","value":"EU 35.5","price":"","pimage":"","pimage_id":"","pthumb":"","color":""},{"label":"36","value":"EU 36","price":"","pimage":"","pimage_id":"","pthumb":"","color":"","selected":true},{"label":"36.5","value":"EU 36.5","price":"","pimage":"","pimage_id":"","pthumb":"","color":""},{"label":"37.5","value":"EU 37.5","price":"","pimage":"","pimage_id":"","pthumb":"","color":""},{"label":"38","value":"EU 38","price":"","pimage":"","pimage_id":"","pthumb":"","color":""},{"label":"38.5","value":"EU 38.5","price":"","pimage":"","pimage_id":"","pthumb":"","color":""},{"label":"39","value":"EU 39","price":"","pimage":"","pimage_id":"","pthumb":"","color":""},{"label":"40","value":"EU 40","price":"","pimage":"","pimage_id":"","pthumb":"","color":""},{"label":"40.5","value":"EU 40.5","price":"","pimage":"","pimage_id":"","pthumb":"","color":""},{"label":"41","value":"EU 41","price":"","pimage":"","pimage_id":"","pthumb":"","color":""},{"label":"42","value":"EU 42","price":"","pimage":"","pimage_id":"","pthumb":"","color":""},{"label":"42.5","value":"EU 42.5","price":"","pimage":"","pimage_id":"","pthumb":"","color":""},{"label":"43","value":"EU 43","price":"","pimage":"","pimage_id":"","pthumb":"","color":""},{"label":"44","value":"EU 44","price":"","pimage":"","pimage_id":"","pthumb":"","color":""},{"label":"44.5","value":"EU 44.5","price":"","pimage":"","pimage_id":"","pthumb":"","color":""},{"label":"45","value":"EU 45","price":"","pimage":"","pimage_id":"","pthumb":"","color":""},{"label":"45.5","value":"EU 45.5","price":"","pimage":"","pimage_id":"","pthumb":"","color":""},{"label":"46","value":"EU 46","price":"","pimage":"","pimage_id":"","pthumb":"","color":""},{"label":"47","value":"EU 47","price":"","pimage":"","pimage_id":"","pthumb":"","color":""},{"label":"47.5","value":"EU 47.5","price":"","pimage":"","pimage_id":"","pthumb":"","color":""},{"label":"48","value":"EU 48","price":"","pimage":"","pimage_id":"","pthumb":"","color":""}],"relations":[{"operator":false,"rules":[]}],"form_id":18106,"form_rules":{"pric_cal_option_once":false,"exclude_from_discount":false,"pric_use_as_fee":false,"fee_label":"Fee","render_after_acb":false,"disp_hide_options_price":false}}]},"yoast_head":"<!-- This site is optimized with the Yoast SEO plugin v26.5 - https:\/\/yoast.com\/wordpress\/plugins\/seo\/ -->\n<title>(Youth) Nike Air Force 1 Low &#039;White Black&#039; - Loftrunway<\/title>\n<meta name=\"robots\" content=\"index, follow, max-snippet:-1, max-image-preview:large, max-video-preview:-1\" \/>\n<link rel=\"canonical\" href=\"https:\/\/loftrunway.com\/de\/products\/youth-nike-air-force-1-low-white-black\/\" \/>\n<meta property=\"og:locale\" content=\"de_DE\" \/>\n<meta property=\"og:type\" content=\"article\" \/>\n<meta property=\"og:title\" content=\"(Youth) Nike Air Force 1 Low &#039;White Black&#039; - Loftrunway\" \/>\n<meta property=\"og:description\" content=\"Mit demlegend\u00e4ren Nike Air Force 1 Low &#8222;White Black&#8220; verleihst du deinem Style das gewisse Etwas. Dieser zeitlose Sneaker aus hochwertigem Leder besticht durch sein strahlend wei\u00dfes Obermaterial mit kontrastierendem schwarzem Swoosh f\u00fcr einen klassischen Look. Der gepolsterte Schaftrand und die Air-D\u00e4mpfung sorgen f\u00fcr ganzt\u00e4gigen Tragekomfort, w\u00e4hrend die Gummisohle f\u00fcr Langlebigkeit garantiert. Ob auf der [&hellip;]\" \/>\n<meta property=\"og:url\" content=\"https:\/\/loftrunway.com\/de\/products\/youth-nike-air-force-1-low-white-black\/\" \/>\n<meta property=\"og:site_name\" content=\"loftRUN Sneaker Store\" \/>\n<meta property=\"article:modified_time\" content=\"2026-04-03T12:51:30+00:00\" \/>\n<meta name=\"twitter:card\" content=\"summary_large_image\" \/>\n<meta name=\"twitter:image\" content=\"https:\/\/images.novelship.com\/product\/_youth__nike_air_force_1_low__white_black__dx9269__0_81250.jpeg\" \/>\n<script type=\"application\/ld+json\" class=\"yoast-schema-graph\">{\"@context\":\"https:\/\/schema.org\",\"@graph\":[{\"@type\":\"WebPage\",\"@id\":\"https:\/\/loftrunway.com\/de\/products\/youth-nike-air-force-1-low-white-black\/\",\"url\":\"https:\/\/loftrunway.com\/de\/products\/youth-nike-air-force-1-low-white-black\/\",\"name\":\"(Youth) Nike Air Force 1 Low 'White Black' - Loftrunway\",\"isPartOf\":{\"@id\":\"https:\/\/loftrunway.com\/de\/#website\"},\"primaryImageOfPage\":{\"@id\":\"https:\/\/loftrunway.com\/de\/products\/youth-nike-air-force-1-low-white-black\/#primaryimage\"},\"image\":{\"@id\":\"https:\/\/loftrunway.com\/de\/products\/youth-nike-air-force-1-low-white-black\/#primaryimage\"},\"thumbnailUrl\":\"https:\/\/images.novelship.com\/product\/_youth__nike_air_force_1_low__white_black__dx9269__0_81250.jpeg\",\"datePublished\":\"2026-03-22T05:26:17+00:00\",\"dateModified\":\"2026-04-03T12:51:30+00:00\",\"breadcrumb\":{\"@id\":\"https:\/\/loftrunway.com\/de\/products\/youth-nike-air-force-1-low-white-black\/#breadcrumb\"},\"inLanguage\":\"de\",\"potentialAction\":[{\"@type\":\"ReadAction\",\"target\":[\"https:\/\/loftrunway.com\/de\/products\/youth-nike-air-force-1-low-white-black\/\"]}]},{\"@type\":\"ImageObject\",\"inLanguage\":\"de\",\"@id\":\"https:\/\/loftrunway.com\/de\/products\/youth-nike-air-force-1-low-white-black\/#primaryimage\",\"url\":\"https:\/\/images.novelship.com\/product\/_youth__nike_air_force_1_low__white_black__dx9269__0_81250.jpeg\",\"contentUrl\":\"https:\/\/images.novelship.com\/product\/_youth__nike_air_force_1_low__white_black__dx9269__0_81250.jpeg\"},{\"@type\":\"BreadcrumbList\",\"@id\":\"https:\/\/loftrunway.com\/de\/products\/youth-nike-air-force-1-low-white-black\/#breadcrumb\",\"itemListElement\":[{\"@type\":\"ListItem\",\"position\":1,\"name\":\"Home\",\"item\":\"https:\/\/loftrunway.com\/de\/\"},{\"@type\":\"ListItem\",\"position\":2,\"name\":\"Shop\",\"item\":\"https:\/\/loftrunway.com\/de\/shop\/\"},{\"@type\":\"ListItem\",\"position\":3,\"name\":\"(Youth) Nike Air Force 1 Low &#8218;White Black&#8216;\"}]},{\"@type\":\"WebSite\",\"@id\":\"https:\/\/loftrunway.com\/de\/#website\",\"url\":\"https:\/\/loftrunway.com\/de\/\",\"name\":\"Styloral Jewelry Shop\",\"description\":\"Der Ort, an dem man alle Arten von Sneakern findet\",\"publisher\":{\"@id\":\"https:\/\/loftrunway.com\/de\/#organization\"},\"potentialAction\":[{\"@type\":\"SearchAction\",\"target\":{\"@type\":\"EntryPoint\",\"urlTemplate\":\"https:\/\/loftrunway.com\/de\/?s={search_term_string}\"},\"query-input\":{\"@type\":\"PropertyValueSpecification\",\"valueRequired\":true,\"valueName\":\"search_term_string\"}}],\"inLanguage\":\"de\"},{\"@type\":\"Organization\",\"@id\":\"https:\/\/loftrunway.com\/de\/#organization\",\"name\":\"STYLORAL PTE. LTD\",\"url\":\"https:\/\/loftrunway.com\/de\/\",\"logo\":{\"@type\":\"ImageObject\",\"inLanguage\":\"de\",\"@id\":\"https:\/\/loftrunway.com\/de\/#\/schema\/logo\/image\/\",\"url\":\"https:\/\/www.loftrunway.com\/wp-content\/uploads\/2025\/12\/logo.png\",\"contentUrl\":\"https:\/\/www.loftrunway.com\/wp-content\/uploads\/2025\/12\/logo.png\",\"width\":200,\"height\":65,\"caption\":\"STYLORAL PTE. LTD\"},\"image\":{\"@id\":\"https:\/\/loftrunway.com\/de\/#\/schema\/logo\/image\/\"}}]}<\/script>\n<!-- \/ Yoast SEO plugin. -->","yoast_head_json":{"title":"(Youth) Nike Air Force 1 Low 'White Black' - Loftrunway","robots":{"index":"index","follow":"follow","max-snippet":"max-snippet:-1","max-image-preview":"max-image-preview:large","max-video-preview":"max-video-preview:-1"},"canonical":"https:\/\/loftrunway.com\/de\/products\/youth-nike-air-force-1-low-white-black\/","og_locale":"de_DE","og_type":"article","og_title":"(Youth) Nike Air Force 1 Low 'White Black' - Loftrunway","og_description":"Mit demlegend\u00e4ren Nike Air Force 1 Low &#8222;White Black&#8220; verleihst du deinem Style das gewisse Etwas. Dieser zeitlose Sneaker aus hochwertigem Leder besticht durch sein strahlend wei\u00dfes Obermaterial mit kontrastierendem schwarzem Swoosh f\u00fcr einen klassischen Look. Der gepolsterte Schaftrand und die Air-D\u00e4mpfung sorgen f\u00fcr ganzt\u00e4gigen Tragekomfort, w\u00e4hrend die Gummisohle f\u00fcr Langlebigkeit garantiert. Ob auf der [&hellip;]","og_url":"https:\/\/loftrunway.com\/de\/products\/youth-nike-air-force-1-low-white-black\/","og_site_name":"loftRUN Sneaker Store","article_modified_time":"2026-04-03T12:51:30+00:00","twitter_card":"summary_large_image","twitter_image":"https:\/\/images.novelship.com\/product\/_youth__nike_air_force_1_low__white_black__dx9269__0_81250.jpeg","schema":{"@context":"https:\/\/schema.org","@graph":[{"@type":"WebPage","@id":"https:\/\/loftrunway.com\/de\/products\/youth-nike-air-force-1-low-white-black\/","url":"https:\/\/loftrunway.com\/de\/products\/youth-nike-air-force-1-low-white-black\/","name":"(Youth) Nike Air Force 1 Low 'White Black' - Loftrunway","isPartOf":{"@id":"https:\/\/loftrunway.com\/de\/#website"},"primaryImageOfPage":{"@id":"https:\/\/loftrunway.com\/de\/products\/youth-nike-air-force-1-low-white-black\/#primaryimage"},"image":{"@id":"https:\/\/loftrunway.com\/de\/products\/youth-nike-air-force-1-low-white-black\/#primaryimage"},"thumbnailUrl":"https:\/\/images.novelship.com\/product\/_youth__nike_air_force_1_low__white_black__dx9269__0_81250.jpeg","datePublished":"2026-03-22T05:26:17+00:00","dateModified":"2026-04-03T12:51:30+00:00","breadcrumb":{"@id":"https:\/\/loftrunway.com\/de\/products\/youth-nike-air-force-1-low-white-black\/#breadcrumb"},"inLanguage":"de","potentialAction":[{"@type":"ReadAction","target":["https:\/\/loftrunway.com\/de\/products\/youth-nike-air-force-1-low-white-black\/"]}]},{"@type":"ImageObject","inLanguage":"de","@id":"https:\/\/loftrunway.com\/de\/products\/youth-nike-air-force-1-low-white-black\/#primaryimage","url":"https:\/\/images.novelship.com\/product\/_youth__nike_air_force_1_low__white_black__dx9269__0_81250.jpeg","contentUrl":"https:\/\/images.novelship.com\/product\/_youth__nike_air_force_1_low__white_black__dx9269__0_81250.jpeg"},{"@type":"BreadcrumbList","@id":"https:\/\/loftrunway.com\/de\/products\/youth-nike-air-force-1-low-white-black\/#breadcrumb","itemListElement":[{"@type":"ListItem","position":1,"name":"Home","item":"https:\/\/loftrunway.com\/de\/"},{"@type":"ListItem","position":2,"name":"Shop","item":"https:\/\/loftrunway.com\/de\/shop\/"},{"@type":"ListItem","position":3,"name":"(Youth) Nike Air Force 1 Low &#8218;White Black&#8216;"}]},{"@type":"WebSite","@id":"https:\/\/loftrunway.com\/de\/#website","url":"https:\/\/loftrunway.com\/de\/","name":"Styloral Jewelry Shop","description":"Der Ort, an dem man alle Arten von Sneakern findet","publisher":{"@id":"https:\/\/loftrunway.com\/de\/#organization"},"potentialAction":[{"@type":"SearchAction","target":{"@type":"EntryPoint","urlTemplate":"https:\/\/loftrunway.com\/de\/?s={search_term_string}"},"query-input":{"@type":"PropertyValueSpecification","valueRequired":true,"valueName":"search_term_string"}}],"inLanguage":"de"},{"@type":"Organization","@id":"https:\/\/loftrunway.com\/de\/#organization","name":"STYLORAL PTE. LTD","url":"https:\/\/loftrunway.com\/de\/","logo":{"@type":"ImageObject","inLanguage":"de","@id":"https:\/\/loftrunway.com\/de\/#\/schema\/logo\/image\/","url":"https:\/\/www.loftrunway.com\/wp-content\/uploads\/2025\/12\/logo.png","contentUrl":"https:\/\/www.loftrunway.com\/wp-content\/uploads\/2025\/12\/logo.png","width":200,"height":65,"caption":"STYLORAL PTE. LTD"},"image":{"@id":"https:\/\/loftrunway.com\/de\/#\/schema\/logo\/image\/"}}]}},"_links":{"self":[{"href":"https:\/\/loftrunway.com\/de\/wp-json\/wp\/v2\/product\/204219","targetHints":{"allow":["GET"]}}],"collection":[{"href":"https:\/\/loftrunway.com\/de\/wp-json\/wp\/v2\/product"}],"about":[{"href":"https:\/\/loftrunway.com\/de\/wp-json\/wp\/v2\/types\/product"}],"replies":[{"embeddable":true,"href":"https:\/\/loftrunway.com\/de\/wp-json\/wp\/v2\/comments?post=204219"}],"wp:featuredmedia":[{"embeddable":true,"href":"https:\/\/loftrunway.com\/de\/wp-json\/wp\/v2\/media\/204220"}],"wp:attachment":[{"href":"https:\/\/loftrunway.com\/de\/wp-json\/wp\/v2\/media?parent=204219"}],"wp:term":[{"taxonomy":"product_brand","embeddable":true,"href":"https:\/\/loftrunway.com\/de\/wp-json\/wp\/v2\/product_brand?post=204219"},{"taxonomy":"product_cat","embeddable":true,"href":"https:\/\/loftrunway.com\/de\/wp-json\/wp\/v2\/product_cat?post=204219"},{"taxonomy":"product_tag","embeddable":true,"href":"https:\/\/loftrunway.com\/de\/wp-json\/wp\/v2\/product_tag?post=204219"}],"curies":[{"name":"wp","href":"https:\/\/api.w.org\/{rel}","templated":true}]}}