{"id":20559,"date":"2026-02-25T17:50:37","date_gmt":"2026-02-25T10:50:37","guid":{"rendered":"http:\/\/loftrunway.com\/product\/adidas-adizero-prime-x-20-strung-cobalt-blue-lucid-lemon"},"modified":"2026-04-03T19:28:40","modified_gmt":"2026-04-03T12:28:40","slug":"adidas-adizero-prime-x-20-strung-cobalt-blue-lucid-lemon","status":"publish","type":"product","link":"https:\/\/loftrunway.com\/de\/products\/adidas-adizero-prime-x-20-strung-cobalt-blue-lucid-lemon\/","title":{"rendered":"Adidas Adizero Prime X 2.0 Strung &#8218;Cobalt Blue Lucid Lemon&#8216;"},"content":{"rendered":"<p>Erleben Sie unvergleichliche Geschwindigkeit und Innovation mit den Adizero Prime X 2.0 STRUNG Laufschuhen \u2013 entwickelt f\u00fcr H\u00f6chstleistungen und Langstreckenl\u00e4ufe. Dank der innovativen STRUNG-Technologie von Adidas bieten diese Schuhe ein leichtes, pr\u00e4zises Tragegef\u00fchl, das sich Ihren nat\u00fcrlichen Bewegungen anpasst. Die zweilagige Lightstrike Pro-Mittelsohle sorgt f\u00fcr maximale D\u00e4mpfung und Energier\u00fcckgabe, w\u00e4hrend die innovativen ENERGYRODS in der Sohle f\u00fcr effizienten Vortrieb und weniger Erm\u00fcdung sorgen. Die Continental-Gummiau\u00dfensohle bietet ultimative Strapazierf\u00e4higkeit und optimalen Grip und erm\u00f6glicht Ihnen, jedes Terrain souver\u00e4n zu meistern. Diese Hochleistungsschuhe sind perfekt f\u00fcr ambitionierte L\u00e4ufer und definieren die M\u00f6glichkeiten am Wettkampftag neu. Sie vereinen fortschrittliche Materialien mit ergonomischem Design f\u00fcr maximalen Komfort und h\u00f6chste Geschwindigkeit. Erweitere deine Grenzen und erlebe die Zukunft des Laufens mit dem Adizero Prime X 2.0 STRUNG.<\/p>\n<ul>\n<li><strong>Farbgebung:<\/strong> Kobaltblau\/Zero Metallic\/Lucid Lemon<\/li>\n<li><strong>Style-Code:<\/strong> IF1209<\/li>\n<li><strong>Obermaterial:<\/strong> Strung<\/li>\n<li><strong>Zwischensohle:<\/strong> Lightstrike Pro<\/li>\n<li><strong>Farbe:<\/strong> Blau<\/li>\n<\/ul>\n","protected":false},"excerpt":{"rendered":"<p>adidas Adizero Prime X 2.0 STRUNG \u2014 Cobalt Blue\/Zero Metalic\/Lucid Lemon<\/p>\n","protected":false},"featured_media":20560,"comment_status":"open","ping_status":"closed","template":"","meta":[],"product_brand":[],"product_cat":[9215],"product_tag":[9777],"class_list":{"0":"post-20559","1":"product","2":"type-product","3":"status-publish","4":"has-post-thumbnail","6":"product_cat-adidas-2026","7":"product_tag-9777","8":"wcpa_has_options","10":"first","11":"instock","12":"taxable","13":"shipping-taxable","14":"purchasable","15":"product-type-simple"},"wcpa_form_fields":{"rules":{"pric_overide_base_price":false,"pric_overide_base_price_if_gt_zero":false,"pric_overide_base_price_fully":false,"pric_cal_option_once":false,"pric_use_as_fee":false,"bind_quantity":false,"quantity_bind_formula":false},"fields":[{"type":"color-group","required":true,"elementId":"wcpa-color-group-66c4a7f817afe","label":"Gr\u00f6\u00dfe","inline":true,"priceOptions":"different_for_all","pricingType":"fixed","className":"hassizechart product-shoes-size-eu product-shoes-size","name":"color-group-66c4a7f817b18","disp_type":"square","selection_type":"tick-border","disp_size":"50","show_label_inside":true,"adjust_width":true,"cart_display_type":"text","other_text":"Other","cl_rule":"show","col":6,"values":[{"label":"35","value":"EU 35","price":"","pimage":"","pimage_id":"","pthumb":"","color":""},{"label":"35.5","value":"EU 35.5","price":"","pimage":"","pimage_id":"","pthumb":"","color":""},{"label":"36","value":"EU 36","price":"","pimage":"","pimage_id":"","pthumb":"","color":"","selected":true},{"label":"36 2\/3","value":"EU 36 2\/3","price":"","pimage":"","pimage_id":"","pthumb":"","color":""},{"label":"37 1\/3","value":"EU 37 1\/3","price":"","pimage":"","pimage_id":"","pthumb":"","color":""},{"label":"38","value":"EU 38","price":"","pimage":"","pimage_id":"","pthumb":"","color":""},{"label":"38 2\/3","value":"EU 38 2\/3","price":"","pimage":"","pimage_id":"","pthumb":"","color":""},{"label":"39 1\/3","value":"EU 39 1\/3","price":"","pimage":"","pimage_id":"","pthumb":"","color":""},{"label":"40","value":"EU 40","price":"","pimage":"","pimage_id":"","pthumb":"","color":""},{"label":"40 2\/3","value":"EU 40 2\/3","price":"","pimage":"","pimage_id":"","pthumb":"","color":""},{"label":"41 1\/3","value":"EU 41 1\/3","price":"","pimage":"","pimage_id":"","pthumb":"","color":""},{"label":"42","value":"EU 42","price":"","pimage":"","pimage_id":"","pthumb":"","color":""},{"label":"42 2\/3","value":"EU 42 2\/3","price":"","pimage":"","pimage_id":"","pthumb":"","color":""},{"label":"43 1\/3","value":"EU 43 1\/3","price":"","pimage":"","pimage_id":"","pthumb":"","color":""},{"label":"44","value":"EU 44","price":"","pimage":"","pimage_id":"","pthumb":"","color":""},{"label":"44 2\/3","value":"EU 44 2\/3","price":"","pimage":"","pimage_id":"","pthumb":"","color":""},{"label":"45 1\/3","value":"EU 45 1\/3","price":"","pimage":"","pimage_id":"","pthumb":"","color":""},{"label":"46","value":"EU 46","price":"","pimage":"","pimage_id":"","pthumb":"","color":""},{"label":"46 2\/3","value":"EU 46 2\/3","price":"","pimage":"","pimage_id":"","pthumb":"","color":""},{"label":"47 1\/3","value":"EU 47 1\/3","price":"","pimage":"","pimage_id":"","pthumb":"","color":""}],"relations":[{"operator":false,"rules":[]}],"form_id":24802,"form_rules":{"pric_cal_option_once":false,"exclude_from_discount":false,"pric_use_as_fee":false,"fee_label":"Fee","render_after_acb":false,"disp_hide_options_price":false}}]},"yoast_head":"<!-- This site is optimized with the Yoast SEO plugin v26.5 - https:\/\/yoast.com\/wordpress\/plugins\/seo\/ -->\n<title>Adidas Adizero Prime X 2.0 Strung &#039;Cobalt Blue Lucid Lemon&#039; - Loftrunway<\/title>\n<meta name=\"robots\" content=\"index, follow, max-snippet:-1, max-image-preview:large, max-video-preview:-1\" \/>\n<link rel=\"canonical\" href=\"https:\/\/loftrunway.com\/de\/products\/adidas-adizero-prime-x-20-strung-cobalt-blue-lucid-lemon\/\" \/>\n<meta property=\"og:locale\" content=\"de_DE\" \/>\n<meta property=\"og:type\" content=\"article\" \/>\n<meta property=\"og:title\" content=\"Adidas Adizero Prime X 2.0 Strung &#039;Cobalt Blue Lucid Lemon&#039; - Loftrunway\" \/>\n<meta property=\"og:description\" content=\"adidas Adizero Prime X 2.0 STRUNG \u2014 Cobalt Blue\/Zero Metalic\/Lucid Lemon\" \/>\n<meta property=\"og:url\" content=\"https:\/\/loftrunway.com\/de\/products\/adidas-adizero-prime-x-20-strung-cobalt-blue-lucid-lemon\/\" \/>\n<meta property=\"og:site_name\" content=\"loftRUN Sneaker Store\" \/>\n<meta property=\"article:modified_time\" content=\"2026-04-03T12:28:40+00:00\" \/>\n<meta name=\"twitter:card\" content=\"summary_large_image\" \/>\n<meta name=\"twitter:image\" content=\"https:\/\/images.novelship.com\/product\/adizero_prime_x_2_0_strung_running_shoes_if1209_0_20647.jpeg\" \/>\n<meta name=\"twitter:label1\" content=\"Gesch\u00e4tzte Lesezeit\" \/>\n\t<meta name=\"twitter:data1\" content=\"1\u00a0Minute\" \/>\n<script type=\"application\/ld+json\" class=\"yoast-schema-graph\">{\"@context\":\"https:\/\/schema.org\",\"@graph\":[{\"@type\":\"WebPage\",\"@id\":\"https:\/\/loftrunway.com\/de\/products\/adidas-adizero-prime-x-20-strung-cobalt-blue-lucid-lemon\/\",\"url\":\"https:\/\/loftrunway.com\/de\/products\/adidas-adizero-prime-x-20-strung-cobalt-blue-lucid-lemon\/\",\"name\":\"Adidas Adizero Prime X 2.0 Strung 'Cobalt Blue Lucid Lemon' - Loftrunway\",\"isPartOf\":{\"@id\":\"https:\/\/loftrunway.com\/de\/#website\"},\"primaryImageOfPage\":{\"@id\":\"https:\/\/loftrunway.com\/de\/products\/adidas-adizero-prime-x-20-strung-cobalt-blue-lucid-lemon\/#primaryimage\"},\"image\":{\"@id\":\"https:\/\/loftrunway.com\/de\/products\/adidas-adizero-prime-x-20-strung-cobalt-blue-lucid-lemon\/#primaryimage\"},\"thumbnailUrl\":\"https:\/\/images.novelship.com\/product\/adizero_prime_x_2_0_strung_running_shoes_if1209_0_20647.jpeg\",\"datePublished\":\"2026-02-25T10:50:37+00:00\",\"dateModified\":\"2026-04-03T12:28:40+00:00\",\"breadcrumb\":{\"@id\":\"https:\/\/loftrunway.com\/de\/products\/adidas-adizero-prime-x-20-strung-cobalt-blue-lucid-lemon\/#breadcrumb\"},\"inLanguage\":\"de\",\"potentialAction\":[{\"@type\":\"ReadAction\",\"target\":[\"https:\/\/loftrunway.com\/de\/products\/adidas-adizero-prime-x-20-strung-cobalt-blue-lucid-lemon\/\"]}]},{\"@type\":\"ImageObject\",\"inLanguage\":\"de\",\"@id\":\"https:\/\/loftrunway.com\/de\/products\/adidas-adizero-prime-x-20-strung-cobalt-blue-lucid-lemon\/#primaryimage\",\"url\":\"https:\/\/images.novelship.com\/product\/adizero_prime_x_2_0_strung_running_shoes_if1209_0_20647.jpeg\",\"contentUrl\":\"https:\/\/images.novelship.com\/product\/adizero_prime_x_2_0_strung_running_shoes_if1209_0_20647.jpeg\"},{\"@type\":\"BreadcrumbList\",\"@id\":\"https:\/\/loftrunway.com\/de\/products\/adidas-adizero-prime-x-20-strung-cobalt-blue-lucid-lemon\/#breadcrumb\",\"itemListElement\":[{\"@type\":\"ListItem\",\"position\":1,\"name\":\"Home\",\"item\":\"https:\/\/loftrunway.com\/de\/\"},{\"@type\":\"ListItem\",\"position\":2,\"name\":\"Shop\",\"item\":\"https:\/\/loftrunway.com\/de\/shop\/\"},{\"@type\":\"ListItem\",\"position\":3,\"name\":\"Adidas Adizero Prime X 2.0 Strung &#8218;Cobalt Blue Lucid Lemon&#8216;\"}]},{\"@type\":\"WebSite\",\"@id\":\"https:\/\/loftrunway.com\/de\/#website\",\"url\":\"https:\/\/loftrunway.com\/de\/\",\"name\":\"Styloral Jewelry Shop\",\"description\":\"Der Ort, an dem man alle Arten von Sneakern findet\",\"publisher\":{\"@id\":\"https:\/\/loftrunway.com\/de\/#organization\"},\"potentialAction\":[{\"@type\":\"SearchAction\",\"target\":{\"@type\":\"EntryPoint\",\"urlTemplate\":\"https:\/\/loftrunway.com\/de\/?s={search_term_string}\"},\"query-input\":{\"@type\":\"PropertyValueSpecification\",\"valueRequired\":true,\"valueName\":\"search_term_string\"}}],\"inLanguage\":\"de\"},{\"@type\":\"Organization\",\"@id\":\"https:\/\/loftrunway.com\/de\/#organization\",\"name\":\"STYLORAL PTE. LTD\",\"url\":\"https:\/\/loftrunway.com\/de\/\",\"logo\":{\"@type\":\"ImageObject\",\"inLanguage\":\"de\",\"@id\":\"https:\/\/loftrunway.com\/de\/#\/schema\/logo\/image\/\",\"url\":\"https:\/\/www.loftrunway.com\/wp-content\/uploads\/2025\/12\/logo.png\",\"contentUrl\":\"https:\/\/www.loftrunway.com\/wp-content\/uploads\/2025\/12\/logo.png\",\"width\":200,\"height\":65,\"caption\":\"STYLORAL PTE. LTD\"},\"image\":{\"@id\":\"https:\/\/loftrunway.com\/de\/#\/schema\/logo\/image\/\"}}]}<\/script>\n<!-- \/ Yoast SEO plugin. -->","yoast_head_json":{"title":"Adidas Adizero Prime X 2.0 Strung 'Cobalt Blue Lucid Lemon' - Loftrunway","robots":{"index":"index","follow":"follow","max-snippet":"max-snippet:-1","max-image-preview":"max-image-preview:large","max-video-preview":"max-video-preview:-1"},"canonical":"https:\/\/loftrunway.com\/de\/products\/adidas-adizero-prime-x-20-strung-cobalt-blue-lucid-lemon\/","og_locale":"de_DE","og_type":"article","og_title":"Adidas Adizero Prime X 2.0 Strung 'Cobalt Blue Lucid Lemon' - Loftrunway","og_description":"adidas Adizero Prime X 2.0 STRUNG \u2014 Cobalt Blue\/Zero Metalic\/Lucid Lemon","og_url":"https:\/\/loftrunway.com\/de\/products\/adidas-adizero-prime-x-20-strung-cobalt-blue-lucid-lemon\/","og_site_name":"loftRUN Sneaker Store","article_modified_time":"2026-04-03T12:28:40+00:00","twitter_card":"summary_large_image","twitter_image":"https:\/\/images.novelship.com\/product\/adizero_prime_x_2_0_strung_running_shoes_if1209_0_20647.jpeg","twitter_misc":{"Gesch\u00e4tzte Lesezeit":"1\u00a0Minute"},"schema":{"@context":"https:\/\/schema.org","@graph":[{"@type":"WebPage","@id":"https:\/\/loftrunway.com\/de\/products\/adidas-adizero-prime-x-20-strung-cobalt-blue-lucid-lemon\/","url":"https:\/\/loftrunway.com\/de\/products\/adidas-adizero-prime-x-20-strung-cobalt-blue-lucid-lemon\/","name":"Adidas Adizero Prime X 2.0 Strung 'Cobalt Blue Lucid Lemon' - Loftrunway","isPartOf":{"@id":"https:\/\/loftrunway.com\/de\/#website"},"primaryImageOfPage":{"@id":"https:\/\/loftrunway.com\/de\/products\/adidas-adizero-prime-x-20-strung-cobalt-blue-lucid-lemon\/#primaryimage"},"image":{"@id":"https:\/\/loftrunway.com\/de\/products\/adidas-adizero-prime-x-20-strung-cobalt-blue-lucid-lemon\/#primaryimage"},"thumbnailUrl":"https:\/\/images.novelship.com\/product\/adizero_prime_x_2_0_strung_running_shoes_if1209_0_20647.jpeg","datePublished":"2026-02-25T10:50:37+00:00","dateModified":"2026-04-03T12:28:40+00:00","breadcrumb":{"@id":"https:\/\/loftrunway.com\/de\/products\/adidas-adizero-prime-x-20-strung-cobalt-blue-lucid-lemon\/#breadcrumb"},"inLanguage":"de","potentialAction":[{"@type":"ReadAction","target":["https:\/\/loftrunway.com\/de\/products\/adidas-adizero-prime-x-20-strung-cobalt-blue-lucid-lemon\/"]}]},{"@type":"ImageObject","inLanguage":"de","@id":"https:\/\/loftrunway.com\/de\/products\/adidas-adizero-prime-x-20-strung-cobalt-blue-lucid-lemon\/#primaryimage","url":"https:\/\/images.novelship.com\/product\/adizero_prime_x_2_0_strung_running_shoes_if1209_0_20647.jpeg","contentUrl":"https:\/\/images.novelship.com\/product\/adizero_prime_x_2_0_strung_running_shoes_if1209_0_20647.jpeg"},{"@type":"BreadcrumbList","@id":"https:\/\/loftrunway.com\/de\/products\/adidas-adizero-prime-x-20-strung-cobalt-blue-lucid-lemon\/#breadcrumb","itemListElement":[{"@type":"ListItem","position":1,"name":"Home","item":"https:\/\/loftrunway.com\/de\/"},{"@type":"ListItem","position":2,"name":"Shop","item":"https:\/\/loftrunway.com\/de\/shop\/"},{"@type":"ListItem","position":3,"name":"Adidas Adizero Prime X 2.0 Strung &#8218;Cobalt Blue Lucid Lemon&#8216;"}]},{"@type":"WebSite","@id":"https:\/\/loftrunway.com\/de\/#website","url":"https:\/\/loftrunway.com\/de\/","name":"Styloral Jewelry Shop","description":"Der Ort, an dem man alle Arten von Sneakern findet","publisher":{"@id":"https:\/\/loftrunway.com\/de\/#organization"},"potentialAction":[{"@type":"SearchAction","target":{"@type":"EntryPoint","urlTemplate":"https:\/\/loftrunway.com\/de\/?s={search_term_string}"},"query-input":{"@type":"PropertyValueSpecification","valueRequired":true,"valueName":"search_term_string"}}],"inLanguage":"de"},{"@type":"Organization","@id":"https:\/\/loftrunway.com\/de\/#organization","name":"STYLORAL PTE. LTD","url":"https:\/\/loftrunway.com\/de\/","logo":{"@type":"ImageObject","inLanguage":"de","@id":"https:\/\/loftrunway.com\/de\/#\/schema\/logo\/image\/","url":"https:\/\/www.loftrunway.com\/wp-content\/uploads\/2025\/12\/logo.png","contentUrl":"https:\/\/www.loftrunway.com\/wp-content\/uploads\/2025\/12\/logo.png","width":200,"height":65,"caption":"STYLORAL PTE. LTD"},"image":{"@id":"https:\/\/loftrunway.com\/de\/#\/schema\/logo\/image\/"}}]}},"_links":{"self":[{"href":"https:\/\/loftrunway.com\/de\/wp-json\/wp\/v2\/product\/20559","targetHints":{"allow":["GET"]}}],"collection":[{"href":"https:\/\/loftrunway.com\/de\/wp-json\/wp\/v2\/product"}],"about":[{"href":"https:\/\/loftrunway.com\/de\/wp-json\/wp\/v2\/types\/product"}],"replies":[{"embeddable":true,"href":"https:\/\/loftrunway.com\/de\/wp-json\/wp\/v2\/comments?post=20559"}],"wp:featuredmedia":[{"embeddable":true,"href":"https:\/\/loftrunway.com\/de\/wp-json\/wp\/v2\/media\/20560"}],"wp:attachment":[{"href":"https:\/\/loftrunway.com\/de\/wp-json\/wp\/v2\/media?parent=20559"}],"wp:term":[{"taxonomy":"product_brand","embeddable":true,"href":"https:\/\/loftrunway.com\/de\/wp-json\/wp\/v2\/product_brand?post=20559"},{"taxonomy":"product_cat","embeddable":true,"href":"https:\/\/loftrunway.com\/de\/wp-json\/wp\/v2\/product_cat?post=20559"},{"taxonomy":"product_tag","embeddable":true,"href":"https:\/\/loftrunway.com\/de\/wp-json\/wp\/v2\/product_tag?post=20559"}],"curies":[{"name":"wp","href":"https:\/\/api.w.org\/{rel}","templated":true}]}}