{"id":206290,"date":"2026-03-22T12:32:40","date_gmt":"2026-03-22T05:32:40","guid":{"rendered":"https:\/\/loftrunway.com\/product\/size-x-nike-dunk-low-dark-driftwood"},"modified":"2026-03-22T21:49:20","modified_gmt":"2026-03-22T14:49:20","slug":"size-x-nike-dunk-low-dark-driftwood","status":"publish","type":"product","link":"https:\/\/loftrunway.com\/de\/products\/size-x-nike-dunk-low-dark-driftwood\/","title":{"rendered":"size? x Nike Dunk Low &#8218;Dark Driftwood&#8216;"},"content":{"rendered":"<p>Wir pr\u00e4sentieren den Size? x Nike Dunk Low Dark Driftwood &#8211; eine Must-have-Kollaboration zwischen Size? und Nike. Dieser ikonische Sneaker besticht durch sein elegantes Design in der Farbe Dark Driftwood und verleiht jedem Outfit das gewisse Etwas. Gefertigt aus hochwertigen Materialien, sind diese Nike Dunks nicht nur modisch, sondern auch unglaublich bequem. Mit diesem Sneaker in limitierter Auflage ziehst du garantiert alle Blicke auf dich.Farbe: Dark Driftwood\/Photo Blue-RattanStyle-Code: DO6712-200Obermaterial: LederFarbe: HellbraunDesigner: Peter MooreSaison: Fr\u00fchlingErscheinungsjahr: 2022<\/p>\n","protected":false},"excerpt":{"rendered":"<p>Wir pr\u00e4sentieren den Size? x Nike Dunk Low Dark Driftwood &#8211; eine Must-have-Kollaboration zwischen Size? und Nike. Dieser ikonische Sneaker besticht durch sein elegantes Design in der Farbe Dark Driftwood und verleiht jedem Outfit das gewisse Etwas. Gefertigt aus hochwertigen Materialien, sind diese Nike Dunks nicht nur modisch, sondern auch unglaublich bequem. Mit diesem Sneaker [&hellip;]<\/p>\n","protected":false},"featured_media":206291,"comment_status":"open","ping_status":"closed","template":"","meta":[],"product_brand":[],"product_cat":[10809],"product_tag":[38839],"class_list":{"0":"post-206290","1":"product","2":"type-product","3":"status-publish","4":"has-post-thumbnail","6":"product_cat-nike-women","7":"product_tag-instockold","8":"wcpa_has_options","10":"first","11":"instock","12":"taxable","13":"shipping-taxable","14":"purchasable","15":"product-type-simple"},"wcpa_form_fields":{"rules":{"pric_overide_base_price":false,"pric_overide_base_price_if_gt_zero":false,"pric_overide_base_price_fully":false,"pric_cal_option_once":false,"pric_use_as_fee":false,"bind_quantity":false,"quantity_bind_formula":false},"fields":[{"type":"color-group","required":true,"elementId":"wcpa-color-group-66c4a75505e74","label":"Gr\u00f6\u00dfe - EU Gr\u00f6\u00dfe","inline":true,"priceOptions":"different_for_all","pricingType":"fixed","className":"hassizechart product-shoes-size-eu product-shoes-size","name":"color-group-66c4a75505e89","disp_type":"square","selection_type":"tick-border","disp_size":"44","show_label_inside":true,"adjust_width":true,"cart_display_type":"text","other_text":"Other","cl_rule":"show","col":6,"values":[{"label":"35.5","value":"EU 35.5","price":"","pimage":"","pimage_id":"","pthumb":"","color":""},{"label":"36","value":"EU 36","price":"","pimage":"","pimage_id":"","pthumb":"","color":"","selected":true},{"label":"36.5","value":"EU 36.5","price":"","pimage":"","pimage_id":"","pthumb":"","color":""},{"label":"37.5","value":"EU 37.5","price":"","pimage":"","pimage_id":"","pthumb":"","color":""},{"label":"38","value":"EU 38","price":"","pimage":"","pimage_id":"","pthumb":"","color":""},{"label":"38.5","value":"EU 38.5","price":"","pimage":"","pimage_id":"","pthumb":"","color":""},{"label":"39","value":"EU 39","price":"","pimage":"","pimage_id":"","pthumb":"","color":""},{"label":"40","value":"EU 40","price":"","pimage":"","pimage_id":"","pthumb":"","color":""},{"label":"40.5","value":"EU 40.5","price":"","pimage":"","pimage_id":"","pthumb":"","color":""},{"label":"41","value":"EU 41","price":"","pimage":"","pimage_id":"","pthumb":"","color":""},{"label":"42","value":"EU 42","price":"","pimage":"","pimage_id":"","pthumb":"","color":""},{"label":"42.5","value":"EU 42.5","price":"","pimage":"","pimage_id":"","pthumb":"","color":""},{"label":"43","value":"EU 43","price":"","pimage":"","pimage_id":"","pthumb":"","color":""},{"label":"44","value":"EU 44","price":"","pimage":"","pimage_id":"","pthumb":"","color":""},{"label":"44.5","value":"EU 44.5","price":"","pimage":"","pimage_id":"","pthumb":"","color":""},{"label":"45","value":"EU 45","price":"","pimage":"","pimage_id":"","pthumb":"","color":""},{"label":"45.5","value":"EU 45.5","price":"","pimage":"","pimage_id":"","pthumb":"","color":""},{"label":"46","value":"EU 46","price":"","pimage":"","pimage_id":"","pthumb":"","color":""},{"label":"47","value":"EU 47","price":"","pimage":"","pimage_id":"","pthumb":"","color":""},{"label":"47.5","value":"EU 47.5","price":"","pimage":"","pimage_id":"","pthumb":"","color":""},{"label":"48","value":"EU 48","price":"","pimage":"","pimage_id":"","pthumb":"","color":""}],"relations":[{"operator":false,"rules":[]}],"form_id":18106,"form_rules":{"pric_cal_option_once":false,"exclude_from_discount":false,"pric_use_as_fee":false,"fee_label":"Fee","render_after_acb":false,"disp_hide_options_price":false}}]},"yoast_head":"<!-- This site is optimized with the Yoast SEO plugin v26.5 - https:\/\/yoast.com\/wordpress\/plugins\/seo\/ -->\n<title>size? x Nike Dunk Low &#039;Dark Driftwood&#039; - Loftrunway<\/title>\n<meta name=\"robots\" content=\"index, follow, max-snippet:-1, max-image-preview:large, max-video-preview:-1\" \/>\n<link rel=\"canonical\" href=\"https:\/\/loftrunway.com\/de\/products\/size-x-nike-dunk-low-dark-driftwood\/\" \/>\n<meta property=\"og:locale\" content=\"de_DE\" \/>\n<meta property=\"og:type\" content=\"article\" \/>\n<meta property=\"og:title\" content=\"size? x Nike Dunk Low &#039;Dark Driftwood&#039; - Loftrunway\" \/>\n<meta property=\"og:description\" content=\"Wir pr\u00e4sentieren den Size? x Nike Dunk Low Dark Driftwood &#8211; eine Must-have-Kollaboration zwischen Size? und Nike. Dieser ikonische Sneaker besticht durch sein elegantes Design in der Farbe Dark Driftwood und verleiht jedem Outfit das gewisse Etwas. Gefertigt aus hochwertigen Materialien, sind diese Nike Dunks nicht nur modisch, sondern auch unglaublich bequem. Mit diesem Sneaker [&hellip;]\" \/>\n<meta property=\"og:url\" content=\"https:\/\/loftrunway.com\/de\/products\/size-x-nike-dunk-low-dark-driftwood\/\" \/>\n<meta property=\"og:site_name\" content=\"loftRUN Sneaker Store\" \/>\n<meta property=\"article:modified_time\" content=\"2026-03-22T14:49:20+00:00\" \/>\n<meta name=\"twitter:card\" content=\"summary_large_image\" \/>\n<meta name=\"twitter:image\" content=\"https:\/\/images.novelship.com\/product\/1653918264102_sizexNikeD0.png\" \/>\n<script type=\"application\/ld+json\" class=\"yoast-schema-graph\">{\"@context\":\"https:\/\/schema.org\",\"@graph\":[{\"@type\":\"WebPage\",\"@id\":\"https:\/\/loftrunway.com\/de\/products\/size-x-nike-dunk-low-dark-driftwood\/\",\"url\":\"https:\/\/loftrunway.com\/de\/products\/size-x-nike-dunk-low-dark-driftwood\/\",\"name\":\"size? x Nike Dunk Low 'Dark Driftwood' - Loftrunway\",\"isPartOf\":{\"@id\":\"https:\/\/loftrunway.com\/de\/#website\"},\"primaryImageOfPage\":{\"@id\":\"https:\/\/loftrunway.com\/de\/products\/size-x-nike-dunk-low-dark-driftwood\/#primaryimage\"},\"image\":{\"@id\":\"https:\/\/loftrunway.com\/de\/products\/size-x-nike-dunk-low-dark-driftwood\/#primaryimage\"},\"thumbnailUrl\":\"https:\/\/images.novelship.com\/product\/1653918264102_sizexNikeD0.png\",\"datePublished\":\"2026-03-22T05:32:40+00:00\",\"dateModified\":\"2026-03-22T14:49:20+00:00\",\"breadcrumb\":{\"@id\":\"https:\/\/loftrunway.com\/de\/products\/size-x-nike-dunk-low-dark-driftwood\/#breadcrumb\"},\"inLanguage\":\"de\",\"potentialAction\":[{\"@type\":\"ReadAction\",\"target\":[\"https:\/\/loftrunway.com\/de\/products\/size-x-nike-dunk-low-dark-driftwood\/\"]}]},{\"@type\":\"ImageObject\",\"inLanguage\":\"de\",\"@id\":\"https:\/\/loftrunway.com\/de\/products\/size-x-nike-dunk-low-dark-driftwood\/#primaryimage\",\"url\":\"https:\/\/images.novelship.com\/product\/1653918264102_sizexNikeD0.png\",\"contentUrl\":\"https:\/\/images.novelship.com\/product\/1653918264102_sizexNikeD0.png\"},{\"@type\":\"BreadcrumbList\",\"@id\":\"https:\/\/loftrunway.com\/de\/products\/size-x-nike-dunk-low-dark-driftwood\/#breadcrumb\",\"itemListElement\":[{\"@type\":\"ListItem\",\"position\":1,\"name\":\"Home\",\"item\":\"https:\/\/loftrunway.com\/de\/\"},{\"@type\":\"ListItem\",\"position\":2,\"name\":\"Shop\",\"item\":\"https:\/\/loftrunway.com\/de\/shop\/\"},{\"@type\":\"ListItem\",\"position\":3,\"name\":\"size? x Nike Dunk Low &#8218;Dark Driftwood&#8216;\"}]},{\"@type\":\"WebSite\",\"@id\":\"https:\/\/loftrunway.com\/de\/#website\",\"url\":\"https:\/\/loftrunway.com\/de\/\",\"name\":\"Styloral Jewelry Shop\",\"description\":\"Der Ort, an dem man alle Arten von Sneakern findet\",\"publisher\":{\"@id\":\"https:\/\/loftrunway.com\/de\/#organization\"},\"potentialAction\":[{\"@type\":\"SearchAction\",\"target\":{\"@type\":\"EntryPoint\",\"urlTemplate\":\"https:\/\/loftrunway.com\/de\/?s={search_term_string}\"},\"query-input\":{\"@type\":\"PropertyValueSpecification\",\"valueRequired\":true,\"valueName\":\"search_term_string\"}}],\"inLanguage\":\"de\"},{\"@type\":\"Organization\",\"@id\":\"https:\/\/loftrunway.com\/de\/#organization\",\"name\":\"STYLORAL PTE. LTD\",\"url\":\"https:\/\/loftrunway.com\/de\/\",\"logo\":{\"@type\":\"ImageObject\",\"inLanguage\":\"de\",\"@id\":\"https:\/\/loftrunway.com\/de\/#\/schema\/logo\/image\/\",\"url\":\"https:\/\/www.loftrunway.com\/wp-content\/uploads\/2025\/12\/logo.png\",\"contentUrl\":\"https:\/\/www.loftrunway.com\/wp-content\/uploads\/2025\/12\/logo.png\",\"width\":200,\"height\":65,\"caption\":\"STYLORAL PTE. LTD\"},\"image\":{\"@id\":\"https:\/\/loftrunway.com\/de\/#\/schema\/logo\/image\/\"}}]}<\/script>\n<!-- \/ Yoast SEO plugin. -->","yoast_head_json":{"title":"size? x Nike Dunk Low 'Dark Driftwood' - Loftrunway","robots":{"index":"index","follow":"follow","max-snippet":"max-snippet:-1","max-image-preview":"max-image-preview:large","max-video-preview":"max-video-preview:-1"},"canonical":"https:\/\/loftrunway.com\/de\/products\/size-x-nike-dunk-low-dark-driftwood\/","og_locale":"de_DE","og_type":"article","og_title":"size? x Nike Dunk Low 'Dark Driftwood' - Loftrunway","og_description":"Wir pr\u00e4sentieren den Size? x Nike Dunk Low Dark Driftwood &#8211; eine Must-have-Kollaboration zwischen Size? und Nike. Dieser ikonische Sneaker besticht durch sein elegantes Design in der Farbe Dark Driftwood und verleiht jedem Outfit das gewisse Etwas. Gefertigt aus hochwertigen Materialien, sind diese Nike Dunks nicht nur modisch, sondern auch unglaublich bequem. Mit diesem Sneaker [&hellip;]","og_url":"https:\/\/loftrunway.com\/de\/products\/size-x-nike-dunk-low-dark-driftwood\/","og_site_name":"loftRUN Sneaker Store","article_modified_time":"2026-03-22T14:49:20+00:00","twitter_card":"summary_large_image","twitter_image":"https:\/\/images.novelship.com\/product\/1653918264102_sizexNikeD0.png","schema":{"@context":"https:\/\/schema.org","@graph":[{"@type":"WebPage","@id":"https:\/\/loftrunway.com\/de\/products\/size-x-nike-dunk-low-dark-driftwood\/","url":"https:\/\/loftrunway.com\/de\/products\/size-x-nike-dunk-low-dark-driftwood\/","name":"size? x Nike Dunk Low 'Dark Driftwood' - Loftrunway","isPartOf":{"@id":"https:\/\/loftrunway.com\/de\/#website"},"primaryImageOfPage":{"@id":"https:\/\/loftrunway.com\/de\/products\/size-x-nike-dunk-low-dark-driftwood\/#primaryimage"},"image":{"@id":"https:\/\/loftrunway.com\/de\/products\/size-x-nike-dunk-low-dark-driftwood\/#primaryimage"},"thumbnailUrl":"https:\/\/images.novelship.com\/product\/1653918264102_sizexNikeD0.png","datePublished":"2026-03-22T05:32:40+00:00","dateModified":"2026-03-22T14:49:20+00:00","breadcrumb":{"@id":"https:\/\/loftrunway.com\/de\/products\/size-x-nike-dunk-low-dark-driftwood\/#breadcrumb"},"inLanguage":"de","potentialAction":[{"@type":"ReadAction","target":["https:\/\/loftrunway.com\/de\/products\/size-x-nike-dunk-low-dark-driftwood\/"]}]},{"@type":"ImageObject","inLanguage":"de","@id":"https:\/\/loftrunway.com\/de\/products\/size-x-nike-dunk-low-dark-driftwood\/#primaryimage","url":"https:\/\/images.novelship.com\/product\/1653918264102_sizexNikeD0.png","contentUrl":"https:\/\/images.novelship.com\/product\/1653918264102_sizexNikeD0.png"},{"@type":"BreadcrumbList","@id":"https:\/\/loftrunway.com\/de\/products\/size-x-nike-dunk-low-dark-driftwood\/#breadcrumb","itemListElement":[{"@type":"ListItem","position":1,"name":"Home","item":"https:\/\/loftrunway.com\/de\/"},{"@type":"ListItem","position":2,"name":"Shop","item":"https:\/\/loftrunway.com\/de\/shop\/"},{"@type":"ListItem","position":3,"name":"size? x Nike Dunk Low &#8218;Dark Driftwood&#8216;"}]},{"@type":"WebSite","@id":"https:\/\/loftrunway.com\/de\/#website","url":"https:\/\/loftrunway.com\/de\/","name":"Styloral Jewelry Shop","description":"Der Ort, an dem man alle Arten von Sneakern findet","publisher":{"@id":"https:\/\/loftrunway.com\/de\/#organization"},"potentialAction":[{"@type":"SearchAction","target":{"@type":"EntryPoint","urlTemplate":"https:\/\/loftrunway.com\/de\/?s={search_term_string}"},"query-input":{"@type":"PropertyValueSpecification","valueRequired":true,"valueName":"search_term_string"}}],"inLanguage":"de"},{"@type":"Organization","@id":"https:\/\/loftrunway.com\/de\/#organization","name":"STYLORAL PTE. LTD","url":"https:\/\/loftrunway.com\/de\/","logo":{"@type":"ImageObject","inLanguage":"de","@id":"https:\/\/loftrunway.com\/de\/#\/schema\/logo\/image\/","url":"https:\/\/www.loftrunway.com\/wp-content\/uploads\/2025\/12\/logo.png","contentUrl":"https:\/\/www.loftrunway.com\/wp-content\/uploads\/2025\/12\/logo.png","width":200,"height":65,"caption":"STYLORAL PTE. LTD"},"image":{"@id":"https:\/\/loftrunway.com\/de\/#\/schema\/logo\/image\/"}}]}},"_links":{"self":[{"href":"https:\/\/loftrunway.com\/de\/wp-json\/wp\/v2\/product\/206290","targetHints":{"allow":["GET"]}}],"collection":[{"href":"https:\/\/loftrunway.com\/de\/wp-json\/wp\/v2\/product"}],"about":[{"href":"https:\/\/loftrunway.com\/de\/wp-json\/wp\/v2\/types\/product"}],"replies":[{"embeddable":true,"href":"https:\/\/loftrunway.com\/de\/wp-json\/wp\/v2\/comments?post=206290"}],"wp:featuredmedia":[{"embeddable":true,"href":"https:\/\/loftrunway.com\/de\/wp-json\/wp\/v2\/media\/206291"}],"wp:attachment":[{"href":"https:\/\/loftrunway.com\/de\/wp-json\/wp\/v2\/media?parent=206290"}],"wp:term":[{"taxonomy":"product_brand","embeddable":true,"href":"https:\/\/loftrunway.com\/de\/wp-json\/wp\/v2\/product_brand?post=206290"},{"taxonomy":"product_cat","embeddable":true,"href":"https:\/\/loftrunway.com\/de\/wp-json\/wp\/v2\/product_cat?post=206290"},{"taxonomy":"product_tag","embeddable":true,"href":"https:\/\/loftrunway.com\/de\/wp-json\/wp\/v2\/product_tag?post=206290"}],"curies":[{"name":"wp","href":"https:\/\/api.w.org\/{rel}","templated":true}]}}