{"id":20681,"date":"2026-02-25T17:52:48","date_gmt":"2026-02-25T10:52:48","guid":{"rendered":"http:\/\/loftrunway.com\/product\/adidas-wmns-supernova-rise-2-white-crystal-jade"},"modified":"2026-04-02T14:25:09","modified_gmt":"2026-04-02T07:25:09","slug":"adidas-wmns-supernova-rise-2-white-crystal-jade","status":"publish","type":"product","link":"https:\/\/loftrunway.com\/de\/products\/adidas-wmns-supernova-rise-2-white-crystal-jade\/","title":{"rendered":"Adidas Wmns Supernova Rise 2 &#8218;White Crystal Jade&#8216;"},"content":{"rendered":"<p>Erlebe ultimative Performance und Style mit dem adidas Supernova Rise 2 \u201eWhite Crystal Jade\u201c, exklusiv f\u00fcr Damen designt. Dieser Laufschuh in elegantem Wei\u00df und Kristalljade optimiert Komfort und Energier\u00fcckgabe und ist damit ideal f\u00fcr dein t\u00e4gliches Training oder lange L\u00e4ufe. Das atmungsaktive Mesh-Obermaterial sorgt f\u00fcr optimale Bel\u00fcftung und h\u00e4lt deine F\u00fc\u00dfe angenehm k\u00fchl, w\u00e4hrend die reaktionsfreudige Zwischensohlend\u00e4mpfung bei jedem Schritt hervorragende Unterst\u00fctzung bietet und St\u00f6\u00dfe absorbiert. Die strapazierf\u00e4hige Au\u00dfensohle verbessert Grip und Stabilit\u00e4t auf unterschiedlichen Untergr\u00fcnden und gibt dir Sicherheit in jedem Terrain. Dank seiner leichten Konstruktion und des ergonomischen Designs vereint der Supernova Rise 2 Funktionalit\u00e4t und moderne Eleganz perfekt. Steigere deine sportliche Leistung und bleibe dabei m\u00fchelos stylisch \u2013 mit diesem vielseitigen Schuh.<\/p>\n<ul>\n<li><strong>Farbgebung:<\/strong> Wei\u00df\/Kristalljade\/Silbergr\u00fcn<\/li>\n<li><strong>Artikelnummer:<\/strong> JR2651<\/li>\n<li><strong>Obermaterial:<\/strong> Mesh<\/li>\n<li><strong>Zwischensohle:<\/strong> Dreamstrike+<\/li>\n<li><strong>Farbe:<\/strong> Wei\u00df<\/li>\n<li><strong>Saison:<\/strong> Winter<\/li>\n<li><strong>Erscheinungsjahr:<\/strong> 2025<\/li>\n<\/ul>\n","protected":false},"excerpt":{"rendered":"<p>adidas Supernova Rise 2 \u2014 Footwear White\/Crystal Jade\/Silver Green<\/p>\n","protected":false},"featured_media":20682,"comment_status":"open","ping_status":"closed","template":"","meta":[],"product_brand":[],"product_cat":[9215,41273],"product_tag":[9808],"class_list":{"0":"post-20681","1":"product","2":"type-product","3":"status-publish","4":"has-post-thumbnail","6":"product_cat-adidas-2026","7":"product_cat-remove","8":"product_tag-jr26516","9":"wcpa_has_options","11":"first","12":"instock","13":"taxable","14":"shipping-taxable","15":"purchasable","16":"product-type-simple"},"wcpa_form_fields":{"rules":{"pric_overide_base_price":false,"pric_overide_base_price_if_gt_zero":false,"pric_overide_base_price_fully":false,"pric_cal_option_once":false,"pric_use_as_fee":false,"bind_quantity":false,"quantity_bind_formula":false},"fields":[{"type":"color-group","required":true,"elementId":"wcpa-color-group-66c4a7f817afe","label":"Gr\u00f6\u00dfe","inline":true,"priceOptions":"different_for_all","pricingType":"fixed","className":"hassizechart product-shoes-size-eu product-shoes-size","name":"color-group-66c4a7f817b18","disp_type":"square","selection_type":"tick-border","disp_size":"50","show_label_inside":true,"adjust_width":true,"cart_display_type":"text","other_text":"Other","cl_rule":"show","col":6,"values":[{"label":"35","value":"EU 35","price":"","pimage":"","pimage_id":"","pthumb":"","color":""},{"label":"35.5","value":"EU 35.5","price":"","pimage":"","pimage_id":"","pthumb":"","color":""},{"label":"36","value":"EU 36","price":"","pimage":"","pimage_id":"","pthumb":"","color":"","selected":true},{"label":"36 2\/3","value":"EU 36 2\/3","price":"","pimage":"","pimage_id":"","pthumb":"","color":""},{"label":"37 1\/3","value":"EU 37 1\/3","price":"","pimage":"","pimage_id":"","pthumb":"","color":""},{"label":"38","value":"EU 38","price":"","pimage":"","pimage_id":"","pthumb":"","color":""},{"label":"38 2\/3","value":"EU 38 2\/3","price":"","pimage":"","pimage_id":"","pthumb":"","color":""},{"label":"39 1\/3","value":"EU 39 1\/3","price":"","pimage":"","pimage_id":"","pthumb":"","color":""},{"label":"40","value":"EU 40","price":"","pimage":"","pimage_id":"","pthumb":"","color":""},{"label":"40 2\/3","value":"EU 40 2\/3","price":"","pimage":"","pimage_id":"","pthumb":"","color":""},{"label":"41 1\/3","value":"EU 41 1\/3","price":"","pimage":"","pimage_id":"","pthumb":"","color":""},{"label":"42","value":"EU 42","price":"","pimage":"","pimage_id":"","pthumb":"","color":""},{"label":"42 2\/3","value":"EU 42 2\/3","price":"","pimage":"","pimage_id":"","pthumb":"","color":""},{"label":"43 1\/3","value":"EU 43 1\/3","price":"","pimage":"","pimage_id":"","pthumb":"","color":""},{"label":"44","value":"EU 44","price":"","pimage":"","pimage_id":"","pthumb":"","color":""},{"label":"44 2\/3","value":"EU 44 2\/3","price":"","pimage":"","pimage_id":"","pthumb":"","color":""},{"label":"45 1\/3","value":"EU 45 1\/3","price":"","pimage":"","pimage_id":"","pthumb":"","color":""},{"label":"46","value":"EU 46","price":"","pimage":"","pimage_id":"","pthumb":"","color":""},{"label":"46 2\/3","value":"EU 46 2\/3","price":"","pimage":"","pimage_id":"","pthumb":"","color":""},{"label":"47 1\/3","value":"EU 47 1\/3","price":"","pimage":"","pimage_id":"","pthumb":"","color":""}],"relations":[{"operator":false,"rules":[]}],"form_id":24802,"form_rules":{"pric_cal_option_once":false,"exclude_from_discount":false,"pric_use_as_fee":false,"fee_label":"Fee","render_after_acb":false,"disp_hide_options_price":false}}]},"yoast_head":"<!-- This site is optimized with the Yoast SEO plugin v26.5 - https:\/\/yoast.com\/wordpress\/plugins\/seo\/ -->\n<title>Adidas Wmns Supernova Rise 2 &#039;White Crystal Jade&#039; - Loftrunway<\/title>\n<meta name=\"robots\" content=\"index, follow, max-snippet:-1, max-image-preview:large, max-video-preview:-1\" \/>\n<link rel=\"canonical\" href=\"https:\/\/loftrunway.com\/de\/products\/adidas-wmns-supernova-rise-2-white-crystal-jade\/\" \/>\n<meta property=\"og:locale\" content=\"de_DE\" \/>\n<meta property=\"og:type\" content=\"article\" \/>\n<meta property=\"og:title\" content=\"Adidas Wmns Supernova Rise 2 &#039;White Crystal Jade&#039; - Loftrunway\" \/>\n<meta property=\"og:description\" content=\"adidas Supernova Rise 2 \u2014 Footwear White\/Crystal Jade\/Silver Green\" \/>\n<meta property=\"og:url\" content=\"https:\/\/loftrunway.com\/de\/products\/adidas-wmns-supernova-rise-2-white-crystal-jade\/\" \/>\n<meta property=\"og:site_name\" content=\"loftRUN Sneaker Store\" \/>\n<meta property=\"article:modified_time\" content=\"2026-04-02T07:25:09+00:00\" \/>\n<meta name=\"twitter:card\" content=\"summary_large_image\" \/>\n<meta name=\"twitter:image\" content=\"https:\/\/images.novelship.com\/product\/_women__adidas_supernova_rise_2__white_crystal_jad_0_66011.png\" \/>\n<meta name=\"twitter:label1\" content=\"Gesch\u00e4tzte Lesezeit\" \/>\n\t<meta name=\"twitter:data1\" content=\"1\u00a0Minute\" \/>\n<script type=\"application\/ld+json\" class=\"yoast-schema-graph\">{\"@context\":\"https:\/\/schema.org\",\"@graph\":[{\"@type\":\"WebPage\",\"@id\":\"https:\/\/loftrunway.com\/de\/products\/adidas-wmns-supernova-rise-2-white-crystal-jade\/\",\"url\":\"https:\/\/loftrunway.com\/de\/products\/adidas-wmns-supernova-rise-2-white-crystal-jade\/\",\"name\":\"Adidas Wmns Supernova Rise 2 'White Crystal Jade' - Loftrunway\",\"isPartOf\":{\"@id\":\"https:\/\/loftrunway.com\/de\/#website\"},\"primaryImageOfPage\":{\"@id\":\"https:\/\/loftrunway.com\/de\/products\/adidas-wmns-supernova-rise-2-white-crystal-jade\/#primaryimage\"},\"image\":{\"@id\":\"https:\/\/loftrunway.com\/de\/products\/adidas-wmns-supernova-rise-2-white-crystal-jade\/#primaryimage\"},\"thumbnailUrl\":\"https:\/\/images.novelship.com\/product\/_women__adidas_supernova_rise_2__white_crystal_jad_0_66011.png\",\"datePublished\":\"2026-02-25T10:52:48+00:00\",\"dateModified\":\"2026-04-02T07:25:09+00:00\",\"breadcrumb\":{\"@id\":\"https:\/\/loftrunway.com\/de\/products\/adidas-wmns-supernova-rise-2-white-crystal-jade\/#breadcrumb\"},\"inLanguage\":\"de\",\"potentialAction\":[{\"@type\":\"ReadAction\",\"target\":[\"https:\/\/loftrunway.com\/de\/products\/adidas-wmns-supernova-rise-2-white-crystal-jade\/\"]}]},{\"@type\":\"ImageObject\",\"inLanguage\":\"de\",\"@id\":\"https:\/\/loftrunway.com\/de\/products\/adidas-wmns-supernova-rise-2-white-crystal-jade\/#primaryimage\",\"url\":\"https:\/\/images.novelship.com\/product\/_women__adidas_supernova_rise_2__white_crystal_jad_0_66011.png\",\"contentUrl\":\"https:\/\/images.novelship.com\/product\/_women__adidas_supernova_rise_2__white_crystal_jad_0_66011.png\"},{\"@type\":\"BreadcrumbList\",\"@id\":\"https:\/\/loftrunway.com\/de\/products\/adidas-wmns-supernova-rise-2-white-crystal-jade\/#breadcrumb\",\"itemListElement\":[{\"@type\":\"ListItem\",\"position\":1,\"name\":\"Home\",\"item\":\"https:\/\/loftrunway.com\/de\/\"},{\"@type\":\"ListItem\",\"position\":2,\"name\":\"Shop\",\"item\":\"https:\/\/loftrunway.com\/de\/shop\/\"},{\"@type\":\"ListItem\",\"position\":3,\"name\":\"Adidas Wmns Supernova Rise 2 &#8218;White Crystal Jade&#8216;\"}]},{\"@type\":\"WebSite\",\"@id\":\"https:\/\/loftrunway.com\/de\/#website\",\"url\":\"https:\/\/loftrunway.com\/de\/\",\"name\":\"Styloral Jewelry Shop\",\"description\":\"Der Ort, an dem man alle Arten von Sneakern findet\",\"publisher\":{\"@id\":\"https:\/\/loftrunway.com\/de\/#organization\"},\"potentialAction\":[{\"@type\":\"SearchAction\",\"target\":{\"@type\":\"EntryPoint\",\"urlTemplate\":\"https:\/\/loftrunway.com\/de\/?s={search_term_string}\"},\"query-input\":{\"@type\":\"PropertyValueSpecification\",\"valueRequired\":true,\"valueName\":\"search_term_string\"}}],\"inLanguage\":\"de\"},{\"@type\":\"Organization\",\"@id\":\"https:\/\/loftrunway.com\/de\/#organization\",\"name\":\"STYLORAL PTE. LTD\",\"url\":\"https:\/\/loftrunway.com\/de\/\",\"logo\":{\"@type\":\"ImageObject\",\"inLanguage\":\"de\",\"@id\":\"https:\/\/loftrunway.com\/de\/#\/schema\/logo\/image\/\",\"url\":\"https:\/\/www.loftrunway.com\/wp-content\/uploads\/2025\/12\/logo.png\",\"contentUrl\":\"https:\/\/www.loftrunway.com\/wp-content\/uploads\/2025\/12\/logo.png\",\"width\":200,\"height\":65,\"caption\":\"STYLORAL PTE. LTD\"},\"image\":{\"@id\":\"https:\/\/loftrunway.com\/de\/#\/schema\/logo\/image\/\"}}]}<\/script>\n<!-- \/ Yoast SEO plugin. -->","yoast_head_json":{"title":"Adidas Wmns Supernova Rise 2 'White Crystal Jade' - Loftrunway","robots":{"index":"index","follow":"follow","max-snippet":"max-snippet:-1","max-image-preview":"max-image-preview:large","max-video-preview":"max-video-preview:-1"},"canonical":"https:\/\/loftrunway.com\/de\/products\/adidas-wmns-supernova-rise-2-white-crystal-jade\/","og_locale":"de_DE","og_type":"article","og_title":"Adidas Wmns Supernova Rise 2 'White Crystal Jade' - Loftrunway","og_description":"adidas Supernova Rise 2 \u2014 Footwear White\/Crystal Jade\/Silver Green","og_url":"https:\/\/loftrunway.com\/de\/products\/adidas-wmns-supernova-rise-2-white-crystal-jade\/","og_site_name":"loftRUN Sneaker Store","article_modified_time":"2026-04-02T07:25:09+00:00","twitter_card":"summary_large_image","twitter_image":"https:\/\/images.novelship.com\/product\/_women__adidas_supernova_rise_2__white_crystal_jad_0_66011.png","twitter_misc":{"Gesch\u00e4tzte Lesezeit":"1\u00a0Minute"},"schema":{"@context":"https:\/\/schema.org","@graph":[{"@type":"WebPage","@id":"https:\/\/loftrunway.com\/de\/products\/adidas-wmns-supernova-rise-2-white-crystal-jade\/","url":"https:\/\/loftrunway.com\/de\/products\/adidas-wmns-supernova-rise-2-white-crystal-jade\/","name":"Adidas Wmns Supernova Rise 2 'White Crystal Jade' - Loftrunway","isPartOf":{"@id":"https:\/\/loftrunway.com\/de\/#website"},"primaryImageOfPage":{"@id":"https:\/\/loftrunway.com\/de\/products\/adidas-wmns-supernova-rise-2-white-crystal-jade\/#primaryimage"},"image":{"@id":"https:\/\/loftrunway.com\/de\/products\/adidas-wmns-supernova-rise-2-white-crystal-jade\/#primaryimage"},"thumbnailUrl":"https:\/\/images.novelship.com\/product\/_women__adidas_supernova_rise_2__white_crystal_jad_0_66011.png","datePublished":"2026-02-25T10:52:48+00:00","dateModified":"2026-04-02T07:25:09+00:00","breadcrumb":{"@id":"https:\/\/loftrunway.com\/de\/products\/adidas-wmns-supernova-rise-2-white-crystal-jade\/#breadcrumb"},"inLanguage":"de","potentialAction":[{"@type":"ReadAction","target":["https:\/\/loftrunway.com\/de\/products\/adidas-wmns-supernova-rise-2-white-crystal-jade\/"]}]},{"@type":"ImageObject","inLanguage":"de","@id":"https:\/\/loftrunway.com\/de\/products\/adidas-wmns-supernova-rise-2-white-crystal-jade\/#primaryimage","url":"https:\/\/images.novelship.com\/product\/_women__adidas_supernova_rise_2__white_crystal_jad_0_66011.png","contentUrl":"https:\/\/images.novelship.com\/product\/_women__adidas_supernova_rise_2__white_crystal_jad_0_66011.png"},{"@type":"BreadcrumbList","@id":"https:\/\/loftrunway.com\/de\/products\/adidas-wmns-supernova-rise-2-white-crystal-jade\/#breadcrumb","itemListElement":[{"@type":"ListItem","position":1,"name":"Home","item":"https:\/\/loftrunway.com\/de\/"},{"@type":"ListItem","position":2,"name":"Shop","item":"https:\/\/loftrunway.com\/de\/shop\/"},{"@type":"ListItem","position":3,"name":"Adidas Wmns Supernova Rise 2 &#8218;White Crystal Jade&#8216;"}]},{"@type":"WebSite","@id":"https:\/\/loftrunway.com\/de\/#website","url":"https:\/\/loftrunway.com\/de\/","name":"Styloral Jewelry Shop","description":"Der Ort, an dem man alle Arten von Sneakern findet","publisher":{"@id":"https:\/\/loftrunway.com\/de\/#organization"},"potentialAction":[{"@type":"SearchAction","target":{"@type":"EntryPoint","urlTemplate":"https:\/\/loftrunway.com\/de\/?s={search_term_string}"},"query-input":{"@type":"PropertyValueSpecification","valueRequired":true,"valueName":"search_term_string"}}],"inLanguage":"de"},{"@type":"Organization","@id":"https:\/\/loftrunway.com\/de\/#organization","name":"STYLORAL PTE. LTD","url":"https:\/\/loftrunway.com\/de\/","logo":{"@type":"ImageObject","inLanguage":"de","@id":"https:\/\/loftrunway.com\/de\/#\/schema\/logo\/image\/","url":"https:\/\/www.loftrunway.com\/wp-content\/uploads\/2025\/12\/logo.png","contentUrl":"https:\/\/www.loftrunway.com\/wp-content\/uploads\/2025\/12\/logo.png","width":200,"height":65,"caption":"STYLORAL PTE. LTD"},"image":{"@id":"https:\/\/loftrunway.com\/de\/#\/schema\/logo\/image\/"}}]}},"_links":{"self":[{"href":"https:\/\/loftrunway.com\/de\/wp-json\/wp\/v2\/product\/20681","targetHints":{"allow":["GET"]}}],"collection":[{"href":"https:\/\/loftrunway.com\/de\/wp-json\/wp\/v2\/product"}],"about":[{"href":"https:\/\/loftrunway.com\/de\/wp-json\/wp\/v2\/types\/product"}],"replies":[{"embeddable":true,"href":"https:\/\/loftrunway.com\/de\/wp-json\/wp\/v2\/comments?post=20681"}],"wp:featuredmedia":[{"embeddable":true,"href":"https:\/\/loftrunway.com\/de\/wp-json\/wp\/v2\/media\/20682"}],"wp:attachment":[{"href":"https:\/\/loftrunway.com\/de\/wp-json\/wp\/v2\/media?parent=20681"}],"wp:term":[{"taxonomy":"product_brand","embeddable":true,"href":"https:\/\/loftrunway.com\/de\/wp-json\/wp\/v2\/product_brand?post=20681"},{"taxonomy":"product_cat","embeddable":true,"href":"https:\/\/loftrunway.com\/de\/wp-json\/wp\/v2\/product_cat?post=20681"},{"taxonomy":"product_tag","embeddable":true,"href":"https:\/\/loftrunway.com\/de\/wp-json\/wp\/v2\/product_tag?post=20681"}],"curies":[{"name":"wp","href":"https:\/\/api.w.org\/{rel}","templated":true}]}}