{"id":20849,"date":"2026-02-25T17:57:00","date_gmt":"2026-02-25T10:57:00","guid":{"rendered":"http:\/\/loftrunway.com\/product\/new-balance-kith-x-madison-square-garden-x-numeric-480-new-york-knickstan"},"modified":"2026-04-02T14:25:21","modified_gmt":"2026-04-02T07:25:21","slug":"new-balance-kith-x-madison-square-garden-x-numeric-480-new-york-knickstan","status":"publish","type":"product","link":"https:\/\/loftrunway.com\/de\/products\/new-balance-kith-x-madison-square-garden-x-numeric-480-new-york-knickstan\/","title":{"rendered":"New Balance Kith x Madison Square Garden x Numeric 480 &#8218;New York Knicks &#8211; Tan&#8216;"},"content":{"rendered":"<p>Erleben Sie die perfekte Verschmelzung von Stil und sportlicher Tradition mit dem Kith x Madison Square Garden x New Balance Numeric 480 \u201eNew York Knicks \u2013 Tan\u201c NM480NYC. Dieser exklusive Sneaker zelebriert New Yorks traditionsreiche Basketballgeschichte und besticht durch ein hochwertiges Obermaterial aus hellbraunem Leder, das durch ikonische, von den Knicks inspirierte Akzente erg\u00e4nzt wird. Dank seiner hohen Trageeigenschaften und Langlebigkeit sowie der bew\u00e4hrten D\u00e4mpfungstechnologie von New Balance ist er ideal f\u00fcr den Alltag und den Court. Verleihe deinem Sneaker-Style mit diesem einzigartigen Sammlerst\u00fcck das gewisse Extra.<\/p>\n<ul>\n<li><strong>Farbgebung:<\/strong> Hellbraun\/Orange<\/li>\n<li><strong>Style-Code:<\/strong> NM480NYC<\/li>\n<li><strong>Obermaterial:<\/strong> Wildleder<\/li>\n<li><strong>Zwischensohle:<\/strong> FuelCell<\/li>\n<li><strong>Farbe:<\/strong> Mehrfarbig<\/li>\n<li><strong>Erscheinungsjahr:<\/strong> 2024<\/li>\n<\/ul>\n","protected":false},"excerpt":{"rendered":"<p>New Balance Numeric 480 \u2014 Tan\/Orange<\/p>\n","protected":false},"featured_media":20850,"comment_status":"open","ping_status":"closed","template":"","meta":[],"product_brand":[],"product_cat":[9213,41273],"product_tag":[],"class_list":{"0":"post-20849","1":"product","2":"type-product","3":"status-publish","4":"has-post-thumbnail","6":"product_cat-new-balance-2026","7":"product_cat-remove","8":"wcpa_has_options","10":"first","11":"instock","12":"taxable","13":"shipping-taxable","14":"purchasable","15":"product-type-simple"},"wcpa_form_fields":{"rules":{"pric_overide_base_price":false,"pric_overide_base_price_if_gt_zero":false,"pric_overide_base_price_fully":false,"pric_cal_option_once":false,"pric_use_as_fee":false,"bind_quantity":false,"quantity_bind_formula":false},"fields":[{"type":"color-group","required":true,"elementId":"wcpa-color-group-66c4a928225d2","label":"Gr\u00f6\u00dfe","inline":true,"priceOptions":"different_for_all","pricingType":"fixed","className":"hassizechart product-shoes-size-eu product-shoes-size","name":"color-group-66c4a928225e2","disp_type":"square","selection_type":"tick-border","disp_size":"50","show_label_inside":true,"adjust_width":true,"cart_display_type":"text","other_text":"Other","cl_rule":"show","col":6,"values":[{"label":"35","value":"EU 35","price":"","pimage":"","pimage_id":"","pthumb":"","color":""},{"label":"36","value":"EU 36","price":"","pimage":"","pimage_id":"","pthumb":"","color":"","selected":true},{"label":"37","value":"EU 37","price":"","pimage":"","pimage_id":"","pthumb":"","color":""},{"label":"37.5","value":"EU 37.5","price":"","pimage":"","pimage_id":"","pthumb":"","color":""},{"label":"38","value":"EU 38","price":"","pimage":"","pimage_id":"","pthumb":"","color":""},{"label":"38.5","value":"EU 38.5","price":"","pimage":"","pimage_id":"","pthumb":"","color":""},{"label":"39","value":"EU 39","price":"","pimage":"","pimage_id":"","pthumb":"","color":""},{"label":"39.5","value":"EU 39.5","price":"","pimage":"","pimage_id":"","pthumb":"","color":""},{"label":"40","value":"EU 40","price":"","pimage":"","pimage_id":"","pthumb":"","color":""},{"label":"40.5","value":"EU 40.5","price":"","pimage":"","pimage_id":"","pthumb":"","color":""},{"label":" 41.5","value":"EU 41.5","price":"","pimage":"","pimage_id":"","pthumb":"","color":""},{"label":"42","value":"EU 42","price":"","pimage":"","pimage_id":"","pthumb":"","color":""},{"label":"42.5","value":"EU 42.5","price":"","pimage":"","pimage_id":"","pthumb":"","color":""},{"label":"43","value":"EU 43","price":"","pimage":"","pimage_id":"","pthumb":"","color":""},{"label":"44","value":"EU 44","price":"","pimage":"","pimage_id":"","pthumb":"","color":""},{"label":"44.5","value":"EU 44.5","price":"","pimage":"","pimage_id":"","pthumb":"","color":""},{"label":"45","value":"EU 45","price":"","pimage":"","pimage_id":"","pthumb":"","color":""},{"label":"45.5","value":"EU 45.5","price":"","pimage":"","pimage_id":"","pthumb":"","color":""},{"label":"46","value":"EU 46","price":"","pimage":"","pimage_id":"","pthumb":"","color":""}],"relations":[{"operator":false,"rules":[]}],"form_id":24803,"form_rules":{"pric_cal_option_once":false,"exclude_from_discount":false,"pric_use_as_fee":false,"fee_label":"Fee","render_after_acb":false,"disp_hide_options_price":false}}]},"yoast_head":"<!-- This site is optimized with the Yoast SEO plugin v26.5 - https:\/\/yoast.com\/wordpress\/plugins\/seo\/ -->\n<title>New Balance Kith x Madison Square Garden x Numeric 480 &#039;New York Knicks - Tan&#039; - Loftrunway<\/title>\n<meta name=\"robots\" content=\"index, follow, max-snippet:-1, max-image-preview:large, max-video-preview:-1\" \/>\n<link rel=\"canonical\" href=\"https:\/\/loftrunway.com\/de\/products\/new-balance-kith-x-madison-square-garden-x-numeric-480-new-york-knickstan\/\" \/>\n<meta property=\"og:locale\" content=\"de_DE\" \/>\n<meta property=\"og:type\" content=\"article\" \/>\n<meta property=\"og:title\" content=\"New Balance Kith x Madison Square Garden x Numeric 480 &#039;New York Knicks - Tan&#039; - Loftrunway\" \/>\n<meta property=\"og:description\" content=\"New Balance Numeric 480 \u2014 Tan\/Orange\" \/>\n<meta property=\"og:url\" content=\"https:\/\/loftrunway.com\/de\/products\/new-balance-kith-x-madison-square-garden-x-numeric-480-new-york-knickstan\/\" \/>\n<meta property=\"og:site_name\" content=\"loftRUN Sneaker Store\" \/>\n<meta property=\"article:modified_time\" content=\"2026-04-02T07:25:21+00:00\" \/>\n<meta name=\"twitter:card\" content=\"summary_large_image\" \/>\n<meta name=\"twitter:image\" content=\"https:\/\/images.novelship.com\/product\/kith_x_madison_square_garden_x_new_balance_numeric_0_36583.jpeg\" \/>\n<meta name=\"twitter:label1\" content=\"Gesch\u00e4tzte Lesezeit\" \/>\n\t<meta name=\"twitter:data1\" content=\"1\u00a0Minute\" \/>\n<script type=\"application\/ld+json\" class=\"yoast-schema-graph\">{\"@context\":\"https:\/\/schema.org\",\"@graph\":[{\"@type\":\"WebPage\",\"@id\":\"https:\/\/loftrunway.com\/de\/products\/new-balance-kith-x-madison-square-garden-x-numeric-480-new-york-knickstan\/\",\"url\":\"https:\/\/loftrunway.com\/de\/products\/new-balance-kith-x-madison-square-garden-x-numeric-480-new-york-knickstan\/\",\"name\":\"New Balance Kith x Madison Square Garden x Numeric 480 'New York Knicks - Tan' - Loftrunway\",\"isPartOf\":{\"@id\":\"https:\/\/loftrunway.com\/de\/#website\"},\"primaryImageOfPage\":{\"@id\":\"https:\/\/loftrunway.com\/de\/products\/new-balance-kith-x-madison-square-garden-x-numeric-480-new-york-knickstan\/#primaryimage\"},\"image\":{\"@id\":\"https:\/\/loftrunway.com\/de\/products\/new-balance-kith-x-madison-square-garden-x-numeric-480-new-york-knickstan\/#primaryimage\"},\"thumbnailUrl\":\"https:\/\/images.novelship.com\/product\/kith_x_madison_square_garden_x_new_balance_numeric_0_36583.jpeg\",\"datePublished\":\"2026-02-25T10:57:00+00:00\",\"dateModified\":\"2026-04-02T07:25:21+00:00\",\"breadcrumb\":{\"@id\":\"https:\/\/loftrunway.com\/de\/products\/new-balance-kith-x-madison-square-garden-x-numeric-480-new-york-knickstan\/#breadcrumb\"},\"inLanguage\":\"de\",\"potentialAction\":[{\"@type\":\"ReadAction\",\"target\":[\"https:\/\/loftrunway.com\/de\/products\/new-balance-kith-x-madison-square-garden-x-numeric-480-new-york-knickstan\/\"]}]},{\"@type\":\"ImageObject\",\"inLanguage\":\"de\",\"@id\":\"https:\/\/loftrunway.com\/de\/products\/new-balance-kith-x-madison-square-garden-x-numeric-480-new-york-knickstan\/#primaryimage\",\"url\":\"https:\/\/images.novelship.com\/product\/kith_x_madison_square_garden_x_new_balance_numeric_0_36583.jpeg\",\"contentUrl\":\"https:\/\/images.novelship.com\/product\/kith_x_madison_square_garden_x_new_balance_numeric_0_36583.jpeg\"},{\"@type\":\"BreadcrumbList\",\"@id\":\"https:\/\/loftrunway.com\/de\/products\/new-balance-kith-x-madison-square-garden-x-numeric-480-new-york-knickstan\/#breadcrumb\",\"itemListElement\":[{\"@type\":\"ListItem\",\"position\":1,\"name\":\"Home\",\"item\":\"https:\/\/loftrunway.com\/de\/\"},{\"@type\":\"ListItem\",\"position\":2,\"name\":\"Shop\",\"item\":\"https:\/\/loftrunway.com\/de\/shop\/\"},{\"@type\":\"ListItem\",\"position\":3,\"name\":\"New Balance Kith x Madison Square Garden x Numeric 480 &#8218;New York Knicks &#8211; Tan&#8216;\"}]},{\"@type\":\"WebSite\",\"@id\":\"https:\/\/loftrunway.com\/de\/#website\",\"url\":\"https:\/\/loftrunway.com\/de\/\",\"name\":\"Styloral Jewelry Shop\",\"description\":\"Der Ort, an dem man alle Arten von Sneakern findet\",\"publisher\":{\"@id\":\"https:\/\/loftrunway.com\/de\/#organization\"},\"potentialAction\":[{\"@type\":\"SearchAction\",\"target\":{\"@type\":\"EntryPoint\",\"urlTemplate\":\"https:\/\/loftrunway.com\/de\/?s={search_term_string}\"},\"query-input\":{\"@type\":\"PropertyValueSpecification\",\"valueRequired\":true,\"valueName\":\"search_term_string\"}}],\"inLanguage\":\"de\"},{\"@type\":\"Organization\",\"@id\":\"https:\/\/loftrunway.com\/de\/#organization\",\"name\":\"STYLORAL PTE. LTD\",\"url\":\"https:\/\/loftrunway.com\/de\/\",\"logo\":{\"@type\":\"ImageObject\",\"inLanguage\":\"de\",\"@id\":\"https:\/\/loftrunway.com\/de\/#\/schema\/logo\/image\/\",\"url\":\"https:\/\/www.loftrunway.com\/wp-content\/uploads\/2025\/12\/logo.png\",\"contentUrl\":\"https:\/\/www.loftrunway.com\/wp-content\/uploads\/2025\/12\/logo.png\",\"width\":200,\"height\":65,\"caption\":\"STYLORAL PTE. LTD\"},\"image\":{\"@id\":\"https:\/\/loftrunway.com\/de\/#\/schema\/logo\/image\/\"}}]}<\/script>\n<!-- \/ Yoast SEO plugin. -->","yoast_head_json":{"title":"New Balance Kith x Madison Square Garden x Numeric 480 'New York Knicks - Tan' - Loftrunway","robots":{"index":"index","follow":"follow","max-snippet":"max-snippet:-1","max-image-preview":"max-image-preview:large","max-video-preview":"max-video-preview:-1"},"canonical":"https:\/\/loftrunway.com\/de\/products\/new-balance-kith-x-madison-square-garden-x-numeric-480-new-york-knickstan\/","og_locale":"de_DE","og_type":"article","og_title":"New Balance Kith x Madison Square Garden x Numeric 480 'New York Knicks - Tan' - Loftrunway","og_description":"New Balance Numeric 480 \u2014 Tan\/Orange","og_url":"https:\/\/loftrunway.com\/de\/products\/new-balance-kith-x-madison-square-garden-x-numeric-480-new-york-knickstan\/","og_site_name":"loftRUN Sneaker Store","article_modified_time":"2026-04-02T07:25:21+00:00","twitter_card":"summary_large_image","twitter_image":"https:\/\/images.novelship.com\/product\/kith_x_madison_square_garden_x_new_balance_numeric_0_36583.jpeg","twitter_misc":{"Gesch\u00e4tzte Lesezeit":"1\u00a0Minute"},"schema":{"@context":"https:\/\/schema.org","@graph":[{"@type":"WebPage","@id":"https:\/\/loftrunway.com\/de\/products\/new-balance-kith-x-madison-square-garden-x-numeric-480-new-york-knickstan\/","url":"https:\/\/loftrunway.com\/de\/products\/new-balance-kith-x-madison-square-garden-x-numeric-480-new-york-knickstan\/","name":"New Balance Kith x Madison Square Garden x Numeric 480 'New York Knicks - Tan' - Loftrunway","isPartOf":{"@id":"https:\/\/loftrunway.com\/de\/#website"},"primaryImageOfPage":{"@id":"https:\/\/loftrunway.com\/de\/products\/new-balance-kith-x-madison-square-garden-x-numeric-480-new-york-knickstan\/#primaryimage"},"image":{"@id":"https:\/\/loftrunway.com\/de\/products\/new-balance-kith-x-madison-square-garden-x-numeric-480-new-york-knickstan\/#primaryimage"},"thumbnailUrl":"https:\/\/images.novelship.com\/product\/kith_x_madison_square_garden_x_new_balance_numeric_0_36583.jpeg","datePublished":"2026-02-25T10:57:00+00:00","dateModified":"2026-04-02T07:25:21+00:00","breadcrumb":{"@id":"https:\/\/loftrunway.com\/de\/products\/new-balance-kith-x-madison-square-garden-x-numeric-480-new-york-knickstan\/#breadcrumb"},"inLanguage":"de","potentialAction":[{"@type":"ReadAction","target":["https:\/\/loftrunway.com\/de\/products\/new-balance-kith-x-madison-square-garden-x-numeric-480-new-york-knickstan\/"]}]},{"@type":"ImageObject","inLanguage":"de","@id":"https:\/\/loftrunway.com\/de\/products\/new-balance-kith-x-madison-square-garden-x-numeric-480-new-york-knickstan\/#primaryimage","url":"https:\/\/images.novelship.com\/product\/kith_x_madison_square_garden_x_new_balance_numeric_0_36583.jpeg","contentUrl":"https:\/\/images.novelship.com\/product\/kith_x_madison_square_garden_x_new_balance_numeric_0_36583.jpeg"},{"@type":"BreadcrumbList","@id":"https:\/\/loftrunway.com\/de\/products\/new-balance-kith-x-madison-square-garden-x-numeric-480-new-york-knickstan\/#breadcrumb","itemListElement":[{"@type":"ListItem","position":1,"name":"Home","item":"https:\/\/loftrunway.com\/de\/"},{"@type":"ListItem","position":2,"name":"Shop","item":"https:\/\/loftrunway.com\/de\/shop\/"},{"@type":"ListItem","position":3,"name":"New Balance Kith x Madison Square Garden x Numeric 480 &#8218;New York Knicks &#8211; Tan&#8216;"}]},{"@type":"WebSite","@id":"https:\/\/loftrunway.com\/de\/#website","url":"https:\/\/loftrunway.com\/de\/","name":"Styloral Jewelry Shop","description":"Der Ort, an dem man alle Arten von Sneakern findet","publisher":{"@id":"https:\/\/loftrunway.com\/de\/#organization"},"potentialAction":[{"@type":"SearchAction","target":{"@type":"EntryPoint","urlTemplate":"https:\/\/loftrunway.com\/de\/?s={search_term_string}"},"query-input":{"@type":"PropertyValueSpecification","valueRequired":true,"valueName":"search_term_string"}}],"inLanguage":"de"},{"@type":"Organization","@id":"https:\/\/loftrunway.com\/de\/#organization","name":"STYLORAL PTE. LTD","url":"https:\/\/loftrunway.com\/de\/","logo":{"@type":"ImageObject","inLanguage":"de","@id":"https:\/\/loftrunway.com\/de\/#\/schema\/logo\/image\/","url":"https:\/\/www.loftrunway.com\/wp-content\/uploads\/2025\/12\/logo.png","contentUrl":"https:\/\/www.loftrunway.com\/wp-content\/uploads\/2025\/12\/logo.png","width":200,"height":65,"caption":"STYLORAL PTE. LTD"},"image":{"@id":"https:\/\/loftrunway.com\/de\/#\/schema\/logo\/image\/"}}]}},"_links":{"self":[{"href":"https:\/\/loftrunway.com\/de\/wp-json\/wp\/v2\/product\/20849","targetHints":{"allow":["GET"]}}],"collection":[{"href":"https:\/\/loftrunway.com\/de\/wp-json\/wp\/v2\/product"}],"about":[{"href":"https:\/\/loftrunway.com\/de\/wp-json\/wp\/v2\/types\/product"}],"replies":[{"embeddable":true,"href":"https:\/\/loftrunway.com\/de\/wp-json\/wp\/v2\/comments?post=20849"}],"wp:featuredmedia":[{"embeddable":true,"href":"https:\/\/loftrunway.com\/de\/wp-json\/wp\/v2\/media\/20850"}],"wp:attachment":[{"href":"https:\/\/loftrunway.com\/de\/wp-json\/wp\/v2\/media?parent=20849"}],"wp:term":[{"taxonomy":"product_brand","embeddable":true,"href":"https:\/\/loftrunway.com\/de\/wp-json\/wp\/v2\/product_brand?post=20849"},{"taxonomy":"product_cat","embeddable":true,"href":"https:\/\/loftrunway.com\/de\/wp-json\/wp\/v2\/product_cat?post=20849"},{"taxonomy":"product_tag","embeddable":true,"href":"https:\/\/loftrunway.com\/de\/wp-json\/wp\/v2\/product_tag?post=20849"}],"curies":[{"name":"wp","href":"https:\/\/api.w.org\/{rel}","templated":true}]}}