{"id":209349,"date":"2026-03-22T12:43:48","date_gmt":"2026-03-22T05:43:48","guid":{"rendered":"https:\/\/loftrunway.com\/product\/ivy-park-x-adidas-forum-low-white"},"modified":"2026-03-22T21:51:57","modified_gmt":"2026-03-22T14:51:57","slug":"ivy-park-x-adidas-forum-low-white","status":"publish","type":"product","link":"https:\/\/loftrunway.com\/de\/products\/ivy-park-x-adidas-forum-low-white\/","title":{"rendered":"Ivy Park x adidas Forum Low &#8218;White&#8216;"},"content":{"rendered":"<p>Wir pr\u00e4sentieren den Ivy Park x adidas Forum Low in wei\u00df. Dieser Sneaker, eine Gemeinschaftsarbeit von Ivy Park und adidas, besticht durch sein cleanes wei\u00df, das Schlichtheit und Stil ausstrahlt. Dank seiner bequemen Passform und des ikonischen adidas-Brandings ist der Forum Low perfekt f\u00fcr Freizeit und Sport geeignet. Verleihe deiner Garderobe mit diesem vielseitigen und trendigen Sneaker einen Hauch von Streetstyle&#8230;.<\/p>\n","protected":false},"excerpt":{"rendered":"<p>Wir pr\u00e4sentieren den Ivy Park x adidas Forum Low in wei\u00df. Dieser Sneaker, eine Gemeinschaftsarbeit von Ivy Park und adidas, besticht durch sein cleanes wei\u00df, das Schlichtheit und Stil ausstrahlt. Dank seiner bequemen Passform und des ikonischen adidas-Brandings ist der Forum Low perfekt f\u00fcr Freizeit und Sport geeignet. Verleihe deiner Garderobe mit diesem vielseitigen und [&hellip;]<\/p>\n","protected":false},"featured_media":209350,"comment_status":"open","ping_status":"closed","template":"","meta":[],"product_brand":[],"product_cat":[10941],"product_tag":[38839],"class_list":{"0":"post-209349","1":"product","2":"type-product","3":"status-publish","4":"has-post-thumbnail","6":"product_cat-adidas-women","7":"product_tag-instockold","8":"wcpa_has_options","10":"first","11":"instock","12":"taxable","13":"shipping-taxable","14":"purchasable","15":"product-type-simple"},"wcpa_form_fields":{"rules":{"pric_overide_base_price":false,"pric_overide_base_price_if_gt_zero":false,"pric_overide_base_price_fully":false,"pric_cal_option_once":false,"pric_use_as_fee":false,"bind_quantity":false,"quantity_bind_formula":false},"fields":[{"type":"color-group","required":true,"elementId":"wcpa-color-group-66c4a7f817afe","label":"Gr\u00f6\u00dfe","inline":true,"priceOptions":"different_for_all","pricingType":"fixed","className":"hassizechart product-shoes-size-eu product-shoes-size","name":"color-group-66c4a7f817b18","disp_type":"square","selection_type":"tick-border","disp_size":"50","show_label_inside":true,"adjust_width":true,"cart_display_type":"text","other_text":"Other","cl_rule":"show","col":6,"values":[{"label":"35","value":"EU 35","price":"","pimage":"","pimage_id":"","pthumb":"","color":""},{"label":"35.5","value":"EU 35.5","price":"","pimage":"","pimage_id":"","pthumb":"","color":""},{"label":"36","value":"EU 36","price":"","pimage":"","pimage_id":"","pthumb":"","color":"","selected":true},{"label":"36 2\/3","value":"EU 36 2\/3","price":"","pimage":"","pimage_id":"","pthumb":"","color":""},{"label":"37 1\/3","value":"EU 37 1\/3","price":"","pimage":"","pimage_id":"","pthumb":"","color":""},{"label":"38","value":"EU 38","price":"","pimage":"","pimage_id":"","pthumb":"","color":""},{"label":"38 2\/3","value":"EU 38 2\/3","price":"","pimage":"","pimage_id":"","pthumb":"","color":""},{"label":"39 1\/3","value":"EU 39 1\/3","price":"","pimage":"","pimage_id":"","pthumb":"","color":""},{"label":"40","value":"EU 40","price":"","pimage":"","pimage_id":"","pthumb":"","color":""},{"label":"40 2\/3","value":"EU 40 2\/3","price":"","pimage":"","pimage_id":"","pthumb":"","color":""},{"label":"41 1\/3","value":"EU 41 1\/3","price":"","pimage":"","pimage_id":"","pthumb":"","color":""},{"label":"42","value":"EU 42","price":"","pimage":"","pimage_id":"","pthumb":"","color":""},{"label":"42 2\/3","value":"EU 42 2\/3","price":"","pimage":"","pimage_id":"","pthumb":"","color":""},{"label":"43 1\/3","value":"EU 43 1\/3","price":"","pimage":"","pimage_id":"","pthumb":"","color":""},{"label":"44","value":"EU 44","price":"","pimage":"","pimage_id":"","pthumb":"","color":""},{"label":"44 2\/3","value":"EU 44 2\/3","price":"","pimage":"","pimage_id":"","pthumb":"","color":""},{"label":"45 1\/3","value":"EU 45 1\/3","price":"","pimage":"","pimage_id":"","pthumb":"","color":""},{"label":"46","value":"EU 46","price":"","pimage":"","pimage_id":"","pthumb":"","color":""},{"label":"46 2\/3","value":"EU 46 2\/3","price":"","pimage":"","pimage_id":"","pthumb":"","color":""},{"label":"47 1\/3","value":"EU 47 1\/3","price":"","pimage":"","pimage_id":"","pthumb":"","color":""}],"relations":[{"operator":false,"rules":[]}],"form_id":24802,"form_rules":{"pric_cal_option_once":false,"exclude_from_discount":false,"pric_use_as_fee":false,"fee_label":"Fee","render_after_acb":false,"disp_hide_options_price":false}}]},"yoast_head":"<!-- This site is optimized with the Yoast SEO plugin v26.5 - https:\/\/yoast.com\/wordpress\/plugins\/seo\/ -->\n<title>Ivy Park x adidas Forum Low &#039;White&#039; - Loftrunway<\/title>\n<meta name=\"robots\" content=\"index, follow, max-snippet:-1, max-image-preview:large, max-video-preview:-1\" \/>\n<link rel=\"canonical\" href=\"https:\/\/loftrunway.com\/de\/products\/ivy-park-x-adidas-forum-low-white\/\" \/>\n<meta property=\"og:locale\" content=\"de_DE\" \/>\n<meta property=\"og:type\" content=\"article\" \/>\n<meta property=\"og:title\" content=\"Ivy Park x adidas Forum Low &#039;White&#039; - Loftrunway\" \/>\n<meta property=\"og:description\" content=\"Wir pr\u00e4sentieren den Ivy Park x adidas Forum Low in wei\u00df. Dieser Sneaker, eine Gemeinschaftsarbeit von Ivy Park und adidas, besticht durch sein cleanes wei\u00df, das Schlichtheit und Stil ausstrahlt. Dank seiner bequemen Passform und des ikonischen adidas-Brandings ist der Forum Low perfekt f\u00fcr Freizeit und Sport geeignet. Verleihe deiner Garderobe mit diesem vielseitigen und [&hellip;]\" \/>\n<meta property=\"og:url\" content=\"https:\/\/loftrunway.com\/de\/products\/ivy-park-x-adidas-forum-low-white\/\" \/>\n<meta property=\"og:site_name\" content=\"loftRUN Sneaker Store\" \/>\n<meta property=\"article:modified_time\" content=\"2026-03-22T14:51:57+00:00\" \/>\n<meta name=\"twitter:card\" content=\"summary_large_image\" \/>\n<meta name=\"twitter:image\" content=\"https:\/\/images.novelship.com\/product\/ivy_park_x_adidas_forum_low__white__fz4389_0_31775.jpeg\" \/>\n<script type=\"application\/ld+json\" class=\"yoast-schema-graph\">{\"@context\":\"https:\/\/schema.org\",\"@graph\":[{\"@type\":\"WebPage\",\"@id\":\"https:\/\/loftrunway.com\/de\/products\/ivy-park-x-adidas-forum-low-white\/\",\"url\":\"https:\/\/loftrunway.com\/de\/products\/ivy-park-x-adidas-forum-low-white\/\",\"name\":\"Ivy Park x adidas Forum Low 'White' - Loftrunway\",\"isPartOf\":{\"@id\":\"https:\/\/loftrunway.com\/de\/#website\"},\"primaryImageOfPage\":{\"@id\":\"https:\/\/loftrunway.com\/de\/products\/ivy-park-x-adidas-forum-low-white\/#primaryimage\"},\"image\":{\"@id\":\"https:\/\/loftrunway.com\/de\/products\/ivy-park-x-adidas-forum-low-white\/#primaryimage\"},\"thumbnailUrl\":\"https:\/\/images.novelship.com\/product\/ivy_park_x_adidas_forum_low__white__fz4389_0_31775.jpeg\",\"datePublished\":\"2026-03-22T05:43:48+00:00\",\"dateModified\":\"2026-03-22T14:51:57+00:00\",\"breadcrumb\":{\"@id\":\"https:\/\/loftrunway.com\/de\/products\/ivy-park-x-adidas-forum-low-white\/#breadcrumb\"},\"inLanguage\":\"de\",\"potentialAction\":[{\"@type\":\"ReadAction\",\"target\":[\"https:\/\/loftrunway.com\/de\/products\/ivy-park-x-adidas-forum-low-white\/\"]}]},{\"@type\":\"ImageObject\",\"inLanguage\":\"de\",\"@id\":\"https:\/\/loftrunway.com\/de\/products\/ivy-park-x-adidas-forum-low-white\/#primaryimage\",\"url\":\"https:\/\/images.novelship.com\/product\/ivy_park_x_adidas_forum_low__white__fz4389_0_31775.jpeg\",\"contentUrl\":\"https:\/\/images.novelship.com\/product\/ivy_park_x_adidas_forum_low__white__fz4389_0_31775.jpeg\"},{\"@type\":\"BreadcrumbList\",\"@id\":\"https:\/\/loftrunway.com\/de\/products\/ivy-park-x-adidas-forum-low-white\/#breadcrumb\",\"itemListElement\":[{\"@type\":\"ListItem\",\"position\":1,\"name\":\"Home\",\"item\":\"https:\/\/loftrunway.com\/de\/\"},{\"@type\":\"ListItem\",\"position\":2,\"name\":\"Shop\",\"item\":\"https:\/\/loftrunway.com\/de\/shop\/\"},{\"@type\":\"ListItem\",\"position\":3,\"name\":\"Ivy Park x adidas Forum Low &#8218;White&#8216;\"}]},{\"@type\":\"WebSite\",\"@id\":\"https:\/\/loftrunway.com\/de\/#website\",\"url\":\"https:\/\/loftrunway.com\/de\/\",\"name\":\"Styloral Jewelry Shop\",\"description\":\"Der Ort, an dem man alle Arten von Sneakern findet\",\"publisher\":{\"@id\":\"https:\/\/loftrunway.com\/de\/#organization\"},\"potentialAction\":[{\"@type\":\"SearchAction\",\"target\":{\"@type\":\"EntryPoint\",\"urlTemplate\":\"https:\/\/loftrunway.com\/de\/?s={search_term_string}\"},\"query-input\":{\"@type\":\"PropertyValueSpecification\",\"valueRequired\":true,\"valueName\":\"search_term_string\"}}],\"inLanguage\":\"de\"},{\"@type\":\"Organization\",\"@id\":\"https:\/\/loftrunway.com\/de\/#organization\",\"name\":\"STYLORAL PTE. LTD\",\"url\":\"https:\/\/loftrunway.com\/de\/\",\"logo\":{\"@type\":\"ImageObject\",\"inLanguage\":\"de\",\"@id\":\"https:\/\/loftrunway.com\/de\/#\/schema\/logo\/image\/\",\"url\":\"https:\/\/www.loftrunway.com\/wp-content\/uploads\/2025\/12\/logo.png\",\"contentUrl\":\"https:\/\/www.loftrunway.com\/wp-content\/uploads\/2025\/12\/logo.png\",\"width\":200,\"height\":65,\"caption\":\"STYLORAL PTE. LTD\"},\"image\":{\"@id\":\"https:\/\/loftrunway.com\/de\/#\/schema\/logo\/image\/\"}}]}<\/script>\n<!-- \/ Yoast SEO plugin. -->","yoast_head_json":{"title":"Ivy Park x adidas Forum Low 'White' - Loftrunway","robots":{"index":"index","follow":"follow","max-snippet":"max-snippet:-1","max-image-preview":"max-image-preview:large","max-video-preview":"max-video-preview:-1"},"canonical":"https:\/\/loftrunway.com\/de\/products\/ivy-park-x-adidas-forum-low-white\/","og_locale":"de_DE","og_type":"article","og_title":"Ivy Park x adidas Forum Low 'White' - Loftrunway","og_description":"Wir pr\u00e4sentieren den Ivy Park x adidas Forum Low in wei\u00df. Dieser Sneaker, eine Gemeinschaftsarbeit von Ivy Park und adidas, besticht durch sein cleanes wei\u00df, das Schlichtheit und Stil ausstrahlt. Dank seiner bequemen Passform und des ikonischen adidas-Brandings ist der Forum Low perfekt f\u00fcr Freizeit und Sport geeignet. Verleihe deiner Garderobe mit diesem vielseitigen und [&hellip;]","og_url":"https:\/\/loftrunway.com\/de\/products\/ivy-park-x-adidas-forum-low-white\/","og_site_name":"loftRUN Sneaker Store","article_modified_time":"2026-03-22T14:51:57+00:00","twitter_card":"summary_large_image","twitter_image":"https:\/\/images.novelship.com\/product\/ivy_park_x_adidas_forum_low__white__fz4389_0_31775.jpeg","schema":{"@context":"https:\/\/schema.org","@graph":[{"@type":"WebPage","@id":"https:\/\/loftrunway.com\/de\/products\/ivy-park-x-adidas-forum-low-white\/","url":"https:\/\/loftrunway.com\/de\/products\/ivy-park-x-adidas-forum-low-white\/","name":"Ivy Park x adidas Forum Low 'White' - Loftrunway","isPartOf":{"@id":"https:\/\/loftrunway.com\/de\/#website"},"primaryImageOfPage":{"@id":"https:\/\/loftrunway.com\/de\/products\/ivy-park-x-adidas-forum-low-white\/#primaryimage"},"image":{"@id":"https:\/\/loftrunway.com\/de\/products\/ivy-park-x-adidas-forum-low-white\/#primaryimage"},"thumbnailUrl":"https:\/\/images.novelship.com\/product\/ivy_park_x_adidas_forum_low__white__fz4389_0_31775.jpeg","datePublished":"2026-03-22T05:43:48+00:00","dateModified":"2026-03-22T14:51:57+00:00","breadcrumb":{"@id":"https:\/\/loftrunway.com\/de\/products\/ivy-park-x-adidas-forum-low-white\/#breadcrumb"},"inLanguage":"de","potentialAction":[{"@type":"ReadAction","target":["https:\/\/loftrunway.com\/de\/products\/ivy-park-x-adidas-forum-low-white\/"]}]},{"@type":"ImageObject","inLanguage":"de","@id":"https:\/\/loftrunway.com\/de\/products\/ivy-park-x-adidas-forum-low-white\/#primaryimage","url":"https:\/\/images.novelship.com\/product\/ivy_park_x_adidas_forum_low__white__fz4389_0_31775.jpeg","contentUrl":"https:\/\/images.novelship.com\/product\/ivy_park_x_adidas_forum_low__white__fz4389_0_31775.jpeg"},{"@type":"BreadcrumbList","@id":"https:\/\/loftrunway.com\/de\/products\/ivy-park-x-adidas-forum-low-white\/#breadcrumb","itemListElement":[{"@type":"ListItem","position":1,"name":"Home","item":"https:\/\/loftrunway.com\/de\/"},{"@type":"ListItem","position":2,"name":"Shop","item":"https:\/\/loftrunway.com\/de\/shop\/"},{"@type":"ListItem","position":3,"name":"Ivy Park x adidas Forum Low &#8218;White&#8216;"}]},{"@type":"WebSite","@id":"https:\/\/loftrunway.com\/de\/#website","url":"https:\/\/loftrunway.com\/de\/","name":"Styloral Jewelry Shop","description":"Der Ort, an dem man alle Arten von Sneakern findet","publisher":{"@id":"https:\/\/loftrunway.com\/de\/#organization"},"potentialAction":[{"@type":"SearchAction","target":{"@type":"EntryPoint","urlTemplate":"https:\/\/loftrunway.com\/de\/?s={search_term_string}"},"query-input":{"@type":"PropertyValueSpecification","valueRequired":true,"valueName":"search_term_string"}}],"inLanguage":"de"},{"@type":"Organization","@id":"https:\/\/loftrunway.com\/de\/#organization","name":"STYLORAL PTE. LTD","url":"https:\/\/loftrunway.com\/de\/","logo":{"@type":"ImageObject","inLanguage":"de","@id":"https:\/\/loftrunway.com\/de\/#\/schema\/logo\/image\/","url":"https:\/\/www.loftrunway.com\/wp-content\/uploads\/2025\/12\/logo.png","contentUrl":"https:\/\/www.loftrunway.com\/wp-content\/uploads\/2025\/12\/logo.png","width":200,"height":65,"caption":"STYLORAL PTE. LTD"},"image":{"@id":"https:\/\/loftrunway.com\/de\/#\/schema\/logo\/image\/"}}]}},"_links":{"self":[{"href":"https:\/\/loftrunway.com\/de\/wp-json\/wp\/v2\/product\/209349","targetHints":{"allow":["GET"]}}],"collection":[{"href":"https:\/\/loftrunway.com\/de\/wp-json\/wp\/v2\/product"}],"about":[{"href":"https:\/\/loftrunway.com\/de\/wp-json\/wp\/v2\/types\/product"}],"replies":[{"embeddable":true,"href":"https:\/\/loftrunway.com\/de\/wp-json\/wp\/v2\/comments?post=209349"}],"wp:featuredmedia":[{"embeddable":true,"href":"https:\/\/loftrunway.com\/de\/wp-json\/wp\/v2\/media\/209350"}],"wp:attachment":[{"href":"https:\/\/loftrunway.com\/de\/wp-json\/wp\/v2\/media?parent=209349"}],"wp:term":[{"taxonomy":"product_brand","embeddable":true,"href":"https:\/\/loftrunway.com\/de\/wp-json\/wp\/v2\/product_brand?post=209349"},{"taxonomy":"product_cat","embeddable":true,"href":"https:\/\/loftrunway.com\/de\/wp-json\/wp\/v2\/product_cat?post=209349"},{"taxonomy":"product_tag","embeddable":true,"href":"https:\/\/loftrunway.com\/de\/wp-json\/wp\/v2\/product_tag?post=209349"}],"curies":[{"name":"wp","href":"https:\/\/api.w.org\/{rel}","templated":true}]}}