{"id":210433,"date":"2026-03-22T12:47:19","date_gmt":"2026-03-22T05:47:19","guid":{"rendered":"https:\/\/loftrunway.com\/product\/adidas-originals-bermuda-shoes-navy-red"},"modified":"2026-04-03T19:53:05","modified_gmt":"2026-04-03T12:53:05","slug":"adidas-originals-bermuda-shoes-navy-red","status":"publish","type":"product","link":"https:\/\/loftrunway.com\/de\/products\/adidas-originals-bermuda-shoes-navy-red\/","title":{"rendered":"adidas Originals Bermuda Shoes &#8218;Navy Red&#8216;"},"content":{"rendered":"<p>Mit den adidas Originals Bermuda Schuhen &#8222;Navy Red&#8220; JI4278 erleben Sie zeitlosen Stil. Diese klassischen Sneaker bestechen durch ein hochwertiges Obermaterial aus marineblauem Wildleder, das durch markante rote Lederstreifen und eine Fersenlasche erg\u00e4nzt wird und so einen k\u00fchnen Vintage-Look kreiert. Die flache Silhouette und die Gummisohle sorgen f\u00fcr au\u00dfergew\u00f6hnlichen Tragekomfort und Langlebigkeit und machen die Schuhe perfekt f\u00fcr jeden Tag. Ob in der Stadt oder beim Treffen mit Freunden &#8211; diese Kultschuhe vereinen m\u00fchelos traditionelles Design mit modernem Flair. Setzen Sie mit den adidas Originals Bermuda ein modisches Statement.<\/p>\n<ul>\n<li><strong>Farbgebung:<\/strong> Legend Ink\/Pre-rubbed Brown\/Off White<\/li>\n<li><strong>Style-Code:<\/strong> JI4278<\/li>\n<li><strong>Farbe:<\/strong> Blau<\/li>\n<li><strong>Erscheinungsjahr:<\/strong> 2024<\/li>\n<\/ul>\n","protected":false},"excerpt":{"rendered":"<p>Mit den adidas Originals Bermuda Schuhen &#8222;Navy Red&#8220; JI4278 erleben Sie zeitlosen Stil. Diese klassischen Sneaker bestechen durch ein hochwertiges Obermaterial aus marineblauem Wildleder, das durch markante rote Lederstreifen und eine Fersenlasche erg\u00e4nzt wird und so einen k\u00fchnen Vintage-Look kreiert. Die flache Silhouette und die Gummisohle sorgen f\u00fcr au\u00dfergew\u00f6hnlichen Tragekomfort und Langlebigkeit und machen die [&hellip;]<\/p>\n","protected":false},"featured_media":210434,"comment_status":"open","ping_status":"closed","template":"","meta":[],"product_brand":[],"product_cat":[10941],"product_tag":[38839],"class_list":{"0":"post-210433","1":"product","2":"type-product","3":"status-publish","4":"has-post-thumbnail","6":"product_cat-adidas-women","7":"product_tag-instockold","8":"wcpa_has_options","10":"first","11":"instock","12":"taxable","13":"shipping-taxable","14":"purchasable","15":"product-type-simple"},"wcpa_form_fields":{"rules":{"pric_overide_base_price":false,"pric_overide_base_price_if_gt_zero":false,"pric_overide_base_price_fully":false,"pric_cal_option_once":false,"pric_use_as_fee":false,"bind_quantity":false,"quantity_bind_formula":false},"fields":[{"type":"color-group","required":true,"elementId":"wcpa-color-group-66c4a7f817afe","label":"Gr\u00f6\u00dfe","inline":true,"priceOptions":"different_for_all","pricingType":"fixed","className":"hassizechart product-shoes-size-eu product-shoes-size","name":"color-group-66c4a7f817b18","disp_type":"square","selection_type":"tick-border","disp_size":"50","show_label_inside":true,"adjust_width":true,"cart_display_type":"text","other_text":"Other","cl_rule":"show","col":6,"values":[{"label":"35","value":"EU 35","price":"","pimage":"","pimage_id":"","pthumb":"","color":""},{"label":"35.5","value":"EU 35.5","price":"","pimage":"","pimage_id":"","pthumb":"","color":""},{"label":"36","value":"EU 36","price":"","pimage":"","pimage_id":"","pthumb":"","color":"","selected":true},{"label":"36 2\/3","value":"EU 36 2\/3","price":"","pimage":"","pimage_id":"","pthumb":"","color":""},{"label":"37 1\/3","value":"EU 37 1\/3","price":"","pimage":"","pimage_id":"","pthumb":"","color":""},{"label":"38","value":"EU 38","price":"","pimage":"","pimage_id":"","pthumb":"","color":""},{"label":"38 2\/3","value":"EU 38 2\/3","price":"","pimage":"","pimage_id":"","pthumb":"","color":""},{"label":"39 1\/3","value":"EU 39 1\/3","price":"","pimage":"","pimage_id":"","pthumb":"","color":""},{"label":"40","value":"EU 40","price":"","pimage":"","pimage_id":"","pthumb":"","color":""},{"label":"40 2\/3","value":"EU 40 2\/3","price":"","pimage":"","pimage_id":"","pthumb":"","color":""},{"label":"41 1\/3","value":"EU 41 1\/3","price":"","pimage":"","pimage_id":"","pthumb":"","color":""},{"label":"42","value":"EU 42","price":"","pimage":"","pimage_id":"","pthumb":"","color":""},{"label":"42 2\/3","value":"EU 42 2\/3","price":"","pimage":"","pimage_id":"","pthumb":"","color":""},{"label":"43 1\/3","value":"EU 43 1\/3","price":"","pimage":"","pimage_id":"","pthumb":"","color":""},{"label":"44","value":"EU 44","price":"","pimage":"","pimage_id":"","pthumb":"","color":""},{"label":"44 2\/3","value":"EU 44 2\/3","price":"","pimage":"","pimage_id":"","pthumb":"","color":""},{"label":"45 1\/3","value":"EU 45 1\/3","price":"","pimage":"","pimage_id":"","pthumb":"","color":""},{"label":"46","value":"EU 46","price":"","pimage":"","pimage_id":"","pthumb":"","color":""},{"label":"46 2\/3","value":"EU 46 2\/3","price":"","pimage":"","pimage_id":"","pthumb":"","color":""},{"label":"47 1\/3","value":"EU 47 1\/3","price":"","pimage":"","pimage_id":"","pthumb":"","color":""}],"relations":[{"operator":false,"rules":[]}],"form_id":24802,"form_rules":{"pric_cal_option_once":false,"exclude_from_discount":false,"pric_use_as_fee":false,"fee_label":"Fee","render_after_acb":false,"disp_hide_options_price":false}}]},"yoast_head":"<!-- This site is optimized with the Yoast SEO plugin v26.5 - https:\/\/yoast.com\/wordpress\/plugins\/seo\/ -->\n<title>adidas Originals Bermuda Shoes &#039;Navy Red&#039; - Loftrunway<\/title>\n<meta name=\"robots\" content=\"index, follow, max-snippet:-1, max-image-preview:large, max-video-preview:-1\" \/>\n<link rel=\"canonical\" href=\"https:\/\/loftrunway.com\/de\/products\/adidas-originals-bermuda-shoes-navy-red\/\" \/>\n<meta property=\"og:locale\" content=\"de_DE\" \/>\n<meta property=\"og:type\" content=\"article\" \/>\n<meta property=\"og:title\" content=\"adidas Originals Bermuda Shoes &#039;Navy Red&#039; - Loftrunway\" \/>\n<meta property=\"og:description\" content=\"Mit den adidas Originals Bermuda Schuhen &#8222;Navy Red&#8220; JI4278 erleben Sie zeitlosen Stil. Diese klassischen Sneaker bestechen durch ein hochwertiges Obermaterial aus marineblauem Wildleder, das durch markante rote Lederstreifen und eine Fersenlasche erg\u00e4nzt wird und so einen k\u00fchnen Vintage-Look kreiert. Die flache Silhouette und die Gummisohle sorgen f\u00fcr au\u00dfergew\u00f6hnlichen Tragekomfort und Langlebigkeit und machen die [&hellip;]\" \/>\n<meta property=\"og:url\" content=\"https:\/\/loftrunway.com\/de\/products\/adidas-originals-bermuda-shoes-navy-red\/\" \/>\n<meta property=\"og:site_name\" content=\"loftRUN Sneaker Store\" \/>\n<meta property=\"article:modified_time\" content=\"2026-04-03T12:53:05+00:00\" \/>\n<meta name=\"twitter:card\" content=\"summary_large_image\" \/>\n<meta name=\"twitter:image\" content=\"https:\/\/images.novelship.com\/product\/adidas_originals_bermuda_shoes__navy_red__ji4278_0_92734.jpeg\" \/>\n<meta name=\"twitter:label1\" content=\"Gesch\u00e4tzte Lesezeit\" \/>\n\t<meta name=\"twitter:data1\" content=\"1\u00a0Minute\" \/>\n<script type=\"application\/ld+json\" class=\"yoast-schema-graph\">{\"@context\":\"https:\/\/schema.org\",\"@graph\":[{\"@type\":\"WebPage\",\"@id\":\"https:\/\/loftrunway.com\/de\/products\/adidas-originals-bermuda-shoes-navy-red\/\",\"url\":\"https:\/\/loftrunway.com\/de\/products\/adidas-originals-bermuda-shoes-navy-red\/\",\"name\":\"adidas Originals Bermuda Shoes 'Navy Red' - Loftrunway\",\"isPartOf\":{\"@id\":\"https:\/\/loftrunway.com\/de\/#website\"},\"primaryImageOfPage\":{\"@id\":\"https:\/\/loftrunway.com\/de\/products\/adidas-originals-bermuda-shoes-navy-red\/#primaryimage\"},\"image\":{\"@id\":\"https:\/\/loftrunway.com\/de\/products\/adidas-originals-bermuda-shoes-navy-red\/#primaryimage\"},\"thumbnailUrl\":\"https:\/\/images.novelship.com\/product\/adidas_originals_bermuda_shoes__navy_red__ji4278_0_92734.jpeg\",\"datePublished\":\"2026-03-22T05:47:19+00:00\",\"dateModified\":\"2026-04-03T12:53:05+00:00\",\"breadcrumb\":{\"@id\":\"https:\/\/loftrunway.com\/de\/products\/adidas-originals-bermuda-shoes-navy-red\/#breadcrumb\"},\"inLanguage\":\"de\",\"potentialAction\":[{\"@type\":\"ReadAction\",\"target\":[\"https:\/\/loftrunway.com\/de\/products\/adidas-originals-bermuda-shoes-navy-red\/\"]}]},{\"@type\":\"ImageObject\",\"inLanguage\":\"de\",\"@id\":\"https:\/\/loftrunway.com\/de\/products\/adidas-originals-bermuda-shoes-navy-red\/#primaryimage\",\"url\":\"https:\/\/images.novelship.com\/product\/adidas_originals_bermuda_shoes__navy_red__ji4278_0_92734.jpeg\",\"contentUrl\":\"https:\/\/images.novelship.com\/product\/adidas_originals_bermuda_shoes__navy_red__ji4278_0_92734.jpeg\"},{\"@type\":\"BreadcrumbList\",\"@id\":\"https:\/\/loftrunway.com\/de\/products\/adidas-originals-bermuda-shoes-navy-red\/#breadcrumb\",\"itemListElement\":[{\"@type\":\"ListItem\",\"position\":1,\"name\":\"Home\",\"item\":\"https:\/\/loftrunway.com\/de\/\"},{\"@type\":\"ListItem\",\"position\":2,\"name\":\"Shop\",\"item\":\"https:\/\/loftrunway.com\/de\/shop\/\"},{\"@type\":\"ListItem\",\"position\":3,\"name\":\"adidas Originals Bermuda Shoes &#8218;Navy Red&#8216;\"}]},{\"@type\":\"WebSite\",\"@id\":\"https:\/\/loftrunway.com\/de\/#website\",\"url\":\"https:\/\/loftrunway.com\/de\/\",\"name\":\"Styloral Jewelry Shop\",\"description\":\"Der Ort, an dem man alle Arten von Sneakern findet\",\"publisher\":{\"@id\":\"https:\/\/loftrunway.com\/de\/#organization\"},\"potentialAction\":[{\"@type\":\"SearchAction\",\"target\":{\"@type\":\"EntryPoint\",\"urlTemplate\":\"https:\/\/loftrunway.com\/de\/?s={search_term_string}\"},\"query-input\":{\"@type\":\"PropertyValueSpecification\",\"valueRequired\":true,\"valueName\":\"search_term_string\"}}],\"inLanguage\":\"de\"},{\"@type\":\"Organization\",\"@id\":\"https:\/\/loftrunway.com\/de\/#organization\",\"name\":\"STYLORAL PTE. LTD\",\"url\":\"https:\/\/loftrunway.com\/de\/\",\"logo\":{\"@type\":\"ImageObject\",\"inLanguage\":\"de\",\"@id\":\"https:\/\/loftrunway.com\/de\/#\/schema\/logo\/image\/\",\"url\":\"https:\/\/www.loftrunway.com\/wp-content\/uploads\/2025\/12\/logo.png\",\"contentUrl\":\"https:\/\/www.loftrunway.com\/wp-content\/uploads\/2025\/12\/logo.png\",\"width\":200,\"height\":65,\"caption\":\"STYLORAL PTE. LTD\"},\"image\":{\"@id\":\"https:\/\/loftrunway.com\/de\/#\/schema\/logo\/image\/\"}}]}<\/script>\n<!-- \/ Yoast SEO plugin. -->","yoast_head_json":{"title":"adidas Originals Bermuda Shoes 'Navy Red' - Loftrunway","robots":{"index":"index","follow":"follow","max-snippet":"max-snippet:-1","max-image-preview":"max-image-preview:large","max-video-preview":"max-video-preview:-1"},"canonical":"https:\/\/loftrunway.com\/de\/products\/adidas-originals-bermuda-shoes-navy-red\/","og_locale":"de_DE","og_type":"article","og_title":"adidas Originals Bermuda Shoes 'Navy Red' - Loftrunway","og_description":"Mit den adidas Originals Bermuda Schuhen &#8222;Navy Red&#8220; JI4278 erleben Sie zeitlosen Stil. Diese klassischen Sneaker bestechen durch ein hochwertiges Obermaterial aus marineblauem Wildleder, das durch markante rote Lederstreifen und eine Fersenlasche erg\u00e4nzt wird und so einen k\u00fchnen Vintage-Look kreiert. Die flache Silhouette und die Gummisohle sorgen f\u00fcr au\u00dfergew\u00f6hnlichen Tragekomfort und Langlebigkeit und machen die [&hellip;]","og_url":"https:\/\/loftrunway.com\/de\/products\/adidas-originals-bermuda-shoes-navy-red\/","og_site_name":"loftRUN Sneaker Store","article_modified_time":"2026-04-03T12:53:05+00:00","twitter_card":"summary_large_image","twitter_image":"https:\/\/images.novelship.com\/product\/adidas_originals_bermuda_shoes__navy_red__ji4278_0_92734.jpeg","twitter_misc":{"Gesch\u00e4tzte Lesezeit":"1\u00a0Minute"},"schema":{"@context":"https:\/\/schema.org","@graph":[{"@type":"WebPage","@id":"https:\/\/loftrunway.com\/de\/products\/adidas-originals-bermuda-shoes-navy-red\/","url":"https:\/\/loftrunway.com\/de\/products\/adidas-originals-bermuda-shoes-navy-red\/","name":"adidas Originals Bermuda Shoes 'Navy Red' - Loftrunway","isPartOf":{"@id":"https:\/\/loftrunway.com\/de\/#website"},"primaryImageOfPage":{"@id":"https:\/\/loftrunway.com\/de\/products\/adidas-originals-bermuda-shoes-navy-red\/#primaryimage"},"image":{"@id":"https:\/\/loftrunway.com\/de\/products\/adidas-originals-bermuda-shoes-navy-red\/#primaryimage"},"thumbnailUrl":"https:\/\/images.novelship.com\/product\/adidas_originals_bermuda_shoes__navy_red__ji4278_0_92734.jpeg","datePublished":"2026-03-22T05:47:19+00:00","dateModified":"2026-04-03T12:53:05+00:00","breadcrumb":{"@id":"https:\/\/loftrunway.com\/de\/products\/adidas-originals-bermuda-shoes-navy-red\/#breadcrumb"},"inLanguage":"de","potentialAction":[{"@type":"ReadAction","target":["https:\/\/loftrunway.com\/de\/products\/adidas-originals-bermuda-shoes-navy-red\/"]}]},{"@type":"ImageObject","inLanguage":"de","@id":"https:\/\/loftrunway.com\/de\/products\/adidas-originals-bermuda-shoes-navy-red\/#primaryimage","url":"https:\/\/images.novelship.com\/product\/adidas_originals_bermuda_shoes__navy_red__ji4278_0_92734.jpeg","contentUrl":"https:\/\/images.novelship.com\/product\/adidas_originals_bermuda_shoes__navy_red__ji4278_0_92734.jpeg"},{"@type":"BreadcrumbList","@id":"https:\/\/loftrunway.com\/de\/products\/adidas-originals-bermuda-shoes-navy-red\/#breadcrumb","itemListElement":[{"@type":"ListItem","position":1,"name":"Home","item":"https:\/\/loftrunway.com\/de\/"},{"@type":"ListItem","position":2,"name":"Shop","item":"https:\/\/loftrunway.com\/de\/shop\/"},{"@type":"ListItem","position":3,"name":"adidas Originals Bermuda Shoes &#8218;Navy Red&#8216;"}]},{"@type":"WebSite","@id":"https:\/\/loftrunway.com\/de\/#website","url":"https:\/\/loftrunway.com\/de\/","name":"Styloral Jewelry Shop","description":"Der Ort, an dem man alle Arten von Sneakern findet","publisher":{"@id":"https:\/\/loftrunway.com\/de\/#organization"},"potentialAction":[{"@type":"SearchAction","target":{"@type":"EntryPoint","urlTemplate":"https:\/\/loftrunway.com\/de\/?s={search_term_string}"},"query-input":{"@type":"PropertyValueSpecification","valueRequired":true,"valueName":"search_term_string"}}],"inLanguage":"de"},{"@type":"Organization","@id":"https:\/\/loftrunway.com\/de\/#organization","name":"STYLORAL PTE. LTD","url":"https:\/\/loftrunway.com\/de\/","logo":{"@type":"ImageObject","inLanguage":"de","@id":"https:\/\/loftrunway.com\/de\/#\/schema\/logo\/image\/","url":"https:\/\/www.loftrunway.com\/wp-content\/uploads\/2025\/12\/logo.png","contentUrl":"https:\/\/www.loftrunway.com\/wp-content\/uploads\/2025\/12\/logo.png","width":200,"height":65,"caption":"STYLORAL PTE. LTD"},"image":{"@id":"https:\/\/loftrunway.com\/de\/#\/schema\/logo\/image\/"}}]}},"_links":{"self":[{"href":"https:\/\/loftrunway.com\/de\/wp-json\/wp\/v2\/product\/210433","targetHints":{"allow":["GET"]}}],"collection":[{"href":"https:\/\/loftrunway.com\/de\/wp-json\/wp\/v2\/product"}],"about":[{"href":"https:\/\/loftrunway.com\/de\/wp-json\/wp\/v2\/types\/product"}],"replies":[{"embeddable":true,"href":"https:\/\/loftrunway.com\/de\/wp-json\/wp\/v2\/comments?post=210433"}],"wp:featuredmedia":[{"embeddable":true,"href":"https:\/\/loftrunway.com\/de\/wp-json\/wp\/v2\/media\/210434"}],"wp:attachment":[{"href":"https:\/\/loftrunway.com\/de\/wp-json\/wp\/v2\/media?parent=210433"}],"wp:term":[{"taxonomy":"product_brand","embeddable":true,"href":"https:\/\/loftrunway.com\/de\/wp-json\/wp\/v2\/product_brand?post=210433"},{"taxonomy":"product_cat","embeddable":true,"href":"https:\/\/loftrunway.com\/de\/wp-json\/wp\/v2\/product_cat?post=210433"},{"taxonomy":"product_tag","embeddable":true,"href":"https:\/\/loftrunway.com\/de\/wp-json\/wp\/v2\/product_tag?post=210433"}],"curies":[{"name":"wp","href":"https:\/\/api.w.org\/{rel}","templated":true}]}}