{"id":211685,"date":"2026-03-22T12:51:46","date_gmt":"2026-03-22T05:51:46","guid":{"rendered":"https:\/\/loftrunway.com\/product\/preschool-nike-dunk-low-orange-pearl"},"modified":"2026-04-03T19:53:24","modified_gmt":"2026-04-03T12:53:24","slug":"preschool-nike-dunk-low-orange-pearl","status":"publish","type":"product","link":"https:\/\/loftrunway.com\/de\/products\/preschool-nike-dunk-low-orange-pearl\/","title":{"rendered":"(Preschool) Nike Dunk Low &#8218;Orange Pearl&#8216;"},"content":{"rendered":"<p>Mit dem Nike Dunk Low &#8222;Orange Pearl&#8220; CW1588-101 f\u00fcr Vorschulkinder entdecken Sie zeitlosen Stil f\u00fcr Ihr Kind. Die aus hochwertigen Materialien gefertigten Sneaker bestechen durch ihre schicke Farbkombination aus wei\u00df und zartem Pfirsich und passen perfekt zu jedem Outfit. Die strapazierf\u00e4hige Gummisohle sorgt f\u00fcr optimalen Halt und Komfort, w\u00e4hrend der niedrige Schnitt aktiven Kindern maximale Bewegungsfreiheit bietet. Diese kultigen Schuhe bieten optimalen Halt und einen modischen Look und sind damit ein absolutes Must-have f\u00fcr die Garderobe Ihres Kindes.<\/p>\n<ul>\n<li><strong>Farbgebung:<\/strong> Sail\/Orange Pearl<\/li>\n<li><strong>Artikelnummer:<\/strong> CW1588-101<\/li>\n<li><strong>Obermaterial:<\/strong> Synthetikleder<\/li>\n<li><strong>Farbe:<\/strong> Beige<\/li>\n<li><strong>Designer:<\/strong> Peter Moore<\/li>\n<li><strong>Saison:<\/strong> Fr\u00fchling<\/li>\n<li><strong>Erscheinungsjahr:<\/strong> 2021<\/li>\n<\/ul>\n","protected":false},"excerpt":{"rendered":"<p>Mit dem Nike Dunk Low &#8222;Orange Pearl&#8220; CW1588-101 f\u00fcr Vorschulkinder entdecken Sie zeitlosen Stil f\u00fcr Ihr Kind. Die aus hochwertigen Materialien gefertigten Sneaker bestechen durch ihre schicke Farbkombination aus wei\u00df und zartem Pfirsich und passen perfekt zu jedem Outfit. Die strapazierf\u00e4hige Gummisohle sorgt f\u00fcr optimalen Halt und Komfort, w\u00e4hrend der niedrige Schnitt aktiven Kindern maximale [&hellip;]<\/p>\n","protected":false},"featured_media":211686,"comment_status":"open","ping_status":"closed","template":"","meta":[],"product_brand":[],"product_cat":[10809],"product_tag":[38839],"class_list":{"0":"post-211685","1":"product","2":"type-product","3":"status-publish","4":"has-post-thumbnail","6":"product_cat-nike-women","7":"product_tag-instockold","8":"wcpa_has_options","10":"first","11":"instock","12":"taxable","13":"shipping-taxable","14":"purchasable","15":"product-type-simple"},"wcpa_form_fields":{"rules":{"pric_overide_base_price":false,"pric_overide_base_price_if_gt_zero":false,"pric_overide_base_price_fully":false,"pric_cal_option_once":false,"pric_use_as_fee":false,"bind_quantity":false,"quantity_bind_formula":false},"fields":[{"type":"color-group","required":true,"elementId":"wcpa-color-group-66c4a75505e74","label":"Gr\u00f6\u00dfe - EU Gr\u00f6\u00dfe","inline":true,"priceOptions":"different_for_all","pricingType":"fixed","className":"hassizechart product-shoes-size-eu product-shoes-size","name":"color-group-66c4a75505e89","disp_type":"square","selection_type":"tick-border","disp_size":"44","show_label_inside":true,"adjust_width":true,"cart_display_type":"text","other_text":"Other","cl_rule":"show","col":6,"values":[{"label":"35.5","value":"EU 35.5","price":"","pimage":"","pimage_id":"","pthumb":"","color":""},{"label":"36","value":"EU 36","price":"","pimage":"","pimage_id":"","pthumb":"","color":"","selected":true},{"label":"36.5","value":"EU 36.5","price":"","pimage":"","pimage_id":"","pthumb":"","color":""},{"label":"37.5","value":"EU 37.5","price":"","pimage":"","pimage_id":"","pthumb":"","color":""},{"label":"38","value":"EU 38","price":"","pimage":"","pimage_id":"","pthumb":"","color":""},{"label":"38.5","value":"EU 38.5","price":"","pimage":"","pimage_id":"","pthumb":"","color":""},{"label":"39","value":"EU 39","price":"","pimage":"","pimage_id":"","pthumb":"","color":""},{"label":"40","value":"EU 40","price":"","pimage":"","pimage_id":"","pthumb":"","color":""},{"label":"40.5","value":"EU 40.5","price":"","pimage":"","pimage_id":"","pthumb":"","color":""},{"label":"41","value":"EU 41","price":"","pimage":"","pimage_id":"","pthumb":"","color":""},{"label":"42","value":"EU 42","price":"","pimage":"","pimage_id":"","pthumb":"","color":""},{"label":"42.5","value":"EU 42.5","price":"","pimage":"","pimage_id":"","pthumb":"","color":""},{"label":"43","value":"EU 43","price":"","pimage":"","pimage_id":"","pthumb":"","color":""},{"label":"44","value":"EU 44","price":"","pimage":"","pimage_id":"","pthumb":"","color":""},{"label":"44.5","value":"EU 44.5","price":"","pimage":"","pimage_id":"","pthumb":"","color":""},{"label":"45","value":"EU 45","price":"","pimage":"","pimage_id":"","pthumb":"","color":""},{"label":"45.5","value":"EU 45.5","price":"","pimage":"","pimage_id":"","pthumb":"","color":""},{"label":"46","value":"EU 46","price":"","pimage":"","pimage_id":"","pthumb":"","color":""},{"label":"47","value":"EU 47","price":"","pimage":"","pimage_id":"","pthumb":"","color":""},{"label":"47.5","value":"EU 47.5","price":"","pimage":"","pimage_id":"","pthumb":"","color":""},{"label":"48","value":"EU 48","price":"","pimage":"","pimage_id":"","pthumb":"","color":""}],"relations":[{"operator":false,"rules":[]}],"form_id":18106,"form_rules":{"pric_cal_option_once":false,"exclude_from_discount":false,"pric_use_as_fee":false,"fee_label":"Fee","render_after_acb":false,"disp_hide_options_price":false}}]},"yoast_head":"<!-- This site is optimized with the Yoast SEO plugin v26.5 - https:\/\/yoast.com\/wordpress\/plugins\/seo\/ -->\n<title>(Preschool) Nike Dunk Low &#039;Orange Pearl&#039; - Loftrunway<\/title>\n<meta name=\"robots\" content=\"index, follow, max-snippet:-1, max-image-preview:large, max-video-preview:-1\" \/>\n<link rel=\"canonical\" href=\"https:\/\/loftrunway.com\/de\/products\/preschool-nike-dunk-low-orange-pearl\/\" \/>\n<meta property=\"og:locale\" content=\"de_DE\" \/>\n<meta property=\"og:type\" content=\"article\" \/>\n<meta property=\"og:title\" content=\"(Preschool) Nike Dunk Low &#039;Orange Pearl&#039; - Loftrunway\" \/>\n<meta property=\"og:description\" content=\"Mit dem Nike Dunk Low &#8222;Orange Pearl&#8220; CW1588-101 f\u00fcr Vorschulkinder entdecken Sie zeitlosen Stil f\u00fcr Ihr Kind. Die aus hochwertigen Materialien gefertigten Sneaker bestechen durch ihre schicke Farbkombination aus wei\u00df und zartem Pfirsich und passen perfekt zu jedem Outfit. Die strapazierf\u00e4hige Gummisohle sorgt f\u00fcr optimalen Halt und Komfort, w\u00e4hrend der niedrige Schnitt aktiven Kindern maximale [&hellip;]\" \/>\n<meta property=\"og:url\" content=\"https:\/\/loftrunway.com\/de\/products\/preschool-nike-dunk-low-orange-pearl\/\" \/>\n<meta property=\"og:site_name\" content=\"loftRUN Sneaker Store\" \/>\n<meta property=\"article:modified_time\" content=\"2026-04-03T12:53:24+00:00\" \/>\n<meta name=\"twitter:card\" content=\"summary_large_image\" \/>\n<meta name=\"twitter:image\" content=\"https:\/\/images.novelship.com\/product\/_preschool__nike_dunk_low__orange_pearl__cw1588-10_0_61365.jpeg\" \/>\n<script type=\"application\/ld+json\" class=\"yoast-schema-graph\">{\"@context\":\"https:\/\/schema.org\",\"@graph\":[{\"@type\":\"WebPage\",\"@id\":\"https:\/\/loftrunway.com\/de\/products\/preschool-nike-dunk-low-orange-pearl\/\",\"url\":\"https:\/\/loftrunway.com\/de\/products\/preschool-nike-dunk-low-orange-pearl\/\",\"name\":\"(Preschool) Nike Dunk Low 'Orange Pearl' - Loftrunway\",\"isPartOf\":{\"@id\":\"https:\/\/loftrunway.com\/de\/#website\"},\"primaryImageOfPage\":{\"@id\":\"https:\/\/loftrunway.com\/de\/products\/preschool-nike-dunk-low-orange-pearl\/#primaryimage\"},\"image\":{\"@id\":\"https:\/\/loftrunway.com\/de\/products\/preschool-nike-dunk-low-orange-pearl\/#primaryimage\"},\"thumbnailUrl\":\"https:\/\/images.novelship.com\/product\/_preschool__nike_dunk_low__orange_pearl__cw1588-10_0_61365.jpeg\",\"datePublished\":\"2026-03-22T05:51:46+00:00\",\"dateModified\":\"2026-04-03T12:53:24+00:00\",\"breadcrumb\":{\"@id\":\"https:\/\/loftrunway.com\/de\/products\/preschool-nike-dunk-low-orange-pearl\/#breadcrumb\"},\"inLanguage\":\"de\",\"potentialAction\":[{\"@type\":\"ReadAction\",\"target\":[\"https:\/\/loftrunway.com\/de\/products\/preschool-nike-dunk-low-orange-pearl\/\"]}]},{\"@type\":\"ImageObject\",\"inLanguage\":\"de\",\"@id\":\"https:\/\/loftrunway.com\/de\/products\/preschool-nike-dunk-low-orange-pearl\/#primaryimage\",\"url\":\"https:\/\/images.novelship.com\/product\/_preschool__nike_dunk_low__orange_pearl__cw1588-10_0_61365.jpeg\",\"contentUrl\":\"https:\/\/images.novelship.com\/product\/_preschool__nike_dunk_low__orange_pearl__cw1588-10_0_61365.jpeg\"},{\"@type\":\"BreadcrumbList\",\"@id\":\"https:\/\/loftrunway.com\/de\/products\/preschool-nike-dunk-low-orange-pearl\/#breadcrumb\",\"itemListElement\":[{\"@type\":\"ListItem\",\"position\":1,\"name\":\"Home\",\"item\":\"https:\/\/loftrunway.com\/de\/\"},{\"@type\":\"ListItem\",\"position\":2,\"name\":\"Shop\",\"item\":\"https:\/\/loftrunway.com\/de\/shop\/\"},{\"@type\":\"ListItem\",\"position\":3,\"name\":\"(Preschool) Nike Dunk Low &#8218;Orange Pearl&#8216;\"}]},{\"@type\":\"WebSite\",\"@id\":\"https:\/\/loftrunway.com\/de\/#website\",\"url\":\"https:\/\/loftrunway.com\/de\/\",\"name\":\"Styloral Jewelry Shop\",\"description\":\"Der Ort, an dem man alle Arten von Sneakern findet\",\"publisher\":{\"@id\":\"https:\/\/loftrunway.com\/de\/#organization\"},\"potentialAction\":[{\"@type\":\"SearchAction\",\"target\":{\"@type\":\"EntryPoint\",\"urlTemplate\":\"https:\/\/loftrunway.com\/de\/?s={search_term_string}\"},\"query-input\":{\"@type\":\"PropertyValueSpecification\",\"valueRequired\":true,\"valueName\":\"search_term_string\"}}],\"inLanguage\":\"de\"},{\"@type\":\"Organization\",\"@id\":\"https:\/\/loftrunway.com\/de\/#organization\",\"name\":\"STYLORAL PTE. LTD\",\"url\":\"https:\/\/loftrunway.com\/de\/\",\"logo\":{\"@type\":\"ImageObject\",\"inLanguage\":\"de\",\"@id\":\"https:\/\/loftrunway.com\/de\/#\/schema\/logo\/image\/\",\"url\":\"https:\/\/www.loftrunway.com\/wp-content\/uploads\/2025\/12\/logo.png\",\"contentUrl\":\"https:\/\/www.loftrunway.com\/wp-content\/uploads\/2025\/12\/logo.png\",\"width\":200,\"height\":65,\"caption\":\"STYLORAL PTE. LTD\"},\"image\":{\"@id\":\"https:\/\/loftrunway.com\/de\/#\/schema\/logo\/image\/\"}}]}<\/script>\n<!-- \/ Yoast SEO plugin. -->","yoast_head_json":{"title":"(Preschool) Nike Dunk Low 'Orange Pearl' - Loftrunway","robots":{"index":"index","follow":"follow","max-snippet":"max-snippet:-1","max-image-preview":"max-image-preview:large","max-video-preview":"max-video-preview:-1"},"canonical":"https:\/\/loftrunway.com\/de\/products\/preschool-nike-dunk-low-orange-pearl\/","og_locale":"de_DE","og_type":"article","og_title":"(Preschool) Nike Dunk Low 'Orange Pearl' - Loftrunway","og_description":"Mit dem Nike Dunk Low &#8222;Orange Pearl&#8220; CW1588-101 f\u00fcr Vorschulkinder entdecken Sie zeitlosen Stil f\u00fcr Ihr Kind. Die aus hochwertigen Materialien gefertigten Sneaker bestechen durch ihre schicke Farbkombination aus wei\u00df und zartem Pfirsich und passen perfekt zu jedem Outfit. Die strapazierf\u00e4hige Gummisohle sorgt f\u00fcr optimalen Halt und Komfort, w\u00e4hrend der niedrige Schnitt aktiven Kindern maximale [&hellip;]","og_url":"https:\/\/loftrunway.com\/de\/products\/preschool-nike-dunk-low-orange-pearl\/","og_site_name":"loftRUN Sneaker Store","article_modified_time":"2026-04-03T12:53:24+00:00","twitter_card":"summary_large_image","twitter_image":"https:\/\/images.novelship.com\/product\/_preschool__nike_dunk_low__orange_pearl__cw1588-10_0_61365.jpeg","schema":{"@context":"https:\/\/schema.org","@graph":[{"@type":"WebPage","@id":"https:\/\/loftrunway.com\/de\/products\/preschool-nike-dunk-low-orange-pearl\/","url":"https:\/\/loftrunway.com\/de\/products\/preschool-nike-dunk-low-orange-pearl\/","name":"(Preschool) Nike Dunk Low 'Orange Pearl' - Loftrunway","isPartOf":{"@id":"https:\/\/loftrunway.com\/de\/#website"},"primaryImageOfPage":{"@id":"https:\/\/loftrunway.com\/de\/products\/preschool-nike-dunk-low-orange-pearl\/#primaryimage"},"image":{"@id":"https:\/\/loftrunway.com\/de\/products\/preschool-nike-dunk-low-orange-pearl\/#primaryimage"},"thumbnailUrl":"https:\/\/images.novelship.com\/product\/_preschool__nike_dunk_low__orange_pearl__cw1588-10_0_61365.jpeg","datePublished":"2026-03-22T05:51:46+00:00","dateModified":"2026-04-03T12:53:24+00:00","breadcrumb":{"@id":"https:\/\/loftrunway.com\/de\/products\/preschool-nike-dunk-low-orange-pearl\/#breadcrumb"},"inLanguage":"de","potentialAction":[{"@type":"ReadAction","target":["https:\/\/loftrunway.com\/de\/products\/preschool-nike-dunk-low-orange-pearl\/"]}]},{"@type":"ImageObject","inLanguage":"de","@id":"https:\/\/loftrunway.com\/de\/products\/preschool-nike-dunk-low-orange-pearl\/#primaryimage","url":"https:\/\/images.novelship.com\/product\/_preschool__nike_dunk_low__orange_pearl__cw1588-10_0_61365.jpeg","contentUrl":"https:\/\/images.novelship.com\/product\/_preschool__nike_dunk_low__orange_pearl__cw1588-10_0_61365.jpeg"},{"@type":"BreadcrumbList","@id":"https:\/\/loftrunway.com\/de\/products\/preschool-nike-dunk-low-orange-pearl\/#breadcrumb","itemListElement":[{"@type":"ListItem","position":1,"name":"Home","item":"https:\/\/loftrunway.com\/de\/"},{"@type":"ListItem","position":2,"name":"Shop","item":"https:\/\/loftrunway.com\/de\/shop\/"},{"@type":"ListItem","position":3,"name":"(Preschool) Nike Dunk Low &#8218;Orange Pearl&#8216;"}]},{"@type":"WebSite","@id":"https:\/\/loftrunway.com\/de\/#website","url":"https:\/\/loftrunway.com\/de\/","name":"Styloral Jewelry Shop","description":"Der Ort, an dem man alle Arten von Sneakern findet","publisher":{"@id":"https:\/\/loftrunway.com\/de\/#organization"},"potentialAction":[{"@type":"SearchAction","target":{"@type":"EntryPoint","urlTemplate":"https:\/\/loftrunway.com\/de\/?s={search_term_string}"},"query-input":{"@type":"PropertyValueSpecification","valueRequired":true,"valueName":"search_term_string"}}],"inLanguage":"de"},{"@type":"Organization","@id":"https:\/\/loftrunway.com\/de\/#organization","name":"STYLORAL PTE. LTD","url":"https:\/\/loftrunway.com\/de\/","logo":{"@type":"ImageObject","inLanguage":"de","@id":"https:\/\/loftrunway.com\/de\/#\/schema\/logo\/image\/","url":"https:\/\/www.loftrunway.com\/wp-content\/uploads\/2025\/12\/logo.png","contentUrl":"https:\/\/www.loftrunway.com\/wp-content\/uploads\/2025\/12\/logo.png","width":200,"height":65,"caption":"STYLORAL PTE. LTD"},"image":{"@id":"https:\/\/loftrunway.com\/de\/#\/schema\/logo\/image\/"}}]}},"_links":{"self":[{"href":"https:\/\/loftrunway.com\/de\/wp-json\/wp\/v2\/product\/211685","targetHints":{"allow":["GET"]}}],"collection":[{"href":"https:\/\/loftrunway.com\/de\/wp-json\/wp\/v2\/product"}],"about":[{"href":"https:\/\/loftrunway.com\/de\/wp-json\/wp\/v2\/types\/product"}],"replies":[{"embeddable":true,"href":"https:\/\/loftrunway.com\/de\/wp-json\/wp\/v2\/comments?post=211685"}],"wp:featuredmedia":[{"embeddable":true,"href":"https:\/\/loftrunway.com\/de\/wp-json\/wp\/v2\/media\/211686"}],"wp:attachment":[{"href":"https:\/\/loftrunway.com\/de\/wp-json\/wp\/v2\/media?parent=211685"}],"wp:term":[{"taxonomy":"product_brand","embeddable":true,"href":"https:\/\/loftrunway.com\/de\/wp-json\/wp\/v2\/product_brand?post=211685"},{"taxonomy":"product_cat","embeddable":true,"href":"https:\/\/loftrunway.com\/de\/wp-json\/wp\/v2\/product_cat?post=211685"},{"taxonomy":"product_tag","embeddable":true,"href":"https:\/\/loftrunway.com\/de\/wp-json\/wp\/v2\/product_tag?post=211685"}],"curies":[{"name":"wp","href":"https:\/\/api.w.org\/{rel}","templated":true}]}}