{"id":213465,"date":"2026-03-22T12:58:31","date_gmt":"2026-03-22T05:58:31","guid":{"rendered":"https:\/\/loftrunway.com\/product\/lionel-messi-x-adidas-samba-inter-miami-cfaway-kit"},"modified":"2026-03-22T21:55:06","modified_gmt":"2026-03-22T14:55:06","slug":"lionel-messi-x-adidas-samba-inter-miami-cfaway-kit","status":"publish","type":"product","link":"https:\/\/loftrunway.com\/de\/products\/lionel-messi-x-adidas-samba-inter-miami-cfaway-kit\/","title":{"rendered":"Lionel Messi x adidas Samba &#8218;Inter Miami CF &#8211; Away Kit&#8216;"},"content":{"rendered":"<p>Wir pr\u00e4sentieren das legend\u00e4re Lionel Messi x adidas Samba &#8222;Inter Miami CF &#8211; Ausw\u00e4rtstrikot&#8220;, mit h\u00f6chster Pr\u00e4zision f\u00fcr echte Fu\u00dfballfans gefertigt. Erlebe h\u00f6chsten Tragekomfort und Style dank des atmungsaktiven Mesh-Obermaterials und der klassischen Samba-Silhouette. Mit Messis ikonischer Nummer 10 und den leuchtenden Farben von Inter Miami hebt dieses limitierte Trikot dein Spiel auf ein neues Level und zeigt deine unersch\u00fctterliche Unterst\u00fctzung f\u00fcr die Fu\u00dfballlegende. Entfessle deinen inneren Messi und dominiere den Platz mit unvergleichlichem Selbstvertrauen.Farbgebung: Schwarz\/Pink\/GummiStyle-Code: IH8157Obermaterial: LederFarbe: SchwarzErscheinungsjahr: 2024<\/p>\n","protected":false},"excerpt":{"rendered":"<p>Wir pr\u00e4sentieren das legend\u00e4re Lionel Messi x adidas Samba &#8222;Inter Miami CF &#8211; Ausw\u00e4rtstrikot&#8220;, mit h\u00f6chster Pr\u00e4zision f\u00fcr echte Fu\u00dfballfans gefertigt. Erlebe h\u00f6chsten Tragekomfort und Style dank des atmungsaktiven Mesh-Obermaterials und der klassischen Samba-Silhouette. Mit Messis ikonischer Nummer 10 und den leuchtenden Farben von Inter Miami hebt dieses limitierte Trikot dein Spiel auf ein neues [&hellip;]<\/p>\n","protected":false},"featured_media":213466,"comment_status":"open","ping_status":"closed","template":"","meta":[],"product_brand":[],"product_cat":[10941],"product_tag":[38839],"class_list":{"0":"post-213465","1":"product","2":"type-product","3":"status-publish","4":"has-post-thumbnail","6":"product_cat-adidas-women","7":"product_tag-instockold","8":"wcpa_has_options","10":"first","11":"instock","12":"taxable","13":"shipping-taxable","14":"purchasable","15":"product-type-simple"},"wcpa_form_fields":{"rules":{"pric_overide_base_price":false,"pric_overide_base_price_if_gt_zero":false,"pric_overide_base_price_fully":false,"pric_cal_option_once":false,"pric_use_as_fee":false,"bind_quantity":false,"quantity_bind_formula":false},"fields":[{"type":"color-group","required":true,"elementId":"wcpa-color-group-66c4a7f817afe","label":"Gr\u00f6\u00dfe","inline":true,"priceOptions":"different_for_all","pricingType":"fixed","className":"hassizechart product-shoes-size-eu product-shoes-size","name":"color-group-66c4a7f817b18","disp_type":"square","selection_type":"tick-border","disp_size":"50","show_label_inside":true,"adjust_width":true,"cart_display_type":"text","other_text":"Other","cl_rule":"show","col":6,"values":[{"label":"35","value":"EU 35","price":"","pimage":"","pimage_id":"","pthumb":"","color":""},{"label":"35.5","value":"EU 35.5","price":"","pimage":"","pimage_id":"","pthumb":"","color":""},{"label":"36","value":"EU 36","price":"","pimage":"","pimage_id":"","pthumb":"","color":"","selected":true},{"label":"36 2\/3","value":"EU 36 2\/3","price":"","pimage":"","pimage_id":"","pthumb":"","color":""},{"label":"37 1\/3","value":"EU 37 1\/3","price":"","pimage":"","pimage_id":"","pthumb":"","color":""},{"label":"38","value":"EU 38","price":"","pimage":"","pimage_id":"","pthumb":"","color":""},{"label":"38 2\/3","value":"EU 38 2\/3","price":"","pimage":"","pimage_id":"","pthumb":"","color":""},{"label":"39 1\/3","value":"EU 39 1\/3","price":"","pimage":"","pimage_id":"","pthumb":"","color":""},{"label":"40","value":"EU 40","price":"","pimage":"","pimage_id":"","pthumb":"","color":""},{"label":"40 2\/3","value":"EU 40 2\/3","price":"","pimage":"","pimage_id":"","pthumb":"","color":""},{"label":"41 1\/3","value":"EU 41 1\/3","price":"","pimage":"","pimage_id":"","pthumb":"","color":""},{"label":"42","value":"EU 42","price":"","pimage":"","pimage_id":"","pthumb":"","color":""},{"label":"42 2\/3","value":"EU 42 2\/3","price":"","pimage":"","pimage_id":"","pthumb":"","color":""},{"label":"43 1\/3","value":"EU 43 1\/3","price":"","pimage":"","pimage_id":"","pthumb":"","color":""},{"label":"44","value":"EU 44","price":"","pimage":"","pimage_id":"","pthumb":"","color":""},{"label":"44 2\/3","value":"EU 44 2\/3","price":"","pimage":"","pimage_id":"","pthumb":"","color":""},{"label":"45 1\/3","value":"EU 45 1\/3","price":"","pimage":"","pimage_id":"","pthumb":"","color":""},{"label":"46","value":"EU 46","price":"","pimage":"","pimage_id":"","pthumb":"","color":""},{"label":"46 2\/3","value":"EU 46 2\/3","price":"","pimage":"","pimage_id":"","pthumb":"","color":""},{"label":"47 1\/3","value":"EU 47 1\/3","price":"","pimage":"","pimage_id":"","pthumb":"","color":""}],"relations":[{"operator":false,"rules":[]}],"form_id":24802,"form_rules":{"pric_cal_option_once":false,"exclude_from_discount":false,"pric_use_as_fee":false,"fee_label":"Fee","render_after_acb":false,"disp_hide_options_price":false}}]},"yoast_head":"<!-- This site is optimized with the Yoast SEO plugin v26.5 - https:\/\/yoast.com\/wordpress\/plugins\/seo\/ -->\n<title>Lionel Messi x adidas Samba &#039;Inter Miami CF - Away Kit&#039; - Loftrunway<\/title>\n<meta name=\"robots\" content=\"index, follow, max-snippet:-1, max-image-preview:large, max-video-preview:-1\" \/>\n<link rel=\"canonical\" href=\"https:\/\/loftrunway.com\/de\/products\/lionel-messi-x-adidas-samba-inter-miami-cfaway-kit\/\" \/>\n<meta property=\"og:locale\" content=\"de_DE\" \/>\n<meta property=\"og:type\" content=\"article\" \/>\n<meta property=\"og:title\" content=\"Lionel Messi x adidas Samba &#039;Inter Miami CF - Away Kit&#039; - Loftrunway\" \/>\n<meta property=\"og:description\" content=\"Wir pr\u00e4sentieren das legend\u00e4re Lionel Messi x adidas Samba &#8222;Inter Miami CF &#8211; Ausw\u00e4rtstrikot&#8220;, mit h\u00f6chster Pr\u00e4zision f\u00fcr echte Fu\u00dfballfans gefertigt. Erlebe h\u00f6chsten Tragekomfort und Style dank des atmungsaktiven Mesh-Obermaterials und der klassischen Samba-Silhouette. Mit Messis ikonischer Nummer 10 und den leuchtenden Farben von Inter Miami hebt dieses limitierte Trikot dein Spiel auf ein neues [&hellip;]\" \/>\n<meta property=\"og:url\" content=\"https:\/\/loftrunway.com\/de\/products\/lionel-messi-x-adidas-samba-inter-miami-cfaway-kit\/\" \/>\n<meta property=\"og:site_name\" content=\"loftRUN Sneaker Store\" \/>\n<meta property=\"article:modified_time\" content=\"2026-03-22T14:55:06+00:00\" \/>\n<meta name=\"twitter:card\" content=\"summary_large_image\" \/>\n<meta name=\"twitter:image\" content=\"https:\/\/images.novelship.com\/product\/lionel_messi_x_adidas_samba__inter_miami_cf___away_0_72719.octet-stream\" \/>\n<script type=\"application\/ld+json\" class=\"yoast-schema-graph\">{\"@context\":\"https:\/\/schema.org\",\"@graph\":[{\"@type\":\"WebPage\",\"@id\":\"https:\/\/loftrunway.com\/de\/products\/lionel-messi-x-adidas-samba-inter-miami-cfaway-kit\/\",\"url\":\"https:\/\/loftrunway.com\/de\/products\/lionel-messi-x-adidas-samba-inter-miami-cfaway-kit\/\",\"name\":\"Lionel Messi x adidas Samba 'Inter Miami CF - Away Kit' - Loftrunway\",\"isPartOf\":{\"@id\":\"https:\/\/loftrunway.com\/de\/#website\"},\"primaryImageOfPage\":{\"@id\":\"https:\/\/loftrunway.com\/de\/products\/lionel-messi-x-adidas-samba-inter-miami-cfaway-kit\/#primaryimage\"},\"image\":{\"@id\":\"https:\/\/loftrunway.com\/de\/products\/lionel-messi-x-adidas-samba-inter-miami-cfaway-kit\/#primaryimage\"},\"thumbnailUrl\":\"https:\/\/images.novelship.com\/product\/lionel_messi_x_adidas_samba__inter_miami_cf___away_0_72719.octet-stream\",\"datePublished\":\"2026-03-22T05:58:31+00:00\",\"dateModified\":\"2026-03-22T14:55:06+00:00\",\"breadcrumb\":{\"@id\":\"https:\/\/loftrunway.com\/de\/products\/lionel-messi-x-adidas-samba-inter-miami-cfaway-kit\/#breadcrumb\"},\"inLanguage\":\"de\",\"potentialAction\":[{\"@type\":\"ReadAction\",\"target\":[\"https:\/\/loftrunway.com\/de\/products\/lionel-messi-x-adidas-samba-inter-miami-cfaway-kit\/\"]}]},{\"@type\":\"ImageObject\",\"inLanguage\":\"de\",\"@id\":\"https:\/\/loftrunway.com\/de\/products\/lionel-messi-x-adidas-samba-inter-miami-cfaway-kit\/#primaryimage\",\"url\":\"https:\/\/images.novelship.com\/product\/lionel_messi_x_adidas_samba__inter_miami_cf___away_0_72719.octet-stream\",\"contentUrl\":\"https:\/\/images.novelship.com\/product\/lionel_messi_x_adidas_samba__inter_miami_cf___away_0_72719.octet-stream\"},{\"@type\":\"BreadcrumbList\",\"@id\":\"https:\/\/loftrunway.com\/de\/products\/lionel-messi-x-adidas-samba-inter-miami-cfaway-kit\/#breadcrumb\",\"itemListElement\":[{\"@type\":\"ListItem\",\"position\":1,\"name\":\"Home\",\"item\":\"https:\/\/loftrunway.com\/de\/\"},{\"@type\":\"ListItem\",\"position\":2,\"name\":\"Shop\",\"item\":\"https:\/\/loftrunway.com\/de\/shop\/\"},{\"@type\":\"ListItem\",\"position\":3,\"name\":\"Lionel Messi x adidas Samba &#8218;Inter Miami CF &#8211; Away Kit&#8216;\"}]},{\"@type\":\"WebSite\",\"@id\":\"https:\/\/loftrunway.com\/de\/#website\",\"url\":\"https:\/\/loftrunway.com\/de\/\",\"name\":\"Styloral Jewelry Shop\",\"description\":\"Der Ort, an dem man alle Arten von Sneakern findet\",\"publisher\":{\"@id\":\"https:\/\/loftrunway.com\/de\/#organization\"},\"potentialAction\":[{\"@type\":\"SearchAction\",\"target\":{\"@type\":\"EntryPoint\",\"urlTemplate\":\"https:\/\/loftrunway.com\/de\/?s={search_term_string}\"},\"query-input\":{\"@type\":\"PropertyValueSpecification\",\"valueRequired\":true,\"valueName\":\"search_term_string\"}}],\"inLanguage\":\"de\"},{\"@type\":\"Organization\",\"@id\":\"https:\/\/loftrunway.com\/de\/#organization\",\"name\":\"STYLORAL PTE. LTD\",\"url\":\"https:\/\/loftrunway.com\/de\/\",\"logo\":{\"@type\":\"ImageObject\",\"inLanguage\":\"de\",\"@id\":\"https:\/\/loftrunway.com\/de\/#\/schema\/logo\/image\/\",\"url\":\"https:\/\/www.loftrunway.com\/wp-content\/uploads\/2025\/12\/logo.png\",\"contentUrl\":\"https:\/\/www.loftrunway.com\/wp-content\/uploads\/2025\/12\/logo.png\",\"width\":200,\"height\":65,\"caption\":\"STYLORAL PTE. LTD\"},\"image\":{\"@id\":\"https:\/\/loftrunway.com\/de\/#\/schema\/logo\/image\/\"}}]}<\/script>\n<!-- \/ Yoast SEO plugin. -->","yoast_head_json":{"title":"Lionel Messi x adidas Samba 'Inter Miami CF - Away Kit' - Loftrunway","robots":{"index":"index","follow":"follow","max-snippet":"max-snippet:-1","max-image-preview":"max-image-preview:large","max-video-preview":"max-video-preview:-1"},"canonical":"https:\/\/loftrunway.com\/de\/products\/lionel-messi-x-adidas-samba-inter-miami-cfaway-kit\/","og_locale":"de_DE","og_type":"article","og_title":"Lionel Messi x adidas Samba 'Inter Miami CF - Away Kit' - Loftrunway","og_description":"Wir pr\u00e4sentieren das legend\u00e4re Lionel Messi x adidas Samba &#8222;Inter Miami CF &#8211; Ausw\u00e4rtstrikot&#8220;, mit h\u00f6chster Pr\u00e4zision f\u00fcr echte Fu\u00dfballfans gefertigt. Erlebe h\u00f6chsten Tragekomfort und Style dank des atmungsaktiven Mesh-Obermaterials und der klassischen Samba-Silhouette. Mit Messis ikonischer Nummer 10 und den leuchtenden Farben von Inter Miami hebt dieses limitierte Trikot dein Spiel auf ein neues [&hellip;]","og_url":"https:\/\/loftrunway.com\/de\/products\/lionel-messi-x-adidas-samba-inter-miami-cfaway-kit\/","og_site_name":"loftRUN Sneaker Store","article_modified_time":"2026-03-22T14:55:06+00:00","twitter_card":"summary_large_image","twitter_image":"https:\/\/images.novelship.com\/product\/lionel_messi_x_adidas_samba__inter_miami_cf___away_0_72719.octet-stream","schema":{"@context":"https:\/\/schema.org","@graph":[{"@type":"WebPage","@id":"https:\/\/loftrunway.com\/de\/products\/lionel-messi-x-adidas-samba-inter-miami-cfaway-kit\/","url":"https:\/\/loftrunway.com\/de\/products\/lionel-messi-x-adidas-samba-inter-miami-cfaway-kit\/","name":"Lionel Messi x adidas Samba 'Inter Miami CF - Away Kit' - Loftrunway","isPartOf":{"@id":"https:\/\/loftrunway.com\/de\/#website"},"primaryImageOfPage":{"@id":"https:\/\/loftrunway.com\/de\/products\/lionel-messi-x-adidas-samba-inter-miami-cfaway-kit\/#primaryimage"},"image":{"@id":"https:\/\/loftrunway.com\/de\/products\/lionel-messi-x-adidas-samba-inter-miami-cfaway-kit\/#primaryimage"},"thumbnailUrl":"https:\/\/images.novelship.com\/product\/lionel_messi_x_adidas_samba__inter_miami_cf___away_0_72719.octet-stream","datePublished":"2026-03-22T05:58:31+00:00","dateModified":"2026-03-22T14:55:06+00:00","breadcrumb":{"@id":"https:\/\/loftrunway.com\/de\/products\/lionel-messi-x-adidas-samba-inter-miami-cfaway-kit\/#breadcrumb"},"inLanguage":"de","potentialAction":[{"@type":"ReadAction","target":["https:\/\/loftrunway.com\/de\/products\/lionel-messi-x-adidas-samba-inter-miami-cfaway-kit\/"]}]},{"@type":"ImageObject","inLanguage":"de","@id":"https:\/\/loftrunway.com\/de\/products\/lionel-messi-x-adidas-samba-inter-miami-cfaway-kit\/#primaryimage","url":"https:\/\/images.novelship.com\/product\/lionel_messi_x_adidas_samba__inter_miami_cf___away_0_72719.octet-stream","contentUrl":"https:\/\/images.novelship.com\/product\/lionel_messi_x_adidas_samba__inter_miami_cf___away_0_72719.octet-stream"},{"@type":"BreadcrumbList","@id":"https:\/\/loftrunway.com\/de\/products\/lionel-messi-x-adidas-samba-inter-miami-cfaway-kit\/#breadcrumb","itemListElement":[{"@type":"ListItem","position":1,"name":"Home","item":"https:\/\/loftrunway.com\/de\/"},{"@type":"ListItem","position":2,"name":"Shop","item":"https:\/\/loftrunway.com\/de\/shop\/"},{"@type":"ListItem","position":3,"name":"Lionel Messi x adidas Samba &#8218;Inter Miami CF &#8211; Away Kit&#8216;"}]},{"@type":"WebSite","@id":"https:\/\/loftrunway.com\/de\/#website","url":"https:\/\/loftrunway.com\/de\/","name":"Styloral Jewelry Shop","description":"Der Ort, an dem man alle Arten von Sneakern findet","publisher":{"@id":"https:\/\/loftrunway.com\/de\/#organization"},"potentialAction":[{"@type":"SearchAction","target":{"@type":"EntryPoint","urlTemplate":"https:\/\/loftrunway.com\/de\/?s={search_term_string}"},"query-input":{"@type":"PropertyValueSpecification","valueRequired":true,"valueName":"search_term_string"}}],"inLanguage":"de"},{"@type":"Organization","@id":"https:\/\/loftrunway.com\/de\/#organization","name":"STYLORAL PTE. LTD","url":"https:\/\/loftrunway.com\/de\/","logo":{"@type":"ImageObject","inLanguage":"de","@id":"https:\/\/loftrunway.com\/de\/#\/schema\/logo\/image\/","url":"https:\/\/www.loftrunway.com\/wp-content\/uploads\/2025\/12\/logo.png","contentUrl":"https:\/\/www.loftrunway.com\/wp-content\/uploads\/2025\/12\/logo.png","width":200,"height":65,"caption":"STYLORAL PTE. LTD"},"image":{"@id":"https:\/\/loftrunway.com\/de\/#\/schema\/logo\/image\/"}}]}},"_links":{"self":[{"href":"https:\/\/loftrunway.com\/de\/wp-json\/wp\/v2\/product\/213465","targetHints":{"allow":["GET"]}}],"collection":[{"href":"https:\/\/loftrunway.com\/de\/wp-json\/wp\/v2\/product"}],"about":[{"href":"https:\/\/loftrunway.com\/de\/wp-json\/wp\/v2\/types\/product"}],"replies":[{"embeddable":true,"href":"https:\/\/loftrunway.com\/de\/wp-json\/wp\/v2\/comments?post=213465"}],"wp:featuredmedia":[{"embeddable":true,"href":"https:\/\/loftrunway.com\/de\/wp-json\/wp\/v2\/media\/213466"}],"wp:attachment":[{"href":"https:\/\/loftrunway.com\/de\/wp-json\/wp\/v2\/media?parent=213465"}],"wp:term":[{"taxonomy":"product_brand","embeddable":true,"href":"https:\/\/loftrunway.com\/de\/wp-json\/wp\/v2\/product_brand?post=213465"},{"taxonomy":"product_cat","embeddable":true,"href":"https:\/\/loftrunway.com\/de\/wp-json\/wp\/v2\/product_cat?post=213465"},{"taxonomy":"product_tag","embeddable":true,"href":"https:\/\/loftrunway.com\/de\/wp-json\/wp\/v2\/product_tag?post=213465"}],"curies":[{"name":"wp","href":"https:\/\/api.w.org\/{rel}","templated":true}]}}