{"id":214329,"date":"2026-03-22T13:06:05","date_gmt":"2026-03-22T06:06:05","guid":{"rendered":"https:\/\/loftrunway.com\/product\/preschool-new-balance-2002r-hook-loop-black-white"},"modified":"2026-04-03T19:54:12","modified_gmt":"2026-04-03T12:54:12","slug":"preschool-new-balance-2002r-hook-loop-black-white","status":"publish","type":"product","link":"https:\/\/loftrunway.com\/de\/products\/preschool-new-balance-2002r-hook-loop-black-white\/","title":{"rendered":"(Preschool) New Balance 2002R Hook &#038; Loop &#8218;Black White&#8216;"},"content":{"rendered":"<p>Wir pr\u00e4sentieren den New Balance 2002R Hook &#038; Loop in Schwarz-wei\u00df f\u00fcr Vorschulkinder! Diese Sneaker aus strapazierf\u00e4higen Materialien bieten dank des praktischen Klettverschlusses einen sicheren und bequemen Sitz. Die klassische Schwarz-wei\u00df-Kombination verleiht jedem Outfit einen Hauch von Eleganz. Mit ihrer gepolsterten Sohle und der st\u00fctzenden Konstruktion bieten diese Schuhe optimalen Komfort und Halt f\u00fcr kleine F\u00fc\u00dfe. Der New Balance 2002R Hook &#038; Loop ist perfekt f\u00fcr aktive Vorschulkinder und sorgt daf\u00fcr, dass sich Kinder den ganzen Tag \u00fcber wohlf\u00fchlen und gut aussehen.Farbe: Schwarz\/wei\u00dfArtikelnummer: PV2002BKObermaterial: LederObermaterial: Leder<\/p>\n","protected":false},"excerpt":{"rendered":"<p>Wir pr\u00e4sentieren den New Balance 2002R Hook &#038; Loop in Schwarz-wei\u00df f\u00fcr Vorschulkinder! Diese Sneaker aus strapazierf\u00e4higen Materialien bieten dank des praktischen Klettverschlusses einen sicheren und bequemen Sitz. Die klassische Schwarz-wei\u00df-Kombination verleiht jedem Outfit einen Hauch von Eleganz. Mit ihrer gepolsterten Sohle und der st\u00fctzenden Konstruktion bieten diese Schuhe optimalen Komfort und Halt f\u00fcr kleine [&hellip;]<\/p>\n","protected":false},"featured_media":214330,"comment_status":"open","ping_status":"closed","template":"","meta":[],"product_brand":[],"product_cat":[10771],"product_tag":[38839],"class_list":{"0":"post-214329","1":"product","2":"type-product","3":"status-publish","4":"has-post-thumbnail","6":"product_cat-new-balance","7":"product_tag-instockold","8":"wcpa_has_options","10":"first","11":"instock","12":"taxable","13":"shipping-taxable","14":"purchasable","15":"product-type-simple"},"wcpa_form_fields":{"rules":{"pric_overide_base_price":false,"pric_overide_base_price_if_gt_zero":false,"pric_overide_base_price_fully":false,"pric_cal_option_once":false,"pric_use_as_fee":false,"bind_quantity":false,"quantity_bind_formula":false},"fields":[{"type":"color-group","required":true,"elementId":"wcpa-color-group-66c4a928225d2","label":"Gr\u00f6\u00dfe","inline":true,"priceOptions":"different_for_all","pricingType":"fixed","className":"hassizechart product-shoes-size-eu product-shoes-size","name":"color-group-66c4a928225e2","disp_type":"square","selection_type":"tick-border","disp_size":"50","show_label_inside":true,"adjust_width":true,"cart_display_type":"text","other_text":"Other","cl_rule":"show","col":6,"values":[{"label":"35","value":"EU 35","price":"","pimage":"","pimage_id":"","pthumb":"","color":""},{"label":"36","value":"EU 36","price":"","pimage":"","pimage_id":"","pthumb":"","color":"","selected":true},{"label":"37","value":"EU 37","price":"","pimage":"","pimage_id":"","pthumb":"","color":""},{"label":"37.5","value":"EU 37.5","price":"","pimage":"","pimage_id":"","pthumb":"","color":""},{"label":"38","value":"EU 38","price":"","pimage":"","pimage_id":"","pthumb":"","color":""},{"label":"38.5","value":"EU 38.5","price":"","pimage":"","pimage_id":"","pthumb":"","color":""},{"label":"39","value":"EU 39","price":"","pimage":"","pimage_id":"","pthumb":"","color":""},{"label":"39.5","value":"EU 39.5","price":"","pimage":"","pimage_id":"","pthumb":"","color":""},{"label":"40","value":"EU 40","price":"","pimage":"","pimage_id":"","pthumb":"","color":""},{"label":"40.5","value":"EU 40.5","price":"","pimage":"","pimage_id":"","pthumb":"","color":""},{"label":" 41.5","value":"EU 41.5","price":"","pimage":"","pimage_id":"","pthumb":"","color":""},{"label":"42","value":"EU 42","price":"","pimage":"","pimage_id":"","pthumb":"","color":""},{"label":"42.5","value":"EU 42.5","price":"","pimage":"","pimage_id":"","pthumb":"","color":""},{"label":"43","value":"EU 43","price":"","pimage":"","pimage_id":"","pthumb":"","color":""},{"label":"44","value":"EU 44","price":"","pimage":"","pimage_id":"","pthumb":"","color":""},{"label":"44.5","value":"EU 44.5","price":"","pimage":"","pimage_id":"","pthumb":"","color":""},{"label":"45","value":"EU 45","price":"","pimage":"","pimage_id":"","pthumb":"","color":""},{"label":"45.5","value":"EU 45.5","price":"","pimage":"","pimage_id":"","pthumb":"","color":""},{"label":"46","value":"EU 46","price":"","pimage":"","pimage_id":"","pthumb":"","color":""}],"relations":[{"operator":false,"rules":[]}],"form_id":24803,"form_rules":{"pric_cal_option_once":false,"exclude_from_discount":false,"pric_use_as_fee":false,"fee_label":"Fee","render_after_acb":false,"disp_hide_options_price":false}}]},"yoast_head":"<!-- This site is optimized with the Yoast SEO plugin v26.5 - https:\/\/yoast.com\/wordpress\/plugins\/seo\/ -->\n<title>(Preschool) New Balance 2002R Hook &amp; Loop &#039;Black White&#039; - Loftrunway<\/title>\n<meta name=\"robots\" content=\"index, follow, max-snippet:-1, max-image-preview:large, max-video-preview:-1\" \/>\n<link rel=\"canonical\" href=\"https:\/\/loftrunway.com\/de\/products\/preschool-new-balance-2002r-hook-loop-black-white\/\" \/>\n<meta property=\"og:locale\" content=\"de_DE\" \/>\n<meta property=\"og:type\" content=\"article\" \/>\n<meta property=\"og:title\" content=\"(Preschool) New Balance 2002R Hook &amp; Loop &#039;Black White&#039; - Loftrunway\" \/>\n<meta property=\"og:description\" content=\"Wir pr\u00e4sentieren den New Balance 2002R Hook &#038; Loop in Schwarz-wei\u00df f\u00fcr Vorschulkinder! Diese Sneaker aus strapazierf\u00e4higen Materialien bieten dank des praktischen Klettverschlusses einen sicheren und bequemen Sitz. Die klassische Schwarz-wei\u00df-Kombination verleiht jedem Outfit einen Hauch von Eleganz. Mit ihrer gepolsterten Sohle und der st\u00fctzenden Konstruktion bieten diese Schuhe optimalen Komfort und Halt f\u00fcr kleine [&hellip;]\" \/>\n<meta property=\"og:url\" content=\"https:\/\/loftrunway.com\/de\/products\/preschool-new-balance-2002r-hook-loop-black-white\/\" \/>\n<meta property=\"og:site_name\" content=\"loftRUN Sneaker Store\" \/>\n<meta property=\"article:modified_time\" content=\"2026-04-03T12:54:12+00:00\" \/>\n<meta name=\"twitter:card\" content=\"summary_large_image\" \/>\n<meta name=\"twitter:image\" content=\"https:\/\/images.novelship.com\/product\/_preschool__new_balance_2002r_hook___loop__black_w_0_31738.jpeg\" \/>\n<script type=\"application\/ld+json\" class=\"yoast-schema-graph\">{\"@context\":\"https:\/\/schema.org\",\"@graph\":[{\"@type\":\"WebPage\",\"@id\":\"https:\/\/loftrunway.com\/de\/products\/preschool-new-balance-2002r-hook-loop-black-white\/\",\"url\":\"https:\/\/loftrunway.com\/de\/products\/preschool-new-balance-2002r-hook-loop-black-white\/\",\"name\":\"(Preschool) New Balance 2002R Hook & Loop 'Black White' - Loftrunway\",\"isPartOf\":{\"@id\":\"https:\/\/loftrunway.com\/de\/#website\"},\"primaryImageOfPage\":{\"@id\":\"https:\/\/loftrunway.com\/de\/products\/preschool-new-balance-2002r-hook-loop-black-white\/#primaryimage\"},\"image\":{\"@id\":\"https:\/\/loftrunway.com\/de\/products\/preschool-new-balance-2002r-hook-loop-black-white\/#primaryimage\"},\"thumbnailUrl\":\"https:\/\/images.novelship.com\/product\/_preschool__new_balance_2002r_hook___loop__black_w_0_31738.jpeg\",\"datePublished\":\"2026-03-22T06:06:05+00:00\",\"dateModified\":\"2026-04-03T12:54:12+00:00\",\"breadcrumb\":{\"@id\":\"https:\/\/loftrunway.com\/de\/products\/preschool-new-balance-2002r-hook-loop-black-white\/#breadcrumb\"},\"inLanguage\":\"de\",\"potentialAction\":[{\"@type\":\"ReadAction\",\"target\":[\"https:\/\/loftrunway.com\/de\/products\/preschool-new-balance-2002r-hook-loop-black-white\/\"]}]},{\"@type\":\"ImageObject\",\"inLanguage\":\"de\",\"@id\":\"https:\/\/loftrunway.com\/de\/products\/preschool-new-balance-2002r-hook-loop-black-white\/#primaryimage\",\"url\":\"https:\/\/images.novelship.com\/product\/_preschool__new_balance_2002r_hook___loop__black_w_0_31738.jpeg\",\"contentUrl\":\"https:\/\/images.novelship.com\/product\/_preschool__new_balance_2002r_hook___loop__black_w_0_31738.jpeg\"},{\"@type\":\"BreadcrumbList\",\"@id\":\"https:\/\/loftrunway.com\/de\/products\/preschool-new-balance-2002r-hook-loop-black-white\/#breadcrumb\",\"itemListElement\":[{\"@type\":\"ListItem\",\"position\":1,\"name\":\"Home\",\"item\":\"https:\/\/loftrunway.com\/de\/\"},{\"@type\":\"ListItem\",\"position\":2,\"name\":\"Shop\",\"item\":\"https:\/\/loftrunway.com\/de\/shop\/\"},{\"@type\":\"ListItem\",\"position\":3,\"name\":\"(Preschool) New Balance 2002R Hook &#038; Loop &#8218;Black White&#8216;\"}]},{\"@type\":\"WebSite\",\"@id\":\"https:\/\/loftrunway.com\/de\/#website\",\"url\":\"https:\/\/loftrunway.com\/de\/\",\"name\":\"Styloral Jewelry Shop\",\"description\":\"Der Ort, an dem man alle Arten von Sneakern findet\",\"publisher\":{\"@id\":\"https:\/\/loftrunway.com\/de\/#organization\"},\"potentialAction\":[{\"@type\":\"SearchAction\",\"target\":{\"@type\":\"EntryPoint\",\"urlTemplate\":\"https:\/\/loftrunway.com\/de\/?s={search_term_string}\"},\"query-input\":{\"@type\":\"PropertyValueSpecification\",\"valueRequired\":true,\"valueName\":\"search_term_string\"}}],\"inLanguage\":\"de\"},{\"@type\":\"Organization\",\"@id\":\"https:\/\/loftrunway.com\/de\/#organization\",\"name\":\"STYLORAL PTE. LTD\",\"url\":\"https:\/\/loftrunway.com\/de\/\",\"logo\":{\"@type\":\"ImageObject\",\"inLanguage\":\"de\",\"@id\":\"https:\/\/loftrunway.com\/de\/#\/schema\/logo\/image\/\",\"url\":\"https:\/\/www.loftrunway.com\/wp-content\/uploads\/2025\/12\/logo.png\",\"contentUrl\":\"https:\/\/www.loftrunway.com\/wp-content\/uploads\/2025\/12\/logo.png\",\"width\":200,\"height\":65,\"caption\":\"STYLORAL PTE. LTD\"},\"image\":{\"@id\":\"https:\/\/loftrunway.com\/de\/#\/schema\/logo\/image\/\"}}]}<\/script>\n<!-- \/ Yoast SEO plugin. -->","yoast_head_json":{"title":"(Preschool) New Balance 2002R Hook & Loop 'Black White' - Loftrunway","robots":{"index":"index","follow":"follow","max-snippet":"max-snippet:-1","max-image-preview":"max-image-preview:large","max-video-preview":"max-video-preview:-1"},"canonical":"https:\/\/loftrunway.com\/de\/products\/preschool-new-balance-2002r-hook-loop-black-white\/","og_locale":"de_DE","og_type":"article","og_title":"(Preschool) New Balance 2002R Hook & Loop 'Black White' - Loftrunway","og_description":"Wir pr\u00e4sentieren den New Balance 2002R Hook &#038; Loop in Schwarz-wei\u00df f\u00fcr Vorschulkinder! Diese Sneaker aus strapazierf\u00e4higen Materialien bieten dank des praktischen Klettverschlusses einen sicheren und bequemen Sitz. Die klassische Schwarz-wei\u00df-Kombination verleiht jedem Outfit einen Hauch von Eleganz. Mit ihrer gepolsterten Sohle und der st\u00fctzenden Konstruktion bieten diese Schuhe optimalen Komfort und Halt f\u00fcr kleine [&hellip;]","og_url":"https:\/\/loftrunway.com\/de\/products\/preschool-new-balance-2002r-hook-loop-black-white\/","og_site_name":"loftRUN Sneaker Store","article_modified_time":"2026-04-03T12:54:12+00:00","twitter_card":"summary_large_image","twitter_image":"https:\/\/images.novelship.com\/product\/_preschool__new_balance_2002r_hook___loop__black_w_0_31738.jpeg","schema":{"@context":"https:\/\/schema.org","@graph":[{"@type":"WebPage","@id":"https:\/\/loftrunway.com\/de\/products\/preschool-new-balance-2002r-hook-loop-black-white\/","url":"https:\/\/loftrunway.com\/de\/products\/preschool-new-balance-2002r-hook-loop-black-white\/","name":"(Preschool) New Balance 2002R Hook & Loop 'Black White' - Loftrunway","isPartOf":{"@id":"https:\/\/loftrunway.com\/de\/#website"},"primaryImageOfPage":{"@id":"https:\/\/loftrunway.com\/de\/products\/preschool-new-balance-2002r-hook-loop-black-white\/#primaryimage"},"image":{"@id":"https:\/\/loftrunway.com\/de\/products\/preschool-new-balance-2002r-hook-loop-black-white\/#primaryimage"},"thumbnailUrl":"https:\/\/images.novelship.com\/product\/_preschool__new_balance_2002r_hook___loop__black_w_0_31738.jpeg","datePublished":"2026-03-22T06:06:05+00:00","dateModified":"2026-04-03T12:54:12+00:00","breadcrumb":{"@id":"https:\/\/loftrunway.com\/de\/products\/preschool-new-balance-2002r-hook-loop-black-white\/#breadcrumb"},"inLanguage":"de","potentialAction":[{"@type":"ReadAction","target":["https:\/\/loftrunway.com\/de\/products\/preschool-new-balance-2002r-hook-loop-black-white\/"]}]},{"@type":"ImageObject","inLanguage":"de","@id":"https:\/\/loftrunway.com\/de\/products\/preschool-new-balance-2002r-hook-loop-black-white\/#primaryimage","url":"https:\/\/images.novelship.com\/product\/_preschool__new_balance_2002r_hook___loop__black_w_0_31738.jpeg","contentUrl":"https:\/\/images.novelship.com\/product\/_preschool__new_balance_2002r_hook___loop__black_w_0_31738.jpeg"},{"@type":"BreadcrumbList","@id":"https:\/\/loftrunway.com\/de\/products\/preschool-new-balance-2002r-hook-loop-black-white\/#breadcrumb","itemListElement":[{"@type":"ListItem","position":1,"name":"Home","item":"https:\/\/loftrunway.com\/de\/"},{"@type":"ListItem","position":2,"name":"Shop","item":"https:\/\/loftrunway.com\/de\/shop\/"},{"@type":"ListItem","position":3,"name":"(Preschool) New Balance 2002R Hook &#038; Loop &#8218;Black White&#8216;"}]},{"@type":"WebSite","@id":"https:\/\/loftrunway.com\/de\/#website","url":"https:\/\/loftrunway.com\/de\/","name":"Styloral Jewelry Shop","description":"Der Ort, an dem man alle Arten von Sneakern findet","publisher":{"@id":"https:\/\/loftrunway.com\/de\/#organization"},"potentialAction":[{"@type":"SearchAction","target":{"@type":"EntryPoint","urlTemplate":"https:\/\/loftrunway.com\/de\/?s={search_term_string}"},"query-input":{"@type":"PropertyValueSpecification","valueRequired":true,"valueName":"search_term_string"}}],"inLanguage":"de"},{"@type":"Organization","@id":"https:\/\/loftrunway.com\/de\/#organization","name":"STYLORAL PTE. LTD","url":"https:\/\/loftrunway.com\/de\/","logo":{"@type":"ImageObject","inLanguage":"de","@id":"https:\/\/loftrunway.com\/de\/#\/schema\/logo\/image\/","url":"https:\/\/www.loftrunway.com\/wp-content\/uploads\/2025\/12\/logo.png","contentUrl":"https:\/\/www.loftrunway.com\/wp-content\/uploads\/2025\/12\/logo.png","width":200,"height":65,"caption":"STYLORAL PTE. LTD"},"image":{"@id":"https:\/\/loftrunway.com\/de\/#\/schema\/logo\/image\/"}}]}},"_links":{"self":[{"href":"https:\/\/loftrunway.com\/de\/wp-json\/wp\/v2\/product\/214329","targetHints":{"allow":["GET"]}}],"collection":[{"href":"https:\/\/loftrunway.com\/de\/wp-json\/wp\/v2\/product"}],"about":[{"href":"https:\/\/loftrunway.com\/de\/wp-json\/wp\/v2\/types\/product"}],"replies":[{"embeddable":true,"href":"https:\/\/loftrunway.com\/de\/wp-json\/wp\/v2\/comments?post=214329"}],"wp:featuredmedia":[{"embeddable":true,"href":"https:\/\/loftrunway.com\/de\/wp-json\/wp\/v2\/media\/214330"}],"wp:attachment":[{"href":"https:\/\/loftrunway.com\/de\/wp-json\/wp\/v2\/media?parent=214329"}],"wp:term":[{"taxonomy":"product_brand","embeddable":true,"href":"https:\/\/loftrunway.com\/de\/wp-json\/wp\/v2\/product_brand?post=214329"},{"taxonomy":"product_cat","embeddable":true,"href":"https:\/\/loftrunway.com\/de\/wp-json\/wp\/v2\/product_cat?post=214329"},{"taxonomy":"product_tag","embeddable":true,"href":"https:\/\/loftrunway.com\/de\/wp-json\/wp\/v2\/product_tag?post=214329"}],"curies":[{"name":"wp","href":"https:\/\/api.w.org\/{rel}","templated":true}]}}