{"id":21507,"date":"2026-02-25T18:09:43","date_gmt":"2026-02-25T11:09:43","guid":{"rendered":"http:\/\/loftrunway.com\/product\/adidas-cp-company-x-wimberly-spzl-tech-khaki"},"modified":"2026-04-02T14:25:59","modified_gmt":"2026-04-02T07:25:59","slug":"adidas-cp-company-x-wimberly-spzl-tech-khaki","status":"publish","type":"product","link":"https:\/\/loftrunway.com\/de\/products\/adidas-cp-company-x-wimberly-spzl-tech-khaki\/","title":{"rendered":"Adidas C.P. Company x Wimberly SPZL &#8218;Tech Khaki&#8216;"},"content":{"rendered":"<p>Entdecke den adidas CP Wimberly SPZL &#8218;Tech Khaki&#8216; JR5288, einen Retro-Sneaker, der zeitlosen Stil mit modernem Komfort vereint und f\u00fcr alle entwickelt wurde, die Wert auf Tradition und Funktionalit\u00e4t legen. Dieser Klassiker der Spezial-Serie besticht durch sein hochwertiges Obermaterial aus Wildleder und Textil in einem vielseitigen Tech-Khaki-Ton, das durch farblich abgestimmte Akzente f\u00fcr einen eleganten und dezenten Look erg\u00e4nzt wird. Die leichte EVA-Zwischensohle sorgt f\u00fcr hervorragende D\u00e4mpfung, w\u00e4hrend die Gummiau\u00dfensohle zuverl\u00e4ssigen Halt f\u00fcr ganzt\u00e4gigen Tragekomfort bietet. Als Hommage an die traditionsreiche Geschichte von adidas pr\u00e4sentiert sich der CP Wimberly SPZL mit einem minimalistischen Design, das sowohl urbane Entdecker als auch Sneaker-Fans begeistern wird. Retro-Branding und funktionale Details vereinen sich nahtlos und machen diesen Schuh zu einer unverzichtbaren Erg\u00e4nzung Ihrer Schuhsammlung.<\/p>\n<ul>\n<li><strong>Farbgebung:<\/strong> Tech Khaki\/Preloved Bronze\/Off White<\/li>\n<li><strong>Artikelnummer:<\/strong> JR5288<\/li>\n<li><strong>Obermaterial:<\/strong> Wildleder<\/li>\n<li><strong>Farbe:<\/strong> Beige<\/li>\n<\/ul>\n","protected":false},"excerpt":{"rendered":"<p>adidas CP Wimberly SPZL \u2014 Tech Khaki\/Preloved Bronze\/Off White<\/p>\n","protected":false},"featured_media":21508,"comment_status":"open","ping_status":"closed","template":"","meta":[],"product_brand":[],"product_cat":[9215,41273],"product_tag":[10022],"class_list":{"0":"post-21507","1":"product","2":"type-product","3":"status-publish","4":"has-post-thumbnail","6":"product_cat-adidas-2026","7":"product_cat-remove","8":"product_tag-10022","9":"wcpa_has_options","11":"first","12":"instock","13":"taxable","14":"shipping-taxable","15":"purchasable","16":"product-type-simple"},"wcpa_form_fields":{"rules":{"pric_overide_base_price":false,"pric_overide_base_price_if_gt_zero":false,"pric_overide_base_price_fully":false,"pric_cal_option_once":false,"pric_use_as_fee":false,"bind_quantity":false,"quantity_bind_formula":false},"fields":[{"type":"color-group","required":true,"elementId":"wcpa-color-group-66c4a7f817afe","label":"Gr\u00f6\u00dfe","inline":true,"priceOptions":"different_for_all","pricingType":"fixed","className":"hassizechart product-shoes-size-eu product-shoes-size","name":"color-group-66c4a7f817b18","disp_type":"square","selection_type":"tick-border","disp_size":"50","show_label_inside":true,"adjust_width":true,"cart_display_type":"text","other_text":"Other","cl_rule":"show","col":6,"values":[{"label":"35","value":"EU 35","price":"","pimage":"","pimage_id":"","pthumb":"","color":""},{"label":"35.5","value":"EU 35.5","price":"","pimage":"","pimage_id":"","pthumb":"","color":""},{"label":"36","value":"EU 36","price":"","pimage":"","pimage_id":"","pthumb":"","color":"","selected":true},{"label":"36 2\/3","value":"EU 36 2\/3","price":"","pimage":"","pimage_id":"","pthumb":"","color":""},{"label":"37 1\/3","value":"EU 37 1\/3","price":"","pimage":"","pimage_id":"","pthumb":"","color":""},{"label":"38","value":"EU 38","price":"","pimage":"","pimage_id":"","pthumb":"","color":""},{"label":"38 2\/3","value":"EU 38 2\/3","price":"","pimage":"","pimage_id":"","pthumb":"","color":""},{"label":"39 1\/3","value":"EU 39 1\/3","price":"","pimage":"","pimage_id":"","pthumb":"","color":""},{"label":"40","value":"EU 40","price":"","pimage":"","pimage_id":"","pthumb":"","color":""},{"label":"40 2\/3","value":"EU 40 2\/3","price":"","pimage":"","pimage_id":"","pthumb":"","color":""},{"label":"41 1\/3","value":"EU 41 1\/3","price":"","pimage":"","pimage_id":"","pthumb":"","color":""},{"label":"42","value":"EU 42","price":"","pimage":"","pimage_id":"","pthumb":"","color":""},{"label":"42 2\/3","value":"EU 42 2\/3","price":"","pimage":"","pimage_id":"","pthumb":"","color":""},{"label":"43 1\/3","value":"EU 43 1\/3","price":"","pimage":"","pimage_id":"","pthumb":"","color":""},{"label":"44","value":"EU 44","price":"","pimage":"","pimage_id":"","pthumb":"","color":""},{"label":"44 2\/3","value":"EU 44 2\/3","price":"","pimage":"","pimage_id":"","pthumb":"","color":""},{"label":"45 1\/3","value":"EU 45 1\/3","price":"","pimage":"","pimage_id":"","pthumb":"","color":""},{"label":"46","value":"EU 46","price":"","pimage":"","pimage_id":"","pthumb":"","color":""},{"label":"46 2\/3","value":"EU 46 2\/3","price":"","pimage":"","pimage_id":"","pthumb":"","color":""},{"label":"47 1\/3","value":"EU 47 1\/3","price":"","pimage":"","pimage_id":"","pthumb":"","color":""}],"relations":[{"operator":false,"rules":[]}],"form_id":24802,"form_rules":{"pric_cal_option_once":false,"exclude_from_discount":false,"pric_use_as_fee":false,"fee_label":"Fee","render_after_acb":false,"disp_hide_options_price":false}}]},"yoast_head":"<!-- This site is optimized with the Yoast SEO plugin v26.5 - https:\/\/yoast.com\/wordpress\/plugins\/seo\/ -->\n<title>Adidas C.P. Company x Wimberly SPZL &#039;Tech Khaki&#039; - Loftrunway<\/title>\n<meta name=\"robots\" content=\"index, follow, max-snippet:-1, max-image-preview:large, max-video-preview:-1\" \/>\n<link rel=\"canonical\" href=\"https:\/\/loftrunway.com\/de\/products\/adidas-cp-company-x-wimberly-spzl-tech-khaki\/\" \/>\n<meta property=\"og:locale\" content=\"de_DE\" \/>\n<meta property=\"og:type\" content=\"article\" \/>\n<meta property=\"og:title\" content=\"Adidas C.P. Company x Wimberly SPZL &#039;Tech Khaki&#039; - Loftrunway\" \/>\n<meta property=\"og:description\" content=\"adidas CP Wimberly SPZL \u2014 Tech Khaki\/Preloved Bronze\/Off White\" \/>\n<meta property=\"og:url\" content=\"https:\/\/loftrunway.com\/de\/products\/adidas-cp-company-x-wimberly-spzl-tech-khaki\/\" \/>\n<meta property=\"og:site_name\" content=\"loftRUN Sneaker Store\" \/>\n<meta property=\"article:modified_time\" content=\"2026-04-02T07:25:59+00:00\" \/>\n<meta name=\"twitter:card\" content=\"summary_large_image\" \/>\n<meta name=\"twitter:image\" content=\"https:\/\/images.novelship.com\/product\/adidas_cp_wimberly_spzl__tech_khaki__jr5288_0_53130.jpeg\" \/>\n<meta name=\"twitter:label1\" content=\"Gesch\u00e4tzte Lesezeit\" \/>\n\t<meta name=\"twitter:data1\" content=\"1\u00a0Minute\" \/>\n<script type=\"application\/ld+json\" class=\"yoast-schema-graph\">{\"@context\":\"https:\/\/schema.org\",\"@graph\":[{\"@type\":\"WebPage\",\"@id\":\"https:\/\/loftrunway.com\/de\/products\/adidas-cp-company-x-wimberly-spzl-tech-khaki\/\",\"url\":\"https:\/\/loftrunway.com\/de\/products\/adidas-cp-company-x-wimberly-spzl-tech-khaki\/\",\"name\":\"Adidas C.P. Company x Wimberly SPZL 'Tech Khaki' - Loftrunway\",\"isPartOf\":{\"@id\":\"https:\/\/loftrunway.com\/de\/#website\"},\"primaryImageOfPage\":{\"@id\":\"https:\/\/loftrunway.com\/de\/products\/adidas-cp-company-x-wimberly-spzl-tech-khaki\/#primaryimage\"},\"image\":{\"@id\":\"https:\/\/loftrunway.com\/de\/products\/adidas-cp-company-x-wimberly-spzl-tech-khaki\/#primaryimage\"},\"thumbnailUrl\":\"https:\/\/images.novelship.com\/product\/adidas_cp_wimberly_spzl__tech_khaki__jr5288_0_53130.jpeg\",\"datePublished\":\"2026-02-25T11:09:43+00:00\",\"dateModified\":\"2026-04-02T07:25:59+00:00\",\"breadcrumb\":{\"@id\":\"https:\/\/loftrunway.com\/de\/products\/adidas-cp-company-x-wimberly-spzl-tech-khaki\/#breadcrumb\"},\"inLanguage\":\"de\",\"potentialAction\":[{\"@type\":\"ReadAction\",\"target\":[\"https:\/\/loftrunway.com\/de\/products\/adidas-cp-company-x-wimberly-spzl-tech-khaki\/\"]}]},{\"@type\":\"ImageObject\",\"inLanguage\":\"de\",\"@id\":\"https:\/\/loftrunway.com\/de\/products\/adidas-cp-company-x-wimberly-spzl-tech-khaki\/#primaryimage\",\"url\":\"https:\/\/images.novelship.com\/product\/adidas_cp_wimberly_spzl__tech_khaki__jr5288_0_53130.jpeg\",\"contentUrl\":\"https:\/\/images.novelship.com\/product\/adidas_cp_wimberly_spzl__tech_khaki__jr5288_0_53130.jpeg\"},{\"@type\":\"BreadcrumbList\",\"@id\":\"https:\/\/loftrunway.com\/de\/products\/adidas-cp-company-x-wimberly-spzl-tech-khaki\/#breadcrumb\",\"itemListElement\":[{\"@type\":\"ListItem\",\"position\":1,\"name\":\"Home\",\"item\":\"https:\/\/loftrunway.com\/de\/\"},{\"@type\":\"ListItem\",\"position\":2,\"name\":\"Shop\",\"item\":\"https:\/\/loftrunway.com\/de\/shop\/\"},{\"@type\":\"ListItem\",\"position\":3,\"name\":\"Adidas C.P. Company x Wimberly SPZL &#8218;Tech Khaki&#8216;\"}]},{\"@type\":\"WebSite\",\"@id\":\"https:\/\/loftrunway.com\/de\/#website\",\"url\":\"https:\/\/loftrunway.com\/de\/\",\"name\":\"Styloral Jewelry Shop\",\"description\":\"Der Ort, an dem man alle Arten von Sneakern findet\",\"publisher\":{\"@id\":\"https:\/\/loftrunway.com\/de\/#organization\"},\"potentialAction\":[{\"@type\":\"SearchAction\",\"target\":{\"@type\":\"EntryPoint\",\"urlTemplate\":\"https:\/\/loftrunway.com\/de\/?s={search_term_string}\"},\"query-input\":{\"@type\":\"PropertyValueSpecification\",\"valueRequired\":true,\"valueName\":\"search_term_string\"}}],\"inLanguage\":\"de\"},{\"@type\":\"Organization\",\"@id\":\"https:\/\/loftrunway.com\/de\/#organization\",\"name\":\"STYLORAL PTE. LTD\",\"url\":\"https:\/\/loftrunway.com\/de\/\",\"logo\":{\"@type\":\"ImageObject\",\"inLanguage\":\"de\",\"@id\":\"https:\/\/loftrunway.com\/de\/#\/schema\/logo\/image\/\",\"url\":\"https:\/\/www.loftrunway.com\/wp-content\/uploads\/2025\/12\/logo.png\",\"contentUrl\":\"https:\/\/www.loftrunway.com\/wp-content\/uploads\/2025\/12\/logo.png\",\"width\":200,\"height\":65,\"caption\":\"STYLORAL PTE. LTD\"},\"image\":{\"@id\":\"https:\/\/loftrunway.com\/de\/#\/schema\/logo\/image\/\"}}]}<\/script>\n<!-- \/ Yoast SEO plugin. -->","yoast_head_json":{"title":"Adidas C.P. Company x Wimberly SPZL 'Tech Khaki' - Loftrunway","robots":{"index":"index","follow":"follow","max-snippet":"max-snippet:-1","max-image-preview":"max-image-preview:large","max-video-preview":"max-video-preview:-1"},"canonical":"https:\/\/loftrunway.com\/de\/products\/adidas-cp-company-x-wimberly-spzl-tech-khaki\/","og_locale":"de_DE","og_type":"article","og_title":"Adidas C.P. Company x Wimberly SPZL 'Tech Khaki' - Loftrunway","og_description":"adidas CP Wimberly SPZL \u2014 Tech Khaki\/Preloved Bronze\/Off White","og_url":"https:\/\/loftrunway.com\/de\/products\/adidas-cp-company-x-wimberly-spzl-tech-khaki\/","og_site_name":"loftRUN Sneaker Store","article_modified_time":"2026-04-02T07:25:59+00:00","twitter_card":"summary_large_image","twitter_image":"https:\/\/images.novelship.com\/product\/adidas_cp_wimberly_spzl__tech_khaki__jr5288_0_53130.jpeg","twitter_misc":{"Gesch\u00e4tzte Lesezeit":"1\u00a0Minute"},"schema":{"@context":"https:\/\/schema.org","@graph":[{"@type":"WebPage","@id":"https:\/\/loftrunway.com\/de\/products\/adidas-cp-company-x-wimberly-spzl-tech-khaki\/","url":"https:\/\/loftrunway.com\/de\/products\/adidas-cp-company-x-wimberly-spzl-tech-khaki\/","name":"Adidas C.P. Company x Wimberly SPZL 'Tech Khaki' - Loftrunway","isPartOf":{"@id":"https:\/\/loftrunway.com\/de\/#website"},"primaryImageOfPage":{"@id":"https:\/\/loftrunway.com\/de\/products\/adidas-cp-company-x-wimberly-spzl-tech-khaki\/#primaryimage"},"image":{"@id":"https:\/\/loftrunway.com\/de\/products\/adidas-cp-company-x-wimberly-spzl-tech-khaki\/#primaryimage"},"thumbnailUrl":"https:\/\/images.novelship.com\/product\/adidas_cp_wimberly_spzl__tech_khaki__jr5288_0_53130.jpeg","datePublished":"2026-02-25T11:09:43+00:00","dateModified":"2026-04-02T07:25:59+00:00","breadcrumb":{"@id":"https:\/\/loftrunway.com\/de\/products\/adidas-cp-company-x-wimberly-spzl-tech-khaki\/#breadcrumb"},"inLanguage":"de","potentialAction":[{"@type":"ReadAction","target":["https:\/\/loftrunway.com\/de\/products\/adidas-cp-company-x-wimberly-spzl-tech-khaki\/"]}]},{"@type":"ImageObject","inLanguage":"de","@id":"https:\/\/loftrunway.com\/de\/products\/adidas-cp-company-x-wimberly-spzl-tech-khaki\/#primaryimage","url":"https:\/\/images.novelship.com\/product\/adidas_cp_wimberly_spzl__tech_khaki__jr5288_0_53130.jpeg","contentUrl":"https:\/\/images.novelship.com\/product\/adidas_cp_wimberly_spzl__tech_khaki__jr5288_0_53130.jpeg"},{"@type":"BreadcrumbList","@id":"https:\/\/loftrunway.com\/de\/products\/adidas-cp-company-x-wimberly-spzl-tech-khaki\/#breadcrumb","itemListElement":[{"@type":"ListItem","position":1,"name":"Home","item":"https:\/\/loftrunway.com\/de\/"},{"@type":"ListItem","position":2,"name":"Shop","item":"https:\/\/loftrunway.com\/de\/shop\/"},{"@type":"ListItem","position":3,"name":"Adidas C.P. Company x Wimberly SPZL &#8218;Tech Khaki&#8216;"}]},{"@type":"WebSite","@id":"https:\/\/loftrunway.com\/de\/#website","url":"https:\/\/loftrunway.com\/de\/","name":"Styloral Jewelry Shop","description":"Der Ort, an dem man alle Arten von Sneakern findet","publisher":{"@id":"https:\/\/loftrunway.com\/de\/#organization"},"potentialAction":[{"@type":"SearchAction","target":{"@type":"EntryPoint","urlTemplate":"https:\/\/loftrunway.com\/de\/?s={search_term_string}"},"query-input":{"@type":"PropertyValueSpecification","valueRequired":true,"valueName":"search_term_string"}}],"inLanguage":"de"},{"@type":"Organization","@id":"https:\/\/loftrunway.com\/de\/#organization","name":"STYLORAL PTE. LTD","url":"https:\/\/loftrunway.com\/de\/","logo":{"@type":"ImageObject","inLanguage":"de","@id":"https:\/\/loftrunway.com\/de\/#\/schema\/logo\/image\/","url":"https:\/\/www.loftrunway.com\/wp-content\/uploads\/2025\/12\/logo.png","contentUrl":"https:\/\/www.loftrunway.com\/wp-content\/uploads\/2025\/12\/logo.png","width":200,"height":65,"caption":"STYLORAL PTE. LTD"},"image":{"@id":"https:\/\/loftrunway.com\/de\/#\/schema\/logo\/image\/"}}]}},"_links":{"self":[{"href":"https:\/\/loftrunway.com\/de\/wp-json\/wp\/v2\/product\/21507","targetHints":{"allow":["GET"]}}],"collection":[{"href":"https:\/\/loftrunway.com\/de\/wp-json\/wp\/v2\/product"}],"about":[{"href":"https:\/\/loftrunway.com\/de\/wp-json\/wp\/v2\/types\/product"}],"replies":[{"embeddable":true,"href":"https:\/\/loftrunway.com\/de\/wp-json\/wp\/v2\/comments?post=21507"}],"wp:featuredmedia":[{"embeddable":true,"href":"https:\/\/loftrunway.com\/de\/wp-json\/wp\/v2\/media\/21508"}],"wp:attachment":[{"href":"https:\/\/loftrunway.com\/de\/wp-json\/wp\/v2\/media?parent=21507"}],"wp:term":[{"taxonomy":"product_brand","embeddable":true,"href":"https:\/\/loftrunway.com\/de\/wp-json\/wp\/v2\/product_brand?post=21507"},{"taxonomy":"product_cat","embeddable":true,"href":"https:\/\/loftrunway.com\/de\/wp-json\/wp\/v2\/product_cat?post=21507"},{"taxonomy":"product_tag","embeddable":true,"href":"https:\/\/loftrunway.com\/de\/wp-json\/wp\/v2\/product_tag?post=21507"}],"curies":[{"name":"wp","href":"https:\/\/api.w.org\/{rel}","templated":true}]}}