{"id":215240,"date":"2026-03-22T13:11:44","date_gmt":"2026-03-22T06:11:44","guid":{"rendered":"https:\/\/loftrunway.com\/product\/nike-reactx-rejuven8-slide-wolf-grey"},"modified":"2026-04-03T19:54:33","modified_gmt":"2026-04-03T12:54:33","slug":"nike-reactx-rejuven8-slide-wolf-grey","status":"publish","type":"product","link":"https:\/\/loftrunway.com\/de\/products\/nike-reactx-rejuven8-slide-wolf-grey\/","title":{"rendered":"Nike ReactX Rejuven8 Slide &#8218;Wolf Grey&#8216;"},"content":{"rendered":"<p>Erlebe ultimativen Komfort und modernen Style mit der Nike ReactX Rejuven8 Slide &#8218;Wolf Grey&#8216; HV4479-002 &#8211; perfekt zum Entspannen und Erholen nach intensiven Workouts. Dank Nikes innovativem ReactX-Schaumstoff bietet diese Slide ein leichtes, reaktionsfreudiges Tragegef\u00fchl, d\u00e4mpft jeden Schritt und reduziert Erm\u00fcdung. Die elegante Farbgebung in &#8222;Wolf Grey&#8220; sorgt f\u00fcr einen vielseitigen und stilvollen Look, der sich ideal f\u00fcr den \u00dcbergang vom Fitnessstudio zur Freizeit eignet. Das konturierte Fu\u00dfbett und der weiche Riemen garantieren einen sicheren und bequemen Sitz, w\u00e4hrend die strapazierf\u00e4hige Au\u00dfensohle zuverl\u00e4ssige Traktion auf verschiedenen UnterGr\u00fcnden bietet. Ob du zu Hause entspannst, durch die Stadt schlenderst oder deinen F\u00fc\u00dfen nach einem anstrengenden Training eine Pause g\u00f6nnst &#8211; die Nike ReactX Rejuven8 Slide vereint Komfort, Funktionalit\u00e4t und Style in einem nahtlosen Gesamtpaket.<\/p>\n<ul>\n<li><strong>Farbgebung:<\/strong> Wolf Grey\/Wolf Grey\/Wolf Grey<\/li>\n<li><strong>Style-Code:<\/strong> HV4479-002<\/li>\n<li><strong>Obermaterial:<\/strong> ReactX<\/li>\n<li><strong>Mittelsohle:<\/strong> ReactX<\/li>\n<li><strong>Farbe:<\/strong> Grau<\/li>\n<li><strong>Saison:<\/strong> Sommer<\/li>\n<li><strong>Erscheinungsjahr:<\/strong> 2025<\/li>\n<\/ul>\n","protected":false},"excerpt":{"rendered":"<p>Erlebe ultimativen Komfort und modernen Style mit der Nike ReactX Rejuven8 Slide &#8218;Wolf Grey&#8216; HV4479-002 &#8211; perfekt zum Entspannen und Erholen nach intensiven Workouts. Dank Nikes innovativem ReactX-Schaumstoff bietet diese Slide ein leichtes, reaktionsfreudiges Tragegef\u00fchl, d\u00e4mpft jeden Schritt und reduziert Erm\u00fcdung. Die elegante Farbgebung in &#8222;Wolf Grey&#8220; sorgt f\u00fcr einen vielseitigen und stilvollen Look, der [&hellip;]<\/p>\n","protected":false},"featured_media":215241,"comment_status":"open","ping_status":"closed","template":"","meta":[],"product_brand":[],"product_cat":[10809],"product_tag":[38839],"class_list":{"0":"post-215240","1":"product","2":"type-product","3":"status-publish","4":"has-post-thumbnail","6":"product_cat-nike-women","7":"product_tag-instockold","8":"wcpa_has_options","10":"first","11":"instock","12":"taxable","13":"shipping-taxable","14":"purchasable","15":"product-type-simple"},"wcpa_form_fields":{"rules":{"pric_overide_base_price":false,"pric_overide_base_price_if_gt_zero":false,"pric_overide_base_price_fully":false,"pric_cal_option_once":false,"pric_use_as_fee":false,"bind_quantity":false,"quantity_bind_formula":false},"fields":[{"type":"color-group","required":true,"elementId":"wcpa-color-group-66c4a75505e74","label":"Gr\u00f6\u00dfe - EU Gr\u00f6\u00dfe","inline":true,"priceOptions":"different_for_all","pricingType":"fixed","className":"hassizechart product-shoes-size-eu product-shoes-size","name":"color-group-66c4a75505e89","disp_type":"square","selection_type":"tick-border","disp_size":"44","show_label_inside":true,"adjust_width":true,"cart_display_type":"text","other_text":"Other","cl_rule":"show","col":6,"values":[{"label":"35.5","value":"EU 35.5","price":"","pimage":"","pimage_id":"","pthumb":"","color":""},{"label":"36","value":"EU 36","price":"","pimage":"","pimage_id":"","pthumb":"","color":"","selected":true},{"label":"36.5","value":"EU 36.5","price":"","pimage":"","pimage_id":"","pthumb":"","color":""},{"label":"37.5","value":"EU 37.5","price":"","pimage":"","pimage_id":"","pthumb":"","color":""},{"label":"38","value":"EU 38","price":"","pimage":"","pimage_id":"","pthumb":"","color":""},{"label":"38.5","value":"EU 38.5","price":"","pimage":"","pimage_id":"","pthumb":"","color":""},{"label":"39","value":"EU 39","price":"","pimage":"","pimage_id":"","pthumb":"","color":""},{"label":"40","value":"EU 40","price":"","pimage":"","pimage_id":"","pthumb":"","color":""},{"label":"40.5","value":"EU 40.5","price":"","pimage":"","pimage_id":"","pthumb":"","color":""},{"label":"41","value":"EU 41","price":"","pimage":"","pimage_id":"","pthumb":"","color":""},{"label":"42","value":"EU 42","price":"","pimage":"","pimage_id":"","pthumb":"","color":""},{"label":"42.5","value":"EU 42.5","price":"","pimage":"","pimage_id":"","pthumb":"","color":""},{"label":"43","value":"EU 43","price":"","pimage":"","pimage_id":"","pthumb":"","color":""},{"label":"44","value":"EU 44","price":"","pimage":"","pimage_id":"","pthumb":"","color":""},{"label":"44.5","value":"EU 44.5","price":"","pimage":"","pimage_id":"","pthumb":"","color":""},{"label":"45","value":"EU 45","price":"","pimage":"","pimage_id":"","pthumb":"","color":""},{"label":"45.5","value":"EU 45.5","price":"","pimage":"","pimage_id":"","pthumb":"","color":""},{"label":"46","value":"EU 46","price":"","pimage":"","pimage_id":"","pthumb":"","color":""},{"label":"47","value":"EU 47","price":"","pimage":"","pimage_id":"","pthumb":"","color":""},{"label":"47.5","value":"EU 47.5","price":"","pimage":"","pimage_id":"","pthumb":"","color":""},{"label":"48","value":"EU 48","price":"","pimage":"","pimage_id":"","pthumb":"","color":""}],"relations":[{"operator":false,"rules":[]}],"form_id":18106,"form_rules":{"pric_cal_option_once":false,"exclude_from_discount":false,"pric_use_as_fee":false,"fee_label":"Fee","render_after_acb":false,"disp_hide_options_price":false}}]},"yoast_head":"<!-- This site is optimized with the Yoast SEO plugin v26.5 - https:\/\/yoast.com\/wordpress\/plugins\/seo\/ -->\n<title>Nike ReactX Rejuven8 Slide &#039;Wolf Grey&#039; - Loftrunway<\/title>\n<meta name=\"robots\" content=\"index, follow, max-snippet:-1, max-image-preview:large, max-video-preview:-1\" \/>\n<link rel=\"canonical\" href=\"https:\/\/loftrunway.com\/de\/products\/nike-reactx-rejuven8-slide-wolf-grey\/\" \/>\n<meta property=\"og:locale\" content=\"de_DE\" \/>\n<meta property=\"og:type\" content=\"article\" \/>\n<meta property=\"og:title\" content=\"Nike ReactX Rejuven8 Slide &#039;Wolf Grey&#039; - Loftrunway\" \/>\n<meta property=\"og:description\" content=\"Erlebe ultimativen Komfort und modernen Style mit der Nike ReactX Rejuven8 Slide &#8218;Wolf Grey&#8216; HV4479-002 &#8211; perfekt zum Entspannen und Erholen nach intensiven Workouts. Dank Nikes innovativem ReactX-Schaumstoff bietet diese Slide ein leichtes, reaktionsfreudiges Tragegef\u00fchl, d\u00e4mpft jeden Schritt und reduziert Erm\u00fcdung. Die elegante Farbgebung in &#8222;Wolf Grey&#8220; sorgt f\u00fcr einen vielseitigen und stilvollen Look, der [&hellip;]\" \/>\n<meta property=\"og:url\" content=\"https:\/\/loftrunway.com\/de\/products\/nike-reactx-rejuven8-slide-wolf-grey\/\" \/>\n<meta property=\"og:site_name\" content=\"loftRUN Sneaker Store\" \/>\n<meta property=\"article:modified_time\" content=\"2026-04-03T12:54:33+00:00\" \/>\n<meta name=\"twitter:card\" content=\"summary_large_image\" \/>\n<meta name=\"twitter:image\" content=\"https:\/\/images.novelship.com\/product\/nike_reactx_rejuven8_slide__wolf_grey__hv4479-002_0_8122.jpeg\" \/>\n<meta name=\"twitter:label1\" content=\"Gesch\u00e4tzte Lesezeit\" \/>\n\t<meta name=\"twitter:data1\" content=\"1\u00a0Minute\" \/>\n<script type=\"application\/ld+json\" class=\"yoast-schema-graph\">{\"@context\":\"https:\/\/schema.org\",\"@graph\":[{\"@type\":\"WebPage\",\"@id\":\"https:\/\/loftrunway.com\/de\/products\/nike-reactx-rejuven8-slide-wolf-grey\/\",\"url\":\"https:\/\/loftrunway.com\/de\/products\/nike-reactx-rejuven8-slide-wolf-grey\/\",\"name\":\"Nike ReactX Rejuven8 Slide 'Wolf Grey' - Loftrunway\",\"isPartOf\":{\"@id\":\"https:\/\/loftrunway.com\/de\/#website\"},\"primaryImageOfPage\":{\"@id\":\"https:\/\/loftrunway.com\/de\/products\/nike-reactx-rejuven8-slide-wolf-grey\/#primaryimage\"},\"image\":{\"@id\":\"https:\/\/loftrunway.com\/de\/products\/nike-reactx-rejuven8-slide-wolf-grey\/#primaryimage\"},\"thumbnailUrl\":\"https:\/\/images.novelship.com\/product\/nike_reactx_rejuven8_slide__wolf_grey__hv4479-002_0_8122.jpeg\",\"datePublished\":\"2026-03-22T06:11:44+00:00\",\"dateModified\":\"2026-04-03T12:54:33+00:00\",\"breadcrumb\":{\"@id\":\"https:\/\/loftrunway.com\/de\/products\/nike-reactx-rejuven8-slide-wolf-grey\/#breadcrumb\"},\"inLanguage\":\"de\",\"potentialAction\":[{\"@type\":\"ReadAction\",\"target\":[\"https:\/\/loftrunway.com\/de\/products\/nike-reactx-rejuven8-slide-wolf-grey\/\"]}]},{\"@type\":\"ImageObject\",\"inLanguage\":\"de\",\"@id\":\"https:\/\/loftrunway.com\/de\/products\/nike-reactx-rejuven8-slide-wolf-grey\/#primaryimage\",\"url\":\"https:\/\/images.novelship.com\/product\/nike_reactx_rejuven8_slide__wolf_grey__hv4479-002_0_8122.jpeg\",\"contentUrl\":\"https:\/\/images.novelship.com\/product\/nike_reactx_rejuven8_slide__wolf_grey__hv4479-002_0_8122.jpeg\"},{\"@type\":\"BreadcrumbList\",\"@id\":\"https:\/\/loftrunway.com\/de\/products\/nike-reactx-rejuven8-slide-wolf-grey\/#breadcrumb\",\"itemListElement\":[{\"@type\":\"ListItem\",\"position\":1,\"name\":\"Home\",\"item\":\"https:\/\/loftrunway.com\/de\/\"},{\"@type\":\"ListItem\",\"position\":2,\"name\":\"Shop\",\"item\":\"https:\/\/loftrunway.com\/de\/shop\/\"},{\"@type\":\"ListItem\",\"position\":3,\"name\":\"Nike ReactX Rejuven8 Slide &#8218;Wolf Grey&#8216;\"}]},{\"@type\":\"WebSite\",\"@id\":\"https:\/\/loftrunway.com\/de\/#website\",\"url\":\"https:\/\/loftrunway.com\/de\/\",\"name\":\"Styloral Jewelry Shop\",\"description\":\"Der Ort, an dem man alle Arten von Sneakern findet\",\"publisher\":{\"@id\":\"https:\/\/loftrunway.com\/de\/#organization\"},\"potentialAction\":[{\"@type\":\"SearchAction\",\"target\":{\"@type\":\"EntryPoint\",\"urlTemplate\":\"https:\/\/loftrunway.com\/de\/?s={search_term_string}\"},\"query-input\":{\"@type\":\"PropertyValueSpecification\",\"valueRequired\":true,\"valueName\":\"search_term_string\"}}],\"inLanguage\":\"de\"},{\"@type\":\"Organization\",\"@id\":\"https:\/\/loftrunway.com\/de\/#organization\",\"name\":\"STYLORAL PTE. LTD\",\"url\":\"https:\/\/loftrunway.com\/de\/\",\"logo\":{\"@type\":\"ImageObject\",\"inLanguage\":\"de\",\"@id\":\"https:\/\/loftrunway.com\/de\/#\/schema\/logo\/image\/\",\"url\":\"https:\/\/www.loftrunway.com\/wp-content\/uploads\/2025\/12\/logo.png\",\"contentUrl\":\"https:\/\/www.loftrunway.com\/wp-content\/uploads\/2025\/12\/logo.png\",\"width\":200,\"height\":65,\"caption\":\"STYLORAL PTE. LTD\"},\"image\":{\"@id\":\"https:\/\/loftrunway.com\/de\/#\/schema\/logo\/image\/\"}}]}<\/script>\n<!-- \/ Yoast SEO plugin. -->","yoast_head_json":{"title":"Nike ReactX Rejuven8 Slide 'Wolf Grey' - Loftrunway","robots":{"index":"index","follow":"follow","max-snippet":"max-snippet:-1","max-image-preview":"max-image-preview:large","max-video-preview":"max-video-preview:-1"},"canonical":"https:\/\/loftrunway.com\/de\/products\/nike-reactx-rejuven8-slide-wolf-grey\/","og_locale":"de_DE","og_type":"article","og_title":"Nike ReactX Rejuven8 Slide 'Wolf Grey' - Loftrunway","og_description":"Erlebe ultimativen Komfort und modernen Style mit der Nike ReactX Rejuven8 Slide &#8218;Wolf Grey&#8216; HV4479-002 &#8211; perfekt zum Entspannen und Erholen nach intensiven Workouts. Dank Nikes innovativem ReactX-Schaumstoff bietet diese Slide ein leichtes, reaktionsfreudiges Tragegef\u00fchl, d\u00e4mpft jeden Schritt und reduziert Erm\u00fcdung. Die elegante Farbgebung in &#8222;Wolf Grey&#8220; sorgt f\u00fcr einen vielseitigen und stilvollen Look, der [&hellip;]","og_url":"https:\/\/loftrunway.com\/de\/products\/nike-reactx-rejuven8-slide-wolf-grey\/","og_site_name":"loftRUN Sneaker Store","article_modified_time":"2026-04-03T12:54:33+00:00","twitter_card":"summary_large_image","twitter_image":"https:\/\/images.novelship.com\/product\/nike_reactx_rejuven8_slide__wolf_grey__hv4479-002_0_8122.jpeg","twitter_misc":{"Gesch\u00e4tzte Lesezeit":"1\u00a0Minute"},"schema":{"@context":"https:\/\/schema.org","@graph":[{"@type":"WebPage","@id":"https:\/\/loftrunway.com\/de\/products\/nike-reactx-rejuven8-slide-wolf-grey\/","url":"https:\/\/loftrunway.com\/de\/products\/nike-reactx-rejuven8-slide-wolf-grey\/","name":"Nike ReactX Rejuven8 Slide 'Wolf Grey' - Loftrunway","isPartOf":{"@id":"https:\/\/loftrunway.com\/de\/#website"},"primaryImageOfPage":{"@id":"https:\/\/loftrunway.com\/de\/products\/nike-reactx-rejuven8-slide-wolf-grey\/#primaryimage"},"image":{"@id":"https:\/\/loftrunway.com\/de\/products\/nike-reactx-rejuven8-slide-wolf-grey\/#primaryimage"},"thumbnailUrl":"https:\/\/images.novelship.com\/product\/nike_reactx_rejuven8_slide__wolf_grey__hv4479-002_0_8122.jpeg","datePublished":"2026-03-22T06:11:44+00:00","dateModified":"2026-04-03T12:54:33+00:00","breadcrumb":{"@id":"https:\/\/loftrunway.com\/de\/products\/nike-reactx-rejuven8-slide-wolf-grey\/#breadcrumb"},"inLanguage":"de","potentialAction":[{"@type":"ReadAction","target":["https:\/\/loftrunway.com\/de\/products\/nike-reactx-rejuven8-slide-wolf-grey\/"]}]},{"@type":"ImageObject","inLanguage":"de","@id":"https:\/\/loftrunway.com\/de\/products\/nike-reactx-rejuven8-slide-wolf-grey\/#primaryimage","url":"https:\/\/images.novelship.com\/product\/nike_reactx_rejuven8_slide__wolf_grey__hv4479-002_0_8122.jpeg","contentUrl":"https:\/\/images.novelship.com\/product\/nike_reactx_rejuven8_slide__wolf_grey__hv4479-002_0_8122.jpeg"},{"@type":"BreadcrumbList","@id":"https:\/\/loftrunway.com\/de\/products\/nike-reactx-rejuven8-slide-wolf-grey\/#breadcrumb","itemListElement":[{"@type":"ListItem","position":1,"name":"Home","item":"https:\/\/loftrunway.com\/de\/"},{"@type":"ListItem","position":2,"name":"Shop","item":"https:\/\/loftrunway.com\/de\/shop\/"},{"@type":"ListItem","position":3,"name":"Nike ReactX Rejuven8 Slide &#8218;Wolf Grey&#8216;"}]},{"@type":"WebSite","@id":"https:\/\/loftrunway.com\/de\/#website","url":"https:\/\/loftrunway.com\/de\/","name":"Styloral Jewelry Shop","description":"Der Ort, an dem man alle Arten von Sneakern findet","publisher":{"@id":"https:\/\/loftrunway.com\/de\/#organization"},"potentialAction":[{"@type":"SearchAction","target":{"@type":"EntryPoint","urlTemplate":"https:\/\/loftrunway.com\/de\/?s={search_term_string}"},"query-input":{"@type":"PropertyValueSpecification","valueRequired":true,"valueName":"search_term_string"}}],"inLanguage":"de"},{"@type":"Organization","@id":"https:\/\/loftrunway.com\/de\/#organization","name":"STYLORAL PTE. LTD","url":"https:\/\/loftrunway.com\/de\/","logo":{"@type":"ImageObject","inLanguage":"de","@id":"https:\/\/loftrunway.com\/de\/#\/schema\/logo\/image\/","url":"https:\/\/www.loftrunway.com\/wp-content\/uploads\/2025\/12\/logo.png","contentUrl":"https:\/\/www.loftrunway.com\/wp-content\/uploads\/2025\/12\/logo.png","width":200,"height":65,"caption":"STYLORAL PTE. LTD"},"image":{"@id":"https:\/\/loftrunway.com\/de\/#\/schema\/logo\/image\/"}}]}},"_links":{"self":[{"href":"https:\/\/loftrunway.com\/de\/wp-json\/wp\/v2\/product\/215240","targetHints":{"allow":["GET"]}}],"collection":[{"href":"https:\/\/loftrunway.com\/de\/wp-json\/wp\/v2\/product"}],"about":[{"href":"https:\/\/loftrunway.com\/de\/wp-json\/wp\/v2\/types\/product"}],"replies":[{"embeddable":true,"href":"https:\/\/loftrunway.com\/de\/wp-json\/wp\/v2\/comments?post=215240"}],"wp:featuredmedia":[{"embeddable":true,"href":"https:\/\/loftrunway.com\/de\/wp-json\/wp\/v2\/media\/215241"}],"wp:attachment":[{"href":"https:\/\/loftrunway.com\/de\/wp-json\/wp\/v2\/media?parent=215240"}],"wp:term":[{"taxonomy":"product_brand","embeddable":true,"href":"https:\/\/loftrunway.com\/de\/wp-json\/wp\/v2\/product_brand?post=215240"},{"taxonomy":"product_cat","embeddable":true,"href":"https:\/\/loftrunway.com\/de\/wp-json\/wp\/v2\/product_cat?post=215240"},{"taxonomy":"product_tag","embeddable":true,"href":"https:\/\/loftrunway.com\/de\/wp-json\/wp\/v2\/product_tag?post=215240"}],"curies":[{"name":"wp","href":"https:\/\/api.w.org\/{rel}","templated":true}]}}