{"id":215582,"date":"2026-03-22T13:14:44","date_gmt":"2026-03-22T06:14:44","guid":{"rendered":"https:\/\/loftrunway.com\/product\/women-stella-mccartney-x-adidas-slide-halo"},"modified":"2026-04-03T19:54:39","modified_gmt":"2026-04-03T12:54:39","slug":"women-stella-mccartney-x-adidas-slide-halo","status":"publish","type":"product","link":"https:\/\/loftrunway.com\/de\/products\/women-stella-mccartney-x-adidas-slide-halo\/","title":{"rendered":"(Women) Stella McCartney x adidas Slide &#8218;Halo&#8216;"},"content":{"rendered":"<p>Erweitern Sie Ihre Schuhkollektion mit den Stella Slide Sandalen JI1217 &#8211; die perfekte Kombination aus Stil, Komfort und Vielseitigkeit f\u00fcr jeden Tag. Diese eleganten Pantoletten bestechen durch ihr minimalistisches und dennoch trendiges Design und lassen sich ideal mit einer Vielzahl von Outfits kombinieren, von luftigen Sommerkleidern bis hin zu l\u00e4ssigen Jeans. Gefertigt aus hochwertigen Materialien, bieten sie Langlebigkeit und ein leichtes Tragegef\u00fchl, sodass Sie sich den ganzen Tag \u00fcber wohlf\u00fchlen. Das konturierte Fu\u00dfbett sorgt f\u00fcr hervorragende D\u00e4mpfung und Unterst\u00fctzung, w\u00e4hrend der Slip-on-Stil die Sandalen besonders praktisch f\u00fcr einen aktiven Lebensstil macht. Ob Strandbesuch, entspannter Brunch oder gem\u00fctlicher Spaziergang &#8211; die Stella Slide Sandalen versprechen m\u00fchelosen Stil und h\u00f6chsten Tragekomfort f\u00fcr den modernen Alltag. Diese Sandalen wurden f\u00fcr ein internationales Publikum entworfen, das Wert auf Funktionalit\u00e4t und modisches Design legt. Sie definieren Eleganz f\u00fcr jeden Tag und jeden Anlass neu.<\/p>\n<ul>\n<li><strong>Farbgebung:<\/strong> Halo\/Halo\/Carbon<\/li>\n<li><strong>Artikelnummer:<\/strong> JI1217<\/li>\n<li><strong>Obermaterial:<\/strong> Synthetik<\/li>\n<li><strong>Farbe:<\/strong> Gr\u00fcn<\/li>\n<\/ul>\n","protected":false},"excerpt":{"rendered":"<p>Erweitern Sie Ihre Schuhkollektion mit den Stella Slide Sandalen JI1217 &#8211; die perfekte Kombination aus Stil, Komfort und Vielseitigkeit f\u00fcr jeden Tag. Diese eleganten Pantoletten bestechen durch ihr minimalistisches und dennoch trendiges Design und lassen sich ideal mit einer Vielzahl von Outfits kombinieren, von luftigen Sommerkleidern bis hin zu l\u00e4ssigen Jeans. Gefertigt aus hochwertigen Materialien, [&hellip;]<\/p>\n","protected":false},"featured_media":215583,"comment_status":"open","ping_status":"closed","template":"","meta":[],"product_brand":[],"product_cat":[10941],"product_tag":[38839],"class_list":{"0":"post-215582","1":"product","2":"type-product","3":"status-publish","4":"has-post-thumbnail","6":"product_cat-adidas-women","7":"product_tag-instockold","8":"wcpa_has_options","10":"first","11":"instock","12":"taxable","13":"shipping-taxable","14":"purchasable","15":"product-type-simple"},"wcpa_form_fields":{"rules":{"pric_overide_base_price":false,"pric_overide_base_price_if_gt_zero":false,"pric_overide_base_price_fully":false,"pric_cal_option_once":false,"pric_use_as_fee":false,"bind_quantity":false,"quantity_bind_formula":false},"fields":[{"type":"color-group","required":true,"elementId":"wcpa-color-group-66c4a7f817afe","label":"Gr\u00f6\u00dfe","inline":true,"priceOptions":"different_for_all","pricingType":"fixed","className":"hassizechart product-shoes-size-eu product-shoes-size","name":"color-group-66c4a7f817b18","disp_type":"square","selection_type":"tick-border","disp_size":"50","show_label_inside":true,"adjust_width":true,"cart_display_type":"text","other_text":"Other","cl_rule":"show","col":6,"values":[{"label":"35","value":"EU 35","price":"","pimage":"","pimage_id":"","pthumb":"","color":""},{"label":"35.5","value":"EU 35.5","price":"","pimage":"","pimage_id":"","pthumb":"","color":""},{"label":"36","value":"EU 36","price":"","pimage":"","pimage_id":"","pthumb":"","color":"","selected":true},{"label":"36 2\/3","value":"EU 36 2\/3","price":"","pimage":"","pimage_id":"","pthumb":"","color":""},{"label":"37 1\/3","value":"EU 37 1\/3","price":"","pimage":"","pimage_id":"","pthumb":"","color":""},{"label":"38","value":"EU 38","price":"","pimage":"","pimage_id":"","pthumb":"","color":""},{"label":"38 2\/3","value":"EU 38 2\/3","price":"","pimage":"","pimage_id":"","pthumb":"","color":""},{"label":"39 1\/3","value":"EU 39 1\/3","price":"","pimage":"","pimage_id":"","pthumb":"","color":""},{"label":"40","value":"EU 40","price":"","pimage":"","pimage_id":"","pthumb":"","color":""},{"label":"40 2\/3","value":"EU 40 2\/3","price":"","pimage":"","pimage_id":"","pthumb":"","color":""},{"label":"41 1\/3","value":"EU 41 1\/3","price":"","pimage":"","pimage_id":"","pthumb":"","color":""},{"label":"42","value":"EU 42","price":"","pimage":"","pimage_id":"","pthumb":"","color":""},{"label":"42 2\/3","value":"EU 42 2\/3","price":"","pimage":"","pimage_id":"","pthumb":"","color":""},{"label":"43 1\/3","value":"EU 43 1\/3","price":"","pimage":"","pimage_id":"","pthumb":"","color":""},{"label":"44","value":"EU 44","price":"","pimage":"","pimage_id":"","pthumb":"","color":""},{"label":"44 2\/3","value":"EU 44 2\/3","price":"","pimage":"","pimage_id":"","pthumb":"","color":""},{"label":"45 1\/3","value":"EU 45 1\/3","price":"","pimage":"","pimage_id":"","pthumb":"","color":""},{"label":"46","value":"EU 46","price":"","pimage":"","pimage_id":"","pthumb":"","color":""},{"label":"46 2\/3","value":"EU 46 2\/3","price":"","pimage":"","pimage_id":"","pthumb":"","color":""},{"label":"47 1\/3","value":"EU 47 1\/3","price":"","pimage":"","pimage_id":"","pthumb":"","color":""}],"relations":[{"operator":false,"rules":[]}],"form_id":24802,"form_rules":{"pric_cal_option_once":false,"exclude_from_discount":false,"pric_use_as_fee":false,"fee_label":"Fee","render_after_acb":false,"disp_hide_options_price":false}}]},"yoast_head":"<!-- This site is optimized with the Yoast SEO plugin v26.5 - https:\/\/yoast.com\/wordpress\/plugins\/seo\/ -->\n<title>(Women) Stella McCartney x adidas Slide &#039;Halo&#039; - Loftrunway<\/title>\n<meta name=\"robots\" content=\"index, follow, max-snippet:-1, max-image-preview:large, max-video-preview:-1\" \/>\n<link rel=\"canonical\" href=\"https:\/\/loftrunway.com\/de\/products\/women-stella-mccartney-x-adidas-slide-halo\/\" \/>\n<meta property=\"og:locale\" content=\"de_DE\" \/>\n<meta property=\"og:type\" content=\"article\" \/>\n<meta property=\"og:title\" content=\"(Women) Stella McCartney x adidas Slide &#039;Halo&#039; - Loftrunway\" \/>\n<meta property=\"og:description\" content=\"Erweitern Sie Ihre Schuhkollektion mit den Stella Slide Sandalen JI1217 &#8211; die perfekte Kombination aus Stil, Komfort und Vielseitigkeit f\u00fcr jeden Tag. Diese eleganten Pantoletten bestechen durch ihr minimalistisches und dennoch trendiges Design und lassen sich ideal mit einer Vielzahl von Outfits kombinieren, von luftigen Sommerkleidern bis hin zu l\u00e4ssigen Jeans. Gefertigt aus hochwertigen Materialien, [&hellip;]\" \/>\n<meta property=\"og:url\" content=\"https:\/\/loftrunway.com\/de\/products\/women-stella-mccartney-x-adidas-slide-halo\/\" \/>\n<meta property=\"og:site_name\" content=\"loftRUN Sneaker Store\" \/>\n<meta property=\"article:modified_time\" content=\"2026-04-03T12:54:39+00:00\" \/>\n<meta name=\"twitter:card\" content=\"summary_large_image\" \/>\n<meta name=\"twitter:image\" content=\"https:\/\/images.novelship.com\/product\/_w__stella_slide_sandals_ji1217_0_84074.jpeg\" \/>\n<meta name=\"twitter:label1\" content=\"Gesch\u00e4tzte Lesezeit\" \/>\n\t<meta name=\"twitter:data1\" content=\"1\u00a0Minute\" \/>\n<script type=\"application\/ld+json\" class=\"yoast-schema-graph\">{\"@context\":\"https:\/\/schema.org\",\"@graph\":[{\"@type\":\"WebPage\",\"@id\":\"https:\/\/loftrunway.com\/de\/products\/women-stella-mccartney-x-adidas-slide-halo\/\",\"url\":\"https:\/\/loftrunway.com\/de\/products\/women-stella-mccartney-x-adidas-slide-halo\/\",\"name\":\"(Women) Stella McCartney x adidas Slide 'Halo' - Loftrunway\",\"isPartOf\":{\"@id\":\"https:\/\/loftrunway.com\/de\/#website\"},\"primaryImageOfPage\":{\"@id\":\"https:\/\/loftrunway.com\/de\/products\/women-stella-mccartney-x-adidas-slide-halo\/#primaryimage\"},\"image\":{\"@id\":\"https:\/\/loftrunway.com\/de\/products\/women-stella-mccartney-x-adidas-slide-halo\/#primaryimage\"},\"thumbnailUrl\":\"https:\/\/images.novelship.com\/product\/_w__stella_slide_sandals_ji1217_0_84074.jpeg\",\"datePublished\":\"2026-03-22T06:14:44+00:00\",\"dateModified\":\"2026-04-03T12:54:39+00:00\",\"breadcrumb\":{\"@id\":\"https:\/\/loftrunway.com\/de\/products\/women-stella-mccartney-x-adidas-slide-halo\/#breadcrumb\"},\"inLanguage\":\"de\",\"potentialAction\":[{\"@type\":\"ReadAction\",\"target\":[\"https:\/\/loftrunway.com\/de\/products\/women-stella-mccartney-x-adidas-slide-halo\/\"]}]},{\"@type\":\"ImageObject\",\"inLanguage\":\"de\",\"@id\":\"https:\/\/loftrunway.com\/de\/products\/women-stella-mccartney-x-adidas-slide-halo\/#primaryimage\",\"url\":\"https:\/\/images.novelship.com\/product\/_w__stella_slide_sandals_ji1217_0_84074.jpeg\",\"contentUrl\":\"https:\/\/images.novelship.com\/product\/_w__stella_slide_sandals_ji1217_0_84074.jpeg\"},{\"@type\":\"BreadcrumbList\",\"@id\":\"https:\/\/loftrunway.com\/de\/products\/women-stella-mccartney-x-adidas-slide-halo\/#breadcrumb\",\"itemListElement\":[{\"@type\":\"ListItem\",\"position\":1,\"name\":\"Home\",\"item\":\"https:\/\/loftrunway.com\/de\/\"},{\"@type\":\"ListItem\",\"position\":2,\"name\":\"Shop\",\"item\":\"https:\/\/loftrunway.com\/de\/shop\/\"},{\"@type\":\"ListItem\",\"position\":3,\"name\":\"(Women) Stella McCartney x adidas Slide &#8218;Halo&#8216;\"}]},{\"@type\":\"WebSite\",\"@id\":\"https:\/\/loftrunway.com\/de\/#website\",\"url\":\"https:\/\/loftrunway.com\/de\/\",\"name\":\"Styloral Jewelry Shop\",\"description\":\"Der Ort, an dem man alle Arten von Sneakern findet\",\"publisher\":{\"@id\":\"https:\/\/loftrunway.com\/de\/#organization\"},\"potentialAction\":[{\"@type\":\"SearchAction\",\"target\":{\"@type\":\"EntryPoint\",\"urlTemplate\":\"https:\/\/loftrunway.com\/de\/?s={search_term_string}\"},\"query-input\":{\"@type\":\"PropertyValueSpecification\",\"valueRequired\":true,\"valueName\":\"search_term_string\"}}],\"inLanguage\":\"de\"},{\"@type\":\"Organization\",\"@id\":\"https:\/\/loftrunway.com\/de\/#organization\",\"name\":\"STYLORAL PTE. LTD\",\"url\":\"https:\/\/loftrunway.com\/de\/\",\"logo\":{\"@type\":\"ImageObject\",\"inLanguage\":\"de\",\"@id\":\"https:\/\/loftrunway.com\/de\/#\/schema\/logo\/image\/\",\"url\":\"https:\/\/www.loftrunway.com\/wp-content\/uploads\/2025\/12\/logo.png\",\"contentUrl\":\"https:\/\/www.loftrunway.com\/wp-content\/uploads\/2025\/12\/logo.png\",\"width\":200,\"height\":65,\"caption\":\"STYLORAL PTE. LTD\"},\"image\":{\"@id\":\"https:\/\/loftrunway.com\/de\/#\/schema\/logo\/image\/\"}}]}<\/script>\n<!-- \/ Yoast SEO plugin. -->","yoast_head_json":{"title":"(Women) Stella McCartney x adidas Slide 'Halo' - Loftrunway","robots":{"index":"index","follow":"follow","max-snippet":"max-snippet:-1","max-image-preview":"max-image-preview:large","max-video-preview":"max-video-preview:-1"},"canonical":"https:\/\/loftrunway.com\/de\/products\/women-stella-mccartney-x-adidas-slide-halo\/","og_locale":"de_DE","og_type":"article","og_title":"(Women) Stella McCartney x adidas Slide 'Halo' - Loftrunway","og_description":"Erweitern Sie Ihre Schuhkollektion mit den Stella Slide Sandalen JI1217 &#8211; die perfekte Kombination aus Stil, Komfort und Vielseitigkeit f\u00fcr jeden Tag. Diese eleganten Pantoletten bestechen durch ihr minimalistisches und dennoch trendiges Design und lassen sich ideal mit einer Vielzahl von Outfits kombinieren, von luftigen Sommerkleidern bis hin zu l\u00e4ssigen Jeans. Gefertigt aus hochwertigen Materialien, [&hellip;]","og_url":"https:\/\/loftrunway.com\/de\/products\/women-stella-mccartney-x-adidas-slide-halo\/","og_site_name":"loftRUN Sneaker Store","article_modified_time":"2026-04-03T12:54:39+00:00","twitter_card":"summary_large_image","twitter_image":"https:\/\/images.novelship.com\/product\/_w__stella_slide_sandals_ji1217_0_84074.jpeg","twitter_misc":{"Gesch\u00e4tzte Lesezeit":"1\u00a0Minute"},"schema":{"@context":"https:\/\/schema.org","@graph":[{"@type":"WebPage","@id":"https:\/\/loftrunway.com\/de\/products\/women-stella-mccartney-x-adidas-slide-halo\/","url":"https:\/\/loftrunway.com\/de\/products\/women-stella-mccartney-x-adidas-slide-halo\/","name":"(Women) Stella McCartney x adidas Slide 'Halo' - Loftrunway","isPartOf":{"@id":"https:\/\/loftrunway.com\/de\/#website"},"primaryImageOfPage":{"@id":"https:\/\/loftrunway.com\/de\/products\/women-stella-mccartney-x-adidas-slide-halo\/#primaryimage"},"image":{"@id":"https:\/\/loftrunway.com\/de\/products\/women-stella-mccartney-x-adidas-slide-halo\/#primaryimage"},"thumbnailUrl":"https:\/\/images.novelship.com\/product\/_w__stella_slide_sandals_ji1217_0_84074.jpeg","datePublished":"2026-03-22T06:14:44+00:00","dateModified":"2026-04-03T12:54:39+00:00","breadcrumb":{"@id":"https:\/\/loftrunway.com\/de\/products\/women-stella-mccartney-x-adidas-slide-halo\/#breadcrumb"},"inLanguage":"de","potentialAction":[{"@type":"ReadAction","target":["https:\/\/loftrunway.com\/de\/products\/women-stella-mccartney-x-adidas-slide-halo\/"]}]},{"@type":"ImageObject","inLanguage":"de","@id":"https:\/\/loftrunway.com\/de\/products\/women-stella-mccartney-x-adidas-slide-halo\/#primaryimage","url":"https:\/\/images.novelship.com\/product\/_w__stella_slide_sandals_ji1217_0_84074.jpeg","contentUrl":"https:\/\/images.novelship.com\/product\/_w__stella_slide_sandals_ji1217_0_84074.jpeg"},{"@type":"BreadcrumbList","@id":"https:\/\/loftrunway.com\/de\/products\/women-stella-mccartney-x-adidas-slide-halo\/#breadcrumb","itemListElement":[{"@type":"ListItem","position":1,"name":"Home","item":"https:\/\/loftrunway.com\/de\/"},{"@type":"ListItem","position":2,"name":"Shop","item":"https:\/\/loftrunway.com\/de\/shop\/"},{"@type":"ListItem","position":3,"name":"(Women) Stella McCartney x adidas Slide &#8218;Halo&#8216;"}]},{"@type":"WebSite","@id":"https:\/\/loftrunway.com\/de\/#website","url":"https:\/\/loftrunway.com\/de\/","name":"Styloral Jewelry Shop","description":"Der Ort, an dem man alle Arten von Sneakern findet","publisher":{"@id":"https:\/\/loftrunway.com\/de\/#organization"},"potentialAction":[{"@type":"SearchAction","target":{"@type":"EntryPoint","urlTemplate":"https:\/\/loftrunway.com\/de\/?s={search_term_string}"},"query-input":{"@type":"PropertyValueSpecification","valueRequired":true,"valueName":"search_term_string"}}],"inLanguage":"de"},{"@type":"Organization","@id":"https:\/\/loftrunway.com\/de\/#organization","name":"STYLORAL PTE. LTD","url":"https:\/\/loftrunway.com\/de\/","logo":{"@type":"ImageObject","inLanguage":"de","@id":"https:\/\/loftrunway.com\/de\/#\/schema\/logo\/image\/","url":"https:\/\/www.loftrunway.com\/wp-content\/uploads\/2025\/12\/logo.png","contentUrl":"https:\/\/www.loftrunway.com\/wp-content\/uploads\/2025\/12\/logo.png","width":200,"height":65,"caption":"STYLORAL PTE. LTD"},"image":{"@id":"https:\/\/loftrunway.com\/de\/#\/schema\/logo\/image\/"}}]}},"_links":{"self":[{"href":"https:\/\/loftrunway.com\/de\/wp-json\/wp\/v2\/product\/215582","targetHints":{"allow":["GET"]}}],"collection":[{"href":"https:\/\/loftrunway.com\/de\/wp-json\/wp\/v2\/product"}],"about":[{"href":"https:\/\/loftrunway.com\/de\/wp-json\/wp\/v2\/types\/product"}],"replies":[{"embeddable":true,"href":"https:\/\/loftrunway.com\/de\/wp-json\/wp\/v2\/comments?post=215582"}],"wp:featuredmedia":[{"embeddable":true,"href":"https:\/\/loftrunway.com\/de\/wp-json\/wp\/v2\/media\/215583"}],"wp:attachment":[{"href":"https:\/\/loftrunway.com\/de\/wp-json\/wp\/v2\/media?parent=215582"}],"wp:term":[{"taxonomy":"product_brand","embeddable":true,"href":"https:\/\/loftrunway.com\/de\/wp-json\/wp\/v2\/product_brand?post=215582"},{"taxonomy":"product_cat","embeddable":true,"href":"https:\/\/loftrunway.com\/de\/wp-json\/wp\/v2\/product_cat?post=215582"},{"taxonomy":"product_tag","embeddable":true,"href":"https:\/\/loftrunway.com\/de\/wp-json\/wp\/v2\/product_tag?post=215582"}],"curies":[{"name":"wp","href":"https:\/\/api.w.org\/{rel}","templated":true}]}}