{"id":216371,"date":"2026-03-22T13:18:33","date_gmt":"2026-03-22T06:18:33","guid":{"rendered":"https:\/\/loftrunway.com\/product\/women-nike-victori-one-slide-medium-olive"},"modified":"2026-04-03T19:54:44","modified_gmt":"2026-04-03T12:54:44","slug":"women-nike-victori-one-slide-medium-olive","status":"publish","type":"product","link":"https:\/\/loftrunway.com\/de\/products\/women-nike-victori-one-slide-medium-olive\/","title":{"rendered":"(Women) Nike Victori One Slide &#8218;Medium Olive&#8216;"},"content":{"rendered":"<p>Mit dem Nike Victori One Slide in sanftem OlivGr\u00fcn genie\u00dft du m\u00fchelosen Style. Dank des vorgeformten Fu\u00dfbetts bietet dieser Slide ganzt\u00e4gigen Tragekomfort. Der leichte Riemen aus Synthetikleder sorgt f\u00fcr sicheren und verstellbaren Halt. Die Schaumstoff-Mittelsohle bietet D\u00e4mpfung und Unterst\u00fctzung, w\u00e4hrend die strapazierf\u00e4hige Gummiau\u00dfensohle f\u00fcr optimale Traktion sorgt. Erlebe die perfekte Kombination aus Komfort und Style &#8211; ideal f\u00fcr Freizeit und Entspannung nach dem Training.<\/p>\n<ul>\n<li><strong>Farbe:<\/strong> OlivGr\u00fcn<\/li>\n<li><strong>Artikelnummer:<\/strong> FQ7416-200<\/li>\n<li><strong>Obermaterial:<\/strong> Synthetik<\/li>\n<li><strong>Farbe:<\/strong> OlivGr\u00fcn<\/li>\n<li><strong>Erscheinungsjahr:<\/strong> 2023<\/li>\n<\/ul>\n","protected":false},"excerpt":{"rendered":"<p>Mit dem Nike Victori One Slide in sanftem OlivGr\u00fcn genie\u00dft du m\u00fchelosen Style. Dank des vorgeformten Fu\u00dfbetts bietet dieser Slide ganzt\u00e4gigen Tragekomfort. Der leichte Riemen aus Synthetikleder sorgt f\u00fcr sicheren und verstellbaren Halt. Die Schaumstoff-Mittelsohle bietet D\u00e4mpfung und Unterst\u00fctzung, w\u00e4hrend die strapazierf\u00e4hige Gummiau\u00dfensohle f\u00fcr optimale Traktion sorgt. Erlebe die perfekte Kombination aus Komfort und Style [&hellip;]<\/p>\n","protected":false},"featured_media":216372,"comment_status":"open","ping_status":"closed","template":"","meta":[],"product_brand":[],"product_cat":[10809],"product_tag":[38839],"class_list":{"0":"post-216371","1":"product","2":"type-product","3":"status-publish","4":"has-post-thumbnail","6":"product_cat-nike-women","7":"product_tag-instockold","8":"wcpa_has_options","10":"first","11":"instock","12":"taxable","13":"shipping-taxable","14":"purchasable","15":"product-type-simple"},"wcpa_form_fields":{"rules":{"pric_overide_base_price":false,"pric_overide_base_price_if_gt_zero":false,"pric_overide_base_price_fully":false,"pric_cal_option_once":false,"pric_use_as_fee":false,"bind_quantity":false,"quantity_bind_formula":false},"fields":[{"type":"color-group","required":true,"elementId":"wcpa-color-group-66c4a75505e74","label":"Gr\u00f6\u00dfe - EU Gr\u00f6\u00dfe","inline":true,"priceOptions":"different_for_all","pricingType":"fixed","className":"hassizechart product-shoes-size-eu product-shoes-size","name":"color-group-66c4a75505e89","disp_type":"square","selection_type":"tick-border","disp_size":"44","show_label_inside":true,"adjust_width":true,"cart_display_type":"text","other_text":"Other","cl_rule":"show","col":6,"values":[{"label":"35.5","value":"EU 35.5","price":"","pimage":"","pimage_id":"","pthumb":"","color":""},{"label":"36","value":"EU 36","price":"","pimage":"","pimage_id":"","pthumb":"","color":"","selected":true},{"label":"36.5","value":"EU 36.5","price":"","pimage":"","pimage_id":"","pthumb":"","color":""},{"label":"37.5","value":"EU 37.5","price":"","pimage":"","pimage_id":"","pthumb":"","color":""},{"label":"38","value":"EU 38","price":"","pimage":"","pimage_id":"","pthumb":"","color":""},{"label":"38.5","value":"EU 38.5","price":"","pimage":"","pimage_id":"","pthumb":"","color":""},{"label":"39","value":"EU 39","price":"","pimage":"","pimage_id":"","pthumb":"","color":""},{"label":"40","value":"EU 40","price":"","pimage":"","pimage_id":"","pthumb":"","color":""},{"label":"40.5","value":"EU 40.5","price":"","pimage":"","pimage_id":"","pthumb":"","color":""},{"label":"41","value":"EU 41","price":"","pimage":"","pimage_id":"","pthumb":"","color":""},{"label":"42","value":"EU 42","price":"","pimage":"","pimage_id":"","pthumb":"","color":""},{"label":"42.5","value":"EU 42.5","price":"","pimage":"","pimage_id":"","pthumb":"","color":""},{"label":"43","value":"EU 43","price":"","pimage":"","pimage_id":"","pthumb":"","color":""},{"label":"44","value":"EU 44","price":"","pimage":"","pimage_id":"","pthumb":"","color":""},{"label":"44.5","value":"EU 44.5","price":"","pimage":"","pimage_id":"","pthumb":"","color":""},{"label":"45","value":"EU 45","price":"","pimage":"","pimage_id":"","pthumb":"","color":""},{"label":"45.5","value":"EU 45.5","price":"","pimage":"","pimage_id":"","pthumb":"","color":""},{"label":"46","value":"EU 46","price":"","pimage":"","pimage_id":"","pthumb":"","color":""},{"label":"47","value":"EU 47","price":"","pimage":"","pimage_id":"","pthumb":"","color":""},{"label":"47.5","value":"EU 47.5","price":"","pimage":"","pimage_id":"","pthumb":"","color":""},{"label":"48","value":"EU 48","price":"","pimage":"","pimage_id":"","pthumb":"","color":""}],"relations":[{"operator":false,"rules":[]}],"form_id":18106,"form_rules":{"pric_cal_option_once":false,"exclude_from_discount":false,"pric_use_as_fee":false,"fee_label":"Fee","render_after_acb":false,"disp_hide_options_price":false}}]},"yoast_head":"<!-- This site is optimized with the Yoast SEO plugin v26.5 - https:\/\/yoast.com\/wordpress\/plugins\/seo\/ -->\n<title>(Women) Nike Victori One Slide &#039;Medium Olive&#039; - Loftrunway<\/title>\n<meta name=\"robots\" content=\"index, follow, max-snippet:-1, max-image-preview:large, max-video-preview:-1\" \/>\n<link rel=\"canonical\" href=\"https:\/\/loftrunway.com\/de\/products\/women-nike-victori-one-slide-medium-olive\/\" \/>\n<meta property=\"og:locale\" content=\"de_DE\" \/>\n<meta property=\"og:type\" content=\"article\" \/>\n<meta property=\"og:title\" content=\"(Women) Nike Victori One Slide &#039;Medium Olive&#039; - Loftrunway\" \/>\n<meta property=\"og:description\" content=\"Mit dem Nike Victori One Slide in sanftem OlivGr\u00fcn genie\u00dft du m\u00fchelosen Style. Dank des vorgeformten Fu\u00dfbetts bietet dieser Slide ganzt\u00e4gigen Tragekomfort. Der leichte Riemen aus Synthetikleder sorgt f\u00fcr sicheren und verstellbaren Halt. Die Schaumstoff-Mittelsohle bietet D\u00e4mpfung und Unterst\u00fctzung, w\u00e4hrend die strapazierf\u00e4hige Gummiau\u00dfensohle f\u00fcr optimale Traktion sorgt. Erlebe die perfekte Kombination aus Komfort und Style [&hellip;]\" \/>\n<meta property=\"og:url\" content=\"https:\/\/loftrunway.com\/de\/products\/women-nike-victori-one-slide-medium-olive\/\" \/>\n<meta property=\"og:site_name\" content=\"loftRUN Sneaker Store\" \/>\n<meta property=\"article:modified_time\" content=\"2026-04-03T12:54:44+00:00\" \/>\n<meta name=\"twitter:card\" content=\"summary_large_image\" \/>\n<meta name=\"twitter:image\" content=\"https:\/\/images.novelship.com\/product\/_women__nike_victori_one_slide__medium_olive__fq74_0_33261.jpeg\" \/>\n<script type=\"application\/ld+json\" class=\"yoast-schema-graph\">{\"@context\":\"https:\/\/schema.org\",\"@graph\":[{\"@type\":\"WebPage\",\"@id\":\"https:\/\/loftrunway.com\/de\/products\/women-nike-victori-one-slide-medium-olive\/\",\"url\":\"https:\/\/loftrunway.com\/de\/products\/women-nike-victori-one-slide-medium-olive\/\",\"name\":\"(Women) Nike Victori One Slide 'Medium Olive' - Loftrunway\",\"isPartOf\":{\"@id\":\"https:\/\/loftrunway.com\/de\/#website\"},\"primaryImageOfPage\":{\"@id\":\"https:\/\/loftrunway.com\/de\/products\/women-nike-victori-one-slide-medium-olive\/#primaryimage\"},\"image\":{\"@id\":\"https:\/\/loftrunway.com\/de\/products\/women-nike-victori-one-slide-medium-olive\/#primaryimage\"},\"thumbnailUrl\":\"https:\/\/images.novelship.com\/product\/_women__nike_victori_one_slide__medium_olive__fq74_0_33261.jpeg\",\"datePublished\":\"2026-03-22T06:18:33+00:00\",\"dateModified\":\"2026-04-03T12:54:44+00:00\",\"breadcrumb\":{\"@id\":\"https:\/\/loftrunway.com\/de\/products\/women-nike-victori-one-slide-medium-olive\/#breadcrumb\"},\"inLanguage\":\"de\",\"potentialAction\":[{\"@type\":\"ReadAction\",\"target\":[\"https:\/\/loftrunway.com\/de\/products\/women-nike-victori-one-slide-medium-olive\/\"]}]},{\"@type\":\"ImageObject\",\"inLanguage\":\"de\",\"@id\":\"https:\/\/loftrunway.com\/de\/products\/women-nike-victori-one-slide-medium-olive\/#primaryimage\",\"url\":\"https:\/\/images.novelship.com\/product\/_women__nike_victori_one_slide__medium_olive__fq74_0_33261.jpeg\",\"contentUrl\":\"https:\/\/images.novelship.com\/product\/_women__nike_victori_one_slide__medium_olive__fq74_0_33261.jpeg\"},{\"@type\":\"BreadcrumbList\",\"@id\":\"https:\/\/loftrunway.com\/de\/products\/women-nike-victori-one-slide-medium-olive\/#breadcrumb\",\"itemListElement\":[{\"@type\":\"ListItem\",\"position\":1,\"name\":\"Home\",\"item\":\"https:\/\/loftrunway.com\/de\/\"},{\"@type\":\"ListItem\",\"position\":2,\"name\":\"Shop\",\"item\":\"https:\/\/loftrunway.com\/de\/shop\/\"},{\"@type\":\"ListItem\",\"position\":3,\"name\":\"(Women) Nike Victori One Slide &#8218;Medium Olive&#8216;\"}]},{\"@type\":\"WebSite\",\"@id\":\"https:\/\/loftrunway.com\/de\/#website\",\"url\":\"https:\/\/loftrunway.com\/de\/\",\"name\":\"Styloral Jewelry Shop\",\"description\":\"Der Ort, an dem man alle Arten von Sneakern findet\",\"publisher\":{\"@id\":\"https:\/\/loftrunway.com\/de\/#organization\"},\"potentialAction\":[{\"@type\":\"SearchAction\",\"target\":{\"@type\":\"EntryPoint\",\"urlTemplate\":\"https:\/\/loftrunway.com\/de\/?s={search_term_string}\"},\"query-input\":{\"@type\":\"PropertyValueSpecification\",\"valueRequired\":true,\"valueName\":\"search_term_string\"}}],\"inLanguage\":\"de\"},{\"@type\":\"Organization\",\"@id\":\"https:\/\/loftrunway.com\/de\/#organization\",\"name\":\"STYLORAL PTE. LTD\",\"url\":\"https:\/\/loftrunway.com\/de\/\",\"logo\":{\"@type\":\"ImageObject\",\"inLanguage\":\"de\",\"@id\":\"https:\/\/loftrunway.com\/de\/#\/schema\/logo\/image\/\",\"url\":\"https:\/\/www.loftrunway.com\/wp-content\/uploads\/2025\/12\/logo.png\",\"contentUrl\":\"https:\/\/www.loftrunway.com\/wp-content\/uploads\/2025\/12\/logo.png\",\"width\":200,\"height\":65,\"caption\":\"STYLORAL PTE. LTD\"},\"image\":{\"@id\":\"https:\/\/loftrunway.com\/de\/#\/schema\/logo\/image\/\"}}]}<\/script>\n<!-- \/ Yoast SEO plugin. -->","yoast_head_json":{"title":"(Women) Nike Victori One Slide 'Medium Olive' - Loftrunway","robots":{"index":"index","follow":"follow","max-snippet":"max-snippet:-1","max-image-preview":"max-image-preview:large","max-video-preview":"max-video-preview:-1"},"canonical":"https:\/\/loftrunway.com\/de\/products\/women-nike-victori-one-slide-medium-olive\/","og_locale":"de_DE","og_type":"article","og_title":"(Women) Nike Victori One Slide 'Medium Olive' - Loftrunway","og_description":"Mit dem Nike Victori One Slide in sanftem OlivGr\u00fcn genie\u00dft du m\u00fchelosen Style. Dank des vorgeformten Fu\u00dfbetts bietet dieser Slide ganzt\u00e4gigen Tragekomfort. Der leichte Riemen aus Synthetikleder sorgt f\u00fcr sicheren und verstellbaren Halt. Die Schaumstoff-Mittelsohle bietet D\u00e4mpfung und Unterst\u00fctzung, w\u00e4hrend die strapazierf\u00e4hige Gummiau\u00dfensohle f\u00fcr optimale Traktion sorgt. Erlebe die perfekte Kombination aus Komfort und Style [&hellip;]","og_url":"https:\/\/loftrunway.com\/de\/products\/women-nike-victori-one-slide-medium-olive\/","og_site_name":"loftRUN Sneaker Store","article_modified_time":"2026-04-03T12:54:44+00:00","twitter_card":"summary_large_image","twitter_image":"https:\/\/images.novelship.com\/product\/_women__nike_victori_one_slide__medium_olive__fq74_0_33261.jpeg","schema":{"@context":"https:\/\/schema.org","@graph":[{"@type":"WebPage","@id":"https:\/\/loftrunway.com\/de\/products\/women-nike-victori-one-slide-medium-olive\/","url":"https:\/\/loftrunway.com\/de\/products\/women-nike-victori-one-slide-medium-olive\/","name":"(Women) Nike Victori One Slide 'Medium Olive' - Loftrunway","isPartOf":{"@id":"https:\/\/loftrunway.com\/de\/#website"},"primaryImageOfPage":{"@id":"https:\/\/loftrunway.com\/de\/products\/women-nike-victori-one-slide-medium-olive\/#primaryimage"},"image":{"@id":"https:\/\/loftrunway.com\/de\/products\/women-nike-victori-one-slide-medium-olive\/#primaryimage"},"thumbnailUrl":"https:\/\/images.novelship.com\/product\/_women__nike_victori_one_slide__medium_olive__fq74_0_33261.jpeg","datePublished":"2026-03-22T06:18:33+00:00","dateModified":"2026-04-03T12:54:44+00:00","breadcrumb":{"@id":"https:\/\/loftrunway.com\/de\/products\/women-nike-victori-one-slide-medium-olive\/#breadcrumb"},"inLanguage":"de","potentialAction":[{"@type":"ReadAction","target":["https:\/\/loftrunway.com\/de\/products\/women-nike-victori-one-slide-medium-olive\/"]}]},{"@type":"ImageObject","inLanguage":"de","@id":"https:\/\/loftrunway.com\/de\/products\/women-nike-victori-one-slide-medium-olive\/#primaryimage","url":"https:\/\/images.novelship.com\/product\/_women__nike_victori_one_slide__medium_olive__fq74_0_33261.jpeg","contentUrl":"https:\/\/images.novelship.com\/product\/_women__nike_victori_one_slide__medium_olive__fq74_0_33261.jpeg"},{"@type":"BreadcrumbList","@id":"https:\/\/loftrunway.com\/de\/products\/women-nike-victori-one-slide-medium-olive\/#breadcrumb","itemListElement":[{"@type":"ListItem","position":1,"name":"Home","item":"https:\/\/loftrunway.com\/de\/"},{"@type":"ListItem","position":2,"name":"Shop","item":"https:\/\/loftrunway.com\/de\/shop\/"},{"@type":"ListItem","position":3,"name":"(Women) Nike Victori One Slide &#8218;Medium Olive&#8216;"}]},{"@type":"WebSite","@id":"https:\/\/loftrunway.com\/de\/#website","url":"https:\/\/loftrunway.com\/de\/","name":"Styloral Jewelry Shop","description":"Der Ort, an dem man alle Arten von Sneakern findet","publisher":{"@id":"https:\/\/loftrunway.com\/de\/#organization"},"potentialAction":[{"@type":"SearchAction","target":{"@type":"EntryPoint","urlTemplate":"https:\/\/loftrunway.com\/de\/?s={search_term_string}"},"query-input":{"@type":"PropertyValueSpecification","valueRequired":true,"valueName":"search_term_string"}}],"inLanguage":"de"},{"@type":"Organization","@id":"https:\/\/loftrunway.com\/de\/#organization","name":"STYLORAL PTE. LTD","url":"https:\/\/loftrunway.com\/de\/","logo":{"@type":"ImageObject","inLanguage":"de","@id":"https:\/\/loftrunway.com\/de\/#\/schema\/logo\/image\/","url":"https:\/\/www.loftrunway.com\/wp-content\/uploads\/2025\/12\/logo.png","contentUrl":"https:\/\/www.loftrunway.com\/wp-content\/uploads\/2025\/12\/logo.png","width":200,"height":65,"caption":"STYLORAL PTE. LTD"},"image":{"@id":"https:\/\/loftrunway.com\/de\/#\/schema\/logo\/image\/"}}]}},"_links":{"self":[{"href":"https:\/\/loftrunway.com\/de\/wp-json\/wp\/v2\/product\/216371","targetHints":{"allow":["GET"]}}],"collection":[{"href":"https:\/\/loftrunway.com\/de\/wp-json\/wp\/v2\/product"}],"about":[{"href":"https:\/\/loftrunway.com\/de\/wp-json\/wp\/v2\/types\/product"}],"replies":[{"embeddable":true,"href":"https:\/\/loftrunway.com\/de\/wp-json\/wp\/v2\/comments?post=216371"}],"wp:featuredmedia":[{"embeddable":true,"href":"https:\/\/loftrunway.com\/de\/wp-json\/wp\/v2\/media\/216372"}],"wp:attachment":[{"href":"https:\/\/loftrunway.com\/de\/wp-json\/wp\/v2\/media?parent=216371"}],"wp:term":[{"taxonomy":"product_brand","embeddable":true,"href":"https:\/\/loftrunway.com\/de\/wp-json\/wp\/v2\/product_brand?post=216371"},{"taxonomy":"product_cat","embeddable":true,"href":"https:\/\/loftrunway.com\/de\/wp-json\/wp\/v2\/product_cat?post=216371"},{"taxonomy":"product_tag","embeddable":true,"href":"https:\/\/loftrunway.com\/de\/wp-json\/wp\/v2\/product_tag?post=216371"}],"curies":[{"name":"wp","href":"https:\/\/api.w.org\/{rel}","templated":true}]}}