{"id":21719,"date":"2026-02-25T18:14:41","date_gmt":"2026-02-25T11:14:41","guid":{"rendered":"http:\/\/loftrunway.com\/product\/adidas-wmns-zoysia-spikeless-golf-dash-grey-white-powder-coral"},"modified":"2026-04-02T14:26:13","modified_gmt":"2026-04-02T07:26:13","slug":"adidas-wmns-zoysia-spikeless-golf-dash-grey-white-powder-coral","status":"publish","type":"product","link":"https:\/\/loftrunway.com\/de\/products\/adidas-wmns-zoysia-spikeless-golf-dash-grey-white-powder-coral\/","title":{"rendered":"Adidas Wmns Zoysia Spikeless Golf &#8218;Dash Grey White Powder Coral&#8216;"},"content":{"rendered":"<p>Erleben Sie die perfekte Kombination aus Komfort, Stil und Langlebigkeit mit den Zoysia Sandalen IH2243. Diese Sandalen sind f\u00fcr den ganzen Tag geeignet und passen zu jedem Outfit. Sorgf\u00e4ltig aus hochwertigen Materialien gefertigt, bieten sie eine leichte und dennoch robuste Sohle sowie ein gepolstertes Fu\u00dfbett, das bei jedem Schritt Halt und Komfort garantiert. Das elegante Design mit den stilvollen Riemen verleiht ihnen eine moderne \u00c4sthetik und eignet sich perfekt f\u00fcr Freizeitaktivit\u00e4ten, Strandurlaube oder sommerliche Treffen. Dank ihrer hervorragenden Griffigkeit und Atmungsaktivit\u00e4t passen sich diese Sandalen unterschiedlichen Untergr\u00fcnden und Klimazonen an und sind somit ein vielseitiges Accessoire f\u00fcr Ihre Reisen um die Welt. Die Zoysia IH2243 lassen sich leicht an- und ausziehen und vereinen Funktionalit\u00e4t mit m\u00fcheloser Eleganz, sodass Sie weder bei Leistung noch bei Stil Kompromisse eingehen m\u00fcssen. Diese vielseitigen und zeitlosen Sandalen sind mehr als nur Schuhe \u2013 sie sind ein Statement f\u00fcr Komfort und Eleganz f\u00fcr alle, die Wert auf Form und Funktion legen. Ob beim Stadtbummel oder beim Entspannen am Strand \u2013 mit den Zoysia Sandalen IH2243 sehen Sie immer gut aus und f\u00fchlen sich rundum wohl. Erg\u00e4nzen Sie Ihre Garderobe noch heute mit diesem Must-have-Paar, um Ihre Alltagsoutfits aufzuwerten und einen neuen Standard modernen Schuhkomforts zu erleben.<\/p>\n<ul>\n<li><strong>Farbgebung:<\/strong> Dash Grey\/Crystal White\/Powder Coral<\/li>\n<li><strong>Artikelnummer:<\/strong> IH2243<\/li>\n<li><strong>Obermaterial:<\/strong> Leder<\/li>\n<li><strong>Zwischensohle:<\/strong> Lightstrike<\/li>\n<li><strong>Farbe:<\/strong> Wei\u00df<\/li>\n<\/ul>\n","protected":false},"excerpt":{"rendered":"<p>adidas Zoysia Sandals \u2014 Dash Grey\/Crystal White\/Powder Coral<\/p>\n","protected":false},"featured_media":21720,"comment_status":"open","ping_status":"closed","template":"","meta":[],"product_brand":[],"product_cat":[9215,41273],"product_tag":[10078],"class_list":{"0":"post-21719","1":"product","2":"type-product","3":"status-publish","4":"has-post-thumbnail","6":"product_cat-adidas-2026","7":"product_cat-remove","8":"product_tag-ih224311","9":"wcpa_has_options","11":"first","12":"instock","13":"taxable","14":"shipping-taxable","15":"purchasable","16":"product-type-simple"},"wcpa_form_fields":{"rules":{"pric_overide_base_price":false,"pric_overide_base_price_if_gt_zero":false,"pric_overide_base_price_fully":false,"pric_cal_option_once":false,"pric_use_as_fee":false,"bind_quantity":false,"quantity_bind_formula":false},"fields":[{"type":"color-group","required":true,"elementId":"wcpa-color-group-66c4a7f817afe","label":"Gr\u00f6\u00dfe","inline":true,"priceOptions":"different_for_all","pricingType":"fixed","className":"hassizechart product-shoes-size-eu product-shoes-size","name":"color-group-66c4a7f817b18","disp_type":"square","selection_type":"tick-border","disp_size":"50","show_label_inside":true,"adjust_width":true,"cart_display_type":"text","other_text":"Other","cl_rule":"show","col":6,"values":[{"label":"35","value":"EU 35","price":"","pimage":"","pimage_id":"","pthumb":"","color":""},{"label":"35.5","value":"EU 35.5","price":"","pimage":"","pimage_id":"","pthumb":"","color":""},{"label":"36","value":"EU 36","price":"","pimage":"","pimage_id":"","pthumb":"","color":"","selected":true},{"label":"36 2\/3","value":"EU 36 2\/3","price":"","pimage":"","pimage_id":"","pthumb":"","color":""},{"label":"37 1\/3","value":"EU 37 1\/3","price":"","pimage":"","pimage_id":"","pthumb":"","color":""},{"label":"38","value":"EU 38","price":"","pimage":"","pimage_id":"","pthumb":"","color":""},{"label":"38 2\/3","value":"EU 38 2\/3","price":"","pimage":"","pimage_id":"","pthumb":"","color":""},{"label":"39 1\/3","value":"EU 39 1\/3","price":"","pimage":"","pimage_id":"","pthumb":"","color":""},{"label":"40","value":"EU 40","price":"","pimage":"","pimage_id":"","pthumb":"","color":""},{"label":"40 2\/3","value":"EU 40 2\/3","price":"","pimage":"","pimage_id":"","pthumb":"","color":""},{"label":"41 1\/3","value":"EU 41 1\/3","price":"","pimage":"","pimage_id":"","pthumb":"","color":""},{"label":"42","value":"EU 42","price":"","pimage":"","pimage_id":"","pthumb":"","color":""},{"label":"42 2\/3","value":"EU 42 2\/3","price":"","pimage":"","pimage_id":"","pthumb":"","color":""},{"label":"43 1\/3","value":"EU 43 1\/3","price":"","pimage":"","pimage_id":"","pthumb":"","color":""},{"label":"44","value":"EU 44","price":"","pimage":"","pimage_id":"","pthumb":"","color":""},{"label":"44 2\/3","value":"EU 44 2\/3","price":"","pimage":"","pimage_id":"","pthumb":"","color":""},{"label":"45 1\/3","value":"EU 45 1\/3","price":"","pimage":"","pimage_id":"","pthumb":"","color":""},{"label":"46","value":"EU 46","price":"","pimage":"","pimage_id":"","pthumb":"","color":""},{"label":"46 2\/3","value":"EU 46 2\/3","price":"","pimage":"","pimage_id":"","pthumb":"","color":""},{"label":"47 1\/3","value":"EU 47 1\/3","price":"","pimage":"","pimage_id":"","pthumb":"","color":""}],"relations":[{"operator":false,"rules":[]}],"form_id":24802,"form_rules":{"pric_cal_option_once":false,"exclude_from_discount":false,"pric_use_as_fee":false,"fee_label":"Fee","render_after_acb":false,"disp_hide_options_price":false}}]},"yoast_head":"<!-- This site is optimized with the Yoast SEO plugin v26.5 - https:\/\/yoast.com\/wordpress\/plugins\/seo\/ -->\n<title>Adidas Wmns Zoysia Spikeless Golf &#039;Dash Grey White Powder Coral&#039; - Loftrunway<\/title>\n<meta name=\"robots\" content=\"index, follow, max-snippet:-1, max-image-preview:large, max-video-preview:-1\" \/>\n<link rel=\"canonical\" href=\"https:\/\/loftrunway.com\/de\/products\/adidas-wmns-zoysia-spikeless-golf-dash-grey-white-powder-coral\/\" \/>\n<meta property=\"og:locale\" content=\"de_DE\" \/>\n<meta property=\"og:type\" content=\"article\" \/>\n<meta property=\"og:title\" content=\"Adidas Wmns Zoysia Spikeless Golf &#039;Dash Grey White Powder Coral&#039; - Loftrunway\" \/>\n<meta property=\"og:description\" content=\"adidas Zoysia Sandals \u2014 Dash Grey\/Crystal White\/Powder Coral\" \/>\n<meta property=\"og:url\" content=\"https:\/\/loftrunway.com\/de\/products\/adidas-wmns-zoysia-spikeless-golf-dash-grey-white-powder-coral\/\" \/>\n<meta property=\"og:site_name\" content=\"loftRUN Sneaker Store\" \/>\n<meta property=\"article:modified_time\" content=\"2026-04-02T07:26:13+00:00\" \/>\n<meta name=\"twitter:card\" content=\"summary_large_image\" \/>\n<meta name=\"twitter:image\" content=\"https:\/\/images.novelship.com\/product\/_w__zoysia_sandals_ih2243_0_73370.jpeg\" \/>\n<meta name=\"twitter:label1\" content=\"Gesch\u00e4tzte Lesezeit\" \/>\n\t<meta name=\"twitter:data1\" content=\"1\u00a0Minute\" \/>\n<script type=\"application\/ld+json\" class=\"yoast-schema-graph\">{\"@context\":\"https:\/\/schema.org\",\"@graph\":[{\"@type\":\"WebPage\",\"@id\":\"https:\/\/loftrunway.com\/de\/products\/adidas-wmns-zoysia-spikeless-golf-dash-grey-white-powder-coral\/\",\"url\":\"https:\/\/loftrunway.com\/de\/products\/adidas-wmns-zoysia-spikeless-golf-dash-grey-white-powder-coral\/\",\"name\":\"Adidas Wmns Zoysia Spikeless Golf 'Dash Grey White Powder Coral' - Loftrunway\",\"isPartOf\":{\"@id\":\"https:\/\/loftrunway.com\/de\/#website\"},\"primaryImageOfPage\":{\"@id\":\"https:\/\/loftrunway.com\/de\/products\/adidas-wmns-zoysia-spikeless-golf-dash-grey-white-powder-coral\/#primaryimage\"},\"image\":{\"@id\":\"https:\/\/loftrunway.com\/de\/products\/adidas-wmns-zoysia-spikeless-golf-dash-grey-white-powder-coral\/#primaryimage\"},\"thumbnailUrl\":\"https:\/\/images.novelship.com\/product\/_w__zoysia_sandals_ih2243_0_73370.jpeg\",\"datePublished\":\"2026-02-25T11:14:41+00:00\",\"dateModified\":\"2026-04-02T07:26:13+00:00\",\"breadcrumb\":{\"@id\":\"https:\/\/loftrunway.com\/de\/products\/adidas-wmns-zoysia-spikeless-golf-dash-grey-white-powder-coral\/#breadcrumb\"},\"inLanguage\":\"de\",\"potentialAction\":[{\"@type\":\"ReadAction\",\"target\":[\"https:\/\/loftrunway.com\/de\/products\/adidas-wmns-zoysia-spikeless-golf-dash-grey-white-powder-coral\/\"]}]},{\"@type\":\"ImageObject\",\"inLanguage\":\"de\",\"@id\":\"https:\/\/loftrunway.com\/de\/products\/adidas-wmns-zoysia-spikeless-golf-dash-grey-white-powder-coral\/#primaryimage\",\"url\":\"https:\/\/images.novelship.com\/product\/_w__zoysia_sandals_ih2243_0_73370.jpeg\",\"contentUrl\":\"https:\/\/images.novelship.com\/product\/_w__zoysia_sandals_ih2243_0_73370.jpeg\"},{\"@type\":\"BreadcrumbList\",\"@id\":\"https:\/\/loftrunway.com\/de\/products\/adidas-wmns-zoysia-spikeless-golf-dash-grey-white-powder-coral\/#breadcrumb\",\"itemListElement\":[{\"@type\":\"ListItem\",\"position\":1,\"name\":\"Home\",\"item\":\"https:\/\/loftrunway.com\/de\/\"},{\"@type\":\"ListItem\",\"position\":2,\"name\":\"Shop\",\"item\":\"https:\/\/loftrunway.com\/de\/shop\/\"},{\"@type\":\"ListItem\",\"position\":3,\"name\":\"Adidas Wmns Zoysia Spikeless Golf &#8218;Dash Grey White Powder Coral&#8216;\"}]},{\"@type\":\"WebSite\",\"@id\":\"https:\/\/loftrunway.com\/de\/#website\",\"url\":\"https:\/\/loftrunway.com\/de\/\",\"name\":\"Styloral Jewelry Shop\",\"description\":\"Der Ort, an dem man alle Arten von Sneakern findet\",\"publisher\":{\"@id\":\"https:\/\/loftrunway.com\/de\/#organization\"},\"potentialAction\":[{\"@type\":\"SearchAction\",\"target\":{\"@type\":\"EntryPoint\",\"urlTemplate\":\"https:\/\/loftrunway.com\/de\/?s={search_term_string}\"},\"query-input\":{\"@type\":\"PropertyValueSpecification\",\"valueRequired\":true,\"valueName\":\"search_term_string\"}}],\"inLanguage\":\"de\"},{\"@type\":\"Organization\",\"@id\":\"https:\/\/loftrunway.com\/de\/#organization\",\"name\":\"STYLORAL PTE. LTD\",\"url\":\"https:\/\/loftrunway.com\/de\/\",\"logo\":{\"@type\":\"ImageObject\",\"inLanguage\":\"de\",\"@id\":\"https:\/\/loftrunway.com\/de\/#\/schema\/logo\/image\/\",\"url\":\"https:\/\/www.loftrunway.com\/wp-content\/uploads\/2025\/12\/logo.png\",\"contentUrl\":\"https:\/\/www.loftrunway.com\/wp-content\/uploads\/2025\/12\/logo.png\",\"width\":200,\"height\":65,\"caption\":\"STYLORAL PTE. LTD\"},\"image\":{\"@id\":\"https:\/\/loftrunway.com\/de\/#\/schema\/logo\/image\/\"}}]}<\/script>\n<!-- \/ Yoast SEO plugin. -->","yoast_head_json":{"title":"Adidas Wmns Zoysia Spikeless Golf 'Dash Grey White Powder Coral' - Loftrunway","robots":{"index":"index","follow":"follow","max-snippet":"max-snippet:-1","max-image-preview":"max-image-preview:large","max-video-preview":"max-video-preview:-1"},"canonical":"https:\/\/loftrunway.com\/de\/products\/adidas-wmns-zoysia-spikeless-golf-dash-grey-white-powder-coral\/","og_locale":"de_DE","og_type":"article","og_title":"Adidas Wmns Zoysia Spikeless Golf 'Dash Grey White Powder Coral' - Loftrunway","og_description":"adidas Zoysia Sandals \u2014 Dash Grey\/Crystal White\/Powder Coral","og_url":"https:\/\/loftrunway.com\/de\/products\/adidas-wmns-zoysia-spikeless-golf-dash-grey-white-powder-coral\/","og_site_name":"loftRUN Sneaker Store","article_modified_time":"2026-04-02T07:26:13+00:00","twitter_card":"summary_large_image","twitter_image":"https:\/\/images.novelship.com\/product\/_w__zoysia_sandals_ih2243_0_73370.jpeg","twitter_misc":{"Gesch\u00e4tzte Lesezeit":"1\u00a0Minute"},"schema":{"@context":"https:\/\/schema.org","@graph":[{"@type":"WebPage","@id":"https:\/\/loftrunway.com\/de\/products\/adidas-wmns-zoysia-spikeless-golf-dash-grey-white-powder-coral\/","url":"https:\/\/loftrunway.com\/de\/products\/adidas-wmns-zoysia-spikeless-golf-dash-grey-white-powder-coral\/","name":"Adidas Wmns Zoysia Spikeless Golf 'Dash Grey White Powder Coral' - Loftrunway","isPartOf":{"@id":"https:\/\/loftrunway.com\/de\/#website"},"primaryImageOfPage":{"@id":"https:\/\/loftrunway.com\/de\/products\/adidas-wmns-zoysia-spikeless-golf-dash-grey-white-powder-coral\/#primaryimage"},"image":{"@id":"https:\/\/loftrunway.com\/de\/products\/adidas-wmns-zoysia-spikeless-golf-dash-grey-white-powder-coral\/#primaryimage"},"thumbnailUrl":"https:\/\/images.novelship.com\/product\/_w__zoysia_sandals_ih2243_0_73370.jpeg","datePublished":"2026-02-25T11:14:41+00:00","dateModified":"2026-04-02T07:26:13+00:00","breadcrumb":{"@id":"https:\/\/loftrunway.com\/de\/products\/adidas-wmns-zoysia-spikeless-golf-dash-grey-white-powder-coral\/#breadcrumb"},"inLanguage":"de","potentialAction":[{"@type":"ReadAction","target":["https:\/\/loftrunway.com\/de\/products\/adidas-wmns-zoysia-spikeless-golf-dash-grey-white-powder-coral\/"]}]},{"@type":"ImageObject","inLanguage":"de","@id":"https:\/\/loftrunway.com\/de\/products\/adidas-wmns-zoysia-spikeless-golf-dash-grey-white-powder-coral\/#primaryimage","url":"https:\/\/images.novelship.com\/product\/_w__zoysia_sandals_ih2243_0_73370.jpeg","contentUrl":"https:\/\/images.novelship.com\/product\/_w__zoysia_sandals_ih2243_0_73370.jpeg"},{"@type":"BreadcrumbList","@id":"https:\/\/loftrunway.com\/de\/products\/adidas-wmns-zoysia-spikeless-golf-dash-grey-white-powder-coral\/#breadcrumb","itemListElement":[{"@type":"ListItem","position":1,"name":"Home","item":"https:\/\/loftrunway.com\/de\/"},{"@type":"ListItem","position":2,"name":"Shop","item":"https:\/\/loftrunway.com\/de\/shop\/"},{"@type":"ListItem","position":3,"name":"Adidas Wmns Zoysia Spikeless Golf &#8218;Dash Grey White Powder Coral&#8216;"}]},{"@type":"WebSite","@id":"https:\/\/loftrunway.com\/de\/#website","url":"https:\/\/loftrunway.com\/de\/","name":"Styloral Jewelry Shop","description":"Der Ort, an dem man alle Arten von Sneakern findet","publisher":{"@id":"https:\/\/loftrunway.com\/de\/#organization"},"potentialAction":[{"@type":"SearchAction","target":{"@type":"EntryPoint","urlTemplate":"https:\/\/loftrunway.com\/de\/?s={search_term_string}"},"query-input":{"@type":"PropertyValueSpecification","valueRequired":true,"valueName":"search_term_string"}}],"inLanguage":"de"},{"@type":"Organization","@id":"https:\/\/loftrunway.com\/de\/#organization","name":"STYLORAL PTE. LTD","url":"https:\/\/loftrunway.com\/de\/","logo":{"@type":"ImageObject","inLanguage":"de","@id":"https:\/\/loftrunway.com\/de\/#\/schema\/logo\/image\/","url":"https:\/\/www.loftrunway.com\/wp-content\/uploads\/2025\/12\/logo.png","contentUrl":"https:\/\/www.loftrunway.com\/wp-content\/uploads\/2025\/12\/logo.png","width":200,"height":65,"caption":"STYLORAL PTE. LTD"},"image":{"@id":"https:\/\/loftrunway.com\/de\/#\/schema\/logo\/image\/"}}]}},"_links":{"self":[{"href":"https:\/\/loftrunway.com\/de\/wp-json\/wp\/v2\/product\/21719","targetHints":{"allow":["GET"]}}],"collection":[{"href":"https:\/\/loftrunway.com\/de\/wp-json\/wp\/v2\/product"}],"about":[{"href":"https:\/\/loftrunway.com\/de\/wp-json\/wp\/v2\/types\/product"}],"replies":[{"embeddable":true,"href":"https:\/\/loftrunway.com\/de\/wp-json\/wp\/v2\/comments?post=21719"}],"wp:featuredmedia":[{"embeddable":true,"href":"https:\/\/loftrunway.com\/de\/wp-json\/wp\/v2\/media\/21720"}],"wp:attachment":[{"href":"https:\/\/loftrunway.com\/de\/wp-json\/wp\/v2\/media?parent=21719"}],"wp:term":[{"taxonomy":"product_brand","embeddable":true,"href":"https:\/\/loftrunway.com\/de\/wp-json\/wp\/v2\/product_brand?post=21719"},{"taxonomy":"product_cat","embeddable":true,"href":"https:\/\/loftrunway.com\/de\/wp-json\/wp\/v2\/product_cat?post=21719"},{"taxonomy":"product_tag","embeddable":true,"href":"https:\/\/loftrunway.com\/de\/wp-json\/wp\/v2\/product_tag?post=21719"}],"curies":[{"name":"wp","href":"https:\/\/api.w.org\/{rel}","templated":true}]}}