{"id":21928,"date":"2026-02-25T18:18:25","date_gmt":"2026-02-25T11:18:25","guid":{"rendered":"http:\/\/loftrunway.com\/product\/new-balance-abzorb-2000-black-iridescent"},"modified":"2026-04-03T19:28:44","modified_gmt":"2026-04-03T12:28:44","slug":"new-balance-abzorb-2000-black-iridescent","status":"publish","type":"product","link":"https:\/\/loftrunway.com\/de\/products\/new-balance-abzorb-2000-black-iridescent\/","title":{"rendered":"New Balance ABZORB 2000 &#8218;Black Iridescent&#8216;"},"content":{"rendered":"<p>Erleben Sie Komfort und Stil pur mit dem New Balance Abzorb 2000 Black Iridescent U2000PPB, einem modernen, vom Laufsport inspirierten Sneaker, der f\u00fcr den ganzen Tag geeignet ist. Seine innovative ABZORB-D\u00e4mpfungstechnologie sorgt f\u00fcr hervorragende Sto\u00dfd\u00e4mpfung und bietet au\u00dfergew\u00f6hnlichen Halt und Komfort bei jeder Aktivit\u00e4t. Das elegante schwarze Obermaterial wird durch dezente, irisierende Details erg\u00e4nzt und verleiht Ihrer Schuhsammlung eine moderne und einzigartige Note. Gefertigt aus hochwertigen Materialien, ist dieser vielseitige Sneaker ebenso strapazierf\u00e4hig wie stylisch \u2013 perfekt f\u00fcr Freizeit und sportliche Aktivit\u00e4ten. Ob in der Stadt, im Fitnessstudio oder beim Einkaufen: Der New Balance Abzorb U2000 l\u00e4sst sich m\u00fchelos mit Ihrer Alltagsgarderobe kombinieren und bietet unvergleichlichen Tragekomfort. Definiere deinen Schuhstil neu mit diesem au\u00dfergew\u00f6hnlichen Sneaker, der f\u00fcr alle designt wurde, die Wert auf trendiges Design und optimale Performance legen.<\/p>\n<ul>\n<li><strong>Farbgebung:<\/strong> Schwarz\/Schillernd<\/li>\n<li><strong>Style-Code:<\/strong> U2000PPB<\/li>\n<li><strong>Obermaterial:<\/strong> Mesh<\/li>\n<li><strong>Farbe:<\/strong> Schwarz<\/li>\n<li><strong>Erscheinungsjahr:<\/strong> 2025<\/li>\n<\/ul>\n","protected":false},"excerpt":{"rendered":"<p>New Balance Abzorb 2000 \u2014 Black\/Iridescent<\/p>\n","protected":false},"featured_media":21929,"comment_status":"open","ping_status":"closed","template":"","meta":[],"product_brand":[],"product_cat":[9213],"product_tag":[],"class_list":{"0":"post-21928","1":"product","2":"type-product","3":"status-publish","4":"has-post-thumbnail","6":"product_cat-new-balance-2026","7":"wcpa_has_options","9":"first","10":"instock","11":"taxable","12":"shipping-taxable","13":"purchasable","14":"product-type-simple"},"wcpa_form_fields":{"rules":{"pric_overide_base_price":false,"pric_overide_base_price_if_gt_zero":false,"pric_overide_base_price_fully":false,"pric_cal_option_once":false,"pric_use_as_fee":false,"bind_quantity":false,"quantity_bind_formula":false},"fields":[{"type":"color-group","required":true,"elementId":"wcpa-color-group-66c4a928225d2","label":"Gr\u00f6\u00dfe","inline":true,"priceOptions":"different_for_all","pricingType":"fixed","className":"hassizechart product-shoes-size-eu product-shoes-size","name":"color-group-66c4a928225e2","disp_type":"square","selection_type":"tick-border","disp_size":"50","show_label_inside":true,"adjust_width":true,"cart_display_type":"text","other_text":"Other","cl_rule":"show","col":6,"values":[{"label":"35","value":"EU 35","price":"","pimage":"","pimage_id":"","pthumb":"","color":""},{"label":"36","value":"EU 36","price":"","pimage":"","pimage_id":"","pthumb":"","color":"","selected":true},{"label":"37","value":"EU 37","price":"","pimage":"","pimage_id":"","pthumb":"","color":""},{"label":"37.5","value":"EU 37.5","price":"","pimage":"","pimage_id":"","pthumb":"","color":""},{"label":"38","value":"EU 38","price":"","pimage":"","pimage_id":"","pthumb":"","color":""},{"label":"38.5","value":"EU 38.5","price":"","pimage":"","pimage_id":"","pthumb":"","color":""},{"label":"39","value":"EU 39","price":"","pimage":"","pimage_id":"","pthumb":"","color":""},{"label":"39.5","value":"EU 39.5","price":"","pimage":"","pimage_id":"","pthumb":"","color":""},{"label":"40","value":"EU 40","price":"","pimage":"","pimage_id":"","pthumb":"","color":""},{"label":"40.5","value":"EU 40.5","price":"","pimage":"","pimage_id":"","pthumb":"","color":""},{"label":" 41.5","value":"EU 41.5","price":"","pimage":"","pimage_id":"","pthumb":"","color":""},{"label":"42","value":"EU 42","price":"","pimage":"","pimage_id":"","pthumb":"","color":""},{"label":"42.5","value":"EU 42.5","price":"","pimage":"","pimage_id":"","pthumb":"","color":""},{"label":"43","value":"EU 43","price":"","pimage":"","pimage_id":"","pthumb":"","color":""},{"label":"44","value":"EU 44","price":"","pimage":"","pimage_id":"","pthumb":"","color":""},{"label":"44.5","value":"EU 44.5","price":"","pimage":"","pimage_id":"","pthumb":"","color":""},{"label":"45","value":"EU 45","price":"","pimage":"","pimage_id":"","pthumb":"","color":""},{"label":"45.5","value":"EU 45.5","price":"","pimage":"","pimage_id":"","pthumb":"","color":""},{"label":"46","value":"EU 46","price":"","pimage":"","pimage_id":"","pthumb":"","color":""}],"relations":[{"operator":false,"rules":[]}],"form_id":24803,"form_rules":{"pric_cal_option_once":false,"exclude_from_discount":false,"pric_use_as_fee":false,"fee_label":"Fee","render_after_acb":false,"disp_hide_options_price":false}}]},"yoast_head":"<!-- This site is optimized with the Yoast SEO plugin v26.5 - https:\/\/yoast.com\/wordpress\/plugins\/seo\/ -->\n<title>New Balance ABZORB 2000 &#039;Black Iridescent&#039; - Loftrunway<\/title>\n<meta name=\"robots\" content=\"index, follow, max-snippet:-1, max-image-preview:large, max-video-preview:-1\" \/>\n<link rel=\"canonical\" href=\"https:\/\/loftrunway.com\/de\/products\/new-balance-abzorb-2000-black-iridescent\/\" \/>\n<meta property=\"og:locale\" content=\"de_DE\" \/>\n<meta property=\"og:type\" content=\"article\" \/>\n<meta property=\"og:title\" content=\"New Balance ABZORB 2000 &#039;Black Iridescent&#039; - Loftrunway\" \/>\n<meta property=\"og:description\" content=\"New Balance Abzorb 2000 \u2014 Black\/Iridescent\" \/>\n<meta property=\"og:url\" content=\"https:\/\/loftrunway.com\/de\/products\/new-balance-abzorb-2000-black-iridescent\/\" \/>\n<meta property=\"og:site_name\" content=\"loftRUN Sneaker Store\" \/>\n<meta property=\"article:modified_time\" content=\"2026-04-03T12:28:44+00:00\" \/>\n<meta name=\"twitter:card\" content=\"summary_large_image\" \/>\n<meta name=\"twitter:image\" content=\"https:\/\/images.novelship.com\/product\/new_balance_abzorb_2000_black_iridescent_u2000ppb_0_75058.jpeg\" \/>\n<meta name=\"twitter:label1\" content=\"Gesch\u00e4tzte Lesezeit\" \/>\n\t<meta name=\"twitter:data1\" content=\"1\u00a0Minute\" \/>\n<script type=\"application\/ld+json\" class=\"yoast-schema-graph\">{\"@context\":\"https:\/\/schema.org\",\"@graph\":[{\"@type\":\"WebPage\",\"@id\":\"https:\/\/loftrunway.com\/de\/products\/new-balance-abzorb-2000-black-iridescent\/\",\"url\":\"https:\/\/loftrunway.com\/de\/products\/new-balance-abzorb-2000-black-iridescent\/\",\"name\":\"New Balance ABZORB 2000 'Black Iridescent' - Loftrunway\",\"isPartOf\":{\"@id\":\"https:\/\/loftrunway.com\/de\/#website\"},\"primaryImageOfPage\":{\"@id\":\"https:\/\/loftrunway.com\/de\/products\/new-balance-abzorb-2000-black-iridescent\/#primaryimage\"},\"image\":{\"@id\":\"https:\/\/loftrunway.com\/de\/products\/new-balance-abzorb-2000-black-iridescent\/#primaryimage\"},\"thumbnailUrl\":\"https:\/\/images.novelship.com\/product\/new_balance_abzorb_2000_black_iridescent_u2000ppb_0_75058.jpeg\",\"datePublished\":\"2026-02-25T11:18:25+00:00\",\"dateModified\":\"2026-04-03T12:28:44+00:00\",\"breadcrumb\":{\"@id\":\"https:\/\/loftrunway.com\/de\/products\/new-balance-abzorb-2000-black-iridescent\/#breadcrumb\"},\"inLanguage\":\"de\",\"potentialAction\":[{\"@type\":\"ReadAction\",\"target\":[\"https:\/\/loftrunway.com\/de\/products\/new-balance-abzorb-2000-black-iridescent\/\"]}]},{\"@type\":\"ImageObject\",\"inLanguage\":\"de\",\"@id\":\"https:\/\/loftrunway.com\/de\/products\/new-balance-abzorb-2000-black-iridescent\/#primaryimage\",\"url\":\"https:\/\/images.novelship.com\/product\/new_balance_abzorb_2000_black_iridescent_u2000ppb_0_75058.jpeg\",\"contentUrl\":\"https:\/\/images.novelship.com\/product\/new_balance_abzorb_2000_black_iridescent_u2000ppb_0_75058.jpeg\"},{\"@type\":\"BreadcrumbList\",\"@id\":\"https:\/\/loftrunway.com\/de\/products\/new-balance-abzorb-2000-black-iridescent\/#breadcrumb\",\"itemListElement\":[{\"@type\":\"ListItem\",\"position\":1,\"name\":\"Home\",\"item\":\"https:\/\/loftrunway.com\/de\/\"},{\"@type\":\"ListItem\",\"position\":2,\"name\":\"Shop\",\"item\":\"https:\/\/loftrunway.com\/de\/shop\/\"},{\"@type\":\"ListItem\",\"position\":3,\"name\":\"New Balance ABZORB 2000 &#8218;Black Iridescent&#8216;\"}]},{\"@type\":\"WebSite\",\"@id\":\"https:\/\/loftrunway.com\/de\/#website\",\"url\":\"https:\/\/loftrunway.com\/de\/\",\"name\":\"Styloral Jewelry Shop\",\"description\":\"Der Ort, an dem man alle Arten von Sneakern findet\",\"publisher\":{\"@id\":\"https:\/\/loftrunway.com\/de\/#organization\"},\"potentialAction\":[{\"@type\":\"SearchAction\",\"target\":{\"@type\":\"EntryPoint\",\"urlTemplate\":\"https:\/\/loftrunway.com\/de\/?s={search_term_string}\"},\"query-input\":{\"@type\":\"PropertyValueSpecification\",\"valueRequired\":true,\"valueName\":\"search_term_string\"}}],\"inLanguage\":\"de\"},{\"@type\":\"Organization\",\"@id\":\"https:\/\/loftrunway.com\/de\/#organization\",\"name\":\"STYLORAL PTE. LTD\",\"url\":\"https:\/\/loftrunway.com\/de\/\",\"logo\":{\"@type\":\"ImageObject\",\"inLanguage\":\"de\",\"@id\":\"https:\/\/loftrunway.com\/de\/#\/schema\/logo\/image\/\",\"url\":\"https:\/\/www.loftrunway.com\/wp-content\/uploads\/2025\/12\/logo.png\",\"contentUrl\":\"https:\/\/www.loftrunway.com\/wp-content\/uploads\/2025\/12\/logo.png\",\"width\":200,\"height\":65,\"caption\":\"STYLORAL PTE. LTD\"},\"image\":{\"@id\":\"https:\/\/loftrunway.com\/de\/#\/schema\/logo\/image\/\"}}]}<\/script>\n<!-- \/ Yoast SEO plugin. -->","yoast_head_json":{"title":"New Balance ABZORB 2000 'Black Iridescent' - Loftrunway","robots":{"index":"index","follow":"follow","max-snippet":"max-snippet:-1","max-image-preview":"max-image-preview:large","max-video-preview":"max-video-preview:-1"},"canonical":"https:\/\/loftrunway.com\/de\/products\/new-balance-abzorb-2000-black-iridescent\/","og_locale":"de_DE","og_type":"article","og_title":"New Balance ABZORB 2000 'Black Iridescent' - Loftrunway","og_description":"New Balance Abzorb 2000 \u2014 Black\/Iridescent","og_url":"https:\/\/loftrunway.com\/de\/products\/new-balance-abzorb-2000-black-iridescent\/","og_site_name":"loftRUN Sneaker Store","article_modified_time":"2026-04-03T12:28:44+00:00","twitter_card":"summary_large_image","twitter_image":"https:\/\/images.novelship.com\/product\/new_balance_abzorb_2000_black_iridescent_u2000ppb_0_75058.jpeg","twitter_misc":{"Gesch\u00e4tzte Lesezeit":"1\u00a0Minute"},"schema":{"@context":"https:\/\/schema.org","@graph":[{"@type":"WebPage","@id":"https:\/\/loftrunway.com\/de\/products\/new-balance-abzorb-2000-black-iridescent\/","url":"https:\/\/loftrunway.com\/de\/products\/new-balance-abzorb-2000-black-iridescent\/","name":"New Balance ABZORB 2000 'Black Iridescent' - Loftrunway","isPartOf":{"@id":"https:\/\/loftrunway.com\/de\/#website"},"primaryImageOfPage":{"@id":"https:\/\/loftrunway.com\/de\/products\/new-balance-abzorb-2000-black-iridescent\/#primaryimage"},"image":{"@id":"https:\/\/loftrunway.com\/de\/products\/new-balance-abzorb-2000-black-iridescent\/#primaryimage"},"thumbnailUrl":"https:\/\/images.novelship.com\/product\/new_balance_abzorb_2000_black_iridescent_u2000ppb_0_75058.jpeg","datePublished":"2026-02-25T11:18:25+00:00","dateModified":"2026-04-03T12:28:44+00:00","breadcrumb":{"@id":"https:\/\/loftrunway.com\/de\/products\/new-balance-abzorb-2000-black-iridescent\/#breadcrumb"},"inLanguage":"de","potentialAction":[{"@type":"ReadAction","target":["https:\/\/loftrunway.com\/de\/products\/new-balance-abzorb-2000-black-iridescent\/"]}]},{"@type":"ImageObject","inLanguage":"de","@id":"https:\/\/loftrunway.com\/de\/products\/new-balance-abzorb-2000-black-iridescent\/#primaryimage","url":"https:\/\/images.novelship.com\/product\/new_balance_abzorb_2000_black_iridescent_u2000ppb_0_75058.jpeg","contentUrl":"https:\/\/images.novelship.com\/product\/new_balance_abzorb_2000_black_iridescent_u2000ppb_0_75058.jpeg"},{"@type":"BreadcrumbList","@id":"https:\/\/loftrunway.com\/de\/products\/new-balance-abzorb-2000-black-iridescent\/#breadcrumb","itemListElement":[{"@type":"ListItem","position":1,"name":"Home","item":"https:\/\/loftrunway.com\/de\/"},{"@type":"ListItem","position":2,"name":"Shop","item":"https:\/\/loftrunway.com\/de\/shop\/"},{"@type":"ListItem","position":3,"name":"New Balance ABZORB 2000 &#8218;Black Iridescent&#8216;"}]},{"@type":"WebSite","@id":"https:\/\/loftrunway.com\/de\/#website","url":"https:\/\/loftrunway.com\/de\/","name":"Styloral Jewelry Shop","description":"Der Ort, an dem man alle Arten von Sneakern findet","publisher":{"@id":"https:\/\/loftrunway.com\/de\/#organization"},"potentialAction":[{"@type":"SearchAction","target":{"@type":"EntryPoint","urlTemplate":"https:\/\/loftrunway.com\/de\/?s={search_term_string}"},"query-input":{"@type":"PropertyValueSpecification","valueRequired":true,"valueName":"search_term_string"}}],"inLanguage":"de"},{"@type":"Organization","@id":"https:\/\/loftrunway.com\/de\/#organization","name":"STYLORAL PTE. LTD","url":"https:\/\/loftrunway.com\/de\/","logo":{"@type":"ImageObject","inLanguage":"de","@id":"https:\/\/loftrunway.com\/de\/#\/schema\/logo\/image\/","url":"https:\/\/www.loftrunway.com\/wp-content\/uploads\/2025\/12\/logo.png","contentUrl":"https:\/\/www.loftrunway.com\/wp-content\/uploads\/2025\/12\/logo.png","width":200,"height":65,"caption":"STYLORAL PTE. LTD"},"image":{"@id":"https:\/\/loftrunway.com\/de\/#\/schema\/logo\/image\/"}}]}},"_links":{"self":[{"href":"https:\/\/loftrunway.com\/de\/wp-json\/wp\/v2\/product\/21928","targetHints":{"allow":["GET"]}}],"collection":[{"href":"https:\/\/loftrunway.com\/de\/wp-json\/wp\/v2\/product"}],"about":[{"href":"https:\/\/loftrunway.com\/de\/wp-json\/wp\/v2\/types\/product"}],"replies":[{"embeddable":true,"href":"https:\/\/loftrunway.com\/de\/wp-json\/wp\/v2\/comments?post=21928"}],"wp:featuredmedia":[{"embeddable":true,"href":"https:\/\/loftrunway.com\/de\/wp-json\/wp\/v2\/media\/21929"}],"wp:attachment":[{"href":"https:\/\/loftrunway.com\/de\/wp-json\/wp\/v2\/media?parent=21928"}],"wp:term":[{"taxonomy":"product_brand","embeddable":true,"href":"https:\/\/loftrunway.com\/de\/wp-json\/wp\/v2\/product_brand?post=21928"},{"taxonomy":"product_cat","embeddable":true,"href":"https:\/\/loftrunway.com\/de\/wp-json\/wp\/v2\/product_cat?post=21928"},{"taxonomy":"product_tag","embeddable":true,"href":"https:\/\/loftrunway.com\/de\/wp-json\/wp\/v2\/product_tag?post=21928"}],"curies":[{"name":"wp","href":"https:\/\/api.w.org\/{rel}","templated":true}]}}