{"id":22943,"date":"2026-02-25T18:45:36","date_gmt":"2026-02-25T11:45:36","guid":{"rendered":"http:\/\/loftrunway.com\/product\/new-balance-infinion-1080v15-white-truffle-salt-grey-matter"},"modified":"2026-04-02T14:27:31","modified_gmt":"2026-04-02T07:27:31","slug":"new-balance-infinion-1080v15-white-truffle-salt-grey-matter","status":"publish","type":"product","link":"https:\/\/loftrunway.com\/de\/products\/new-balance-infinion-1080v15-white-truffle-salt-grey-matter\/","title":{"rendered":"New Balance Infinion 1080v15 &#8218;White Truffle Salt Grey Matter&#8216;"},"content":{"rendered":"<p>Erleben Sie unvergleichlichen Komfort und Spitzenleistung mit dem New Balance Infinion 1080v15, der f\u00fcr ultimative D\u00e4mpfung und Unterst\u00fctzung entwickelt wurde. Dieser elegante Schuh wurde f\u00fcr ein optimiertes Lauferlebnis konzipiert und verf\u00fcgt \u00fcber eine fortschrittliche Fresh Foam X-Mittelsohle, die bei jedem Schritt erstklassigen Komfort bietet. Das leichte, speziell entwickelte Mesh-Obermaterial sorgt f\u00fcr Atmungsaktivit\u00e4t und sicheren Halt, ohne Kompromisse beim Stil einzugehen.<\/p>\n<p>Die Farbkombination White Truffle Salt Grey Matter verleiht dem Schuh eine moderne und vielseitige Note und passt perfekt zu sportlicher und l\u00e4ssiger Kleidung. Dieser Schuh ist ideal f\u00fcr ambitionierte L\u00e4ufer und Fitnessbegeisterte und passt sich verschiedenen Untergr\u00fcnden an, ohne dabei an Strapazierf\u00e4higkeit einzub\u00fc\u00dfen. Das stromlinienf\u00f6rmige Design und die reaktionsschnelle Technologie machen den Infinion 1080v15 zur perfekten Wahl f\u00fcr Langstreckenl\u00e4ufe, t\u00e4gliches Training oder einfach, um Ihren Sneaker-Style aufzuwerten.<\/p>\n<p>Genie\u00dfen Sie ein \u00fcberragendes Laufgef\u00fchl mit der konturierten, ultraweichen Innensohle und der pr\u00e4zisionsgefertigten Au\u00dfensohle f\u00fcr optimale Traktion und Flexibilit\u00e4t. Ob Profisportler oder Gelegenheitsjogger \u2013 der New Balance Infinion 1080v15 ist dein zuverl\u00e4ssiger Partner auf dem Weg zu H\u00f6chstleistungen. Erlebe ein neues Laufgef\u00fchl mit dieser perfekten Kombination aus Innovation, Style und Premium-Qualit\u00e4t \u2013 deine F\u00fc\u00dfe werden es dir danken.<\/p>\n<ul>\n<li><strong>Farbgebung:<\/strong> NB 103 Wei\u00df\/Tr\u00fcffelsalz\/Grau\n<\/li>\n<li><strong>Artikelnummer:<\/strong> M10807E3\n<\/li>\n<li><strong>Farbe:<\/strong> Wei\u00df\n<\/li>\n<li><strong>Erscheinungsjahr:<\/strong> 2026\n<\/ul>\n","protected":false},"excerpt":{"rendered":"<p>New Balance 1080v15 \u2014 NB 103 White\/Truffle Salt\/Grey Matter<\/p>\n","protected":false},"featured_media":22944,"comment_status":"open","ping_status":"closed","template":"","meta":[],"product_brand":[],"product_cat":[9213,41273],"product_tag":[],"class_list":{"0":"post-22943","1":"product","2":"type-product","3":"status-publish","4":"has-post-thumbnail","6":"product_cat-new-balance-2026","7":"product_cat-remove","8":"wcpa_has_options","10":"first","11":"instock","12":"taxable","13":"shipping-taxable","14":"purchasable","15":"product-type-simple"},"wcpa_form_fields":{"rules":{"pric_overide_base_price":false,"pric_overide_base_price_if_gt_zero":false,"pric_overide_base_price_fully":false,"pric_cal_option_once":false,"pric_use_as_fee":false,"bind_quantity":false,"quantity_bind_formula":false},"fields":[{"type":"color-group","required":true,"elementId":"wcpa-color-group-66c4a928225d2","label":"Gr\u00f6\u00dfe","inline":true,"priceOptions":"different_for_all","pricingType":"fixed","className":"hassizechart product-shoes-size-eu product-shoes-size","name":"color-group-66c4a928225e2","disp_type":"square","selection_type":"tick-border","disp_size":"50","show_label_inside":true,"adjust_width":true,"cart_display_type":"text","other_text":"Other","cl_rule":"show","col":6,"values":[{"label":"35","value":"EU 35","price":"","pimage":"","pimage_id":"","pthumb":"","color":""},{"label":"36","value":"EU 36","price":"","pimage":"","pimage_id":"","pthumb":"","color":"","selected":true},{"label":"37","value":"EU 37","price":"","pimage":"","pimage_id":"","pthumb":"","color":""},{"label":"37.5","value":"EU 37.5","price":"","pimage":"","pimage_id":"","pthumb":"","color":""},{"label":"38","value":"EU 38","price":"","pimage":"","pimage_id":"","pthumb":"","color":""},{"label":"38.5","value":"EU 38.5","price":"","pimage":"","pimage_id":"","pthumb":"","color":""},{"label":"39","value":"EU 39","price":"","pimage":"","pimage_id":"","pthumb":"","color":""},{"label":"39.5","value":"EU 39.5","price":"","pimage":"","pimage_id":"","pthumb":"","color":""},{"label":"40","value":"EU 40","price":"","pimage":"","pimage_id":"","pthumb":"","color":""},{"label":"40.5","value":"EU 40.5","price":"","pimage":"","pimage_id":"","pthumb":"","color":""},{"label":" 41.5","value":"EU 41.5","price":"","pimage":"","pimage_id":"","pthumb":"","color":""},{"label":"42","value":"EU 42","price":"","pimage":"","pimage_id":"","pthumb":"","color":""},{"label":"42.5","value":"EU 42.5","price":"","pimage":"","pimage_id":"","pthumb":"","color":""},{"label":"43","value":"EU 43","price":"","pimage":"","pimage_id":"","pthumb":"","color":""},{"label":"44","value":"EU 44","price":"","pimage":"","pimage_id":"","pthumb":"","color":""},{"label":"44.5","value":"EU 44.5","price":"","pimage":"","pimage_id":"","pthumb":"","color":""},{"label":"45","value":"EU 45","price":"","pimage":"","pimage_id":"","pthumb":"","color":""},{"label":"45.5","value":"EU 45.5","price":"","pimage":"","pimage_id":"","pthumb":"","color":""},{"label":"46","value":"EU 46","price":"","pimage":"","pimage_id":"","pthumb":"","color":""}],"relations":[{"operator":false,"rules":[]}],"form_id":24803,"form_rules":{"pric_cal_option_once":false,"exclude_from_discount":false,"pric_use_as_fee":false,"fee_label":"Fee","render_after_acb":false,"disp_hide_options_price":false}}]},"yoast_head":"<!-- This site is optimized with the Yoast SEO plugin v26.5 - https:\/\/yoast.com\/wordpress\/plugins\/seo\/ -->\n<title>New Balance Infinion 1080v15 &#039;White Truffle Salt Grey Matter&#039; - Loftrunway<\/title>\n<meta name=\"robots\" content=\"index, follow, max-snippet:-1, max-image-preview:large, max-video-preview:-1\" \/>\n<link rel=\"canonical\" href=\"https:\/\/loftrunway.com\/de\/products\/new-balance-infinion-1080v15-white-truffle-salt-grey-matter\/\" \/>\n<meta property=\"og:locale\" content=\"de_DE\" \/>\n<meta property=\"og:type\" content=\"article\" \/>\n<meta property=\"og:title\" content=\"New Balance Infinion 1080v15 &#039;White Truffle Salt Grey Matter&#039; - Loftrunway\" \/>\n<meta property=\"og:description\" content=\"New Balance 1080v15 \u2014 NB 103 White\/Truffle Salt\/Grey Matter\" \/>\n<meta property=\"og:url\" content=\"https:\/\/loftrunway.com\/de\/products\/new-balance-infinion-1080v15-white-truffle-salt-grey-matter\/\" \/>\n<meta property=\"og:site_name\" content=\"loftRUN Sneaker Store\" \/>\n<meta property=\"article:modified_time\" content=\"2026-04-02T07:27:31+00:00\" \/>\n<meta name=\"twitter:card\" content=\"summary_large_image\" \/>\n<meta name=\"twitter:image\" content=\"https:\/\/images.novelship.com\/product\/new_balance_infinion_1080v15_white_truffle_salt_gr_0_43769.jpeg\" \/>\n<meta name=\"twitter:label1\" content=\"Gesch\u00e4tzte Lesezeit\" \/>\n\t<meta name=\"twitter:data1\" content=\"1\u00a0Minute\" \/>\n<script type=\"application\/ld+json\" class=\"yoast-schema-graph\">{\"@context\":\"https:\/\/schema.org\",\"@graph\":[{\"@type\":\"WebPage\",\"@id\":\"https:\/\/loftrunway.com\/de\/products\/new-balance-infinion-1080v15-white-truffle-salt-grey-matter\/\",\"url\":\"https:\/\/loftrunway.com\/de\/products\/new-balance-infinion-1080v15-white-truffle-salt-grey-matter\/\",\"name\":\"New Balance Infinion 1080v15 'White Truffle Salt Grey Matter' - Loftrunway\",\"isPartOf\":{\"@id\":\"https:\/\/loftrunway.com\/de\/#website\"},\"primaryImageOfPage\":{\"@id\":\"https:\/\/loftrunway.com\/de\/products\/new-balance-infinion-1080v15-white-truffle-salt-grey-matter\/#primaryimage\"},\"image\":{\"@id\":\"https:\/\/loftrunway.com\/de\/products\/new-balance-infinion-1080v15-white-truffle-salt-grey-matter\/#primaryimage\"},\"thumbnailUrl\":\"https:\/\/images.novelship.com\/product\/new_balance_infinion_1080v15_white_truffle_salt_gr_0_43769.jpeg\",\"datePublished\":\"2026-02-25T11:45:36+00:00\",\"dateModified\":\"2026-04-02T07:27:31+00:00\",\"breadcrumb\":{\"@id\":\"https:\/\/loftrunway.com\/de\/products\/new-balance-infinion-1080v15-white-truffle-salt-grey-matter\/#breadcrumb\"},\"inLanguage\":\"de\",\"potentialAction\":[{\"@type\":\"ReadAction\",\"target\":[\"https:\/\/loftrunway.com\/de\/products\/new-balance-infinion-1080v15-white-truffle-salt-grey-matter\/\"]}]},{\"@type\":\"ImageObject\",\"inLanguage\":\"de\",\"@id\":\"https:\/\/loftrunway.com\/de\/products\/new-balance-infinion-1080v15-white-truffle-salt-grey-matter\/#primaryimage\",\"url\":\"https:\/\/images.novelship.com\/product\/new_balance_infinion_1080v15_white_truffle_salt_gr_0_43769.jpeg\",\"contentUrl\":\"https:\/\/images.novelship.com\/product\/new_balance_infinion_1080v15_white_truffle_salt_gr_0_43769.jpeg\"},{\"@type\":\"BreadcrumbList\",\"@id\":\"https:\/\/loftrunway.com\/de\/products\/new-balance-infinion-1080v15-white-truffle-salt-grey-matter\/#breadcrumb\",\"itemListElement\":[{\"@type\":\"ListItem\",\"position\":1,\"name\":\"Home\",\"item\":\"https:\/\/loftrunway.com\/de\/\"},{\"@type\":\"ListItem\",\"position\":2,\"name\":\"Shop\",\"item\":\"https:\/\/loftrunway.com\/de\/shop\/\"},{\"@type\":\"ListItem\",\"position\":3,\"name\":\"New Balance Infinion 1080v15 &#8218;White Truffle Salt Grey Matter&#8216;\"}]},{\"@type\":\"WebSite\",\"@id\":\"https:\/\/loftrunway.com\/de\/#website\",\"url\":\"https:\/\/loftrunway.com\/de\/\",\"name\":\"Styloral Jewelry Shop\",\"description\":\"Der Ort, an dem man alle Arten von Sneakern findet\",\"publisher\":{\"@id\":\"https:\/\/loftrunway.com\/de\/#organization\"},\"potentialAction\":[{\"@type\":\"SearchAction\",\"target\":{\"@type\":\"EntryPoint\",\"urlTemplate\":\"https:\/\/loftrunway.com\/de\/?s={search_term_string}\"},\"query-input\":{\"@type\":\"PropertyValueSpecification\",\"valueRequired\":true,\"valueName\":\"search_term_string\"}}],\"inLanguage\":\"de\"},{\"@type\":\"Organization\",\"@id\":\"https:\/\/loftrunway.com\/de\/#organization\",\"name\":\"STYLORAL PTE. LTD\",\"url\":\"https:\/\/loftrunway.com\/de\/\",\"logo\":{\"@type\":\"ImageObject\",\"inLanguage\":\"de\",\"@id\":\"https:\/\/loftrunway.com\/de\/#\/schema\/logo\/image\/\",\"url\":\"https:\/\/www.loftrunway.com\/wp-content\/uploads\/2025\/12\/logo.png\",\"contentUrl\":\"https:\/\/www.loftrunway.com\/wp-content\/uploads\/2025\/12\/logo.png\",\"width\":200,\"height\":65,\"caption\":\"STYLORAL PTE. LTD\"},\"image\":{\"@id\":\"https:\/\/loftrunway.com\/de\/#\/schema\/logo\/image\/\"}}]}<\/script>\n<!-- \/ Yoast SEO plugin. -->","yoast_head_json":{"title":"New Balance Infinion 1080v15 'White Truffle Salt Grey Matter' - Loftrunway","robots":{"index":"index","follow":"follow","max-snippet":"max-snippet:-1","max-image-preview":"max-image-preview:large","max-video-preview":"max-video-preview:-1"},"canonical":"https:\/\/loftrunway.com\/de\/products\/new-balance-infinion-1080v15-white-truffle-salt-grey-matter\/","og_locale":"de_DE","og_type":"article","og_title":"New Balance Infinion 1080v15 'White Truffle Salt Grey Matter' - Loftrunway","og_description":"New Balance 1080v15 \u2014 NB 103 White\/Truffle Salt\/Grey Matter","og_url":"https:\/\/loftrunway.com\/de\/products\/new-balance-infinion-1080v15-white-truffle-salt-grey-matter\/","og_site_name":"loftRUN Sneaker Store","article_modified_time":"2026-04-02T07:27:31+00:00","twitter_card":"summary_large_image","twitter_image":"https:\/\/images.novelship.com\/product\/new_balance_infinion_1080v15_white_truffle_salt_gr_0_43769.jpeg","twitter_misc":{"Gesch\u00e4tzte Lesezeit":"1\u00a0Minute"},"schema":{"@context":"https:\/\/schema.org","@graph":[{"@type":"WebPage","@id":"https:\/\/loftrunway.com\/de\/products\/new-balance-infinion-1080v15-white-truffle-salt-grey-matter\/","url":"https:\/\/loftrunway.com\/de\/products\/new-balance-infinion-1080v15-white-truffle-salt-grey-matter\/","name":"New Balance Infinion 1080v15 'White Truffle Salt Grey Matter' - Loftrunway","isPartOf":{"@id":"https:\/\/loftrunway.com\/de\/#website"},"primaryImageOfPage":{"@id":"https:\/\/loftrunway.com\/de\/products\/new-balance-infinion-1080v15-white-truffle-salt-grey-matter\/#primaryimage"},"image":{"@id":"https:\/\/loftrunway.com\/de\/products\/new-balance-infinion-1080v15-white-truffle-salt-grey-matter\/#primaryimage"},"thumbnailUrl":"https:\/\/images.novelship.com\/product\/new_balance_infinion_1080v15_white_truffle_salt_gr_0_43769.jpeg","datePublished":"2026-02-25T11:45:36+00:00","dateModified":"2026-04-02T07:27:31+00:00","breadcrumb":{"@id":"https:\/\/loftrunway.com\/de\/products\/new-balance-infinion-1080v15-white-truffle-salt-grey-matter\/#breadcrumb"},"inLanguage":"de","potentialAction":[{"@type":"ReadAction","target":["https:\/\/loftrunway.com\/de\/products\/new-balance-infinion-1080v15-white-truffle-salt-grey-matter\/"]}]},{"@type":"ImageObject","inLanguage":"de","@id":"https:\/\/loftrunway.com\/de\/products\/new-balance-infinion-1080v15-white-truffle-salt-grey-matter\/#primaryimage","url":"https:\/\/images.novelship.com\/product\/new_balance_infinion_1080v15_white_truffle_salt_gr_0_43769.jpeg","contentUrl":"https:\/\/images.novelship.com\/product\/new_balance_infinion_1080v15_white_truffle_salt_gr_0_43769.jpeg"},{"@type":"BreadcrumbList","@id":"https:\/\/loftrunway.com\/de\/products\/new-balance-infinion-1080v15-white-truffle-salt-grey-matter\/#breadcrumb","itemListElement":[{"@type":"ListItem","position":1,"name":"Home","item":"https:\/\/loftrunway.com\/de\/"},{"@type":"ListItem","position":2,"name":"Shop","item":"https:\/\/loftrunway.com\/de\/shop\/"},{"@type":"ListItem","position":3,"name":"New Balance Infinion 1080v15 &#8218;White Truffle Salt Grey Matter&#8216;"}]},{"@type":"WebSite","@id":"https:\/\/loftrunway.com\/de\/#website","url":"https:\/\/loftrunway.com\/de\/","name":"Styloral Jewelry Shop","description":"Der Ort, an dem man alle Arten von Sneakern findet","publisher":{"@id":"https:\/\/loftrunway.com\/de\/#organization"},"potentialAction":[{"@type":"SearchAction","target":{"@type":"EntryPoint","urlTemplate":"https:\/\/loftrunway.com\/de\/?s={search_term_string}"},"query-input":{"@type":"PropertyValueSpecification","valueRequired":true,"valueName":"search_term_string"}}],"inLanguage":"de"},{"@type":"Organization","@id":"https:\/\/loftrunway.com\/de\/#organization","name":"STYLORAL PTE. LTD","url":"https:\/\/loftrunway.com\/de\/","logo":{"@type":"ImageObject","inLanguage":"de","@id":"https:\/\/loftrunway.com\/de\/#\/schema\/logo\/image\/","url":"https:\/\/www.loftrunway.com\/wp-content\/uploads\/2025\/12\/logo.png","contentUrl":"https:\/\/www.loftrunway.com\/wp-content\/uploads\/2025\/12\/logo.png","width":200,"height":65,"caption":"STYLORAL PTE. LTD"},"image":{"@id":"https:\/\/loftrunway.com\/de\/#\/schema\/logo\/image\/"}}]}},"_links":{"self":[{"href":"https:\/\/loftrunway.com\/de\/wp-json\/wp\/v2\/product\/22943","targetHints":{"allow":["GET"]}}],"collection":[{"href":"https:\/\/loftrunway.com\/de\/wp-json\/wp\/v2\/product"}],"about":[{"href":"https:\/\/loftrunway.com\/de\/wp-json\/wp\/v2\/types\/product"}],"replies":[{"embeddable":true,"href":"https:\/\/loftrunway.com\/de\/wp-json\/wp\/v2\/comments?post=22943"}],"wp:featuredmedia":[{"embeddable":true,"href":"https:\/\/loftrunway.com\/de\/wp-json\/wp\/v2\/media\/22944"}],"wp:attachment":[{"href":"https:\/\/loftrunway.com\/de\/wp-json\/wp\/v2\/media?parent=22943"}],"wp:term":[{"taxonomy":"product_brand","embeddable":true,"href":"https:\/\/loftrunway.com\/de\/wp-json\/wp\/v2\/product_brand?post=22943"},{"taxonomy":"product_cat","embeddable":true,"href":"https:\/\/loftrunway.com\/de\/wp-json\/wp\/v2\/product_cat?post=22943"},{"taxonomy":"product_tag","embeddable":true,"href":"https:\/\/loftrunway.com\/de\/wp-json\/wp\/v2\/product_tag?post=22943"}],"curies":[{"name":"wp","href":"https:\/\/api.w.org\/{rel}","templated":true}]}}