{"id":23023,"date":"2026-02-25T18:49:01","date_gmt":"2026-02-25T11:49:01","guid":{"rendered":"http:\/\/loftrunway.com\/product\/adidas-y-3-nizza-low-black-off-white"},"modified":"2026-04-02T14:27:36","modified_gmt":"2026-04-02T07:27:36","slug":"adidas-y-3-nizza-low-black-off-white","status":"publish","type":"product","link":"https:\/\/loftrunway.com\/de\/products\/adidas-y-3-nizza-low-black-off-white\/","title":{"rendered":"Adidas Y-3 Nizza Low &#8218;Black Off White&#8216;"},"content":{"rendered":"<p>Mit den Y-3 Yohji Court Low Top Sneakers IF2041 verleihst du deinem Streetwear-Style das gewisse Extra \u2013 eine perfekte Kombination aus Luxus, Minimalismus und Performance. Die von Yohji Yamamoto in Zusammenarbeit mit adidas entworfenen Sneaker bestechen durch ihre schlanke, flache Silhouette aus hochwertigem Leder und dezente Y-3-Logos f\u00fcr einen m\u00fchelos modernen Look. Das weiche, gepolsterte Innenfutter sorgt f\u00fcr ganzt\u00e4gigen Tragekomfort, w\u00e4hrend die strapazierf\u00e4hige Gummisohle optimale Traktion und Langlebigkeit garantiert. Ob zu l\u00e4ssiger Kleidung oder eleganten Outfits \u2013 der Y-3 Yohji Court ist eine vielseitige und stilvolle Erg\u00e4nzung f\u00fcr jede Garderobe.<\/p>\n<ul>\n<li><strong>Farbgebung:<\/strong> Schwarz\/Schwarz\/Cremewei\u00df<\/li>\n<li><strong>Artikelnummer:<\/strong> IF2041<\/li>\n<li><strong>Obermaterial:<\/strong> Canvas<\/li>\n<li><strong>Farbe:<\/strong> Schwarz<\/li>\n<li><strong>Designer:<\/strong> Yohji Yamamoto<\/li>\n<\/ul>\n","protected":false},"excerpt":{"rendered":"<p>adidas Y-3 Yohji Court Low Top \u2014 Black\/Black\/Off White<\/p>\n","protected":false},"featured_media":23024,"comment_status":"open","ping_status":"closed","template":"","meta":[],"product_brand":[],"product_cat":[9215,41273],"product_tag":[10427],"class_list":{"0":"post-23023","1":"product","2":"type-product","3":"status-publish","4":"has-post-thumbnail","6":"product_cat-adidas-2026","7":"product_cat-remove","8":"product_tag-if204110","9":"wcpa_has_options","11":"first","12":"instock","13":"taxable","14":"shipping-taxable","15":"purchasable","16":"product-type-simple"},"wcpa_form_fields":{"rules":{"pric_overide_base_price":false,"pric_overide_base_price_if_gt_zero":false,"pric_overide_base_price_fully":false,"pric_cal_option_once":false,"pric_use_as_fee":false,"bind_quantity":false,"quantity_bind_formula":false},"fields":[{"type":"color-group","required":true,"elementId":"wcpa-color-group-66c4a7f817afe","label":"Gr\u00f6\u00dfe","inline":true,"priceOptions":"different_for_all","pricingType":"fixed","className":"hassizechart product-shoes-size-eu product-shoes-size","name":"color-group-66c4a7f817b18","disp_type":"square","selection_type":"tick-border","disp_size":"50","show_label_inside":true,"adjust_width":true,"cart_display_type":"text","other_text":"Other","cl_rule":"show","col":6,"values":[{"label":"35","value":"EU 35","price":"","pimage":"","pimage_id":"","pthumb":"","color":""},{"label":"35.5","value":"EU 35.5","price":"","pimage":"","pimage_id":"","pthumb":"","color":""},{"label":"36","value":"EU 36","price":"","pimage":"","pimage_id":"","pthumb":"","color":"","selected":true},{"label":"36 2\/3","value":"EU 36 2\/3","price":"","pimage":"","pimage_id":"","pthumb":"","color":""},{"label":"37 1\/3","value":"EU 37 1\/3","price":"","pimage":"","pimage_id":"","pthumb":"","color":""},{"label":"38","value":"EU 38","price":"","pimage":"","pimage_id":"","pthumb":"","color":""},{"label":"38 2\/3","value":"EU 38 2\/3","price":"","pimage":"","pimage_id":"","pthumb":"","color":""},{"label":"39 1\/3","value":"EU 39 1\/3","price":"","pimage":"","pimage_id":"","pthumb":"","color":""},{"label":"40","value":"EU 40","price":"","pimage":"","pimage_id":"","pthumb":"","color":""},{"label":"40 2\/3","value":"EU 40 2\/3","price":"","pimage":"","pimage_id":"","pthumb":"","color":""},{"label":"41 1\/3","value":"EU 41 1\/3","price":"","pimage":"","pimage_id":"","pthumb":"","color":""},{"label":"42","value":"EU 42","price":"","pimage":"","pimage_id":"","pthumb":"","color":""},{"label":"42 2\/3","value":"EU 42 2\/3","price":"","pimage":"","pimage_id":"","pthumb":"","color":""},{"label":"43 1\/3","value":"EU 43 1\/3","price":"","pimage":"","pimage_id":"","pthumb":"","color":""},{"label":"44","value":"EU 44","price":"","pimage":"","pimage_id":"","pthumb":"","color":""},{"label":"44 2\/3","value":"EU 44 2\/3","price":"","pimage":"","pimage_id":"","pthumb":"","color":""},{"label":"45 1\/3","value":"EU 45 1\/3","price":"","pimage":"","pimage_id":"","pthumb":"","color":""},{"label":"46","value":"EU 46","price":"","pimage":"","pimage_id":"","pthumb":"","color":""},{"label":"46 2\/3","value":"EU 46 2\/3","price":"","pimage":"","pimage_id":"","pthumb":"","color":""},{"label":"47 1\/3","value":"EU 47 1\/3","price":"","pimage":"","pimage_id":"","pthumb":"","color":""}],"relations":[{"operator":false,"rules":[]}],"form_id":24802,"form_rules":{"pric_cal_option_once":false,"exclude_from_discount":false,"pric_use_as_fee":false,"fee_label":"Fee","render_after_acb":false,"disp_hide_options_price":false}}]},"yoast_head":"<!-- This site is optimized with the Yoast SEO plugin v26.5 - https:\/\/yoast.com\/wordpress\/plugins\/seo\/ -->\n<title>Adidas Y-3 Nizza Low &#039;Black Off White&#039; - Loftrunway<\/title>\n<meta name=\"robots\" content=\"index, follow, max-snippet:-1, max-image-preview:large, max-video-preview:-1\" \/>\n<link rel=\"canonical\" href=\"https:\/\/loftrunway.com\/de\/products\/adidas-y-3-nizza-low-black-off-white\/\" \/>\n<meta property=\"og:locale\" content=\"de_DE\" \/>\n<meta property=\"og:type\" content=\"article\" \/>\n<meta property=\"og:title\" content=\"Adidas Y-3 Nizza Low &#039;Black Off White&#039; - Loftrunway\" \/>\n<meta property=\"og:description\" content=\"adidas Y-3 Yohji Court Low Top \u2014 Black\/Black\/Off White\" \/>\n<meta property=\"og:url\" content=\"https:\/\/loftrunway.com\/de\/products\/adidas-y-3-nizza-low-black-off-white\/\" \/>\n<meta property=\"og:site_name\" content=\"loftRUN Sneaker Store\" \/>\n<meta property=\"article:modified_time\" content=\"2026-04-02T07:27:36+00:00\" \/>\n<meta name=\"twitter:card\" content=\"summary_large_image\" \/>\n<meta name=\"twitter:image\" content=\"https:\/\/images.novelship.com\/product\/y-3_yohji_court_low_top_sneakers_if2041_0_8259.jpeg\" \/>\n<meta name=\"twitter:label1\" content=\"Gesch\u00e4tzte Lesezeit\" \/>\n\t<meta name=\"twitter:data1\" content=\"1\u00a0Minute\" \/>\n<script type=\"application\/ld+json\" class=\"yoast-schema-graph\">{\"@context\":\"https:\/\/schema.org\",\"@graph\":[{\"@type\":\"WebPage\",\"@id\":\"https:\/\/loftrunway.com\/de\/products\/adidas-y-3-nizza-low-black-off-white\/\",\"url\":\"https:\/\/loftrunway.com\/de\/products\/adidas-y-3-nizza-low-black-off-white\/\",\"name\":\"Adidas Y-3 Nizza Low 'Black Off White' - Loftrunway\",\"isPartOf\":{\"@id\":\"https:\/\/loftrunway.com\/de\/#website\"},\"primaryImageOfPage\":{\"@id\":\"https:\/\/loftrunway.com\/de\/products\/adidas-y-3-nizza-low-black-off-white\/#primaryimage\"},\"image\":{\"@id\":\"https:\/\/loftrunway.com\/de\/products\/adidas-y-3-nizza-low-black-off-white\/#primaryimage\"},\"thumbnailUrl\":\"https:\/\/images.novelship.com\/product\/y-3_yohji_court_low_top_sneakers_if2041_0_8259.jpeg\",\"datePublished\":\"2026-02-25T11:49:01+00:00\",\"dateModified\":\"2026-04-02T07:27:36+00:00\",\"breadcrumb\":{\"@id\":\"https:\/\/loftrunway.com\/de\/products\/adidas-y-3-nizza-low-black-off-white\/#breadcrumb\"},\"inLanguage\":\"de\",\"potentialAction\":[{\"@type\":\"ReadAction\",\"target\":[\"https:\/\/loftrunway.com\/de\/products\/adidas-y-3-nizza-low-black-off-white\/\"]}]},{\"@type\":\"ImageObject\",\"inLanguage\":\"de\",\"@id\":\"https:\/\/loftrunway.com\/de\/products\/adidas-y-3-nizza-low-black-off-white\/#primaryimage\",\"url\":\"https:\/\/images.novelship.com\/product\/y-3_yohji_court_low_top_sneakers_if2041_0_8259.jpeg\",\"contentUrl\":\"https:\/\/images.novelship.com\/product\/y-3_yohji_court_low_top_sneakers_if2041_0_8259.jpeg\"},{\"@type\":\"BreadcrumbList\",\"@id\":\"https:\/\/loftrunway.com\/de\/products\/adidas-y-3-nizza-low-black-off-white\/#breadcrumb\",\"itemListElement\":[{\"@type\":\"ListItem\",\"position\":1,\"name\":\"Home\",\"item\":\"https:\/\/loftrunway.com\/de\/\"},{\"@type\":\"ListItem\",\"position\":2,\"name\":\"Shop\",\"item\":\"https:\/\/loftrunway.com\/de\/shop\/\"},{\"@type\":\"ListItem\",\"position\":3,\"name\":\"Adidas Y-3 Nizza Low &#8218;Black Off White&#8216;\"}]},{\"@type\":\"WebSite\",\"@id\":\"https:\/\/loftrunway.com\/de\/#website\",\"url\":\"https:\/\/loftrunway.com\/de\/\",\"name\":\"Styloral Jewelry Shop\",\"description\":\"Der Ort, an dem man alle Arten von Sneakern findet\",\"publisher\":{\"@id\":\"https:\/\/loftrunway.com\/de\/#organization\"},\"potentialAction\":[{\"@type\":\"SearchAction\",\"target\":{\"@type\":\"EntryPoint\",\"urlTemplate\":\"https:\/\/loftrunway.com\/de\/?s={search_term_string}\"},\"query-input\":{\"@type\":\"PropertyValueSpecification\",\"valueRequired\":true,\"valueName\":\"search_term_string\"}}],\"inLanguage\":\"de\"},{\"@type\":\"Organization\",\"@id\":\"https:\/\/loftrunway.com\/de\/#organization\",\"name\":\"STYLORAL PTE. LTD\",\"url\":\"https:\/\/loftrunway.com\/de\/\",\"logo\":{\"@type\":\"ImageObject\",\"inLanguage\":\"de\",\"@id\":\"https:\/\/loftrunway.com\/de\/#\/schema\/logo\/image\/\",\"url\":\"https:\/\/www.loftrunway.com\/wp-content\/uploads\/2025\/12\/logo.png\",\"contentUrl\":\"https:\/\/www.loftrunway.com\/wp-content\/uploads\/2025\/12\/logo.png\",\"width\":200,\"height\":65,\"caption\":\"STYLORAL PTE. LTD\"},\"image\":{\"@id\":\"https:\/\/loftrunway.com\/de\/#\/schema\/logo\/image\/\"}}]}<\/script>\n<!-- \/ Yoast SEO plugin. -->","yoast_head_json":{"title":"Adidas Y-3 Nizza Low 'Black Off White' - Loftrunway","robots":{"index":"index","follow":"follow","max-snippet":"max-snippet:-1","max-image-preview":"max-image-preview:large","max-video-preview":"max-video-preview:-1"},"canonical":"https:\/\/loftrunway.com\/de\/products\/adidas-y-3-nizza-low-black-off-white\/","og_locale":"de_DE","og_type":"article","og_title":"Adidas Y-3 Nizza Low 'Black Off White' - Loftrunway","og_description":"adidas Y-3 Yohji Court Low Top \u2014 Black\/Black\/Off White","og_url":"https:\/\/loftrunway.com\/de\/products\/adidas-y-3-nizza-low-black-off-white\/","og_site_name":"loftRUN Sneaker Store","article_modified_time":"2026-04-02T07:27:36+00:00","twitter_card":"summary_large_image","twitter_image":"https:\/\/images.novelship.com\/product\/y-3_yohji_court_low_top_sneakers_if2041_0_8259.jpeg","twitter_misc":{"Gesch\u00e4tzte Lesezeit":"1\u00a0Minute"},"schema":{"@context":"https:\/\/schema.org","@graph":[{"@type":"WebPage","@id":"https:\/\/loftrunway.com\/de\/products\/adidas-y-3-nizza-low-black-off-white\/","url":"https:\/\/loftrunway.com\/de\/products\/adidas-y-3-nizza-low-black-off-white\/","name":"Adidas Y-3 Nizza Low 'Black Off White' - Loftrunway","isPartOf":{"@id":"https:\/\/loftrunway.com\/de\/#website"},"primaryImageOfPage":{"@id":"https:\/\/loftrunway.com\/de\/products\/adidas-y-3-nizza-low-black-off-white\/#primaryimage"},"image":{"@id":"https:\/\/loftrunway.com\/de\/products\/adidas-y-3-nizza-low-black-off-white\/#primaryimage"},"thumbnailUrl":"https:\/\/images.novelship.com\/product\/y-3_yohji_court_low_top_sneakers_if2041_0_8259.jpeg","datePublished":"2026-02-25T11:49:01+00:00","dateModified":"2026-04-02T07:27:36+00:00","breadcrumb":{"@id":"https:\/\/loftrunway.com\/de\/products\/adidas-y-3-nizza-low-black-off-white\/#breadcrumb"},"inLanguage":"de","potentialAction":[{"@type":"ReadAction","target":["https:\/\/loftrunway.com\/de\/products\/adidas-y-3-nizza-low-black-off-white\/"]}]},{"@type":"ImageObject","inLanguage":"de","@id":"https:\/\/loftrunway.com\/de\/products\/adidas-y-3-nizza-low-black-off-white\/#primaryimage","url":"https:\/\/images.novelship.com\/product\/y-3_yohji_court_low_top_sneakers_if2041_0_8259.jpeg","contentUrl":"https:\/\/images.novelship.com\/product\/y-3_yohji_court_low_top_sneakers_if2041_0_8259.jpeg"},{"@type":"BreadcrumbList","@id":"https:\/\/loftrunway.com\/de\/products\/adidas-y-3-nizza-low-black-off-white\/#breadcrumb","itemListElement":[{"@type":"ListItem","position":1,"name":"Home","item":"https:\/\/loftrunway.com\/de\/"},{"@type":"ListItem","position":2,"name":"Shop","item":"https:\/\/loftrunway.com\/de\/shop\/"},{"@type":"ListItem","position":3,"name":"Adidas Y-3 Nizza Low &#8218;Black Off White&#8216;"}]},{"@type":"WebSite","@id":"https:\/\/loftrunway.com\/de\/#website","url":"https:\/\/loftrunway.com\/de\/","name":"Styloral Jewelry Shop","description":"Der Ort, an dem man alle Arten von Sneakern findet","publisher":{"@id":"https:\/\/loftrunway.com\/de\/#organization"},"potentialAction":[{"@type":"SearchAction","target":{"@type":"EntryPoint","urlTemplate":"https:\/\/loftrunway.com\/de\/?s={search_term_string}"},"query-input":{"@type":"PropertyValueSpecification","valueRequired":true,"valueName":"search_term_string"}}],"inLanguage":"de"},{"@type":"Organization","@id":"https:\/\/loftrunway.com\/de\/#organization","name":"STYLORAL PTE. LTD","url":"https:\/\/loftrunway.com\/de\/","logo":{"@type":"ImageObject","inLanguage":"de","@id":"https:\/\/loftrunway.com\/de\/#\/schema\/logo\/image\/","url":"https:\/\/www.loftrunway.com\/wp-content\/uploads\/2025\/12\/logo.png","contentUrl":"https:\/\/www.loftrunway.com\/wp-content\/uploads\/2025\/12\/logo.png","width":200,"height":65,"caption":"STYLORAL PTE. LTD"},"image":{"@id":"https:\/\/loftrunway.com\/de\/#\/schema\/logo\/image\/"}}]}},"_links":{"self":[{"href":"https:\/\/loftrunway.com\/de\/wp-json\/wp\/v2\/product\/23023","targetHints":{"allow":["GET"]}}],"collection":[{"href":"https:\/\/loftrunway.com\/de\/wp-json\/wp\/v2\/product"}],"about":[{"href":"https:\/\/loftrunway.com\/de\/wp-json\/wp\/v2\/types\/product"}],"replies":[{"embeddable":true,"href":"https:\/\/loftrunway.com\/de\/wp-json\/wp\/v2\/comments?post=23023"}],"wp:featuredmedia":[{"embeddable":true,"href":"https:\/\/loftrunway.com\/de\/wp-json\/wp\/v2\/media\/23024"}],"wp:attachment":[{"href":"https:\/\/loftrunway.com\/de\/wp-json\/wp\/v2\/media?parent=23023"}],"wp:term":[{"taxonomy":"product_brand","embeddable":true,"href":"https:\/\/loftrunway.com\/de\/wp-json\/wp\/v2\/product_brand?post=23023"},{"taxonomy":"product_cat","embeddable":true,"href":"https:\/\/loftrunway.com\/de\/wp-json\/wp\/v2\/product_cat?post=23023"},{"taxonomy":"product_tag","embeddable":true,"href":"https:\/\/loftrunway.com\/de\/wp-json\/wp\/v2\/product_tag?post=23023"}],"curies":[{"name":"wp","href":"https:\/\/api.w.org\/{rel}","templated":true}]}}