{"id":23503,"date":"2026-02-25T19:02:07","date_gmt":"2026-02-25T12:02:07","guid":{"rendered":"http:\/\/loftrunway.com\/product\/new-balance-kith-x-madison-square-garden-x-993-made-in-usa-new-york-knickshome"},"modified":"2026-04-02T14:28:08","modified_gmt":"2026-04-02T07:28:08","slug":"new-balance-kith-x-madison-square-garden-x-993-made-in-usa-new-york-knickshome","status":"publish","type":"product","link":"https:\/\/loftrunway.com\/de\/products\/new-balance-kith-x-madison-square-garden-x-993-made-in-usa-new-york-knickshome\/","title":{"rendered":"New Balance Kith x Madison Square Garden x 993 Made in USA &#8218;New York Knicks &#8211; Home&#8216;"},"content":{"rendered":"<p>Der in den USA gefertigte Kith x Madison Square Garden x New Balance 993 \u201eNew York Knicks \u2013 Home\u201c U993MS ist ein Premium-Sneaker, der ikonische Sportkultur mit dem zeitlosen Komfort von New Balance vereint. Inspiriert von den Heimfarben der New York Knicks, bietet diese limitierte Edition die perfekte Mischung aus Style und Performance f\u00fcr Fans und Sneaker-Liebhaber. Mit seiner dynamischen Kombination aus Blau-, Orange- und Wei\u00dft\u00f6nen strahlt der Schuh kraftvolle Energie aus und ist gleichzeitig eine Hommage an den historischen Madison Square Garden und die Tradition der Knicks. Dank seines athletischen und dennoch eleganten Profils und der technologisch fortschrittlichen ABZORB-Mittelsohlend\u00e4mpfung bietet er unvergleichlichen Halt und h\u00f6chsten Tragekomfort. Das hochwertige Obermaterial aus Wildleder und Mesh, kombiniert mit robuster Verarbeitung, spiegelt New Balances Streben nach Exzellenz und Kiths raffinierte \u00c4sthetik wider. Diese Kollaboration vereint Streetwear-Mode und sportliche Innovation und feiert Sport, Kultur und Style in einem. Ob auf dem Court, in der Stadt oder als stylischer Begleiter im Alltag \u2013 diese Sneaker verk\u00f6rpern den Stolz New Yorks und k\u00fchne Eleganz. Ein Must-have f\u00fcr Sammler und Knicks-Fans: Der Kith x Madison Square Garden x New Balance 993 steht f\u00fcr Exzellenz und urbanen Stil. Sichere dir dein Paar und werde Teil dieser legend\u00e4ren Kollaboration.<\/p>\n<ul>\n<li><strong>Farbgebung:<\/strong> Ancient Scroll\/Grey Matter<\/li>\n<li><strong>Style-Code:<\/strong> U993MS<\/li>\n<li><strong>Obermaterial:<\/strong> Mesh<\/li>\n<li><strong>Zwischensohle:<\/strong> ABZORB<\/li>\n<li><strong>Farbe:<\/strong> Grau<\/li>\n<li><strong>Saison:<\/strong> Herbst<\/li>\n<li><strong>Erscheinungsjahr:<\/strong> 2025<\/li>\n<\/ul>\n","protected":false},"excerpt":{"rendered":"<p>New Balance 993 \u2014 Ancient Scroll\/Grey Matter<\/p>\n","protected":false},"featured_media":23504,"comment_status":"open","ping_status":"closed","template":"","meta":[],"product_brand":[],"product_cat":[9213,41273],"product_tag":[],"class_list":{"0":"post-23503","1":"product","2":"type-product","3":"status-publish","4":"has-post-thumbnail","6":"product_cat-new-balance-2026","7":"product_cat-remove","8":"wcpa_has_options","10":"first","11":"instock","12":"taxable","13":"shipping-taxable","14":"purchasable","15":"product-type-simple"},"wcpa_form_fields":{"rules":{"pric_overide_base_price":false,"pric_overide_base_price_if_gt_zero":false,"pric_overide_base_price_fully":false,"pric_cal_option_once":false,"pric_use_as_fee":false,"bind_quantity":false,"quantity_bind_formula":false},"fields":[{"type":"color-group","required":true,"elementId":"wcpa-color-group-66c4a928225d2","label":"Gr\u00f6\u00dfe","inline":true,"priceOptions":"different_for_all","pricingType":"fixed","className":"hassizechart product-shoes-size-eu product-shoes-size","name":"color-group-66c4a928225e2","disp_type":"square","selection_type":"tick-border","disp_size":"50","show_label_inside":true,"adjust_width":true,"cart_display_type":"text","other_text":"Other","cl_rule":"show","col":6,"values":[{"label":"35","value":"EU 35","price":"","pimage":"","pimage_id":"","pthumb":"","color":""},{"label":"36","value":"EU 36","price":"","pimage":"","pimage_id":"","pthumb":"","color":"","selected":true},{"label":"37","value":"EU 37","price":"","pimage":"","pimage_id":"","pthumb":"","color":""},{"label":"37.5","value":"EU 37.5","price":"","pimage":"","pimage_id":"","pthumb":"","color":""},{"label":"38","value":"EU 38","price":"","pimage":"","pimage_id":"","pthumb":"","color":""},{"label":"38.5","value":"EU 38.5","price":"","pimage":"","pimage_id":"","pthumb":"","color":""},{"label":"39","value":"EU 39","price":"","pimage":"","pimage_id":"","pthumb":"","color":""},{"label":"39.5","value":"EU 39.5","price":"","pimage":"","pimage_id":"","pthumb":"","color":""},{"label":"40","value":"EU 40","price":"","pimage":"","pimage_id":"","pthumb":"","color":""},{"label":"40.5","value":"EU 40.5","price":"","pimage":"","pimage_id":"","pthumb":"","color":""},{"label":" 41.5","value":"EU 41.5","price":"","pimage":"","pimage_id":"","pthumb":"","color":""},{"label":"42","value":"EU 42","price":"","pimage":"","pimage_id":"","pthumb":"","color":""},{"label":"42.5","value":"EU 42.5","price":"","pimage":"","pimage_id":"","pthumb":"","color":""},{"label":"43","value":"EU 43","price":"","pimage":"","pimage_id":"","pthumb":"","color":""},{"label":"44","value":"EU 44","price":"","pimage":"","pimage_id":"","pthumb":"","color":""},{"label":"44.5","value":"EU 44.5","price":"","pimage":"","pimage_id":"","pthumb":"","color":""},{"label":"45","value":"EU 45","price":"","pimage":"","pimage_id":"","pthumb":"","color":""},{"label":"45.5","value":"EU 45.5","price":"","pimage":"","pimage_id":"","pthumb":"","color":""},{"label":"46","value":"EU 46","price":"","pimage":"","pimage_id":"","pthumb":"","color":""}],"relations":[{"operator":false,"rules":[]}],"form_id":24803,"form_rules":{"pric_cal_option_once":false,"exclude_from_discount":false,"pric_use_as_fee":false,"fee_label":"Fee","render_after_acb":false,"disp_hide_options_price":false}}]},"yoast_head":"<!-- This site is optimized with the Yoast SEO plugin v26.5 - https:\/\/yoast.com\/wordpress\/plugins\/seo\/ -->\n<title>New Balance Kith x Madison Square Garden x 993 Made in USA &#039;New York Knicks - Home&#039; - Loftrunway<\/title>\n<meta name=\"robots\" content=\"index, follow, max-snippet:-1, max-image-preview:large, max-video-preview:-1\" \/>\n<link rel=\"canonical\" href=\"https:\/\/loftrunway.com\/de\/products\/new-balance-kith-x-madison-square-garden-x-993-made-in-usa-new-york-knickshome\/\" \/>\n<meta property=\"og:locale\" content=\"de_DE\" \/>\n<meta property=\"og:type\" content=\"article\" \/>\n<meta property=\"og:title\" content=\"New Balance Kith x Madison Square Garden x 993 Made in USA &#039;New York Knicks - Home&#039; - Loftrunway\" \/>\n<meta property=\"og:description\" content=\"New Balance 993 \u2014 Ancient Scroll\/Grey Matter\" \/>\n<meta property=\"og:url\" content=\"https:\/\/loftrunway.com\/de\/products\/new-balance-kith-x-madison-square-garden-x-993-made-in-usa-new-york-knickshome\/\" \/>\n<meta property=\"og:site_name\" content=\"loftRUN Sneaker Store\" \/>\n<meta property=\"article:modified_time\" content=\"2026-04-02T07:28:08+00:00\" \/>\n<meta name=\"twitter:card\" content=\"summary_large_image\" \/>\n<meta name=\"twitter:image\" content=\"https:\/\/images.novelship.com\/product\/kith_x_madison_square_garden_x_new_balance_993_mad_0_3934.jpeg\" \/>\n<meta name=\"twitter:label1\" content=\"Gesch\u00e4tzte Lesezeit\" \/>\n\t<meta name=\"twitter:data1\" content=\"1\u00a0Minute\" \/>\n<script type=\"application\/ld+json\" class=\"yoast-schema-graph\">{\"@context\":\"https:\/\/schema.org\",\"@graph\":[{\"@type\":\"WebPage\",\"@id\":\"https:\/\/loftrunway.com\/de\/products\/new-balance-kith-x-madison-square-garden-x-993-made-in-usa-new-york-knickshome\/\",\"url\":\"https:\/\/loftrunway.com\/de\/products\/new-balance-kith-x-madison-square-garden-x-993-made-in-usa-new-york-knickshome\/\",\"name\":\"New Balance Kith x Madison Square Garden x 993 Made in USA 'New York Knicks - Home' - Loftrunway\",\"isPartOf\":{\"@id\":\"https:\/\/loftrunway.com\/de\/#website\"},\"primaryImageOfPage\":{\"@id\":\"https:\/\/loftrunway.com\/de\/products\/new-balance-kith-x-madison-square-garden-x-993-made-in-usa-new-york-knickshome\/#primaryimage\"},\"image\":{\"@id\":\"https:\/\/loftrunway.com\/de\/products\/new-balance-kith-x-madison-square-garden-x-993-made-in-usa-new-york-knickshome\/#primaryimage\"},\"thumbnailUrl\":\"https:\/\/images.novelship.com\/product\/kith_x_madison_square_garden_x_new_balance_993_mad_0_3934.jpeg\",\"datePublished\":\"2026-02-25T12:02:07+00:00\",\"dateModified\":\"2026-04-02T07:28:08+00:00\",\"breadcrumb\":{\"@id\":\"https:\/\/loftrunway.com\/de\/products\/new-balance-kith-x-madison-square-garden-x-993-made-in-usa-new-york-knickshome\/#breadcrumb\"},\"inLanguage\":\"de\",\"potentialAction\":[{\"@type\":\"ReadAction\",\"target\":[\"https:\/\/loftrunway.com\/de\/products\/new-balance-kith-x-madison-square-garden-x-993-made-in-usa-new-york-knickshome\/\"]}]},{\"@type\":\"ImageObject\",\"inLanguage\":\"de\",\"@id\":\"https:\/\/loftrunway.com\/de\/products\/new-balance-kith-x-madison-square-garden-x-993-made-in-usa-new-york-knickshome\/#primaryimage\",\"url\":\"https:\/\/images.novelship.com\/product\/kith_x_madison_square_garden_x_new_balance_993_mad_0_3934.jpeg\",\"contentUrl\":\"https:\/\/images.novelship.com\/product\/kith_x_madison_square_garden_x_new_balance_993_mad_0_3934.jpeg\"},{\"@type\":\"BreadcrumbList\",\"@id\":\"https:\/\/loftrunway.com\/de\/products\/new-balance-kith-x-madison-square-garden-x-993-made-in-usa-new-york-knickshome\/#breadcrumb\",\"itemListElement\":[{\"@type\":\"ListItem\",\"position\":1,\"name\":\"Home\",\"item\":\"https:\/\/loftrunway.com\/de\/\"},{\"@type\":\"ListItem\",\"position\":2,\"name\":\"Shop\",\"item\":\"https:\/\/loftrunway.com\/de\/shop\/\"},{\"@type\":\"ListItem\",\"position\":3,\"name\":\"New Balance Kith x Madison Square Garden x 993 Made in USA &#8218;New York Knicks &#8211; Home&#8216;\"}]},{\"@type\":\"WebSite\",\"@id\":\"https:\/\/loftrunway.com\/de\/#website\",\"url\":\"https:\/\/loftrunway.com\/de\/\",\"name\":\"Styloral Jewelry Shop\",\"description\":\"Der Ort, an dem man alle Arten von Sneakern findet\",\"publisher\":{\"@id\":\"https:\/\/loftrunway.com\/de\/#organization\"},\"potentialAction\":[{\"@type\":\"SearchAction\",\"target\":{\"@type\":\"EntryPoint\",\"urlTemplate\":\"https:\/\/loftrunway.com\/de\/?s={search_term_string}\"},\"query-input\":{\"@type\":\"PropertyValueSpecification\",\"valueRequired\":true,\"valueName\":\"search_term_string\"}}],\"inLanguage\":\"de\"},{\"@type\":\"Organization\",\"@id\":\"https:\/\/loftrunway.com\/de\/#organization\",\"name\":\"STYLORAL PTE. LTD\",\"url\":\"https:\/\/loftrunway.com\/de\/\",\"logo\":{\"@type\":\"ImageObject\",\"inLanguage\":\"de\",\"@id\":\"https:\/\/loftrunway.com\/de\/#\/schema\/logo\/image\/\",\"url\":\"https:\/\/www.loftrunway.com\/wp-content\/uploads\/2025\/12\/logo.png\",\"contentUrl\":\"https:\/\/www.loftrunway.com\/wp-content\/uploads\/2025\/12\/logo.png\",\"width\":200,\"height\":65,\"caption\":\"STYLORAL PTE. LTD\"},\"image\":{\"@id\":\"https:\/\/loftrunway.com\/de\/#\/schema\/logo\/image\/\"}}]}<\/script>\n<!-- \/ Yoast SEO plugin. -->","yoast_head_json":{"title":"New Balance Kith x Madison Square Garden x 993 Made in USA 'New York Knicks - Home' - Loftrunway","robots":{"index":"index","follow":"follow","max-snippet":"max-snippet:-1","max-image-preview":"max-image-preview:large","max-video-preview":"max-video-preview:-1"},"canonical":"https:\/\/loftrunway.com\/de\/products\/new-balance-kith-x-madison-square-garden-x-993-made-in-usa-new-york-knickshome\/","og_locale":"de_DE","og_type":"article","og_title":"New Balance Kith x Madison Square Garden x 993 Made in USA 'New York Knicks - Home' - Loftrunway","og_description":"New Balance 993 \u2014 Ancient Scroll\/Grey Matter","og_url":"https:\/\/loftrunway.com\/de\/products\/new-balance-kith-x-madison-square-garden-x-993-made-in-usa-new-york-knickshome\/","og_site_name":"loftRUN Sneaker Store","article_modified_time":"2026-04-02T07:28:08+00:00","twitter_card":"summary_large_image","twitter_image":"https:\/\/images.novelship.com\/product\/kith_x_madison_square_garden_x_new_balance_993_mad_0_3934.jpeg","twitter_misc":{"Gesch\u00e4tzte Lesezeit":"1\u00a0Minute"},"schema":{"@context":"https:\/\/schema.org","@graph":[{"@type":"WebPage","@id":"https:\/\/loftrunway.com\/de\/products\/new-balance-kith-x-madison-square-garden-x-993-made-in-usa-new-york-knickshome\/","url":"https:\/\/loftrunway.com\/de\/products\/new-balance-kith-x-madison-square-garden-x-993-made-in-usa-new-york-knickshome\/","name":"New Balance Kith x Madison Square Garden x 993 Made in USA 'New York Knicks - Home' - Loftrunway","isPartOf":{"@id":"https:\/\/loftrunway.com\/de\/#website"},"primaryImageOfPage":{"@id":"https:\/\/loftrunway.com\/de\/products\/new-balance-kith-x-madison-square-garden-x-993-made-in-usa-new-york-knickshome\/#primaryimage"},"image":{"@id":"https:\/\/loftrunway.com\/de\/products\/new-balance-kith-x-madison-square-garden-x-993-made-in-usa-new-york-knickshome\/#primaryimage"},"thumbnailUrl":"https:\/\/images.novelship.com\/product\/kith_x_madison_square_garden_x_new_balance_993_mad_0_3934.jpeg","datePublished":"2026-02-25T12:02:07+00:00","dateModified":"2026-04-02T07:28:08+00:00","breadcrumb":{"@id":"https:\/\/loftrunway.com\/de\/products\/new-balance-kith-x-madison-square-garden-x-993-made-in-usa-new-york-knickshome\/#breadcrumb"},"inLanguage":"de","potentialAction":[{"@type":"ReadAction","target":["https:\/\/loftrunway.com\/de\/products\/new-balance-kith-x-madison-square-garden-x-993-made-in-usa-new-york-knickshome\/"]}]},{"@type":"ImageObject","inLanguage":"de","@id":"https:\/\/loftrunway.com\/de\/products\/new-balance-kith-x-madison-square-garden-x-993-made-in-usa-new-york-knickshome\/#primaryimage","url":"https:\/\/images.novelship.com\/product\/kith_x_madison_square_garden_x_new_balance_993_mad_0_3934.jpeg","contentUrl":"https:\/\/images.novelship.com\/product\/kith_x_madison_square_garden_x_new_balance_993_mad_0_3934.jpeg"},{"@type":"BreadcrumbList","@id":"https:\/\/loftrunway.com\/de\/products\/new-balance-kith-x-madison-square-garden-x-993-made-in-usa-new-york-knickshome\/#breadcrumb","itemListElement":[{"@type":"ListItem","position":1,"name":"Home","item":"https:\/\/loftrunway.com\/de\/"},{"@type":"ListItem","position":2,"name":"Shop","item":"https:\/\/loftrunway.com\/de\/shop\/"},{"@type":"ListItem","position":3,"name":"New Balance Kith x Madison Square Garden x 993 Made in USA &#8218;New York Knicks &#8211; Home&#8216;"}]},{"@type":"WebSite","@id":"https:\/\/loftrunway.com\/de\/#website","url":"https:\/\/loftrunway.com\/de\/","name":"Styloral Jewelry Shop","description":"Der Ort, an dem man alle Arten von Sneakern findet","publisher":{"@id":"https:\/\/loftrunway.com\/de\/#organization"},"potentialAction":[{"@type":"SearchAction","target":{"@type":"EntryPoint","urlTemplate":"https:\/\/loftrunway.com\/de\/?s={search_term_string}"},"query-input":{"@type":"PropertyValueSpecification","valueRequired":true,"valueName":"search_term_string"}}],"inLanguage":"de"},{"@type":"Organization","@id":"https:\/\/loftrunway.com\/de\/#organization","name":"STYLORAL PTE. LTD","url":"https:\/\/loftrunway.com\/de\/","logo":{"@type":"ImageObject","inLanguage":"de","@id":"https:\/\/loftrunway.com\/de\/#\/schema\/logo\/image\/","url":"https:\/\/www.loftrunway.com\/wp-content\/uploads\/2025\/12\/logo.png","contentUrl":"https:\/\/www.loftrunway.com\/wp-content\/uploads\/2025\/12\/logo.png","width":200,"height":65,"caption":"STYLORAL PTE. LTD"},"image":{"@id":"https:\/\/loftrunway.com\/de\/#\/schema\/logo\/image\/"}}]}},"_links":{"self":[{"href":"https:\/\/loftrunway.com\/de\/wp-json\/wp\/v2\/product\/23503","targetHints":{"allow":["GET"]}}],"collection":[{"href":"https:\/\/loftrunway.com\/de\/wp-json\/wp\/v2\/product"}],"about":[{"href":"https:\/\/loftrunway.com\/de\/wp-json\/wp\/v2\/types\/product"}],"replies":[{"embeddable":true,"href":"https:\/\/loftrunway.com\/de\/wp-json\/wp\/v2\/comments?post=23503"}],"wp:featuredmedia":[{"embeddable":true,"href":"https:\/\/loftrunway.com\/de\/wp-json\/wp\/v2\/media\/23504"}],"wp:attachment":[{"href":"https:\/\/loftrunway.com\/de\/wp-json\/wp\/v2\/media?parent=23503"}],"wp:term":[{"taxonomy":"product_brand","embeddable":true,"href":"https:\/\/loftrunway.com\/de\/wp-json\/wp\/v2\/product_brand?post=23503"},{"taxonomy":"product_cat","embeddable":true,"href":"https:\/\/loftrunway.com\/de\/wp-json\/wp\/v2\/product_cat?post=23503"},{"taxonomy":"product_tag","embeddable":true,"href":"https:\/\/loftrunway.com\/de\/wp-json\/wp\/v2\/product_tag?post=23503"}],"curies":[{"name":"wp","href":"https:\/\/api.w.org\/{rel}","templated":true}]}}