{"id":23922,"date":"2026-02-25T19:18:30","date_gmt":"2026-02-25T12:18:30","guid":{"rendered":"http:\/\/loftrunway.com\/product\/new-balance-stone-island-x-991v2-made-in-uk-ghost-packgreen"},"modified":"2026-04-02T14:28:36","modified_gmt":"2026-04-02T07:28:36","slug":"new-balance-stone-island-x-991v2-made-in-uk-ghost-packgreen","status":"publish","type":"product","link":"https:\/\/loftrunway.com\/de\/products\/new-balance-stone-island-x-991v2-made-in-uk-ghost-packgreen\/","title":{"rendered":"New Balance Stone Island x 991v2 Made In UK &#8218;Ghost Pack &#8211; Green&#8216;"},"content":{"rendered":"<p>Entdecken Sie die raffinierte Verbindung von Stil und Handwerkskunst mit dem Stone Island x New Balance 991v2 \u201eGhost Pack \u2013 Military Green\u201c. Dieser in England gefertigte Sneaker in limitierter Auflage vereint New Balances sportliche Tradition mit Stone Islands avantgardistischer \u00c4sthetik. Mit seinem markanten Milit\u00e4rgr\u00fcn, hochwertigen Materialien und unvergleichlichem Tragekomfort ist dieser Schuh perfekt f\u00fcr Trendsetter und Sammler. Setzen Sie mit diesem Produkt, das Innovation, Tradition und zukunftsweisendes Design f\u00fcr ein globales Publikum vereint, neue Ma\u00dfst\u00e4be in Sachen Schuhe.<\/p>\n<p>Farbgebung: Gr\u00fcn\/Gr\u00fcn<\/p>\n<p>Style-Code: U991SC2<\/p>\n<p>Obermaterial: Wildleder<br \/>\nZwischensohle: FuelCell<\/p>\n<p>Farbe: Gr\u00fcn<\/p>\n<p>Farbe: Gr\u00fcn<\/p>\n","protected":false},"excerpt":{"rendered":"<p>New Balance 991v2 \u2014 Green\/Green<\/p>\n","protected":false},"featured_media":23923,"comment_status":"open","ping_status":"closed","template":"","meta":[],"product_brand":[],"product_cat":[9213,41273],"product_tag":[],"class_list":{"0":"post-23922","1":"product","2":"type-product","3":"status-publish","4":"has-post-thumbnail","6":"product_cat-new-balance-2026","7":"product_cat-remove","8":"wcpa_has_options","10":"first","11":"instock","12":"taxable","13":"shipping-taxable","14":"purchasable","15":"product-type-simple"},"wcpa_form_fields":{"rules":{"pric_overide_base_price":false,"pric_overide_base_price_if_gt_zero":false,"pric_overide_base_price_fully":false,"pric_cal_option_once":false,"pric_use_as_fee":false,"bind_quantity":false,"quantity_bind_formula":false},"fields":[{"type":"color-group","required":true,"elementId":"wcpa-color-group-66c4a928225d2","label":"Gr\u00f6\u00dfe","inline":true,"priceOptions":"different_for_all","pricingType":"fixed","className":"hassizechart product-shoes-size-eu product-shoes-size","name":"color-group-66c4a928225e2","disp_type":"square","selection_type":"tick-border","disp_size":"50","show_label_inside":true,"adjust_width":true,"cart_display_type":"text","other_text":"Other","cl_rule":"show","col":6,"values":[{"label":"35","value":"EU 35","price":"","pimage":"","pimage_id":"","pthumb":"","color":""},{"label":"36","value":"EU 36","price":"","pimage":"","pimage_id":"","pthumb":"","color":"","selected":true},{"label":"37","value":"EU 37","price":"","pimage":"","pimage_id":"","pthumb":"","color":""},{"label":"37.5","value":"EU 37.5","price":"","pimage":"","pimage_id":"","pthumb":"","color":""},{"label":"38","value":"EU 38","price":"","pimage":"","pimage_id":"","pthumb":"","color":""},{"label":"38.5","value":"EU 38.5","price":"","pimage":"","pimage_id":"","pthumb":"","color":""},{"label":"39","value":"EU 39","price":"","pimage":"","pimage_id":"","pthumb":"","color":""},{"label":"39.5","value":"EU 39.5","price":"","pimage":"","pimage_id":"","pthumb":"","color":""},{"label":"40","value":"EU 40","price":"","pimage":"","pimage_id":"","pthumb":"","color":""},{"label":"40.5","value":"EU 40.5","price":"","pimage":"","pimage_id":"","pthumb":"","color":""},{"label":" 41.5","value":"EU 41.5","price":"","pimage":"","pimage_id":"","pthumb":"","color":""},{"label":"42","value":"EU 42","price":"","pimage":"","pimage_id":"","pthumb":"","color":""},{"label":"42.5","value":"EU 42.5","price":"","pimage":"","pimage_id":"","pthumb":"","color":""},{"label":"43","value":"EU 43","price":"","pimage":"","pimage_id":"","pthumb":"","color":""},{"label":"44","value":"EU 44","price":"","pimage":"","pimage_id":"","pthumb":"","color":""},{"label":"44.5","value":"EU 44.5","price":"","pimage":"","pimage_id":"","pthumb":"","color":""},{"label":"45","value":"EU 45","price":"","pimage":"","pimage_id":"","pthumb":"","color":""},{"label":"45.5","value":"EU 45.5","price":"","pimage":"","pimage_id":"","pthumb":"","color":""},{"label":"46","value":"EU 46","price":"","pimage":"","pimage_id":"","pthumb":"","color":""}],"relations":[{"operator":false,"rules":[]}],"form_id":24803,"form_rules":{"pric_cal_option_once":false,"exclude_from_discount":false,"pric_use_as_fee":false,"fee_label":"Fee","render_after_acb":false,"disp_hide_options_price":false}}]},"yoast_head":"<!-- This site is optimized with the Yoast SEO plugin v26.5 - https:\/\/yoast.com\/wordpress\/plugins\/seo\/ -->\n<title>New Balance Stone Island x 991v2 Made In UK &#039;Ghost Pack - Green&#039; - Loftrunway<\/title>\n<meta name=\"robots\" content=\"index, follow, max-snippet:-1, max-image-preview:large, max-video-preview:-1\" \/>\n<link rel=\"canonical\" href=\"https:\/\/loftrunway.com\/de\/products\/new-balance-stone-island-x-991v2-made-in-uk-ghost-packgreen\/\" \/>\n<meta property=\"og:locale\" content=\"de_DE\" \/>\n<meta property=\"og:type\" content=\"article\" \/>\n<meta property=\"og:title\" content=\"New Balance Stone Island x 991v2 Made In UK &#039;Ghost Pack - Green&#039; - Loftrunway\" \/>\n<meta property=\"og:description\" content=\"New Balance 991v2 \u2014 Green\/Green\" \/>\n<meta property=\"og:url\" content=\"https:\/\/loftrunway.com\/de\/products\/new-balance-stone-island-x-991v2-made-in-uk-ghost-packgreen\/\" \/>\n<meta property=\"og:site_name\" content=\"loftRUN Sneaker Store\" \/>\n<meta property=\"article:modified_time\" content=\"2026-04-02T07:28:36+00:00\" \/>\n<meta name=\"twitter:card\" content=\"summary_large_image\" \/>\n<meta name=\"twitter:image\" content=\"https:\/\/images.novelship.com\/product\/stone_island_x_new_balance_991v2_made_in_england___0_48200.jpeg\" \/>\n<meta name=\"twitter:label1\" content=\"Gesch\u00e4tzte Lesezeit\" \/>\n\t<meta name=\"twitter:data1\" content=\"1\u00a0Minute\" \/>\n<script type=\"application\/ld+json\" class=\"yoast-schema-graph\">{\"@context\":\"https:\/\/schema.org\",\"@graph\":[{\"@type\":\"WebPage\",\"@id\":\"https:\/\/loftrunway.com\/de\/products\/new-balance-stone-island-x-991v2-made-in-uk-ghost-packgreen\/\",\"url\":\"https:\/\/loftrunway.com\/de\/products\/new-balance-stone-island-x-991v2-made-in-uk-ghost-packgreen\/\",\"name\":\"New Balance Stone Island x 991v2 Made In UK 'Ghost Pack - Green' - Loftrunway\",\"isPartOf\":{\"@id\":\"https:\/\/loftrunway.com\/de\/#website\"},\"primaryImageOfPage\":{\"@id\":\"https:\/\/loftrunway.com\/de\/products\/new-balance-stone-island-x-991v2-made-in-uk-ghost-packgreen\/#primaryimage\"},\"image\":{\"@id\":\"https:\/\/loftrunway.com\/de\/products\/new-balance-stone-island-x-991v2-made-in-uk-ghost-packgreen\/#primaryimage\"},\"thumbnailUrl\":\"https:\/\/images.novelship.com\/product\/stone_island_x_new_balance_991v2_made_in_england___0_48200.jpeg\",\"datePublished\":\"2026-02-25T12:18:30+00:00\",\"dateModified\":\"2026-04-02T07:28:36+00:00\",\"breadcrumb\":{\"@id\":\"https:\/\/loftrunway.com\/de\/products\/new-balance-stone-island-x-991v2-made-in-uk-ghost-packgreen\/#breadcrumb\"},\"inLanguage\":\"de\",\"potentialAction\":[{\"@type\":\"ReadAction\",\"target\":[\"https:\/\/loftrunway.com\/de\/products\/new-balance-stone-island-x-991v2-made-in-uk-ghost-packgreen\/\"]}]},{\"@type\":\"ImageObject\",\"inLanguage\":\"de\",\"@id\":\"https:\/\/loftrunway.com\/de\/products\/new-balance-stone-island-x-991v2-made-in-uk-ghost-packgreen\/#primaryimage\",\"url\":\"https:\/\/images.novelship.com\/product\/stone_island_x_new_balance_991v2_made_in_england___0_48200.jpeg\",\"contentUrl\":\"https:\/\/images.novelship.com\/product\/stone_island_x_new_balance_991v2_made_in_england___0_48200.jpeg\"},{\"@type\":\"BreadcrumbList\",\"@id\":\"https:\/\/loftrunway.com\/de\/products\/new-balance-stone-island-x-991v2-made-in-uk-ghost-packgreen\/#breadcrumb\",\"itemListElement\":[{\"@type\":\"ListItem\",\"position\":1,\"name\":\"Home\",\"item\":\"https:\/\/loftrunway.com\/de\/\"},{\"@type\":\"ListItem\",\"position\":2,\"name\":\"Shop\",\"item\":\"https:\/\/loftrunway.com\/de\/shop\/\"},{\"@type\":\"ListItem\",\"position\":3,\"name\":\"New Balance Stone Island x 991v2 Made In UK &#8218;Ghost Pack &#8211; Green&#8216;\"}]},{\"@type\":\"WebSite\",\"@id\":\"https:\/\/loftrunway.com\/de\/#website\",\"url\":\"https:\/\/loftrunway.com\/de\/\",\"name\":\"Styloral Jewelry Shop\",\"description\":\"Der Ort, an dem man alle Arten von Sneakern findet\",\"publisher\":{\"@id\":\"https:\/\/loftrunway.com\/de\/#organization\"},\"potentialAction\":[{\"@type\":\"SearchAction\",\"target\":{\"@type\":\"EntryPoint\",\"urlTemplate\":\"https:\/\/loftrunway.com\/de\/?s={search_term_string}\"},\"query-input\":{\"@type\":\"PropertyValueSpecification\",\"valueRequired\":true,\"valueName\":\"search_term_string\"}}],\"inLanguage\":\"de\"},{\"@type\":\"Organization\",\"@id\":\"https:\/\/loftrunway.com\/de\/#organization\",\"name\":\"STYLORAL PTE. LTD\",\"url\":\"https:\/\/loftrunway.com\/de\/\",\"logo\":{\"@type\":\"ImageObject\",\"inLanguage\":\"de\",\"@id\":\"https:\/\/loftrunway.com\/de\/#\/schema\/logo\/image\/\",\"url\":\"https:\/\/www.loftrunway.com\/wp-content\/uploads\/2025\/12\/logo.png\",\"contentUrl\":\"https:\/\/www.loftrunway.com\/wp-content\/uploads\/2025\/12\/logo.png\",\"width\":200,\"height\":65,\"caption\":\"STYLORAL PTE. LTD\"},\"image\":{\"@id\":\"https:\/\/loftrunway.com\/de\/#\/schema\/logo\/image\/\"}}]}<\/script>\n<!-- \/ Yoast SEO plugin. -->","yoast_head_json":{"title":"New Balance Stone Island x 991v2 Made In UK 'Ghost Pack - Green' - Loftrunway","robots":{"index":"index","follow":"follow","max-snippet":"max-snippet:-1","max-image-preview":"max-image-preview:large","max-video-preview":"max-video-preview:-1"},"canonical":"https:\/\/loftrunway.com\/de\/products\/new-balance-stone-island-x-991v2-made-in-uk-ghost-packgreen\/","og_locale":"de_DE","og_type":"article","og_title":"New Balance Stone Island x 991v2 Made In UK 'Ghost Pack - Green' - Loftrunway","og_description":"New Balance 991v2 \u2014 Green\/Green","og_url":"https:\/\/loftrunway.com\/de\/products\/new-balance-stone-island-x-991v2-made-in-uk-ghost-packgreen\/","og_site_name":"loftRUN Sneaker Store","article_modified_time":"2026-04-02T07:28:36+00:00","twitter_card":"summary_large_image","twitter_image":"https:\/\/images.novelship.com\/product\/stone_island_x_new_balance_991v2_made_in_england___0_48200.jpeg","twitter_misc":{"Gesch\u00e4tzte Lesezeit":"1\u00a0Minute"},"schema":{"@context":"https:\/\/schema.org","@graph":[{"@type":"WebPage","@id":"https:\/\/loftrunway.com\/de\/products\/new-balance-stone-island-x-991v2-made-in-uk-ghost-packgreen\/","url":"https:\/\/loftrunway.com\/de\/products\/new-balance-stone-island-x-991v2-made-in-uk-ghost-packgreen\/","name":"New Balance Stone Island x 991v2 Made In UK 'Ghost Pack - Green' - Loftrunway","isPartOf":{"@id":"https:\/\/loftrunway.com\/de\/#website"},"primaryImageOfPage":{"@id":"https:\/\/loftrunway.com\/de\/products\/new-balance-stone-island-x-991v2-made-in-uk-ghost-packgreen\/#primaryimage"},"image":{"@id":"https:\/\/loftrunway.com\/de\/products\/new-balance-stone-island-x-991v2-made-in-uk-ghost-packgreen\/#primaryimage"},"thumbnailUrl":"https:\/\/images.novelship.com\/product\/stone_island_x_new_balance_991v2_made_in_england___0_48200.jpeg","datePublished":"2026-02-25T12:18:30+00:00","dateModified":"2026-04-02T07:28:36+00:00","breadcrumb":{"@id":"https:\/\/loftrunway.com\/de\/products\/new-balance-stone-island-x-991v2-made-in-uk-ghost-packgreen\/#breadcrumb"},"inLanguage":"de","potentialAction":[{"@type":"ReadAction","target":["https:\/\/loftrunway.com\/de\/products\/new-balance-stone-island-x-991v2-made-in-uk-ghost-packgreen\/"]}]},{"@type":"ImageObject","inLanguage":"de","@id":"https:\/\/loftrunway.com\/de\/products\/new-balance-stone-island-x-991v2-made-in-uk-ghost-packgreen\/#primaryimage","url":"https:\/\/images.novelship.com\/product\/stone_island_x_new_balance_991v2_made_in_england___0_48200.jpeg","contentUrl":"https:\/\/images.novelship.com\/product\/stone_island_x_new_balance_991v2_made_in_england___0_48200.jpeg"},{"@type":"BreadcrumbList","@id":"https:\/\/loftrunway.com\/de\/products\/new-balance-stone-island-x-991v2-made-in-uk-ghost-packgreen\/#breadcrumb","itemListElement":[{"@type":"ListItem","position":1,"name":"Home","item":"https:\/\/loftrunway.com\/de\/"},{"@type":"ListItem","position":2,"name":"Shop","item":"https:\/\/loftrunway.com\/de\/shop\/"},{"@type":"ListItem","position":3,"name":"New Balance Stone Island x 991v2 Made In UK &#8218;Ghost Pack &#8211; Green&#8216;"}]},{"@type":"WebSite","@id":"https:\/\/loftrunway.com\/de\/#website","url":"https:\/\/loftrunway.com\/de\/","name":"Styloral Jewelry Shop","description":"Der Ort, an dem man alle Arten von Sneakern findet","publisher":{"@id":"https:\/\/loftrunway.com\/de\/#organization"},"potentialAction":[{"@type":"SearchAction","target":{"@type":"EntryPoint","urlTemplate":"https:\/\/loftrunway.com\/de\/?s={search_term_string}"},"query-input":{"@type":"PropertyValueSpecification","valueRequired":true,"valueName":"search_term_string"}}],"inLanguage":"de"},{"@type":"Organization","@id":"https:\/\/loftrunway.com\/de\/#organization","name":"STYLORAL PTE. LTD","url":"https:\/\/loftrunway.com\/de\/","logo":{"@type":"ImageObject","inLanguage":"de","@id":"https:\/\/loftrunway.com\/de\/#\/schema\/logo\/image\/","url":"https:\/\/www.loftrunway.com\/wp-content\/uploads\/2025\/12\/logo.png","contentUrl":"https:\/\/www.loftrunway.com\/wp-content\/uploads\/2025\/12\/logo.png","width":200,"height":65,"caption":"STYLORAL PTE. LTD"},"image":{"@id":"https:\/\/loftrunway.com\/de\/#\/schema\/logo\/image\/"}}]}},"_links":{"self":[{"href":"https:\/\/loftrunway.com\/de\/wp-json\/wp\/v2\/product\/23922","targetHints":{"allow":["GET"]}}],"collection":[{"href":"https:\/\/loftrunway.com\/de\/wp-json\/wp\/v2\/product"}],"about":[{"href":"https:\/\/loftrunway.com\/de\/wp-json\/wp\/v2\/types\/product"}],"replies":[{"embeddable":true,"href":"https:\/\/loftrunway.com\/de\/wp-json\/wp\/v2\/comments?post=23922"}],"wp:featuredmedia":[{"embeddable":true,"href":"https:\/\/loftrunway.com\/de\/wp-json\/wp\/v2\/media\/23923"}],"wp:attachment":[{"href":"https:\/\/loftrunway.com\/de\/wp-json\/wp\/v2\/media?parent=23922"}],"wp:term":[{"taxonomy":"product_brand","embeddable":true,"href":"https:\/\/loftrunway.com\/de\/wp-json\/wp\/v2\/product_brand?post=23922"},{"taxonomy":"product_cat","embeddable":true,"href":"https:\/\/loftrunway.com\/de\/wp-json\/wp\/v2\/product_cat?post=23922"},{"taxonomy":"product_tag","embeddable":true,"href":"https:\/\/loftrunway.com\/de\/wp-json\/wp\/v2\/product_tag?post=23922"}],"curies":[{"name":"wp","href":"https:\/\/api.w.org\/{rel}","templated":true}]}}