{"id":23991,"date":"2026-02-25T19:20:29","date_gmt":"2026-02-25T12:20:29","guid":{"rendered":"http:\/\/loftrunway.com\/product\/adidas-y-3-adizero-adios-9-magic-lime"},"modified":"2026-04-02T14:28:40","modified_gmt":"2026-04-02T07:28:40","slug":"adidas-y-3-adizero-adios-9-magic-lime","status":"publish","type":"product","link":"https:\/\/loftrunway.com\/de\/products\/adidas-y-3-adizero-adios-9-magic-lime\/","title":{"rendered":"Adidas Y-3 Adizero Adios 9 &#8218;Magic Lime&#8216;"},"content":{"rendered":"<p>Erlebe ein v\u00f6llig neues Laufgef\u00fchl mit dem Y-3 Adios 9 Laufschuh JS3138 \u2013 hier trifft Spitzenleistung auf avantgardistisches Design. Dieser in Zusammenarbeit von Adidas und Yohji Yamamoto entwickelte Sneaker definiert Sportschuhe mit minimalistischer \u00c4sthetik und fortschrittlicher Technologie neu. Das leichte, speziell entwickelte Mesh-Obermaterial sorgt f\u00fcr Atmungsaktivit\u00e4t und einen sicheren, adaptiven Sitz und verleiht dem Schuh gleichzeitig einen eleganten, modischen Look.<\/p>\n<p>Dank der charakteristischen Lightstrike Pro-Mittelsohle von Adidas bieten diese Laufschuhe eine hervorragende Energier\u00fcckgabe und Reaktionsf\u00e4higkeit f\u00fcr effizientes und komfortables Laufen. Die Continental\u2122-Gummiau\u00dfensohle bietet au\u00dfergew\u00f6hnlichen Grip auf verschiedenen Untergr\u00fcnden und garantiert Stabilit\u00e4t und Sicherheit, egal ob du durch die Stra\u00dfen der Stadt sprintest oder auf der Laufbahn an deine Grenzen gehst.<\/p>\n<p>Der Y-3 Adios 9 wurde mit Blick auf Nachhaltigkeit entwickelt und verwendet nachhaltige Materialien \u2013 ein Zeichen f\u00fcr Innovation und Umweltverantwortung. Sein zeitloses, monochromes Design mit dezenten Yohji Yamamoto-Akzenten macht ihn vielseitig und passt perfekt vom intensiven Training zum l\u00e4ssigen, stylischen Alltagsoutfit.<\/p>\n<p>Die Y-3 Adios 9 Laufschuhe JS3138 sind perfekt f\u00fcr Sportler und Trendsetter gleicherma\u00dfen und vereinen Funktion und Form. Sie bieten ein erstklassiges Performance-Erlebnis und unterstreichen gleichzeitig Ihren individuellen Stil. Entfalte dein volles Potenzial und stich mit dieser ultimativen Fusion aus Sport und Luxus bei jedem Schritt hervor.<\/p>\n<ul>\n<li><strong>Farbgebung:<\/strong> Magic Lime\/Almost Lime\/Green Oxide<\/li>\n<li><strong>Artikelnummer:<\/strong> JS3138<\/li>\n<li><strong>Obermaterial:<\/strong> Textil<\/li>\n<li><strong>Zwischensohle:<\/strong> Lightstrike Pro<\/li>\n<li><strong>Farbe:<\/strong> Gr\u00fcn<\/li>\n<\/ul>\n","protected":false},"excerpt":{"rendered":"<p>adidas Y-3 Adios 9 \u2014 Magic Lime\/Almost Lime\/Green Oxide<\/p>\n","protected":false},"featured_media":23992,"comment_status":"open","ping_status":"closed","template":"","meta":[],"product_brand":[],"product_cat":[9215,41273],"product_tag":[10700],"class_list":{"0":"post-23991","1":"product","2":"type-product","3":"status-publish","4":"has-post-thumbnail","6":"product_cat-adidas-2026","7":"product_cat-remove","8":"product_tag-js313810","9":"wcpa_has_options","11":"first","12":"instock","13":"taxable","14":"shipping-taxable","15":"purchasable","16":"product-type-simple"},"wcpa_form_fields":{"rules":{"pric_overide_base_price":false,"pric_overide_base_price_if_gt_zero":false,"pric_overide_base_price_fully":false,"pric_cal_option_once":false,"pric_use_as_fee":false,"bind_quantity":false,"quantity_bind_formula":false},"fields":[{"type":"color-group","required":true,"elementId":"wcpa-color-group-66c4a7f817afe","label":"Gr\u00f6\u00dfe","inline":true,"priceOptions":"different_for_all","pricingType":"fixed","className":"hassizechart product-shoes-size-eu product-shoes-size","name":"color-group-66c4a7f817b18","disp_type":"square","selection_type":"tick-border","disp_size":"50","show_label_inside":true,"adjust_width":true,"cart_display_type":"text","other_text":"Other","cl_rule":"show","col":6,"values":[{"label":"35","value":"EU 35","price":"","pimage":"","pimage_id":"","pthumb":"","color":""},{"label":"35.5","value":"EU 35.5","price":"","pimage":"","pimage_id":"","pthumb":"","color":""},{"label":"36","value":"EU 36","price":"","pimage":"","pimage_id":"","pthumb":"","color":"","selected":true},{"label":"36 2\/3","value":"EU 36 2\/3","price":"","pimage":"","pimage_id":"","pthumb":"","color":""},{"label":"37 1\/3","value":"EU 37 1\/3","price":"","pimage":"","pimage_id":"","pthumb":"","color":""},{"label":"38","value":"EU 38","price":"","pimage":"","pimage_id":"","pthumb":"","color":""},{"label":"38 2\/3","value":"EU 38 2\/3","price":"","pimage":"","pimage_id":"","pthumb":"","color":""},{"label":"39 1\/3","value":"EU 39 1\/3","price":"","pimage":"","pimage_id":"","pthumb":"","color":""},{"label":"40","value":"EU 40","price":"","pimage":"","pimage_id":"","pthumb":"","color":""},{"label":"40 2\/3","value":"EU 40 2\/3","price":"","pimage":"","pimage_id":"","pthumb":"","color":""},{"label":"41 1\/3","value":"EU 41 1\/3","price":"","pimage":"","pimage_id":"","pthumb":"","color":""},{"label":"42","value":"EU 42","price":"","pimage":"","pimage_id":"","pthumb":"","color":""},{"label":"42 2\/3","value":"EU 42 2\/3","price":"","pimage":"","pimage_id":"","pthumb":"","color":""},{"label":"43 1\/3","value":"EU 43 1\/3","price":"","pimage":"","pimage_id":"","pthumb":"","color":""},{"label":"44","value":"EU 44","price":"","pimage":"","pimage_id":"","pthumb":"","color":""},{"label":"44 2\/3","value":"EU 44 2\/3","price":"","pimage":"","pimage_id":"","pthumb":"","color":""},{"label":"45 1\/3","value":"EU 45 1\/3","price":"","pimage":"","pimage_id":"","pthumb":"","color":""},{"label":"46","value":"EU 46","price":"","pimage":"","pimage_id":"","pthumb":"","color":""},{"label":"46 2\/3","value":"EU 46 2\/3","price":"","pimage":"","pimage_id":"","pthumb":"","color":""},{"label":"47 1\/3","value":"EU 47 1\/3","price":"","pimage":"","pimage_id":"","pthumb":"","color":""}],"relations":[{"operator":false,"rules":[]}],"form_id":24802,"form_rules":{"pric_cal_option_once":false,"exclude_from_discount":false,"pric_use_as_fee":false,"fee_label":"Fee","render_after_acb":false,"disp_hide_options_price":false}}]},"yoast_head":"<!-- This site is optimized with the Yoast SEO plugin v26.5 - https:\/\/yoast.com\/wordpress\/plugins\/seo\/ -->\n<title>Adidas Y-3 Adizero Adios 9 &#039;Magic Lime&#039; - Loftrunway<\/title>\n<meta name=\"robots\" content=\"index, follow, max-snippet:-1, max-image-preview:large, max-video-preview:-1\" \/>\n<link rel=\"canonical\" href=\"https:\/\/loftrunway.com\/de\/products\/adidas-y-3-adizero-adios-9-magic-lime\/\" \/>\n<meta property=\"og:locale\" content=\"de_DE\" \/>\n<meta property=\"og:type\" content=\"article\" \/>\n<meta property=\"og:title\" content=\"Adidas Y-3 Adizero Adios 9 &#039;Magic Lime&#039; - Loftrunway\" \/>\n<meta property=\"og:description\" content=\"adidas Y-3 Adios 9 \u2014 Magic Lime\/Almost Lime\/Green Oxide\" \/>\n<meta property=\"og:url\" content=\"https:\/\/loftrunway.com\/de\/products\/adidas-y-3-adizero-adios-9-magic-lime\/\" \/>\n<meta property=\"og:site_name\" content=\"loftRUN Sneaker Store\" \/>\n<meta property=\"article:modified_time\" content=\"2026-04-02T07:28:40+00:00\" \/>\n<meta name=\"twitter:card\" content=\"summary_large_image\" \/>\n<meta name=\"twitter:image\" content=\"https:\/\/images.novelship.com\/product\/y-3_adios_9_running_shoes_js3138_0_90992.jpeg\" \/>\n<meta name=\"twitter:label1\" content=\"Gesch\u00e4tzte Lesezeit\" \/>\n\t<meta name=\"twitter:data1\" content=\"1\u00a0Minute\" \/>\n<script type=\"application\/ld+json\" class=\"yoast-schema-graph\">{\"@context\":\"https:\/\/schema.org\",\"@graph\":[{\"@type\":\"WebPage\",\"@id\":\"https:\/\/loftrunway.com\/de\/products\/adidas-y-3-adizero-adios-9-magic-lime\/\",\"url\":\"https:\/\/loftrunway.com\/de\/products\/adidas-y-3-adizero-adios-9-magic-lime\/\",\"name\":\"Adidas Y-3 Adizero Adios 9 'Magic Lime' - Loftrunway\",\"isPartOf\":{\"@id\":\"https:\/\/loftrunway.com\/de\/#website\"},\"primaryImageOfPage\":{\"@id\":\"https:\/\/loftrunway.com\/de\/products\/adidas-y-3-adizero-adios-9-magic-lime\/#primaryimage\"},\"image\":{\"@id\":\"https:\/\/loftrunway.com\/de\/products\/adidas-y-3-adizero-adios-9-magic-lime\/#primaryimage\"},\"thumbnailUrl\":\"https:\/\/images.novelship.com\/product\/y-3_adios_9_running_shoes_js3138_0_90992.jpeg\",\"datePublished\":\"2026-02-25T12:20:29+00:00\",\"dateModified\":\"2026-04-02T07:28:40+00:00\",\"breadcrumb\":{\"@id\":\"https:\/\/loftrunway.com\/de\/products\/adidas-y-3-adizero-adios-9-magic-lime\/#breadcrumb\"},\"inLanguage\":\"de\",\"potentialAction\":[{\"@type\":\"ReadAction\",\"target\":[\"https:\/\/loftrunway.com\/de\/products\/adidas-y-3-adizero-adios-9-magic-lime\/\"]}]},{\"@type\":\"ImageObject\",\"inLanguage\":\"de\",\"@id\":\"https:\/\/loftrunway.com\/de\/products\/adidas-y-3-adizero-adios-9-magic-lime\/#primaryimage\",\"url\":\"https:\/\/images.novelship.com\/product\/y-3_adios_9_running_shoes_js3138_0_90992.jpeg\",\"contentUrl\":\"https:\/\/images.novelship.com\/product\/y-3_adios_9_running_shoes_js3138_0_90992.jpeg\"},{\"@type\":\"BreadcrumbList\",\"@id\":\"https:\/\/loftrunway.com\/de\/products\/adidas-y-3-adizero-adios-9-magic-lime\/#breadcrumb\",\"itemListElement\":[{\"@type\":\"ListItem\",\"position\":1,\"name\":\"Home\",\"item\":\"https:\/\/loftrunway.com\/de\/\"},{\"@type\":\"ListItem\",\"position\":2,\"name\":\"Shop\",\"item\":\"https:\/\/loftrunway.com\/de\/shop\/\"},{\"@type\":\"ListItem\",\"position\":3,\"name\":\"Adidas Y-3 Adizero Adios 9 &#8218;Magic Lime&#8216;\"}]},{\"@type\":\"WebSite\",\"@id\":\"https:\/\/loftrunway.com\/de\/#website\",\"url\":\"https:\/\/loftrunway.com\/de\/\",\"name\":\"Styloral Jewelry Shop\",\"description\":\"Der Ort, an dem man alle Arten von Sneakern findet\",\"publisher\":{\"@id\":\"https:\/\/loftrunway.com\/de\/#organization\"},\"potentialAction\":[{\"@type\":\"SearchAction\",\"target\":{\"@type\":\"EntryPoint\",\"urlTemplate\":\"https:\/\/loftrunway.com\/de\/?s={search_term_string}\"},\"query-input\":{\"@type\":\"PropertyValueSpecification\",\"valueRequired\":true,\"valueName\":\"search_term_string\"}}],\"inLanguage\":\"de\"},{\"@type\":\"Organization\",\"@id\":\"https:\/\/loftrunway.com\/de\/#organization\",\"name\":\"STYLORAL PTE. LTD\",\"url\":\"https:\/\/loftrunway.com\/de\/\",\"logo\":{\"@type\":\"ImageObject\",\"inLanguage\":\"de\",\"@id\":\"https:\/\/loftrunway.com\/de\/#\/schema\/logo\/image\/\",\"url\":\"https:\/\/www.loftrunway.com\/wp-content\/uploads\/2025\/12\/logo.png\",\"contentUrl\":\"https:\/\/www.loftrunway.com\/wp-content\/uploads\/2025\/12\/logo.png\",\"width\":200,\"height\":65,\"caption\":\"STYLORAL PTE. LTD\"},\"image\":{\"@id\":\"https:\/\/loftrunway.com\/de\/#\/schema\/logo\/image\/\"}}]}<\/script>\n<!-- \/ Yoast SEO plugin. -->","yoast_head_json":{"title":"Adidas Y-3 Adizero Adios 9 'Magic Lime' - Loftrunway","robots":{"index":"index","follow":"follow","max-snippet":"max-snippet:-1","max-image-preview":"max-image-preview:large","max-video-preview":"max-video-preview:-1"},"canonical":"https:\/\/loftrunway.com\/de\/products\/adidas-y-3-adizero-adios-9-magic-lime\/","og_locale":"de_DE","og_type":"article","og_title":"Adidas Y-3 Adizero Adios 9 'Magic Lime' - Loftrunway","og_description":"adidas Y-3 Adios 9 \u2014 Magic Lime\/Almost Lime\/Green Oxide","og_url":"https:\/\/loftrunway.com\/de\/products\/adidas-y-3-adizero-adios-9-magic-lime\/","og_site_name":"loftRUN Sneaker Store","article_modified_time":"2026-04-02T07:28:40+00:00","twitter_card":"summary_large_image","twitter_image":"https:\/\/images.novelship.com\/product\/y-3_adios_9_running_shoes_js3138_0_90992.jpeg","twitter_misc":{"Gesch\u00e4tzte Lesezeit":"1\u00a0Minute"},"schema":{"@context":"https:\/\/schema.org","@graph":[{"@type":"WebPage","@id":"https:\/\/loftrunway.com\/de\/products\/adidas-y-3-adizero-adios-9-magic-lime\/","url":"https:\/\/loftrunway.com\/de\/products\/adidas-y-3-adizero-adios-9-magic-lime\/","name":"Adidas Y-3 Adizero Adios 9 'Magic Lime' - Loftrunway","isPartOf":{"@id":"https:\/\/loftrunway.com\/de\/#website"},"primaryImageOfPage":{"@id":"https:\/\/loftrunway.com\/de\/products\/adidas-y-3-adizero-adios-9-magic-lime\/#primaryimage"},"image":{"@id":"https:\/\/loftrunway.com\/de\/products\/adidas-y-3-adizero-adios-9-magic-lime\/#primaryimage"},"thumbnailUrl":"https:\/\/images.novelship.com\/product\/y-3_adios_9_running_shoes_js3138_0_90992.jpeg","datePublished":"2026-02-25T12:20:29+00:00","dateModified":"2026-04-02T07:28:40+00:00","breadcrumb":{"@id":"https:\/\/loftrunway.com\/de\/products\/adidas-y-3-adizero-adios-9-magic-lime\/#breadcrumb"},"inLanguage":"de","potentialAction":[{"@type":"ReadAction","target":["https:\/\/loftrunway.com\/de\/products\/adidas-y-3-adizero-adios-9-magic-lime\/"]}]},{"@type":"ImageObject","inLanguage":"de","@id":"https:\/\/loftrunway.com\/de\/products\/adidas-y-3-adizero-adios-9-magic-lime\/#primaryimage","url":"https:\/\/images.novelship.com\/product\/y-3_adios_9_running_shoes_js3138_0_90992.jpeg","contentUrl":"https:\/\/images.novelship.com\/product\/y-3_adios_9_running_shoes_js3138_0_90992.jpeg"},{"@type":"BreadcrumbList","@id":"https:\/\/loftrunway.com\/de\/products\/adidas-y-3-adizero-adios-9-magic-lime\/#breadcrumb","itemListElement":[{"@type":"ListItem","position":1,"name":"Home","item":"https:\/\/loftrunway.com\/de\/"},{"@type":"ListItem","position":2,"name":"Shop","item":"https:\/\/loftrunway.com\/de\/shop\/"},{"@type":"ListItem","position":3,"name":"Adidas Y-3 Adizero Adios 9 &#8218;Magic Lime&#8216;"}]},{"@type":"WebSite","@id":"https:\/\/loftrunway.com\/de\/#website","url":"https:\/\/loftrunway.com\/de\/","name":"Styloral Jewelry Shop","description":"Der Ort, an dem man alle Arten von Sneakern findet","publisher":{"@id":"https:\/\/loftrunway.com\/de\/#organization"},"potentialAction":[{"@type":"SearchAction","target":{"@type":"EntryPoint","urlTemplate":"https:\/\/loftrunway.com\/de\/?s={search_term_string}"},"query-input":{"@type":"PropertyValueSpecification","valueRequired":true,"valueName":"search_term_string"}}],"inLanguage":"de"},{"@type":"Organization","@id":"https:\/\/loftrunway.com\/de\/#organization","name":"STYLORAL PTE. LTD","url":"https:\/\/loftrunway.com\/de\/","logo":{"@type":"ImageObject","inLanguage":"de","@id":"https:\/\/loftrunway.com\/de\/#\/schema\/logo\/image\/","url":"https:\/\/www.loftrunway.com\/wp-content\/uploads\/2025\/12\/logo.png","contentUrl":"https:\/\/www.loftrunway.com\/wp-content\/uploads\/2025\/12\/logo.png","width":200,"height":65,"caption":"STYLORAL PTE. LTD"},"image":{"@id":"https:\/\/loftrunway.com\/de\/#\/schema\/logo\/image\/"}}]}},"_links":{"self":[{"href":"https:\/\/loftrunway.com\/de\/wp-json\/wp\/v2\/product\/23991","targetHints":{"allow":["GET"]}}],"collection":[{"href":"https:\/\/loftrunway.com\/de\/wp-json\/wp\/v2\/product"}],"about":[{"href":"https:\/\/loftrunway.com\/de\/wp-json\/wp\/v2\/types\/product"}],"replies":[{"embeddable":true,"href":"https:\/\/loftrunway.com\/de\/wp-json\/wp\/v2\/comments?post=23991"}],"wp:featuredmedia":[{"embeddable":true,"href":"https:\/\/loftrunway.com\/de\/wp-json\/wp\/v2\/media\/23992"}],"wp:attachment":[{"href":"https:\/\/loftrunway.com\/de\/wp-json\/wp\/v2\/media?parent=23991"}],"wp:term":[{"taxonomy":"product_brand","embeddable":true,"href":"https:\/\/loftrunway.com\/de\/wp-json\/wp\/v2\/product_brand?post=23991"},{"taxonomy":"product_cat","embeddable":true,"href":"https:\/\/loftrunway.com\/de\/wp-json\/wp\/v2\/product_cat?post=23991"},{"taxonomy":"product_tag","embeddable":true,"href":"https:\/\/loftrunway.com\/de\/wp-json\/wp\/v2\/product_tag?post=23991"}],"curies":[{"name":"wp","href":"https:\/\/api.w.org\/{rel}","templated":true}]}}