{"id":25511,"date":"2026-03-02T14:33:08","date_gmt":"2026-03-02T07:33:08","guid":{"rendered":"http:\/\/loftrunway.com\/product\/women-adidas-handball-spezial-loafer-core-blackcore-blackgum"},"modified":"2026-04-02T14:29:47","modified_gmt":"2026-04-02T07:29:47","slug":"women-adidas-handball-spezial-loafer-core-blackcore-blackgum","status":"publish","type":"product","link":"https:\/\/loftrunway.com\/de\/products\/women-adidas-handball-spezial-loafer-core-blackcore-blackgum\/","title":{"rendered":"(Women) Adidas Handball Spezial Loafer Core Black\/Core Black\/Gum"},"content":{"rendered":"<p>Erleben Sie unvergleichlichen Stil und Komfort mit dem Adidas Handball Spezial Loafer in Core Black. Dieser klassische und zugleich moderne Loafer wurde f\u00fcr globale Trendsetter entworfen und besticht durch hochwertige Lederdetails, die Langlebigkeit und Eleganz garantieren. Die Gummisohle bietet au\u00dfergew\u00f6hnlichen Grip und macht ihn perfekt f\u00fcr Sport und Freizeit. Ob auf dem Court oder in der Stadt \u201d\u201c der Spezial Loafer bietet optimalen Halt und zeitloses Design. Setzen Sie mit Adidas neue Ma\u00dfst\u00e4be in Sachen Schuhe \u201d\u201c wo Innovation auf ikonische Mode trifft.<\/p>\n<ul>\n<li><strong>Farbgebung:<\/strong> Core Black\/Core Black\/Gum<\/li>\n<li><strong>Artikelnummer:<\/strong> KJ0641<\/li>\n<li><strong>Obermaterial:<\/strong> Wildleder<\/li>\n<li><strong>Farbe:<\/strong> Schwarz<\/li>\n<\/ul>\n","protected":false},"excerpt":{"rendered":"<p>adidas Handball Spezial Loafer \u201d\u201d Core Black\/Core Black\/Gum<\/p>\n","protected":false},"featured_media":25512,"comment_status":"open","ping_status":"closed","template":"","meta":[],"product_brand":[],"product_cat":[10941,41273],"product_tag":[10759,10750,10813,10754,10949,10778,10758],"class_list":{"0":"post-25511","1":"product","2":"type-product","3":"status-publish","4":"has-post-thumbnail","6":"product_cat-adidas-women","7":"product_cat-remove","8":"product_tag-adidas","9":"product_tag-athleisure-shoes","10":"product_tag-court-classic-shoes","11":"product_tag-lifestyle-casual-shoes","12":"product_tag-lifestyle-shoes-handball-inspired","13":"product_tag-new-release","14":"product_tag-under-retail","15":"wcpa_has_options","17":"first","18":"instock","19":"sale","20":"taxable","21":"shipping-taxable","22":"purchasable","23":"product-type-simple"},"wcpa_form_fields":{"rules":{"pric_overide_base_price":false,"pric_overide_base_price_if_gt_zero":false,"pric_overide_base_price_fully":false,"pric_cal_option_once":false,"pric_use_as_fee":false,"bind_quantity":false,"quantity_bind_formula":false},"fields":[{"type":"color-group","required":true,"elementId":"wcpa-color-group-66c4a7f817afe","label":"Gr\u00f6\u00dfe","inline":true,"priceOptions":"different_for_all","pricingType":"fixed","className":"hassizechart product-shoes-size-eu product-shoes-size","name":"color-group-66c4a7f817b18","disp_type":"square","selection_type":"tick-border","disp_size":"50","show_label_inside":true,"adjust_width":true,"cart_display_type":"text","other_text":"Other","cl_rule":"show","col":6,"values":[{"label":"35","value":"EU 35","price":"","pimage":"","pimage_id":"","pthumb":"","color":""},{"label":"35.5","value":"EU 35.5","price":"","pimage":"","pimage_id":"","pthumb":"","color":""},{"label":"36","value":"EU 36","price":"","pimage":"","pimage_id":"","pthumb":"","color":"","selected":true},{"label":"36 2\/3","value":"EU 36 2\/3","price":"","pimage":"","pimage_id":"","pthumb":"","color":""},{"label":"37 1\/3","value":"EU 37 1\/3","price":"","pimage":"","pimage_id":"","pthumb":"","color":""},{"label":"38","value":"EU 38","price":"","pimage":"","pimage_id":"","pthumb":"","color":""},{"label":"38 2\/3","value":"EU 38 2\/3","price":"","pimage":"","pimage_id":"","pthumb":"","color":""},{"label":"39 1\/3","value":"EU 39 1\/3","price":"","pimage":"","pimage_id":"","pthumb":"","color":""},{"label":"40","value":"EU 40","price":"","pimage":"","pimage_id":"","pthumb":"","color":""},{"label":"40 2\/3","value":"EU 40 2\/3","price":"","pimage":"","pimage_id":"","pthumb":"","color":""},{"label":"41 1\/3","value":"EU 41 1\/3","price":"","pimage":"","pimage_id":"","pthumb":"","color":""},{"label":"42","value":"EU 42","price":"","pimage":"","pimage_id":"","pthumb":"","color":""},{"label":"42 2\/3","value":"EU 42 2\/3","price":"","pimage":"","pimage_id":"","pthumb":"","color":""},{"label":"43 1\/3","value":"EU 43 1\/3","price":"","pimage":"","pimage_id":"","pthumb":"","color":""},{"label":"44","value":"EU 44","price":"","pimage":"","pimage_id":"","pthumb":"","color":""},{"label":"44 2\/3","value":"EU 44 2\/3","price":"","pimage":"","pimage_id":"","pthumb":"","color":""},{"label":"45 1\/3","value":"EU 45 1\/3","price":"","pimage":"","pimage_id":"","pthumb":"","color":""},{"label":"46","value":"EU 46","price":"","pimage":"","pimage_id":"","pthumb":"","color":""},{"label":"46 2\/3","value":"EU 46 2\/3","price":"","pimage":"","pimage_id":"","pthumb":"","color":""},{"label":"47 1\/3","value":"EU 47 1\/3","price":"","pimage":"","pimage_id":"","pthumb":"","color":""}],"relations":[{"operator":false,"rules":[]}],"form_id":24802,"form_rules":{"pric_cal_option_once":false,"exclude_from_discount":false,"pric_use_as_fee":false,"fee_label":"Fee","render_after_acb":false,"disp_hide_options_price":false}}]},"yoast_head":"<!-- This site is optimized with the Yoast SEO plugin v26.5 - https:\/\/yoast.com\/wordpress\/plugins\/seo\/ -->\n<title>(Women) Adidas Handball Spezial Loafer Core Black\/Core Black\/Gum  - Loftrunway<\/title>\n<meta name=\"robots\" content=\"index, follow, max-snippet:-1, max-image-preview:large, max-video-preview:-1\" \/>\n<link rel=\"canonical\" href=\"https:\/\/loftrunway.com\/de\/products\/women-adidas-handball-spezial-loafer-core-blackcore-blackgum\/\" \/>\n<meta property=\"og:locale\" content=\"de_DE\" \/>\n<meta property=\"og:type\" content=\"article\" \/>\n<meta property=\"og:title\" content=\"(Women) Adidas Handball Spezial Loafer Core Black\/Core Black\/Gum  - Loftrunway\" \/>\n<meta property=\"og:description\" content=\"adidas Handball Spezial Loafer \u201d\u201d Core Black\/Core Black\/Gum\" \/>\n<meta property=\"og:url\" content=\"https:\/\/loftrunway.com\/de\/products\/women-adidas-handball-spezial-loafer-core-blackcore-blackgum\/\" \/>\n<meta property=\"og:site_name\" content=\"loftRUN Sneaker Store\" \/>\n<meta property=\"article:modified_time\" content=\"2026-04-02T07:29:47+00:00\" \/>\n<meta name=\"twitter:card\" content=\"summary_large_image\" \/>\n<meta name=\"twitter:image\" content=\"https:\/\/images.novelship.com\/product\/adidas_handball_spezial_loafer_core_black_core_bla_0_4852.jpeg\" \/>\n<script type=\"application\/ld+json\" class=\"yoast-schema-graph\">{\"@context\":\"https:\/\/schema.org\",\"@graph\":[{\"@type\":\"WebPage\",\"@id\":\"https:\/\/loftrunway.com\/de\/products\/women-adidas-handball-spezial-loafer-core-blackcore-blackgum\/\",\"url\":\"https:\/\/loftrunway.com\/de\/products\/women-adidas-handball-spezial-loafer-core-blackcore-blackgum\/\",\"name\":\"(Women) Adidas Handball Spezial Loafer Core Black\/Core Black\/Gum - Loftrunway\",\"isPartOf\":{\"@id\":\"https:\/\/loftrunway.com\/de\/#website\"},\"primaryImageOfPage\":{\"@id\":\"https:\/\/loftrunway.com\/de\/products\/women-adidas-handball-spezial-loafer-core-blackcore-blackgum\/#primaryimage\"},\"image\":{\"@id\":\"https:\/\/loftrunway.com\/de\/products\/women-adidas-handball-spezial-loafer-core-blackcore-blackgum\/#primaryimage\"},\"thumbnailUrl\":\"https:\/\/images.novelship.com\/product\/adidas_handball_spezial_loafer_core_black_core_bla_0_4852.jpeg\",\"datePublished\":\"2026-03-02T07:33:08+00:00\",\"dateModified\":\"2026-04-02T07:29:47+00:00\",\"breadcrumb\":{\"@id\":\"https:\/\/loftrunway.com\/de\/products\/women-adidas-handball-spezial-loafer-core-blackcore-blackgum\/#breadcrumb\"},\"inLanguage\":\"de\",\"potentialAction\":[{\"@type\":\"ReadAction\",\"target\":[\"https:\/\/loftrunway.com\/de\/products\/women-adidas-handball-spezial-loafer-core-blackcore-blackgum\/\"]}]},{\"@type\":\"ImageObject\",\"inLanguage\":\"de\",\"@id\":\"https:\/\/loftrunway.com\/de\/products\/women-adidas-handball-spezial-loafer-core-blackcore-blackgum\/#primaryimage\",\"url\":\"https:\/\/images.novelship.com\/product\/adidas_handball_spezial_loafer_core_black_core_bla_0_4852.jpeg\",\"contentUrl\":\"https:\/\/images.novelship.com\/product\/adidas_handball_spezial_loafer_core_black_core_bla_0_4852.jpeg\"},{\"@type\":\"BreadcrumbList\",\"@id\":\"https:\/\/loftrunway.com\/de\/products\/women-adidas-handball-spezial-loafer-core-blackcore-blackgum\/#breadcrumb\",\"itemListElement\":[{\"@type\":\"ListItem\",\"position\":1,\"name\":\"Home\",\"item\":\"https:\/\/loftrunway.com\/de\/\"},{\"@type\":\"ListItem\",\"position\":2,\"name\":\"Shop\",\"item\":\"https:\/\/loftrunway.com\/de\/shop\/\"},{\"@type\":\"ListItem\",\"position\":3,\"name\":\"(Women) Adidas Handball Spezial Loafer Core Black\/Core Black\/Gum\"}]},{\"@type\":\"WebSite\",\"@id\":\"https:\/\/loftrunway.com\/de\/#website\",\"url\":\"https:\/\/loftrunway.com\/de\/\",\"name\":\"Styloral Jewelry Shop\",\"description\":\"Der Ort, an dem man alle Arten von Sneakern findet\",\"publisher\":{\"@id\":\"https:\/\/loftrunway.com\/de\/#organization\"},\"potentialAction\":[{\"@type\":\"SearchAction\",\"target\":{\"@type\":\"EntryPoint\",\"urlTemplate\":\"https:\/\/loftrunway.com\/de\/?s={search_term_string}\"},\"query-input\":{\"@type\":\"PropertyValueSpecification\",\"valueRequired\":true,\"valueName\":\"search_term_string\"}}],\"inLanguage\":\"de\"},{\"@type\":\"Organization\",\"@id\":\"https:\/\/loftrunway.com\/de\/#organization\",\"name\":\"STYLORAL PTE. LTD\",\"url\":\"https:\/\/loftrunway.com\/de\/\",\"logo\":{\"@type\":\"ImageObject\",\"inLanguage\":\"de\",\"@id\":\"https:\/\/loftrunway.com\/de\/#\/schema\/logo\/image\/\",\"url\":\"https:\/\/www.loftrunway.com\/wp-content\/uploads\/2025\/12\/logo.png\",\"contentUrl\":\"https:\/\/www.loftrunway.com\/wp-content\/uploads\/2025\/12\/logo.png\",\"width\":200,\"height\":65,\"caption\":\"STYLORAL PTE. LTD\"},\"image\":{\"@id\":\"https:\/\/loftrunway.com\/de\/#\/schema\/logo\/image\/\"}}]}<\/script>\n<!-- \/ Yoast SEO plugin. -->","yoast_head_json":{"title":"(Women) Adidas Handball Spezial Loafer Core Black\/Core Black\/Gum  - Loftrunway","robots":{"index":"index","follow":"follow","max-snippet":"max-snippet:-1","max-image-preview":"max-image-preview:large","max-video-preview":"max-video-preview:-1"},"canonical":"https:\/\/loftrunway.com\/de\/products\/women-adidas-handball-spezial-loafer-core-blackcore-blackgum\/","og_locale":"de_DE","og_type":"article","og_title":"(Women) Adidas Handball Spezial Loafer Core Black\/Core Black\/Gum  - Loftrunway","og_description":"adidas Handball Spezial Loafer \u201d\u201d Core Black\/Core Black\/Gum","og_url":"https:\/\/loftrunway.com\/de\/products\/women-adidas-handball-spezial-loafer-core-blackcore-blackgum\/","og_site_name":"loftRUN Sneaker Store","article_modified_time":"2026-04-02T07:29:47+00:00","twitter_card":"summary_large_image","twitter_image":"https:\/\/images.novelship.com\/product\/adidas_handball_spezial_loafer_core_black_core_bla_0_4852.jpeg","schema":{"@context":"https:\/\/schema.org","@graph":[{"@type":"WebPage","@id":"https:\/\/loftrunway.com\/de\/products\/women-adidas-handball-spezial-loafer-core-blackcore-blackgum\/","url":"https:\/\/loftrunway.com\/de\/products\/women-adidas-handball-spezial-loafer-core-blackcore-blackgum\/","name":"(Women) Adidas Handball Spezial Loafer Core Black\/Core Black\/Gum - Loftrunway","isPartOf":{"@id":"https:\/\/loftrunway.com\/de\/#website"},"primaryImageOfPage":{"@id":"https:\/\/loftrunway.com\/de\/products\/women-adidas-handball-spezial-loafer-core-blackcore-blackgum\/#primaryimage"},"image":{"@id":"https:\/\/loftrunway.com\/de\/products\/women-adidas-handball-spezial-loafer-core-blackcore-blackgum\/#primaryimage"},"thumbnailUrl":"https:\/\/images.novelship.com\/product\/adidas_handball_spezial_loafer_core_black_core_bla_0_4852.jpeg","datePublished":"2026-03-02T07:33:08+00:00","dateModified":"2026-04-02T07:29:47+00:00","breadcrumb":{"@id":"https:\/\/loftrunway.com\/de\/products\/women-adidas-handball-spezial-loafer-core-blackcore-blackgum\/#breadcrumb"},"inLanguage":"de","potentialAction":[{"@type":"ReadAction","target":["https:\/\/loftrunway.com\/de\/products\/women-adidas-handball-spezial-loafer-core-blackcore-blackgum\/"]}]},{"@type":"ImageObject","inLanguage":"de","@id":"https:\/\/loftrunway.com\/de\/products\/women-adidas-handball-spezial-loafer-core-blackcore-blackgum\/#primaryimage","url":"https:\/\/images.novelship.com\/product\/adidas_handball_spezial_loafer_core_black_core_bla_0_4852.jpeg","contentUrl":"https:\/\/images.novelship.com\/product\/adidas_handball_spezial_loafer_core_black_core_bla_0_4852.jpeg"},{"@type":"BreadcrumbList","@id":"https:\/\/loftrunway.com\/de\/products\/women-adidas-handball-spezial-loafer-core-blackcore-blackgum\/#breadcrumb","itemListElement":[{"@type":"ListItem","position":1,"name":"Home","item":"https:\/\/loftrunway.com\/de\/"},{"@type":"ListItem","position":2,"name":"Shop","item":"https:\/\/loftrunway.com\/de\/shop\/"},{"@type":"ListItem","position":3,"name":"(Women) Adidas Handball Spezial Loafer Core Black\/Core Black\/Gum"}]},{"@type":"WebSite","@id":"https:\/\/loftrunway.com\/de\/#website","url":"https:\/\/loftrunway.com\/de\/","name":"Styloral Jewelry Shop","description":"Der Ort, an dem man alle Arten von Sneakern findet","publisher":{"@id":"https:\/\/loftrunway.com\/de\/#organization"},"potentialAction":[{"@type":"SearchAction","target":{"@type":"EntryPoint","urlTemplate":"https:\/\/loftrunway.com\/de\/?s={search_term_string}"},"query-input":{"@type":"PropertyValueSpecification","valueRequired":true,"valueName":"search_term_string"}}],"inLanguage":"de"},{"@type":"Organization","@id":"https:\/\/loftrunway.com\/de\/#organization","name":"STYLORAL PTE. LTD","url":"https:\/\/loftrunway.com\/de\/","logo":{"@type":"ImageObject","inLanguage":"de","@id":"https:\/\/loftrunway.com\/de\/#\/schema\/logo\/image\/","url":"https:\/\/www.loftrunway.com\/wp-content\/uploads\/2025\/12\/logo.png","contentUrl":"https:\/\/www.loftrunway.com\/wp-content\/uploads\/2025\/12\/logo.png","width":200,"height":65,"caption":"STYLORAL PTE. LTD"},"image":{"@id":"https:\/\/loftrunway.com\/de\/#\/schema\/logo\/image\/"}}]}},"_links":{"self":[{"href":"https:\/\/loftrunway.com\/de\/wp-json\/wp\/v2\/product\/25511","targetHints":{"allow":["GET"]}}],"collection":[{"href":"https:\/\/loftrunway.com\/de\/wp-json\/wp\/v2\/product"}],"about":[{"href":"https:\/\/loftrunway.com\/de\/wp-json\/wp\/v2\/types\/product"}],"replies":[{"embeddable":true,"href":"https:\/\/loftrunway.com\/de\/wp-json\/wp\/v2\/comments?post=25511"}],"wp:featuredmedia":[{"embeddable":true,"href":"https:\/\/loftrunway.com\/de\/wp-json\/wp\/v2\/media\/25512"}],"wp:attachment":[{"href":"https:\/\/loftrunway.com\/de\/wp-json\/wp\/v2\/media?parent=25511"}],"wp:term":[{"taxonomy":"product_brand","embeddable":true,"href":"https:\/\/loftrunway.com\/de\/wp-json\/wp\/v2\/product_brand?post=25511"},{"taxonomy":"product_cat","embeddable":true,"href":"https:\/\/loftrunway.com\/de\/wp-json\/wp\/v2\/product_cat?post=25511"},{"taxonomy":"product_tag","embeddable":true,"href":"https:\/\/loftrunway.com\/de\/wp-json\/wp\/v2\/product_tag?post=25511"}],"curies":[{"name":"wp","href":"https:\/\/api.w.org\/{rel}","templated":true}]}}