{"id":26049,"date":"2026-03-02T14:33:48","date_gmt":"2026-03-02T07:33:48","guid":{"rendered":"http:\/\/loftrunway.com\/product\/women-nike-pegasus-plus-sapphirelight-thistleviolet-mistpurple-dynasty"},"modified":"2026-04-02T14:29:54","modified_gmt":"2026-04-02T07:29:54","slug":"women-nike-pegasus-plus-sapphirelight-thistleviolet-mistpurple-dynasty","status":"publish","type":"product","link":"https:\/\/loftrunway.com\/de\/products\/women-nike-pegasus-plus-sapphirelight-thistleviolet-mistpurple-dynasty\/","title":{"rendered":"(Women) Nike Pegasus Plus Sapphire\/Light Thistle\/Violet Mist\/Purple Dynasty"},"content":{"rendered":"<p>Verbessere dein Lauftraining mit dem Nike Pegasus Plus f\u00fcr Damen in den auff\u00e4lligen Farben Saphirblau, Helldistel, Violettnebel und Lila Dynasty. Diese Schuhe wurden f\u00fcr Komfort und Leistung entwickelt und bieten reaktionsfreudige D\u00e4mpfung und ein atmungsaktives Design \u201d\u201c perfekt f\u00fcr jede L\u00e4uferin. Die elegante Farbkombination (FQ7261-503) verleiht deinem Sportoutfit einen stylischen Touch, w\u00e4hrend die dynamische Passform optimalen Halt bietet. Egal, ob du ambitionierte Marathonl\u00e4uferin oder Gelegenheitsjoggerin bist, diese Schuhe werden jeden Schritt mit au\u00dfergew\u00f6hnlichem Stil und Leistung bereichern.<\/p>\n<ul>\n<li><strong>Farbkombination:<\/strong> Saphirblau\/Helldistel\/Violettnebel\/Lila Dynasty<\/li>\n<li><strong>Artikelnummer:<\/strong> FQ7261-503<\/li>\n<li><strong>Obermaterial:<\/strong> Textil<\/li>\n<li><strong>Farbe:<\/strong> Blau<\/li>\n<\/ul>\n","protected":false},"excerpt":{"rendered":"<p>Nike Pegasus Plus \u201d\u201d Sapphire\/Light Thistle\/Violet Mist\/Purple Dynasty<\/p>\n","protected":false},"featured_media":26050,"comment_status":"open","ping_status":"closed","template":"","meta":[],"product_brand":[],"product_cat":[10809,41273],"product_tag":[11053,10801,10839,10802,10840],"class_list":{"0":"post-26049","1":"product","2":"type-product","3":"status-publish","4":"has-post-thumbnail","6":"product_cat-nike-women","7":"product_cat-remove","8":"product_tag-lightweight-running-shoes","9":"product_tag-nike","10":"product_tag-performance-running-shoes","11":"product_tag-performance-sport-shoes","12":"product_tag-running-shoes","13":"wcpa_has_options","15":"first","16":"instock","17":"taxable","18":"shipping-taxable","19":"purchasable","20":"product-type-simple"},"wcpa_form_fields":{"rules":{"pric_overide_base_price":false,"pric_overide_base_price_if_gt_zero":false,"pric_overide_base_price_fully":false,"pric_cal_option_once":false,"pric_use_as_fee":false,"bind_quantity":false,"quantity_bind_formula":false},"fields":[{"type":"color-group","required":true,"elementId":"wcpa-color-group-66c4a75505e74","label":"Gr\u00f6\u00dfe - EU Gr\u00f6\u00dfe","inline":true,"priceOptions":"different_for_all","pricingType":"fixed","className":"hassizechart product-shoes-size-eu product-shoes-size","name":"color-group-66c4a75505e89","disp_type":"square","selection_type":"tick-border","disp_size":"44","show_label_inside":true,"adjust_width":true,"cart_display_type":"text","other_text":"Other","cl_rule":"show","col":6,"values":[{"label":"35.5","value":"EU 35.5","price":"","pimage":"","pimage_id":"","pthumb":"","color":""},{"label":"36","value":"EU 36","price":"","pimage":"","pimage_id":"","pthumb":"","color":"","selected":true},{"label":"36.5","value":"EU 36.5","price":"","pimage":"","pimage_id":"","pthumb":"","color":""},{"label":"37.5","value":"EU 37.5","price":"","pimage":"","pimage_id":"","pthumb":"","color":""},{"label":"38","value":"EU 38","price":"","pimage":"","pimage_id":"","pthumb":"","color":""},{"label":"38.5","value":"EU 38.5","price":"","pimage":"","pimage_id":"","pthumb":"","color":""},{"label":"39","value":"EU 39","price":"","pimage":"","pimage_id":"","pthumb":"","color":""},{"label":"40","value":"EU 40","price":"","pimage":"","pimage_id":"","pthumb":"","color":""},{"label":"40.5","value":"EU 40.5","price":"","pimage":"","pimage_id":"","pthumb":"","color":""},{"label":"41","value":"EU 41","price":"","pimage":"","pimage_id":"","pthumb":"","color":""},{"label":"42","value":"EU 42","price":"","pimage":"","pimage_id":"","pthumb":"","color":""},{"label":"42.5","value":"EU 42.5","price":"","pimage":"","pimage_id":"","pthumb":"","color":""},{"label":"43","value":"EU 43","price":"","pimage":"","pimage_id":"","pthumb":"","color":""},{"label":"44","value":"EU 44","price":"","pimage":"","pimage_id":"","pthumb":"","color":""},{"label":"44.5","value":"EU 44.5","price":"","pimage":"","pimage_id":"","pthumb":"","color":""},{"label":"45","value":"EU 45","price":"","pimage":"","pimage_id":"","pthumb":"","color":""},{"label":"45.5","value":"EU 45.5","price":"","pimage":"","pimage_id":"","pthumb":"","color":""},{"label":"46","value":"EU 46","price":"","pimage":"","pimage_id":"","pthumb":"","color":""},{"label":"47","value":"EU 47","price":"","pimage":"","pimage_id":"","pthumb":"","color":""},{"label":"47.5","value":"EU 47.5","price":"","pimage":"","pimage_id":"","pthumb":"","color":""},{"label":"48","value":"EU 48","price":"","pimage":"","pimage_id":"","pthumb":"","color":""}],"relations":[{"operator":false,"rules":[]}],"form_id":18106,"form_rules":{"pric_cal_option_once":false,"exclude_from_discount":false,"pric_use_as_fee":false,"fee_label":"Fee","render_after_acb":false,"disp_hide_options_price":false}}]},"yoast_head":"<!-- This site is optimized with the Yoast SEO plugin v26.5 - https:\/\/yoast.com\/wordpress\/plugins\/seo\/ -->\n<title>(Women) Nike Pegasus Plus Sapphire\/Light Thistle\/Violet Mist\/Purple Dynasty  - Loftrunway<\/title>\n<meta name=\"robots\" content=\"index, follow, max-snippet:-1, max-image-preview:large, max-video-preview:-1\" \/>\n<link rel=\"canonical\" href=\"https:\/\/loftrunway.com\/de\/products\/women-nike-pegasus-plus-sapphirelight-thistleviolet-mistpurple-dynasty\/\" \/>\n<meta property=\"og:locale\" content=\"de_DE\" \/>\n<meta property=\"og:type\" content=\"article\" \/>\n<meta property=\"og:title\" content=\"(Women) Nike Pegasus Plus Sapphire\/Light Thistle\/Violet Mist\/Purple Dynasty  - Loftrunway\" \/>\n<meta property=\"og:description\" content=\"Nike Pegasus Plus \u201d\u201d Sapphire\/Light Thistle\/Violet Mist\/Purple Dynasty\" \/>\n<meta property=\"og:url\" content=\"https:\/\/loftrunway.com\/de\/products\/women-nike-pegasus-plus-sapphirelight-thistleviolet-mistpurple-dynasty\/\" \/>\n<meta property=\"og:site_name\" content=\"loftRUN Sneaker Store\" \/>\n<meta property=\"article:modified_time\" content=\"2026-04-02T07:29:54+00:00\" \/>\n<meta name=\"twitter:card\" content=\"summary_large_image\" \/>\n<meta name=\"twitter:image\" content=\"https:\/\/images.novelship.com\/product\/_women__nike_pegasus_plus_sapphire_light_thistle_v_0_77020.png\" \/>\n<meta name=\"twitter:label1\" content=\"Gesch\u00e4tzte Lesezeit\" \/>\n\t<meta name=\"twitter:data1\" content=\"1\u00a0Minute\" \/>\n<script type=\"application\/ld+json\" class=\"yoast-schema-graph\">{\"@context\":\"https:\/\/schema.org\",\"@graph\":[{\"@type\":\"WebPage\",\"@id\":\"https:\/\/loftrunway.com\/de\/products\/women-nike-pegasus-plus-sapphirelight-thistleviolet-mistpurple-dynasty\/\",\"url\":\"https:\/\/loftrunway.com\/de\/products\/women-nike-pegasus-plus-sapphirelight-thistleviolet-mistpurple-dynasty\/\",\"name\":\"(Women) Nike Pegasus Plus Sapphire\/Light Thistle\/Violet Mist\/Purple Dynasty - Loftrunway\",\"isPartOf\":{\"@id\":\"https:\/\/loftrunway.com\/de\/#website\"},\"primaryImageOfPage\":{\"@id\":\"https:\/\/loftrunway.com\/de\/products\/women-nike-pegasus-plus-sapphirelight-thistleviolet-mistpurple-dynasty\/#primaryimage\"},\"image\":{\"@id\":\"https:\/\/loftrunway.com\/de\/products\/women-nike-pegasus-plus-sapphirelight-thistleviolet-mistpurple-dynasty\/#primaryimage\"},\"thumbnailUrl\":\"https:\/\/images.novelship.com\/product\/_women__nike_pegasus_plus_sapphire_light_thistle_v_0_77020.png\",\"datePublished\":\"2026-03-02T07:33:48+00:00\",\"dateModified\":\"2026-04-02T07:29:54+00:00\",\"breadcrumb\":{\"@id\":\"https:\/\/loftrunway.com\/de\/products\/women-nike-pegasus-plus-sapphirelight-thistleviolet-mistpurple-dynasty\/#breadcrumb\"},\"inLanguage\":\"de\",\"potentialAction\":[{\"@type\":\"ReadAction\",\"target\":[\"https:\/\/loftrunway.com\/de\/products\/women-nike-pegasus-plus-sapphirelight-thistleviolet-mistpurple-dynasty\/\"]}]},{\"@type\":\"ImageObject\",\"inLanguage\":\"de\",\"@id\":\"https:\/\/loftrunway.com\/de\/products\/women-nike-pegasus-plus-sapphirelight-thistleviolet-mistpurple-dynasty\/#primaryimage\",\"url\":\"https:\/\/images.novelship.com\/product\/_women__nike_pegasus_plus_sapphire_light_thistle_v_0_77020.png\",\"contentUrl\":\"https:\/\/images.novelship.com\/product\/_women__nike_pegasus_plus_sapphire_light_thistle_v_0_77020.png\"},{\"@type\":\"BreadcrumbList\",\"@id\":\"https:\/\/loftrunway.com\/de\/products\/women-nike-pegasus-plus-sapphirelight-thistleviolet-mistpurple-dynasty\/#breadcrumb\",\"itemListElement\":[{\"@type\":\"ListItem\",\"position\":1,\"name\":\"Home\",\"item\":\"https:\/\/loftrunway.com\/de\/\"},{\"@type\":\"ListItem\",\"position\":2,\"name\":\"Shop\",\"item\":\"https:\/\/loftrunway.com\/de\/shop\/\"},{\"@type\":\"ListItem\",\"position\":3,\"name\":\"(Women) Nike Pegasus Plus Sapphire\/Light Thistle\/Violet Mist\/Purple Dynasty\"}]},{\"@type\":\"WebSite\",\"@id\":\"https:\/\/loftrunway.com\/de\/#website\",\"url\":\"https:\/\/loftrunway.com\/de\/\",\"name\":\"Styloral Jewelry Shop\",\"description\":\"Der Ort, an dem man alle Arten von Sneakern findet\",\"publisher\":{\"@id\":\"https:\/\/loftrunway.com\/de\/#organization\"},\"potentialAction\":[{\"@type\":\"SearchAction\",\"target\":{\"@type\":\"EntryPoint\",\"urlTemplate\":\"https:\/\/loftrunway.com\/de\/?s={search_term_string}\"},\"query-input\":{\"@type\":\"PropertyValueSpecification\",\"valueRequired\":true,\"valueName\":\"search_term_string\"}}],\"inLanguage\":\"de\"},{\"@type\":\"Organization\",\"@id\":\"https:\/\/loftrunway.com\/de\/#organization\",\"name\":\"STYLORAL PTE. LTD\",\"url\":\"https:\/\/loftrunway.com\/de\/\",\"logo\":{\"@type\":\"ImageObject\",\"inLanguage\":\"de\",\"@id\":\"https:\/\/loftrunway.com\/de\/#\/schema\/logo\/image\/\",\"url\":\"https:\/\/www.loftrunway.com\/wp-content\/uploads\/2025\/12\/logo.png\",\"contentUrl\":\"https:\/\/www.loftrunway.com\/wp-content\/uploads\/2025\/12\/logo.png\",\"width\":200,\"height\":65,\"caption\":\"STYLORAL PTE. LTD\"},\"image\":{\"@id\":\"https:\/\/loftrunway.com\/de\/#\/schema\/logo\/image\/\"}}]}<\/script>\n<!-- \/ Yoast SEO plugin. -->","yoast_head_json":{"title":"(Women) Nike Pegasus Plus Sapphire\/Light Thistle\/Violet Mist\/Purple Dynasty  - Loftrunway","robots":{"index":"index","follow":"follow","max-snippet":"max-snippet:-1","max-image-preview":"max-image-preview:large","max-video-preview":"max-video-preview:-1"},"canonical":"https:\/\/loftrunway.com\/de\/products\/women-nike-pegasus-plus-sapphirelight-thistleviolet-mistpurple-dynasty\/","og_locale":"de_DE","og_type":"article","og_title":"(Women) Nike Pegasus Plus Sapphire\/Light Thistle\/Violet Mist\/Purple Dynasty  - Loftrunway","og_description":"Nike Pegasus Plus \u201d\u201d Sapphire\/Light Thistle\/Violet Mist\/Purple Dynasty","og_url":"https:\/\/loftrunway.com\/de\/products\/women-nike-pegasus-plus-sapphirelight-thistleviolet-mistpurple-dynasty\/","og_site_name":"loftRUN Sneaker Store","article_modified_time":"2026-04-02T07:29:54+00:00","twitter_card":"summary_large_image","twitter_image":"https:\/\/images.novelship.com\/product\/_women__nike_pegasus_plus_sapphire_light_thistle_v_0_77020.png","twitter_misc":{"Gesch\u00e4tzte Lesezeit":"1\u00a0Minute"},"schema":{"@context":"https:\/\/schema.org","@graph":[{"@type":"WebPage","@id":"https:\/\/loftrunway.com\/de\/products\/women-nike-pegasus-plus-sapphirelight-thistleviolet-mistpurple-dynasty\/","url":"https:\/\/loftrunway.com\/de\/products\/women-nike-pegasus-plus-sapphirelight-thistleviolet-mistpurple-dynasty\/","name":"(Women) Nike Pegasus Plus Sapphire\/Light Thistle\/Violet Mist\/Purple Dynasty - Loftrunway","isPartOf":{"@id":"https:\/\/loftrunway.com\/de\/#website"},"primaryImageOfPage":{"@id":"https:\/\/loftrunway.com\/de\/products\/women-nike-pegasus-plus-sapphirelight-thistleviolet-mistpurple-dynasty\/#primaryimage"},"image":{"@id":"https:\/\/loftrunway.com\/de\/products\/women-nike-pegasus-plus-sapphirelight-thistleviolet-mistpurple-dynasty\/#primaryimage"},"thumbnailUrl":"https:\/\/images.novelship.com\/product\/_women__nike_pegasus_plus_sapphire_light_thistle_v_0_77020.png","datePublished":"2026-03-02T07:33:48+00:00","dateModified":"2026-04-02T07:29:54+00:00","breadcrumb":{"@id":"https:\/\/loftrunway.com\/de\/products\/women-nike-pegasus-plus-sapphirelight-thistleviolet-mistpurple-dynasty\/#breadcrumb"},"inLanguage":"de","potentialAction":[{"@type":"ReadAction","target":["https:\/\/loftrunway.com\/de\/products\/women-nike-pegasus-plus-sapphirelight-thistleviolet-mistpurple-dynasty\/"]}]},{"@type":"ImageObject","inLanguage":"de","@id":"https:\/\/loftrunway.com\/de\/products\/women-nike-pegasus-plus-sapphirelight-thistleviolet-mistpurple-dynasty\/#primaryimage","url":"https:\/\/images.novelship.com\/product\/_women__nike_pegasus_plus_sapphire_light_thistle_v_0_77020.png","contentUrl":"https:\/\/images.novelship.com\/product\/_women__nike_pegasus_plus_sapphire_light_thistle_v_0_77020.png"},{"@type":"BreadcrumbList","@id":"https:\/\/loftrunway.com\/de\/products\/women-nike-pegasus-plus-sapphirelight-thistleviolet-mistpurple-dynasty\/#breadcrumb","itemListElement":[{"@type":"ListItem","position":1,"name":"Home","item":"https:\/\/loftrunway.com\/de\/"},{"@type":"ListItem","position":2,"name":"Shop","item":"https:\/\/loftrunway.com\/de\/shop\/"},{"@type":"ListItem","position":3,"name":"(Women) Nike Pegasus Plus Sapphire\/Light Thistle\/Violet Mist\/Purple Dynasty"}]},{"@type":"WebSite","@id":"https:\/\/loftrunway.com\/de\/#website","url":"https:\/\/loftrunway.com\/de\/","name":"Styloral Jewelry Shop","description":"Der Ort, an dem man alle Arten von Sneakern findet","publisher":{"@id":"https:\/\/loftrunway.com\/de\/#organization"},"potentialAction":[{"@type":"SearchAction","target":{"@type":"EntryPoint","urlTemplate":"https:\/\/loftrunway.com\/de\/?s={search_term_string}"},"query-input":{"@type":"PropertyValueSpecification","valueRequired":true,"valueName":"search_term_string"}}],"inLanguage":"de"},{"@type":"Organization","@id":"https:\/\/loftrunway.com\/de\/#organization","name":"STYLORAL PTE. LTD","url":"https:\/\/loftrunway.com\/de\/","logo":{"@type":"ImageObject","inLanguage":"de","@id":"https:\/\/loftrunway.com\/de\/#\/schema\/logo\/image\/","url":"https:\/\/www.loftrunway.com\/wp-content\/uploads\/2025\/12\/logo.png","contentUrl":"https:\/\/www.loftrunway.com\/wp-content\/uploads\/2025\/12\/logo.png","width":200,"height":65,"caption":"STYLORAL PTE. LTD"},"image":{"@id":"https:\/\/loftrunway.com\/de\/#\/schema\/logo\/image\/"}}]}},"_links":{"self":[{"href":"https:\/\/loftrunway.com\/de\/wp-json\/wp\/v2\/product\/26049","targetHints":{"allow":["GET"]}}],"collection":[{"href":"https:\/\/loftrunway.com\/de\/wp-json\/wp\/v2\/product"}],"about":[{"href":"https:\/\/loftrunway.com\/de\/wp-json\/wp\/v2\/types\/product"}],"replies":[{"embeddable":true,"href":"https:\/\/loftrunway.com\/de\/wp-json\/wp\/v2\/comments?post=26049"}],"wp:featuredmedia":[{"embeddable":true,"href":"https:\/\/loftrunway.com\/de\/wp-json\/wp\/v2\/media\/26050"}],"wp:attachment":[{"href":"https:\/\/loftrunway.com\/de\/wp-json\/wp\/v2\/media?parent=26049"}],"wp:term":[{"taxonomy":"product_brand","embeddable":true,"href":"https:\/\/loftrunway.com\/de\/wp-json\/wp\/v2\/product_brand?post=26049"},{"taxonomy":"product_cat","embeddable":true,"href":"https:\/\/loftrunway.com\/de\/wp-json\/wp\/v2\/product_cat?post=26049"},{"taxonomy":"product_tag","embeddable":true,"href":"https:\/\/loftrunway.com\/de\/wp-json\/wp\/v2\/product_tag?post=26049"}],"curies":[{"name":"wp","href":"https:\/\/api.w.org\/{rel}","templated":true}]}}