{"id":26584,"date":"2026-03-02T14:34:30","date_gmt":"2026-03-02T07:34:30","guid":{"rendered":"http:\/\/loftrunway.com\/product\/asics-court-ff-3-novak-white-pitch-green"},"modified":"2026-04-02T14:30:03","modified_gmt":"2026-04-02T07:30:03","slug":"asics-court-ff-3-novak-white-pitch-green","status":"publish","type":"product","link":"https:\/\/loftrunway.com\/de\/products\/asics-court-ff-3-novak-white-pitch-green\/","title":{"rendered":"ASICS Court FF 3 Novak &#8218;White Pitch Green&#8216;"},"content":{"rendered":"<p>Erleben Sie H\u00f6chstleistungen auf dem Platz mit dem ASICS Court FF 3 Novak \u201eWhite Pitch Green\u201c 1041A361-100, einem Premium-Tennisschuh, der in Zusammenarbeit mit Novak Djokovic entwickelt wurde. Dieser innovative Schuh wurde f\u00fcr ambitionierte Athleten konzipiert und bietet dank innovativer Technologie unvergleichlichen Halt, Stabilit\u00e4t und Agilit\u00e4t in intensiven Matches. Die elegante Farbkombination aus Wei\u00df und Pitch Green vereint Stil und Funktionalit\u00e4t auf elegante Weise.<\/p>\n<p>Der Schuh ist mit der FlyteFoam-Mittelsohlend\u00e4mpfung ausgestattet, die St\u00f6\u00dfe absorbiert und f\u00fcr eine reaktionsschnelle Energier\u00fcckgabe sorgt. Die GEL-Technologie im R\u00fcckfu\u00dfbereich gew\u00e4hrleistet maximale Sto\u00dfd\u00e4mpfung f\u00fcr langanhaltenden Komfort. Die Mono-Sock-Konstruktion bietet eine eng anliegende, socken\u00e4hnliche Passform, minimiert Ablenkungen und erm\u00f6glicht verbesserte Kontrolle. Die strapazierf\u00e4hige AHAR-Au\u00dfensohle wurde speziell f\u00fcr optimale Traktion und Abriebfestigkeit entwickelt und eignet sich f\u00fcr alle Bel\u00e4ge.<\/p>\n<p>Der ASICS Court FF 3 Novak wurde f\u00fcr Champions entwickelt und f\u00f6rdert durch sein TWISTRUSS-System fl\u00fcssige, explosive Bewegungen, um Ihre multidirektionale Performance zu optimieren. Egal, ob du Profi bist oder so spielen m\u00f6chtest \u201d\u201c dieser Schuh bietet die perfekte Kombination aus Komfort, Strapazierf\u00e4higkeit und Stil. Verbessere dein Spiel und bleibe mit diesem ultimativen Tennisbegleiter immer einen Schritt voraus.<\/p>\n<ul>\n<li><strong>Farbgebung:<\/strong> Wei\u00df\/Pitchgr\u00fcn<\/li>\n<li><strong>Artikelnummer:<\/strong> 1041A361-100<\/li>\n<li><strong>Obermaterial:<\/strong> Synthetik<\/li>\n<li><strong>Zwischensohle:<\/strong> FlyteFoam<\/li>\n<li><strong>Farbe:<\/strong> Wei\u00df<\/li>\n<li><strong>Erscheinungsjahr:<\/strong> 2023<\/li>\n<\/ul>\n","protected":false},"excerpt":{"rendered":"<p>ASICS Court FF 3 Novak \u201d\u201d White\/Pitch Green<\/p>\n","protected":false},"featured_media":26585,"comment_status":"open","ping_status":"closed","template":"","meta":[],"product_brand":[],"product_cat":[10792,41273],"product_tag":[10791,10751,10753,10802,11082],"class_list":{"0":"post-26584","1":"product","2":"type-product","3":"status-publish","4":"has-post-thumbnail","6":"product_cat-asics","7":"product_cat-remove","8":"product_tag-asics","9":"product_tag-best-seller","10":"product_tag-gift-for-him","11":"product_tag-performance-sport-shoes","12":"product_tag-tennis-shoes","13":"wcpa_has_options","15":"first","16":"instock","17":"taxable","18":"shipping-taxable","19":"purchasable","20":"product-type-simple"},"wcpa_form_fields":{"rules":{"pric_overide_base_price":false,"pric_overide_base_price_if_gt_zero":false,"pric_overide_base_price_fully":false,"pric_cal_option_once":false,"pric_use_as_fee":false,"bind_quantity":false,"quantity_bind_formula":false},"fields":[{"type":"color-group","required":true,"elementId":"wcpa-color-group-69a5ab08ee12d","label":"Gr\u00f6\u00dfe","inline":true,"priceOptions":"different_for_all","pricingType":"fixed","className":"hassizechart product-shoes-size-eu product-shoes-size","name":"color-group-69a5ab08ee136","disp_type":"square","selection_type":"tick-border","disp_size":"50","show_label_inside":true,"adjust_width":true,"cart_display_type":"text","other_text":"Other","cl_rule":"show","col":6,"values":[{"label":"36","value":"EU 36","price":"","pimage":"","pimage_id":"","pthumb":"","color":"","selected":true},{"label":"37","value":"EU 37","price":"","pimage":"","pimage_id":"","pthumb":"","color":""},{"label":"37.5","value":"EU 37.5","price":"","pimage":"","pimage_id":"","pthumb":"","color":""},{"label":"38","value":"EU 38","price":"","pimage":"","pimage_id":"","pthumb":"","color":""},{"label":"38.5","value":"EU 38.5","price":"","pimage":"","pimage_id":"","pthumb":"","color":""},{"label":"39","value":"EU 39","price":"","pimage":"","pimage_id":"","pthumb":"","color":""},{"label":"39.5","value":"EU 39.5","price":"","pimage":"","pimage_id":"","pthumb":"","color":""},{"label":"40","value":"EU 40","price":"","pimage":"","pimage_id":"","pthumb":"","color":""},{"label":"40.5","value":"EU 40.5","price":"","pimage":"","pimage_id":"","pthumb":"","color":""},{"label":" 41.5","value":"EU 41.5","price":"","pimage":"","pimage_id":"","pthumb":"","color":""},{"label":"42","value":"EU 42","price":"","pimage":"","pimage_id":"","pthumb":"","color":""},{"label":"42.5","value":"EU 42.5","price":"","pimage":"","pimage_id":"","pthumb":"","color":""},{"label":"43.5","value":"EU 43.5","price":"","pimage":"","pimage_id":"","pthumb":"","color":""},{"label":"44","value":"EU 44","price":"","pimage":"","pimage_id":"","pthumb":"","color":""},{"label":"44.5","value":"EU 44.5","price":"","pimage":"","pimage_id":"","pthumb":"","color":""},{"label":"45","value":"EU 45","price":"","pimage":"","pimage_id":"","pthumb":"","color":""}],"relations":[{"operator":false,"rules":[]}],"form_id":184311,"form_rules":{"pric_cal_option_once":false,"exclude_from_discount":false,"pric_use_as_fee":false,"fee_label":"Fee","render_after_acb":false,"disp_hide_options_price":false}}]},"yoast_head":"<!-- This site is optimized with the Yoast SEO plugin v26.5 - https:\/\/yoast.com\/wordpress\/plugins\/seo\/ -->\n<title>ASICS Court FF 3 Novak &#039;White Pitch Green&#039;  - Loftrunway<\/title>\n<meta name=\"robots\" content=\"index, follow, max-snippet:-1, max-image-preview:large, max-video-preview:-1\" \/>\n<link rel=\"canonical\" href=\"https:\/\/loftrunway.com\/de\/products\/asics-court-ff-3-novak-white-pitch-green\/\" \/>\n<meta property=\"og:locale\" content=\"de_DE\" \/>\n<meta property=\"og:type\" content=\"article\" \/>\n<meta property=\"og:title\" content=\"ASICS Court FF 3 Novak &#039;White Pitch Green&#039;  - Loftrunway\" \/>\n<meta property=\"og:description\" content=\"ASICS Court FF 3 Novak \u201d\u201d White\/Pitch Green\" \/>\n<meta property=\"og:url\" content=\"https:\/\/loftrunway.com\/de\/products\/asics-court-ff-3-novak-white-pitch-green\/\" \/>\n<meta property=\"og:site_name\" content=\"loftRUN Sneaker Store\" \/>\n<meta property=\"article:modified_time\" content=\"2026-04-02T07:30:03+00:00\" \/>\n<meta name=\"twitter:card\" content=\"summary_large_image\" \/>\n<meta name=\"twitter:image\" content=\"https:\/\/images.novelship.com\/product\/asics_court_ff_3_novak__white_pitch_green__1041a36_0_36992.jpeg\" \/>\n<meta name=\"twitter:label1\" content=\"Gesch\u00e4tzte Lesezeit\" \/>\n\t<meta name=\"twitter:data1\" content=\"1\u00a0Minute\" \/>\n<script type=\"application\/ld+json\" class=\"yoast-schema-graph\">{\"@context\":\"https:\/\/schema.org\",\"@graph\":[{\"@type\":\"WebPage\",\"@id\":\"https:\/\/loftrunway.com\/de\/products\/asics-court-ff-3-novak-white-pitch-green\/\",\"url\":\"https:\/\/loftrunway.com\/de\/products\/asics-court-ff-3-novak-white-pitch-green\/\",\"name\":\"ASICS Court FF 3 Novak 'White Pitch Green' - Loftrunway\",\"isPartOf\":{\"@id\":\"https:\/\/loftrunway.com\/de\/#website\"},\"primaryImageOfPage\":{\"@id\":\"https:\/\/loftrunway.com\/de\/products\/asics-court-ff-3-novak-white-pitch-green\/#primaryimage\"},\"image\":{\"@id\":\"https:\/\/loftrunway.com\/de\/products\/asics-court-ff-3-novak-white-pitch-green\/#primaryimage\"},\"thumbnailUrl\":\"https:\/\/images.novelship.com\/product\/asics_court_ff_3_novak__white_pitch_green__1041a36_0_36992.jpeg\",\"datePublished\":\"2026-03-02T07:34:30+00:00\",\"dateModified\":\"2026-04-02T07:30:03+00:00\",\"breadcrumb\":{\"@id\":\"https:\/\/loftrunway.com\/de\/products\/asics-court-ff-3-novak-white-pitch-green\/#breadcrumb\"},\"inLanguage\":\"de\",\"potentialAction\":[{\"@type\":\"ReadAction\",\"target\":[\"https:\/\/loftrunway.com\/de\/products\/asics-court-ff-3-novak-white-pitch-green\/\"]}]},{\"@type\":\"ImageObject\",\"inLanguage\":\"de\",\"@id\":\"https:\/\/loftrunway.com\/de\/products\/asics-court-ff-3-novak-white-pitch-green\/#primaryimage\",\"url\":\"https:\/\/images.novelship.com\/product\/asics_court_ff_3_novak__white_pitch_green__1041a36_0_36992.jpeg\",\"contentUrl\":\"https:\/\/images.novelship.com\/product\/asics_court_ff_3_novak__white_pitch_green__1041a36_0_36992.jpeg\"},{\"@type\":\"BreadcrumbList\",\"@id\":\"https:\/\/loftrunway.com\/de\/products\/asics-court-ff-3-novak-white-pitch-green\/#breadcrumb\",\"itemListElement\":[{\"@type\":\"ListItem\",\"position\":1,\"name\":\"Home\",\"item\":\"https:\/\/loftrunway.com\/de\/\"},{\"@type\":\"ListItem\",\"position\":2,\"name\":\"Shop\",\"item\":\"https:\/\/loftrunway.com\/de\/shop\/\"},{\"@type\":\"ListItem\",\"position\":3,\"name\":\"ASICS Court FF 3 Novak &#8218;White Pitch Green&#8216;\"}]},{\"@type\":\"WebSite\",\"@id\":\"https:\/\/loftrunway.com\/de\/#website\",\"url\":\"https:\/\/loftrunway.com\/de\/\",\"name\":\"Styloral Jewelry Shop\",\"description\":\"Der Ort, an dem man alle Arten von Sneakern findet\",\"publisher\":{\"@id\":\"https:\/\/loftrunway.com\/de\/#organization\"},\"potentialAction\":[{\"@type\":\"SearchAction\",\"target\":{\"@type\":\"EntryPoint\",\"urlTemplate\":\"https:\/\/loftrunway.com\/de\/?s={search_term_string}\"},\"query-input\":{\"@type\":\"PropertyValueSpecification\",\"valueRequired\":true,\"valueName\":\"search_term_string\"}}],\"inLanguage\":\"de\"},{\"@type\":\"Organization\",\"@id\":\"https:\/\/loftrunway.com\/de\/#organization\",\"name\":\"STYLORAL PTE. LTD\",\"url\":\"https:\/\/loftrunway.com\/de\/\",\"logo\":{\"@type\":\"ImageObject\",\"inLanguage\":\"de\",\"@id\":\"https:\/\/loftrunway.com\/de\/#\/schema\/logo\/image\/\",\"url\":\"https:\/\/www.loftrunway.com\/wp-content\/uploads\/2025\/12\/logo.png\",\"contentUrl\":\"https:\/\/www.loftrunway.com\/wp-content\/uploads\/2025\/12\/logo.png\",\"width\":200,\"height\":65,\"caption\":\"STYLORAL PTE. LTD\"},\"image\":{\"@id\":\"https:\/\/loftrunway.com\/de\/#\/schema\/logo\/image\/\"}}]}<\/script>\n<!-- \/ Yoast SEO plugin. -->","yoast_head_json":{"title":"ASICS Court FF 3 Novak 'White Pitch Green'  - Loftrunway","robots":{"index":"index","follow":"follow","max-snippet":"max-snippet:-1","max-image-preview":"max-image-preview:large","max-video-preview":"max-video-preview:-1"},"canonical":"https:\/\/loftrunway.com\/de\/products\/asics-court-ff-3-novak-white-pitch-green\/","og_locale":"de_DE","og_type":"article","og_title":"ASICS Court FF 3 Novak 'White Pitch Green'  - Loftrunway","og_description":"ASICS Court FF 3 Novak \u201d\u201d White\/Pitch Green","og_url":"https:\/\/loftrunway.com\/de\/products\/asics-court-ff-3-novak-white-pitch-green\/","og_site_name":"loftRUN Sneaker Store","article_modified_time":"2026-04-02T07:30:03+00:00","twitter_card":"summary_large_image","twitter_image":"https:\/\/images.novelship.com\/product\/asics_court_ff_3_novak__white_pitch_green__1041a36_0_36992.jpeg","twitter_misc":{"Gesch\u00e4tzte Lesezeit":"1\u00a0Minute"},"schema":{"@context":"https:\/\/schema.org","@graph":[{"@type":"WebPage","@id":"https:\/\/loftrunway.com\/de\/products\/asics-court-ff-3-novak-white-pitch-green\/","url":"https:\/\/loftrunway.com\/de\/products\/asics-court-ff-3-novak-white-pitch-green\/","name":"ASICS Court FF 3 Novak 'White Pitch Green' - Loftrunway","isPartOf":{"@id":"https:\/\/loftrunway.com\/de\/#website"},"primaryImageOfPage":{"@id":"https:\/\/loftrunway.com\/de\/products\/asics-court-ff-3-novak-white-pitch-green\/#primaryimage"},"image":{"@id":"https:\/\/loftrunway.com\/de\/products\/asics-court-ff-3-novak-white-pitch-green\/#primaryimage"},"thumbnailUrl":"https:\/\/images.novelship.com\/product\/asics_court_ff_3_novak__white_pitch_green__1041a36_0_36992.jpeg","datePublished":"2026-03-02T07:34:30+00:00","dateModified":"2026-04-02T07:30:03+00:00","breadcrumb":{"@id":"https:\/\/loftrunway.com\/de\/products\/asics-court-ff-3-novak-white-pitch-green\/#breadcrumb"},"inLanguage":"de","potentialAction":[{"@type":"ReadAction","target":["https:\/\/loftrunway.com\/de\/products\/asics-court-ff-3-novak-white-pitch-green\/"]}]},{"@type":"ImageObject","inLanguage":"de","@id":"https:\/\/loftrunway.com\/de\/products\/asics-court-ff-3-novak-white-pitch-green\/#primaryimage","url":"https:\/\/images.novelship.com\/product\/asics_court_ff_3_novak__white_pitch_green__1041a36_0_36992.jpeg","contentUrl":"https:\/\/images.novelship.com\/product\/asics_court_ff_3_novak__white_pitch_green__1041a36_0_36992.jpeg"},{"@type":"BreadcrumbList","@id":"https:\/\/loftrunway.com\/de\/products\/asics-court-ff-3-novak-white-pitch-green\/#breadcrumb","itemListElement":[{"@type":"ListItem","position":1,"name":"Home","item":"https:\/\/loftrunway.com\/de\/"},{"@type":"ListItem","position":2,"name":"Shop","item":"https:\/\/loftrunway.com\/de\/shop\/"},{"@type":"ListItem","position":3,"name":"ASICS Court FF 3 Novak &#8218;White Pitch Green&#8216;"}]},{"@type":"WebSite","@id":"https:\/\/loftrunway.com\/de\/#website","url":"https:\/\/loftrunway.com\/de\/","name":"Styloral Jewelry Shop","description":"Der Ort, an dem man alle Arten von Sneakern findet","publisher":{"@id":"https:\/\/loftrunway.com\/de\/#organization"},"potentialAction":[{"@type":"SearchAction","target":{"@type":"EntryPoint","urlTemplate":"https:\/\/loftrunway.com\/de\/?s={search_term_string}"},"query-input":{"@type":"PropertyValueSpecification","valueRequired":true,"valueName":"search_term_string"}}],"inLanguage":"de"},{"@type":"Organization","@id":"https:\/\/loftrunway.com\/de\/#organization","name":"STYLORAL PTE. LTD","url":"https:\/\/loftrunway.com\/de\/","logo":{"@type":"ImageObject","inLanguage":"de","@id":"https:\/\/loftrunway.com\/de\/#\/schema\/logo\/image\/","url":"https:\/\/www.loftrunway.com\/wp-content\/uploads\/2025\/12\/logo.png","contentUrl":"https:\/\/www.loftrunway.com\/wp-content\/uploads\/2025\/12\/logo.png","width":200,"height":65,"caption":"STYLORAL PTE. LTD"},"image":{"@id":"https:\/\/loftrunway.com\/de\/#\/schema\/logo\/image\/"}}]}},"_links":{"self":[{"href":"https:\/\/loftrunway.com\/de\/wp-json\/wp\/v2\/product\/26584","targetHints":{"allow":["GET"]}}],"collection":[{"href":"https:\/\/loftrunway.com\/de\/wp-json\/wp\/v2\/product"}],"about":[{"href":"https:\/\/loftrunway.com\/de\/wp-json\/wp\/v2\/types\/product"}],"replies":[{"embeddable":true,"href":"https:\/\/loftrunway.com\/de\/wp-json\/wp\/v2\/comments?post=26584"}],"wp:featuredmedia":[{"embeddable":true,"href":"https:\/\/loftrunway.com\/de\/wp-json\/wp\/v2\/media\/26585"}],"wp:attachment":[{"href":"https:\/\/loftrunway.com\/de\/wp-json\/wp\/v2\/media?parent=26584"}],"wp:term":[{"taxonomy":"product_brand","embeddable":true,"href":"https:\/\/loftrunway.com\/de\/wp-json\/wp\/v2\/product_brand?post=26584"},{"taxonomy":"product_cat","embeddable":true,"href":"https:\/\/loftrunway.com\/de\/wp-json\/wp\/v2\/product_cat?post=26584"},{"taxonomy":"product_tag","embeddable":true,"href":"https:\/\/loftrunway.com\/de\/wp-json\/wp\/v2\/product_tag?post=26584"}],"curies":[{"name":"wp","href":"https:\/\/api.w.org\/{rel}","templated":true}]}}